{"id":19386,"date":"2023-08-11T14:52:34","date_gmt":"2023-08-11T14:52:34","guid":{"rendered":"https:\/\/www.iceireland.com\/?page_id=19386"},"modified":"2026-03-05T15:29:02","modified_gmt":"2026-03-05T15:29:02","slug":"course-fees","status":"publish","type":"page","link":"https:\/\/www.iceireland.com\/de\/course-fees\/","title":{"rendered":"Geb\u00fchren f\u00fcr Kurse"},"content":{"rendered":"\t\t<div data-elementor-type=\"wp-page\" data-elementor-id=\"19386\" class=\"elementor elementor-19386 elementor-19385\" data-elementor-post-type=\"page\">\n\t\t\t\t\t\t<section class=\"elementor-section elementor-top-section elementor-element elementor-element-e0a1e83 elementor-section-boxed elementor-section-height-default elementor-section-height-default\" data-id=\"e0a1e83\" data-element_type=\"section\" data-e-type=\"section\">\n\t\t\t\t\t\t<div class=\"elementor-container elementor-column-gap-default\">\n\t\t\t\t\t<div class=\"elementor-column elementor-col-100 elementor-top-column elementor-element elementor-element-4aef049\" data-id=\"4aef049\" data-element_type=\"column\" data-e-type=\"column\">\n\t\t\t<div class=\"elementor-widget-wrap elementor-element-populated\">\n\t\t\t\t\t\t<div class=\"elementor-element elementor-element-6bfcd46 elementor-widget elementor-widget-image\" data-id=\"6bfcd46\" data-element_type=\"widget\" data-e-type=\"widget\" data-widget_type=\"image.default\">\n\t\t\t\t<div class=\"elementor-widget-container\">\n\t\t\t\t\t\t\t\t\t\t\t\t\t\t\t<img fetchpriority=\"high\" decoding=\"async\" width=\"721\" height=\"1024\" src=\"https:\/\/www.iceireland.com\/wp-content\/uploads\/2026\/03\/Courses-and-Fees-2026-1-721x1024.png\" class=\"attachment-large size-large wp-image-35412\" alt=\"\" srcset=\"https:\/\/www.iceireland.com\/wp-content\/uploads\/2026\/03\/Courses-and-Fees-2026-1-721x1024.png 721w, https:\/\/www.iceireland.com\/wp-content\/uploads\/2026\/03\/Courses-and-Fees-2026-1-211x300.png 211w, https:\/\/www.iceireland.com\/wp-content\/uploads\/2026\/03\/Courses-and-Fees-2026-1-768x1090.png 768w, https:\/\/www.iceireland.com\/wp-content\/uploads\/2026\/03\/Courses-and-Fees-2026-1-1082x1536.png 1082w, https:\/\/www.iceireland.com\/wp-content\/uploads\/2026\/03\/Courses-and-Fees-2026-1.png 1210w\" sizes=\"(max-width: 721px) 100vw, 721px\" \/>\t\t\t\t\t\t\t\t\t\t\t\t\t\t\t<\/div>\n\t\t\t\t<\/div>\n\t\t\t\t\t<\/div>\n\t\t<\/div>\n\t\t\t\t\t<\/div>\n\t\t<\/section>\n\t\t\t\t<section class=\"elementor-section elementor-top-section elementor-element elementor-element-76790e0 elementor-section-boxed elementor-section-height-default elementor-section-height-default\" data-id=\"76790e0\" data-element_type=\"section\" data-e-type=\"section\">\n\t\t\t\t\t\t<div class=\"elementor-container elementor-column-gap-default\">\n\t\t\t\t\t<div class=\"elementor-column elementor-col-100 elementor-top-column elementor-element elementor-element-cbe2d4b\" data-id=\"cbe2d4b\" data-element_type=\"column\" data-e-type=\"column\">\n\t\t\t<div class=\"elementor-widget-wrap elementor-element-populated\">\n\t\t\t\t\t\t<div class=\"elementor-element elementor-element-4769cb3 elementor-widget elementor-widget-spacer\" data-id=\"4769cb3\" data-element_type=\"widget\" data-e-type=\"widget\" data-widget_type=\"spacer.default\">\n\t\t\t\t<div class=\"elementor-widget-container\">\n\t\t\t\t\t\t\t<div class=\"elementor-spacer\">\n\t\t\t<div class=\"elementor-spacer-inner\"><\/div>\n\t\t<\/div>\n\t\t\t\t\t\t<\/div>\n\t\t\t\t<\/div>\n\t\t\t\t\t<\/div>\n\t\t<\/div>\n\t\t\t\t\t<\/div>\n\t\t<\/section>\n\t\t\t\t<section class=\"elementor-section elementor-top-section elementor-element elementor-element-cbc5b5e elementor-section-boxed elementor-section-height-default elementor-section-height-default\" data-id=\"cbc5b5e\" data-element_type=\"section\" data-e-type=\"section\">\n\t\t\t\t\t\t<div class=\"elementor-container elementor-column-gap-default\">\n\t\t\t\t\t<div class=\"elementor-column elementor-col-100 elementor-top-column elementor-element elementor-element-2a1b805\" data-id=\"2a1b805\" data-element_type=\"column\" data-e-type=\"column\">\n\t\t\t<div class=\"elementor-widget-wrap elementor-element-populated\">\n\t\t\t\t\t\t<div class=\"elementor-element elementor-element-b9b4300 elementor-widget elementor-widget-image\" data-id=\"b9b4300\" data-element_type=\"widget\" data-e-type=\"widget\" data-widget_type=\"image.default\">\n\t\t\t\t<div class=\"elementor-widget-container\">\n\t\t\t\t\t\t\t\t\t\t\t\t\t\t\t<img decoding=\"async\" width=\"1414\" height=\"2000\" src=\"https:\/\/www.iceireland.com\/wp-content\/uploads\/2025\/08\/ICE-Courses-and-Fees-2026-3.png\" class=\"attachment-2048x2048 size-2048x2048 wp-image-31156\" alt=\"\" srcset=\"https:\/\/www.iceireland.com\/wp-content\/uploads\/2025\/08\/ICE-Courses-and-Fees-2026-3.png 1414w, https:\/\/www.iceireland.com\/wp-content\/uploads\/2025\/08\/ICE-Courses-and-Fees-2026-3-212x300.png 212w, https:\/\/www.iceireland.com\/wp-content\/uploads\/2025\/08\/ICE-Courses-and-Fees-2026-3-724x1024.png 724w, https:\/\/www.iceireland.com\/wp-content\/uploads\/2025\/08\/ICE-Courses-and-Fees-2026-3-768x1086.png 768w, https:\/\/www.iceireland.com\/wp-content\/uploads\/2025\/08\/ICE-Courses-and-Fees-2026-3-1086x1536.png 1086w\" sizes=\"(max-width: 1414px) 100vw, 1414px\" \/>\t\t\t\t\t\t\t\t\t\t\t\t\t\t\t<\/div>\n\t\t\t\t<\/div>\n\t\t\t\t\t<\/div>\n\t\t<\/div>\n\t\t\t\t\t<\/div>\n\t\t<\/section>\n\t\t\t\t<section class=\"elementor-section elementor-top-section elementor-element elementor-element-73de154 elementor-section-boxed elementor-section-height-default elementor-section-height-default\" data-id=\"73de154\" data-element_type=\"section\" data-e-type=\"section\">\n\t\t\t\t\t\t<div class=\"elementor-container elementor-column-gap-default\">\n\t\t\t\t\t<div class=\"elementor-column elementor-col-100 elementor-top-column elementor-element elementor-element-4c627a7\" data-id=\"4c627a7\" data-element_type=\"column\" data-e-type=\"column\">\n\t\t\t<div class=\"elementor-widget-wrap elementor-element-populated\">\n\t\t\t\t\t\t<div class=\"elementor-element elementor-element-3278018 elementor-widget elementor-widget-text-editor\" data-id=\"3278018\" data-element_type=\"widget\" data-e-type=\"widget\" data-widget_type=\"text-editor.default\">\n\t\t\t\t<div class=\"elementor-widget-container\">\n\t\t\t\t\t\t\t\t\t<h3 style=\"text-align: center;\">Zus\u00e4tzliche Informationen<\/h3>\t\t\t\t\t\t\t\t<\/div>\n\t\t\t\t<\/div>\n\t\t\t\t\t<\/div>\n\t\t<\/div>\n\t\t\t\t\t<\/div>\n\t\t<\/section>\n\t\t\t\t<section class=\"elementor-section elementor-top-section elementor-element elementor-element-518b157 elementor-section-boxed elementor-section-height-default elementor-section-height-default\" data-id=\"518b157\" data-element_type=\"section\" data-e-type=\"section\">\n\t\t\t\t\t\t<div class=\"elementor-container elementor-column-gap-default\">\n\t\t\t\t\t<div class=\"elementor-column elementor-col-100 elementor-top-column elementor-element elementor-element-221a74f\" data-id=\"221a74f\" data-element_type=\"column\" data-e-type=\"column\">\n\t\t\t<div class=\"elementor-widget-wrap elementor-element-populated\">\n\t\t\t\t\t\t<div class=\"elementor-element elementor-element-af4113b elementor-widget elementor-widget-text-editor\" data-id=\"af4113b\" data-element_type=\"widget\" data-e-type=\"widget\" data-widget_type=\"text-editor.default\">\n\t\t\t\t<div class=\"elementor-widget-container\">\n\t\t\t\t\t\t\t\t\t<p style=\"text-align: center;\"><span style=\"text-decoration: underline; color: #000000;\"><a style=\"color: #000000; text-decoration: underline;\" href=\"https:\/\/www.iceireland.com\/de\/fees-subsistence-enrolment-refunds\/\">Geb\u00fchren, Aufenthaltskosten, Einschreibung &amp; R\u00fcckerstattung<\/a><\/span><\/p><p style=\"text-align: center;\"><span style=\"color: #000000;\"><a style=\"color: #000000;\" href=\"http:\/\/www.iceireland.com\/access-transfer-and-progression-junior-summer-camps\">Zugang, Transfer und Progression &#8211; Junior-Sommercamps<\/a><\/span><\/p><p style=\"text-align: center;\"><span style=\"color: #000000;\"><a style=\"font-family: var( --e-global-typography-text-font-family ), Sans-serif; font-weight: var( --e-global-typography-text-font-weight ); background-color: white; color: #000000;\" href=\"http:\/\/www.iceireland.com\/access-transfer-and-progression-adult-courses\">Zugang, Transfer und Progression &#8211; Kurse f\u00fcr Erwachsene<\/a><\/span><\/p><p style=\"text-align: center;\"><span style=\"color: #000000;\"><a style=\"font-family: var( --e-global-typography-text-font-family ), Sans-serif; font-weight: var( --e-global-typography-text-font-weight ); background-color: white; color: #000000;\" href=\"http:\/\/www.iceireland.com\/student-support-and-engagement\">Unterst\u00fctzung und Engagement f\u00fcr Studenten<\/a><\/span><\/p><p style=\"text-align: center;\"><span style=\"color: #000000;\"><a style=\"font-family: var( --e-global-typography-text-font-family ), Sans-serif; font-weight: var( --e-global-typography-text-font-weight ); background-color: white; color: #000000;\" href=\"https:\/\/www.iceireland.com\/de\/course-purpose-intended-learning-outcome-junior-students\/\">Kursziel und angestrebte Lernergebnisse &#8211; Junior Summer Camps<\/a><\/span><\/p><p style=\"text-align: center;\"><span style=\"color: #000000;\"><a style=\"font-family: var( --e-global-typography-text-font-family ), Sans-serif; font-weight: var( --e-global-typography-text-font-weight ); background-color: white; color: #000000;\" href=\"http:\/\/www.iceireland.com\/course-purpose-intended-learning-outcomes-adult-courses\/\">Kurszweck und angestrebte Lernergebnisse &#8211; Kurse f\u00fcr Erwachsene<\/a><\/span><\/p><p style=\"text-align: center;\"><span style=\"color: #000000;\"><a style=\"font-family: var( --e-global-typography-text-font-family ), Sans-serif; font-weight: var( --e-global-typography-text-font-weight ); background-color: white; color: #000000;\" href=\"https:\/\/www.iceireland.com\/de\/academic-management-and-alignment-with-the-common-european-framework-of-reference-for-languages-cefr\/\">Gemeinsamer europ\u00e4ischer Referenzrahmen f\u00fcr Sprachen (CEFR)<\/a><\/span><\/p>\t\t\t\t\t\t\t\t<\/div>\n\t\t\t\t<\/div>\n\t\t\t\t\t<\/div>\n\t\t<\/div>\n\t\t\t\t\t<\/div>\n\t\t<\/section>\n\t\t\t\t<\/div>\n\t\t","protected":false},"excerpt":{"rendered":"<p>Zus\u00e4tzliche Informationen Geb\u00fchren, Aufenthaltskosten, Einschreibung &amp; R\u00fcckerstattung Zugang, Transfer und Progression &#8211; Junior-Sommercamps Zugang, Transfer und Progression &#8211; Kurse f\u00fcr Erwachsene Unterst\u00fctzung und Engagement f\u00fcr Studenten Kursziel und angestrebte Lernergebnisse &#8211; Junior Summer Camps Kurszweck und angestrebte Lernergebnisse &#8211; Kurse f\u00fcr Erwachsene Gemeinsamer europ\u00e4ischer Referenzrahmen f\u00fcr Sprachen (CEFR)<\/p>\n","protected":false},"author":3,"featured_media":0,"parent":0,"menu_order":0,"comment_status":"closed","ping_status":"closed","template":"","meta":{"content-type":"","footnotes":""},"class_list":["post-19386","page","type-page","status-publish","hentry"],"yoast_head":"<!-- This site is optimized with the Yoast SEO plugin v27.3 - https:\/\/yoast.com\/product\/yoast-seo-wordpress\/ -->\n<title>Bester Preis-Leistungs Englisch Kurs in Dublin - Preise und Angebote 2023<\/title>\n<meta name=\"description\" content=\"Bist du auf der Suche nach den besten Englisch Kursen in Irland? Lerne Englisch im Ausland f\u00fcr einen angemessenen Preis an der Irish College of English. Besuche unsere Seite f\u00fcr alle Informationen.\" \/>\n<meta name=\"robots\" content=\"index, follow, max-snippet:-1, max-image-preview:large, max-video-preview:-1\" \/>\n<link rel=\"canonical\" href=\"https:\/\/www.iceireland.com\/de\/course-fees\/\" \/>\n<meta property=\"og:locale\" content=\"de_DE\" \/>\n<meta property=\"og:type\" content=\"article\" \/>\n<meta property=\"og:title\" content=\"Bester Preis-Leistungs Englisch Kurs in Dublin - Preise und Angebote 2023\" \/>\n<meta property=\"og:description\" content=\"Bist du auf der Suche nach den besten Englisch Kursen in Irland? Lerne Englisch im Ausland f\u00fcr einen angemessenen Preis an der Irish College of English. Besuche unsere Seite f\u00fcr alle Informationen.\" \/>\n<meta property=\"og:url\" content=\"https:\/\/www.iceireland.com\/de\/course-fees\/\" \/>\n<meta property=\"og:site_name\" content=\"Irish College of English\" \/>\n<meta property=\"article:modified_time\" content=\"2026-03-05T15:29:02+00:00\" \/>\n<meta property=\"og:image\" content=\"https:\/\/www.iceireland.com\/wp-content\/uploads\/2026\/03\/Courses-and-Fees-2026-1.png\" \/>\n\t<meta property=\"og:image:width\" content=\"1210\" \/>\n\t<meta property=\"og:image:height\" content=\"1718\" \/>\n\t<meta property=\"og:image:type\" content=\"image\/png\" \/>\n<meta name=\"twitter:label1\" content=\"Gesch\u00e4tzte Lesezeit\" \/>\n\t<meta name=\"twitter:data1\" content=\"3\u00a0Minuten\" \/>\n<script type=\"application\/ld+json\" class=\"yoast-schema-graph\">{\"@context\":\"https:\\\/\\\/schema.org\",\"@graph\":[{\"@type\":\"WebPage\",\"@id\":\"https:\\\/\\\/www.iceireland.com\\\/de\\\/course-fees\\\/\",\"url\":\"https:\\\/\\\/www.iceireland.com\\\/de\\\/course-fees\\\/\",\"name\":\"Bester Preis-Leistungs Englisch Kurs in Dublin - Preise und Angebote 2023\",\"isPartOf\":{\"@id\":\"https:\\\/\\\/www.iceireland.com\\\/de\\\/#website\"},\"primaryImageOfPage\":{\"@id\":\"https:\\\/\\\/www.iceireland.com\\\/de\\\/course-fees\\\/#primaryimage\"},\"image\":{\"@id\":\"https:\\\/\\\/www.iceireland.com\\\/de\\\/course-fees\\\/#primaryimage\"},\"thumbnailUrl\":\"https:\\\/\\\/www.iceireland.com\\\/wp-content\\\/uploads\\\/2026\\\/03\\\/Courses-and-Fees-2026-1-721x1024.png\",\"datePublished\":\"2023-08-11T14:52:34+00:00\",\"dateModified\":\"2026-03-05T15:29:02+00:00\",\"description\":\"Bist du auf der Suche nach den besten Englisch Kursen in Irland? Lerne Englisch im Ausland f\u00fcr einen angemessenen Preis an der Irish College of English. Besuche unsere Seite f\u00fcr alle Informationen.\",\"breadcrumb\":{\"@id\":\"https:\\\/\\\/www.iceireland.com\\\/de\\\/course-fees\\\/#breadcrumb\"},\"inLanguage\":\"de\",\"potentialAction\":[{\"@type\":\"ReadAction\",\"target\":[\"https:\\\/\\\/www.iceireland.com\\\/de\\\/course-fees\\\/\"]}]},{\"@type\":\"ImageObject\",\"inLanguage\":\"de\",\"@id\":\"https:\\\/\\\/www.iceireland.com\\\/de\\\/course-fees\\\/#primaryimage\",\"url\":\"https:\\\/\\\/www.iceireland.com\\\/wp-content\\\/uploads\\\/2026\\\/03\\\/Courses-and-Fees-2026-1-721x1024.png\",\"contentUrl\":\"https:\\\/\\\/www.iceireland.com\\\/wp-content\\\/uploads\\\/2026\\\/03\\\/Courses-and-Fees-2026-1-721x1024.png\"},{\"@type\":\"BreadcrumbList\",\"@id\":\"https:\\\/\\\/www.iceireland.com\\\/de\\\/course-fees\\\/#breadcrumb\",\"itemListElement\":[{\"@type\":\"ListItem\",\"position\":1,\"name\":\"Home\",\"item\":\"https:\\\/\\\/www.iceireland.com\\\/de\\\/\"},{\"@type\":\"ListItem\",\"position\":2,\"name\":\"Geb\u00fchren f\u00fcr Kurse\"}]},{\"@type\":\"WebSite\",\"@id\":\"https:\\\/\\\/www.iceireland.com\\\/de\\\/#website\",\"url\":\"https:\\\/\\\/www.iceireland.com\\\/de\\\/\",\"name\":\"Irish College of English\",\"description\":\"English School in Dublin, Malahide\",\"publisher\":{\"@id\":\"https:\\\/\\\/www.iceireland.com\\\/de\\\/#organization\"},\"potentialAction\":[{\"@type\":\"SearchAction\",\"target\":{\"@type\":\"EntryPoint\",\"urlTemplate\":\"https:\\\/\\\/www.iceireland.com\\\/de\\\/?s={search_term_string}\"},\"query-input\":{\"@type\":\"PropertyValueSpecification\",\"valueRequired\":true,\"valueName\":\"search_term_string\"}}],\"inLanguage\":\"de\"},{\"@type\":\"Organization\",\"@id\":\"https:\\\/\\\/www.iceireland.com\\\/de\\\/#organization\",\"name\":\"Irish College of English\",\"url\":\"https:\\\/\\\/www.iceireland.com\\\/de\\\/\",\"logo\":{\"@type\":\"ImageObject\",\"inLanguage\":\"de\",\"@id\":\"https:\\\/\\\/www.iceireland.com\\\/de\\\/#\\\/schema\\\/logo\\\/image\\\/\",\"url\":\"https:\\\/\\\/www.iceireland.com\\\/wp-content\\\/uploads\\\/2022\\\/03\\\/logo.png\",\"contentUrl\":\"https:\\\/\\\/www.iceireland.com\\\/wp-content\\\/uploads\\\/2022\\\/03\\\/logo.png\",\"width\":593,\"height\":92,\"caption\":\"Irish College of English\"},\"image\":{\"@id\":\"https:\\\/\\\/www.iceireland.com\\\/de\\\/#\\\/schema\\\/logo\\\/image\\\/\"}}]}<\/script>\n<!-- \/ Yoast SEO plugin. -->","yoast_head_json":{"title":"Bester Preis-Leistungs Englisch Kurs in Dublin - Preise und Angebote 2023","description":"Bist du auf der Suche nach den besten Englisch Kursen in Irland? Lerne Englisch im Ausland f\u00fcr einen angemessenen Preis an der Irish College of English. Besuche unsere Seite f\u00fcr alle Informationen.","robots":{"index":"index","follow":"follow","max-snippet":"max-snippet:-1","max-image-preview":"max-image-preview:large","max-video-preview":"max-video-preview:-1"},"canonical":"https:\/\/www.iceireland.com\/de\/course-fees\/","og_locale":"de_DE","og_type":"article","og_title":"Bester Preis-Leistungs Englisch Kurs in Dublin - Preise und Angebote 2023","og_description":"Bist du auf der Suche nach den besten Englisch Kursen in Irland? Lerne Englisch im Ausland f\u00fcr einen angemessenen Preis an der Irish College of English. Besuche unsere Seite f\u00fcr alle Informationen.","og_url":"https:\/\/www.iceireland.com\/de\/course-fees\/","og_site_name":"Irish College of English","article_modified_time":"2026-03-05T15:29:02+00:00","og_image":[{"width":1210,"height":1718,"url":"https:\/\/www.iceireland.com\/wp-content\/uploads\/2026\/03\/Courses-and-Fees-2026-1.png","type":"image\/png"}],"twitter_misc":{"Gesch\u00e4tzte Lesezeit":"3\u00a0Minuten"},"schema":{"@context":"https:\/\/schema.org","@graph":[{"@type":"WebPage","@id":"https:\/\/www.iceireland.com\/de\/course-fees\/","url":"https:\/\/www.iceireland.com\/de\/course-fees\/","name":"Bester Preis-Leistungs Englisch Kurs in Dublin - Preise und Angebote 2023","isPartOf":{"@id":"https:\/\/www.iceireland.com\/de\/#website"},"primaryImageOfPage":{"@id":"https:\/\/www.iceireland.com\/de\/course-fees\/#primaryimage"},"image":{"@id":"https:\/\/www.iceireland.com\/de\/course-fees\/#primaryimage"},"thumbnailUrl":"https:\/\/www.iceireland.com\/wp-content\/uploads\/2026\/03\/Courses-and-Fees-2026-1-721x1024.png","datePublished":"2023-08-11T14:52:34+00:00","dateModified":"2026-03-05T15:29:02+00:00","description":"Bist du auf der Suche nach den besten Englisch Kursen in Irland? Lerne Englisch im Ausland f\u00fcr einen angemessenen Preis an der Irish College of English. Besuche unsere Seite f\u00fcr alle Informationen.","breadcrumb":{"@id":"https:\/\/www.iceireland.com\/de\/course-fees\/#breadcrumb"},"inLanguage":"de","potentialAction":[{"@type":"ReadAction","target":["https:\/\/www.iceireland.com\/de\/course-fees\/"]}]},{"@type":"ImageObject","inLanguage":"de","@id":"https:\/\/www.iceireland.com\/de\/course-fees\/#primaryimage","url":"https:\/\/www.iceireland.com\/wp-content\/uploads\/2026\/03\/Courses-and-Fees-2026-1-721x1024.png","contentUrl":"https:\/\/www.iceireland.com\/wp-content\/uploads\/2026\/03\/Courses-and-Fees-2026-1-721x1024.png"},{"@type":"BreadcrumbList","@id":"https:\/\/www.iceireland.com\/de\/course-fees\/#breadcrumb","itemListElement":[{"@type":"ListItem","position":1,"name":"Home","item":"https:\/\/www.iceireland.com\/de\/"},{"@type":"ListItem","position":2,"name":"Geb\u00fchren f\u00fcr Kurse"}]},{"@type":"WebSite","@id":"https:\/\/www.iceireland.com\/de\/#website","url":"https:\/\/www.iceireland.com\/de\/","name":"Irish College of English","description":"English School in Dublin, Malahide","publisher":{"@id":"https:\/\/www.iceireland.com\/de\/#organization"},"potentialAction":[{"@type":"SearchAction","target":{"@type":"EntryPoint","urlTemplate":"https:\/\/www.iceireland.com\/de\/?s={search_term_string}"},"query-input":{"@type":"PropertyValueSpecification","valueRequired":true,"valueName":"search_term_string"}}],"inLanguage":"de"},{"@type":"Organization","@id":"https:\/\/www.iceireland.com\/de\/#organization","name":"Irish College of English","url":"https:\/\/www.iceireland.com\/de\/","logo":{"@type":"ImageObject","inLanguage":"de","@id":"https:\/\/www.iceireland.com\/de\/#\/schema\/logo\/image\/","url":"https:\/\/www.iceireland.com\/wp-content\/uploads\/2022\/03\/logo.png","contentUrl":"https:\/\/www.iceireland.com\/wp-content\/uploads\/2022\/03\/logo.png","width":593,"height":92,"caption":"Irish College of English"},"image":{"@id":"https:\/\/www.iceireland.com\/de\/#\/schema\/logo\/image\/"}}]}},"_links":{"self":[{"href":"https:\/\/www.iceireland.com\/de\/wp-json\/wp\/v2\/pages\/19386","targetHints":{"allow":["GET"]}}],"collection":[{"href":"https:\/\/www.iceireland.com\/de\/wp-json\/wp\/v2\/pages"}],"about":[{"href":"https:\/\/www.iceireland.com\/de\/wp-json\/wp\/v2\/types\/page"}],"author":[{"embeddable":true,"href":"https:\/\/www.iceireland.com\/de\/wp-json\/wp\/v2\/users\/3"}],"replies":[{"embeddable":true,"href":"https:\/\/www.iceireland.com\/de\/wp-json\/wp\/v2\/comments?post=19386"}],"version-history":[{"count":13,"href":"https:\/\/www.iceireland.com\/de\/wp-json\/wp\/v2\/pages\/19386\/revisions"}],"predecessor-version":[{"id":35451,"href":"https:\/\/www.iceireland.com\/de\/wp-json\/wp\/v2\/pages\/19386\/revisions\/35451"}],"wp:attachment":[{"href":"https:\/\/www.iceireland.com\/de\/wp-json\/wp\/v2\/media?parent=19386"}],"curies":[{"name":"wp","href":"https:\/\/api.w.org\/{rel}","templated":true}]}}