{"id":31897,"date":"2014-10-20T08:40:07","date_gmt":"2014-10-20T08:40:07","guid":{"rendered":"https:\/\/www.iceireland.com\/study-english-in-ireland\/"},"modified":"2014-10-20T08:40:07","modified_gmt":"2014-10-20T08:40:07","slug":"study-english-in-ireland","status":"publish","type":"page","link":"https:\/\/www.iceireland.com\/de\/study-english-in-ireland\/","title":{"rendered":"Lerne Englisch in Irland"},"content":{"rendered":"<h2>Lerne Englisch in Irland<\/h2>\n<p>Unsere Filiale in Malahide ist nur 20 Minuten vom <strong>Stadtzentrum Dublins<\/strong> und 10 Minuten vom Flughafen Dublin entfernt. Das Irish College of English ist sehr g\u00fcnstig gelegen und leicht zu erreichen, um Englisch zu lernen und die Zeit in Dublin zu genie\u00dfen. Dublin ist eine der <strong>freundlichsten Hauptst\u00e4dte der Welt<\/strong> und ein gro\u00dfartiger Ort, um dort zu leben.  <\/p>\n<p><strong>Hohe englische Bildungsstandards<\/strong><\/p>\n<p>Irland ist ein gro\u00dfartiger Ort, um Englisch zu lernen und ist bekannt als ein gastfreundliches und freundliches Land. Irland ist bekannt f\u00fcr seine <strong>hohen Standards in der englischen Sprachausbildung<\/strong> und die Qualit\u00e4t der Bildung. Das Irish College of English ist ein f\u00fchrender Bildungsanbieter mit zwei vom Bildungsministerium anerkannten Niederlassungen in Dublin und Mitglied der MEI.  <\/p>\n<p><strong>Der irische Akzent<\/strong><\/p>\n<p>Der irische Akzent, insbesondere der Dubliner Akzent, ist <strong>klar und leicht zu verstehen<\/strong>. Das macht Ihr Englischstudium einfacher und angenehmer, wenn Sie die Sprache t\u00e4glich mit Einheimischen sprechen, und zwar bei jedem Sprachaufenthalt in Dublin. <\/p>\n<p><strong>Erfrischende Landschaften<\/strong><\/p>\n<p>Die erfrischende Sch\u00f6nheit der nat\u00fcrlich gr\u00fcnen Landschaft ist ein weiterer Grund, sich f\u00fcr einen Englischkurs in Irland zu entscheiden. Die unber\u00fchrte Landschaft, die langen Sandstr\u00e4nde, die spektakul\u00e4re K\u00fcste, die Seen, die H\u00fcgel und die malerischen D\u00f6rfer machen Irland zu einem unumg\u00e4nglichen Reiseziel. Irland hat in den letzten 20 Jahren ein schnelles Wachstum erlebt und bietet erstklassige Einrichtungen und Dienstleistungen. Trotz dieses Wandels hat es seine besondere Identit\u00e4t, seine Kultur und seinen Sinn f\u00fcr traditionelle Werte nicht verloren.   <\/p>\n<p><strong>Herzliche Begr\u00fc\u00dfung<\/strong><\/p>\n<p>Lernen Sie Englisch in Irland und machen Sie eine unvergleichliche Erfahrung &#8211; Irland hat ein d\u00f6rfliches Flair und die Menschen sind freundlich und hilfsbereit gegen\u00fcber Fremdsprachensch\u00fclern und Junioren. Dublin ist eine der aufregendsten Hauptst\u00e4dte Europas. Sie ist lebhaft und pulsierend und hat eine junge Bev\u00f6lkerung. Das sorgt f\u00fcr eine sehr lebendige soziale Szene. Dublin ist bekannt f\u00fcr seinen Reichtum an Kultur und Musik. An jeder Ecke gibt es einen lebhaften Pub oder Club, wo Sie ein Pint Guinness genie\u00dfen und traditioneller Musik lauschen k\u00f6nnen.     <\/p>\n<p>Die Stadt beherbergt das ber\u00fchmte Trinity College, die Nationalmuseen, die National Gallery und die Temple Bar, die f\u00fcr Unterhaltung sorgen. Shoppingbegeisterte werden das Einkaufserlebnis in Dublin wirklich genie\u00dfen. Das Meer, die Berge und die Landschaft sind alle innerhalb einer Autostunde vom Stadtzentrum entfernt und mit \u00f6ffentlichen Verkehrsmitteln erreichbar. Dublins Theater sind weltweit ber\u00fchmt und die National Concert Hall bietet f\u00fcr jeden Musikgeschmack etwas. Sportarten wie Golf, Tennis und Reiten sind in der N\u00e4he der Stadt leicht zu erreichen. Und nicht zu vergessen, unser Willkommensgru\u00df. Obwohl Dublin eine Hauptstadt ist, f\u00fchlt sie sich im Gegensatz zu anderen St\u00e4dten klein und sicher an, es ist einfach, sich fortzubewegen und Sie werden sich sehr schnell wie zu Hause f\u00fchlen.     <\/p>\n<p>&nbsp;<\/p>\n<p><a href=\"http:\/\/bit.ly\/30uWaD3\"><img fetchpriority=\"high\" decoding=\"async\" class=\"alignleft wp-image-5111\" style=\"margin-right: 25px;\" src=\"https:\/\/www.iceireland.com\/wp-content\/uploads\/2019\/09\/3-2-182x300.jpg\" alt=\"\" width=\"212\" height=\"350\" srcset=\"https:\/\/www.iceireland.com\/wp-content\/uploads\/2019\/09\/3-2-182x300.jpg 182w, https:\/\/www.iceireland.com\/wp-content\/uploads\/2019\/09\/3-2.jpg 424w\" sizes=\"(max-width: 212px) 100vw, 212px\" \/><\/a> <a href=\"http:\/\/bit.ly\/2kwaCet\"><img decoding=\"async\" class=\"alignleft wp-image-5110\" style=\"margin-right: 25px;\" src=\"https:\/\/www.iceireland.com\/wp-content\/uploads\/2019\/09\/junior-summer-camp-in-dublin-150x150.jpg\" alt=\"\" width=\"212\" height=\"350\"><\/a> <a href=\"http:\/\/bit.ly\/2P6BBvt\"><img decoding=\"async\" class=\"alignleft wp-image-5109\" style=\"margin-right: 25px;\" src=\"https:\/\/www.iceireland.com\/wp-content\/uploads\/2019\/09\/1-1-182x300.jpg\" alt=\"\" width=\"212\" height=\"350\" srcset=\"https:\/\/www.iceireland.com\/wp-content\/uploads\/2019\/09\/1-1-182x300.jpg 182w, https:\/\/www.iceireland.com\/wp-content\/uploads\/2019\/09\/1-1.jpg 424w\" sizes=\"(max-width: 212px) 100vw, 212px\" \/><\/a> <a href=\"https:\/\/www.iceireland.com\/wp-content\/uploads\/2019\/08\/English-Courses-and-Fees-2021.pdf\"><img loading=\"lazy\" decoding=\"async\" class=\"alignleft wp-image-5112\" style=\"margin-right: 25px;\" src=\"https:\/\/www.iceireland.com\/wp-content\/uploads\/2019\/09\/english-courses-dublin-182x300.jpg\" alt=\"\" width=\"212\" height=\"350\" srcset=\"https:\/\/www.iceireland.com\/wp-content\/uploads\/2019\/09\/english-courses-dublin-182x300.jpg 182w, https:\/\/www.iceireland.com\/wp-content\/uploads\/2019\/09\/english-courses-dublin.jpg 424w\" sizes=\"(max-width: 212px) 100vw, 212px\" \/><\/a> <a href=\"mailto:info@iceireland.com\"><img loading=\"lazy\" decoding=\"async\" class=\"alignleft wp-image-4832\" src=\"https:\/\/www.iceireland.com\/wp-content\/uploads\/2019\/08\/BOOK-NOW-e1567611851930.jpg\" alt=\"\" width=\"212\" height=\"300\"><\/a><\/p>\n<p>&nbsp;<\/p>\n<p>&nbsp;<\/p>\n<p>&nbsp;<\/p>\n<p>&nbsp;<\/p>\n<p>&nbsp;<\/p>\n","protected":false},"excerpt":{"rendered":"<p>Lerne Englisch in Irland Unsere Filiale in Malahide ist nur 20 Minuten vom Stadtzentrum Dublins und 10 Minuten vom Flughafen Dublin entfernt. Das Irish College of English ist sehr g\u00fcnstig gelegen und leicht zu erreichen, um Englisch zu lernen und die Zeit in Dublin zu genie\u00dfen. Dublin ist eine der freundlichsten Hauptst\u00e4dte der Welt und [&hellip;]<\/p>\n","protected":false},"author":1,"featured_media":0,"parent":0,"menu_order":0,"comment_status":"open","ping_status":"closed","template":"","meta":{"content-type":"","footnotes":""},"class_list":["post-31897","page","type-page","status-publish","hentry"],"yoast_head":"<!-- This site is optimized with the Yoast SEO plugin v27.3 - https:\/\/yoast.com\/product\/yoast-seo-wordpress\/ -->\n<title>Englisch lernen in Irland am Irish College of English - Malahide, Dublin<\/title>\n<meta name=\"description\" content=\"Ein einladendes und freundliches Land, bekannt f\u00fcr seine hohen Standards im Englischunterricht. Tauchen Sie vollst\u00e4ndig in die englische Sprache ein, w\u00e4hlen Sie Irland, w\u00e4hlen Sie uns.\" \/>\n<meta name=\"robots\" content=\"index, follow, max-snippet:-1, max-image-preview:large, max-video-preview:-1\" \/>\n<link rel=\"canonical\" href=\"https:\/\/www.iceireland.com\/de\/study-english-in-ireland\/\" \/>\n<meta property=\"og:locale\" content=\"de_DE\" \/>\n<meta property=\"og:type\" content=\"article\" \/>\n<meta property=\"og:title\" content=\"Englisch lernen in Irland am Irish College of English - Malahide, Dublin\" \/>\n<meta property=\"og:description\" content=\"Ein einladendes und freundliches Land, bekannt f\u00fcr seine hohen Standards im Englischunterricht. Tauchen Sie vollst\u00e4ndig in die englische Sprache ein, w\u00e4hlen Sie Irland, w\u00e4hlen Sie uns.\" \/>\n<meta property=\"og:url\" content=\"https:\/\/www.iceireland.com\/de\/study-english-in-ireland\/\" \/>\n<meta property=\"og:site_name\" content=\"Irish College of English\" \/>\n<meta property=\"og:image\" content=\"https:\/\/www.iceireland.com\/wp-content\/uploads\/2019\/09\/3-2.jpg\" \/>\n\t<meta property=\"og:image:width\" content=\"424\" \/>\n\t<meta property=\"og:image:height\" content=\"700\" \/>\n\t<meta property=\"og:image:type\" content=\"image\/jpeg\" \/>\n<meta name=\"twitter:label1\" content=\"Gesch\u00e4tzte Lesezeit\" \/>\n\t<meta name=\"twitter:data1\" content=\"2\u00a0Minuten\" \/>\n<script type=\"application\/ld+json\" class=\"yoast-schema-graph\">{\"@context\":\"https:\\\/\\\/schema.org\",\"@graph\":[{\"@type\":\"WebPage\",\"@id\":\"https:\\\/\\\/www.iceireland.com\\\/de\\\/study-english-in-ireland\\\/\",\"url\":\"https:\\\/\\\/www.iceireland.com\\\/de\\\/study-english-in-ireland\\\/\",\"name\":\"Englisch lernen in Irland am Irish College of English - Malahide, Dublin\",\"isPartOf\":{\"@id\":\"https:\\\/\\\/www.iceireland.com\\\/de\\\/#website\"},\"primaryImageOfPage\":{\"@id\":\"https:\\\/\\\/www.iceireland.com\\\/de\\\/study-english-in-ireland\\\/#primaryimage\"},\"image\":{\"@id\":\"https:\\\/\\\/www.iceireland.com\\\/de\\\/study-english-in-ireland\\\/#primaryimage\"},\"thumbnailUrl\":\"https:\\\/\\\/www.iceireland.com\\\/wp-content\\\/uploads\\\/2019\\\/09\\\/3-2-182x300.jpg\",\"datePublished\":\"2014-10-20T08:40:07+00:00\",\"description\":\"Ein einladendes und freundliches Land, bekannt f\u00fcr seine hohen Standards im Englischunterricht. Tauchen Sie vollst\u00e4ndig in die englische Sprache ein, w\u00e4hlen Sie Irland, w\u00e4hlen Sie uns.\",\"breadcrumb\":{\"@id\":\"https:\\\/\\\/www.iceireland.com\\\/de\\\/study-english-in-ireland\\\/#breadcrumb\"},\"inLanguage\":\"de\",\"potentialAction\":[{\"@type\":\"ReadAction\",\"target\":[\"https:\\\/\\\/www.iceireland.com\\\/de\\\/study-english-in-ireland\\\/\"]}]},{\"@type\":\"ImageObject\",\"inLanguage\":\"de\",\"@id\":\"https:\\\/\\\/www.iceireland.com\\\/de\\\/study-english-in-ireland\\\/#primaryimage\",\"url\":\"https:\\\/\\\/www.iceireland.com\\\/wp-content\\\/uploads\\\/2019\\\/09\\\/3-2-182x300.jpg\",\"contentUrl\":\"https:\\\/\\\/www.iceireland.com\\\/wp-content\\\/uploads\\\/2019\\\/09\\\/3-2-182x300.jpg\"},{\"@type\":\"BreadcrumbList\",\"@id\":\"https:\\\/\\\/www.iceireland.com\\\/de\\\/study-english-in-ireland\\\/#breadcrumb\",\"itemListElement\":[{\"@type\":\"ListItem\",\"position\":1,\"name\":\"Home\",\"item\":\"https:\\\/\\\/www.iceireland.com\\\/de\\\/\"},{\"@type\":\"ListItem\",\"position\":2,\"name\":\"Lerne Englisch in Irland\"}]},{\"@type\":\"WebSite\",\"@id\":\"https:\\\/\\\/www.iceireland.com\\\/de\\\/#website\",\"url\":\"https:\\\/\\\/www.iceireland.com\\\/de\\\/\",\"name\":\"Irish College of English\",\"description\":\"English School in Dublin, Malahide\",\"publisher\":{\"@id\":\"https:\\\/\\\/www.iceireland.com\\\/de\\\/#organization\"},\"potentialAction\":[{\"@type\":\"SearchAction\",\"target\":{\"@type\":\"EntryPoint\",\"urlTemplate\":\"https:\\\/\\\/www.iceireland.com\\\/de\\\/?s={search_term_string}\"},\"query-input\":{\"@type\":\"PropertyValueSpecification\",\"valueRequired\":true,\"valueName\":\"search_term_string\"}}],\"inLanguage\":\"de\"},{\"@type\":\"Organization\",\"@id\":\"https:\\\/\\\/www.iceireland.com\\\/de\\\/#organization\",\"name\":\"Irish College of English\",\"url\":\"https:\\\/\\\/www.iceireland.com\\\/de\\\/\",\"logo\":{\"@type\":\"ImageObject\",\"inLanguage\":\"de\",\"@id\":\"https:\\\/\\\/www.iceireland.com\\\/de\\\/#\\\/schema\\\/logo\\\/image\\\/\",\"url\":\"https:\\\/\\\/www.iceireland.com\\\/wp-content\\\/uploads\\\/2022\\\/03\\\/logo.png\",\"contentUrl\":\"https:\\\/\\\/www.iceireland.com\\\/wp-content\\\/uploads\\\/2022\\\/03\\\/logo.png\",\"width\":593,\"height\":92,\"caption\":\"Irish College of English\"},\"image\":{\"@id\":\"https:\\\/\\\/www.iceireland.com\\\/de\\\/#\\\/schema\\\/logo\\\/image\\\/\"}}]}<\/script>\n<!-- \/ Yoast SEO plugin. -->","yoast_head_json":{"title":"Englisch lernen in Irland am Irish College of English - Malahide, Dublin","description":"Ein einladendes und freundliches Land, bekannt f\u00fcr seine hohen Standards im Englischunterricht. Tauchen Sie vollst\u00e4ndig in die englische Sprache ein, w\u00e4hlen Sie Irland, w\u00e4hlen Sie uns.","robots":{"index":"index","follow":"follow","max-snippet":"max-snippet:-1","max-image-preview":"max-image-preview:large","max-video-preview":"max-video-preview:-1"},"canonical":"https:\/\/www.iceireland.com\/de\/study-english-in-ireland\/","og_locale":"de_DE","og_type":"article","og_title":"Englisch lernen in Irland am Irish College of English - Malahide, Dublin","og_description":"Ein einladendes und freundliches Land, bekannt f\u00fcr seine hohen Standards im Englischunterricht. Tauchen Sie vollst\u00e4ndig in die englische Sprache ein, w\u00e4hlen Sie Irland, w\u00e4hlen Sie uns.","og_url":"https:\/\/www.iceireland.com\/de\/study-english-in-ireland\/","og_site_name":"Irish College of English","og_image":[{"width":424,"height":700,"url":"https:\/\/www.iceireland.com\/wp-content\/uploads\/2019\/09\/3-2.jpg","type":"image\/jpeg"}],"twitter_misc":{"Gesch\u00e4tzte Lesezeit":"2\u00a0Minuten"},"schema":{"@context":"https:\/\/schema.org","@graph":[{"@type":"WebPage","@id":"https:\/\/www.iceireland.com\/de\/study-english-in-ireland\/","url":"https:\/\/www.iceireland.com\/de\/study-english-in-ireland\/","name":"Englisch lernen in Irland am Irish College of English - Malahide, Dublin","isPartOf":{"@id":"https:\/\/www.iceireland.com\/de\/#website"},"primaryImageOfPage":{"@id":"https:\/\/www.iceireland.com\/de\/study-english-in-ireland\/#primaryimage"},"image":{"@id":"https:\/\/www.iceireland.com\/de\/study-english-in-ireland\/#primaryimage"},"thumbnailUrl":"https:\/\/www.iceireland.com\/wp-content\/uploads\/2019\/09\/3-2-182x300.jpg","datePublished":"2014-10-20T08:40:07+00:00","description":"Ein einladendes und freundliches Land, bekannt f\u00fcr seine hohen Standards im Englischunterricht. Tauchen Sie vollst\u00e4ndig in die englische Sprache ein, w\u00e4hlen Sie Irland, w\u00e4hlen Sie uns.","breadcrumb":{"@id":"https:\/\/www.iceireland.com\/de\/study-english-in-ireland\/#breadcrumb"},"inLanguage":"de","potentialAction":[{"@type":"ReadAction","target":["https:\/\/www.iceireland.com\/de\/study-english-in-ireland\/"]}]},{"@type":"ImageObject","inLanguage":"de","@id":"https:\/\/www.iceireland.com\/de\/study-english-in-ireland\/#primaryimage","url":"https:\/\/www.iceireland.com\/wp-content\/uploads\/2019\/09\/3-2-182x300.jpg","contentUrl":"https:\/\/www.iceireland.com\/wp-content\/uploads\/2019\/09\/3-2-182x300.jpg"},{"@type":"BreadcrumbList","@id":"https:\/\/www.iceireland.com\/de\/study-english-in-ireland\/#breadcrumb","itemListElement":[{"@type":"ListItem","position":1,"name":"Home","item":"https:\/\/www.iceireland.com\/de\/"},{"@type":"ListItem","position":2,"name":"Lerne Englisch in Irland"}]},{"@type":"WebSite","@id":"https:\/\/www.iceireland.com\/de\/#website","url":"https:\/\/www.iceireland.com\/de\/","name":"Irish College of English","description":"English School in Dublin, Malahide","publisher":{"@id":"https:\/\/www.iceireland.com\/de\/#organization"},"potentialAction":[{"@type":"SearchAction","target":{"@type":"EntryPoint","urlTemplate":"https:\/\/www.iceireland.com\/de\/?s={search_term_string}"},"query-input":{"@type":"PropertyValueSpecification","valueRequired":true,"valueName":"search_term_string"}}],"inLanguage":"de"},{"@type":"Organization","@id":"https:\/\/www.iceireland.com\/de\/#organization","name":"Irish College of English","url":"https:\/\/www.iceireland.com\/de\/","logo":{"@type":"ImageObject","inLanguage":"de","@id":"https:\/\/www.iceireland.com\/de\/#\/schema\/logo\/image\/","url":"https:\/\/www.iceireland.com\/wp-content\/uploads\/2022\/03\/logo.png","contentUrl":"https:\/\/www.iceireland.com\/wp-content\/uploads\/2022\/03\/logo.png","width":593,"height":92,"caption":"Irish College of English"},"image":{"@id":"https:\/\/www.iceireland.com\/de\/#\/schema\/logo\/image\/"}}]}},"_links":{"self":[{"href":"https:\/\/www.iceireland.com\/de\/wp-json\/wp\/v2\/pages\/31897","targetHints":{"allow":["GET"]}}],"collection":[{"href":"https:\/\/www.iceireland.com\/de\/wp-json\/wp\/v2\/pages"}],"about":[{"href":"https:\/\/www.iceireland.com\/de\/wp-json\/wp\/v2\/types\/page"}],"author":[{"embeddable":true,"href":"https:\/\/www.iceireland.com\/de\/wp-json\/wp\/v2\/users\/1"}],"replies":[{"embeddable":true,"href":"https:\/\/www.iceireland.com\/de\/wp-json\/wp\/v2\/comments?post=31897"}],"version-history":[{"count":0,"href":"https:\/\/www.iceireland.com\/de\/wp-json\/wp\/v2\/pages\/31897\/revisions"}],"wp:attachment":[{"href":"https:\/\/www.iceireland.com\/de\/wp-json\/wp\/v2\/media?parent=31897"}],"curies":[{"name":"wp","href":"https:\/\/api.w.org\/{rel}","templated":true}]}}