{"id":31900,"date":"2014-10-20T08:44:14","date_gmt":"2014-10-20T08:44:14","guid":{"rendered":"https:\/\/www.iceireland.com\/homestay-ireland\/"},"modified":"2014-10-20T08:44:14","modified_gmt":"2014-10-20T08:44:14","slug":"homestay-ireland","status":"publish","type":"page","link":"https:\/\/www.iceireland.com\/de\/homestay-ireland\/","title":{"rendered":"Home Stay Irland &amp; Wohnunterk\u00fcnfte"},"content":{"rendered":"<h2>Unterkunft in einer Gastfamilie<\/h2>\n<blockquote>\n<h4><span style=\"color: #808080;\">Hochwertige, freundliche und einladende Gastfamilien, die alle <strong>zu Fu\u00df oder mit dem Bus<\/strong> von unserer Schule aus zu erreichen sind<br \/>\n<\/span><\/h4>\n<h4><span style=\"color: #808080;\">Wir garantieren nur eine Nationalit\u00e4t bei jeder Gastfamilie, die meisten Gastfamilien nehmen 2-3 Studenten auf.<br \/>\n<\/span><\/h4>\n<h4><span style=\"color: #808080;\">Unterkunft f\u00fcr Erwachsene und junge Studenten in Gastfamilien das ganze Jahr \u00fcber verf\u00fcgbar<br \/>\n<\/span><\/h4>\n<h4><span style=\"color: #808080;\">Ganzj\u00e4hriger Gastfamilien-Koordinator, der die Qualit\u00e4t und die Gastfamilien-Charta sicherstellt<\/span><\/h4>\n<\/blockquote>\n<p>&nbsp;<\/p>\n<p><strong>Qualitativ hochwertige Gastfamilienaufenthalte mit dem Irish College of English<\/strong>. Freundliche und einladende irische Gastfamilien mit komfortablen Zimmern in fu\u00dfl\u00e4ufiger Entfernung zu unseren Englischschulen. <\/p>\n<p>Die <strong>Unterbringung in einer Gastfamilie <\/strong>wird f\u00fcr Studenten arrangiert, die bei einer irischen Familie leben m\u00f6chten, um einen<strong> echten Sprachaufenthalt in Irland zu verbringen<\/strong>. Die Iren haben eine Tradition der Gastfreundschaft und Herzlichkeit. Diese Tradition ist in der ganzen Welt bekannt und hat dazu beigetragen, dass Tausende von Studenten Englisch in Irland lernen.  <\/p>\n<p>Das Irish College of English legt gro\u00dfen Wert <strong>auf qualitativ hochwertige Unterk\u00fcnfte<\/strong>. Unsere Standorte sind ausgezeichnet<span style=\"color: #000000;\"> und Malahide ist eine<\/span> der angesehensten Wohngegenden Dublins, was uns zu einer idealen Wahl f\u00fcr die Unterbringung in Gastfamilien macht. Wir verwenden nur Gastfamilien, die sich in Gehweite unserer Schulen befinden. Da wir das ganze Jahr \u00fcber arbeiten, <strong>bauen wir starke Beziehungen zur Gemeinde<\/strong> und zu allen unseren Gastfamilien <strong>auf<\/strong>.  <\/p>\n<p>Wir haben einen Vollzeitmitarbeiter, der sich um die Besuche und die Qualit\u00e4t unserer Gastfamilien k\u00fcmmert. <strong>Das Wohlergehen der Studenten ist unser Hauptanliegen<\/strong> und wir w\u00e4hlen unsere Familien sehr sorgf\u00e4ltig aus, um maximalen Komfort zu gew\u00e4hrleisten. Dar\u00fcber hinaus haben wir eine Charta f\u00fcr Gastfamilien, in der die Standards und unsere Richtlinien f\u00fcr alle Gastfamilien klar festgelegt sind. Die Sch\u00fcler k\u00f6nnen bei anderen internationalen Sch\u00fclern untergebracht werden und so neue Freundschaften mit jungen Menschen aus der ganzen Welt schlie\u00dfen. Wir k\u00f6nnen unseren Sch\u00fclern einen ausgezeichneten Aufenthalt in einer Gastfamilie garantieren, was durch die R\u00fcckmeldungen unserer Sch\u00fcler best\u00e4tigt wird.   <\/p>\n<p>Die <strong>Vollpension <\/strong>umfasst ein <strong>Fr\u00fchst\u00fcck, ein Lunchpaket und eine Abendmahlzeit<\/strong>, wobei auf eine nahrhafte Ern\u00e4hrung Wert gelegt wird. Die Sch\u00fcler werden f\u00fcr die Dauer ihres Aufenthalts zu Mitgliedern der Familie und f\u00fcgen sich in das normale Familienleben ein, indem sie sich mit der Familie treffen und mit ihr essen. <\/p>\n<p>&nbsp;<\/p>\n<h3><span style=\"color: #808080;\"><strong><span style=\"color: #000000;\">&#8218;Ein Zuhause von Zuhause&#8216;<\/span><\/strong><\/span><\/h3>\n<h4><strong>Ein typischer Tag bei einer Gastfamilie eines Studenten<\/strong><\/h4>\n<ul>\n<li><strong><span style=\"color: #808080;\">Die Sch\u00fcler werden von ihrer Gastmutter geweckt, duschen und fr\u00fchst\u00fccken.<\/span><\/strong><\/li>\n<li><strong><span style=\"color: #808080;\">Die Sch\u00fcler erhalten ein Lunchpaket f\u00fcr den Tag.<\/span><\/strong><\/li>\n<li><strong><span style=\"color: #808080;\">Die Sch\u00fcler gehen zu Fu\u00df zur Schule und kehren nach dem Unterricht und dem Freizeitprogramm gegen 18 Uhr nach Hause zur\u00fcck.<\/span><\/strong><\/li>\n<li><strong><span style=\"color: #808080;\">Bei der R\u00fcckkehr nach Hause essen die Sch\u00fcler mit ihrer Gastfamilie zu Abend und unterhalten sich \u00fcber die Ereignisse des Tages.<\/span><\/strong><\/li>\n<li><strong><span style=\"color: #808080;\">Die Studenten k\u00f6nnen den Abend entspannt mit der Familie verbringen oder sich mit Freunden in der Umgebung treffen.<\/span><\/strong><\/li>\n<li><strong><span style=\"color: #808080;\">F\u00fcr Junioren gilt eine strenge Ausgangssperre von 21.30 Uhr, ab der alle Sch\u00fcler zu Hause sein m\u00fcssen.<br \/>\n<\/span><\/strong><\/li>\n<li><strong><span style=\"color: #808080;\">Junioren und Familien haben rund um die Uhr Zugang zu einer Notrufnummer, und ein Mitglied unseres Teams ist immer im Dienst, um zu helfen.<\/span><\/strong><\/li>\n<\/ul>\n<p>&nbsp;<\/p>\n<p><a href=\"http:\/\/bit.ly\/30uWaD3\"><img fetchpriority=\"high\" decoding=\"async\" class=\"alignleft wp-image-5111\" style=\"margin-right: 25px;\" src=\"https:\/\/www.iceireland.com\/wp-content\/uploads\/2019\/09\/3-2-182x300.jpg\" alt=\"\" width=\"212\" height=\"350\" srcset=\"https:\/\/www.iceireland.com\/wp-content\/uploads\/2019\/09\/3-2-182x300.jpg 182w, https:\/\/www.iceireland.com\/wp-content\/uploads\/2019\/09\/3-2.jpg 424w\" sizes=\"(max-width: 212px) 100vw, 212px\" \/><\/a> <a href=\"http:\/\/bit.ly\/2kwaCet\"><img decoding=\"async\" class=\"alignleft wp-image-5110\" style=\"margin-right: 25px;\" src=\"https:\/\/www.iceireland.com\/wp-content\/uploads\/2019\/09\/junior-summer-camp-in-dublin-150x150.jpg\" alt=\"\" width=\"212\" height=\"350\"><\/a> <a href=\"http:\/\/bit.ly\/2P6BBvt\"><img decoding=\"async\" class=\"alignleft wp-image-5109\" style=\"margin-right: 25px;\" src=\"https:\/\/www.iceireland.com\/wp-content\/uploads\/2019\/09\/1-1-182x300.jpg\" alt=\"\" width=\"212\" height=\"350\" srcset=\"https:\/\/www.iceireland.com\/wp-content\/uploads\/2019\/09\/1-1-182x300.jpg 182w, https:\/\/www.iceireland.com\/wp-content\/uploads\/2019\/09\/1-1.jpg 424w\" sizes=\"(max-width: 212px) 100vw, 212px\" \/><\/a> <a href=\"https:\/\/www.iceireland.com\/wp-content\/uploads\/2019\/08\/English-Courses-and-Fees-2021.pdf\"><img loading=\"lazy\" decoding=\"async\" class=\"alignleft wp-image-5112\" style=\"margin-right: 25px;\" src=\"https:\/\/www.iceireland.com\/wp-content\/uploads\/2019\/09\/english-courses-dublin-182x300.jpg\" alt=\"\" width=\"212\" height=\"350\" srcset=\"https:\/\/www.iceireland.com\/wp-content\/uploads\/2019\/09\/english-courses-dublin-182x300.jpg 182w, https:\/\/www.iceireland.com\/wp-content\/uploads\/2019\/09\/english-courses-dublin.jpg 424w\" sizes=\"(max-width: 212px) 100vw, 212px\" \/><\/a> <a href=\"mailto:info@iceireland.com\"><img loading=\"lazy\" decoding=\"async\" class=\"alignleft wp-image-4832\" src=\"https:\/\/www.iceireland.com\/wp-content\/uploads\/2019\/08\/BOOK-NOW-e1567611851930.jpg\" alt=\"\" width=\"212\" height=\"300\"><\/a><\/p>\n<p>&nbsp;<\/p>\n<p>&nbsp;<\/p>\n<p>&nbsp;<\/p>\n<p>&nbsp;<\/p>\n<p>&nbsp;<\/p>\n","protected":false},"excerpt":{"rendered":"<p>Unterkunft in einer Gastfamilie Hochwertige, freundliche und einladende Gastfamilien, die alle zu Fu\u00df oder mit dem Bus von unserer Schule aus zu erreichen sind Wir garantieren nur eine Nationalit\u00e4t bei jeder Gastfamilie, die meisten Gastfamilien nehmen 2-3 Studenten auf. Unterkunft f\u00fcr Erwachsene und junge Studenten in Gastfamilien das ganze Jahr \u00fcber verf\u00fcgbar Ganzj\u00e4hriger Gastfamilien-Koordinator, der [&hellip;]<\/p>\n","protected":false},"author":1,"featured_media":0,"parent":0,"menu_order":0,"comment_status":"open","ping_status":"closed","template":"","meta":{"content-type":"","footnotes":""},"class_list":["post-31900","page","type-page","status-publish","hentry"],"yoast_head":"<!-- This site is optimized with the Yoast SEO plugin v27.3 - https:\/\/yoast.com\/product\/yoast-seo-wordpress\/ -->\n<title>Homestay Irland - Englischkurse mit Unterkunft<\/title>\n<meta name=\"description\" content=\"Machen Sie einen Englischkurs am Irish College of English und erleben Sie freundliche und einladende irische Gastfamilien, die alle zu Fu\u00df oder mit dem Bus zu erreichen sind.\" \/>\n<meta name=\"robots\" content=\"index, follow, max-snippet:-1, max-image-preview:large, max-video-preview:-1\" \/>\n<link rel=\"canonical\" href=\"https:\/\/www.iceireland.com\/de\/homestay-ireland\/\" \/>\n<meta property=\"og:locale\" content=\"de_DE\" \/>\n<meta property=\"og:type\" content=\"article\" \/>\n<meta property=\"og:title\" content=\"Homestay Irland - Englischkurse mit Unterkunft\" \/>\n<meta property=\"og:description\" content=\"Machen Sie einen Englischkurs am Irish College of English und erleben Sie freundliche und einladende irische Gastfamilien, die alle zu Fu\u00df oder mit dem Bus zu erreichen sind.\" \/>\n<meta property=\"og:url\" content=\"https:\/\/www.iceireland.com\/de\/homestay-ireland\/\" \/>\n<meta property=\"og:site_name\" content=\"Irish College of English\" \/>\n<meta property=\"og:image\" content=\"https:\/\/www.iceireland.com\/wp-content\/uploads\/2019\/09\/3-2.jpg\" \/>\n\t<meta property=\"og:image:width\" content=\"424\" \/>\n\t<meta property=\"og:image:height\" content=\"700\" \/>\n\t<meta property=\"og:image:type\" content=\"image\/jpeg\" \/>\n<meta name=\"twitter:label1\" content=\"Gesch\u00e4tzte Lesezeit\" \/>\n\t<meta name=\"twitter:data1\" content=\"3\u00a0Minuten\" \/>\n<script type=\"application\/ld+json\" class=\"yoast-schema-graph\">{\"@context\":\"https:\\\/\\\/schema.org\",\"@graph\":[{\"@type\":\"WebPage\",\"@id\":\"https:\\\/\\\/www.iceireland.com\\\/de\\\/homestay-ireland\\\/\",\"url\":\"https:\\\/\\\/www.iceireland.com\\\/de\\\/homestay-ireland\\\/\",\"name\":\"Homestay Irland - Englischkurse mit Unterkunft\",\"isPartOf\":{\"@id\":\"https:\\\/\\\/www.iceireland.com\\\/de\\\/#website\"},\"primaryImageOfPage\":{\"@id\":\"https:\\\/\\\/www.iceireland.com\\\/de\\\/homestay-ireland\\\/#primaryimage\"},\"image\":{\"@id\":\"https:\\\/\\\/www.iceireland.com\\\/de\\\/homestay-ireland\\\/#primaryimage\"},\"thumbnailUrl\":\"https:\\\/\\\/www.iceireland.com\\\/wp-content\\\/uploads\\\/2019\\\/09\\\/3-2-182x300.jpg\",\"datePublished\":\"2014-10-20T08:44:14+00:00\",\"description\":\"Machen Sie einen Englischkurs am Irish College of English und erleben Sie freundliche und einladende irische Gastfamilien, die alle zu Fu\u00df oder mit dem Bus zu erreichen sind.\",\"breadcrumb\":{\"@id\":\"https:\\\/\\\/www.iceireland.com\\\/de\\\/homestay-ireland\\\/#breadcrumb\"},\"inLanguage\":\"de\",\"potentialAction\":[{\"@type\":\"ReadAction\",\"target\":[\"https:\\\/\\\/www.iceireland.com\\\/de\\\/homestay-ireland\\\/\"]}]},{\"@type\":\"ImageObject\",\"inLanguage\":\"de\",\"@id\":\"https:\\\/\\\/www.iceireland.com\\\/de\\\/homestay-ireland\\\/#primaryimage\",\"url\":\"https:\\\/\\\/www.iceireland.com\\\/wp-content\\\/uploads\\\/2019\\\/09\\\/3-2-182x300.jpg\",\"contentUrl\":\"https:\\\/\\\/www.iceireland.com\\\/wp-content\\\/uploads\\\/2019\\\/09\\\/3-2-182x300.jpg\"},{\"@type\":\"BreadcrumbList\",\"@id\":\"https:\\\/\\\/www.iceireland.com\\\/de\\\/homestay-ireland\\\/#breadcrumb\",\"itemListElement\":[{\"@type\":\"ListItem\",\"position\":1,\"name\":\"Home\",\"item\":\"https:\\\/\\\/www.iceireland.com\\\/de\\\/\"},{\"@type\":\"ListItem\",\"position\":2,\"name\":\"Home Stay Irland &amp; Wohnunterk\u00fcnfte\"}]},{\"@type\":\"WebSite\",\"@id\":\"https:\\\/\\\/www.iceireland.com\\\/de\\\/#website\",\"url\":\"https:\\\/\\\/www.iceireland.com\\\/de\\\/\",\"name\":\"Irish College of English\",\"description\":\"English School in Dublin, Malahide\",\"publisher\":{\"@id\":\"https:\\\/\\\/www.iceireland.com\\\/de\\\/#organization\"},\"potentialAction\":[{\"@type\":\"SearchAction\",\"target\":{\"@type\":\"EntryPoint\",\"urlTemplate\":\"https:\\\/\\\/www.iceireland.com\\\/de\\\/?s={search_term_string}\"},\"query-input\":{\"@type\":\"PropertyValueSpecification\",\"valueRequired\":true,\"valueName\":\"search_term_string\"}}],\"inLanguage\":\"de\"},{\"@type\":\"Organization\",\"@id\":\"https:\\\/\\\/www.iceireland.com\\\/de\\\/#organization\",\"name\":\"Irish College of English\",\"url\":\"https:\\\/\\\/www.iceireland.com\\\/de\\\/\",\"logo\":{\"@type\":\"ImageObject\",\"inLanguage\":\"de\",\"@id\":\"https:\\\/\\\/www.iceireland.com\\\/de\\\/#\\\/schema\\\/logo\\\/image\\\/\",\"url\":\"https:\\\/\\\/www.iceireland.com\\\/wp-content\\\/uploads\\\/2022\\\/03\\\/logo.png\",\"contentUrl\":\"https:\\\/\\\/www.iceireland.com\\\/wp-content\\\/uploads\\\/2022\\\/03\\\/logo.png\",\"width\":593,\"height\":92,\"caption\":\"Irish College of English\"},\"image\":{\"@id\":\"https:\\\/\\\/www.iceireland.com\\\/de\\\/#\\\/schema\\\/logo\\\/image\\\/\"}}]}<\/script>\n<!-- \/ Yoast SEO plugin. -->","yoast_head_json":{"title":"Homestay Irland - Englischkurse mit Unterkunft","description":"Machen Sie einen Englischkurs am Irish College of English und erleben Sie freundliche und einladende irische Gastfamilien, die alle zu Fu\u00df oder mit dem Bus zu erreichen sind.","robots":{"index":"index","follow":"follow","max-snippet":"max-snippet:-1","max-image-preview":"max-image-preview:large","max-video-preview":"max-video-preview:-1"},"canonical":"https:\/\/www.iceireland.com\/de\/homestay-ireland\/","og_locale":"de_DE","og_type":"article","og_title":"Homestay Irland - Englischkurse mit Unterkunft","og_description":"Machen Sie einen Englischkurs am Irish College of English und erleben Sie freundliche und einladende irische Gastfamilien, die alle zu Fu\u00df oder mit dem Bus zu erreichen sind.","og_url":"https:\/\/www.iceireland.com\/de\/homestay-ireland\/","og_site_name":"Irish College of English","og_image":[{"width":424,"height":700,"url":"https:\/\/www.iceireland.com\/wp-content\/uploads\/2019\/09\/3-2.jpg","type":"image\/jpeg"}],"twitter_misc":{"Gesch\u00e4tzte Lesezeit":"3\u00a0Minuten"},"schema":{"@context":"https:\/\/schema.org","@graph":[{"@type":"WebPage","@id":"https:\/\/www.iceireland.com\/de\/homestay-ireland\/","url":"https:\/\/www.iceireland.com\/de\/homestay-ireland\/","name":"Homestay Irland - Englischkurse mit Unterkunft","isPartOf":{"@id":"https:\/\/www.iceireland.com\/de\/#website"},"primaryImageOfPage":{"@id":"https:\/\/www.iceireland.com\/de\/homestay-ireland\/#primaryimage"},"image":{"@id":"https:\/\/www.iceireland.com\/de\/homestay-ireland\/#primaryimage"},"thumbnailUrl":"https:\/\/www.iceireland.com\/wp-content\/uploads\/2019\/09\/3-2-182x300.jpg","datePublished":"2014-10-20T08:44:14+00:00","description":"Machen Sie einen Englischkurs am Irish College of English und erleben Sie freundliche und einladende irische Gastfamilien, die alle zu Fu\u00df oder mit dem Bus zu erreichen sind.","breadcrumb":{"@id":"https:\/\/www.iceireland.com\/de\/homestay-ireland\/#breadcrumb"},"inLanguage":"de","potentialAction":[{"@type":"ReadAction","target":["https:\/\/www.iceireland.com\/de\/homestay-ireland\/"]}]},{"@type":"ImageObject","inLanguage":"de","@id":"https:\/\/www.iceireland.com\/de\/homestay-ireland\/#primaryimage","url":"https:\/\/www.iceireland.com\/wp-content\/uploads\/2019\/09\/3-2-182x300.jpg","contentUrl":"https:\/\/www.iceireland.com\/wp-content\/uploads\/2019\/09\/3-2-182x300.jpg"},{"@type":"BreadcrumbList","@id":"https:\/\/www.iceireland.com\/de\/homestay-ireland\/#breadcrumb","itemListElement":[{"@type":"ListItem","position":1,"name":"Home","item":"https:\/\/www.iceireland.com\/de\/"},{"@type":"ListItem","position":2,"name":"Home Stay Irland &amp; Wohnunterk\u00fcnfte"}]},{"@type":"WebSite","@id":"https:\/\/www.iceireland.com\/de\/#website","url":"https:\/\/www.iceireland.com\/de\/","name":"Irish College of English","description":"English School in Dublin, Malahide","publisher":{"@id":"https:\/\/www.iceireland.com\/de\/#organization"},"potentialAction":[{"@type":"SearchAction","target":{"@type":"EntryPoint","urlTemplate":"https:\/\/www.iceireland.com\/de\/?s={search_term_string}"},"query-input":{"@type":"PropertyValueSpecification","valueRequired":true,"valueName":"search_term_string"}}],"inLanguage":"de"},{"@type":"Organization","@id":"https:\/\/www.iceireland.com\/de\/#organization","name":"Irish College of English","url":"https:\/\/www.iceireland.com\/de\/","logo":{"@type":"ImageObject","inLanguage":"de","@id":"https:\/\/www.iceireland.com\/de\/#\/schema\/logo\/image\/","url":"https:\/\/www.iceireland.com\/wp-content\/uploads\/2022\/03\/logo.png","contentUrl":"https:\/\/www.iceireland.com\/wp-content\/uploads\/2022\/03\/logo.png","width":593,"height":92,"caption":"Irish College of English"},"image":{"@id":"https:\/\/www.iceireland.com\/de\/#\/schema\/logo\/image\/"}}]}},"_links":{"self":[{"href":"https:\/\/www.iceireland.com\/de\/wp-json\/wp\/v2\/pages\/31900","targetHints":{"allow":["GET"]}}],"collection":[{"href":"https:\/\/www.iceireland.com\/de\/wp-json\/wp\/v2\/pages"}],"about":[{"href":"https:\/\/www.iceireland.com\/de\/wp-json\/wp\/v2\/types\/page"}],"author":[{"embeddable":true,"href":"https:\/\/www.iceireland.com\/de\/wp-json\/wp\/v2\/users\/1"}],"replies":[{"embeddable":true,"href":"https:\/\/www.iceireland.com\/de\/wp-json\/wp\/v2\/comments?post=31900"}],"version-history":[{"count":0,"href":"https:\/\/www.iceireland.com\/de\/wp-json\/wp\/v2\/pages\/31900\/revisions"}],"wp:attachment":[{"href":"https:\/\/www.iceireland.com\/de\/wp-json\/wp\/v2\/media?parent=31900"}],"curies":[{"name":"wp","href":"https:\/\/api.w.org\/{rel}","templated":true}]}}