{"id":31923,"date":"2014-10-20T13:40:15","date_gmt":"2014-10-20T13:40:15","guid":{"rendered":"https:\/\/www.iceireland.com\/cultural-and-social-programmes\/"},"modified":"2026-01-30T16:25:59","modified_gmt":"2026-01-30T16:25:59","slug":"cultural-and-social-programmes","status":"publish","type":"page","link":"https:\/\/www.iceireland.com\/de\/useful-info\/cultural-and-social-programmes\/","title":{"rendered":"Aktivit\u00e4ten und Veranstaltungen f\u00fcr Erwachsene, kulturelle und soziale Programme"},"content":{"rendered":"<h3>Kulturelle &amp; soziale Programme<\/h3>\n<p>Am Irish College of English f\u00f6rdern wir ein aktives soziales Leben der Studenten, indem wir sie mit Studenten aller Nationalit\u00e4ten und Iren zusammenbringen und ihnen die M\u00f6glichkeit geben, einige der ber\u00fchmten kulturellen, historischen und nat\u00fcrlichen Sehensw\u00fcrdigkeiten Irlands zu besuchen.<\/p>\n<p>In der Schule organisieren wir kostenlose Konversationskurse, Stadtf\u00fchrungen an einem Tag in der Woche, Kneipenabende oder schulinterne Partys.<\/p>\n<p>Unsere regelm\u00e4\u00dfig organisierten Touren\/Ausfl\u00fcge, an denen die Studenten teilnehmen k\u00f6nnen, sind kostenlos, oder die Studenten zahlen nur den Eintritt. Dazu geh\u00f6ren die Orientierung im Stadtzentrum von Dublin, Besuche von Touristenattraktionen wie dem Trinity College, dem Guinness Storehouse, samst\u00e4gliche Busausfl\u00fcge au\u00dferhalb von Dublin usw. <\/p>\n<p>Wir haben auch ein schwarzes Brett mit interessanten Veranstaltungen im ganzen Land, Ideen f\u00fcr Wochenendreisen usw.<\/p>\n<p>Unsere Mitarbeiter helfen Studenten gerne bei der Organisation von Touren usw. Folgen Sie uns in den sozialen Medien, um aktuelle Nachrichten und Aktivit\u00e4ten zu erhalten. <\/p>\n<h3>Sozialprogramm f\u00fcr Erwachsene<\/h3>\n<p>Am Irish College of English genie\u00dfen die Studenten ein reges gesellschaftliches Leben. Mit drei Pubs im Umkreis von zwei Minuten Fu\u00dfweg von der Schule ist das nicht schwer! Das Stadtzentrum von Dublin ist nur 20 Minuten mit dem Zug entfernt, so dass es ein Leichtes ist, die N\u00e4chte in der gro\u00dfen Stadt zu verbringen.  <\/p>\n<p>In der Schule herrscht eine freundliche Atmosph\u00e4re und es ist immer leicht, neue Freunde zu finden. Wir haben zwar kein organisiertes Freizeitprogramm, aber die Schule verf\u00fcgt \u00fcber ein Schwarzes Brett mit Veranstaltungen und Ideen. <\/p>\n<p>W\u00e4hrend der Sommermonate bieten wir w\u00f6chentliche Samstagsausfl\u00fcge f\u00fcr erwachsene Studenten an. Zu den Ausfl\u00fcgen geh\u00f6ren Kilkenny, Glendalough und Belfast. <\/p>\n","protected":false},"excerpt":{"rendered":"<p>Kulturelle &amp; soziale Programme Am Irish College of English f\u00f6rdern wir ein aktives soziales Leben der Studenten, indem wir sie mit Studenten aller Nationalit\u00e4ten und Iren zusammenbringen und ihnen die M\u00f6glichkeit geben, einige der ber\u00fchmten kulturellen, historischen und nat\u00fcrlichen Sehensw\u00fcrdigkeiten Irlands zu besuchen. In der Schule organisieren wir kostenlose Konversationskurse, Stadtf\u00fchrungen an einem Tag in [&hellip;]<\/p>\n","protected":false},"author":1,"featured_media":0,"parent":32094,"menu_order":0,"comment_status":"open","ping_status":"open","template":"","meta":{"content-type":"","footnotes":""},"class_list":["post-31923","page","type-page","status-publish","hentry"],"yoast_head":"<!-- This site is optimized with the Yoast SEO plugin v27.3 - https:\/\/yoast.com\/product\/yoast-seo-wordpress\/ -->\n<title>Aktivit\u00e4ten und Veranstaltungen f\u00fcr Erwachsene, kulturelle und soziale Programme - Irish College of English<\/title>\n<meta name=\"description\" content=\"Am Irish College of English f\u00f6rdern wir ein aktives soziales Leben der Studenten, indem wir sie mit Studenten aller Nationalit\u00e4ten und Iren zusammenbringen und ihnen die M\u00f6glichkeit geben, etwas von Irland zu sehen.\" \/>\n<meta name=\"robots\" content=\"index, follow, max-snippet:-1, max-image-preview:large, max-video-preview:-1\" \/>\n<link rel=\"canonical\" href=\"https:\/\/www.iceireland.com\/de\/useful-info\/cultural-and-social-programmes\/\" \/>\n<meta property=\"og:locale\" content=\"de_DE\" \/>\n<meta property=\"og:type\" content=\"article\" \/>\n<meta property=\"og:title\" content=\"Aktivit\u00e4ten und Veranstaltungen f\u00fcr Erwachsene, kulturelle und soziale Programme - Irish College of English\" \/>\n<meta property=\"og:description\" content=\"Am Irish College of English f\u00f6rdern wir ein aktives soziales Leben der Studenten, indem wir sie mit Studenten aller Nationalit\u00e4ten und Iren zusammenbringen und ihnen die M\u00f6glichkeit geben, etwas von Irland zu sehen.\" \/>\n<meta property=\"og:url\" content=\"https:\/\/www.iceireland.com\/de\/useful-info\/cultural-and-social-programmes\/\" \/>\n<meta property=\"og:site_name\" content=\"Irish College of English\" \/>\n<meta property=\"article:modified_time\" content=\"2026-01-30T16:25:59+00:00\" \/>\n<meta name=\"twitter:label1\" content=\"Gesch\u00e4tzte Lesezeit\" \/>\n\t<meta name=\"twitter:data1\" content=\"1\u00a0Minute\" \/>\n<script type=\"application\/ld+json\" class=\"yoast-schema-graph\">{\"@context\":\"https:\\\/\\\/schema.org\",\"@graph\":[{\"@type\":\"WebPage\",\"@id\":\"https:\\\/\\\/www.iceireland.com\\\/de\\\/useful-info\\\/cultural-and-social-programmes\\\/\",\"url\":\"https:\\\/\\\/www.iceireland.com\\\/de\\\/useful-info\\\/cultural-and-social-programmes\\\/\",\"name\":\"Aktivit\u00e4ten und Veranstaltungen f\u00fcr Erwachsene, kulturelle und soziale Programme - Irish College of English\",\"isPartOf\":{\"@id\":\"https:\\\/\\\/www.iceireland.com\\\/de\\\/#website\"},\"datePublished\":\"2014-10-20T13:40:15+00:00\",\"dateModified\":\"2026-01-30T16:25:59+00:00\",\"description\":\"Am Irish College of English f\u00f6rdern wir ein aktives soziales Leben der Studenten, indem wir sie mit Studenten aller Nationalit\u00e4ten und Iren zusammenbringen und ihnen die M\u00f6glichkeit geben, etwas von Irland zu sehen.\",\"breadcrumb\":{\"@id\":\"https:\\\/\\\/www.iceireland.com\\\/de\\\/useful-info\\\/cultural-and-social-programmes\\\/#breadcrumb\"},\"inLanguage\":\"de\",\"potentialAction\":[{\"@type\":\"ReadAction\",\"target\":[\"https:\\\/\\\/www.iceireland.com\\\/de\\\/useful-info\\\/cultural-and-social-programmes\\\/\"]}]},{\"@type\":\"BreadcrumbList\",\"@id\":\"https:\\\/\\\/www.iceireland.com\\\/de\\\/useful-info\\\/cultural-and-social-programmes\\\/#breadcrumb\",\"itemListElement\":[{\"@type\":\"ListItem\",\"position\":1,\"name\":\"Home\",\"item\":\"https:\\\/\\\/www.iceireland.com\\\/de\\\/\"},{\"@type\":\"ListItem\",\"position\":2,\"name\":\"N\u00fctzliche Informationen\",\"item\":\"https:\\\/\\\/www.iceireland.com\\\/de\\\/useful-info\\\/\"},{\"@type\":\"ListItem\",\"position\":3,\"name\":\"Aktivit\u00e4ten und Veranstaltungen f\u00fcr Erwachsene, kulturelle und soziale Programme\"}]},{\"@type\":\"WebSite\",\"@id\":\"https:\\\/\\\/www.iceireland.com\\\/de\\\/#website\",\"url\":\"https:\\\/\\\/www.iceireland.com\\\/de\\\/\",\"name\":\"Irish College of English\",\"description\":\"English School in Dublin, Malahide\",\"publisher\":{\"@id\":\"https:\\\/\\\/www.iceireland.com\\\/de\\\/#organization\"},\"potentialAction\":[{\"@type\":\"SearchAction\",\"target\":{\"@type\":\"EntryPoint\",\"urlTemplate\":\"https:\\\/\\\/www.iceireland.com\\\/de\\\/?s={search_term_string}\"},\"query-input\":{\"@type\":\"PropertyValueSpecification\",\"valueRequired\":true,\"valueName\":\"search_term_string\"}}],\"inLanguage\":\"de\"},{\"@type\":\"Organization\",\"@id\":\"https:\\\/\\\/www.iceireland.com\\\/de\\\/#organization\",\"name\":\"Irish College of English\",\"url\":\"https:\\\/\\\/www.iceireland.com\\\/de\\\/\",\"logo\":{\"@type\":\"ImageObject\",\"inLanguage\":\"de\",\"@id\":\"https:\\\/\\\/www.iceireland.com\\\/de\\\/#\\\/schema\\\/logo\\\/image\\\/\",\"url\":\"https:\\\/\\\/www.iceireland.com\\\/wp-content\\\/uploads\\\/2022\\\/03\\\/logo.png\",\"contentUrl\":\"https:\\\/\\\/www.iceireland.com\\\/wp-content\\\/uploads\\\/2022\\\/03\\\/logo.png\",\"width\":593,\"height\":92,\"caption\":\"Irish College of English\"},\"image\":{\"@id\":\"https:\\\/\\\/www.iceireland.com\\\/de\\\/#\\\/schema\\\/logo\\\/image\\\/\"}}]}<\/script>\n<!-- \/ Yoast SEO plugin. -->","yoast_head_json":{"title":"Aktivit\u00e4ten und Veranstaltungen f\u00fcr Erwachsene, kulturelle und soziale Programme - Irish College of English","description":"Am Irish College of English f\u00f6rdern wir ein aktives soziales Leben der Studenten, indem wir sie mit Studenten aller Nationalit\u00e4ten und Iren zusammenbringen und ihnen die M\u00f6glichkeit geben, etwas von Irland zu sehen.","robots":{"index":"index","follow":"follow","max-snippet":"max-snippet:-1","max-image-preview":"max-image-preview:large","max-video-preview":"max-video-preview:-1"},"canonical":"https:\/\/www.iceireland.com\/de\/useful-info\/cultural-and-social-programmes\/","og_locale":"de_DE","og_type":"article","og_title":"Aktivit\u00e4ten und Veranstaltungen f\u00fcr Erwachsene, kulturelle und soziale Programme - Irish College of English","og_description":"Am Irish College of English f\u00f6rdern wir ein aktives soziales Leben der Studenten, indem wir sie mit Studenten aller Nationalit\u00e4ten und Iren zusammenbringen und ihnen die M\u00f6glichkeit geben, etwas von Irland zu sehen.","og_url":"https:\/\/www.iceireland.com\/de\/useful-info\/cultural-and-social-programmes\/","og_site_name":"Irish College of English","article_modified_time":"2026-01-30T16:25:59+00:00","twitter_misc":{"Gesch\u00e4tzte Lesezeit":"1\u00a0Minute"},"schema":{"@context":"https:\/\/schema.org","@graph":[{"@type":"WebPage","@id":"https:\/\/www.iceireland.com\/de\/useful-info\/cultural-and-social-programmes\/","url":"https:\/\/www.iceireland.com\/de\/useful-info\/cultural-and-social-programmes\/","name":"Aktivit\u00e4ten und Veranstaltungen f\u00fcr Erwachsene, kulturelle und soziale Programme - Irish College of English","isPartOf":{"@id":"https:\/\/www.iceireland.com\/de\/#website"},"datePublished":"2014-10-20T13:40:15+00:00","dateModified":"2026-01-30T16:25:59+00:00","description":"Am Irish College of English f\u00f6rdern wir ein aktives soziales Leben der Studenten, indem wir sie mit Studenten aller Nationalit\u00e4ten und Iren zusammenbringen und ihnen die M\u00f6glichkeit geben, etwas von Irland zu sehen.","breadcrumb":{"@id":"https:\/\/www.iceireland.com\/de\/useful-info\/cultural-and-social-programmes\/#breadcrumb"},"inLanguage":"de","potentialAction":[{"@type":"ReadAction","target":["https:\/\/www.iceireland.com\/de\/useful-info\/cultural-and-social-programmes\/"]}]},{"@type":"BreadcrumbList","@id":"https:\/\/www.iceireland.com\/de\/useful-info\/cultural-and-social-programmes\/#breadcrumb","itemListElement":[{"@type":"ListItem","position":1,"name":"Home","item":"https:\/\/www.iceireland.com\/de\/"},{"@type":"ListItem","position":2,"name":"N\u00fctzliche Informationen","item":"https:\/\/www.iceireland.com\/de\/useful-info\/"},{"@type":"ListItem","position":3,"name":"Aktivit\u00e4ten und Veranstaltungen f\u00fcr Erwachsene, kulturelle und soziale Programme"}]},{"@type":"WebSite","@id":"https:\/\/www.iceireland.com\/de\/#website","url":"https:\/\/www.iceireland.com\/de\/","name":"Irish College of English","description":"English School in Dublin, Malahide","publisher":{"@id":"https:\/\/www.iceireland.com\/de\/#organization"},"potentialAction":[{"@type":"SearchAction","target":{"@type":"EntryPoint","urlTemplate":"https:\/\/www.iceireland.com\/de\/?s={search_term_string}"},"query-input":{"@type":"PropertyValueSpecification","valueRequired":true,"valueName":"search_term_string"}}],"inLanguage":"de"},{"@type":"Organization","@id":"https:\/\/www.iceireland.com\/de\/#organization","name":"Irish College of English","url":"https:\/\/www.iceireland.com\/de\/","logo":{"@type":"ImageObject","inLanguage":"de","@id":"https:\/\/www.iceireland.com\/de\/#\/schema\/logo\/image\/","url":"https:\/\/www.iceireland.com\/wp-content\/uploads\/2022\/03\/logo.png","contentUrl":"https:\/\/www.iceireland.com\/wp-content\/uploads\/2022\/03\/logo.png","width":593,"height":92,"caption":"Irish College of English"},"image":{"@id":"https:\/\/www.iceireland.com\/de\/#\/schema\/logo\/image\/"}}]}},"_links":{"self":[{"href":"https:\/\/www.iceireland.com\/de\/wp-json\/wp\/v2\/pages\/31923","targetHints":{"allow":["GET"]}}],"collection":[{"href":"https:\/\/www.iceireland.com\/de\/wp-json\/wp\/v2\/pages"}],"about":[{"href":"https:\/\/www.iceireland.com\/de\/wp-json\/wp\/v2\/types\/page"}],"author":[{"embeddable":true,"href":"https:\/\/www.iceireland.com\/de\/wp-json\/wp\/v2\/users\/1"}],"replies":[{"embeddable":true,"href":"https:\/\/www.iceireland.com\/de\/wp-json\/wp\/v2\/comments?post=31923"}],"version-history":[{"count":1,"href":"https:\/\/www.iceireland.com\/de\/wp-json\/wp\/v2\/pages\/31923\/revisions"}],"predecessor-version":[{"id":32095,"href":"https:\/\/www.iceireland.com\/de\/wp-json\/wp\/v2\/pages\/31923\/revisions\/32095"}],"up":[{"embeddable":true,"href":"https:\/\/www.iceireland.com\/de\/wp-json\/wp\/v2\/pages\/32094"}],"wp:attachment":[{"href":"https:\/\/www.iceireland.com\/de\/wp-json\/wp\/v2\/media?parent=31923"}],"curies":[{"name":"wp","href":"https:\/\/api.w.org\/{rel}","templated":true}]}}