{"id":32009,"date":"2019-07-19T08:41:15","date_gmt":"2019-07-19T08:41:15","guid":{"rendered":"https:\/\/www.iceireland.com\/leaderfeedbackres\/"},"modified":"2019-07-19T08:41:15","modified_gmt":"2019-07-19T08:41:15","slug":"leaderfeedbackres","status":"publish","type":"page","link":"https:\/\/www.iceireland.com\/de\/leaderfeedbackres\/","title":{"rendered":"Feedback der Wohnheimleiter"},"content":{"rendered":"<p>Bitte klicken Sie auf den untenstehenden Link und f\u00fcllen Sie das Feedback-Formular f\u00fcr Studenten aus.<\/p>\n<h3><a href=\"https:\/\/iceireland.typeform.com\/to\/A2ixPo\" target=\"_blank\" rel=\"noopener noreferrer\"><span style=\"color: #008000;\">Feedback-Formular f\u00fcr F\u00fchrungskr\u00e4fte<\/span><\/a><\/h3>\n","protected":false},"excerpt":{"rendered":"<p>Bitte klicken Sie auf den untenstehenden Link und f\u00fcllen Sie das Feedback-Formular f\u00fcr Studenten aus. Feedback-Formular f\u00fcr F\u00fchrungskr\u00e4fte<\/p>\n","protected":false},"author":3,"featured_media":0,"parent":0,"menu_order":0,"comment_status":"closed","ping_status":"closed","template":"","meta":{"content-type":"","footnotes":""},"class_list":["post-32009","page","type-page","status-publish","hentry"],"yoast_head":"<!-- This site is optimized with the Yoast SEO plugin v27.3 - https:\/\/yoast.com\/product\/yoast-seo-wordpress\/ -->\n<title>Feedback der Wohnheimleiter - Irish College of English<\/title>\n<meta name=\"robots\" content=\"noindex, follow\" \/>\n<meta property=\"og:locale\" content=\"de_DE\" \/>\n<meta property=\"og:type\" content=\"article\" \/>\n<meta property=\"og:title\" content=\"Feedback der Wohnheimleiter - Irish College of English\" \/>\n<meta property=\"og:description\" content=\"Bitte klicken Sie auf den untenstehenden Link und f\u00fcllen Sie das Feedback-Formular f\u00fcr Studenten aus. Feedback-Formular f\u00fcr F\u00fchrungskr\u00e4fte\" \/>\n<meta property=\"og:url\" content=\"https:\/\/www.iceireland.com\/de\/leaderfeedbackres\/\" \/>\n<meta property=\"og:site_name\" content=\"Irish College of English\" \/>\n<script type=\"application\/ld+json\" class=\"yoast-schema-graph\">{\"@context\":\"https:\\\/\\\/schema.org\",\"@graph\":[{\"@type\":\"WebPage\",\"@id\":\"https:\\\/\\\/www.iceireland.com\\\/de\\\/leaderfeedbackres\\\/\",\"url\":\"https:\\\/\\\/www.iceireland.com\\\/de\\\/leaderfeedbackres\\\/\",\"name\":\"Feedback der Wohnheimleiter - Irish College of English\",\"isPartOf\":{\"@id\":\"https:\\\/\\\/www.iceireland.com\\\/de\\\/#website\"},\"datePublished\":\"2019-07-19T08:41:15+00:00\",\"breadcrumb\":{\"@id\":\"https:\\\/\\\/www.iceireland.com\\\/de\\\/leaderfeedbackres\\\/#breadcrumb\"},\"inLanguage\":\"de\",\"potentialAction\":[{\"@type\":\"ReadAction\",\"target\":[\"https:\\\/\\\/www.iceireland.com\\\/de\\\/leaderfeedbackres\\\/\"]}]},{\"@type\":\"BreadcrumbList\",\"@id\":\"https:\\\/\\\/www.iceireland.com\\\/de\\\/leaderfeedbackres\\\/#breadcrumb\",\"itemListElement\":[{\"@type\":\"ListItem\",\"position\":1,\"name\":\"Home\",\"item\":\"https:\\\/\\\/www.iceireland.com\\\/de\\\/\"},{\"@type\":\"ListItem\",\"position\":2,\"name\":\"Feedback der Wohnheimleiter\"}]},{\"@type\":\"WebSite\",\"@id\":\"https:\\\/\\\/www.iceireland.com\\\/de\\\/#website\",\"url\":\"https:\\\/\\\/www.iceireland.com\\\/de\\\/\",\"name\":\"Irish College of English\",\"description\":\"English School in Dublin, Malahide\",\"publisher\":{\"@id\":\"https:\\\/\\\/www.iceireland.com\\\/de\\\/#organization\"},\"potentialAction\":[{\"@type\":\"SearchAction\",\"target\":{\"@type\":\"EntryPoint\",\"urlTemplate\":\"https:\\\/\\\/www.iceireland.com\\\/de\\\/?s={search_term_string}\"},\"query-input\":{\"@type\":\"PropertyValueSpecification\",\"valueRequired\":true,\"valueName\":\"search_term_string\"}}],\"inLanguage\":\"de\"},{\"@type\":\"Organization\",\"@id\":\"https:\\\/\\\/www.iceireland.com\\\/de\\\/#organization\",\"name\":\"Irish College of English\",\"url\":\"https:\\\/\\\/www.iceireland.com\\\/de\\\/\",\"logo\":{\"@type\":\"ImageObject\",\"inLanguage\":\"de\",\"@id\":\"https:\\\/\\\/www.iceireland.com\\\/de\\\/#\\\/schema\\\/logo\\\/image\\\/\",\"url\":\"https:\\\/\\\/www.iceireland.com\\\/wp-content\\\/uploads\\\/2022\\\/03\\\/logo.png\",\"contentUrl\":\"https:\\\/\\\/www.iceireland.com\\\/wp-content\\\/uploads\\\/2022\\\/03\\\/logo.png\",\"width\":593,\"height\":92,\"caption\":\"Irish College of English\"},\"image\":{\"@id\":\"https:\\\/\\\/www.iceireland.com\\\/de\\\/#\\\/schema\\\/logo\\\/image\\\/\"}}]}<\/script>\n<!-- \/ Yoast SEO plugin. -->","yoast_head_json":{"title":"Feedback der Wohnheimleiter - Irish College of English","robots":{"index":"noindex","follow":"follow"},"og_locale":"de_DE","og_type":"article","og_title":"Feedback der Wohnheimleiter - Irish College of English","og_description":"Bitte klicken Sie auf den untenstehenden Link und f\u00fcllen Sie das Feedback-Formular f\u00fcr Studenten aus. Feedback-Formular f\u00fcr F\u00fchrungskr\u00e4fte","og_url":"https:\/\/www.iceireland.com\/de\/leaderfeedbackres\/","og_site_name":"Irish College of English","schema":{"@context":"https:\/\/schema.org","@graph":[{"@type":"WebPage","@id":"https:\/\/www.iceireland.com\/de\/leaderfeedbackres\/","url":"https:\/\/www.iceireland.com\/de\/leaderfeedbackres\/","name":"Feedback der Wohnheimleiter - Irish College of English","isPartOf":{"@id":"https:\/\/www.iceireland.com\/de\/#website"},"datePublished":"2019-07-19T08:41:15+00:00","breadcrumb":{"@id":"https:\/\/www.iceireland.com\/de\/leaderfeedbackres\/#breadcrumb"},"inLanguage":"de","potentialAction":[{"@type":"ReadAction","target":["https:\/\/www.iceireland.com\/de\/leaderfeedbackres\/"]}]},{"@type":"BreadcrumbList","@id":"https:\/\/www.iceireland.com\/de\/leaderfeedbackres\/#breadcrumb","itemListElement":[{"@type":"ListItem","position":1,"name":"Home","item":"https:\/\/www.iceireland.com\/de\/"},{"@type":"ListItem","position":2,"name":"Feedback der Wohnheimleiter"}]},{"@type":"WebSite","@id":"https:\/\/www.iceireland.com\/de\/#website","url":"https:\/\/www.iceireland.com\/de\/","name":"Irish College of English","description":"English School in Dublin, Malahide","publisher":{"@id":"https:\/\/www.iceireland.com\/de\/#organization"},"potentialAction":[{"@type":"SearchAction","target":{"@type":"EntryPoint","urlTemplate":"https:\/\/www.iceireland.com\/de\/?s={search_term_string}"},"query-input":{"@type":"PropertyValueSpecification","valueRequired":true,"valueName":"search_term_string"}}],"inLanguage":"de"},{"@type":"Organization","@id":"https:\/\/www.iceireland.com\/de\/#organization","name":"Irish College of English","url":"https:\/\/www.iceireland.com\/de\/","logo":{"@type":"ImageObject","inLanguage":"de","@id":"https:\/\/www.iceireland.com\/de\/#\/schema\/logo\/image\/","url":"https:\/\/www.iceireland.com\/wp-content\/uploads\/2022\/03\/logo.png","contentUrl":"https:\/\/www.iceireland.com\/wp-content\/uploads\/2022\/03\/logo.png","width":593,"height":92,"caption":"Irish College of English"},"image":{"@id":"https:\/\/www.iceireland.com\/de\/#\/schema\/logo\/image\/"}}]}},"_links":{"self":[{"href":"https:\/\/www.iceireland.com\/de\/wp-json\/wp\/v2\/pages\/32009","targetHints":{"allow":["GET"]}}],"collection":[{"href":"https:\/\/www.iceireland.com\/de\/wp-json\/wp\/v2\/pages"}],"about":[{"href":"https:\/\/www.iceireland.com\/de\/wp-json\/wp\/v2\/types\/page"}],"author":[{"embeddable":true,"href":"https:\/\/www.iceireland.com\/de\/wp-json\/wp\/v2\/users\/3"}],"replies":[{"embeddable":true,"href":"https:\/\/www.iceireland.com\/de\/wp-json\/wp\/v2\/comments?post=32009"}],"version-history":[{"count":0,"href":"https:\/\/www.iceireland.com\/de\/wp-json\/wp\/v2\/pages\/32009\/revisions"}],"wp:attachment":[{"href":"https:\/\/www.iceireland.com\/de\/wp-json\/wp\/v2\/media?parent=32009"}],"curies":[{"name":"wp","href":"https:\/\/api.w.org\/{rel}","templated":true}]}}