{"id":32070,"date":"2020-02-11T15:56:52","date_gmt":"2020-02-11T15:56:52","guid":{"rendered":"https:\/\/www.iceireland.com\/terms-and-conditions\/"},"modified":"2026-01-30T16:25:07","modified_gmt":"2026-01-30T16:25:07","slug":"terms-and-conditions","status":"publish","type":"page","link":"https:\/\/www.iceireland.com\/de\/terms-and-conditions\/","title":{"rendered":"Bedingungen und Konditionen"},"content":{"rendered":"\t\t<div data-elementor-type=\"wp-page\" data-elementor-id=\"32070\" class=\"elementor elementor-32070 elementor-6985\" data-elementor-post-type=\"page\">\n\t\t\t\t\t\t<section class=\"elementor-section elementor-top-section elementor-element elementor-element-3c0a1b6 elementor-section-boxed elementor-section-height-default elementor-section-height-default\" data-id=\"3c0a1b6\" data-element_type=\"section\" data-e-type=\"section\">\n\t\t\t\t\t\t<div class=\"elementor-container elementor-column-gap-default\">\n\t\t\t\t\t<div class=\"elementor-column elementor-col-100 elementor-top-column elementor-element elementor-element-3cd70ad\" data-id=\"3cd70ad\" data-element_type=\"column\" data-e-type=\"column\">\n\t\t\t<div class=\"elementor-widget-wrap elementor-element-populated\">\n\t\t\t\t\t\t<div class=\"elementor-element elementor-element-8110a42 elementor-widget elementor-widget-text-editor\" data-id=\"8110a42\" data-element_type=\"widget\" data-e-type=\"widget\" data-widget_type=\"text-editor.default\">\n\t\t\t\t<div class=\"elementor-widget-container\">\n\t\t\t\t\t\t\t\t\t<h1>Bedingungen &amp; Konditionen<\/h1>\t\t\t\t\t\t\t\t<\/div>\n\t\t\t\t<\/div>\n\t\t\t\t\t<\/div>\n\t\t<\/div>\n\t\t\t\t\t<\/div>\n\t\t<\/section>\n\t\t\t\t<section class=\"elementor-section elementor-top-section elementor-element elementor-element-73497784 elementor-section-boxed elementor-section-height-default elementor-section-height-default\" data-id=\"73497784\" data-element_type=\"section\" data-e-type=\"section\">\n\t\t\t\t\t\t<div class=\"elementor-container elementor-column-gap-default\">\n\t\t\t\t\t<div class=\"elementor-column elementor-col-100 elementor-top-column elementor-element elementor-element-66b1651e\" data-id=\"66b1651e\" data-element_type=\"column\" data-e-type=\"column\">\n\t\t\t<div class=\"elementor-widget-wrap elementor-element-populated\">\n\t\t\t\t\t\t<div class=\"elementor-element elementor-element-24b70953 elementor-widget elementor-widget-text-editor\" data-id=\"24b70953\" data-element_type=\"widget\" data-e-type=\"widget\" data-widget_type=\"text-editor.default\">\n\t\t\t\t<div class=\"elementor-widget-container\">\n\t\t\t\t\t\t\t\t\t<ol><li>Stornierungen und R\u00fcckerstattungsrichtlinien: Unsere &#8218;Book with confidence Guarantee&#8216; soll Flexibilit\u00e4t bieten und gleichzeitig sicherstellen, dass wir allen Sch\u00fclern den besten Service bieten k\u00f6nnen. Wir empfehlen Sch\u00fclern\/Eltern\/Erziehungsberechtigten\/Gruppenorganisatoren dringend, eine Reiseversicherung abzuschlie\u00dfen, um sich vor unerwarteten \u00c4nderungen ihrer Reisepl\u00e4ne zu sch\u00fctzen. <\/li><\/ol><p> <\/p><ul><li>Stornierung 7 Tage oder mehr vor Ankunft &#8211; Volle R\u00fcckerstattung<\/li><li>Stornierung 3 &#8211; 6 Tage vor der Ankunft &#8211; 50% Erstattung des gesamten Buchungsbetrags<\/li><li>Stornierung 1 &#8211; 2 Tage vor Ankunft &#8211; Keine Erstattung<\/li><\/ul><p>         <\/p><p>  Wichtige Hinweise:<\/p><p>  Alle Stornierungen m\u00fcssen schriftlich an <a href=\"mailto:info@iceireland.com\">info@iceireland.com<\/a> erfolgen und vom College best\u00e4tigt werden.<\/p><ul><li>Die R\u00fcckerstattung wird innerhalb von 7-10 Werktagen nach der Stornierungsbest\u00e4tigung bearbeitet.<\/li><li>Bei Nichterscheinen oder vorzeitigem Verlassen des Kurses wird keine R\u00fcckerstattung gew\u00e4hrt.<\/li><li>Ankunft&#8220; im Sinne unserer R\u00fcckerstattungsrichtlinie ist 10 Uhr am Tag der Ankunft, unabh\u00e4ngig von der tats\u00e4chlichen Ankunftszeit.<\/li><\/ul><p> <\/p><ol start=\"2\"><li>Zulassung: Unser Zulassungsverfahren ist so gestaltet, dass es alle einbezieht und transparent ist. Wir halten uns an klare Kriterien sowohl f\u00fcr junge als auch f\u00fcr erwachsene Lernende und gew\u00e4hrleisten Chancengleichheit f\u00fcr alle Bewerber. Die Informationen \u00fcber unsere Programme und Zulassungsverfahren werden klar kommuniziert und potenziellen Lernenden leicht zug\u00e4nglich gemacht, um Transparenz und Zug\u00e4nglichkeit zu gew\u00e4hrleisten. <\/li><\/ol><ul><li>Informationen zu unseren Kursen erhalten Sie auf unserer Website und von unserem Einschreibungsteam.<\/li><li>Sch\u00fcler\/Eltern\/Erziehungsberechtigte oder Gruppenorganisatoren k\u00f6nnen sich online \u00fcber unser Buchungssystem oder das Gruppenanfrageformular anmelden.<\/li><li>Wir freuen uns auch \u00fcber direkte Anfragen und Kontaktaufnahme per E-Mail oder Telefon oder pers\u00f6nlich in unserer Schule in Malahide<\/li><li>Wir bieten umfassende Informationen vor der Buchung, einschlie\u00dflich Brosch\u00fcren, Buchungsformularen und zus\u00e4tzlichen Informationen.<\/li><li>Unterst\u00fctzung f\u00fcr unterschiedliche Lernende: Wir verpflichten uns, den Lernenden angemessene Anpassungen und Unterst\u00fctzungsleistungen zu bieten und werden von Fall zu Fall pr\u00fcfen, welche zus\u00e4tzlichen Bed\u00fcrfnisse wir im Rahmen unserer Programme unterst\u00fctzen k\u00f6nnen. Unsere Richtlinie zu Allergien, medizinischen Beschwerden und zus\u00e4tzlichen Bed\u00fcrfnissen ist auf unserer Website im QA-Handbuch f\u00fcr alle Beteiligten einsehbar. <\/li><\/ul><p> <\/p><ol start=\"3\"><li>Transfers: Flugnummer, Ankunftsdatum und -zeit m\u00fcssen dem Irish College of English so bald wie m\u00f6glich mitgeteilt werden, damit wir Ihre Abholung am Flughafen organisieren k\u00f6nnen. Wenn Fl\u00fcge versp\u00e4tet sind oder gestrichen werden, sollte das College sofort informiert werden, damit wir die Transfers umplanen k\u00f6nnen. Wenn wir die Transfers aufgrund mangelnder Vorank\u00fcndigung nicht umplanen k\u00f6nnen, m\u00fcssen die Studenten ihren Transport zu ihrem Wohnort selbst organisieren und bezahlen. <\/li><\/ol><p> <\/p><ol start=\"4\"><li>Bedarf an zus\u00e4tzlichen Transfers oder Unterk\u00fcnften. Sollte ein Sch\u00fcler aus irgendeinem Grund nicht in der Lage sein, einen Flug zu besteigen, sind wir gerne bereit, ihn bei der Unterbringung und dem Transfer zu unterst\u00fctzen, sofern dies m\u00f6glich ist. Die Sch\u00fcler oder Eltern\/Veranstalter als Erziehungsberechtigte k\u00f6nnen entscheiden, ob sie diese Dienste in Anspruch nehmen m\u00f6chten, die Kosten werden von uns getragen.  <\/li><\/ol><p> <\/p><ol start=\"5\"><li>Wir raten allen Kunden, vor der Ankunft eine umfassende Personen- und Krankenversicherung abzuschlie\u00dfen, da ICE im Falle von Krankheit, Diebstahl, Unfall, Sch\u00e4den oder Verlust von pers\u00f6nlichen Gegenst\u00e4nden keine Verantwortung \u00fcbernimmt. Alle Kunden aus EU-L\u00e4ndern sollten eine europ\u00e4ische Krankenversicherungskarte mitbringen. Studenten aus Nicht-EU-L\u00e4ndern m\u00fcssen eine private Krankenversicherung abschlie\u00dfen. Die Sch\u00fcler\/Eltern sind f\u00fcr alle medizinischen und damit verbundenen Kosten verantwortlich, die w\u00e4hrend ihres Aufenthalts anfallen. Verzichtserkl\u00e4rungen f\u00fcr Gruppen\/Einzelpersonen m\u00fcssen vor der Ankunft unterzeichnet werden.<\/li><\/ol><p> <\/p><ol start=\"6\"><li>Wir \u00fcbernehmen keine Verantwortung f\u00fcr Kosten, die aufgrund von Flugversp\u00e4tungen oder -stornierungen entstehen, wie z.B. Unterkunft usw.<\/li><\/ol><p> <\/p><ol start=\"7\"><li>ICE beh\u00e4lt sich das Recht vor, Sch\u00fcler von der Schule zu verweisen, die sich nicht an unsere Schulrichtlinien halten oder an Aktivit\u00e4ten teilnehmen, die ICE f\u00fcr inakzeptabel h\u00e4lt. In diesem Fall sind die Agenten\/Eltern f\u00fcr die Organisation der Unterkunft, die Verschiebung des R\u00fcckflugs usw. verantwortlich. Es werden keine Erstattungen gew\u00e4hrt.<\/li><\/ol><p> <\/p><ol start=\"8\"><li>Die Anmeldung wird f\u00fcr jeden Teilnehmer erst nach Eingang der ausgef\u00fcllten Anmeldeformulare und der vollst\u00e4ndigen Zahlung der Geb\u00fchren best\u00e4tigt.<\/li><\/ol><p> <\/p><ol start=\"9\"><li>Wird Eigentum des Gastgebers oder der Schule\/des Wohnheims oder sonstiges Eigentum durch einen Sch\u00fcler besch\u00e4digt oder gestohlen, so ist dieser Sch\u00fcler (bei minderj\u00e4hrigen Sch\u00fclern die Eltern) f\u00fcr die Kosten des Schadens verantwortlich und muss diese sofort bezahlen.<\/li><\/ol><p> <\/p><ol start=\"10\"><li>ICE beh\u00e4lt sich das Recht vor, Arrangements zu stornieren, wenn die Buchungsbedingungen nicht erf\u00fcllt sind.<\/li><\/ol><p> <\/p><ol start=\"11\"><li>ICE beh\u00e4lt sich das Recht vor, Programme zu stornieren, wenn die Teilnehmerzahl nicht ausreicht oder wenn das Programm aus irgendeinem Grund nicht durchgef\u00fchrt werden kann. Wenn ein Programm abgesagt wird, werden wir die Buchungen der Studenten auf ein alternatives Programm zu denselben Daten \u00fcbertragen.  Sollte ein Sch\u00fcler eine Buchung unter diesen Umst\u00e4nden stornieren wollen, gelten unsere normalen R\u00fcckerstattungsbedingungen. Sollte kein Alternativprogramm zur Verf\u00fcgung stehen, wird ICE eine R\u00fcckerstattung \/ Kursgutschrift ausstellen, eine andere Entsch\u00e4digung wird nicht gezahlt.<\/li><\/ol><p> <\/p><ol start=\"12\"><li>ICE muss vor der Buchung \u00fcber gesundheitliche Probleme, zus\u00e4tzliche Bed\u00fcrfnisse oder besondere Di\u00e4tanforderungen informiert werden. Die Buchungsbest\u00e4tigung erfolgt gem\u00e4\u00df unserer Richtlinie f\u00fcr Allergien, medizinische Bedingungen und zus\u00e4tzliche Bed\u00fcrfnisse.<\/li><\/ol><p> <\/p><ol start=\"13\"><li>Wenn ein Student aus irgendeinem Grund, der f\u00fcr ICE akzeptabel ist, nicht mehr in einer Unterkunft zu Hause oder in unseren Wohnheimen untergebracht werden kann, liegt es in der Verantwortung des Vermittlers\/der Eltern, eine geeignete Unterkunft f\u00fcr den Studenten zu finden. ICE erstattet dem Vermittler\/Elternteil die nicht in Anspruch genommenen Unterkunftsgeb\u00fchren. Beispiele f\u00fcr solche Situationen k\u00f6nnen sein: inakzeptables Verhalten des Sch\u00fclers, ein medizinisches Problem, auf das sich die Familie nicht einstellen kann, eine ansteckende Krankheit usw.<\/li><\/ol><p> <\/p><ol start=\"14\"><li>Es gibt keine R\u00fcckerstattung f\u00fcr Studenten, die von einem Kurs zu einem anderen Kurs mit weniger Stunden\/Wert\/Programm etc. wechseln. F\u00fcr vers\u00e4umte Kurstage, versp\u00e4tete Anreise oder vorzeitige Abreise sowie f\u00fcr Feiertage werden keine Geb\u00fchren erstattet.<\/li><\/ol><p> <\/p><ol start=\"15\"><li>Studenten, die ein Visum ben\u00f6tigen &#8211; ICE wird nach Erhalt der vollst\u00e4ndigen Buchungsinformationen und der Programmgeb\u00fchren ein Annahmeschreiben ausstellen. Sollte ein Student sein Visum nicht erhalten, werden wir alle gezahlten Geb\u00fchren zur\u00fcckerstatten, mit Ausnahme von 200 Euro, die wir als Verwaltungsgeb\u00fchr einbehalten. In diesem Fall sind die Sch\u00fcler\/Eltern\/Erziehungsberechtigten daf\u00fcr verantwortlich, ICE eine Erkl\u00e4rung des zust\u00e4ndigen Beraters\/Botschaft zukommen zu lassen, dass kein Visum ausgestellt wurde, bevor eine R\u00fcckerstattung erfolgen kann. Sobald die Kursteilnehmer unseren Zulassungsbescheid f\u00fcr die Einreise nach Irland verwendet haben, m\u00fcssen die Kurse besucht werden und alle Geb\u00fchren werden nicht zur\u00fcckerstattet.   <\/li><\/ol><p> <\/p><ol start=\"16\"><li>Alle Sch\u00fcler unter 18 Jahren, die an einem Online-Kurs teilnehmen, m\u00fcssen zu jeder Zeit von einem Erwachsenen beaufsichtigt werden, um ihre Sicherheit im Internet zu gew\u00e4hrleisten.<\/li><\/ol><p> <\/p><ol start=\"17\"><li>Im Falle eines Ereignisses h\u00f6herer Gewalt kann es sein, dass wir die oben genannten Bedingungen nicht erf\u00fcllen k\u00f6nnen. Wir werden uns jedoch bem\u00fchen, angemessene Anstrengungen zu unternehmen, um unseren normalen Betrieb und unsere normalen Bedingungen wieder aufzunehmen. Kurse k\u00f6nnen verschoben werden. In diesem Fall erhalten Sie eine volle Gutschrift oder R\u00fcckerstattung und k\u00f6nnen den Kurs zu einem sp\u00e4teren Zeitpunkt wiederholen.  Eine andere Entsch\u00e4digung wird nicht gew\u00e4hrt.<\/li><\/ol>\t\t\t\t\t\t\t\t<\/div>\n\t\t\t\t<\/div>\n\t\t\t\t\t<\/div>\n\t\t<\/div>\n\t\t\t\t\t<\/div>\n\t\t<\/section>\n\t\t\t\t<section class=\"elementor-section elementor-top-section elementor-element elementor-element-a14887b elementor-section-boxed elementor-section-height-default elementor-section-height-default\" data-id=\"a14887b\" data-element_type=\"section\" data-e-type=\"section\">\n\t\t\t\t\t\t<div class=\"elementor-container elementor-column-gap-default\">\n\t\t\t\t\t<div class=\"elementor-column elementor-col-100 elementor-top-column elementor-element elementor-element-fe4e607\" data-id=\"fe4e607\" data-element_type=\"column\" data-e-type=\"column\">\n\t\t\t<div class=\"elementor-widget-wrap elementor-element-populated\">\n\t\t\t\t\t\t<div class=\"elementor-element elementor-element-72e3c6c elementor-widget elementor-widget-spacer\" data-id=\"72e3c6c\" data-element_type=\"widget\" data-e-type=\"widget\" data-widget_type=\"spacer.default\">\n\t\t\t\t<div class=\"elementor-widget-container\">\n\t\t\t\t\t\t\t<div class=\"elementor-spacer\">\n\t\t\t<div class=\"elementor-spacer-inner\"><\/div>\n\t\t<\/div>\n\t\t\t\t\t\t<\/div>\n\t\t\t\t<\/div>\n\t\t\t\t\t<\/div>\n\t\t<\/div>\n\t\t\t\t\t<\/div>\n\t\t<\/section>\n\t\t\t\t<\/div>\n\t\t","protected":false},"excerpt":{"rendered":"<p>Bedingungen &amp; Konditionen Stornierungen und R\u00fcckerstattungsrichtlinien: Unsere &#8218;Book with confidence Guarantee&#8216; soll Flexibilit\u00e4t bieten und gleichzeitig sicherstellen, dass wir allen Sch\u00fclern den besten Service bieten k\u00f6nnen. Wir empfehlen Sch\u00fclern\/Eltern\/Erziehungsberechtigten\/Gruppenorganisatoren dringend, eine Reiseversicherung abzuschlie\u00dfen, um sich vor unerwarteten \u00c4nderungen ihrer Reisepl\u00e4ne zu sch\u00fctzen. Stornierung 7 Tage oder mehr vor Ankunft &#8211; Volle R\u00fcckerstattung Stornierung 3 &#8211; [&hellip;]<\/p>\n","protected":false},"author":3,"featured_media":0,"parent":0,"menu_order":0,"comment_status":"closed","ping_status":"closed","template":"","meta":{"content-type":"","footnotes":""},"class_list":["post-32070","page","type-page","status-publish","hentry"],"yoast_head":"<!-- This site is optimized with the Yoast SEO plugin v27.3 - https:\/\/yoast.com\/product\/yoast-seo-wordpress\/ -->\n<title>Bedingungen und Konditionen - Irish College of English<\/title>\n<meta name=\"robots\" content=\"index, follow, max-snippet:-1, max-image-preview:large, max-video-preview:-1\" \/>\n<link rel=\"canonical\" href=\"https:\/\/www.iceireland.com\/de\/terms-and-conditions\/\" \/>\n<meta property=\"og:locale\" content=\"de_DE\" \/>\n<meta property=\"og:type\" content=\"article\" \/>\n<meta property=\"og:title\" content=\"Bedingungen und Konditionen - Irish College of English\" \/>\n<meta property=\"og:description\" content=\"Bedingungen &amp; Konditionen Stornierungen und R\u00fcckerstattungsrichtlinien: Unsere &#8218;Book with confidence Guarantee&#8216; soll Flexibilit\u00e4t bieten und gleichzeitig sicherstellen, dass wir allen Sch\u00fclern den besten Service bieten k\u00f6nnen. Wir empfehlen Sch\u00fclern\/Eltern\/Erziehungsberechtigten\/Gruppenorganisatoren dringend, eine Reiseversicherung abzuschlie\u00dfen, um sich vor unerwarteten \u00c4nderungen ihrer Reisepl\u00e4ne zu sch\u00fctzen. Stornierung 7 Tage oder mehr vor Ankunft &#8211; Volle R\u00fcckerstattung Stornierung 3 &#8211; [&hellip;]\" \/>\n<meta property=\"og:url\" content=\"https:\/\/www.iceireland.com\/de\/terms-and-conditions\/\" \/>\n<meta property=\"og:site_name\" content=\"Irish College of English\" \/>\n<meta property=\"article:modified_time\" content=\"2026-01-30T16:25:07+00:00\" \/>\n<meta name=\"twitter:label1\" content=\"Gesch\u00e4tzte Lesezeit\" \/>\n\t<meta name=\"twitter:data1\" content=\"6\u00a0Minuten\" \/>\n<script type=\"application\/ld+json\" class=\"yoast-schema-graph\">{\"@context\":\"https:\\\/\\\/schema.org\",\"@graph\":[{\"@type\":\"WebPage\",\"@id\":\"https:\\\/\\\/www.iceireland.com\\\/de\\\/terms-and-conditions\\\/\",\"url\":\"https:\\\/\\\/www.iceireland.com\\\/de\\\/terms-and-conditions\\\/\",\"name\":\"Bedingungen und Konditionen - Irish College of English\",\"isPartOf\":{\"@id\":\"https:\\\/\\\/www.iceireland.com\\\/de\\\/#website\"},\"datePublished\":\"2020-02-11T15:56:52+00:00\",\"dateModified\":\"2026-01-30T16:25:07+00:00\",\"breadcrumb\":{\"@id\":\"https:\\\/\\\/www.iceireland.com\\\/de\\\/terms-and-conditions\\\/#breadcrumb\"},\"inLanguage\":\"de\",\"potentialAction\":[{\"@type\":\"ReadAction\",\"target\":[\"https:\\\/\\\/www.iceireland.com\\\/de\\\/terms-and-conditions\\\/\"]}]},{\"@type\":\"BreadcrumbList\",\"@id\":\"https:\\\/\\\/www.iceireland.com\\\/de\\\/terms-and-conditions\\\/#breadcrumb\",\"itemListElement\":[{\"@type\":\"ListItem\",\"position\":1,\"name\":\"Home\",\"item\":\"https:\\\/\\\/www.iceireland.com\\\/de\\\/\"},{\"@type\":\"ListItem\",\"position\":2,\"name\":\"Bedingungen und Konditionen\"}]},{\"@type\":\"WebSite\",\"@id\":\"https:\\\/\\\/www.iceireland.com\\\/de\\\/#website\",\"url\":\"https:\\\/\\\/www.iceireland.com\\\/de\\\/\",\"name\":\"Irish College of English\",\"description\":\"English School in Dublin, Malahide\",\"publisher\":{\"@id\":\"https:\\\/\\\/www.iceireland.com\\\/de\\\/#organization\"},\"potentialAction\":[{\"@type\":\"SearchAction\",\"target\":{\"@type\":\"EntryPoint\",\"urlTemplate\":\"https:\\\/\\\/www.iceireland.com\\\/de\\\/?s={search_term_string}\"},\"query-input\":{\"@type\":\"PropertyValueSpecification\",\"valueRequired\":true,\"valueName\":\"search_term_string\"}}],\"inLanguage\":\"de\"},{\"@type\":\"Organization\",\"@id\":\"https:\\\/\\\/www.iceireland.com\\\/de\\\/#organization\",\"name\":\"Irish College of English\",\"url\":\"https:\\\/\\\/www.iceireland.com\\\/de\\\/\",\"logo\":{\"@type\":\"ImageObject\",\"inLanguage\":\"de\",\"@id\":\"https:\\\/\\\/www.iceireland.com\\\/de\\\/#\\\/schema\\\/logo\\\/image\\\/\",\"url\":\"https:\\\/\\\/www.iceireland.com\\\/wp-content\\\/uploads\\\/2022\\\/03\\\/logo.png\",\"contentUrl\":\"https:\\\/\\\/www.iceireland.com\\\/wp-content\\\/uploads\\\/2022\\\/03\\\/logo.png\",\"width\":593,\"height\":92,\"caption\":\"Irish College of English\"},\"image\":{\"@id\":\"https:\\\/\\\/www.iceireland.com\\\/de\\\/#\\\/schema\\\/logo\\\/image\\\/\"}}]}<\/script>\n<!-- \/ Yoast SEO plugin. -->","yoast_head_json":{"title":"Bedingungen und Konditionen - Irish College of English","robots":{"index":"index","follow":"follow","max-snippet":"max-snippet:-1","max-image-preview":"max-image-preview:large","max-video-preview":"max-video-preview:-1"},"canonical":"https:\/\/www.iceireland.com\/de\/terms-and-conditions\/","og_locale":"de_DE","og_type":"article","og_title":"Bedingungen und Konditionen - Irish College of English","og_description":"Bedingungen &amp; Konditionen Stornierungen und R\u00fcckerstattungsrichtlinien: Unsere &#8218;Book with confidence Guarantee&#8216; soll Flexibilit\u00e4t bieten und gleichzeitig sicherstellen, dass wir allen Sch\u00fclern den besten Service bieten k\u00f6nnen. Wir empfehlen Sch\u00fclern\/Eltern\/Erziehungsberechtigten\/Gruppenorganisatoren dringend, eine Reiseversicherung abzuschlie\u00dfen, um sich vor unerwarteten \u00c4nderungen ihrer Reisepl\u00e4ne zu sch\u00fctzen. Stornierung 7 Tage oder mehr vor Ankunft &#8211; Volle R\u00fcckerstattung Stornierung 3 &#8211; [&hellip;]","og_url":"https:\/\/www.iceireland.com\/de\/terms-and-conditions\/","og_site_name":"Irish College of English","article_modified_time":"2026-01-30T16:25:07+00:00","twitter_misc":{"Gesch\u00e4tzte Lesezeit":"6\u00a0Minuten"},"schema":{"@context":"https:\/\/schema.org","@graph":[{"@type":"WebPage","@id":"https:\/\/www.iceireland.com\/de\/terms-and-conditions\/","url":"https:\/\/www.iceireland.com\/de\/terms-and-conditions\/","name":"Bedingungen und Konditionen - Irish College of English","isPartOf":{"@id":"https:\/\/www.iceireland.com\/de\/#website"},"datePublished":"2020-02-11T15:56:52+00:00","dateModified":"2026-01-30T16:25:07+00:00","breadcrumb":{"@id":"https:\/\/www.iceireland.com\/de\/terms-and-conditions\/#breadcrumb"},"inLanguage":"de","potentialAction":[{"@type":"ReadAction","target":["https:\/\/www.iceireland.com\/de\/terms-and-conditions\/"]}]},{"@type":"BreadcrumbList","@id":"https:\/\/www.iceireland.com\/de\/terms-and-conditions\/#breadcrumb","itemListElement":[{"@type":"ListItem","position":1,"name":"Home","item":"https:\/\/www.iceireland.com\/de\/"},{"@type":"ListItem","position":2,"name":"Bedingungen und Konditionen"}]},{"@type":"WebSite","@id":"https:\/\/www.iceireland.com\/de\/#website","url":"https:\/\/www.iceireland.com\/de\/","name":"Irish College of English","description":"English School in Dublin, Malahide","publisher":{"@id":"https:\/\/www.iceireland.com\/de\/#organization"},"potentialAction":[{"@type":"SearchAction","target":{"@type":"EntryPoint","urlTemplate":"https:\/\/www.iceireland.com\/de\/?s={search_term_string}"},"query-input":{"@type":"PropertyValueSpecification","valueRequired":true,"valueName":"search_term_string"}}],"inLanguage":"de"},{"@type":"Organization","@id":"https:\/\/www.iceireland.com\/de\/#organization","name":"Irish College of English","url":"https:\/\/www.iceireland.com\/de\/","logo":{"@type":"ImageObject","inLanguage":"de","@id":"https:\/\/www.iceireland.com\/de\/#\/schema\/logo\/image\/","url":"https:\/\/www.iceireland.com\/wp-content\/uploads\/2022\/03\/logo.png","contentUrl":"https:\/\/www.iceireland.com\/wp-content\/uploads\/2022\/03\/logo.png","width":593,"height":92,"caption":"Irish College of English"},"image":{"@id":"https:\/\/www.iceireland.com\/de\/#\/schema\/logo\/image\/"}}]}},"_links":{"self":[{"href":"https:\/\/www.iceireland.com\/de\/wp-json\/wp\/v2\/pages\/32070","targetHints":{"allow":["GET"]}}],"collection":[{"href":"https:\/\/www.iceireland.com\/de\/wp-json\/wp\/v2\/pages"}],"about":[{"href":"https:\/\/www.iceireland.com\/de\/wp-json\/wp\/v2\/types\/page"}],"author":[{"embeddable":true,"href":"https:\/\/www.iceireland.com\/de\/wp-json\/wp\/v2\/users\/3"}],"replies":[{"embeddable":true,"href":"https:\/\/www.iceireland.com\/de\/wp-json\/wp\/v2\/comments?post=32070"}],"version-history":[{"count":2,"href":"https:\/\/www.iceireland.com\/de\/wp-json\/wp\/v2\/pages\/32070\/revisions"}],"predecessor-version":[{"id":32072,"href":"https:\/\/www.iceireland.com\/de\/wp-json\/wp\/v2\/pages\/32070\/revisions\/32072"}],"wp:attachment":[{"href":"https:\/\/www.iceireland.com\/de\/wp-json\/wp\/v2\/media?parent=32070"}],"curies":[{"name":"wp","href":"https:\/\/api.w.org\/{rel}","templated":true}]}}