{"id":32107,"date":"2020-02-27T10:40:47","date_gmt":"2020-02-27T10:40:47","guid":{"rendered":"https:\/\/www.iceireland.com\/coronavirus-and-irish-college-of-english-programmes\/"},"modified":"2026-01-30T16:26:14","modified_gmt":"2026-01-30T16:26:14","slug":"coronavirus-and-irish-college-of-english-programmes","status":"publish","type":"page","link":"https:\/\/www.iceireland.com\/de\/coronavirus-and-irish-college-of-english-programmes\/","title":{"rendered":"Coronavirus und die Programme des Irish College of English"},"content":{"rendered":"\t\t<div data-elementor-type=\"wp-page\" data-elementor-id=\"32107\" class=\"elementor elementor-32107 elementor-7011\" data-elementor-post-type=\"page\">\n\t\t\t\t\t\t<section class=\"elementor-section elementor-top-section elementor-element elementor-element-745564da elementor-section-boxed elementor-section-height-default elementor-section-height-default\" data-id=\"745564da\" data-element_type=\"section\" data-e-type=\"section\">\n\t\t\t\t\t\t<div class=\"elementor-container elementor-column-gap-default\">\n\t\t\t\t\t<div class=\"elementor-column elementor-col-100 elementor-top-column elementor-element elementor-element-346afb08\" data-id=\"346afb08\" data-element_type=\"column\" data-e-type=\"column\">\n\t\t\t<div class=\"elementor-widget-wrap elementor-element-populated\">\n\t\t\t\t\t\t<div class=\"elementor-element elementor-element-67097e24 elementor-widget elementor-widget-text-editor\" data-id=\"67097e24\" data-element_type=\"widget\" data-e-type=\"widget\" data-widget_type=\"text-editor.default\">\n\t\t\t\t<div class=\"elementor-widget-container\">\n\t\t\t\t\t\t\t\t\t<p><strong>Datiert 7. M\u00e4rz 2022<\/strong><\/p><p><strong>Programme von Covid-19 und dem Irish College of English<\/strong><\/p><p style=\"background-image: initial; background-position: initial; background-size: initial; background-repeat: initial; background-attachment: initial; background-origin: initial; background-clip: initial;\"><b><span style=\"font-size: 12pt; font-family: Roboto;\">Gute Nachrichten<\/span><\/b><\/p><p style=\"margin-bottom: 14.4pt; background-image: initial; background-position: initial; background-size: initial; background-repeat: initial; background-attachment: initial; background-origin: initial; background-clip: initial;\"><b><i><span style=\"font-size: 12.0pt; color: #404040; letter-spacing: .15pt;\">Alle COVID-19-Beschr\u00e4nkungen wurden f\u00fcr Reisen nach Irland aufgehoben. Sie m\u00fcssen kein Passagierlokalisierungsformular mehr ausf\u00fcllen. Sie ben\u00f6tigen auch keinen Nachweis mehr \u00fcber eine Impfung oder Genesung oder einen COVID-19-Test.  <\/span><\/i><\/b><\/p><p style=\"margin-bottom: 14.4pt; background-image: initial; background-position: initial; background-size: initial; background-repeat: initial; background-attachment: initial; background-origin: initial; background-clip: initial;\"><span style=\"color: #404040; font-size: 12pt; letter-spacing: 0.15pt;\">In Irland gibt es keine Einschr\u00e4nkungen bez\u00fcglich des Tragens von Masken oder sozialer Distanzierung.<\/span><\/p><p style=\"margin-bottom: 14.4pt; background-image: initial; background-position: initial; background-size: initial; background-repeat: initial; background-attachment: initial; background-origin: initial; background-clip: initial;\"><span style=\"font-size: 12.0pt; color: #404040; letter-spacing: .15pt;\">Die einzigen verbleibenden Einschr\u00e4nkungen betreffen die  <\/span><span style=\"font-size: 12.0pt; color: black;\">die Notwendigkeit, sich selbst zu isolieren, wenn Sie Symptome haben, und einige begrenzte Richtlinien f\u00fcr enge Kontakte. Die Regierung plant, diese verbleibenden Beschr\u00e4nkungen auslaufen zu lassen. <\/span><\/p><p style=\"margin-bottom: 14.4pt; background-image: initial; background-position: initial; background-size: initial; background-repeat: initial; background-attachment: initial; background-origin: initial; background-clip: initial;\"><span style=\"font-size: 12.0pt; color: black;\">Irland ist mit seinem Impfprogramm sehr erfolgreich. Die Durchimpfungsrate bei der Erstimpfung liegt bei \u00fcber 95 % und die Durchimpfungsrate bei der Auffrischungsimpfung liegt derzeit bei 70 %. Die gro\u00dfe Mehrheit unserer Mitarbeiter und Gastfamilien ist also vollst\u00e4ndig geimpft.   <\/span><\/p><p>Mit der Lockerung der meisten Beschr\u00e4nkungen f\u00fcr Covid-19 tritt Irland nun in eine neue Phase ein. Das Leben hat sich wieder normalisiert und die Menschen m\u00fcssen keine Masken mehr tragen oder sich sozial distanzieren. Die einzigen verbleibenden Einschr\u00e4nkungen betreffen internationale Reisen und die Selbstisolierung. Wir hoffen, dass mit der Zeit auch diese Restriktionen aufgehoben werden.   <\/p><p>F\u00fcr das Irish College of English hat die Gesundheit und Sicherheit aller unserer Mitarbeiter, Studenten, Gastfamilien und der Gemeinden, in denen wir t\u00e4tig sind, Priorit\u00e4t. Wir halten uns \u00fcber alle Empfehlungen der Regierung in Bezug auf Covid-19 auf dem Laufenden und werden die besten Praktiken in dieser Hinsicht befolgen, um das Wohlergehen aller unserer Mitarbeiter und Kunden jetzt und in Zukunft zu gew\u00e4hrleisten. <\/p><p>F\u00fcr alle unsere Programme haben wir erweiterte Sicherheits- und Reinigungsprotokolle, um sicherzustellen, dass wir alle Richtlinien rund um Covid-19 befolgen. Alle unsere Klassenzimmer sind mit CO2-Monitoren ausgestattet. H\u00e4ndedesinfektionsstationen sind in der gesamten Schule vorhanden. Wir werden unsere Richtlinien auch weiterhin aktualisieren, um eine sichere und angenehme Bildungserfahrung f\u00fcr alle zu gew\u00e4hrleisten.   <\/p><p>Auch Irland ist mit seinem Impfprogramm sehr erfolgreich. Die Durchimpfungsrate bei der Erstimpfung liegt bei \u00fcber 95 % und die Durchimpfungsrate bei der Auffrischungsimpfung liegt derzeit bei 65 %. Die gro\u00dfe Mehrheit unserer Mitarbeiter und Gastfamilien ist also vollst\u00e4ndig geimpft. Die aktuelle Omicron-Welle hat nun ihren H\u00f6hepunkt \u00fcberschritten.  <\/p><div><p><a href=\"#\">Ist die Schule derzeit f\u00fcr Pr\u00e4senzunterricht ge\u00f6ffnet?<\/a><\/p><\/div><div><div><p>Ja, alle unsere Kurse und Programme f\u00fcr Erwachsene und Jugendliche laufen wie gewohnt.<\/p><\/div><\/div><div><p><a href=\"#\">Wie wird das Irish College of English die Sicherheit der Studenten und Mitarbeiter der Schule gew\u00e4hrleisten?<\/a><\/p><div><p>Indem wir die Richtlinien der irischen Regierung strikt befolgen und uns \u00fcber die neuesten Ratschl\u00e4ge der Health Service Executive (HSE) auf dem Laufenden halten, haben wir Ma\u00dfnahmen ergriffen, die eine sichere R\u00fcckkehr zur Schule erm\u00f6glichen. Eine wichtige Ma\u00dfnahme sind CO2-Monitore in jedem Klassenzimmer, um jederzeit eine angemessene Bel\u00fcftung zu gew\u00e4hrleisten. Es wurden Reinigungspl\u00e4ne eingef\u00fchrt, um einen besseren Schutz vor COVID-19 zu gew\u00e4hrleisten. Dazu geh\u00f6rt eine gr\u00fcndliche t\u00e4gliche Reinigung mit regelm\u00e4\u00dfiger Desinfektion potenziell kontaminierter Oberfl\u00e4chen w\u00e4hrend des Tages.  <\/p><\/div><\/div><div><p><a href=\"#\">Wie kann ich die Schule kontaktieren, wenn ich ein Anliegen habe?<\/a><\/p><div><p>Sie k\u00f6nnen das B\u00fcro unter 01 8453744 oder info@iceireland.com anrufen oder eine E-Mail schicken.<\/p><\/div><\/div><div><p><a href=\"#\">Was sollte ich tun, wenn ich Symptome von COVID-19 entwickle?<\/a><\/p><div><p>Wenn ein Student COVID-19-Symptome entwickelt: neuer anhaltender Husten, hohes Fieber oder Verlust\/Ver\u00e4nderung des Geschmacks- oder Geruchssinns (Anosmie), M\u00fcdigkeit, w\u00e4hrend er sich in Irland aufh\u00e4lt oder reist, sollte er seinen Arzt und\/oder seine Versicherung anrufen, um zu besprechen, was zu tun ist, und die Ratschl\u00e4ge des \u00f6ffentlichen Gesundheitswesens in Irland zu dieser Zeit befolgen.<\/p><p>Derzeit gilt das Folgende:<\/p><ol><li>Isolieren Sie sich selbst (bleiben Sie im Haus und vermeiden Sie den Kontakt mit anderen Menschen)<\/li><li>Machen Sie einen selbst durchgef\u00fchrten Antigentest. Wenn Sie unter 39 Jahre alt sind, ist ein PCR-Test nicht erforderlich. Die Schule stellt jedem Sch\u00fcler mit Symptomen oder engem Kontakt kostenlos Antigentests zur Verf\u00fcgung. <\/li><\/ol><p>Positives Ergebnis<\/p><p>Der Student muss sich 7 Tage lang in einem Einzelzimmer selbst isolieren.<\/p><p>Negatives Ergebnis<\/p><p>Der Student muss sich selbst in einem Einzelzimmer isolieren, bis er 48 Stunden lang keine Symptome mehr hat.<\/p><\/div><\/div><div><div><p><a href=\"#\">Wie lauten die Regeln f\u00fcr Reisen nach Irland?<\/a><\/p><\/div><\/div><div><div><p><span style=\"font-size: 12pt; font-family: Roboto;\">Aktuelle Informationen \u00fcber Reisen nach Irland finden Sie unter:<\/span> <u><\/u><\/p><p><u><span style=\"font-size: 12pt; font-family: Roboto; color: #0563c1; background-image: initial; background-position: initial; background-size: initial; background-repeat: initial; background-attachment: initial; background-origin: initial; background-clip: initial;\"><a style=\"color: #1155cc;\" href=\"https:\/\/urldefense.proofpoint.com\/v2\/url?u=https-3A__www.citizensinformation.ie_en_travel-5Fand-5Frecreation_travel-5Fto-5Fireland_travel-5Fto-5Fireland-5Fduring-5Fcovid.html-23l41d7d&amp;d=DwMFaQ&amp;c=euGZstcaTDllvimEN8b7jXrwqOf-v5A_CdpgnVfiiMM&amp;r=6sF5MjZTTADw7lYvl303WIaH3-wpCL1IW38EiTxvrEI&amp;m=p9OyM7sZ5u0ffIW7UqJVoFDalkDTlJvYoIiyAjolaMU&amp;s=6srtfScuvZoXuxhn7PEbFjN-8wz32DKwysxId8cbKg8&amp;e=\" target=\"_blank\" rel=\"noopener\" data-saferedirecturl=\"https:\/\/www.google.com\/url?q=https:\/\/urldefense.proofpoint.com\/v2\/url?u%3Dhttps-3A__www.citizensinformation.ie_en_travel-5Fand-5Frecreation_travel-5Fto-5Fireland_travel-5Fto-5Fireland-5Fduring-5Fcovid.html-23l41d7d%26d%3DDwMFaQ%26c%3DeuGZstcaTDllvimEN8b7jXrwqOf-v5A_CdpgnVfiiMM%26r%3D6sF5MjZTTADw7lYvl303WIaH3-wpCL1IW38EiTxvrEI%26m%3Dp9OyM7sZ5u0ffIW7UqJVoFDalkDTlJvYoIiyAjolaMU%26s%3D6srtfScuvZoXuxhn7PEbFjN-8wz32DKwysxId8cbKg8%26e%3D&amp;source=gmail&amp;ust=1631951870289000&amp;usg=AFQjCNG-qMUtp6MUmoQ2CVJBiDWXOWGl9A\">https:\/\/www.<wbr><\/wbr>citizensinformation.ie\/de\/<wbr><\/wbr>travel_and_recreation\/travel_<wbr><\/wbr>to_ireland\/travel_to_ireland_<wbr><\/wbr>during_covid.html#l41d7d<\/a><\/span><\/u><\/p><p><span style=\"font-size: 12pt; font-family: Roboto;\">Um das Reisen zu erleichtern, raten wir allen Studenten, sich mit einem von der EMA zugelassenen Impfstoff impfen zu lassen. Wenn Sie in Irland vollst\u00e4ndig geimpft sind und eine Auffrischungsimpfung erhalten haben, m\u00fcssen Sie sich nicht selbst isolieren, wenn Sie ein enger Kontakt sind und keine Symptome zeigen.   <\/span><\/p><p>Sollten Sie mit einem PCR-Test nach Irland einreisen und 72 Stunden vor der Abreise einen weiteren Test ben\u00f6tigen, k\u00f6nnen wir Ihnen dabei helfen. Bitte kontaktieren Sie uns f\u00fcr weitere Informationen.<\/p><\/div><\/div><div><p><a href=\"#\">Wo kann ich als internationaler Student Ratschl\u00e4ge zu COVID-19 erhalten?  <\/a><\/p><div><p>Der Irish Council for International Students (ICOS) hat Informationen zu Gesundheits-, Reise-, Bildungs- und Gesundheitsfragen zusammengestellt, die internationale Studenten beachten sollten. Wenn Sie Fragen zu COVID-19 haben, k\u00f6nnen Sie die Beratungsstelle des Au\u00dfenministeriums unter 01 613 1733 anrufen. <\/p><\/div><\/div><div><p><a href=\"#\">Welche Unterkunftsm\u00f6glichkeiten gibt es?<\/a><\/p><div><p>Wir bieten eine gro\u00dfe Auswahl an Gastfamilien und Wohnm\u00f6glichkeiten.<\/p><\/div><\/div><div><p><a href=\"#\">Was passiert, wenn ich w\u00e4hrend meines Kurses Covid-19 bekomme?<\/a><\/p><div><p>In dieser Situation werden Sie von der HSE aufgefordert, sich selbst zu isolieren. Alle Studenten sollten \u00fcber eine angemessene Versicherung oder pers\u00f6nliche Geldmittel verf\u00fcgen, um etwaige zus\u00e4tzliche Kosten wie Unterkunft, Lebenshaltungskosten, Flug\u00e4nderungen usw. zu decken. <\/p><\/div><\/div><div><p><a href=\"#\">Wie sieht die Stornierungsregelung aus, wenn ich einen Kurs jetzt buche und dann nicht teilnehmen kann?<\/a><\/p><div><p>Unsere &#8218;Book with Confidence Guarantee&#8216; erm\u00f6glicht es Einzelpersonen und Gruppen, die nach Irland reisen, bis 7 Tage vor der Ankunft kostenlos zu stornieren. Wenn Sie innerhalb von 7 Tagen vor der Ankunft stornieren m\u00fcssen, bieten wir Ihnen eine kostenlose Verschiebung des Kurses an, die bis Ende 2023 g\u00fcltig ist. F\u00fcr Aufenthalte, die innerhalb von 7 Tagen vor der Ankunft storniert werden, wird keine R\u00fcckerstattung gew\u00e4hrt.  <\/p><\/div><\/div>\t\t\t\t\t\t\t\t<\/div>\n\t\t\t\t<\/div>\n\t\t\t\t\t<\/div>\n\t\t<\/div>\n\t\t\t\t\t<\/div>\n\t\t<\/section>\n\t\t\t\t<\/div>\n\t\t","protected":false},"excerpt":{"rendered":"<p>Datiert 7. M\u00e4rz 2022 Programme von Covid-19 und dem Irish College of English Gute Nachrichten Alle COVID-19-Beschr\u00e4nkungen wurden f\u00fcr Reisen nach Irland aufgehoben. Sie m\u00fcssen kein Passagierlokalisierungsformular mehr ausf\u00fcllen. Sie ben\u00f6tigen auch keinen Nachweis mehr \u00fcber eine Impfung oder Genesung oder einen COVID-19-Test. In Irland gibt es keine Einschr\u00e4nkungen bez\u00fcglich des Tragens von Masken oder [&hellip;]<\/p>\n","protected":false},"author":3,"featured_media":0,"parent":0,"menu_order":0,"comment_status":"closed","ping_status":"closed","template":"","meta":{"content-type":"","footnotes":""},"class_list":["post-32107","page","type-page","status-publish","hentry"],"yoast_head":"<!-- This site is optimized with the Yoast SEO plugin v27.3 - https:\/\/yoast.com\/product\/yoast-seo-wordpress\/ -->\n<title>Coronavirus und die Programme des Irish College of English - Irish College of English<\/title>\n<meta name=\"robots\" content=\"index, follow, max-snippet:-1, max-image-preview:large, max-video-preview:-1\" \/>\n<link rel=\"canonical\" href=\"https:\/\/www.iceireland.com\/de\/coronavirus-and-irish-college-of-english-programmes\/\" \/>\n<meta property=\"og:locale\" content=\"de_DE\" \/>\n<meta property=\"og:type\" content=\"article\" \/>\n<meta property=\"og:title\" content=\"Coronavirus und die Programme des Irish College of English - Irish College of English\" \/>\n<meta property=\"og:description\" content=\"Datiert 7. M\u00e4rz 2022 Programme von Covid-19 und dem Irish College of English Gute Nachrichten Alle COVID-19-Beschr\u00e4nkungen wurden f\u00fcr Reisen nach Irland aufgehoben. Sie m\u00fcssen kein Passagierlokalisierungsformular mehr ausf\u00fcllen. Sie ben\u00f6tigen auch keinen Nachweis mehr \u00fcber eine Impfung oder Genesung oder einen COVID-19-Test. In Irland gibt es keine Einschr\u00e4nkungen bez\u00fcglich des Tragens von Masken oder [&hellip;]\" \/>\n<meta property=\"og:url\" content=\"https:\/\/www.iceireland.com\/de\/coronavirus-and-irish-college-of-english-programmes\/\" \/>\n<meta property=\"og:site_name\" content=\"Irish College of English\" \/>\n<meta property=\"article:modified_time\" content=\"2026-01-30T16:26:14+00:00\" \/>\n<meta name=\"twitter:label1\" content=\"Gesch\u00e4tzte Lesezeit\" \/>\n\t<meta name=\"twitter:data1\" content=\"5\u00a0Minuten\" \/>\n<script type=\"application\/ld+json\" class=\"yoast-schema-graph\">{\"@context\":\"https:\\\/\\\/schema.org\",\"@graph\":[{\"@type\":\"WebPage\",\"@id\":\"https:\\\/\\\/www.iceireland.com\\\/de\\\/coronavirus-and-irish-college-of-english-programmes\\\/\",\"url\":\"https:\\\/\\\/www.iceireland.com\\\/de\\\/coronavirus-and-irish-college-of-english-programmes\\\/\",\"name\":\"Coronavirus und die Programme des Irish College of English - Irish College of English\",\"isPartOf\":{\"@id\":\"https:\\\/\\\/www.iceireland.com\\\/de\\\/#website\"},\"datePublished\":\"2020-02-27T10:40:47+00:00\",\"dateModified\":\"2026-01-30T16:26:14+00:00\",\"breadcrumb\":{\"@id\":\"https:\\\/\\\/www.iceireland.com\\\/de\\\/coronavirus-and-irish-college-of-english-programmes\\\/#breadcrumb\"},\"inLanguage\":\"de\",\"potentialAction\":[{\"@type\":\"ReadAction\",\"target\":[\"https:\\\/\\\/www.iceireland.com\\\/de\\\/coronavirus-and-irish-college-of-english-programmes\\\/\"]}]},{\"@type\":\"BreadcrumbList\",\"@id\":\"https:\\\/\\\/www.iceireland.com\\\/de\\\/coronavirus-and-irish-college-of-english-programmes\\\/#breadcrumb\",\"itemListElement\":[{\"@type\":\"ListItem\",\"position\":1,\"name\":\"Home\",\"item\":\"https:\\\/\\\/www.iceireland.com\\\/de\\\/\"},{\"@type\":\"ListItem\",\"position\":2,\"name\":\"Coronavirus und die Programme des Irish College of English\"}]},{\"@type\":\"WebSite\",\"@id\":\"https:\\\/\\\/www.iceireland.com\\\/de\\\/#website\",\"url\":\"https:\\\/\\\/www.iceireland.com\\\/de\\\/\",\"name\":\"Irish College of English\",\"description\":\"English School in Dublin, Malahide\",\"publisher\":{\"@id\":\"https:\\\/\\\/www.iceireland.com\\\/de\\\/#organization\"},\"potentialAction\":[{\"@type\":\"SearchAction\",\"target\":{\"@type\":\"EntryPoint\",\"urlTemplate\":\"https:\\\/\\\/www.iceireland.com\\\/de\\\/?s={search_term_string}\"},\"query-input\":{\"@type\":\"PropertyValueSpecification\",\"valueRequired\":true,\"valueName\":\"search_term_string\"}}],\"inLanguage\":\"de\"},{\"@type\":\"Organization\",\"@id\":\"https:\\\/\\\/www.iceireland.com\\\/de\\\/#organization\",\"name\":\"Irish College of English\",\"url\":\"https:\\\/\\\/www.iceireland.com\\\/de\\\/\",\"logo\":{\"@type\":\"ImageObject\",\"inLanguage\":\"de\",\"@id\":\"https:\\\/\\\/www.iceireland.com\\\/de\\\/#\\\/schema\\\/logo\\\/image\\\/\",\"url\":\"https:\\\/\\\/www.iceireland.com\\\/wp-content\\\/uploads\\\/2022\\\/03\\\/logo.png\",\"contentUrl\":\"https:\\\/\\\/www.iceireland.com\\\/wp-content\\\/uploads\\\/2022\\\/03\\\/logo.png\",\"width\":593,\"height\":92,\"caption\":\"Irish College of English\"},\"image\":{\"@id\":\"https:\\\/\\\/www.iceireland.com\\\/de\\\/#\\\/schema\\\/logo\\\/image\\\/\"}}]}<\/script>\n<!-- \/ Yoast SEO plugin. -->","yoast_head_json":{"title":"Coronavirus und die Programme des Irish College of English - Irish College of English","robots":{"index":"index","follow":"follow","max-snippet":"max-snippet:-1","max-image-preview":"max-image-preview:large","max-video-preview":"max-video-preview:-1"},"canonical":"https:\/\/www.iceireland.com\/de\/coronavirus-and-irish-college-of-english-programmes\/","og_locale":"de_DE","og_type":"article","og_title":"Coronavirus und die Programme des Irish College of English - Irish College of English","og_description":"Datiert 7. M\u00e4rz 2022 Programme von Covid-19 und dem Irish College of English Gute Nachrichten Alle COVID-19-Beschr\u00e4nkungen wurden f\u00fcr Reisen nach Irland aufgehoben. Sie m\u00fcssen kein Passagierlokalisierungsformular mehr ausf\u00fcllen. Sie ben\u00f6tigen auch keinen Nachweis mehr \u00fcber eine Impfung oder Genesung oder einen COVID-19-Test. In Irland gibt es keine Einschr\u00e4nkungen bez\u00fcglich des Tragens von Masken oder [&hellip;]","og_url":"https:\/\/www.iceireland.com\/de\/coronavirus-and-irish-college-of-english-programmes\/","og_site_name":"Irish College of English","article_modified_time":"2026-01-30T16:26:14+00:00","twitter_misc":{"Gesch\u00e4tzte Lesezeit":"5\u00a0Minuten"},"schema":{"@context":"https:\/\/schema.org","@graph":[{"@type":"WebPage","@id":"https:\/\/www.iceireland.com\/de\/coronavirus-and-irish-college-of-english-programmes\/","url":"https:\/\/www.iceireland.com\/de\/coronavirus-and-irish-college-of-english-programmes\/","name":"Coronavirus und die Programme des Irish College of English - Irish College of English","isPartOf":{"@id":"https:\/\/www.iceireland.com\/de\/#website"},"datePublished":"2020-02-27T10:40:47+00:00","dateModified":"2026-01-30T16:26:14+00:00","breadcrumb":{"@id":"https:\/\/www.iceireland.com\/de\/coronavirus-and-irish-college-of-english-programmes\/#breadcrumb"},"inLanguage":"de","potentialAction":[{"@type":"ReadAction","target":["https:\/\/www.iceireland.com\/de\/coronavirus-and-irish-college-of-english-programmes\/"]}]},{"@type":"BreadcrumbList","@id":"https:\/\/www.iceireland.com\/de\/coronavirus-and-irish-college-of-english-programmes\/#breadcrumb","itemListElement":[{"@type":"ListItem","position":1,"name":"Home","item":"https:\/\/www.iceireland.com\/de\/"},{"@type":"ListItem","position":2,"name":"Coronavirus und die Programme des Irish College of English"}]},{"@type":"WebSite","@id":"https:\/\/www.iceireland.com\/de\/#website","url":"https:\/\/www.iceireland.com\/de\/","name":"Irish College of English","description":"English School in Dublin, Malahide","publisher":{"@id":"https:\/\/www.iceireland.com\/de\/#organization"},"potentialAction":[{"@type":"SearchAction","target":{"@type":"EntryPoint","urlTemplate":"https:\/\/www.iceireland.com\/de\/?s={search_term_string}"},"query-input":{"@type":"PropertyValueSpecification","valueRequired":true,"valueName":"search_term_string"}}],"inLanguage":"de"},{"@type":"Organization","@id":"https:\/\/www.iceireland.com\/de\/#organization","name":"Irish College of English","url":"https:\/\/www.iceireland.com\/de\/","logo":{"@type":"ImageObject","inLanguage":"de","@id":"https:\/\/www.iceireland.com\/de\/#\/schema\/logo\/image\/","url":"https:\/\/www.iceireland.com\/wp-content\/uploads\/2022\/03\/logo.png","contentUrl":"https:\/\/www.iceireland.com\/wp-content\/uploads\/2022\/03\/logo.png","width":593,"height":92,"caption":"Irish College of English"},"image":{"@id":"https:\/\/www.iceireland.com\/de\/#\/schema\/logo\/image\/"}}]}},"_links":{"self":[{"href":"https:\/\/www.iceireland.com\/de\/wp-json\/wp\/v2\/pages\/32107","targetHints":{"allow":["GET"]}}],"collection":[{"href":"https:\/\/www.iceireland.com\/de\/wp-json\/wp\/v2\/pages"}],"about":[{"href":"https:\/\/www.iceireland.com\/de\/wp-json\/wp\/v2\/types\/page"}],"author":[{"embeddable":true,"href":"https:\/\/www.iceireland.com\/de\/wp-json\/wp\/v2\/users\/3"}],"replies":[{"embeddable":true,"href":"https:\/\/www.iceireland.com\/de\/wp-json\/wp\/v2\/comments?post=32107"}],"version-history":[{"count":1,"href":"https:\/\/www.iceireland.com\/de\/wp-json\/wp\/v2\/pages\/32107\/revisions"}],"predecessor-version":[{"id":32108,"href":"https:\/\/www.iceireland.com\/de\/wp-json\/wp\/v2\/pages\/32107\/revisions\/32108"}],"wp:attachment":[{"href":"https:\/\/www.iceireland.com\/de\/wp-json\/wp\/v2\/media?parent=32107"}],"curies":[{"name":"wp","href":"https:\/\/api.w.org\/{rel}","templated":true}]}}