{"id":32126,"date":"2014-10-20T09:11:13","date_gmt":"2014-10-20T09:11:13","guid":{"rendered":"https:\/\/www.iceireland.com\/learn-english-ireland-host-family\/"},"modified":"2026-01-30T16:27:05","modified_gmt":"2026-01-30T16:27:05","slug":"learn-english-ireland-host-family","status":"publish","type":"page","link":"https:\/\/www.iceireland.com\/de\/learn-english-ireland-host-family\/","title":{"rendered":"Englisch lernen Irland Gastfamilie"},"content":{"rendered":"<h2><strong>Unterkunft in einer Gastfamilie  <\/strong><\/h2>\n<p><strong style=\"color: #339966; line-height: 1.5;\"> <\/strong><\/p>\n<blockquote>\n<h4 style=\"text-align: justify;\"><span style=\"color: #808080;\">Qualitativ hochwertige, freundliche und einladende Familien, die alle zu Fu\u00df oder mit dem Bus von unserer Schule aus zu erreichen sind<\/span><\/h4>\n<h4 style=\"text-align: justify;\"><span style=\"color: #808080;\">Die meisten Familien nehmen zwei\/drei Studenten auf<\/span><\/h4>\n<h4 style=\"text-align: justify;\"><span style=\"color: #808080;\">Ganzj\u00e4hriger Gastfamilien-Koordinator sorgt f\u00fcr Qualit\u00e4t, Gastfamilien-Charta in Kraft<\/span><\/h4>\n<\/blockquote>\n<h3 style=\"text-align: justify;\"><\/h3>\n<p style=\"text-align: justify;\"><strong>Qualitativ hochwertige Gastfamilien mit dem Irish College of English &#8211;<\/strong> Lernen Sie Englisch in unserer qualitativ hochwertigen Sprachschule und wohnen Sie in <strong>freundlichen und einladenden irischen <\/strong><strong>Gastfamilien<\/strong> mit komfortablen Zimmern, die nur wenige Gehminuten oder eine kurze Busfahrt von unseren Englischschulen entfernt sind.  <strong><br \/>\n<\/strong><\/p>\n<p style=\"text-align: justify;\">Wir vermitteln Aufenthalte f\u00fcr Studenten, die bei einer irischen Familie leben m\u00f6chten, um einen echten Sprachaufenthalt in Irland zu verbringen. Die Iren haben eine Tradition der Gastfreundschaft und Herzlichkeit. Diese Tradition ist in der ganzen Welt bekannt und hat dazu beigetragen, dass Tausende von Studenten Englisch in Irland studieren. Qualitativ hochwertige Unterk\u00fcnfte sind ein wichtiger Schwerpunkt des Irish College of English. Unsere Standorte sind ausgezeichnet und Malahide ist eine der angesehensten Wohngegenden Dublins. Wir verwenden nur Unterk\u00fcnfte in Gastfamilien, die zu Fu\u00df oder mit dem Bus von unseren Schulen aus zu erreichen sind. Da wir das ganze Jahr \u00fcber arbeiten, bauen wir enge Beziehungen zur Gemeinde und zu allen unseren Gastfamilien auf. Wir haben einen Vollzeitmitarbeiter, der sich um die Besuche und die Qualit\u00e4t unserer Gastfamilien k\u00fcmmert.      <\/p>\n<p style=\"text-align: justify;\"><strong>Das Wohlergehen der Sch\u00fcler ist unser Hauptanliegen<\/strong> und wir w\u00e4hlen unsere Familien sehr sorgf\u00e4ltig aus, um maximalen Komfort zu gew\u00e4hrleisten. Dar\u00fcber hinaus haben wir eine Charta f\u00fcr Gastfamilien, in der die Standards und unsere Richtlinien f\u00fcr alle Gastfamilienprogramme von Learn English Ireland klar festgelegt sind. Die Sch\u00fcler k\u00f6nnen bei anderen internationalen Sch\u00fclern untergebracht werden und so neue Freundschaften mit jungen Menschen aus der ganzen Welt schlie\u00dfen. Wir k\u00f6nnen unseren Sch\u00fclern einen ausgezeichneten Aufenthalt in einer Gastfamilie garantieren, was durch das Feedback unserer Sch\u00fcler best\u00e4tigt wird. Wir bieten Vollpension mit Fr\u00fchst\u00fcck, Lunchpaket und Abendmahlzeit und legen Wert auf eine nahrhafte Ern\u00e4hrung. Die Sch\u00fcler werden f\u00fcr die Dauer ihres Aufenthalts Mitglieder der Familie und f\u00fcgen sich in das normale Familienleben ein. Wir k\u00f6nnen den Sch\u00fclern einen ausgezeichneten Aufenthalt in der Gastfamilie garantieren, was durch die R\u00fcckmeldungen unserer Sch\u00fcler best\u00e4tigt wird.      <\/p>\n<p>Die meisten Gastfamilien nehmen immer 1 &#8211; 3 Studenten auf. Wenn Sie besondere W\u00fcnsche haben   <a href=\"https:\/\/www.iceireland.com\/wp-content\/uploads\/2014\/10\/Homestay-for-Teenagers-on-Junior-English-Summer-Camps-Ireland.jpg\"><img fetchpriority=\"high\" decoding=\"async\" class=\"alignright wp-image-1827\" title=\"Gastfamilie f\u00fcr Teenager auf Junior English Summer Camps Irland\" src=\"https:\/\/www.iceireland.com\/wp-content\/uploads\/2014\/10\/Homestay-for-Teenagers-on-Junior-English-Summer-Camps-Ireland.jpg\" alt=\"Gastfamilie f\u00fcr Teenager auf Junior English Summer Camps Irland\" width=\"533\" height=\"445\" srcset=\"https:\/\/www.iceireland.com\/wp-content\/uploads\/2014\/10\/Homestay-for-Teenagers-on-Junior-English-Summer-Camps-Ireland.jpg 572w, https:\/\/www.iceireland.com\/wp-content\/uploads\/2014\/10\/Homestay-for-Teenagers-on-Junior-English-Summer-Camps-Ireland-300x250.jpg 300w\" sizes=\"(max-width: 533px) 100vw, 533px\" \/><\/a>Was die Unterbringung in einer Gastfamilie betrifft, so versuchen wir gerne, diese Anforderungen zu erf\u00fcllen, sofern dies m\u00f6glich ist. Alle Gastfamilien sind nur wenige Gehminuten oder eine kurze Busfahrt von unserer Schule entfernt und werden von unseren Mitarbeitern \u00fcberpr\u00fcft. <\/p>\n<h3><\/h3>\n<h3>Ein typischer Tag bei einer Gastfamilie &#8218;Ein Zuhause von Zuhause&#8216;<\/h3>\n<ul>\n<li><strong><span style=\"color: #808080;\">Die Sch\u00fcler werden von ihrer Gastmutter geweckt, duschen und fr\u00fchst\u00fccken<\/span><\/strong><\/li>\n<li><strong><span style=\"color: #808080;\">Die Sch\u00fcler erhalten ein Lunchpaket f\u00fcr den Tag<\/span><\/strong><\/li>\n<li><strong><span style=\"color: #808080;\">Die Sch\u00fcler gehen zu Fu\u00df zur Schule oder nehmen eine sehr kurze Busfahrt und <\/span><\/strong><strong><span style=\"color: #808080;\">kehren nach dem Unterricht und dem Freizeitprogramm gegen 18 Uhr nach Hause zur\u00fcck<\/span><\/strong><\/li>\n<li><strong><span style=\"color: #808080;\">Bei der R\u00fcckkehr nach Hause essen die Sch\u00fcler mit ihrer Gastfamilie zu Abend und unterhalten sich \u00fcber die Ereignisse des Tages.<\/span><\/strong><\/li>\n<li><strong><span style=\"color: #808080;\">Die Studenten k\u00f6nnen den Abend damit verbringen <\/span><\/strong><strong><span style=\"color: #808080;\">entspannen und mit der Familie plaudern oder sich mit Freunden in der N\u00e4he treffen<\/span><\/strong><\/li>\n<li><strong><span style=\"color: #808080;\">Es gilt eine strenge Ausgangssperre von 21.30 Uhr, wenn alle Sch\u00fcler zu Hause sein m\u00fcssen.<\/span><\/strong><\/li>\n<li><strong><span style=\"color: #808080;\">Studenten und Familien haben rund um die Uhr Zugang zu einer Notrufnummer und ein Mitglied unseres Teams ist immer im Dienst, um zu helfen<\/span><\/strong><\/li>\n<\/ul>\n<h2><\/h2>\n","protected":false},"excerpt":{"rendered":"<p>Unterkunft in einer Gastfamilie Qualitativ hochwertige, freundliche und einladende Familien, die alle zu Fu\u00df oder mit dem Bus von unserer Schule aus zu erreichen sind Die meisten Familien nehmen zwei\/drei Studenten auf Ganzj\u00e4hriger Gastfamilien-Koordinator sorgt f\u00fcr Qualit\u00e4t, Gastfamilien-Charta in Kraft Qualitativ hochwertige Gastfamilien mit dem Irish College of English &#8211; Lernen Sie Englisch in unserer [&hellip;]<\/p>\n","protected":false},"author":1,"featured_media":0,"parent":0,"menu_order":0,"comment_status":"open","ping_status":"open","template":"","meta":{"content-type":"","footnotes":""},"class_list":["post-32126","page","type-page","status-publish","hentry"],"yoast_head":"<!-- This site is optimized with the Yoast SEO plugin v27.3 - https:\/\/yoast.com\/product\/yoast-seo-wordpress\/ -->\n<title>Englisch lernen Irland Gastfamilie in Gehweite\/kurze Busfahrt<\/title>\n<meta name=\"description\" content=\"Buchen Sie ein Junior English Summer Camp mit dem Irish College of English und sichern Sie sich eine hochwertige Unterkunft in einer Gastfamilie, die nur wenige Gehminuten oder eine kurze Busfahrt von unserer Schule entfernt ist.\" \/>\n<meta name=\"robots\" content=\"index, follow, max-snippet:-1, max-image-preview:large, max-video-preview:-1\" \/>\n<link rel=\"canonical\" href=\"https:\/\/www.iceireland.com\/de\/learn-english-ireland-host-family\/\" \/>\n<meta property=\"og:locale\" content=\"de_DE\" \/>\n<meta property=\"og:type\" content=\"article\" \/>\n<meta property=\"og:title\" content=\"Englisch lernen Irland Gastfamilie in Gehweite\/kurze Busfahrt\" \/>\n<meta property=\"og:description\" content=\"Buchen Sie ein Junior English Summer Camp mit dem Irish College of English und sichern Sie sich eine hochwertige Unterkunft in einer Gastfamilie, die nur wenige Gehminuten oder eine kurze Busfahrt von unserer Schule entfernt ist.\" \/>\n<meta property=\"og:url\" content=\"https:\/\/www.iceireland.com\/de\/learn-english-ireland-host-family\/\" \/>\n<meta property=\"og:site_name\" content=\"Irish College of English\" \/>\n<meta property=\"article:modified_time\" content=\"2026-01-30T16:27:05+00:00\" \/>\n<meta property=\"og:image\" content=\"https:\/\/www.iceireland.com\/wp-content\/uploads\/2014\/10\/Homestay-for-Teenagers-on-Junior-English-Summer-Camps-Ireland.jpg\" \/>\n\t<meta property=\"og:image:width\" content=\"572\" \/>\n\t<meta property=\"og:image:height\" content=\"477\" \/>\n\t<meta property=\"og:image:type\" content=\"image\/jpeg\" \/>\n<meta name=\"twitter:label1\" content=\"Gesch\u00e4tzte Lesezeit\" \/>\n\t<meta name=\"twitter:data1\" content=\"3\u00a0Minuten\" \/>\n<script type=\"application\/ld+json\" class=\"yoast-schema-graph\">{\"@context\":\"https:\\\/\\\/schema.org\",\"@graph\":[{\"@type\":\"WebPage\",\"@id\":\"https:\\\/\\\/www.iceireland.com\\\/de\\\/learn-english-ireland-host-family\\\/\",\"url\":\"https:\\\/\\\/www.iceireland.com\\\/de\\\/learn-english-ireland-host-family\\\/\",\"name\":\"Englisch lernen Irland Gastfamilie in Gehweite\\\/kurze Busfahrt\",\"isPartOf\":{\"@id\":\"https:\\\/\\\/www.iceireland.com\\\/de\\\/#website\"},\"primaryImageOfPage\":{\"@id\":\"https:\\\/\\\/www.iceireland.com\\\/de\\\/learn-english-ireland-host-family\\\/#primaryimage\"},\"image\":{\"@id\":\"https:\\\/\\\/www.iceireland.com\\\/de\\\/learn-english-ireland-host-family\\\/#primaryimage\"},\"thumbnailUrl\":\"https:\\\/\\\/www.iceireland.com\\\/wp-content\\\/uploads\\\/2014\\\/10\\\/Homestay-for-Teenagers-on-Junior-English-Summer-Camps-Ireland.jpg\",\"datePublished\":\"2014-10-20T09:11:13+00:00\",\"dateModified\":\"2026-01-30T16:27:05+00:00\",\"description\":\"Buchen Sie ein Junior English Summer Camp mit dem Irish College of English und sichern Sie sich eine hochwertige Unterkunft in einer Gastfamilie, die nur wenige Gehminuten oder eine kurze Busfahrt von unserer Schule entfernt ist.\",\"breadcrumb\":{\"@id\":\"https:\\\/\\\/www.iceireland.com\\\/de\\\/learn-english-ireland-host-family\\\/#breadcrumb\"},\"inLanguage\":\"de\",\"potentialAction\":[{\"@type\":\"ReadAction\",\"target\":[\"https:\\\/\\\/www.iceireland.com\\\/de\\\/learn-english-ireland-host-family\\\/\"]}]},{\"@type\":\"ImageObject\",\"inLanguage\":\"de\",\"@id\":\"https:\\\/\\\/www.iceireland.com\\\/de\\\/learn-english-ireland-host-family\\\/#primaryimage\",\"url\":\"https:\\\/\\\/www.iceireland.com\\\/wp-content\\\/uploads\\\/2014\\\/10\\\/Homestay-for-Teenagers-on-Junior-English-Summer-Camps-Ireland.jpg\",\"contentUrl\":\"https:\\\/\\\/www.iceireland.com\\\/wp-content\\\/uploads\\\/2014\\\/10\\\/Homestay-for-Teenagers-on-Junior-English-Summer-Camps-Ireland.jpg\"},{\"@type\":\"BreadcrumbList\",\"@id\":\"https:\\\/\\\/www.iceireland.com\\\/de\\\/learn-english-ireland-host-family\\\/#breadcrumb\",\"itemListElement\":[{\"@type\":\"ListItem\",\"position\":1,\"name\":\"Home\",\"item\":\"https:\\\/\\\/www.iceireland.com\\\/de\\\/\"},{\"@type\":\"ListItem\",\"position\":2,\"name\":\"Englisch lernen Irland Gastfamilie\"}]},{\"@type\":\"WebSite\",\"@id\":\"https:\\\/\\\/www.iceireland.com\\\/de\\\/#website\",\"url\":\"https:\\\/\\\/www.iceireland.com\\\/de\\\/\",\"name\":\"Irish College of English\",\"description\":\"English School in Dublin, Malahide\",\"publisher\":{\"@id\":\"https:\\\/\\\/www.iceireland.com\\\/de\\\/#organization\"},\"potentialAction\":[{\"@type\":\"SearchAction\",\"target\":{\"@type\":\"EntryPoint\",\"urlTemplate\":\"https:\\\/\\\/www.iceireland.com\\\/de\\\/?s={search_term_string}\"},\"query-input\":{\"@type\":\"PropertyValueSpecification\",\"valueRequired\":true,\"valueName\":\"search_term_string\"}}],\"inLanguage\":\"de\"},{\"@type\":\"Organization\",\"@id\":\"https:\\\/\\\/www.iceireland.com\\\/de\\\/#organization\",\"name\":\"Irish College of English\",\"url\":\"https:\\\/\\\/www.iceireland.com\\\/de\\\/\",\"logo\":{\"@type\":\"ImageObject\",\"inLanguage\":\"de\",\"@id\":\"https:\\\/\\\/www.iceireland.com\\\/de\\\/#\\\/schema\\\/logo\\\/image\\\/\",\"url\":\"https:\\\/\\\/www.iceireland.com\\\/wp-content\\\/uploads\\\/2022\\\/03\\\/logo.png\",\"contentUrl\":\"https:\\\/\\\/www.iceireland.com\\\/wp-content\\\/uploads\\\/2022\\\/03\\\/logo.png\",\"width\":593,\"height\":92,\"caption\":\"Irish College of English\"},\"image\":{\"@id\":\"https:\\\/\\\/www.iceireland.com\\\/de\\\/#\\\/schema\\\/logo\\\/image\\\/\"}}]}<\/script>\n<!-- \/ Yoast SEO plugin. -->","yoast_head_json":{"title":"Englisch lernen Irland Gastfamilie in Gehweite\/kurze Busfahrt","description":"Buchen Sie ein Junior English Summer Camp mit dem Irish College of English und sichern Sie sich eine hochwertige Unterkunft in einer Gastfamilie, die nur wenige Gehminuten oder eine kurze Busfahrt von unserer Schule entfernt ist.","robots":{"index":"index","follow":"follow","max-snippet":"max-snippet:-1","max-image-preview":"max-image-preview:large","max-video-preview":"max-video-preview:-1"},"canonical":"https:\/\/www.iceireland.com\/de\/learn-english-ireland-host-family\/","og_locale":"de_DE","og_type":"article","og_title":"Englisch lernen Irland Gastfamilie in Gehweite\/kurze Busfahrt","og_description":"Buchen Sie ein Junior English Summer Camp mit dem Irish College of English und sichern Sie sich eine hochwertige Unterkunft in einer Gastfamilie, die nur wenige Gehminuten oder eine kurze Busfahrt von unserer Schule entfernt ist.","og_url":"https:\/\/www.iceireland.com\/de\/learn-english-ireland-host-family\/","og_site_name":"Irish College of English","article_modified_time":"2026-01-30T16:27:05+00:00","og_image":[{"width":572,"height":477,"url":"https:\/\/www.iceireland.com\/wp-content\/uploads\/2014\/10\/Homestay-for-Teenagers-on-Junior-English-Summer-Camps-Ireland.jpg","type":"image\/jpeg"}],"twitter_misc":{"Gesch\u00e4tzte Lesezeit":"3\u00a0Minuten"},"schema":{"@context":"https:\/\/schema.org","@graph":[{"@type":"WebPage","@id":"https:\/\/www.iceireland.com\/de\/learn-english-ireland-host-family\/","url":"https:\/\/www.iceireland.com\/de\/learn-english-ireland-host-family\/","name":"Englisch lernen Irland Gastfamilie in Gehweite\/kurze Busfahrt","isPartOf":{"@id":"https:\/\/www.iceireland.com\/de\/#website"},"primaryImageOfPage":{"@id":"https:\/\/www.iceireland.com\/de\/learn-english-ireland-host-family\/#primaryimage"},"image":{"@id":"https:\/\/www.iceireland.com\/de\/learn-english-ireland-host-family\/#primaryimage"},"thumbnailUrl":"https:\/\/www.iceireland.com\/wp-content\/uploads\/2014\/10\/Homestay-for-Teenagers-on-Junior-English-Summer-Camps-Ireland.jpg","datePublished":"2014-10-20T09:11:13+00:00","dateModified":"2026-01-30T16:27:05+00:00","description":"Buchen Sie ein Junior English Summer Camp mit dem Irish College of English und sichern Sie sich eine hochwertige Unterkunft in einer Gastfamilie, die nur wenige Gehminuten oder eine kurze Busfahrt von unserer Schule entfernt ist.","breadcrumb":{"@id":"https:\/\/www.iceireland.com\/de\/learn-english-ireland-host-family\/#breadcrumb"},"inLanguage":"de","potentialAction":[{"@type":"ReadAction","target":["https:\/\/www.iceireland.com\/de\/learn-english-ireland-host-family\/"]}]},{"@type":"ImageObject","inLanguage":"de","@id":"https:\/\/www.iceireland.com\/de\/learn-english-ireland-host-family\/#primaryimage","url":"https:\/\/www.iceireland.com\/wp-content\/uploads\/2014\/10\/Homestay-for-Teenagers-on-Junior-English-Summer-Camps-Ireland.jpg","contentUrl":"https:\/\/www.iceireland.com\/wp-content\/uploads\/2014\/10\/Homestay-for-Teenagers-on-Junior-English-Summer-Camps-Ireland.jpg"},{"@type":"BreadcrumbList","@id":"https:\/\/www.iceireland.com\/de\/learn-english-ireland-host-family\/#breadcrumb","itemListElement":[{"@type":"ListItem","position":1,"name":"Home","item":"https:\/\/www.iceireland.com\/de\/"},{"@type":"ListItem","position":2,"name":"Englisch lernen Irland Gastfamilie"}]},{"@type":"WebSite","@id":"https:\/\/www.iceireland.com\/de\/#website","url":"https:\/\/www.iceireland.com\/de\/","name":"Irish College of English","description":"English School in Dublin, Malahide","publisher":{"@id":"https:\/\/www.iceireland.com\/de\/#organization"},"potentialAction":[{"@type":"SearchAction","target":{"@type":"EntryPoint","urlTemplate":"https:\/\/www.iceireland.com\/de\/?s={search_term_string}"},"query-input":{"@type":"PropertyValueSpecification","valueRequired":true,"valueName":"search_term_string"}}],"inLanguage":"de"},{"@type":"Organization","@id":"https:\/\/www.iceireland.com\/de\/#organization","name":"Irish College of English","url":"https:\/\/www.iceireland.com\/de\/","logo":{"@type":"ImageObject","inLanguage":"de","@id":"https:\/\/www.iceireland.com\/de\/#\/schema\/logo\/image\/","url":"https:\/\/www.iceireland.com\/wp-content\/uploads\/2022\/03\/logo.png","contentUrl":"https:\/\/www.iceireland.com\/wp-content\/uploads\/2022\/03\/logo.png","width":593,"height":92,"caption":"Irish College of English"},"image":{"@id":"https:\/\/www.iceireland.com\/de\/#\/schema\/logo\/image\/"}}]}},"_links":{"self":[{"href":"https:\/\/www.iceireland.com\/de\/wp-json\/wp\/v2\/pages\/32126","targetHints":{"allow":["GET"]}}],"collection":[{"href":"https:\/\/www.iceireland.com\/de\/wp-json\/wp\/v2\/pages"}],"about":[{"href":"https:\/\/www.iceireland.com\/de\/wp-json\/wp\/v2\/types\/page"}],"author":[{"embeddable":true,"href":"https:\/\/www.iceireland.com\/de\/wp-json\/wp\/v2\/users\/1"}],"replies":[{"embeddable":true,"href":"https:\/\/www.iceireland.com\/de\/wp-json\/wp\/v2\/comments?post=32126"}],"version-history":[{"count":1,"href":"https:\/\/www.iceireland.com\/de\/wp-json\/wp\/v2\/pages\/32126\/revisions"}],"predecessor-version":[{"id":32129,"href":"https:\/\/www.iceireland.com\/de\/wp-json\/wp\/v2\/pages\/32126\/revisions\/32129"}],"wp:attachment":[{"href":"https:\/\/www.iceireland.com\/de\/wp-json\/wp\/v2\/media?parent=32126"}],"curies":[{"name":"wp","href":"https:\/\/api.w.org\/{rel}","templated":true}]}}