{"id":32219,"date":"2014-10-20T13:45:06","date_gmt":"2014-10-20T13:45:06","guid":{"rendered":"https:\/\/www.iceireland.com\/useful-info\/english-language-school-in-dublin-ireland\/"},"modified":"2014-10-20T13:45:06","modified_gmt":"2014-10-20T13:45:06","slug":"english-language-school-in-dublin-ireland","status":"publish","type":"page","link":"https:\/\/www.iceireland.com\/de\/useful-info\/english-language-school-in-dublin-ireland\/","title":{"rendered":"Englisch Sprachschule in Dublin Irland"},"content":{"rendered":"<h3>Zentrum f\u00fcr Englischstudien mit herausragenden Leistungen<\/h3>\n<p>Das Irish College of English wurde 1992 als Englisch-Sprachschule in Dublin, Irland, gegr\u00fcndet und ist ein qualitativ hochwertiger Bildungsanbieter, der vom Bildungsministerium als Ganzjahresschule f\u00fcr den Unterricht von Englisch als Fremdsprache anerkannt ist. Unsere Lehrpl\u00e4ne sind sorgf\u00e4ltig auf die Bed\u00fcrfnisse der Lernenden abgestimmt, und jeder Sch\u00fcler wird bei seiner Ankunft eingestuft und in eine geeignete Klasse eingeteilt. Nach Abschluss eines Kurses erhalten die Sch\u00fcler ein individuelles Abschlusszeugnis und eine benotete Bescheinigung \u00fcber die erbrachten Leistungen.<\/p>\n<h3>Grundlevel bis Fortgeschrittenenlevel<\/h3>\n<p>Die Klassen reichen von Grundkenntnissen bis zu fortgeschrittenen Kenntnissen, und alle Sch\u00fcler werden bei ihrer Ankunft getestet und in eine Klasse eingeteilt, die ihrem Sprachniveau am besten entspricht. Das Hauptaugenmerk aller unserer Sprachkurse liegt auf der Kommunikation durch gesprochenes und geschriebenes Englisch. Unsere hochqualifizierten Lehrer setzen den Sch\u00fclern klare Lernziele und verwenden die besten Techniken, um das Sprechen, Schreiben, H\u00f6ren, Lesen und die Grammatik der englischen Sprache zu \u00fcben.<\/p>\n<h3>Faktoren an den ICE-Englischschulen, die unseren Sch\u00fclern zu H\u00f6chstleistungen verhelfen:<\/h3>\n<ul>\n<li>Die Sch\u00fcler werden in kommunikative Aktivit\u00e4ten eingebunden, um ihre F\u00e4higkeit zu entwickeln, auf Englisch zu sprechen, zu h\u00f6ren, zu lesen und zu schreiben. Der Schwerpunkt liegt auf der Verwendung authentischer Texte und Materialien, um das kulturelle Bewusstsein der Sch\u00fcler w\u00e4hrend ihrer Zeit am Irish College of English zu st\u00e4rken.<\/li>\n<li>Durch die kontinuierliche Beurteilung und den Wechsel zwischen den Klassenstufen wird sichergestellt, dass die Sch\u00fcler immer in dem Tempo lernen, das ihren Bed\u00fcrfnissen am besten entspricht.<\/li>\n<li>Unsere engagierten Lehrerinnen und Lehrer bieten eine hervorragende Betreuung der Sch\u00fcler und stehen ihnen jederzeit zur Verf\u00fcgung, um ihnen zu helfen und sie mit zus\u00e4tzlichem Material zu versorgen.<\/li>\n<li>Auf Wunsch bieten wir Einzelunterricht an, der auf die spezifischen Bed\u00fcrfnisse der Sch\u00fcler zugeschnitten ist.<\/li>\n<li>Die Sch\u00fcler k\u00f6nnen die Bibliothek und den kostenlosen Hochgeschwindigkeits-Internet- und E-Mail-Zugang nutzen, um ihre Englischkenntnisse zu verbessern.<\/li>\n<\/ul>\n<h3>Professionelle Englisch-Lehrer<\/h3>\n<p>Unsere Lehrkr\u00e4fte sind alle beruflich qualifiziert, verf\u00fcgen \u00fcber einen Universit\u00e4tsabschluss, eine anerkannte TEFL-Qualifikation (Teaching English as a Foreign Language) und sind erfahrene muttersprachliche Englischlehrer. Unser hervorragendes Sch\u00fclerfeedback zeugt von der Qualit\u00e4t unseres Unterrichts und den Anstrengungen unserer Lehrer, die sicherstellen, dass jeder Sch\u00fcler motiviert ist und im Unterricht gute Fortschritte macht. Unser Unterricht soll nicht nur lehrreich sein, sondern auch Spa\u00df machen und unterhalten, um das Lernen in einer entspannten Atmosph\u00e4re zu f\u00f6rdern.<\/p>\n<h3>Moderne Sprachschule f\u00fcr Englisch in Dublin<\/h3>\n<p>Studenten, die am Irish College of English Englisch lernen, k\u00f6nnen von den ausgezeichneten Einrichtungen moderner Sprachschulen und hochqualitativer Zentren f\u00fcr Englischstudien (CES) profitieren. Die Sprachzentren sind hell und ger\u00e4umig und wurden erst k\u00fcrzlich renoviert. Unsere Klassenr\u00e4ume bieten Platz f\u00fcr maximal 15 Sch\u00fcler und alle Sch\u00fcler haben einen eigenen Schreibtisch. Wir haben eine gro\u00dfe Aula, die wir regelm\u00e4\u00dfig f\u00fcr Gruppenaktivit\u00e4ten nutzen, wenn Klassen zusammenkommen. Sie steht auch als Arbeitsbereich f\u00fcr Sch\u00fcler zur Verf\u00fcgung. Die Schulen verf\u00fcgen \u00fcber einen Gemeinschaftsraum mit bequemen St\u00fchlen und kostenlosem High-Speed-Internetzugang. Dies ist ein guter Ort, um andere Sch\u00fcler zu treffen und sich zwischen den Unterrichtsstunden zu entspannen.<\/p>\n<p>Wir verf\u00fcgen auch \u00fcber eine Bibliothek, in der die Sch\u00fcler Zugang zu einer Vielzahl von Englischb\u00fcchern haben, darunter Lernhilfen, Bestseller und B\u00fccher mit irischem Bezug. Unsere Lehrkr\u00e4fte haben au\u00dferdem Zugang zu den neuesten audiovisuellen Lehrmitteln f\u00fcr den Sprachunterricht im Klassenzimmer.<\/p>\n","protected":false},"excerpt":{"rendered":"<p>Zentrum f\u00fcr Englischstudien mit herausragenden Leistungen Das Irish College of English wurde 1992 als Englisch-Sprachschule in Dublin, Irland, gegr\u00fcndet und ist ein qualitativ hochwertiger Bildungsanbieter, der vom Bildungsministerium als Ganzjahresschule f\u00fcr den Unterricht von Englisch als Fremdsprache anerkannt ist. Unsere Lehrpl\u00e4ne sind sorgf\u00e4ltig auf die Bed\u00fcrfnisse der Lernenden abgestimmt, und jeder Sch\u00fcler wird bei seiner [&hellip;]<\/p>\n","protected":false},"author":1,"featured_media":0,"parent":32094,"menu_order":0,"comment_status":"open","ping_status":"open","template":"","meta":{"content-type":"","footnotes":""},"class_list":["post-32219","page","type-page","status-publish","hentry"],"yoast_head":"<!-- This site is optimized with the Yoast SEO plugin v27.3 - https:\/\/yoast.com\/product\/yoast-seo-wordpress\/ -->\n<title>Englisch Sprachschule in Dublin Irland<\/title>\n<meta name=\"description\" content=\"Das Irish College of English wurde 1992 als Englisch-Sprachschule in Dublin, Irland, gegr\u00fcndet und ist ein vom Bildungsministerium anerkannter und qualitativ hochwertiger Bildungsanbieter.\" \/>\n<meta name=\"robots\" content=\"index, follow, max-snippet:-1, max-image-preview:large, max-video-preview:-1\" \/>\n<link rel=\"canonical\" href=\"https:\/\/www.iceireland.com\/de\/useful-info\/english-language-school-in-dublin-ireland\/\" \/>\n<meta property=\"og:locale\" content=\"de_DE\" \/>\n<meta property=\"og:type\" content=\"article\" \/>\n<meta property=\"og:title\" content=\"Englisch Sprachschule in Dublin Irland\" \/>\n<meta property=\"og:description\" content=\"Das Irish College of English wurde 1992 als Englisch-Sprachschule in Dublin, Irland, gegr\u00fcndet und ist ein vom Bildungsministerium anerkannter und qualitativ hochwertiger Bildungsanbieter.\" \/>\n<meta property=\"og:url\" content=\"https:\/\/www.iceireland.com\/de\/useful-info\/english-language-school-in-dublin-ireland\/\" \/>\n<meta property=\"og:site_name\" content=\"Irish College of English\" \/>\n<meta name=\"twitter:label1\" content=\"Gesch\u00e4tzte Lesezeit\" \/>\n\t<meta name=\"twitter:data1\" content=\"3\u00a0Minuten\" \/>\n<script type=\"application\/ld+json\" class=\"yoast-schema-graph\">{\"@context\":\"https:\\\/\\\/schema.org\",\"@graph\":[{\"@type\":\"WebPage\",\"@id\":\"https:\\\/\\\/www.iceireland.com\\\/de\\\/useful-info\\\/english-language-school-in-dublin-ireland\\\/\",\"url\":\"https:\\\/\\\/www.iceireland.com\\\/de\\\/useful-info\\\/english-language-school-in-dublin-ireland\\\/\",\"name\":\"Englisch Sprachschule in Dublin Irland\",\"isPartOf\":{\"@id\":\"https:\\\/\\\/www.iceireland.com\\\/de\\\/#website\"},\"datePublished\":\"2014-10-20T13:45:06+00:00\",\"description\":\"Das Irish College of English wurde 1992 als Englisch-Sprachschule in Dublin, Irland, gegr\u00fcndet und ist ein vom Bildungsministerium anerkannter und qualitativ hochwertiger Bildungsanbieter.\",\"breadcrumb\":{\"@id\":\"https:\\\/\\\/www.iceireland.com\\\/de\\\/useful-info\\\/english-language-school-in-dublin-ireland\\\/#breadcrumb\"},\"inLanguage\":\"de\",\"potentialAction\":[{\"@type\":\"ReadAction\",\"target\":[\"https:\\\/\\\/www.iceireland.com\\\/de\\\/useful-info\\\/english-language-school-in-dublin-ireland\\\/\"]}]},{\"@type\":\"BreadcrumbList\",\"@id\":\"https:\\\/\\\/www.iceireland.com\\\/de\\\/useful-info\\\/english-language-school-in-dublin-ireland\\\/#breadcrumb\",\"itemListElement\":[{\"@type\":\"ListItem\",\"position\":1,\"name\":\"Home\",\"item\":\"https:\\\/\\\/www.iceireland.com\\\/de\\\/\"},{\"@type\":\"ListItem\",\"position\":2,\"name\":\"N\u00fctzliche Informationen\",\"item\":\"https:\\\/\\\/www.iceireland.com\\\/de\\\/useful-info\\\/\"},{\"@type\":\"ListItem\",\"position\":3,\"name\":\"Englisch Sprachschule in Dublin Irland\"}]},{\"@type\":\"WebSite\",\"@id\":\"https:\\\/\\\/www.iceireland.com\\\/de\\\/#website\",\"url\":\"https:\\\/\\\/www.iceireland.com\\\/de\\\/\",\"name\":\"Irish College of English\",\"description\":\"English School in Dublin, Malahide\",\"publisher\":{\"@id\":\"https:\\\/\\\/www.iceireland.com\\\/de\\\/#organization\"},\"potentialAction\":[{\"@type\":\"SearchAction\",\"target\":{\"@type\":\"EntryPoint\",\"urlTemplate\":\"https:\\\/\\\/www.iceireland.com\\\/de\\\/?s={search_term_string}\"},\"query-input\":{\"@type\":\"PropertyValueSpecification\",\"valueRequired\":true,\"valueName\":\"search_term_string\"}}],\"inLanguage\":\"de\"},{\"@type\":\"Organization\",\"@id\":\"https:\\\/\\\/www.iceireland.com\\\/de\\\/#organization\",\"name\":\"Irish College of English\",\"url\":\"https:\\\/\\\/www.iceireland.com\\\/de\\\/\",\"logo\":{\"@type\":\"ImageObject\",\"inLanguage\":\"de\",\"@id\":\"https:\\\/\\\/www.iceireland.com\\\/de\\\/#\\\/schema\\\/logo\\\/image\\\/\",\"url\":\"https:\\\/\\\/www.iceireland.com\\\/wp-content\\\/uploads\\\/2022\\\/03\\\/logo.png\",\"contentUrl\":\"https:\\\/\\\/www.iceireland.com\\\/wp-content\\\/uploads\\\/2022\\\/03\\\/logo.png\",\"width\":593,\"height\":92,\"caption\":\"Irish College of English\"},\"image\":{\"@id\":\"https:\\\/\\\/www.iceireland.com\\\/de\\\/#\\\/schema\\\/logo\\\/image\\\/\"}}]}<\/script>\n<!-- \/ Yoast SEO plugin. -->","yoast_head_json":{"title":"Englisch Sprachschule in Dublin Irland","description":"Das Irish College of English wurde 1992 als Englisch-Sprachschule in Dublin, Irland, gegr\u00fcndet und ist ein vom Bildungsministerium anerkannter und qualitativ hochwertiger Bildungsanbieter.","robots":{"index":"index","follow":"follow","max-snippet":"max-snippet:-1","max-image-preview":"max-image-preview:large","max-video-preview":"max-video-preview:-1"},"canonical":"https:\/\/www.iceireland.com\/de\/useful-info\/english-language-school-in-dublin-ireland\/","og_locale":"de_DE","og_type":"article","og_title":"Englisch Sprachschule in Dublin Irland","og_description":"Das Irish College of English wurde 1992 als Englisch-Sprachschule in Dublin, Irland, gegr\u00fcndet und ist ein vom Bildungsministerium anerkannter und qualitativ hochwertiger Bildungsanbieter.","og_url":"https:\/\/www.iceireland.com\/de\/useful-info\/english-language-school-in-dublin-ireland\/","og_site_name":"Irish College of English","twitter_misc":{"Gesch\u00e4tzte Lesezeit":"3\u00a0Minuten"},"schema":{"@context":"https:\/\/schema.org","@graph":[{"@type":"WebPage","@id":"https:\/\/www.iceireland.com\/de\/useful-info\/english-language-school-in-dublin-ireland\/","url":"https:\/\/www.iceireland.com\/de\/useful-info\/english-language-school-in-dublin-ireland\/","name":"Englisch Sprachschule in Dublin Irland","isPartOf":{"@id":"https:\/\/www.iceireland.com\/de\/#website"},"datePublished":"2014-10-20T13:45:06+00:00","description":"Das Irish College of English wurde 1992 als Englisch-Sprachschule in Dublin, Irland, gegr\u00fcndet und ist ein vom Bildungsministerium anerkannter und qualitativ hochwertiger Bildungsanbieter.","breadcrumb":{"@id":"https:\/\/www.iceireland.com\/de\/useful-info\/english-language-school-in-dublin-ireland\/#breadcrumb"},"inLanguage":"de","potentialAction":[{"@type":"ReadAction","target":["https:\/\/www.iceireland.com\/de\/useful-info\/english-language-school-in-dublin-ireland\/"]}]},{"@type":"BreadcrumbList","@id":"https:\/\/www.iceireland.com\/de\/useful-info\/english-language-school-in-dublin-ireland\/#breadcrumb","itemListElement":[{"@type":"ListItem","position":1,"name":"Home","item":"https:\/\/www.iceireland.com\/de\/"},{"@type":"ListItem","position":2,"name":"N\u00fctzliche Informationen","item":"https:\/\/www.iceireland.com\/de\/useful-info\/"},{"@type":"ListItem","position":3,"name":"Englisch Sprachschule in Dublin Irland"}]},{"@type":"WebSite","@id":"https:\/\/www.iceireland.com\/de\/#website","url":"https:\/\/www.iceireland.com\/de\/","name":"Irish College of English","description":"English School in Dublin, Malahide","publisher":{"@id":"https:\/\/www.iceireland.com\/de\/#organization"},"potentialAction":[{"@type":"SearchAction","target":{"@type":"EntryPoint","urlTemplate":"https:\/\/www.iceireland.com\/de\/?s={search_term_string}"},"query-input":{"@type":"PropertyValueSpecification","valueRequired":true,"valueName":"search_term_string"}}],"inLanguage":"de"},{"@type":"Organization","@id":"https:\/\/www.iceireland.com\/de\/#organization","name":"Irish College of English","url":"https:\/\/www.iceireland.com\/de\/","logo":{"@type":"ImageObject","inLanguage":"de","@id":"https:\/\/www.iceireland.com\/de\/#\/schema\/logo\/image\/","url":"https:\/\/www.iceireland.com\/wp-content\/uploads\/2022\/03\/logo.png","contentUrl":"https:\/\/www.iceireland.com\/wp-content\/uploads\/2022\/03\/logo.png","width":593,"height":92,"caption":"Irish College of English"},"image":{"@id":"https:\/\/www.iceireland.com\/de\/#\/schema\/logo\/image\/"}}]}},"_links":{"self":[{"href":"https:\/\/www.iceireland.com\/de\/wp-json\/wp\/v2\/pages\/32219","targetHints":{"allow":["GET"]}}],"collection":[{"href":"https:\/\/www.iceireland.com\/de\/wp-json\/wp\/v2\/pages"}],"about":[{"href":"https:\/\/www.iceireland.com\/de\/wp-json\/wp\/v2\/types\/page"}],"author":[{"embeddable":true,"href":"https:\/\/www.iceireland.com\/de\/wp-json\/wp\/v2\/users\/1"}],"replies":[{"embeddable":true,"href":"https:\/\/www.iceireland.com\/de\/wp-json\/wp\/v2\/comments?post=32219"}],"version-history":[{"count":0,"href":"https:\/\/www.iceireland.com\/de\/wp-json\/wp\/v2\/pages\/32219\/revisions"}],"up":[{"embeddable":true,"href":"https:\/\/www.iceireland.com\/de\/wp-json\/wp\/v2\/pages\/32094"}],"wp:attachment":[{"href":"https:\/\/www.iceireland.com\/de\/wp-json\/wp\/v2\/media?parent=32219"}],"curies":[{"name":"wp","href":"https:\/\/api.w.org\/{rel}","templated":true}]}}