{"id":32242,"date":"2014-11-12T15:03:17","date_gmt":"2014-11-12T15:03:17","guid":{"rendered":"https:\/\/www.iceireland.com\/study-abroad-host-family\/"},"modified":"2026-01-30T16:38:34","modified_gmt":"2026-01-30T16:38:34","slug":"study-abroad-host-family","status":"publish","type":"page","link":"https:\/\/www.iceireland.com\/de\/study-abroad-host-family\/","title":{"rendered":"Erwachsene Gastfamilie"},"content":{"rendered":"\t\t<div data-elementor-type=\"wp-page\" data-elementor-id=\"32242\" class=\"elementor elementor-32242 elementor-657\" data-elementor-post-type=\"page\">\n\t\t\t\t\t\t<section class=\"elementor-section elementor-top-section elementor-element elementor-element-4e9cc1c elementor-section-content-middle elementor-section-boxed elementor-section-height-default elementor-section-height-default\" data-id=\"4e9cc1c\" data-element_type=\"section\" data-e-type=\"section\">\n\t\t\t\t\t\t<div class=\"elementor-container elementor-column-gap-no\">\n\t\t\t\t\t<div class=\"elementor-column elementor-col-100 elementor-top-column elementor-element elementor-element-142e06c\" data-id=\"142e06c\" data-element_type=\"column\" data-e-type=\"column\">\n\t\t\t<div class=\"elementor-widget-wrap elementor-element-populated\">\n\t\t\t\t\t\t<div class=\"elementor-element elementor-element-0fa216a elementor-widget elementor-widget-heading\" data-id=\"0fa216a\" data-element_type=\"widget\" data-e-type=\"widget\" data-widget_type=\"heading.default\">\n\t\t\t\t<div class=\"elementor-widget-container\">\n\t\t\t\t\t<h1 class=\"elementor-heading-title elementor-size-default\">Unterkunft in einer Gastfamilie<\/h1>\t\t\t\t<\/div>\n\t\t\t\t<\/div>\n\t\t\t\t\t<\/div>\n\t\t<\/div>\n\t\t\t\t\t<\/div>\n\t\t<\/section>\n\t\t\t\t<section class=\"elementor-section elementor-top-section elementor-element elementor-element-a56626b elementor-section-content-middle elementor-section-stretched elementor-section-boxed elementor-section-height-default elementor-section-height-default\" data-id=\"a56626b\" data-element_type=\"section\" data-e-type=\"section\" data-settings=\"{&quot;background_background&quot;:&quot;classic&quot;,&quot;stretch_section&quot;:&quot;section-stretched&quot;}\">\n\t\t\t\t\t\t<div class=\"elementor-container elementor-column-gap-no\">\n\t\t\t\t\t<div class=\"elementor-column elementor-col-50 elementor-top-column elementor-element elementor-element-ad9d52d\" data-id=\"ad9d52d\" data-element_type=\"column\" data-e-type=\"column\" data-settings=\"{&quot;background_background&quot;:&quot;classic&quot;}\">\n\t\t\t<div class=\"elementor-widget-wrap elementor-element-populated\">\n\t\t\t\t\t\t<div class=\"elementor-element elementor-element-2d974c4 elementor-widget elementor-widget-spacer\" data-id=\"2d974c4\" data-element_type=\"widget\" data-e-type=\"widget\" data-widget_type=\"spacer.default\">\n\t\t\t\t<div class=\"elementor-widget-container\">\n\t\t\t\t\t\t\t<div class=\"elementor-spacer\">\n\t\t\t<div class=\"elementor-spacer-inner\"><\/div>\n\t\t<\/div>\n\t\t\t\t\t\t<\/div>\n\t\t\t\t<\/div>\n\t\t\t\t\t<\/div>\n\t\t<\/div>\n\t\t\t\t<div class=\"elementor-column elementor-col-50 elementor-top-column elementor-element elementor-element-158f932\" data-id=\"158f932\" data-element_type=\"column\" data-e-type=\"column\" data-settings=\"{&quot;background_background&quot;:&quot;classic&quot;}\">\n\t\t\t<div class=\"elementor-widget-wrap elementor-element-populated\">\n\t\t\t\t\t\t<section class=\"elementor-section elementor-inner-section elementor-element elementor-element-80348ba elementor-section-boxed elementor-section-height-default elementor-section-height-default\" data-id=\"80348ba\" data-element_type=\"section\" data-e-type=\"section\">\n\t\t\t\t\t\t<div class=\"elementor-container elementor-column-gap-default\">\n\t\t\t\t\t<div class=\"elementor-column elementor-col-100 elementor-inner-column elementor-element elementor-element-2dd7c50\" data-id=\"2dd7c50\" data-element_type=\"column\" data-e-type=\"column\">\n\t\t\t<div class=\"elementor-widget-wrap\">\n\t\t\t\t\t\t\t<\/div>\n\t\t<\/div>\n\t\t\t\t\t<\/div>\n\t\t<\/section>\n\t\t\t\t<div class=\"elementor-element elementor-element-5967be2 elementor-widget elementor-widget-text-editor\" data-id=\"5967be2\" data-element_type=\"widget\" data-e-type=\"widget\" data-widget_type=\"text-editor.default\">\n\t\t\t\t<div class=\"elementor-widget-container\">\n\t\t\t\t\t\t\t\t\t<p>Freundliche und einladende irische Gastgeber mit komfortablen Zimmern, die nur wenige Gehminuten oder eine kurze Bus-\/Zugfahrt von unserer Schule entfernt sind, sorgen f\u00fcr eine ideale Erfahrung.<\/p><ul><li>Vollpension<\/li><li>Einzelzimmer<\/li><li>\u20ac280 pro Woche<\/li><li>Zu Fu\u00df erreichbar oder kurze Bus-\/Zugfahrt<\/li><\/ul>\t\t\t\t\t\t\t\t<\/div>\n\t\t\t\t<\/div>\n\t\t\t\t<section class=\"elementor-section elementor-inner-section elementor-element elementor-element-490ae53 elementor-section-boxed elementor-section-height-default elementor-section-height-default\" data-id=\"490ae53\" data-element_type=\"section\" data-e-type=\"section\">\n\t\t\t\t\t\t<div class=\"elementor-container elementor-column-gap-default\">\n\t\t\t\t\t<div class=\"elementor-column elementor-col-100 elementor-inner-column elementor-element elementor-element-97768cf\" data-id=\"97768cf\" data-element_type=\"column\" data-e-type=\"column\">\n\t\t\t<div class=\"elementor-widget-wrap\">\n\t\t\t\t\t\t\t<\/div>\n\t\t<\/div>\n\t\t\t\t\t<\/div>\n\t\t<\/section>\n\t\t\t\t\t<\/div>\n\t\t<\/div>\n\t\t\t\t\t<\/div>\n\t\t<\/section>\n\t\t\t\t<section class=\"elementor-section elementor-top-section elementor-element elementor-element-f70dfe6 elementor-section-boxed elementor-section-height-default elementor-section-height-default\" data-id=\"f70dfe6\" data-element_type=\"section\" data-e-type=\"section\">\n\t\t\t\t\t\t<div class=\"elementor-container elementor-column-gap-default\">\n\t\t\t\t\t<div class=\"elementor-column elementor-col-100 elementor-top-column elementor-element elementor-element-b370312\" data-id=\"b370312\" data-element_type=\"column\" data-e-type=\"column\">\n\t\t\t<div class=\"elementor-widget-wrap elementor-element-populated\">\n\t\t\t\t\t\t<div class=\"elementor-element elementor-element-02494d1 elementor-widget elementor-widget-spacer\" data-id=\"02494d1\" data-element_type=\"widget\" data-e-type=\"widget\" data-widget_type=\"spacer.default\">\n\t\t\t\t<div class=\"elementor-widget-container\">\n\t\t\t\t\t\t\t<div class=\"elementor-spacer\">\n\t\t\t<div class=\"elementor-spacer-inner\"><\/div>\n\t\t<\/div>\n\t\t\t\t\t\t<\/div>\n\t\t\t\t<\/div>\n\t\t\t\t\t<\/div>\n\t\t<\/div>\n\t\t\t\t\t<\/div>\n\t\t<\/section>\n\t\t\t\t<section class=\"elementor-section elementor-top-section elementor-element elementor-element-1ac13f3d elementor-section-boxed elementor-section-height-default elementor-section-height-default\" data-id=\"1ac13f3d\" data-element_type=\"section\" data-e-type=\"section\">\n\t\t\t\t\t\t<div class=\"elementor-container elementor-column-gap-default\">\n\t\t\t\t\t<div class=\"elementor-column elementor-col-100 elementor-top-column elementor-element elementor-element-2548a6dd\" data-id=\"2548a6dd\" data-element_type=\"column\" data-e-type=\"column\">\n\t\t\t<div class=\"elementor-widget-wrap elementor-element-populated\">\n\t\t\t\t\t\t<div class=\"elementor-element elementor-element-61fd282e elementor-widget elementor-widget-text-editor\" data-id=\"61fd282e\" data-element_type=\"widget\" data-e-type=\"widget\" data-widget_type=\"text-editor.default\">\n\t\t\t\t<div class=\"elementor-widget-container\">\n\t\t\t\t\t\t\t\t\t<div id=\"page-view\" class=\"full-width\"> <\/div><h2>Andere Unterkunftsm\u00f6glichkeiten:<\/h2><p> <\/p><h4 class=\"full-width\"><strong>Hotel Unterkunft<\/strong><\/h4><p>Das Grand Hotel ist ein wundersch\u00f6nes 4-Sterne-Hotel im Zentrum von Malahide und nur ein paar Gehminuten von unserer Schule entfernt.<\/p><p><strong><a href=\"http:\/\/www.thegrand.ie\" target=\"_blank\" rel=\"noopener noreferrer\">www.thegrand.ie<\/a><\/strong><\/p><h4> <\/h4><h4><strong>Airbnb<\/strong><\/h4><p>Suchen Sie in Gegenden wie Malahide, Swords, Portmarnock, um zu sehen, was angeboten wird.<\/p><p><strong><a href=\"http:\/\/www.airbnb.ie\" target=\"_blank\" rel=\"noopener noreferrer\">www.airbnb.ie<\/a><\/strong><\/p><h4> <\/h4><h4><strong>Ein Zimmer oder ein Apartment mieten<\/strong><\/h4><p>Suchen Sie in Gegenden wie Malahide, Swords, Portmarnock, um zu sehen, was angeboten wird.<\/p><p><strong><a href=\"http:\/\/www.daft.ie\" target=\"_blank\" rel=\"noopener noreferrer\">www.daft.ie<\/a><\/strong><\/p>\t\t\t\t\t\t\t\t<\/div>\n\t\t\t\t<\/div>\n\t\t\t\t\t<\/div>\n\t\t<\/div>\n\t\t\t\t\t<\/div>\n\t\t<\/section>\n\t\t\t\t<\/div>\n\t\t","protected":false},"excerpt":{"rendered":"<p>Unterkunft in einer Gastfamilie Freundliche und einladende irische Gastgeber mit komfortablen Zimmern, die nur wenige Gehminuten oder eine kurze Bus-\/Zugfahrt von unserer Schule entfernt sind, sorgen f\u00fcr eine ideale Erfahrung. Vollpension Einzelzimmer \u20ac280 pro Woche Zu Fu\u00df erreichbar oder kurze Bus-\/Zugfahrt Andere Unterkunftsm\u00f6glichkeiten: Hotel Unterkunft Das Grand Hotel ist ein wundersch\u00f6nes 4-Sterne-Hotel im Zentrum von [&hellip;]<\/p>\n","protected":false},"author":3,"featured_media":0,"parent":0,"menu_order":0,"comment_status":"open","ping_status":"closed","template":"","meta":{"content-type":"","footnotes":""},"class_list":["post-32242","page","type-page","status-publish","hentry"],"yoast_head":"<!-- This site is optimized with the Yoast SEO plugin v27.3 - https:\/\/yoast.com\/product\/yoast-seo-wordpress\/ -->\n<title>Studieren im Ausland Qualit\u00e4t der Unterkunft in einer Gastfamilie<\/title>\n<meta name=\"description\" content=\"Tauchen Sie ein in die Sprache - Buchen Sie einen Englisch-Studienaufenthalt und genie\u00dfen Sie gro\u00dfartige Gastfamilien, die nur wenige Gehminuten oder eine kurze Busfahrt von der Schule entfernt sind, im sch\u00f6nen Malahide und in der Umgebung von Dublin.\" \/>\n<meta name=\"robots\" content=\"index, follow, max-snippet:-1, max-image-preview:large, max-video-preview:-1\" \/>\n<link rel=\"canonical\" href=\"https:\/\/www.iceireland.com\/de\/study-abroad-host-family\/\" \/>\n<meta property=\"og:locale\" content=\"de_DE\" \/>\n<meta property=\"og:type\" content=\"article\" \/>\n<meta property=\"og:title\" content=\"Studieren im Ausland Qualit\u00e4t der Unterkunft in einer Gastfamilie\" \/>\n<meta property=\"og:description\" content=\"Tauchen Sie ein in die Sprache - Buchen Sie einen Englisch-Studienaufenthalt und genie\u00dfen Sie gro\u00dfartige Gastfamilien, die nur wenige Gehminuten oder eine kurze Busfahrt von der Schule entfernt sind, im sch\u00f6nen Malahide und in der Umgebung von Dublin.\" \/>\n<meta property=\"og:url\" content=\"https:\/\/www.iceireland.com\/de\/study-abroad-host-family\/\" \/>\n<meta property=\"og:site_name\" content=\"Irish College of English\" \/>\n<meta property=\"article:modified_time\" content=\"2026-01-30T16:38:34+00:00\" \/>\n<meta name=\"twitter:label1\" content=\"Gesch\u00e4tzte Lesezeit\" \/>\n\t<meta name=\"twitter:data1\" content=\"1\u00a0Minute\" \/>\n<script type=\"application\/ld+json\" class=\"yoast-schema-graph\">{\"@context\":\"https:\\\/\\\/schema.org\",\"@graph\":[{\"@type\":\"WebPage\",\"@id\":\"https:\\\/\\\/www.iceireland.com\\\/de\\\/study-abroad-host-family\\\/\",\"url\":\"https:\\\/\\\/www.iceireland.com\\\/de\\\/study-abroad-host-family\\\/\",\"name\":\"Studieren im Ausland Qualit\u00e4t der Unterkunft in einer Gastfamilie\",\"isPartOf\":{\"@id\":\"https:\\\/\\\/www.iceireland.com\\\/de\\\/#website\"},\"datePublished\":\"2014-11-12T15:03:17+00:00\",\"dateModified\":\"2026-01-30T16:38:34+00:00\",\"description\":\"Tauchen Sie ein in die Sprache - Buchen Sie einen Englisch-Studienaufenthalt und genie\u00dfen Sie gro\u00dfartige Gastfamilien, die nur wenige Gehminuten oder eine kurze Busfahrt von der Schule entfernt sind, im sch\u00f6nen Malahide und in der Umgebung von Dublin.\",\"breadcrumb\":{\"@id\":\"https:\\\/\\\/www.iceireland.com\\\/de\\\/study-abroad-host-family\\\/#breadcrumb\"},\"inLanguage\":\"de\",\"potentialAction\":[{\"@type\":\"ReadAction\",\"target\":[\"https:\\\/\\\/www.iceireland.com\\\/de\\\/study-abroad-host-family\\\/\"]}]},{\"@type\":\"BreadcrumbList\",\"@id\":\"https:\\\/\\\/www.iceireland.com\\\/de\\\/study-abroad-host-family\\\/#breadcrumb\",\"itemListElement\":[{\"@type\":\"ListItem\",\"position\":1,\"name\":\"Home\",\"item\":\"https:\\\/\\\/www.iceireland.com\\\/de\\\/\"},{\"@type\":\"ListItem\",\"position\":2,\"name\":\"Erwachsene Gastfamilie\"}]},{\"@type\":\"WebSite\",\"@id\":\"https:\\\/\\\/www.iceireland.com\\\/de\\\/#website\",\"url\":\"https:\\\/\\\/www.iceireland.com\\\/de\\\/\",\"name\":\"Irish College of English\",\"description\":\"English School in Dublin, Malahide\",\"publisher\":{\"@id\":\"https:\\\/\\\/www.iceireland.com\\\/de\\\/#organization\"},\"potentialAction\":[{\"@type\":\"SearchAction\",\"target\":{\"@type\":\"EntryPoint\",\"urlTemplate\":\"https:\\\/\\\/www.iceireland.com\\\/de\\\/?s={search_term_string}\"},\"query-input\":{\"@type\":\"PropertyValueSpecification\",\"valueRequired\":true,\"valueName\":\"search_term_string\"}}],\"inLanguage\":\"de\"},{\"@type\":\"Organization\",\"@id\":\"https:\\\/\\\/www.iceireland.com\\\/de\\\/#organization\",\"name\":\"Irish College of English\",\"url\":\"https:\\\/\\\/www.iceireland.com\\\/de\\\/\",\"logo\":{\"@type\":\"ImageObject\",\"inLanguage\":\"de\",\"@id\":\"https:\\\/\\\/www.iceireland.com\\\/de\\\/#\\\/schema\\\/logo\\\/image\\\/\",\"url\":\"https:\\\/\\\/www.iceireland.com\\\/wp-content\\\/uploads\\\/2022\\\/03\\\/logo.png\",\"contentUrl\":\"https:\\\/\\\/www.iceireland.com\\\/wp-content\\\/uploads\\\/2022\\\/03\\\/logo.png\",\"width\":593,\"height\":92,\"caption\":\"Irish College of English\"},\"image\":{\"@id\":\"https:\\\/\\\/www.iceireland.com\\\/de\\\/#\\\/schema\\\/logo\\\/image\\\/\"}}]}<\/script>\n<!-- \/ Yoast SEO plugin. -->","yoast_head_json":{"title":"Studieren im Ausland Qualit\u00e4t der Unterkunft in einer Gastfamilie","description":"Tauchen Sie ein in die Sprache - Buchen Sie einen Englisch-Studienaufenthalt und genie\u00dfen Sie gro\u00dfartige Gastfamilien, die nur wenige Gehminuten oder eine kurze Busfahrt von der Schule entfernt sind, im sch\u00f6nen Malahide und in der Umgebung von Dublin.","robots":{"index":"index","follow":"follow","max-snippet":"max-snippet:-1","max-image-preview":"max-image-preview:large","max-video-preview":"max-video-preview:-1"},"canonical":"https:\/\/www.iceireland.com\/de\/study-abroad-host-family\/","og_locale":"de_DE","og_type":"article","og_title":"Studieren im Ausland Qualit\u00e4t der Unterkunft in einer Gastfamilie","og_description":"Tauchen Sie ein in die Sprache - Buchen Sie einen Englisch-Studienaufenthalt und genie\u00dfen Sie gro\u00dfartige Gastfamilien, die nur wenige Gehminuten oder eine kurze Busfahrt von der Schule entfernt sind, im sch\u00f6nen Malahide und in der Umgebung von Dublin.","og_url":"https:\/\/www.iceireland.com\/de\/study-abroad-host-family\/","og_site_name":"Irish College of English","article_modified_time":"2026-01-30T16:38:34+00:00","twitter_misc":{"Gesch\u00e4tzte Lesezeit":"1\u00a0Minute"},"schema":{"@context":"https:\/\/schema.org","@graph":[{"@type":"WebPage","@id":"https:\/\/www.iceireland.com\/de\/study-abroad-host-family\/","url":"https:\/\/www.iceireland.com\/de\/study-abroad-host-family\/","name":"Studieren im Ausland Qualit\u00e4t der Unterkunft in einer Gastfamilie","isPartOf":{"@id":"https:\/\/www.iceireland.com\/de\/#website"},"datePublished":"2014-11-12T15:03:17+00:00","dateModified":"2026-01-30T16:38:34+00:00","description":"Tauchen Sie ein in die Sprache - Buchen Sie einen Englisch-Studienaufenthalt und genie\u00dfen Sie gro\u00dfartige Gastfamilien, die nur wenige Gehminuten oder eine kurze Busfahrt von der Schule entfernt sind, im sch\u00f6nen Malahide und in der Umgebung von Dublin.","breadcrumb":{"@id":"https:\/\/www.iceireland.com\/de\/study-abroad-host-family\/#breadcrumb"},"inLanguage":"de","potentialAction":[{"@type":"ReadAction","target":["https:\/\/www.iceireland.com\/de\/study-abroad-host-family\/"]}]},{"@type":"BreadcrumbList","@id":"https:\/\/www.iceireland.com\/de\/study-abroad-host-family\/#breadcrumb","itemListElement":[{"@type":"ListItem","position":1,"name":"Home","item":"https:\/\/www.iceireland.com\/de\/"},{"@type":"ListItem","position":2,"name":"Erwachsene Gastfamilie"}]},{"@type":"WebSite","@id":"https:\/\/www.iceireland.com\/de\/#website","url":"https:\/\/www.iceireland.com\/de\/","name":"Irish College of English","description":"English School in Dublin, Malahide","publisher":{"@id":"https:\/\/www.iceireland.com\/de\/#organization"},"potentialAction":[{"@type":"SearchAction","target":{"@type":"EntryPoint","urlTemplate":"https:\/\/www.iceireland.com\/de\/?s={search_term_string}"},"query-input":{"@type":"PropertyValueSpecification","valueRequired":true,"valueName":"search_term_string"}}],"inLanguage":"de"},{"@type":"Organization","@id":"https:\/\/www.iceireland.com\/de\/#organization","name":"Irish College of English","url":"https:\/\/www.iceireland.com\/de\/","logo":{"@type":"ImageObject","inLanguage":"de","@id":"https:\/\/www.iceireland.com\/de\/#\/schema\/logo\/image\/","url":"https:\/\/www.iceireland.com\/wp-content\/uploads\/2022\/03\/logo.png","contentUrl":"https:\/\/www.iceireland.com\/wp-content\/uploads\/2022\/03\/logo.png","width":593,"height":92,"caption":"Irish College of English"},"image":{"@id":"https:\/\/www.iceireland.com\/de\/#\/schema\/logo\/image\/"}}]}},"_links":{"self":[{"href":"https:\/\/www.iceireland.com\/de\/wp-json\/wp\/v2\/pages\/32242","targetHints":{"allow":["GET"]}}],"collection":[{"href":"https:\/\/www.iceireland.com\/de\/wp-json\/wp\/v2\/pages"}],"about":[{"href":"https:\/\/www.iceireland.com\/de\/wp-json\/wp\/v2\/types\/page"}],"author":[{"embeddable":true,"href":"https:\/\/www.iceireland.com\/de\/wp-json\/wp\/v2\/users\/3"}],"replies":[{"embeddable":true,"href":"https:\/\/www.iceireland.com\/de\/wp-json\/wp\/v2\/comments?post=32242"}],"version-history":[{"count":2,"href":"https:\/\/www.iceireland.com\/de\/wp-json\/wp\/v2\/pages\/32242\/revisions"}],"predecessor-version":[{"id":32306,"href":"https:\/\/www.iceireland.com\/de\/wp-json\/wp\/v2\/pages\/32242\/revisions\/32306"}],"wp:attachment":[{"href":"https:\/\/www.iceireland.com\/de\/wp-json\/wp\/v2\/media?parent=32242"}],"curies":[{"name":"wp","href":"https:\/\/api.w.org\/{rel}","templated":true}]}}