{"id":32301,"date":"2020-04-27T09:10:23","date_gmt":"2020-04-27T09:10:23","guid":{"rendered":"https:\/\/www.iceireland.com\/english-test\/"},"modified":"2020-04-27T09:10:23","modified_gmt":"2020-04-27T09:10:23","slug":"english-test","status":"publish","type":"page","link":"https:\/\/www.iceireland.com\/de\/english-test\/","title":{"rendered":"Englisch Test"},"content":{"rendered":"<p>&nbsp;<\/p>\n<style type=\"text\/css\"> html{ margin: 0; height: 90%; overflow: hidden; } iframe{ position: absolute; left:0; right:0; bottom:0; top:0; border:0; } <\/style>\n<p><iframe id=\"typeform-full\" class=\"oc-typeform\" src=\"https:\/\/iceireland.typeform.com\/to\/khoXj5\" width=\"100%\" height=\"90%\" frameborder=\"0\"><span data-mce-type=\"bookmark\" style=\"display: inline-block; width: 0px; overflow: hidden; line-height: 0;\" class=\"mce_SELRES_start\"><\/span><\/iframe> <script type=\"text\/javascript\" src=\"https:\/\/embed.typeform.com\/embed.js\"><\/script><\/p>\n","protected":false},"excerpt":{"rendered":"<p>&nbsp;<\/p>\n","protected":false},"author":3,"featured_media":0,"parent":0,"menu_order":0,"comment_status":"closed","ping_status":"closed","template":"elementor_canvas","meta":{"content-type":"","footnotes":""},"class_list":["post-32301","page","type-page","status-publish","hentry"],"yoast_head":"<!-- This site is optimized with the Yoast SEO plugin v27.3 - https:\/\/yoast.com\/product\/yoast-seo-wordpress\/ -->\n<title>Englisch Test - Irish College of English<\/title>\n<meta name=\"description\" content=\"Dieser Englischtest wird uns helfen, Ihr Englischniveau zu bestimmen. Entspannen Sie sich, \u00f6ffnen Sie den Test und seien Sie ehrlich mit Ihren Antworten! Wir w\u00fcnschen Ihnen viel Gl\u00fcck!\" \/>\n<meta name=\"robots\" content=\"index, follow, max-snippet:-1, max-image-preview:large, max-video-preview:-1\" \/>\n<link rel=\"canonical\" href=\"https:\/\/www.iceireland.com\/de\/english-test\/\" \/>\n<meta property=\"og:locale\" content=\"de_DE\" \/>\n<meta property=\"og:type\" content=\"article\" \/>\n<meta property=\"og:title\" content=\"Englisch Test - Irish College of English\" \/>\n<meta property=\"og:description\" content=\"Dieser Englischtest wird uns helfen, Ihr Englischniveau zu bestimmen. Entspannen Sie sich, \u00f6ffnen Sie den Test und seien Sie ehrlich mit Ihren Antworten! Wir w\u00fcnschen Ihnen viel Gl\u00fcck!\" \/>\n<meta property=\"og:url\" content=\"https:\/\/www.iceireland.com\/de\/english-test\/\" \/>\n<meta property=\"og:site_name\" content=\"Irish College of English\" \/>\n<script type=\"application\/ld+json\" class=\"yoast-schema-graph\">{\"@context\":\"https:\\\/\\\/schema.org\",\"@graph\":[{\"@type\":\"WebPage\",\"@id\":\"https:\\\/\\\/www.iceireland.com\\\/de\\\/english-test\\\/\",\"url\":\"https:\\\/\\\/www.iceireland.com\\\/de\\\/english-test\\\/\",\"name\":\"Englisch Test - Irish College of English\",\"isPartOf\":{\"@id\":\"https:\\\/\\\/www.iceireland.com\\\/de\\\/#website\"},\"datePublished\":\"2020-04-27T09:10:23+00:00\",\"description\":\"Dieser Englischtest wird uns helfen, Ihr Englischniveau zu bestimmen. Entspannen Sie sich, \u00f6ffnen Sie den Test und seien Sie ehrlich mit Ihren Antworten! Wir w\u00fcnschen Ihnen viel Gl\u00fcck!\",\"breadcrumb\":{\"@id\":\"https:\\\/\\\/www.iceireland.com\\\/de\\\/english-test\\\/#breadcrumb\"},\"inLanguage\":\"de\",\"potentialAction\":[{\"@type\":\"ReadAction\",\"target\":[\"https:\\\/\\\/www.iceireland.com\\\/de\\\/english-test\\\/\"]}]},{\"@type\":\"BreadcrumbList\",\"@id\":\"https:\\\/\\\/www.iceireland.com\\\/de\\\/english-test\\\/#breadcrumb\",\"itemListElement\":[{\"@type\":\"ListItem\",\"position\":1,\"name\":\"Home\",\"item\":\"https:\\\/\\\/www.iceireland.com\\\/de\\\/\"},{\"@type\":\"ListItem\",\"position\":2,\"name\":\"Englisch Test\"}]},{\"@type\":\"WebSite\",\"@id\":\"https:\\\/\\\/www.iceireland.com\\\/de\\\/#website\",\"url\":\"https:\\\/\\\/www.iceireland.com\\\/de\\\/\",\"name\":\"Irish College of English\",\"description\":\"English School in Dublin, Malahide\",\"publisher\":{\"@id\":\"https:\\\/\\\/www.iceireland.com\\\/de\\\/#organization\"},\"potentialAction\":[{\"@type\":\"SearchAction\",\"target\":{\"@type\":\"EntryPoint\",\"urlTemplate\":\"https:\\\/\\\/www.iceireland.com\\\/de\\\/?s={search_term_string}\"},\"query-input\":{\"@type\":\"PropertyValueSpecification\",\"valueRequired\":true,\"valueName\":\"search_term_string\"}}],\"inLanguage\":\"de\"},{\"@type\":\"Organization\",\"@id\":\"https:\\\/\\\/www.iceireland.com\\\/de\\\/#organization\",\"name\":\"Irish College of English\",\"url\":\"https:\\\/\\\/www.iceireland.com\\\/de\\\/\",\"logo\":{\"@type\":\"ImageObject\",\"inLanguage\":\"de\",\"@id\":\"https:\\\/\\\/www.iceireland.com\\\/de\\\/#\\\/schema\\\/logo\\\/image\\\/\",\"url\":\"https:\\\/\\\/www.iceireland.com\\\/wp-content\\\/uploads\\\/2022\\\/03\\\/logo.png\",\"contentUrl\":\"https:\\\/\\\/www.iceireland.com\\\/wp-content\\\/uploads\\\/2022\\\/03\\\/logo.png\",\"width\":593,\"height\":92,\"caption\":\"Irish College of English\"},\"image\":{\"@id\":\"https:\\\/\\\/www.iceireland.com\\\/de\\\/#\\\/schema\\\/logo\\\/image\\\/\"}}]}<\/script>\n<!-- \/ Yoast SEO plugin. -->","yoast_head_json":{"title":"Englisch Test - Irish College of English","description":"Dieser Englischtest wird uns helfen, Ihr Englischniveau zu bestimmen. Entspannen Sie sich, \u00f6ffnen Sie den Test und seien Sie ehrlich mit Ihren Antworten! Wir w\u00fcnschen Ihnen viel Gl\u00fcck!","robots":{"index":"index","follow":"follow","max-snippet":"max-snippet:-1","max-image-preview":"max-image-preview:large","max-video-preview":"max-video-preview:-1"},"canonical":"https:\/\/www.iceireland.com\/de\/english-test\/","og_locale":"de_DE","og_type":"article","og_title":"Englisch Test - Irish College of English","og_description":"Dieser Englischtest wird uns helfen, Ihr Englischniveau zu bestimmen. Entspannen Sie sich, \u00f6ffnen Sie den Test und seien Sie ehrlich mit Ihren Antworten! Wir w\u00fcnschen Ihnen viel Gl\u00fcck!","og_url":"https:\/\/www.iceireland.com\/de\/english-test\/","og_site_name":"Irish College of English","schema":{"@context":"https:\/\/schema.org","@graph":[{"@type":"WebPage","@id":"https:\/\/www.iceireland.com\/de\/english-test\/","url":"https:\/\/www.iceireland.com\/de\/english-test\/","name":"Englisch Test - Irish College of English","isPartOf":{"@id":"https:\/\/www.iceireland.com\/de\/#website"},"datePublished":"2020-04-27T09:10:23+00:00","description":"Dieser Englischtest wird uns helfen, Ihr Englischniveau zu bestimmen. Entspannen Sie sich, \u00f6ffnen Sie den Test und seien Sie ehrlich mit Ihren Antworten! Wir w\u00fcnschen Ihnen viel Gl\u00fcck!","breadcrumb":{"@id":"https:\/\/www.iceireland.com\/de\/english-test\/#breadcrumb"},"inLanguage":"de","potentialAction":[{"@type":"ReadAction","target":["https:\/\/www.iceireland.com\/de\/english-test\/"]}]},{"@type":"BreadcrumbList","@id":"https:\/\/www.iceireland.com\/de\/english-test\/#breadcrumb","itemListElement":[{"@type":"ListItem","position":1,"name":"Home","item":"https:\/\/www.iceireland.com\/de\/"},{"@type":"ListItem","position":2,"name":"Englisch Test"}]},{"@type":"WebSite","@id":"https:\/\/www.iceireland.com\/de\/#website","url":"https:\/\/www.iceireland.com\/de\/","name":"Irish College of English","description":"English School in Dublin, Malahide","publisher":{"@id":"https:\/\/www.iceireland.com\/de\/#organization"},"potentialAction":[{"@type":"SearchAction","target":{"@type":"EntryPoint","urlTemplate":"https:\/\/www.iceireland.com\/de\/?s={search_term_string}"},"query-input":{"@type":"PropertyValueSpecification","valueRequired":true,"valueName":"search_term_string"}}],"inLanguage":"de"},{"@type":"Organization","@id":"https:\/\/www.iceireland.com\/de\/#organization","name":"Irish College of English","url":"https:\/\/www.iceireland.com\/de\/","logo":{"@type":"ImageObject","inLanguage":"de","@id":"https:\/\/www.iceireland.com\/de\/#\/schema\/logo\/image\/","url":"https:\/\/www.iceireland.com\/wp-content\/uploads\/2022\/03\/logo.png","contentUrl":"https:\/\/www.iceireland.com\/wp-content\/uploads\/2022\/03\/logo.png","width":593,"height":92,"caption":"Irish College of English"},"image":{"@id":"https:\/\/www.iceireland.com\/de\/#\/schema\/logo\/image\/"}}]}},"_links":{"self":[{"href":"https:\/\/www.iceireland.com\/de\/wp-json\/wp\/v2\/pages\/32301","targetHints":{"allow":["GET"]}}],"collection":[{"href":"https:\/\/www.iceireland.com\/de\/wp-json\/wp\/v2\/pages"}],"about":[{"href":"https:\/\/www.iceireland.com\/de\/wp-json\/wp\/v2\/types\/page"}],"author":[{"embeddable":true,"href":"https:\/\/www.iceireland.com\/de\/wp-json\/wp\/v2\/users\/3"}],"replies":[{"embeddable":true,"href":"https:\/\/www.iceireland.com\/de\/wp-json\/wp\/v2\/comments?post=32301"}],"version-history":[{"count":0,"href":"https:\/\/www.iceireland.com\/de\/wp-json\/wp\/v2\/pages\/32301\/revisions"}],"wp:attachment":[{"href":"https:\/\/www.iceireland.com\/de\/wp-json\/wp\/v2\/media?parent=32301"}],"curies":[{"name":"wp","href":"https:\/\/api.w.org\/{rel}","templated":true}]}}