{"id":32432,"date":"2023-11-29T15:33:01","date_gmt":"2023-11-29T15:33:01","guid":{"rendered":"https:\/\/www.iceireland.com\/induction-orientation\/"},"modified":"2026-01-30T16:50:31","modified_gmt":"2026-01-30T16:50:31","slug":"induction-orientation","status":"publish","type":"page","link":"https:\/\/www.iceireland.com\/de\/useful-information-and-supports\/induction-orientation\/","title":{"rendered":"Einweisung &amp; Orientierung"},"content":{"rendered":"\t\t<div data-elementor-type=\"wp-page\" data-elementor-id=\"32432\" class=\"elementor elementor-32432 elementor-25711\" data-elementor-post-type=\"page\">\n\t\t\t\t\t\t<section class=\"elementor-section elementor-top-section elementor-element elementor-element-e585a1e elementor-section-boxed elementor-section-height-default elementor-section-height-default\" data-id=\"e585a1e\" data-element_type=\"section\" data-e-type=\"section\">\n\t\t\t\t\t\t<div class=\"elementor-container elementor-column-gap-default\">\n\t\t\t\t\t<div class=\"elementor-column elementor-col-100 elementor-top-column elementor-element elementor-element-655e19e\" data-id=\"655e19e\" data-element_type=\"column\" data-e-type=\"column\">\n\t\t\t<div class=\"elementor-widget-wrap elementor-element-populated\">\n\t\t\t\t\t\t<div class=\"elementor-element elementor-element-3c0f89b elementor-widget elementor-widget-text-editor\" data-id=\"3c0f89b\" data-element_type=\"widget\" data-e-type=\"widget\" data-widget_type=\"text-editor.default\">\n\t\t\t\t<div class=\"elementor-widget-container\">\n\t\t\t\t\t\t\t\t\t<h4>Einweisung &amp; Orientierung<\/h4><p>Unser Ziel bei ICE ist es, sicherzustellen, dass alle Sch\u00fcler die Informationen, Ressourcen und Unterst\u00fctzung erhalten, die sie ben\u00f6tigen, um sich erfolgreich in die Schulgemeinschaft zu integrieren, die Erwartungen zu verstehen und sich zuversichtlich zu f\u00fchlen, wenn sie ihre Reise zum Sprachenlernen beginnen.<\/p><ul><li>Wir unterst\u00fctzen die Studenten vor ihrer Ankunft mit allen Informationen, die sie ben\u00f6tigen, um sich auf ihren Aufenthalt bei ICE vorzubereiten und zu informieren, einschlie\u00dflich Details zum Programm, zur Unterkunft und zum Transfer, falls erforderlich.<\/li><li>Studenten, die vor der Ankunft anreisen, werden den entsprechenden Test vor der Ankunft absolvieren.<\/li><li>Erwachsene Studenten werden zu einem Treffen vor der Ankunft eingeladen. Bei diesem Treffen werden die Lernziele und -erwartungen, eine m\u00fcndliche Beurteilung, die Ergebnisse der Einstufungstests, ein \u00dcberblick \u00fcber die Kursstruktur und Unterst\u00fctzung besprochen. <\/li><li>Jeder Sch\u00fcler erh\u00e4lt ein Exemplar unseres Sch\u00fclerhandbuchs und einen Link zu unserem Qualit\u00e4tssicherungshandbuch und unserer Heimaufenthalts-Charta (sofern zutreffend). Diese Dokumente vermitteln den Sch\u00fclern und ihren Eltern\/Erziehungsberechtigten ein klares Bild von unserer Schule, unseren Programmen und unserer Unterst\u00fctzung. <\/li><li>Bei der Ankunft erh\u00e4lt jeder Student eine f\u00fcr seinen Kurs spezifische Einweisung, die in Ihrem Handbuch oder in den Informationen vor der Ankunft beschrieben ist.<\/li><li>Die Einarbeitung ist ein fortlaufender Prozess, und unsere Mitarbeiter stehen den Studenten w\u00e4hrend des gesamten Kurses bei allen akademischen und nicht-akademischen Fragen oder anderen Anliegen zur Verf\u00fcgung.<\/li><li>Unsere akademischen Manager, akademischen Mitarbeiter, das Empfangsteam, die Unterkunftsbeauftragten, die Sozialarbeiter und andere Mitarbeiter sind f\u00fcr Sie da und helfen Ihnen.<\/li><li>Sollten Sie weitere Informationen ben\u00f6tigen, lesen Sie bitte unser QA Manual &#8211; Student Induction Policy oder kontaktieren Sie uns unter <a href=\"mailto:info@iceireland.com\">info@iceireland.com<\/a>.  <\/li><\/ul>\t\t\t\t\t\t\t\t<\/div>\n\t\t\t\t<\/div>\n\t\t\t\t\t<\/div>\n\t\t<\/div>\n\t\t\t\t\t<\/div>\n\t\t<\/section>\n\t\t\t\t<section class=\"elementor-section elementor-top-section elementor-element elementor-element-609f049 elementor-section-boxed elementor-section-height-default elementor-section-height-default\" data-id=\"609f049\" data-element_type=\"section\" data-e-type=\"section\">\n\t\t\t\t\t\t<div class=\"elementor-container elementor-column-gap-default\">\n\t\t\t\t\t<div class=\"elementor-column elementor-col-100 elementor-top-column elementor-element elementor-element-04dd031\" data-id=\"04dd031\" data-element_type=\"column\" data-e-type=\"column\">\n\t\t\t<div class=\"elementor-widget-wrap elementor-element-populated\">\n\t\t\t\t\t\t<div class=\"elementor-element elementor-element-bf3c1c1 elementor-widget elementor-widget-spacer\" data-id=\"bf3c1c1\" data-element_type=\"widget\" data-e-type=\"widget\" data-widget_type=\"spacer.default\">\n\t\t\t\t<div class=\"elementor-widget-container\">\n\t\t\t\t\t\t\t<div class=\"elementor-spacer\">\n\t\t\t<div class=\"elementor-spacer-inner\"><\/div>\n\t\t<\/div>\n\t\t\t\t\t\t<\/div>\n\t\t\t\t<\/div>\n\t\t\t\t\t<\/div>\n\t\t<\/div>\n\t\t\t\t\t<\/div>\n\t\t<\/section>\n\t\t\t\t<\/div>\n\t\t","protected":false},"excerpt":{"rendered":"<p>Einweisung &amp; Orientierung Unser Ziel bei ICE ist es, sicherzustellen, dass alle Sch\u00fcler die Informationen, Ressourcen und Unterst\u00fctzung erhalten, die sie ben\u00f6tigen, um sich erfolgreich in die Schulgemeinschaft zu integrieren, die Erwartungen zu verstehen und sich zuversichtlich zu f\u00fchlen, wenn sie ihre Reise zum Sprachenlernen beginnen. Wir unterst\u00fctzen die Studenten vor ihrer Ankunft mit allen [&hellip;]<\/p>\n","protected":false},"author":3,"featured_media":0,"parent":32483,"menu_order":0,"comment_status":"closed","ping_status":"closed","template":"","meta":{"content-type":"","footnotes":""},"class_list":["post-32432","page","type-page","status-publish","hentry"],"yoast_head":"<!-- This site is optimized with the Yoast SEO plugin v27.3 - https:\/\/yoast.com\/product\/yoast-seo-wordpress\/ -->\n<title>Einweisung &amp; Orientierung - Irish College of English<\/title>\n<meta name=\"robots\" content=\"noindex, follow\" \/>\n<meta property=\"og:locale\" content=\"de_DE\" \/>\n<meta property=\"og:type\" content=\"article\" \/>\n<meta property=\"og:title\" content=\"Einweisung &amp; Orientierung - Irish College of English\" \/>\n<meta property=\"og:description\" content=\"Einweisung &amp; Orientierung Unser Ziel bei ICE ist es, sicherzustellen, dass alle Sch\u00fcler die Informationen, Ressourcen und Unterst\u00fctzung erhalten, die sie ben\u00f6tigen, um sich erfolgreich in die Schulgemeinschaft zu integrieren, die Erwartungen zu verstehen und sich zuversichtlich zu f\u00fchlen, wenn sie ihre Reise zum Sprachenlernen beginnen. Wir unterst\u00fctzen die Studenten vor ihrer Ankunft mit allen [&hellip;]\" \/>\n<meta property=\"og:url\" content=\"https:\/\/www.iceireland.com\/de\/useful-information-and-supports\/induction-orientation\/\" \/>\n<meta property=\"og:site_name\" content=\"Irish College of English\" \/>\n<meta property=\"article:modified_time\" content=\"2026-01-30T16:50:31+00:00\" \/>\n<meta name=\"twitter:label1\" content=\"Gesch\u00e4tzte Lesezeit\" \/>\n\t<meta name=\"twitter:data1\" content=\"1\u00a0Minute\" \/>\n<script type=\"application\/ld+json\" class=\"yoast-schema-graph\">{\"@context\":\"https:\\\/\\\/schema.org\",\"@graph\":[{\"@type\":\"WebPage\",\"@id\":\"https:\\\/\\\/www.iceireland.com\\\/de\\\/useful-information-and-supports\\\/induction-orientation\\\/\",\"url\":\"https:\\\/\\\/www.iceireland.com\\\/de\\\/useful-information-and-supports\\\/induction-orientation\\\/\",\"name\":\"Einweisung &amp; Orientierung - Irish College of English\",\"isPartOf\":{\"@id\":\"https:\\\/\\\/www.iceireland.com\\\/de\\\/#website\"},\"datePublished\":\"2023-11-29T15:33:01+00:00\",\"dateModified\":\"2026-01-30T16:50:31+00:00\",\"breadcrumb\":{\"@id\":\"https:\\\/\\\/www.iceireland.com\\\/de\\\/useful-information-and-supports\\\/induction-orientation\\\/#breadcrumb\"},\"inLanguage\":\"de\",\"potentialAction\":[{\"@type\":\"ReadAction\",\"target\":[\"https:\\\/\\\/www.iceireland.com\\\/de\\\/useful-information-and-supports\\\/induction-orientation\\\/\"]}]},{\"@type\":\"BreadcrumbList\",\"@id\":\"https:\\\/\\\/www.iceireland.com\\\/de\\\/useful-information-and-supports\\\/induction-orientation\\\/#breadcrumb\",\"itemListElement\":[{\"@type\":\"ListItem\",\"position\":1,\"name\":\"Home\",\"item\":\"https:\\\/\\\/www.iceireland.com\\\/de\\\/\"},{\"@type\":\"ListItem\",\"position\":2,\"name\":\"N\u00fctzliche Informationen und Hilfen\",\"item\":\"https:\\\/\\\/www.iceireland.com\\\/de\\\/useful-information-and-supports\\\/\"},{\"@type\":\"ListItem\",\"position\":3,\"name\":\"Einweisung &amp; Orientierung\"}]},{\"@type\":\"WebSite\",\"@id\":\"https:\\\/\\\/www.iceireland.com\\\/de\\\/#website\",\"url\":\"https:\\\/\\\/www.iceireland.com\\\/de\\\/\",\"name\":\"Irish College of English\",\"description\":\"English School in Dublin, Malahide\",\"publisher\":{\"@id\":\"https:\\\/\\\/www.iceireland.com\\\/de\\\/#organization\"},\"potentialAction\":[{\"@type\":\"SearchAction\",\"target\":{\"@type\":\"EntryPoint\",\"urlTemplate\":\"https:\\\/\\\/www.iceireland.com\\\/de\\\/?s={search_term_string}\"},\"query-input\":{\"@type\":\"PropertyValueSpecification\",\"valueRequired\":true,\"valueName\":\"search_term_string\"}}],\"inLanguage\":\"de\"},{\"@type\":\"Organization\",\"@id\":\"https:\\\/\\\/www.iceireland.com\\\/de\\\/#organization\",\"name\":\"Irish College of English\",\"url\":\"https:\\\/\\\/www.iceireland.com\\\/de\\\/\",\"logo\":{\"@type\":\"ImageObject\",\"inLanguage\":\"de\",\"@id\":\"https:\\\/\\\/www.iceireland.com\\\/de\\\/#\\\/schema\\\/logo\\\/image\\\/\",\"url\":\"https:\\\/\\\/www.iceireland.com\\\/wp-content\\\/uploads\\\/2022\\\/03\\\/logo.png\",\"contentUrl\":\"https:\\\/\\\/www.iceireland.com\\\/wp-content\\\/uploads\\\/2022\\\/03\\\/logo.png\",\"width\":593,\"height\":92,\"caption\":\"Irish College of English\"},\"image\":{\"@id\":\"https:\\\/\\\/www.iceireland.com\\\/de\\\/#\\\/schema\\\/logo\\\/image\\\/\"}}]}<\/script>\n<!-- \/ Yoast SEO plugin. -->","yoast_head_json":{"title":"Einweisung &amp; Orientierung - Irish College of English","robots":{"index":"noindex","follow":"follow"},"og_locale":"de_DE","og_type":"article","og_title":"Einweisung &amp; Orientierung - Irish College of English","og_description":"Einweisung &amp; Orientierung Unser Ziel bei ICE ist es, sicherzustellen, dass alle Sch\u00fcler die Informationen, Ressourcen und Unterst\u00fctzung erhalten, die sie ben\u00f6tigen, um sich erfolgreich in die Schulgemeinschaft zu integrieren, die Erwartungen zu verstehen und sich zuversichtlich zu f\u00fchlen, wenn sie ihre Reise zum Sprachenlernen beginnen. Wir unterst\u00fctzen die Studenten vor ihrer Ankunft mit allen [&hellip;]","og_url":"https:\/\/www.iceireland.com\/de\/useful-information-and-supports\/induction-orientation\/","og_site_name":"Irish College of English","article_modified_time":"2026-01-30T16:50:31+00:00","twitter_misc":{"Gesch\u00e4tzte Lesezeit":"1\u00a0Minute"},"schema":{"@context":"https:\/\/schema.org","@graph":[{"@type":"WebPage","@id":"https:\/\/www.iceireland.com\/de\/useful-information-and-supports\/induction-orientation\/","url":"https:\/\/www.iceireland.com\/de\/useful-information-and-supports\/induction-orientation\/","name":"Einweisung &amp; Orientierung - Irish College of English","isPartOf":{"@id":"https:\/\/www.iceireland.com\/de\/#website"},"datePublished":"2023-11-29T15:33:01+00:00","dateModified":"2026-01-30T16:50:31+00:00","breadcrumb":{"@id":"https:\/\/www.iceireland.com\/de\/useful-information-and-supports\/induction-orientation\/#breadcrumb"},"inLanguage":"de","potentialAction":[{"@type":"ReadAction","target":["https:\/\/www.iceireland.com\/de\/useful-information-and-supports\/induction-orientation\/"]}]},{"@type":"BreadcrumbList","@id":"https:\/\/www.iceireland.com\/de\/useful-information-and-supports\/induction-orientation\/#breadcrumb","itemListElement":[{"@type":"ListItem","position":1,"name":"Home","item":"https:\/\/www.iceireland.com\/de\/"},{"@type":"ListItem","position":2,"name":"N\u00fctzliche Informationen und Hilfen","item":"https:\/\/www.iceireland.com\/de\/useful-information-and-supports\/"},{"@type":"ListItem","position":3,"name":"Einweisung &amp; Orientierung"}]},{"@type":"WebSite","@id":"https:\/\/www.iceireland.com\/de\/#website","url":"https:\/\/www.iceireland.com\/de\/","name":"Irish College of English","description":"English School in Dublin, Malahide","publisher":{"@id":"https:\/\/www.iceireland.com\/de\/#organization"},"potentialAction":[{"@type":"SearchAction","target":{"@type":"EntryPoint","urlTemplate":"https:\/\/www.iceireland.com\/de\/?s={search_term_string}"},"query-input":{"@type":"PropertyValueSpecification","valueRequired":true,"valueName":"search_term_string"}}],"inLanguage":"de"},{"@type":"Organization","@id":"https:\/\/www.iceireland.com\/de\/#organization","name":"Irish College of English","url":"https:\/\/www.iceireland.com\/de\/","logo":{"@type":"ImageObject","inLanguage":"de","@id":"https:\/\/www.iceireland.com\/de\/#\/schema\/logo\/image\/","url":"https:\/\/www.iceireland.com\/wp-content\/uploads\/2022\/03\/logo.png","contentUrl":"https:\/\/www.iceireland.com\/wp-content\/uploads\/2022\/03\/logo.png","width":593,"height":92,"caption":"Irish College of English"},"image":{"@id":"https:\/\/www.iceireland.com\/de\/#\/schema\/logo\/image\/"}}]}},"_links":{"self":[{"href":"https:\/\/www.iceireland.com\/de\/wp-json\/wp\/v2\/pages\/32432","targetHints":{"allow":["GET"]}}],"collection":[{"href":"https:\/\/www.iceireland.com\/de\/wp-json\/wp\/v2\/pages"}],"about":[{"href":"https:\/\/www.iceireland.com\/de\/wp-json\/wp\/v2\/types\/page"}],"author":[{"embeddable":true,"href":"https:\/\/www.iceireland.com\/de\/wp-json\/wp\/v2\/users\/3"}],"replies":[{"embeddable":true,"href":"https:\/\/www.iceireland.com\/de\/wp-json\/wp\/v2\/comments?post=32432"}],"version-history":[{"count":1,"href":"https:\/\/www.iceireland.com\/de\/wp-json\/wp\/v2\/pages\/32432\/revisions"}],"predecessor-version":[{"id":32433,"href":"https:\/\/www.iceireland.com\/de\/wp-json\/wp\/v2\/pages\/32432\/revisions\/32433"}],"up":[{"embeddable":true,"href":"https:\/\/www.iceireland.com\/de\/wp-json\/wp\/v2\/pages\/32483"}],"wp:attachment":[{"href":"https:\/\/www.iceireland.com\/de\/wp-json\/wp\/v2\/media?parent=32432"}],"curies":[{"name":"wp","href":"https:\/\/api.w.org\/{rel}","templated":true}]}}