{"id":32439,"date":"2023-11-29T15:32:14","date_gmt":"2023-11-29T15:32:14","guid":{"rendered":"https:\/\/www.iceireland.com\/assessment\/"},"modified":"2026-01-30T16:50:31","modified_gmt":"2026-01-30T16:50:31","slug":"assessment","status":"publish","type":"page","link":"https:\/\/www.iceireland.com\/de\/useful-information-and-supports\/assessment\/","title":{"rendered":"Bewertung"},"content":{"rendered":"\t\t<div data-elementor-type=\"wp-page\" data-elementor-id=\"32439\" class=\"elementor elementor-32439 elementor-25709\" data-elementor-post-type=\"page\">\n\t\t\t\t\t\t<section class=\"elementor-section elementor-top-section elementor-element elementor-element-0b49e11 elementor-section-boxed elementor-section-height-default elementor-section-height-default\" data-id=\"0b49e11\" data-element_type=\"section\" data-e-type=\"section\">\n\t\t\t\t\t\t<div class=\"elementor-container elementor-column-gap-default\">\n\t\t\t\t\t<div class=\"elementor-column elementor-col-100 elementor-top-column elementor-element elementor-element-9d18d67\" data-id=\"9d18d67\" data-element_type=\"column\" data-e-type=\"column\">\n\t\t\t<div class=\"elementor-widget-wrap elementor-element-populated\">\n\t\t\t\t\t\t<div class=\"elementor-element elementor-element-03ed506 elementor-widget elementor-widget-text-editor\" data-id=\"03ed506\" data-element_type=\"widget\" data-e-type=\"widget\" data-widget_type=\"text-editor.default\">\n\t\t\t\t<div class=\"elementor-widget-container\">\n\t\t\t\t\t\t\t\t\t<p class=\"MsoNormal\"><b><span lang=\"EN-GB\">Entwicklung der Bewertung<o:p><\/o:p><\/span><\/b><\/p><p class=\"MsoNormal\" style=\"text-align:justify\"><span lang=\"EN-GB\">Beurteilungen sind\nein wesentlicher Bestandteil Ihrer Lernreise, um Ihren Fortschritt\nzu unterst\u00fctzen und Ihr Selbstvertrauen im Umgang mit der englischen Sprache zu st\u00e4rken. Wir konzentrieren uns auf alle wichtigen CEFR-F\u00e4higkeiten &#8211;\nH\u00f6ren, Lesen, Schreiben und Sprechen &#8211; und bieten einen ausgewogenen Ansatz zum\nSprachenlernen. Dadurch wird sichergestellt, dass die Sch\u00fcler eine umfassende Kompetenz entwickeln, w\u00e4hrend\ndie verbesserungsbed\u00fcrftigen Bereiche identifiziert.  <o:p><\/o:p><\/span><\/p><p class=\"MsoNormal\" style=\"text-align:justify\"><span lang=\"EN-GB\">Unsere Bewertungsmethode\nist wenig anspruchsvoll, d.h. der Fokus liegt auf Ihrem Lernen und Ihrer Entwicklung\nund nicht auf Druck. Indem wir die Teilnahme und das Feedback betonen, schaffen wir ein\nmotivierendes Umfeld, in dem Sie sich bef\u00e4higt f\u00fchlen, Ihr\nLernen selbst in die Hand zu nehmen. <o:p><\/o:p><\/span><\/p><p class=\"MsoNormal\" style=\"text-align:justify\"><span lang=\"EN-GB\">Die Sch\u00fcler werden\nzun\u00e4chst vor ihrer Ankunft eingesch\u00e4tzt, um ihr Sprachniveau mit Hilfe eines Online-Tests (\n) zu bestimmen, der auf den CEFR abgestimmt ist.<o:p><\/o:p><\/span><\/p><p class=\"MsoNormal\" style=\"text-align:justify\"><span lang=\"EN-GB\">Unsere Sch\u00fcler werden\ndann durch unsere formativen und summativen Beurteilungssysteme bewertet, die\nG\u00fcltigkeit, Zuverl\u00e4ssigkeit und Fairness bei der Bewertung der Sch\u00fclerleistungen in\nSprachkenntnissen gew\u00e4hrleisten.<o:p><\/o:p><\/span><\/p><p class=\"MsoNormal\" style=\"line-height:107%\"><b><span lang=\"EN-GB\">Formative\nBewertung<o:p><\/o:p><\/span><\/b><\/p><p class=\"MsoNormal\" style=\"text-align:justify;line-height:107%\"><span lang=\"EN-GB\">Die formative Beurteilung ist ein fortlaufender Prozess, der dazu beitr\u00e4gt,\nden Fortschritt der Sch\u00fcler zu messen und ihnen w\u00e4hrend ihres Aufenthalts konstruktives Feedback zu geben. Dazu\ngeh\u00f6ren Beobachtungen im Klassenzimmer, interaktive Aktivit\u00e4ten, Quizfragen und w\u00f6chentliche\nProjekte. Weitere Beispiele f\u00fcr eine formative Beurteilung sind das Engagement\nder Lernenden bei den Aktivit\u00e4ten und die F\u00e4higkeit der Lernenden, sprachliche Hindernisse zu \u00fcberwinden. Diese werden\naufgezeichnet und dienen als Grundlage f\u00fcr Kommentare zur Bewertung in unserem\nAbschlussbericht f\u00fcr Studenten.   <o:p><\/o:p><\/span><\/p><p class=\"MsoNormal\"><b><span lang=\"EN-GB\">Summative Bewertung<o:p><\/o:p><\/span><\/b><\/p><p>\n\n\n\n\n\n\n\n\n\n\n\n\n\n\n\n<\/p><p class=\"MsoNormal\" style=\"text-align:justify;line-height:107%\"><span lang=\"EN-GB\">Summative Tests werden am Ende jeder Woche durchgef\u00fchrt, um\nden Lernfortschritt der Sch\u00fcler auf der Grundlage der von ihnen studierten zentralen Kursbucheinheit zu messen\n. Diese Tests sind standardisiert, um Konsistenz und Fairness zu gew\u00e4hrleisten, und\nsind im Lehrplan der Sch\u00fcler aufgef\u00fchrt, um ihnen eine effektive Vorbereitung zu erm\u00f6glichen. <o:p><\/o:p><\/span><\/p>\t\t\t\t\t\t\t\t<\/div>\n\t\t\t\t<\/div>\n\t\t\t\t\t<\/div>\n\t\t<\/div>\n\t\t\t\t\t<\/div>\n\t\t<\/section>\n\t\t\t\t<\/div>\n\t\t","protected":false},"excerpt":{"rendered":"<p>Entwicklung der Bewertung Beurteilungen sind ein wesentlicher Bestandteil Ihrer Lernreise, um Ihren Fortschritt zu unterst\u00fctzen und Ihr Selbstvertrauen im Umgang mit der englischen Sprache zu st\u00e4rken. Wir konzentrieren uns auf alle wichtigen CEFR-F\u00e4higkeiten &#8211; H\u00f6ren, Lesen, Schreiben und Sprechen &#8211; und bieten einen ausgewogenen Ansatz zum Sprachenlernen. Dadurch wird sichergestellt, dass die Sch\u00fcler eine umfassende [&hellip;]<\/p>\n","protected":false},"author":3,"featured_media":0,"parent":32483,"menu_order":0,"comment_status":"closed","ping_status":"closed","template":"","meta":{"content-type":"","footnotes":""},"class_list":["post-32439","page","type-page","status-publish","hentry"],"yoast_head":"<!-- This site is optimized with the Yoast SEO plugin v27.3 - https:\/\/yoast.com\/product\/yoast-seo-wordpress\/ -->\n<title>Bewertung - Irish College of English<\/title>\n<meta name=\"robots\" content=\"noindex, follow\" \/>\n<meta property=\"og:locale\" content=\"de_DE\" \/>\n<meta property=\"og:type\" content=\"article\" \/>\n<meta property=\"og:title\" content=\"Bewertung - Irish College of English\" \/>\n<meta property=\"og:description\" content=\"Entwicklung der Bewertung Beurteilungen sind ein wesentlicher Bestandteil Ihrer Lernreise, um Ihren Fortschritt zu unterst\u00fctzen und Ihr Selbstvertrauen im Umgang mit der englischen Sprache zu st\u00e4rken. Wir konzentrieren uns auf alle wichtigen CEFR-F\u00e4higkeiten &#8211; H\u00f6ren, Lesen, Schreiben und Sprechen &#8211; und bieten einen ausgewogenen Ansatz zum Sprachenlernen. Dadurch wird sichergestellt, dass die Sch\u00fcler eine umfassende [&hellip;]\" \/>\n<meta property=\"og:url\" content=\"https:\/\/www.iceireland.com\/de\/useful-information-and-supports\/assessment\/\" \/>\n<meta property=\"og:site_name\" content=\"Irish College of English\" \/>\n<meta property=\"article:modified_time\" content=\"2026-01-30T16:50:31+00:00\" \/>\n<meta name=\"twitter:label1\" content=\"Gesch\u00e4tzte Lesezeit\" \/>\n\t<meta name=\"twitter:data1\" content=\"2\u00a0Minuten\" \/>\n<script type=\"application\/ld+json\" class=\"yoast-schema-graph\">{\"@context\":\"https:\\\/\\\/schema.org\",\"@graph\":[{\"@type\":\"WebPage\",\"@id\":\"https:\\\/\\\/www.iceireland.com\\\/de\\\/useful-information-and-supports\\\/assessment\\\/\",\"url\":\"https:\\\/\\\/www.iceireland.com\\\/de\\\/useful-information-and-supports\\\/assessment\\\/\",\"name\":\"Bewertung - Irish College of English\",\"isPartOf\":{\"@id\":\"https:\\\/\\\/www.iceireland.com\\\/de\\\/#website\"},\"datePublished\":\"2023-11-29T15:32:14+00:00\",\"dateModified\":\"2026-01-30T16:50:31+00:00\",\"breadcrumb\":{\"@id\":\"https:\\\/\\\/www.iceireland.com\\\/de\\\/useful-information-and-supports\\\/assessment\\\/#breadcrumb\"},\"inLanguage\":\"de\",\"potentialAction\":[{\"@type\":\"ReadAction\",\"target\":[\"https:\\\/\\\/www.iceireland.com\\\/de\\\/useful-information-and-supports\\\/assessment\\\/\"]}]},{\"@type\":\"BreadcrumbList\",\"@id\":\"https:\\\/\\\/www.iceireland.com\\\/de\\\/useful-information-and-supports\\\/assessment\\\/#breadcrumb\",\"itemListElement\":[{\"@type\":\"ListItem\",\"position\":1,\"name\":\"Home\",\"item\":\"https:\\\/\\\/www.iceireland.com\\\/de\\\/\"},{\"@type\":\"ListItem\",\"position\":2,\"name\":\"N\u00fctzliche Informationen und Hilfen\",\"item\":\"https:\\\/\\\/www.iceireland.com\\\/de\\\/useful-information-and-supports\\\/\"},{\"@type\":\"ListItem\",\"position\":3,\"name\":\"Bewertung\"}]},{\"@type\":\"WebSite\",\"@id\":\"https:\\\/\\\/www.iceireland.com\\\/de\\\/#website\",\"url\":\"https:\\\/\\\/www.iceireland.com\\\/de\\\/\",\"name\":\"Irish College of English\",\"description\":\"English School in Dublin, Malahide\",\"publisher\":{\"@id\":\"https:\\\/\\\/www.iceireland.com\\\/de\\\/#organization\"},\"potentialAction\":[{\"@type\":\"SearchAction\",\"target\":{\"@type\":\"EntryPoint\",\"urlTemplate\":\"https:\\\/\\\/www.iceireland.com\\\/de\\\/?s={search_term_string}\"},\"query-input\":{\"@type\":\"PropertyValueSpecification\",\"valueRequired\":true,\"valueName\":\"search_term_string\"}}],\"inLanguage\":\"de\"},{\"@type\":\"Organization\",\"@id\":\"https:\\\/\\\/www.iceireland.com\\\/de\\\/#organization\",\"name\":\"Irish College of English\",\"url\":\"https:\\\/\\\/www.iceireland.com\\\/de\\\/\",\"logo\":{\"@type\":\"ImageObject\",\"inLanguage\":\"de\",\"@id\":\"https:\\\/\\\/www.iceireland.com\\\/de\\\/#\\\/schema\\\/logo\\\/image\\\/\",\"url\":\"https:\\\/\\\/www.iceireland.com\\\/wp-content\\\/uploads\\\/2022\\\/03\\\/logo.png\",\"contentUrl\":\"https:\\\/\\\/www.iceireland.com\\\/wp-content\\\/uploads\\\/2022\\\/03\\\/logo.png\",\"width\":593,\"height\":92,\"caption\":\"Irish College of English\"},\"image\":{\"@id\":\"https:\\\/\\\/www.iceireland.com\\\/de\\\/#\\\/schema\\\/logo\\\/image\\\/\"}}]}<\/script>\n<!-- \/ Yoast SEO plugin. -->","yoast_head_json":{"title":"Bewertung - Irish College of English","robots":{"index":"noindex","follow":"follow"},"og_locale":"de_DE","og_type":"article","og_title":"Bewertung - Irish College of English","og_description":"Entwicklung der Bewertung Beurteilungen sind ein wesentlicher Bestandteil Ihrer Lernreise, um Ihren Fortschritt zu unterst\u00fctzen und Ihr Selbstvertrauen im Umgang mit der englischen Sprache zu st\u00e4rken. Wir konzentrieren uns auf alle wichtigen CEFR-F\u00e4higkeiten &#8211; H\u00f6ren, Lesen, Schreiben und Sprechen &#8211; und bieten einen ausgewogenen Ansatz zum Sprachenlernen. Dadurch wird sichergestellt, dass die Sch\u00fcler eine umfassende [&hellip;]","og_url":"https:\/\/www.iceireland.com\/de\/useful-information-and-supports\/assessment\/","og_site_name":"Irish College of English","article_modified_time":"2026-01-30T16:50:31+00:00","twitter_misc":{"Gesch\u00e4tzte Lesezeit":"2\u00a0Minuten"},"schema":{"@context":"https:\/\/schema.org","@graph":[{"@type":"WebPage","@id":"https:\/\/www.iceireland.com\/de\/useful-information-and-supports\/assessment\/","url":"https:\/\/www.iceireland.com\/de\/useful-information-and-supports\/assessment\/","name":"Bewertung - Irish College of English","isPartOf":{"@id":"https:\/\/www.iceireland.com\/de\/#website"},"datePublished":"2023-11-29T15:32:14+00:00","dateModified":"2026-01-30T16:50:31+00:00","breadcrumb":{"@id":"https:\/\/www.iceireland.com\/de\/useful-information-and-supports\/assessment\/#breadcrumb"},"inLanguage":"de","potentialAction":[{"@type":"ReadAction","target":["https:\/\/www.iceireland.com\/de\/useful-information-and-supports\/assessment\/"]}]},{"@type":"BreadcrumbList","@id":"https:\/\/www.iceireland.com\/de\/useful-information-and-supports\/assessment\/#breadcrumb","itemListElement":[{"@type":"ListItem","position":1,"name":"Home","item":"https:\/\/www.iceireland.com\/de\/"},{"@type":"ListItem","position":2,"name":"N\u00fctzliche Informationen und Hilfen","item":"https:\/\/www.iceireland.com\/de\/useful-information-and-supports\/"},{"@type":"ListItem","position":3,"name":"Bewertung"}]},{"@type":"WebSite","@id":"https:\/\/www.iceireland.com\/de\/#website","url":"https:\/\/www.iceireland.com\/de\/","name":"Irish College of English","description":"English School in Dublin, Malahide","publisher":{"@id":"https:\/\/www.iceireland.com\/de\/#organization"},"potentialAction":[{"@type":"SearchAction","target":{"@type":"EntryPoint","urlTemplate":"https:\/\/www.iceireland.com\/de\/?s={search_term_string}"},"query-input":{"@type":"PropertyValueSpecification","valueRequired":true,"valueName":"search_term_string"}}],"inLanguage":"de"},{"@type":"Organization","@id":"https:\/\/www.iceireland.com\/de\/#organization","name":"Irish College of English","url":"https:\/\/www.iceireland.com\/de\/","logo":{"@type":"ImageObject","inLanguage":"de","@id":"https:\/\/www.iceireland.com\/de\/#\/schema\/logo\/image\/","url":"https:\/\/www.iceireland.com\/wp-content\/uploads\/2022\/03\/logo.png","contentUrl":"https:\/\/www.iceireland.com\/wp-content\/uploads\/2022\/03\/logo.png","width":593,"height":92,"caption":"Irish College of English"},"image":{"@id":"https:\/\/www.iceireland.com\/de\/#\/schema\/logo\/image\/"}}]}},"_links":{"self":[{"href":"https:\/\/www.iceireland.com\/de\/wp-json\/wp\/v2\/pages\/32439","targetHints":{"allow":["GET"]}}],"collection":[{"href":"https:\/\/www.iceireland.com\/de\/wp-json\/wp\/v2\/pages"}],"about":[{"href":"https:\/\/www.iceireland.com\/de\/wp-json\/wp\/v2\/types\/page"}],"author":[{"embeddable":true,"href":"https:\/\/www.iceireland.com\/de\/wp-json\/wp\/v2\/users\/3"}],"replies":[{"embeddable":true,"href":"https:\/\/www.iceireland.com\/de\/wp-json\/wp\/v2\/comments?post=32439"}],"version-history":[{"count":1,"href":"https:\/\/www.iceireland.com\/de\/wp-json\/wp\/v2\/pages\/32439\/revisions"}],"predecessor-version":[{"id":32441,"href":"https:\/\/www.iceireland.com\/de\/wp-json\/wp\/v2\/pages\/32439\/revisions\/32441"}],"up":[{"embeddable":true,"href":"https:\/\/www.iceireland.com\/de\/wp-json\/wp\/v2\/pages\/32483"}],"wp:attachment":[{"href":"https:\/\/www.iceireland.com\/de\/wp-json\/wp\/v2\/media?parent=32439"}],"curies":[{"name":"wp","href":"https:\/\/api.w.org\/{rel}","templated":true}]}}