{"id":32511,"date":"2023-11-28T14:29:02","date_gmt":"2023-11-28T14:29:02","guid":{"rendered":"https:\/\/www.iceireland.com\/useful-information-and-supports\/learner-protection\/"},"modified":"2026-01-30T16:50:53","modified_gmt":"2026-01-30T16:50:53","slug":"learner-protection","status":"publish","type":"page","link":"https:\/\/www.iceireland.com\/de\/useful-information-and-supports\/learner-protection\/","title":{"rendered":"Schutz der Lernenden"},"content":{"rendered":"\t\t<div data-elementor-type=\"wp-page\" data-elementor-id=\"32511\" class=\"elementor elementor-32511 elementor-25634\" data-elementor-post-type=\"page\">\n\t\t\t\t\t\t<section class=\"elementor-section elementor-top-section elementor-element elementor-element-f28b19c elementor-section-boxed elementor-section-height-default elementor-section-height-default\" data-id=\"f28b19c\" data-element_type=\"section\" data-e-type=\"section\">\n\t\t\t\t\t\t<div class=\"elementor-container elementor-column-gap-default\">\n\t\t\t\t\t<div class=\"elementor-column elementor-col-100 elementor-top-column elementor-element elementor-element-f788b3d\" data-id=\"f788b3d\" data-element_type=\"column\" data-e-type=\"column\">\n\t\t\t<div class=\"elementor-widget-wrap elementor-element-populated\">\n\t\t\t\t\t\t<div class=\"elementor-element elementor-element-86ec0a2 elementor-widget elementor-widget-heading\" data-id=\"86ec0a2\" data-element_type=\"widget\" data-e-type=\"widget\" data-widget_type=\"heading.default\">\n\t\t\t\t<div class=\"elementor-widget-container\">\n\t\t\t\t\t<h2 class=\"elementor-heading-title elementor-size-default\">Schutz der Lernenden<\/h2>\t\t\t\t<\/div>\n\t\t\t\t<\/div>\n\t\t\t\t\t<\/div>\n\t\t<\/div>\n\t\t\t\t\t<\/div>\n\t\t<\/section>\n\t\t\t\t<section class=\"elementor-section elementor-top-section elementor-element elementor-element-04766b2 elementor-section-boxed elementor-section-height-default elementor-section-height-default\" data-id=\"04766b2\" data-element_type=\"section\" data-e-type=\"section\">\n\t\t\t\t\t\t<div class=\"elementor-container elementor-column-gap-default\">\n\t\t\t\t\t<div class=\"elementor-column elementor-col-100 elementor-top-column elementor-element elementor-element-731c06c\" data-id=\"731c06c\" data-element_type=\"column\" data-e-type=\"column\">\n\t\t\t<div class=\"elementor-widget-wrap elementor-element-populated\">\n\t\t\t\t\t\t<div class=\"elementor-element elementor-element-a4037cf elementor-widget elementor-widget-text-editor\" data-id=\"a4037cf\" data-element_type=\"widget\" data-e-type=\"widget\" data-widget_type=\"text-editor.default\">\n\t\t\t\t<div class=\"elementor-widget-container\">\n\t\t\t\t\t\t\t\t\t<p>Am Irish College of English legen wir gro\u00dfen Wert auf das Wohlergehen und die Sicherheit unserer Studenten.<\/p><p>Als Teil unserer Verpflichtung, ein sicheres und unterst\u00fctzendes Lernumfeld zu schaffen, bieten wir allen ILEP-Sch\u00fclern \u00fcber das Arachas Enrolled Learner Protection Programme und allen Sch\u00fclern \u00fcber MEI Learner Protection eine Lernschutzversicherung.<\/p><p><strong>Arachas Programm zum Schutz von eingeschriebenen Lernenden<\/strong><\/p><p>Dieser Versicherungsschutz, der von Aviva Insurance Ireland DAC angeboten wird, wird von der irischen Zentralbank reguliert und gew\u00e4hrleistet den h\u00f6chsten Schutzstandard f\u00fcr unsere Studenten. Im Rahmen dieser Gruppenversicherung sind die Studenten abgesichert, falls ein Programm vorzeitig beendet wird. <\/p><p>In \u00dcbereinstimmung mit Abschnitt 5A14 der Regelungen f\u00fcr englische Sprachprogramme stellen wir sicher, dass unsere Vorkehrungen zum Schutz der Lernenden den von den Aufsichtsbeh\u00f6rden festgelegten Standards entsprechen. Diese Vorkehrungen gelten f\u00fcr Sch\u00fcler ab dem Zeitpunkt der Einschreibung und der Zahlung der Geb\u00fchren bis zum Abschluss des Programms und den Pr\u00fcfungen am Ende des Programms. <\/p><p><strong>Schutz der Lernenden<\/strong><\/p><p>Als Mitglied der EEI sind wir \u00fcber Study &amp; Protect durch das EEI-Schutzprogramm f\u00fcr Lernende abgesichert. Im Falle der Schlie\u00dfung einer Schule k\u00f6nnen die Studenten ihr Studium an einer anderen EEI-Schule ohne zus\u00e4tzliche Kosten fortsetzen. Die Vermittlung an eine andere EEI-Sprachschule wird von der EEI-Gesch\u00e4ftsstelle schnell und stressfrei koordiniert. <\/p><p>Unsere Vorkehrungen zum Schutz von Studenten sind so strukturiert, dass ein umfassender Versicherungsschutz f\u00fcr jeden einzelnen Studenten gew\u00e4hrleistet ist. Der Versicherungsanbieter informiert Sie klar und deutlich \u00fcber die Einzelheiten der Police und die Vorgehensweise bei Schadensf\u00e4llen. Dar\u00fcber hinaus halten wir uns an akademische Haftungsvereinbarungen, um die Kontinuit\u00e4t der Ausbildung im Falle einer Unterbrechung des Programms zu gew\u00e4hrleisten. Es gelten strenge Richtlinien, um Transparenz und Verantwortlichkeit zu wahren.   <\/p><p>Wir wissen, wie wichtig Transparenz und Rechenschaftspflicht f\u00fcr den Schutz der Interessen unserer Studenten sind, und wir werden uns auch weiterhin f\u00fcr die Einhaltung der h\u00f6chsten Standards zum Schutz der Studenten einsetzen. Alle vorgeschlagenen \u00c4nderungen an unseren Vorkehrungen zum Schutz der Lernenden m\u00fcssen von den zust\u00e4ndigen Beh\u00f6rden genehmigt werden, um die Sicherheit und das Wohlergehen unserer Studentengemeinschaft zu gew\u00e4hrleisten. <\/p><p>Am Irish College of English sind wir bestrebt, nicht nur eine qualitativ hochwertige Ausbildung zu bieten, sondern auch unseren Studenten und ihren Familien durch robuste Ma\u00dfnahmen zum Schutz der Lernenden Sicherheit zu geben.<\/p>\t\t\t\t\t\t\t\t<\/div>\n\t\t\t\t<\/div>\n\t\t\t\t\t<\/div>\n\t\t<\/div>\n\t\t\t\t\t<\/div>\n\t\t<\/section>\n\t\t\t\t<\/div>\n\t\t","protected":false},"excerpt":{"rendered":"<p>Schutz der Lernenden Am Irish College of English legen wir gro\u00dfen Wert auf das Wohlergehen und die Sicherheit unserer Studenten. Als Teil unserer Verpflichtung, ein sicheres und unterst\u00fctzendes Lernumfeld zu schaffen, bieten wir allen ILEP-Sch\u00fclern \u00fcber das Arachas Enrolled Learner Protection Programme und allen Sch\u00fclern \u00fcber MEI Learner Protection eine Lernschutzversicherung. Arachas Programm zum Schutz [&hellip;]<\/p>\n","protected":false},"author":3,"featured_media":0,"parent":32483,"menu_order":0,"comment_status":"closed","ping_status":"closed","template":"","meta":{"content-type":"","footnotes":""},"class_list":["post-32511","page","type-page","status-publish","hentry"],"yoast_head":"<!-- This site is optimized with the Yoast SEO plugin v27.3 - https:\/\/yoast.com\/product\/yoast-seo-wordpress\/ -->\n<title>Schutz der Lernenden - Irish College of English<\/title>\n<meta name=\"robots\" content=\"noindex, follow\" \/>\n<meta property=\"og:locale\" content=\"de_DE\" \/>\n<meta property=\"og:type\" content=\"article\" \/>\n<meta property=\"og:title\" content=\"Schutz der Lernenden - Irish College of English\" \/>\n<meta property=\"og:description\" content=\"Schutz der Lernenden Am Irish College of English legen wir gro\u00dfen Wert auf das Wohlergehen und die Sicherheit unserer Studenten. Als Teil unserer Verpflichtung, ein sicheres und unterst\u00fctzendes Lernumfeld zu schaffen, bieten wir allen ILEP-Sch\u00fclern \u00fcber das Arachas Enrolled Learner Protection Programme und allen Sch\u00fclern \u00fcber MEI Learner Protection eine Lernschutzversicherung. Arachas Programm zum Schutz [&hellip;]\" \/>\n<meta property=\"og:url\" content=\"https:\/\/www.iceireland.com\/de\/useful-information-and-supports\/learner-protection\/\" \/>\n<meta property=\"og:site_name\" content=\"Irish College of English\" \/>\n<meta property=\"article:modified_time\" content=\"2026-01-30T16:50:53+00:00\" \/>\n<meta name=\"twitter:label1\" content=\"Gesch\u00e4tzte Lesezeit\" \/>\n\t<meta name=\"twitter:data1\" content=\"2\u00a0Minuten\" \/>\n<script type=\"application\/ld+json\" class=\"yoast-schema-graph\">{\"@context\":\"https:\\\/\\\/schema.org\",\"@graph\":[{\"@type\":\"WebPage\",\"@id\":\"https:\\\/\\\/www.iceireland.com\\\/de\\\/useful-information-and-supports\\\/learner-protection\\\/\",\"url\":\"https:\\\/\\\/www.iceireland.com\\\/de\\\/useful-information-and-supports\\\/learner-protection\\\/\",\"name\":\"Schutz der Lernenden - Irish College of English\",\"isPartOf\":{\"@id\":\"https:\\\/\\\/www.iceireland.com\\\/de\\\/#website\"},\"datePublished\":\"2023-11-28T14:29:02+00:00\",\"dateModified\":\"2026-01-30T16:50:53+00:00\",\"breadcrumb\":{\"@id\":\"https:\\\/\\\/www.iceireland.com\\\/de\\\/useful-information-and-supports\\\/learner-protection\\\/#breadcrumb\"},\"inLanguage\":\"de\",\"potentialAction\":[{\"@type\":\"ReadAction\",\"target\":[\"https:\\\/\\\/www.iceireland.com\\\/de\\\/useful-information-and-supports\\\/learner-protection\\\/\"]}]},{\"@type\":\"BreadcrumbList\",\"@id\":\"https:\\\/\\\/www.iceireland.com\\\/de\\\/useful-information-and-supports\\\/learner-protection\\\/#breadcrumb\",\"itemListElement\":[{\"@type\":\"ListItem\",\"position\":1,\"name\":\"Home\",\"item\":\"https:\\\/\\\/www.iceireland.com\\\/de\\\/\"},{\"@type\":\"ListItem\",\"position\":2,\"name\":\"N\u00fctzliche Informationen und Hilfen\",\"item\":\"https:\\\/\\\/www.iceireland.com\\\/de\\\/useful-information-and-supports\\\/\"},{\"@type\":\"ListItem\",\"position\":3,\"name\":\"Schutz der Lernenden\"}]},{\"@type\":\"WebSite\",\"@id\":\"https:\\\/\\\/www.iceireland.com\\\/de\\\/#website\",\"url\":\"https:\\\/\\\/www.iceireland.com\\\/de\\\/\",\"name\":\"Irish College of English\",\"description\":\"English School in Dublin, Malahide\",\"publisher\":{\"@id\":\"https:\\\/\\\/www.iceireland.com\\\/de\\\/#organization\"},\"potentialAction\":[{\"@type\":\"SearchAction\",\"target\":{\"@type\":\"EntryPoint\",\"urlTemplate\":\"https:\\\/\\\/www.iceireland.com\\\/de\\\/?s={search_term_string}\"},\"query-input\":{\"@type\":\"PropertyValueSpecification\",\"valueRequired\":true,\"valueName\":\"search_term_string\"}}],\"inLanguage\":\"de\"},{\"@type\":\"Organization\",\"@id\":\"https:\\\/\\\/www.iceireland.com\\\/de\\\/#organization\",\"name\":\"Irish College of English\",\"url\":\"https:\\\/\\\/www.iceireland.com\\\/de\\\/\",\"logo\":{\"@type\":\"ImageObject\",\"inLanguage\":\"de\",\"@id\":\"https:\\\/\\\/www.iceireland.com\\\/de\\\/#\\\/schema\\\/logo\\\/image\\\/\",\"url\":\"https:\\\/\\\/www.iceireland.com\\\/wp-content\\\/uploads\\\/2022\\\/03\\\/logo.png\",\"contentUrl\":\"https:\\\/\\\/www.iceireland.com\\\/wp-content\\\/uploads\\\/2022\\\/03\\\/logo.png\",\"width\":593,\"height\":92,\"caption\":\"Irish College of English\"},\"image\":{\"@id\":\"https:\\\/\\\/www.iceireland.com\\\/de\\\/#\\\/schema\\\/logo\\\/image\\\/\"}}]}<\/script>\n<!-- \/ Yoast SEO plugin. -->","yoast_head_json":{"title":"Schutz der Lernenden - Irish College of English","robots":{"index":"noindex","follow":"follow"},"og_locale":"de_DE","og_type":"article","og_title":"Schutz der Lernenden - Irish College of English","og_description":"Schutz der Lernenden Am Irish College of English legen wir gro\u00dfen Wert auf das Wohlergehen und die Sicherheit unserer Studenten. Als Teil unserer Verpflichtung, ein sicheres und unterst\u00fctzendes Lernumfeld zu schaffen, bieten wir allen ILEP-Sch\u00fclern \u00fcber das Arachas Enrolled Learner Protection Programme und allen Sch\u00fclern \u00fcber MEI Learner Protection eine Lernschutzversicherung. Arachas Programm zum Schutz [&hellip;]","og_url":"https:\/\/www.iceireland.com\/de\/useful-information-and-supports\/learner-protection\/","og_site_name":"Irish College of English","article_modified_time":"2026-01-30T16:50:53+00:00","twitter_misc":{"Gesch\u00e4tzte Lesezeit":"2\u00a0Minuten"},"schema":{"@context":"https:\/\/schema.org","@graph":[{"@type":"WebPage","@id":"https:\/\/www.iceireland.com\/de\/useful-information-and-supports\/learner-protection\/","url":"https:\/\/www.iceireland.com\/de\/useful-information-and-supports\/learner-protection\/","name":"Schutz der Lernenden - Irish College of English","isPartOf":{"@id":"https:\/\/www.iceireland.com\/de\/#website"},"datePublished":"2023-11-28T14:29:02+00:00","dateModified":"2026-01-30T16:50:53+00:00","breadcrumb":{"@id":"https:\/\/www.iceireland.com\/de\/useful-information-and-supports\/learner-protection\/#breadcrumb"},"inLanguage":"de","potentialAction":[{"@type":"ReadAction","target":["https:\/\/www.iceireland.com\/de\/useful-information-and-supports\/learner-protection\/"]}]},{"@type":"BreadcrumbList","@id":"https:\/\/www.iceireland.com\/de\/useful-information-and-supports\/learner-protection\/#breadcrumb","itemListElement":[{"@type":"ListItem","position":1,"name":"Home","item":"https:\/\/www.iceireland.com\/de\/"},{"@type":"ListItem","position":2,"name":"N\u00fctzliche Informationen und Hilfen","item":"https:\/\/www.iceireland.com\/de\/useful-information-and-supports\/"},{"@type":"ListItem","position":3,"name":"Schutz der Lernenden"}]},{"@type":"WebSite","@id":"https:\/\/www.iceireland.com\/de\/#website","url":"https:\/\/www.iceireland.com\/de\/","name":"Irish College of English","description":"English School in Dublin, Malahide","publisher":{"@id":"https:\/\/www.iceireland.com\/de\/#organization"},"potentialAction":[{"@type":"SearchAction","target":{"@type":"EntryPoint","urlTemplate":"https:\/\/www.iceireland.com\/de\/?s={search_term_string}"},"query-input":{"@type":"PropertyValueSpecification","valueRequired":true,"valueName":"search_term_string"}}],"inLanguage":"de"},{"@type":"Organization","@id":"https:\/\/www.iceireland.com\/de\/#organization","name":"Irish College of English","url":"https:\/\/www.iceireland.com\/de\/","logo":{"@type":"ImageObject","inLanguage":"de","@id":"https:\/\/www.iceireland.com\/de\/#\/schema\/logo\/image\/","url":"https:\/\/www.iceireland.com\/wp-content\/uploads\/2022\/03\/logo.png","contentUrl":"https:\/\/www.iceireland.com\/wp-content\/uploads\/2022\/03\/logo.png","width":593,"height":92,"caption":"Irish College of English"},"image":{"@id":"https:\/\/www.iceireland.com\/de\/#\/schema\/logo\/image\/"}}]}},"_links":{"self":[{"href":"https:\/\/www.iceireland.com\/de\/wp-json\/wp\/v2\/pages\/32511","targetHints":{"allow":["GET"]}}],"collection":[{"href":"https:\/\/www.iceireland.com\/de\/wp-json\/wp\/v2\/pages"}],"about":[{"href":"https:\/\/www.iceireland.com\/de\/wp-json\/wp\/v2\/types\/page"}],"author":[{"embeddable":true,"href":"https:\/\/www.iceireland.com\/de\/wp-json\/wp\/v2\/users\/3"}],"replies":[{"embeddable":true,"href":"https:\/\/www.iceireland.com\/de\/wp-json\/wp\/v2\/comments?post=32511"}],"version-history":[{"count":1,"href":"https:\/\/www.iceireland.com\/de\/wp-json\/wp\/v2\/pages\/32511\/revisions"}],"predecessor-version":[{"id":32513,"href":"https:\/\/www.iceireland.com\/de\/wp-json\/wp\/v2\/pages\/32511\/revisions\/32513"}],"up":[{"embeddable":true,"href":"https:\/\/www.iceireland.com\/de\/wp-json\/wp\/v2\/pages\/32483"}],"wp:attachment":[{"href":"https:\/\/www.iceireland.com\/de\/wp-json\/wp\/v2\/media?parent=32511"}],"curies":[{"name":"wp","href":"https:\/\/api.w.org\/{rel}","templated":true}]}}