{"id":32553,"date":"2023-11-17T14:23:45","date_gmt":"2023-11-17T14:23:45","guid":{"rendered":"https:\/\/www.iceireland.com\/englisch-kurse-dublin\/adult-courses-academic-schedule\/"},"modified":"2026-03-11T12:06:00","modified_gmt":"2026-03-11T12:06:00","slug":"adult-courses-academic-schedule","status":"publish","type":"page","link":"https:\/\/www.iceireland.com\/de\/englisch-kurse-dublin\/adult-courses-academic-schedule\/","title":{"rendered":"Kurse f\u00fcr Erwachsene: Akademischer Zeitplan"},"content":{"rendered":"\t\t<div data-elementor-type=\"wp-page\" data-elementor-id=\"32553\" class=\"elementor elementor-32553 elementor-25463\" data-elementor-post-type=\"page\">\n\t\t\t\t\t\t<section class=\"elementor-section elementor-top-section elementor-element elementor-element-4ada53b elementor-section-content-middle schedule elementor-section-boxed elementor-section-height-default elementor-section-height-default\" data-id=\"4ada53b\" data-element_type=\"section\" data-e-type=\"section\" id=\"schedule\">\n\t\t\t\t\t\t<div class=\"elementor-container elementor-column-gap-no\">\n\t\t\t\t\t<div class=\"elementor-column elementor-col-100 elementor-top-column elementor-element elementor-element-561e238\" data-id=\"561e238\" data-element_type=\"column\" data-e-type=\"column\">\n\t\t\t<div class=\"elementor-widget-wrap elementor-element-populated\">\n\t\t\t\t\t\t<div class=\"elementor-element elementor-element-b524a15 elementor-widget elementor-widget-heading\" data-id=\"b524a15\" data-element_type=\"widget\" data-e-type=\"widget\" data-widget_type=\"heading.default\">\n\t\t\t\t<div class=\"elementor-widget-container\">\n\t\t\t\t\t<h1 class=\"elementor-heading-title elementor-size-default\">Akademischer Zeitplan &amp; Kalender<\/h1>\t\t\t\t<\/div>\n\t\t\t\t<\/div>\n\t\t\t\t\t<\/div>\n\t\t<\/div>\n\t\t\t\t\t<\/div>\n\t\t<\/section>\n\t\t\t\t<section class=\"elementor-section elementor-top-section elementor-element elementor-element-e2abe28 elementor-section-content-middle elementor-section-full_width elementor-reverse-tablet elementor-section-height-default elementor-section-height-default\" data-id=\"e2abe28\" data-element_type=\"section\" data-e-type=\"section\" data-settings=\"{&quot;background_background&quot;:&quot;classic&quot;}\">\n\t\t\t\t\t\t<div class=\"elementor-container elementor-column-gap-no\">\n\t\t\t\t\t<div class=\"elementor-column elementor-col-100 elementor-top-column elementor-element elementor-element-0c48d79\" data-id=\"0c48d79\" data-element_type=\"column\" data-e-type=\"column\" data-settings=\"{&quot;background_background&quot;:&quot;classic&quot;}\">\n\t\t\t<div class=\"elementor-widget-wrap elementor-element-populated\">\n\t\t\t\t\t\t<div class=\"elementor-element elementor-element-8e92e8c elementor-widget elementor-widget-heading\" data-id=\"8e92e8c\" data-element_type=\"widget\" data-e-type=\"widget\" data-widget_type=\"heading.default\">\n\t\t\t\t<div class=\"elementor-widget-container\">\n\t\t\t\t\t<h2 class=\"elementor-heading-title elementor-size-default\">Akademischer Zeitplan - Erwachsene<\/h2>\t\t\t\t<\/div>\n\t\t\t\t<\/div>\n\t\t\t\t<div class=\"elementor-element elementor-element-ef3b6dc elementor-widget elementor-widget-text-editor\" data-id=\"ef3b6dc\" data-element_type=\"widget\" data-e-type=\"widget\" data-widget_type=\"text-editor.default\">\n\t\t\t\t<div class=\"elementor-widget-container\">\n\t\t\t\t\t\t\t\t\t<h4><b>Laufende Einschreibungen:<\/b><\/h4><p>Erwachsene Kursteilnehmer k\u00f6nnen sich das ganze Jahr \u00fcber jeden Montag f\u00fcr einen unserer Erwachsenenkurse anmelden, au\u00dfer an den unten aufgef\u00fchrten Feiertagen.<\/p><h4><b>Feiertage f\u00fcr 2026<\/b><\/h4><p>Unser Zentrum ist zu den unten angegebenen Zeiten f\u00fcr Kurse f\u00fcr Erwachsene geschlossen:<\/p>\t\t\t\t\t\t\t\t<\/div>\n\t\t\t\t<\/div>\n\t\t\t\t<div class=\"elementor-element elementor-element-849d641 elementor-widget elementor-widget-shortcode\" data-id=\"849d641\" data-element_type=\"widget\" data-e-type=\"widget\" data-widget_type=\"shortcode.default\">\n\t\t\t\t<div class=\"elementor-widget-container\">\n\t\t\t\t\t\t\t<div class=\"elementor-shortcode\">\n<table id=\"tablepress-40\" class=\"tablepress tablepress-id-40 tbl-adu-schedule\">\n<thead>\n<tr class=\"row-1\">\n\t<th class=\"column-1\">Name of Holiday<\/th><th class=\"column-2\">2026<\/th>\n<\/tr>\n<\/thead>\n<tbody class=\"row-striping row-hover\">\n<tr class=\"row-2\">\n\t<td class=\"column-1\">Christmas\/New Year Break<\/td><td class=\"column-2\">13 Dec 2025 - 04 Jan 2026<\/td>\n<\/tr>\n<tr class=\"row-3\">\n\t<td class=\"column-1\">February Bank Holiday - St. Brigid's Day<\/td><td class=\"column-2\">03-Feb-26<\/td>\n<\/tr>\n<tr class=\"row-4\">\n\t<td class=\"column-1\">March Bank Holiday - St. Patrick's Day<\/td><td class=\"column-2\">17-Mar-26<\/td>\n<\/tr>\n<tr class=\"row-5\">\n\t<td class=\"column-1\">Bank Holiday - Easter Monday<\/td><td class=\"column-2\">21-Apr-26<\/td>\n<\/tr>\n<tr class=\"row-6\">\n\t<td class=\"column-1\">May Bank Holiday<\/td><td class=\"column-2\">05-May-26<\/td>\n<\/tr>\n<tr class=\"row-7\">\n\t<td class=\"column-1\">June Bank Holiday<\/td><td class=\"column-2\">02-Jun-26<\/td>\n<\/tr>\n<tr class=\"row-8\">\n\t<td class=\"column-1\">August Bank Holiday<\/td><td class=\"column-2\">04-Aug-26<\/td>\n<\/tr>\n<tr class=\"row-9\">\n\t<td class=\"column-1\">October Bank Holiday<\/td><td class=\"column-2\">27-Oct-26<\/td>\n<\/tr>\n<tr class=\"row-10\">\n\t<td class=\"column-1\">Christmas\/New Year Break<\/td><td class=\"column-2\">12 Dec 2026 - 03 Jan 2027<\/td>\n<\/tr>\n<\/tbody>\n<\/table>\n<!-- #tablepress-40 from cache --><\/div>\n\t\t\t\t\t\t<\/div>\n\t\t\t\t<\/div>\n\t\t\t\t<div class=\"elementor-element elementor-element-48a5db5 elementor-widget elementor-widget-heading\" data-id=\"48a5db5\" data-element_type=\"widget\" data-e-type=\"widget\" data-widget_type=\"heading.default\">\n\t\t\t\t<div class=\"elementor-widget-container\">\n\t\t\t\t\t<h2 class=\"elementor-heading-title elementor-size-default\">Akademischer Kalender - Erwachsene<\/h2>\t\t\t\t<\/div>\n\t\t\t\t<\/div>\n\t\t\t\t<div class=\"elementor-element elementor-element-11710ae elementor-widget elementor-widget-text-editor\" data-id=\"11710ae\" data-element_type=\"widget\" data-e-type=\"widget\" data-widget_type=\"text-editor.default\">\n\t\t\t\t<div class=\"elementor-widget-container\">\n\t\t\t\t\t\t\t\t\t<h4><b>Klicken Sie hier, um unseren Akademischen Kalender f\u00fcr die folgenden Jahre zu sehen:<\/b><\/h4><ul><li><a class=\"anchor2\" href=\"https:\/\/drive.google.com\/file\/d\/1Xo01WwyBgRb7XSVT_KnomecTMItEJ27j\/view?usp=sharing\" target=\"_blank\" rel=\"noopener\">Akademischer Kalender 2026 &#8211; klicken Sie hier<\/a><\/li><\/ul>\t\t\t\t\t\t\t\t<\/div>\n\t\t\t\t<\/div>\n\t\t\t\t\t<\/div>\n\t\t<\/div>\n\t\t\t\t\t<\/div>\n\t\t<\/section>\n\t\t\t\t<section class=\"elementor-section elementor-top-section elementor-element elementor-element-a717f7c elementor-section-boxed elementor-section-height-default elementor-section-height-default\" data-id=\"a717f7c\" data-element_type=\"section\" data-e-type=\"section\">\n\t\t\t\t\t\t<div class=\"elementor-container elementor-column-gap-default\">\n\t\t\t\t\t<div class=\"elementor-column elementor-col-100 elementor-top-column elementor-element elementor-element-0fcb531\" data-id=\"0fcb531\" data-element_type=\"column\" data-e-type=\"column\">\n\t\t\t<div class=\"elementor-widget-wrap elementor-element-populated\">\n\t\t\t\t\t\t<div class=\"elementor-element elementor-element-d1f9230 elementor-align-center elementor-widget elementor-widget-button\" data-id=\"d1f9230\" data-element_type=\"widget\" data-e-type=\"widget\" data-widget_type=\"button.default\">\n\t\t\t\t<div class=\"elementor-widget-container\">\n\t\t\t\t\t\t\t\t\t<div class=\"elementor-button-wrapper\">\n\t\t\t\t\t<a class=\"elementor-button elementor-button-link elementor-size-xl elementor-animation-grow\" href=\"https:\/\/www.bookingiceireland.com\/\" target=\"_blank\" id=\"enroll\">\n\t\t\t\t\t\t<span class=\"elementor-button-content-wrapper\">\n\t\t\t\t\t\t\t\t\t<span class=\"elementor-button-text\">Jetzt online buchen<\/span>\n\t\t\t\t\t<\/span>\n\t\t\t\t\t<\/a>\n\t\t\t\t<\/div>\n\t\t\t\t\t\t\t\t<\/div>\n\t\t\t\t<\/div>\n\t\t\t\t\t<\/div>\n\t\t<\/div>\n\t\t\t\t\t<\/div>\n\t\t<\/section>\n\t\t\t\t<\/div>\n\t\t","protected":false},"excerpt":{"rendered":"<p>Akademischer Zeitplan &amp; Kalender Akademischer Zeitplan &#8211; Erwachsene Laufende Einschreibungen: Erwachsene Kursteilnehmer k\u00f6nnen sich das ganze Jahr \u00fcber jeden Montag f\u00fcr einen unserer Erwachsenenkurse anmelden, au\u00dfer an den unten aufgef\u00fchrten Feiertagen. Feiertage f\u00fcr 2026 Unser Zentrum ist zu den unten angegebenen Zeiten f\u00fcr Kurse f\u00fcr Erwachsene geschlossen: Akademischer Kalender &#8211; Erwachsene Klicken Sie hier, um [&hellip;]<\/p>\n","protected":false},"author":3,"featured_media":0,"parent":18230,"menu_order":0,"comment_status":"closed","ping_status":"closed","template":"","meta":{"content-type":"","footnotes":""},"class_list":["post-32553","page","type-page","status-publish","hentry"],"yoast_head":"<!-- This site is optimized with the Yoast SEO plugin v27.3 - https:\/\/yoast.com\/product\/yoast-seo-wordpress\/ -->\n<title>Kurse f\u00fcr Erwachsene: Akademischer Zeitplan - Irish College of English<\/title>\n<meta name=\"description\" content=\"Termine f\u00fcr die Er\u00f6ffnung und Schlie\u00dfung von Englischkursen f\u00fcr Erwachsene im Jahr 2024-2025.\" \/>\n<meta name=\"robots\" content=\"index, follow, max-snippet:-1, max-image-preview:large, max-video-preview:-1\" \/>\n<link rel=\"canonical\" href=\"https:\/\/www.iceireland.com\/de\/englisch-kurse-dublin\/adult-courses-academic-schedule\/\" \/>\n<meta property=\"og:locale\" content=\"de_DE\" \/>\n<meta property=\"og:type\" content=\"article\" \/>\n<meta property=\"og:title\" content=\"Kurse f\u00fcr Erwachsene: Akademischer Zeitplan - Irish College of English\" \/>\n<meta property=\"og:description\" content=\"Termine f\u00fcr die Er\u00f6ffnung und Schlie\u00dfung von Englischkursen f\u00fcr Erwachsene im Jahr 2024-2025.\" \/>\n<meta property=\"og:url\" content=\"https:\/\/www.iceireland.com\/de\/englisch-kurse-dublin\/adult-courses-academic-schedule\/\" \/>\n<meta property=\"og:site_name\" content=\"Irish College of English\" \/>\n<meta property=\"article:modified_time\" content=\"2026-03-11T12:06:00+00:00\" \/>\n<script type=\"application\/ld+json\" class=\"yoast-schema-graph\">{\"@context\":\"https:\\\/\\\/schema.org\",\"@graph\":[{\"@type\":\"WebPage\",\"@id\":\"https:\\\/\\\/www.iceireland.com\\\/de\\\/englisch-kurse-dublin\\\/adult-courses-academic-schedule\\\/\",\"url\":\"https:\\\/\\\/www.iceireland.com\\\/de\\\/englisch-kurse-dublin\\\/adult-courses-academic-schedule\\\/\",\"name\":\"Kurse f\u00fcr Erwachsene: Akademischer Zeitplan - Irish College of English\",\"isPartOf\":{\"@id\":\"https:\\\/\\\/www.iceireland.com\\\/de\\\/#website\"},\"datePublished\":\"2023-11-17T14:23:45+00:00\",\"dateModified\":\"2026-03-11T12:06:00+00:00\",\"description\":\"Termine f\u00fcr die Er\u00f6ffnung und Schlie\u00dfung von Englischkursen f\u00fcr Erwachsene im Jahr 2024-2025.\",\"breadcrumb\":{\"@id\":\"https:\\\/\\\/www.iceireland.com\\\/de\\\/englisch-kurse-dublin\\\/adult-courses-academic-schedule\\\/#breadcrumb\"},\"inLanguage\":\"de\",\"potentialAction\":[{\"@type\":\"ReadAction\",\"target\":[\"https:\\\/\\\/www.iceireland.com\\\/de\\\/englisch-kurse-dublin\\\/adult-courses-academic-schedule\\\/\"]}]},{\"@type\":\"BreadcrumbList\",\"@id\":\"https:\\\/\\\/www.iceireland.com\\\/de\\\/englisch-kurse-dublin\\\/adult-courses-academic-schedule\\\/#breadcrumb\",\"itemListElement\":[{\"@type\":\"ListItem\",\"position\":1,\"name\":\"Home\",\"item\":\"https:\\\/\\\/www.iceireland.com\\\/de\\\/\"},{\"@type\":\"ListItem\",\"position\":2,\"name\":\"Erwachsenenkurse\",\"item\":\"https:\\\/\\\/www.iceireland.com\\\/de\\\/englisch-kurse-dublin\\\/\"},{\"@type\":\"ListItem\",\"position\":3,\"name\":\"Kurse f\u00fcr Erwachsene: Akademischer Zeitplan\"}]},{\"@type\":\"WebSite\",\"@id\":\"https:\\\/\\\/www.iceireland.com\\\/de\\\/#website\",\"url\":\"https:\\\/\\\/www.iceireland.com\\\/de\\\/\",\"name\":\"Irish College of English\",\"description\":\"English School in Dublin, Malahide\",\"publisher\":{\"@id\":\"https:\\\/\\\/www.iceireland.com\\\/de\\\/#organization\"},\"potentialAction\":[{\"@type\":\"SearchAction\",\"target\":{\"@type\":\"EntryPoint\",\"urlTemplate\":\"https:\\\/\\\/www.iceireland.com\\\/de\\\/?s={search_term_string}\"},\"query-input\":{\"@type\":\"PropertyValueSpecification\",\"valueRequired\":true,\"valueName\":\"search_term_string\"}}],\"inLanguage\":\"de\"},{\"@type\":\"Organization\",\"@id\":\"https:\\\/\\\/www.iceireland.com\\\/de\\\/#organization\",\"name\":\"Irish College of English\",\"url\":\"https:\\\/\\\/www.iceireland.com\\\/de\\\/\",\"logo\":{\"@type\":\"ImageObject\",\"inLanguage\":\"de\",\"@id\":\"https:\\\/\\\/www.iceireland.com\\\/de\\\/#\\\/schema\\\/logo\\\/image\\\/\",\"url\":\"https:\\\/\\\/www.iceireland.com\\\/wp-content\\\/uploads\\\/2022\\\/03\\\/logo.png\",\"contentUrl\":\"https:\\\/\\\/www.iceireland.com\\\/wp-content\\\/uploads\\\/2022\\\/03\\\/logo.png\",\"width\":593,\"height\":92,\"caption\":\"Irish College of English\"},\"image\":{\"@id\":\"https:\\\/\\\/www.iceireland.com\\\/de\\\/#\\\/schema\\\/logo\\\/image\\\/\"}}]}<\/script>\n<!-- \/ Yoast SEO plugin. -->","yoast_head_json":{"title":"Kurse f\u00fcr Erwachsene: Akademischer Zeitplan - Irish College of English","description":"Termine f\u00fcr die Er\u00f6ffnung und Schlie\u00dfung von Englischkursen f\u00fcr Erwachsene im Jahr 2024-2025.","robots":{"index":"index","follow":"follow","max-snippet":"max-snippet:-1","max-image-preview":"max-image-preview:large","max-video-preview":"max-video-preview:-1"},"canonical":"https:\/\/www.iceireland.com\/de\/englisch-kurse-dublin\/adult-courses-academic-schedule\/","og_locale":"de_DE","og_type":"article","og_title":"Kurse f\u00fcr Erwachsene: Akademischer Zeitplan - Irish College of English","og_description":"Termine f\u00fcr die Er\u00f6ffnung und Schlie\u00dfung von Englischkursen f\u00fcr Erwachsene im Jahr 2024-2025.","og_url":"https:\/\/www.iceireland.com\/de\/englisch-kurse-dublin\/adult-courses-academic-schedule\/","og_site_name":"Irish College of English","article_modified_time":"2026-03-11T12:06:00+00:00","schema":{"@context":"https:\/\/schema.org","@graph":[{"@type":"WebPage","@id":"https:\/\/www.iceireland.com\/de\/englisch-kurse-dublin\/adult-courses-academic-schedule\/","url":"https:\/\/www.iceireland.com\/de\/englisch-kurse-dublin\/adult-courses-academic-schedule\/","name":"Kurse f\u00fcr Erwachsene: Akademischer Zeitplan - Irish College of English","isPartOf":{"@id":"https:\/\/www.iceireland.com\/de\/#website"},"datePublished":"2023-11-17T14:23:45+00:00","dateModified":"2026-03-11T12:06:00+00:00","description":"Termine f\u00fcr die Er\u00f6ffnung und Schlie\u00dfung von Englischkursen f\u00fcr Erwachsene im Jahr 2024-2025.","breadcrumb":{"@id":"https:\/\/www.iceireland.com\/de\/englisch-kurse-dublin\/adult-courses-academic-schedule\/#breadcrumb"},"inLanguage":"de","potentialAction":[{"@type":"ReadAction","target":["https:\/\/www.iceireland.com\/de\/englisch-kurse-dublin\/adult-courses-academic-schedule\/"]}]},{"@type":"BreadcrumbList","@id":"https:\/\/www.iceireland.com\/de\/englisch-kurse-dublin\/adult-courses-academic-schedule\/#breadcrumb","itemListElement":[{"@type":"ListItem","position":1,"name":"Home","item":"https:\/\/www.iceireland.com\/de\/"},{"@type":"ListItem","position":2,"name":"Erwachsenenkurse","item":"https:\/\/www.iceireland.com\/de\/englisch-kurse-dublin\/"},{"@type":"ListItem","position":3,"name":"Kurse f\u00fcr Erwachsene: Akademischer Zeitplan"}]},{"@type":"WebSite","@id":"https:\/\/www.iceireland.com\/de\/#website","url":"https:\/\/www.iceireland.com\/de\/","name":"Irish College of English","description":"English School in Dublin, Malahide","publisher":{"@id":"https:\/\/www.iceireland.com\/de\/#organization"},"potentialAction":[{"@type":"SearchAction","target":{"@type":"EntryPoint","urlTemplate":"https:\/\/www.iceireland.com\/de\/?s={search_term_string}"},"query-input":{"@type":"PropertyValueSpecification","valueRequired":true,"valueName":"search_term_string"}}],"inLanguage":"de"},{"@type":"Organization","@id":"https:\/\/www.iceireland.com\/de\/#organization","name":"Irish College of English","url":"https:\/\/www.iceireland.com\/de\/","logo":{"@type":"ImageObject","inLanguage":"de","@id":"https:\/\/www.iceireland.com\/de\/#\/schema\/logo\/image\/","url":"https:\/\/www.iceireland.com\/wp-content\/uploads\/2022\/03\/logo.png","contentUrl":"https:\/\/www.iceireland.com\/wp-content\/uploads\/2022\/03\/logo.png","width":593,"height":92,"caption":"Irish College of English"},"image":{"@id":"https:\/\/www.iceireland.com\/de\/#\/schema\/logo\/image\/"}}]}},"_links":{"self":[{"href":"https:\/\/www.iceireland.com\/de\/wp-json\/wp\/v2\/pages\/32553","targetHints":{"allow":["GET"]}}],"collection":[{"href":"https:\/\/www.iceireland.com\/de\/wp-json\/wp\/v2\/pages"}],"about":[{"href":"https:\/\/www.iceireland.com\/de\/wp-json\/wp\/v2\/types\/page"}],"author":[{"embeddable":true,"href":"https:\/\/www.iceireland.com\/de\/wp-json\/wp\/v2\/users\/3"}],"replies":[{"embeddable":true,"href":"https:\/\/www.iceireland.com\/de\/wp-json\/wp\/v2\/comments?post=32553"}],"version-history":[{"count":7,"href":"https:\/\/www.iceireland.com\/de\/wp-json\/wp\/v2\/pages\/32553\/revisions"}],"predecessor-version":[{"id":35550,"href":"https:\/\/www.iceireland.com\/de\/wp-json\/wp\/v2\/pages\/32553\/revisions\/35550"}],"up":[{"embeddable":true,"href":"https:\/\/www.iceireland.com\/de\/wp-json\/wp\/v2\/pages\/18230"}],"wp:attachment":[{"href":"https:\/\/www.iceireland.com\/de\/wp-json\/wp\/v2\/media?parent=32553"}],"curies":[{"name":"wp","href":"https:\/\/api.w.org\/{rel}","templated":true}]}}