{"id":32839,"date":"2022-10-28T14:01:32","date_gmt":"2022-10-28T14:01:32","guid":{"rendered":"https:\/\/www.iceireland.com\/our-green-commitment\/"},"modified":"2026-01-30T18:23:11","modified_gmt":"2026-01-30T18:23:11","slug":"our-green-commitment","status":"publish","type":"page","link":"https:\/\/www.iceireland.com\/de\/our-green-commitment\/","title":{"rendered":"Unser kontinuierliches Engagement f\u00fcr die Umwelt"},"content":{"rendered":"\t\t<div data-elementor-type=\"wp-page\" data-elementor-id=\"32839\" class=\"elementor elementor-32839 elementor-9973\" data-elementor-post-type=\"page\">\n\t\t\t\t\t\t<section class=\"elementor-section elementor-top-section elementor-element elementor-element-74b2366 elementor-section-boxed elementor-section-height-default elementor-section-height-default\" data-id=\"74b2366\" data-element_type=\"section\" data-e-type=\"section\">\n\t\t\t\t\t\t<div class=\"elementor-container elementor-column-gap-default\">\n\t\t\t\t\t<div class=\"elementor-column elementor-col-25 elementor-top-column elementor-element elementor-element-35f6c69\" data-id=\"35f6c69\" data-element_type=\"column\" data-e-type=\"column\">\n\t\t\t<div class=\"elementor-widget-wrap\">\n\t\t\t\t\t\t\t<\/div>\n\t\t<\/div>\n\t\t\t\t<div class=\"elementor-column elementor-col-50 elementor-top-column elementor-element elementor-element-8f16ea1\" data-id=\"8f16ea1\" data-element_type=\"column\" data-e-type=\"column\">\n\t\t\t<div class=\"elementor-widget-wrap elementor-element-populated\">\n\t\t\t\t\t\t<div class=\"elementor-element elementor-element-7c1d7eb elementor-widget elementor-widget-image-box\" data-id=\"7c1d7eb\" data-element_type=\"widget\" data-e-type=\"widget\" data-widget_type=\"image-box.default\">\n\t\t\t\t<div class=\"elementor-widget-container\">\n\t\t\t\t\t<div class=\"elementor-image-box-wrapper\"><div class=\"elementor-image-box-content\"><h3 class=\"elementor-image-box-title\"><strong><em>Unser kontinuierliches Engagement f\u00fcr die Umwelt<\/em><\/strong><\/h3><p class=\"elementor-image-box-description\"><p><strong><em><br><\/em><\/strong><\/p><p><strong><br>Keine Einwegplastik<br><\/strong><\/p><p>Die Sch\u00fcler erhalten eine <strong>wiederverwendbare Wasserflasche<\/strong> und wir haben in unseren Schulen <strong>Nachf\u00fcllstationen f\u00fcr Wasserflaschen<\/strong>.<\/p><p>Studenten erhalten einen <strong>kompostierbaren Stift des Irish College of English<\/strong><\/p><p>Studenten erhalten ein <strong>Studentenpaket aus Karton.<\/strong><\/p><p><strong><br>Energie-Effizienz<\/strong><\/p><p>Energiesparlampen sind installiert<\/p><p>Energieeffiziente Heizung ist vorhanden<\/p><p><strong><br>Blumen\/Pflanzen<\/strong><\/p><p>Rund um unsere Schule werden <strong>Blumen<\/strong>gepflanzt, um Bienen und andere Insekten zu f\u00f6rdern.<\/p><p><strong><br>Recycling<br><\/strong><\/p><p>Recycling und die Einschr\u00e4nkung des Papierverbrauchs werden gef\u00f6rdert.<\/p><p>Es werden umweltfreundliche Reinigungsprodukte verwendet.<\/p><p><strong><br>Vegan\/Vegetarisch Freundlich<\/strong><\/p>Wir sind vegan- und vegetarierfreundlich.<\/p><\/div><\/div>\t\t\t\t<\/div>\n\t\t\t\t<\/div>\n\t\t\t\t\t<\/div>\n\t\t<\/div>\n\t\t\t\t<div class=\"elementor-column elementor-col-25 elementor-top-column elementor-element elementor-element-92d61cc\" data-id=\"92d61cc\" data-element_type=\"column\" data-e-type=\"column\">\n\t\t\t<div class=\"elementor-widget-wrap\">\n\t\t\t\t\t\t\t<\/div>\n\t\t<\/div>\n\t\t\t\t\t<\/div>\n\t\t<\/section>\n\t\t\t\t<\/div>\n\t\t","protected":false},"excerpt":{"rendered":"<p>Unser kontinuierliches Engagement f\u00fcr die Umwelt Keine Einwegplastik Die Sch\u00fcler erhalten eine wiederverwendbare Wasserflasche und wir haben in unseren Schulen Nachf\u00fcllstationen f\u00fcr Wasserflaschen. Studenten erhalten einen kompostierbaren Stift des Irish College of English Studenten erhalten ein Studentenpaket aus Karton. Energie-Effizienz Energiesparlampen sind installiert Energieeffiziente Heizung ist vorhanden Blumen\/Pflanzen Rund um unsere Schule werden Blumengepflanzt, um [&hellip;]<\/p>\n","protected":false},"author":3,"featured_media":0,"parent":0,"menu_order":0,"comment_status":"closed","ping_status":"closed","template":"","meta":{"content-type":"","footnotes":""},"class_list":["post-32839","page","type-page","status-publish","hentry"],"yoast_head":"<!-- This site is optimized with the Yoast SEO plugin v27.3 - https:\/\/yoast.com\/product\/yoast-seo-wordpress\/ -->\n<title>Unser kontinuierliches Engagement f\u00fcr die Umwelt - Irish College of English<\/title>\n<meta name=\"robots\" content=\"index, follow, max-snippet:-1, max-image-preview:large, max-video-preview:-1\" \/>\n<link rel=\"canonical\" href=\"https:\/\/www.iceireland.com\/de\/our-green-commitment\/\" \/>\n<meta property=\"og:locale\" content=\"de_DE\" \/>\n<meta property=\"og:type\" content=\"article\" \/>\n<meta property=\"og:title\" content=\"Unser kontinuierliches Engagement f\u00fcr die Umwelt - Irish College of English\" \/>\n<meta property=\"og:description\" content=\"Unser kontinuierliches Engagement f\u00fcr die Umwelt Keine Einwegplastik Die Sch\u00fcler erhalten eine wiederverwendbare Wasserflasche und wir haben in unseren Schulen Nachf\u00fcllstationen f\u00fcr Wasserflaschen. Studenten erhalten einen kompostierbaren Stift des Irish College of English Studenten erhalten ein Studentenpaket aus Karton. Energie-Effizienz Energiesparlampen sind installiert Energieeffiziente Heizung ist vorhanden Blumen\/Pflanzen Rund um unsere Schule werden Blumengepflanzt, um [&hellip;]\" \/>\n<meta property=\"og:url\" content=\"https:\/\/www.iceireland.com\/de\/our-green-commitment\/\" \/>\n<meta property=\"og:site_name\" content=\"Irish College of English\" \/>\n<meta property=\"article:modified_time\" content=\"2026-01-30T18:23:11+00:00\" \/>\n<script type=\"application\/ld+json\" class=\"yoast-schema-graph\">{\"@context\":\"https:\\\/\\\/schema.org\",\"@graph\":[{\"@type\":\"WebPage\",\"@id\":\"https:\\\/\\\/www.iceireland.com\\\/de\\\/our-green-commitment\\\/\",\"url\":\"https:\\\/\\\/www.iceireland.com\\\/de\\\/our-green-commitment\\\/\",\"name\":\"Unser kontinuierliches Engagement f\u00fcr die Umwelt - Irish College of English\",\"isPartOf\":{\"@id\":\"https:\\\/\\\/www.iceireland.com\\\/de\\\/#website\"},\"datePublished\":\"2022-10-28T14:01:32+00:00\",\"dateModified\":\"2026-01-30T18:23:11+00:00\",\"breadcrumb\":{\"@id\":\"https:\\\/\\\/www.iceireland.com\\\/de\\\/our-green-commitment\\\/#breadcrumb\"},\"inLanguage\":\"de\",\"potentialAction\":[{\"@type\":\"ReadAction\",\"target\":[\"https:\\\/\\\/www.iceireland.com\\\/de\\\/our-green-commitment\\\/\"]}]},{\"@type\":\"BreadcrumbList\",\"@id\":\"https:\\\/\\\/www.iceireland.com\\\/de\\\/our-green-commitment\\\/#breadcrumb\",\"itemListElement\":[{\"@type\":\"ListItem\",\"position\":1,\"name\":\"Home\",\"item\":\"https:\\\/\\\/www.iceireland.com\\\/de\\\/\"},{\"@type\":\"ListItem\",\"position\":2,\"name\":\"Unser kontinuierliches Engagement f\u00fcr die Umwelt\"}]},{\"@type\":\"WebSite\",\"@id\":\"https:\\\/\\\/www.iceireland.com\\\/de\\\/#website\",\"url\":\"https:\\\/\\\/www.iceireland.com\\\/de\\\/\",\"name\":\"Irish College of English\",\"description\":\"English School in Dublin, Malahide\",\"publisher\":{\"@id\":\"https:\\\/\\\/www.iceireland.com\\\/de\\\/#organization\"},\"potentialAction\":[{\"@type\":\"SearchAction\",\"target\":{\"@type\":\"EntryPoint\",\"urlTemplate\":\"https:\\\/\\\/www.iceireland.com\\\/de\\\/?s={search_term_string}\"},\"query-input\":{\"@type\":\"PropertyValueSpecification\",\"valueRequired\":true,\"valueName\":\"search_term_string\"}}],\"inLanguage\":\"de\"},{\"@type\":\"Organization\",\"@id\":\"https:\\\/\\\/www.iceireland.com\\\/de\\\/#organization\",\"name\":\"Irish College of English\",\"url\":\"https:\\\/\\\/www.iceireland.com\\\/de\\\/\",\"logo\":{\"@type\":\"ImageObject\",\"inLanguage\":\"de\",\"@id\":\"https:\\\/\\\/www.iceireland.com\\\/de\\\/#\\\/schema\\\/logo\\\/image\\\/\",\"url\":\"https:\\\/\\\/www.iceireland.com\\\/wp-content\\\/uploads\\\/2022\\\/03\\\/logo.png\",\"contentUrl\":\"https:\\\/\\\/www.iceireland.com\\\/wp-content\\\/uploads\\\/2022\\\/03\\\/logo.png\",\"width\":593,\"height\":92,\"caption\":\"Irish College of English\"},\"image\":{\"@id\":\"https:\\\/\\\/www.iceireland.com\\\/de\\\/#\\\/schema\\\/logo\\\/image\\\/\"}}]}<\/script>\n<!-- \/ Yoast SEO plugin. -->","yoast_head_json":{"title":"Unser kontinuierliches Engagement f\u00fcr die Umwelt - Irish College of English","robots":{"index":"index","follow":"follow","max-snippet":"max-snippet:-1","max-image-preview":"max-image-preview:large","max-video-preview":"max-video-preview:-1"},"canonical":"https:\/\/www.iceireland.com\/de\/our-green-commitment\/","og_locale":"de_DE","og_type":"article","og_title":"Unser kontinuierliches Engagement f\u00fcr die Umwelt - Irish College of English","og_description":"Unser kontinuierliches Engagement f\u00fcr die Umwelt Keine Einwegplastik Die Sch\u00fcler erhalten eine wiederverwendbare Wasserflasche und wir haben in unseren Schulen Nachf\u00fcllstationen f\u00fcr Wasserflaschen. Studenten erhalten einen kompostierbaren Stift des Irish College of English Studenten erhalten ein Studentenpaket aus Karton. Energie-Effizienz Energiesparlampen sind installiert Energieeffiziente Heizung ist vorhanden Blumen\/Pflanzen Rund um unsere Schule werden Blumengepflanzt, um [&hellip;]","og_url":"https:\/\/www.iceireland.com\/de\/our-green-commitment\/","og_site_name":"Irish College of English","article_modified_time":"2026-01-30T18:23:11+00:00","schema":{"@context":"https:\/\/schema.org","@graph":[{"@type":"WebPage","@id":"https:\/\/www.iceireland.com\/de\/our-green-commitment\/","url":"https:\/\/www.iceireland.com\/de\/our-green-commitment\/","name":"Unser kontinuierliches Engagement f\u00fcr die Umwelt - Irish College of English","isPartOf":{"@id":"https:\/\/www.iceireland.com\/de\/#website"},"datePublished":"2022-10-28T14:01:32+00:00","dateModified":"2026-01-30T18:23:11+00:00","breadcrumb":{"@id":"https:\/\/www.iceireland.com\/de\/our-green-commitment\/#breadcrumb"},"inLanguage":"de","potentialAction":[{"@type":"ReadAction","target":["https:\/\/www.iceireland.com\/de\/our-green-commitment\/"]}]},{"@type":"BreadcrumbList","@id":"https:\/\/www.iceireland.com\/de\/our-green-commitment\/#breadcrumb","itemListElement":[{"@type":"ListItem","position":1,"name":"Home","item":"https:\/\/www.iceireland.com\/de\/"},{"@type":"ListItem","position":2,"name":"Unser kontinuierliches Engagement f\u00fcr die Umwelt"}]},{"@type":"WebSite","@id":"https:\/\/www.iceireland.com\/de\/#website","url":"https:\/\/www.iceireland.com\/de\/","name":"Irish College of English","description":"English School in Dublin, Malahide","publisher":{"@id":"https:\/\/www.iceireland.com\/de\/#organization"},"potentialAction":[{"@type":"SearchAction","target":{"@type":"EntryPoint","urlTemplate":"https:\/\/www.iceireland.com\/de\/?s={search_term_string}"},"query-input":{"@type":"PropertyValueSpecification","valueRequired":true,"valueName":"search_term_string"}}],"inLanguage":"de"},{"@type":"Organization","@id":"https:\/\/www.iceireland.com\/de\/#organization","name":"Irish College of English","url":"https:\/\/www.iceireland.com\/de\/","logo":{"@type":"ImageObject","inLanguage":"de","@id":"https:\/\/www.iceireland.com\/de\/#\/schema\/logo\/image\/","url":"https:\/\/www.iceireland.com\/wp-content\/uploads\/2022\/03\/logo.png","contentUrl":"https:\/\/www.iceireland.com\/wp-content\/uploads\/2022\/03\/logo.png","width":593,"height":92,"caption":"Irish College of English"},"image":{"@id":"https:\/\/www.iceireland.com\/de\/#\/schema\/logo\/image\/"}}]}},"_links":{"self":[{"href":"https:\/\/www.iceireland.com\/de\/wp-json\/wp\/v2\/pages\/32839","targetHints":{"allow":["GET"]}}],"collection":[{"href":"https:\/\/www.iceireland.com\/de\/wp-json\/wp\/v2\/pages"}],"about":[{"href":"https:\/\/www.iceireland.com\/de\/wp-json\/wp\/v2\/types\/page"}],"author":[{"embeddable":true,"href":"https:\/\/www.iceireland.com\/de\/wp-json\/wp\/v2\/users\/3"}],"replies":[{"embeddable":true,"href":"https:\/\/www.iceireland.com\/de\/wp-json\/wp\/v2\/comments?post=32839"}],"version-history":[{"count":1,"href":"https:\/\/www.iceireland.com\/de\/wp-json\/wp\/v2\/pages\/32839\/revisions"}],"predecessor-version":[{"id":32840,"href":"https:\/\/www.iceireland.com\/de\/wp-json\/wp\/v2\/pages\/32839\/revisions\/32840"}],"wp:attachment":[{"href":"https:\/\/www.iceireland.com\/de\/wp-json\/wp\/v2\/media?parent=32839"}],"curies":[{"name":"wp","href":"https:\/\/api.w.org\/{rel}","templated":true}]}}