{"id":32869,"date":"2022-03-22T11:13:00","date_gmt":"2022-03-22T11:13:00","guid":{"rendered":"https:\/\/www.iceireland.com\/hostfamilycharter\/"},"modified":"2022-03-22T11:13:00","modified_gmt":"2022-03-22T11:13:00","slug":"hostfamilycharter","status":"publish","type":"page","link":"https:\/\/www.iceireland.com\/de\/hostfamilycharter\/","title":{"rendered":"Home Stay Charter f\u00fcr Studenten"},"content":{"rendered":"<h2><strong>Home Stay Charter f\u00fcr Studenten<\/strong><\/h2>\n<p><strong> <\/strong><\/p>\n<p><strong>Einf\u00fchrung<\/strong><\/p>\n<p>Am Irish College of English sind wir der Meinung, dass die Erfahrung eines Gastaufenthalts einer der H\u00f6hepunkte Ihres Aufenthalts bei uns sein sollte, und deshalb ermutigen wir alle Studenten, ob Erwachsene oder Jugendliche, das Beste aus dieser fantastischen Gelegenheit zu machen. M\u00f6glicherweise erleben Sie die irische Kultur zum ersten Mal und sollten darauf vorbereitet sein, andere Routinen, Mahlzeiten und Br\u00e4uche zu erleben und anzunehmen, als Sie es gewohnt sind. <\/p>\n<p>&nbsp;<\/p>\n<p><strong>Wichtige Zahlen:<\/strong><\/p>\n<p>B\u00fcro-Telefonnummer 00353 1 845 3744 (f\u00fcr allgemeine R\u00fcckfragen)<\/p>\n<p>&nbsp;<\/p>\n<p>Es ist wichtig, sich daran zu erinnern, dass die Unterbringung in einer Gastfamilie nicht dasselbe ist wie in einem G\u00e4stehaus oder Hotel. Es ist ein Aufenthalt in einem freundlichen, einladenden Haus, in dem die Sch\u00fcler als Mitglieder des Haushalts behandelt werden und die M\u00f6glichkeit haben, Englisch zu sprechen und mit einem irischen Haushalt zu interagieren. Ziel ist es, dass die Sch\u00fcler so viel wie m\u00f6glich am h\u00e4uslichen Leben teilnehmen und ihr Englisch verbessern, indem sie es in realen Situationen anwenden. Die Sch\u00fcler sollten sich im Gegenzug respektvoll und h\u00f6flich gegen\u00fcber den Gastgebern verhalten und die Hausregeln einhalten. Die meisten Gastfamilien haben ihre eigenen Hausregeln, die sie den Sch\u00fclern zu Beginn ihres Aufenthalts mitteilen. Diese Regeln beinhalten Informationen \u00fcber die Nutzung von K\u00fcche, Bad, W\u00e4sche usw. Von den Sch\u00fclern wird erwartet, dass sie sich in den normalen Haushaltsablauf einf\u00fcgen. Wir haben eine Reihe von verschiedenen Gastfamilien und unterschiedliche Haushaltsdynamiken, darunter Haushalte mit jungen und alten Menschen, mit und ohne Kinder und auch alleinstehende Frauen jeden Alters.     <\/p>\n<p>&nbsp;<\/p>\n<p><strong>Qualitativ hochwertige Privatunterk\u00fcnfte:<\/strong><\/p>\n<p>Die Studenten werden in sorgf\u00e4ltig ausgew\u00e4hlten Gastfamilien in unserer Umgebung untergebracht, die alle von einem ICE-Mitarbeiter besucht und \u00fcberpr\u00fcft wurden, bevor sie Studenten aufnehmen. Wir f\u00fchren auch eine kontinuierliche Bewertung durch, indem wir schriftliche Feedback-Formulare ausf\u00fcllen, bevor die Sch\u00fcler abreisen. Alle unsere Gastfamilien durchlaufen den offiziellen \u00dcberpr\u00fcfungsprozess der Garda, der durch unsere Schule organisiert wird.  <\/p>\n<p>&nbsp;<\/p>\n<p><strong>Ankunft und Abreise:<\/strong><\/p>\n<p>Wenn Sie Teil einer Gruppe sind, werden Sie von einem unserer Mitarbeiter am Flughafen abgeholt und zu einem Abholpunkt gebracht, wo Sie von Ihrem Gastgeber abgeholt werden. Einzelpersonen, die um einen Transfer gebeten haben, werden von einem Mitarbeiter abgeholt und zu ihrer Unterkunft gebracht. <\/p>\n<p>&nbsp;<\/p>\n<p><strong>Auf dem Weg zur und von der Schule:<\/strong><\/p>\n<ul>\n<li>Ihr Gastgeber wird Ihnen am ersten Morgen helfen, zur Schule zu kommen. Danach sollten die Sch\u00fcler ihren Weg zur und von der Schule selbst finden.<\/li>\n<\/ul>\n<p><strong> <\/strong><\/p>\n<p><strong>Mahlzeiten<\/strong><\/p>\n<ul>\n<li>Die Mahlzeiten werden von den Gastgebern im Rahmen des normalen Haushaltsablaufs bereitgestellt. Sollten Sie irgendwelche di\u00e4tetischen Probleme oder Allergien haben, m\u00fcssen Sie <u>uns unbedingt vor Ihrer Ankunft dar\u00fcber informieren,<\/u> damit wir pr\u00fcfen k\u00f6nnen, ob wir Ihren Bed\u00fcrfnissen gerecht werden k\u00f6nnen. Sie sollten sich auch dar\u00fcber im Klaren sein, dass sich die Essenszeiten und das Essen in Irland von denen in Ihrem Heimatland unterscheiden k\u00f6nnen, so dass Sie die Gelegenheit nutzen sollten, sich auf die kulturellen Unterschiede einzulassen. Sagen Sie Ihrem Gastgeber, wenn Sie ein bestimmtes Essen nicht m\u00f6gen.   <\/li>\n<li>Kontinentales Fr\u00fchst\u00fcck (M\u00fcsli, Toast, Saft, Tee\/Kaffee).<\/li>\n<li>Ein Lunchpaket (belegte Br\u00f6tchen, ein Getr\u00e4nk, Obst und ein Snack) &#8211; wenn Sie Vollpension gebucht haben.<\/li>\n<li>Das Abendessen ist das \u00fcbliche Abendessen im Haushalt (Fleisch\/Fisch\/Huhn mit Gem\u00fcse und Kartoffeln oder Nudeln mit Salat usw.). Dies ist eine gute Gelegenheit, sich mit dem Gastgeber zu unterhalten und Ihr Englisch zu \u00fcben! Bitte informieren Sie Ihren Gastgeber im Voraus, wenn Sie zum Abendessen nicht zu Hause sein werden. <\/li>\n<\/ul>\n<p><strong> <\/strong><\/p>\n<p><strong> <\/strong><strong>W\u00e4sche, Bettw\u00e4sche und Handt\u00fccher<\/strong><\/p>\n<ul>\n<li>Die Gastgeber stellen den Studenten bei ihrer Ankunft ein Handtuch zur Verf\u00fcgung und ihr Bett ist frisch gemacht.<\/li>\n<li>Die Gastgeber waschen die W\u00e4sche der Studenten w\u00f6chentlich. Die meisten Gastgeber zeigen den Studenten, wo sie ihre W\u00e4sche w\u00f6chentlich waschen m\u00fcssen und erkl\u00e4ren ihnen, wie ihre Haushaltsw\u00e4sche funktioniert.<\/li>\n<li>Die Gastfamilien stellen keine Toilettenartikel zur Verf\u00fcgung, so dass Sie diese selbst mitbringen sollten.<\/li>\n<\/ul>\n<p>&nbsp;<\/p>\n<p><strong>Nutzung des Hauses:<\/strong><\/p>\n<ul>\n<li>Die Sch\u00fcler sollten in der Gastfamilie einmal am Tag duschen k\u00f6nnen. Sie sollten jedoch R\u00fccksicht auf die Zeit nehmen, die sie im Bad verbringen, und die Menge an hei\u00dfem Wasser, die sie verbrauchen, da in den H\u00e4usern oft viel los ist und die Sch\u00fcler R\u00fccksicht auf die Bed\u00fcrfnisse der anderen nehmen sollten. Es ist auch normal, das Bad\/Dusche\/Waschbecken nach jeder Benutzung zu reinigen. <\/li>\n<li>Sch\u00fcler sollten ohne Erlaubnis keine Lebensmittel aus der K\u00fcche mitnehmen.<\/li>\n<li>Studenten haben nicht die Erlaubnis, in der K\u00fcche Essen zuzubereiten.<\/li>\n<li>Die Studenten sollten die Nutzung der Gemeinschaftsr\u00e4ume, einschlie\u00dflich des Wohnzimmers und des Fernsehzimmers, respektieren und d\u00fcrfen keinen Raum einnehmen, der normalerweise von anderen Mitgliedern des Haushalts genutzt wird.<\/li>\n<li>Sch\u00fcler d\u00fcrfen ohne ausdr\u00fcckliche Erlaubnis keine Freunde mitbringen.<\/li>\n<li>Es liegt im Ermessen des Gastgebers, ob er den Studenten einen Hausschl\u00fcssel gibt.<\/li>\n<li>Sollte ein Sch\u00fcler Haushaltsgegenst\u00e4nde besch\u00e4digen oder zerbrechen, muss der Schaden von dem Sch\u00fcler (bei Erwachsenen) oder den Eltern des Sch\u00fclers (bei Jugendlichen) bezahlt werden. Das Irish College of English \u00fcbernimmt keine Verantwortung f\u00fcr derartige Sch\u00e4den. <\/li>\n<\/ul>\n<p>&nbsp;<\/p>\n<p><strong>Sauberkeit &amp; Manieren<\/strong><\/p>\n<ul>\n<li>Bitte denken Sie daran, dass Sie in Ihrer Gastfamilie als Teil des Haushalts leben und daher Ihr Zimmer sauber und aufger\u00e4umt halten sollten und dem Gastgeber beim Aufr\u00e4umen nach dem Abendessen usw. helfen sollten.<\/li>\n<li>In Irland ist es \u00fcblich, immer &#8222;Bitte&#8220; und &#8222;Danke&#8220;, &#8222;Guten Morgen&#8220;, &#8222;Guten Abend&#8220; usw. zu sagen, und die Gastgeber k\u00f6nnten beleidigt sein, wenn Sie diese H\u00f6flichkeitsfloskeln nicht verwenden.<\/li>\n<li>Der Ger\u00e4uschpegel sollte auf ein Minimum reduziert werden, insbesondere nachts.<\/li>\n<\/ul>\n<p>&nbsp;<\/p>\n<p><strong>Rauchen\/Alkohol<\/strong><\/p>\n<ul>\n<li>Studenten ist es nicht gestattet, in einer Gastfamilie zu rauchen.<\/li>\n<li>Sch\u00fcler und Studenten unter 18 Jahren oder solche, die an Schul-\/Sommerprogrammen teilnehmen, d\u00fcrfen keinen Alkohol konsumieren, weder zu Hause noch au\u00dfer Haus, und sollten keine Kneipen betreten. Dies gilt unabh\u00e4ngig davon, was in ihrem eigenen Zuhause oder in ihrem Heimatland erlaubt ist. Der Konsum von Alkohol oder Drogen f\u00fchrt zum sofortigen Ausschluss aus dem Programm.  <\/li>\n<\/ul>\n<p>&nbsp;<\/p>\n<p><strong>Freie Zeit<\/strong><\/p>\n<ul>\n<li>W\u00e4hrend die meisten unserer Programme bei ICE einen vollen Zeitplan haben, haben die Studenten immer ein gewisses Ma\u00df an freier Zeit. Junior-Studenten haben Freizeit auf dem Weg zu und von ihrer Gastfamilie, Pausen und Freizeit w\u00e4hrend der Schule und Aktivit\u00e4ten, abends und sonntags. <\/li>\n<li>Wir raten den Eltern von j\u00fcngeren Sch\u00fclern vor der Abreise, ihre eigenen Grenzen in Bezug auf diese freie Zeit und die Sicherheit zu setzen, da diese Zeit nicht von unseren Mitarbeitern beaufsichtigt wird. Wir raten den Eltern, ihnen nicht zu gestatten, w\u00e4hrend dieser Zeit die n\u00e4here Umgebung zu verlassen. Juniorsch\u00fclern ist es nicht gestattet, unbeaufsichtigt in die Stadt Dublin zu gehen oder Discos oder andere Veranstaltungen zu besuchen, die nicht von ICE organisiert wurden.  <\/li>\n<li>Der Sonntag ist der Tag, an dem Sie mehr Zeit mit Ihrem Gastgeber verbringen werden. Wir bitten die Sch\u00fcler, zu kooperieren und sich am Sonntag Zeit f\u00fcr ihren Gastgeber zu nehmen. Die meisten Studenten werden einen Teil des Tages mit ihrem Gastgeber und einen Teil des Tages mit Freunden verbringen.  <\/li>\n<\/ul>\n<p>&nbsp;<\/p>\n<p><strong>Ausgangssperre:<\/strong><\/p>\n<ul>\n<li>Wir haben eine strikte Ausgangssperre von 21:30 Uhr f\u00fcr alle Sch\u00fcler, die an einem Jugendprogramm teilnehmen, auch wenn sie bereits 18 Jahre alt sind.<\/li>\n<li>Es liegt in der Verantwortung des Gastgebers, daf\u00fcr zu sorgen, dass die Sch\u00fcler bis 21:30 Uhr zu Hause sind. Sollte ein Sch\u00fcler nicht zu Hause sein, informiert der Gastgeber die Schule \u00fcber die Notrufnummer. Sch\u00fcler, die sich nicht an die Ausgangssperre halten, werden von der Schule verwiesen<strong>.<\/strong> <\/li>\n<li>Studenten, die an einem Programm f\u00fcr Erwachsene teilnehmen, sollten ihren Gastgeber informieren, wenn sie sp\u00e4tabends nach Hause kommen.<\/li>\n<\/ul>\n<p>&nbsp;<\/p>\n<p><strong>Medizinische Notf\u00e4lle<\/strong><\/p>\n<ul>\n<li>Die Gastgeber werden sich in Notf\u00e4llen so verhalten, wie sie es bei einem Mitglied ihres eigenen Haushalts tun w\u00fcrden. Dazu kann es erforderlich sein, die Polizei, die Ambulanz oder den Arzt anzurufen. <\/li>\n<li>Wenn Studenten Allergien oder andere medizinische Probleme haben, \u00fcber die wir informiert sind, werden wir unser Bestes tun, um die Gastgeber vor der Ankunft zu informieren. Die Studenten sollten jedoch auch ihre Gastgeber \u00fcber alle Allergien oder medizinischen Probleme informieren, die sie f\u00fcr angemessen halten. ICE oder die Gastgeber k\u00f6nnen nicht daf\u00fcr verantwortlich gemacht werden, dass die medizinischen Anforderungen der Studenten erf\u00fcllt werden, da sie in einen normalen Haushalt einziehen &#8211; bitte lesen Sie unsere Richtlinien weiter unten. <\/li>\n<li>Es gibt einen Notdienst auf der Nordseite, <strong>D DOC<\/strong>, der von Montag bis Freitag von 18:00 bis 8:00 Uhr und an Wochenenden und Feiertagen 24 Stunden ge\u00f6ffnet ist. Hier k\u00f6nnen Sie mit einer Krankenschwester oder einem Arzt sprechen oder, falls erforderlich, einen Termin bei einem Hausarzt vereinbaren. Die Nummer lautet <strong>1850 22 4477.<\/strong>  <\/li>\n<li>Das Irish College of English sollte \u00fcber solche Notf\u00e4lle informiert werden.<\/li>\n<li><u>Europ\u00e4ische Studenten sollten eine europ\u00e4ische Krankenversicherungskarte mit sich f\u00fchren. Diese deckt sowohl Krankenhaus- als auch Praxisbesuche und einige Rezepte ab.<\/u><\/li>\n<li><u>Studenten von au\u00dferhalb der EU sollten eine private Krankenversicherung f\u00fcr die Dauer ihres Aufenthalts abschlie\u00dfen.<\/u><\/li>\n<li>Alle medizinischen Kosten und damit verbundenen Kosten sollten vom Studenten selbst getragen werden, wenn die Versicherung die Kosten nicht abdeckt. Die Studenten sollten \u00fcber ausreichende Mittel verf\u00fcgen, um notwendige Arzt-\/Zahnarztbesuche usw. zu bezahlen. <\/li>\n<\/ul>\n<p>&nbsp;<\/p>\n<p><strong>Studenten mit Allergien und chronischen Erkrankungen, die das Irish College of English besuchen<\/strong><\/p>\n<p><strong>Unsere Politik<\/strong><\/p>\n<p>Am Irish College of English ist es unser Grundsatz, in Notsituationen so zu handeln wie alle vern\u00fcnftig denkenden Eltern. Da die Aufenthalte jedoch nur von kurzer Dauer sind (in der Regel 1 &#8211; 4 Wochen), sind wir nicht in der Lage, unser Personal oder unsere Gastgeber im Umgang mit bestimmten medizinischen Problemen der Sch\u00fcler zu schulen. <\/p>\n<p>Wir raten Eltern oder Erziehungsberechtigten von Sch\u00fclern mit schweren Erkrankungen, sich zu \u00fcberlegen, ob ihr Kind reif genug ist, um einen Kurs im Ausland zu besuchen. Eltern sollten sich mit allen Informationen vertraut machen, die auf unserer Website unter <a href=\"http:\/\/www.iceireland.com\/\">www.iceireland.com verf\u00fcgbar sind .<\/a> Sollten Sie zu dem Schluss kommen, dass das Programm f\u00fcr Ihr Kind nicht geeignet ist, stornieren wir die Buchung gerne und erstatten Ihnen den Kursbetrag vor der Ankunft.  <\/p>\n<p>Sollten sich Eltern oder Erziehungsberechtigte dazu entschlie\u00dfen, ihre Kinder in eines unserer Camps zu schicken, best\u00e4tigen sie damit, dass ihr Kind in der Lage ist, an einem solchen Kurs teilzunehmen. Dar\u00fcber hinaus sind sich die Eltern oder Erziehungsberechtigten dar\u00fcber im Klaren, dass die Schule, ihre Mitarbeiter oder die Gastgeber nicht f\u00fcr die Verabreichung von Medikamenten oder die Vorbeugung von Allergien oder anderen Krankheiten verantwortlich sind. <\/p>\n<p>Eltern sollten sich bewusst sein, dass die meisten unserer Mitarbeiter und Betreuer keine medizinische Ausbildung haben. Wir haben in jedem Zentrum einen Erste-Hilfe-Kasten, f\u00fcr den ein Mitarbeiter verantwortlich ist. Dies gilt nicht f\u00fcr au\u00dferschulische Aktivit\u00e4ten. Es gibt keine gesetzliche oder vertragliche Verpflichtung f\u00fcr Mitarbeiter oder Betreuer, Medikamente zu verabreichen oder einen Sch\u00fcler bei der Einnahme von Medikamenten zu beaufsichtigen. In einer Notfallsituation erwarten wir, dass alle unsere Gastgeber und Mitarbeiter so handeln, wie es vern\u00fcnftige Eltern tun w\u00fcrden. Wenn ICE Informationen \u00fcber den Gesundheitszustand eines Sch\u00fclers erhalten hat, k\u00f6nnen diese Informationen, soweit m\u00f6glich, an die zust\u00e4ndigen Mitarbeiter, Gastgeber, das medizinische Personal usw. weitergegeben werden.     <\/p>\n<p>&nbsp;<\/p>\n<p><strong>Kommunikation<\/strong><\/p>\n<p>Es ist zwar unwahrscheinlich, dass Sie w\u00e4hrend Ihres Aufenthalts in einer Gastfamilie Probleme haben werden, aber hier sind einige Empfehlungen f\u00fcr den Fall, dass doch einmal etwas schiefgehen sollte. Besprechen Sie zun\u00e4chst jedes Problem und versuchen Sie, eine L\u00f6sung zwischen Student und Gastgeber zu finden. Es ist wichtig, jedes Problem aus beiden Perspektiven zu betrachten, um eine L\u00f6sung zu finden. Wenn das Problem fortbesteht oder Sie das Gef\u00fchl haben, dass Sie mit der Situation nicht zurechtkommen, <u>teilen Sie uns dies bitte mit, damit wir die Angelegenheit noch w\u00e4hrend Ihres Aufenthalts kl\u00e4ren k\u00f6nnen.<\/u> Sollte entweder der Gastgeber oder der Sch\u00fcler mit der Vereinbarung unzufrieden sein, wird das Irish College of English, wenn m\u00f6glich und angemessen, den Sch\u00fcler in einer anderen Unterkunft unterbringen.   <\/p>\n<p>&nbsp;<\/p>\n<p><strong>Bitte beachten Sie:<\/strong><\/p>\n<p>Am Irish College of English organisieren wir einen Buchungsservice f\u00fcr Gastfamilien, um Studenten, die an unserer Schule studieren m\u00f6chten, zu unterst\u00fctzen. Wir verf\u00fcgen \u00fcber Richtlinien, die sicherstellen, dass die Gastgeber einen angemessenen Standard haben und wir erhalten von den Studenten R\u00fcckmeldungen zu jedem Aufenthalt. Diese R\u00fcckmeldungen und eine Inspektion durch ein Mitglied des ICE erm\u00f6glichen es uns, den Studenten Gastgeber zu empfehlen. Das Irish College of English \u00fcbernimmt keine Verantwortung f\u00fcr Vorf\u00e4lle, die w\u00e4hrend des Hausaufenthalts auftreten, oder f\u00fcr Sch\u00e4den oder Verluste usw.  <\/p>\n<p>&nbsp;<\/p>\n<p>&nbsp;<\/p>\n","protected":false},"excerpt":{"rendered":"<p>Home Stay Charter f\u00fcr Studenten Einf\u00fchrung Am Irish College of English sind wir der Meinung, dass die Erfahrung eines Gastaufenthalts einer der H\u00f6hepunkte Ihres Aufenthalts bei uns sein sollte, und deshalb ermutigen wir alle Studenten, ob Erwachsene oder Jugendliche, das Beste aus dieser fantastischen Gelegenheit zu machen. M\u00f6glicherweise erleben Sie die irische Kultur zum ersten [&hellip;]<\/p>\n","protected":false},"author":3,"featured_media":0,"parent":0,"menu_order":0,"comment_status":"closed","ping_status":"closed","template":"","meta":{"content-type":"","footnotes":""},"class_list":["post-32869","page","type-page","status-publish","hentry"],"yoast_head":"<!-- This site is optimized with the Yoast SEO plugin v27.3 - https:\/\/yoast.com\/product\/yoast-seo-wordpress\/ -->\n<title>Home Stay Charter f\u00fcr Studenten - Irish College of English<\/title>\n<meta name=\"robots\" content=\"index, follow, max-snippet:-1, max-image-preview:large, max-video-preview:-1\" \/>\n<link rel=\"canonical\" href=\"https:\/\/www.iceireland.com\/de\/hostfamilycharter\/\" \/>\n<meta property=\"og:locale\" content=\"de_DE\" \/>\n<meta property=\"og:type\" content=\"article\" \/>\n<meta property=\"og:title\" content=\"Home Stay Charter f\u00fcr Studenten - Irish College of English\" \/>\n<meta property=\"og:description\" content=\"Home Stay Charter f\u00fcr Studenten Einf\u00fchrung Am Irish College of English sind wir der Meinung, dass die Erfahrung eines Gastaufenthalts einer der H\u00f6hepunkte Ihres Aufenthalts bei uns sein sollte, und deshalb ermutigen wir alle Studenten, ob Erwachsene oder Jugendliche, das Beste aus dieser fantastischen Gelegenheit zu machen. M\u00f6glicherweise erleben Sie die irische Kultur zum ersten [&hellip;]\" \/>\n<meta property=\"og:url\" content=\"https:\/\/www.iceireland.com\/de\/hostfamilycharter\/\" \/>\n<meta property=\"og:site_name\" content=\"Irish College of English\" \/>\n<meta name=\"twitter:label1\" content=\"Gesch\u00e4tzte Lesezeit\" \/>\n\t<meta name=\"twitter:data1\" content=\"11\u00a0Minuten\" \/>\n<script type=\"application\/ld+json\" class=\"yoast-schema-graph\">{\"@context\":\"https:\\\/\\\/schema.org\",\"@graph\":[{\"@type\":\"WebPage\",\"@id\":\"https:\\\/\\\/www.iceireland.com\\\/de\\\/hostfamilycharter\\\/\",\"url\":\"https:\\\/\\\/www.iceireland.com\\\/de\\\/hostfamilycharter\\\/\",\"name\":\"Home Stay Charter f\u00fcr Studenten - Irish College of English\",\"isPartOf\":{\"@id\":\"https:\\\/\\\/www.iceireland.com\\\/de\\\/#website\"},\"datePublished\":\"2022-03-22T11:13:00+00:00\",\"breadcrumb\":{\"@id\":\"https:\\\/\\\/www.iceireland.com\\\/de\\\/hostfamilycharter\\\/#breadcrumb\"},\"inLanguage\":\"de\",\"potentialAction\":[{\"@type\":\"ReadAction\",\"target\":[\"https:\\\/\\\/www.iceireland.com\\\/de\\\/hostfamilycharter\\\/\"]}]},{\"@type\":\"BreadcrumbList\",\"@id\":\"https:\\\/\\\/www.iceireland.com\\\/de\\\/hostfamilycharter\\\/#breadcrumb\",\"itemListElement\":[{\"@type\":\"ListItem\",\"position\":1,\"name\":\"Home\",\"item\":\"https:\\\/\\\/www.iceireland.com\\\/de\\\/\"},{\"@type\":\"ListItem\",\"position\":2,\"name\":\"Home Stay Charter f\u00fcr Studenten\"}]},{\"@type\":\"WebSite\",\"@id\":\"https:\\\/\\\/www.iceireland.com\\\/de\\\/#website\",\"url\":\"https:\\\/\\\/www.iceireland.com\\\/de\\\/\",\"name\":\"Irish College of English\",\"description\":\"English School in Dublin, Malahide\",\"publisher\":{\"@id\":\"https:\\\/\\\/www.iceireland.com\\\/de\\\/#organization\"},\"potentialAction\":[{\"@type\":\"SearchAction\",\"target\":{\"@type\":\"EntryPoint\",\"urlTemplate\":\"https:\\\/\\\/www.iceireland.com\\\/de\\\/?s={search_term_string}\"},\"query-input\":{\"@type\":\"PropertyValueSpecification\",\"valueRequired\":true,\"valueName\":\"search_term_string\"}}],\"inLanguage\":\"de\"},{\"@type\":\"Organization\",\"@id\":\"https:\\\/\\\/www.iceireland.com\\\/de\\\/#organization\",\"name\":\"Irish College of English\",\"url\":\"https:\\\/\\\/www.iceireland.com\\\/de\\\/\",\"logo\":{\"@type\":\"ImageObject\",\"inLanguage\":\"de\",\"@id\":\"https:\\\/\\\/www.iceireland.com\\\/de\\\/#\\\/schema\\\/logo\\\/image\\\/\",\"url\":\"https:\\\/\\\/www.iceireland.com\\\/wp-content\\\/uploads\\\/2022\\\/03\\\/logo.png\",\"contentUrl\":\"https:\\\/\\\/www.iceireland.com\\\/wp-content\\\/uploads\\\/2022\\\/03\\\/logo.png\",\"width\":593,\"height\":92,\"caption\":\"Irish College of English\"},\"image\":{\"@id\":\"https:\\\/\\\/www.iceireland.com\\\/de\\\/#\\\/schema\\\/logo\\\/image\\\/\"}}]}<\/script>\n<!-- \/ Yoast SEO plugin. -->","yoast_head_json":{"title":"Home Stay Charter f\u00fcr Studenten - Irish College of English","robots":{"index":"index","follow":"follow","max-snippet":"max-snippet:-1","max-image-preview":"max-image-preview:large","max-video-preview":"max-video-preview:-1"},"canonical":"https:\/\/www.iceireland.com\/de\/hostfamilycharter\/","og_locale":"de_DE","og_type":"article","og_title":"Home Stay Charter f\u00fcr Studenten - Irish College of English","og_description":"Home Stay Charter f\u00fcr Studenten Einf\u00fchrung Am Irish College of English sind wir der Meinung, dass die Erfahrung eines Gastaufenthalts einer der H\u00f6hepunkte Ihres Aufenthalts bei uns sein sollte, und deshalb ermutigen wir alle Studenten, ob Erwachsene oder Jugendliche, das Beste aus dieser fantastischen Gelegenheit zu machen. M\u00f6glicherweise erleben Sie die irische Kultur zum ersten [&hellip;]","og_url":"https:\/\/www.iceireland.com\/de\/hostfamilycharter\/","og_site_name":"Irish College of English","twitter_misc":{"Gesch\u00e4tzte Lesezeit":"11\u00a0Minuten"},"schema":{"@context":"https:\/\/schema.org","@graph":[{"@type":"WebPage","@id":"https:\/\/www.iceireland.com\/de\/hostfamilycharter\/","url":"https:\/\/www.iceireland.com\/de\/hostfamilycharter\/","name":"Home Stay Charter f\u00fcr Studenten - Irish College of English","isPartOf":{"@id":"https:\/\/www.iceireland.com\/de\/#website"},"datePublished":"2022-03-22T11:13:00+00:00","breadcrumb":{"@id":"https:\/\/www.iceireland.com\/de\/hostfamilycharter\/#breadcrumb"},"inLanguage":"de","potentialAction":[{"@type":"ReadAction","target":["https:\/\/www.iceireland.com\/de\/hostfamilycharter\/"]}]},{"@type":"BreadcrumbList","@id":"https:\/\/www.iceireland.com\/de\/hostfamilycharter\/#breadcrumb","itemListElement":[{"@type":"ListItem","position":1,"name":"Home","item":"https:\/\/www.iceireland.com\/de\/"},{"@type":"ListItem","position":2,"name":"Home Stay Charter f\u00fcr Studenten"}]},{"@type":"WebSite","@id":"https:\/\/www.iceireland.com\/de\/#website","url":"https:\/\/www.iceireland.com\/de\/","name":"Irish College of English","description":"English School in Dublin, Malahide","publisher":{"@id":"https:\/\/www.iceireland.com\/de\/#organization"},"potentialAction":[{"@type":"SearchAction","target":{"@type":"EntryPoint","urlTemplate":"https:\/\/www.iceireland.com\/de\/?s={search_term_string}"},"query-input":{"@type":"PropertyValueSpecification","valueRequired":true,"valueName":"search_term_string"}}],"inLanguage":"de"},{"@type":"Organization","@id":"https:\/\/www.iceireland.com\/de\/#organization","name":"Irish College of English","url":"https:\/\/www.iceireland.com\/de\/","logo":{"@type":"ImageObject","inLanguage":"de","@id":"https:\/\/www.iceireland.com\/de\/#\/schema\/logo\/image\/","url":"https:\/\/www.iceireland.com\/wp-content\/uploads\/2022\/03\/logo.png","contentUrl":"https:\/\/www.iceireland.com\/wp-content\/uploads\/2022\/03\/logo.png","width":593,"height":92,"caption":"Irish College of English"},"image":{"@id":"https:\/\/www.iceireland.com\/de\/#\/schema\/logo\/image\/"}}]}},"_links":{"self":[{"href":"https:\/\/www.iceireland.com\/de\/wp-json\/wp\/v2\/pages\/32869","targetHints":{"allow":["GET"]}}],"collection":[{"href":"https:\/\/www.iceireland.com\/de\/wp-json\/wp\/v2\/pages"}],"about":[{"href":"https:\/\/www.iceireland.com\/de\/wp-json\/wp\/v2\/types\/page"}],"author":[{"embeddable":true,"href":"https:\/\/www.iceireland.com\/de\/wp-json\/wp\/v2\/users\/3"}],"replies":[{"embeddable":true,"href":"https:\/\/www.iceireland.com\/de\/wp-json\/wp\/v2\/comments?post=32869"}],"version-history":[{"count":0,"href":"https:\/\/www.iceireland.com\/de\/wp-json\/wp\/v2\/pages\/32869\/revisions"}],"wp:attachment":[{"href":"https:\/\/www.iceireland.com\/de\/wp-json\/wp\/v2\/media?parent=32869"}],"curies":[{"name":"wp","href":"https:\/\/api.w.org\/{rel}","templated":true}]}}