{"id":33048,"date":"2025-08-28T10:59:56","date_gmt":"2025-08-28T10:59:56","guid":{"rendered":"https:\/\/www.iceireland.com\/academic-support\/"},"modified":"2026-01-30T18:25:39","modified_gmt":"2026-01-30T18:25:39","slug":"academic-support","status":"publish","type":"page","link":"https:\/\/www.iceireland.com\/de\/academic-support\/","title":{"rendered":"Akademische Unterst\u00fctzung"},"content":{"rendered":"\t\t<div data-elementor-type=\"wp-page\" data-elementor-id=\"33048\" class=\"elementor elementor-33048 elementor-31352\" data-elementor-post-type=\"page\">\n\t\t\t\t\t\t<section class=\"elementor-section elementor-top-section elementor-element elementor-element-b55a7ad elementor-section-boxed elementor-section-height-default elementor-section-height-default\" data-id=\"b55a7ad\" data-element_type=\"section\" data-e-type=\"section\">\n\t\t\t\t\t\t<div class=\"elementor-container elementor-column-gap-default\">\n\t\t\t\t\t<div class=\"elementor-column elementor-col-100 elementor-top-column elementor-element elementor-element-2f2634f\" data-id=\"2f2634f\" data-element_type=\"column\" data-e-type=\"column\">\n\t\t\t<div class=\"elementor-widget-wrap elementor-element-populated\">\n\t\t\t\t\t\t<div class=\"elementor-element elementor-element-edea061 elementor-widget elementor-widget-text-editor\" data-id=\"edea061\" data-element_type=\"widget\" data-e-type=\"widget\" data-widget_type=\"text-editor.default\">\n\t\t\t\t<div class=\"elementor-widget-container\">\n\t\t\t\t\t\t\t\t\t<h4 style=\"font-weight: 400;\">Akademische Unterst\u00fctzung<\/h4><p style=\"font-weight: 400;\">Bei ICE bieten wir akademische Unterst\u00fctzung an, um Studenten beim Sprachenlernen zu helfen. Diese Dienstleistungen sind auf unterschiedliche Lernstile, Niveaus und Ziele ausgerichtet und konzentrieren sich oft sowohl auf die Sprachkenntnisse als auch auf die allgemeine akademische oder berufliche Entwicklung. <\/p><p style=\"font-weight: 400;\">Wir sind bestrebt, den Studenten bei der Erreichung ihrer Sprachlernziele zu helfen. Dazu geh\u00f6ren akademische Beratung, Nachhilfeunterricht und zus\u00e4tzliche Unterst\u00fctzung f\u00fcr Studenten, die zus\u00e4tzliche Bed\u00fcrfnisse haben. <\/p><p style=\"font-weight: 400;\">Wir f\u00f6rdern das aktive Engagement der Sch\u00fcler durch interaktive Aktivit\u00e4ten im Unterricht, Gruppenprojekte und au\u00dferschulische Angebote wie Konversationskurse und kulturelle Veranstaltungen.<\/p><p style=\"font-weight: 400;\">ICE f\u00f6rdert die offene Kommunikation zwischen Studenten und Lehrkr\u00e4ften und holt Feedback zur Effektivit\u00e4t des Unterrichts, zu den Kursinhalten und zur allgemeinen Lernerfahrung ein, um kontinuierliche Verbesserungsma\u00dfnahmen zu erm\u00f6glichen.<\/p><p> <\/p><p style=\"font-weight: 400;\">Im Folgenden finden Sie Beispiele daf\u00fcr, wie ICE erwachsene Studenten akademisch unterst\u00fctzt:<\/p><p> <\/p><p style=\"font-weight: 400;\">Entwicklung von Sprachkenntnissen<\/p><ul style=\"font-weight: 400;\"><li>W\u00f6chentlicher kostenloser Konversationsunterricht bietet regelm\u00e4\u00dfige \u00dcbungseinheiten, um das fl\u00fcssige Sprechen mit anderen Studenten und Muttersprachlern zu verbessern.<\/li><li>W\u00f6chentliche IELTS-Pr\u00fcfungskurse geben Studenten die M\u00f6glichkeit, sich auf die Pr\u00fcfungen vorzubereiten, und bieten anderen Studenten die Chance, einen Einblick in das Pr\u00fcfungsmodell zu bekommen.<\/li><\/ul><p> <\/p><p style=\"font-weight: 400;\">Pr\u00fcfungsvorbereitung<\/p><ul style=\"font-weight: 400;\"><li>Individueller IELTS- oder Cambridge-Pr\u00fcfungsvorbereitungsunterricht zur Vorbereitung auf bevorstehende standardisierte Englischpr\u00fcfungen ist als Lernhilfe erh\u00e4ltlich.<\/li><li>Probepr\u00fcfungen, die Teil unserer IELTS-Pr\u00fcfungskurse sind, bieten den Sch\u00fclern die M\u00f6glichkeit, echte Tests unter Pr\u00fcfungsbedingungen zu absolvieren, um ihre Bereitschaft zu beurteilen und Verbesserungsm\u00f6glichkeiten zu erkennen. Studenten, die andere Pr\u00fcfungen ablegen, kann unser akademisches Team helfen, Zugang zu Probepr\u00fcfungen zu bekommen. <\/li><\/ul><p> <\/p><p style=\"font-weight: 400;\">Individualisierte Lernunterst\u00fctzung<\/p><ul style=\"font-weight: 400;\"><li>Die Lernziele der Sch\u00fcler und die geplanten externen Pr\u00fcfungen werden im Klassenbuch vermerkt, damit die Lehrer die Sch\u00fcler dabei unterst\u00fctzen k\u00f6nnen.<\/li><li>Wir bieten Einzelunterricht an, der sich auf die spezifischen Bed\u00fcrfnisse und Ziele des Sch\u00fclers konzentriert.<\/li><li>Die akademische Unterst\u00fctzung steht f\u00fcr individuelle akademische Beratungen zur Verf\u00fcgung, die bei Sprachproblemen oder akademischen Zielen helfen.<\/li><li>Die Sch\u00fcler erhalten monatliche Prozessberichte, die auch ein einfaches System enthalten, mit dem die Sch\u00fcler unser akademisches Team kontaktieren k\u00f6nnen, wenn sie zus\u00e4tzliche Unterst\u00fctzung ben\u00f6tigen. Dar\u00fcber hinaus unterst\u00fctzen die Lehrer die Sch\u00fcler kontinuierlich und k\u00f6nnen das akademische Team darauf hinweisen, wenn die Sch\u00fcler von zus\u00e4tzlicher Unterst\u00fctzung au\u00dferhalb des Klassenzimmers profitieren w\u00fcrden. <\/li><li>Der Academic Programmes Coordinator wird daf\u00fcr sorgen, dass der Student Welfare Officer und die Assistant Student Welfare Officers in der Lage sind, Unterst\u00fctzung und Beratung in Bezug auf h\u00f6here und weitere Bildungswege, das Leben in Irland und praktische Hilfe zu leisten.<\/li><\/ul><p> <\/p><p style=\"font-weight: 400;\">Dar\u00fcber hinaus profitieren alle Studenten von:<\/p><p> <\/p><p style=\"font-weight: 400;\">Feedback und Bewertung<\/p><ul style=\"font-weight: 400;\"><li>Kontinuierliche Bewertung durch w\u00f6chentliche, summative und formative Beurteilungen und Aktivit\u00e4ten im Klassenzimmer, um die Fortschritte der Sch\u00fcler zu verfolgen.<\/li><li>Die Lehrer geben den Sch\u00fclern laufend Feedback. Dar\u00fcber hinaus werden die Bewertungen aufgezeichnet und monatliche Fortschrittsberichte an die Sch\u00fcler verschickt.<\/li><\/ul><p> <\/p><p style=\"font-weight: 400;\">Ressourcen f\u00fcr das Selbststudium<\/p><ul style=\"font-weight: 400;\"><li>Die Lehrer helfen den Sch\u00fclern beim Zugang zu Lehrb\u00fcchern, Arbeitsb\u00fcchern, Grammatikleitf\u00e4den und anderen Lernmaterialien, um sie zu unterst\u00fctzen.<\/li><li>Unsere kleine Bibliothek ist leicht zug\u00e4nglich und B\u00fccher k\u00f6nnen in unserem Ehrensystem ohne jeglichen Papierkram ausgeliehen werden.<\/li><li>Die Sch\u00fcler lernen Online-Ressourcen wie Apps, Websites und interaktive Lernplattformen kennen, z.B. English File online.<\/li><\/ul>\t\t\t\t\t\t\t\t<\/div>\n\t\t\t\t<\/div>\n\t\t\t\t\t<\/div>\n\t\t<\/div>\n\t\t\t\t\t<\/div>\n\t\t<\/section>\n\t\t\t\t<section class=\"elementor-section elementor-top-section elementor-element elementor-element-d3ca70a elementor-section-boxed elementor-section-height-default elementor-section-height-default\" data-id=\"d3ca70a\" data-element_type=\"section\" data-e-type=\"section\">\n\t\t\t\t\t\t<div class=\"elementor-container elementor-column-gap-default\">\n\t\t\t\t\t<div class=\"elementor-column elementor-col-100 elementor-top-column elementor-element elementor-element-ea712aa\" data-id=\"ea712aa\" data-element_type=\"column\" data-e-type=\"column\">\n\t\t\t<div class=\"elementor-widget-wrap elementor-element-populated\">\n\t\t\t\t\t\t<div class=\"elementor-element elementor-element-83e9269 elementor-widget elementor-widget-spacer\" data-id=\"83e9269\" data-element_type=\"widget\" data-e-type=\"widget\" data-widget_type=\"spacer.default\">\n\t\t\t\t<div class=\"elementor-widget-container\">\n\t\t\t\t\t\t\t<div class=\"elementor-spacer\">\n\t\t\t<div class=\"elementor-spacer-inner\"><\/div>\n\t\t<\/div>\n\t\t\t\t\t\t<\/div>\n\t\t\t\t<\/div>\n\t\t\t\t\t<\/div>\n\t\t<\/div>\n\t\t\t\t\t<\/div>\n\t\t<\/section>\n\t\t\t\t<\/div>\n\t\t","protected":false},"excerpt":{"rendered":"<p>Akademische Unterst\u00fctzung Bei ICE bieten wir akademische Unterst\u00fctzung an, um Studenten beim Sprachenlernen zu helfen. Diese Dienstleistungen sind auf unterschiedliche Lernstile, Niveaus und Ziele ausgerichtet und konzentrieren sich oft sowohl auf die Sprachkenntnisse als auch auf die allgemeine akademische oder berufliche Entwicklung. Wir sind bestrebt, den Studenten bei der Erreichung ihrer Sprachlernziele zu helfen. Dazu [&hellip;]<\/p>\n","protected":false},"author":3,"featured_media":0,"parent":0,"menu_order":0,"comment_status":"closed","ping_status":"closed","template":"","meta":{"content-type":"","footnotes":""},"class_list":["post-33048","page","type-page","status-publish","hentry"],"yoast_head":"<!-- This site is optimized with the Yoast SEO plugin v27.3 - https:\/\/yoast.com\/product\/yoast-seo-wordpress\/ -->\n<title>Akademische Unterst\u00fctzung - Irish College of English<\/title>\n<meta name=\"robots\" content=\"index, follow, max-snippet:-1, max-image-preview:large, max-video-preview:-1\" \/>\n<link rel=\"canonical\" href=\"https:\/\/www.iceireland.com\/de\/academic-support\/\" \/>\n<meta property=\"og:locale\" content=\"de_DE\" \/>\n<meta property=\"og:type\" content=\"article\" \/>\n<meta property=\"og:title\" content=\"Akademische Unterst\u00fctzung - Irish College of English\" \/>\n<meta property=\"og:description\" content=\"Akademische Unterst\u00fctzung Bei ICE bieten wir akademische Unterst\u00fctzung an, um Studenten beim Sprachenlernen zu helfen. Diese Dienstleistungen sind auf unterschiedliche Lernstile, Niveaus und Ziele ausgerichtet und konzentrieren sich oft sowohl auf die Sprachkenntnisse als auch auf die allgemeine akademische oder berufliche Entwicklung. Wir sind bestrebt, den Studenten bei der Erreichung ihrer Sprachlernziele zu helfen. Dazu [&hellip;]\" \/>\n<meta property=\"og:url\" content=\"https:\/\/www.iceireland.com\/de\/academic-support\/\" \/>\n<meta property=\"og:site_name\" content=\"Irish College of English\" \/>\n<meta property=\"article:modified_time\" content=\"2026-01-30T18:25:39+00:00\" \/>\n<meta name=\"twitter:label1\" content=\"Gesch\u00e4tzte Lesezeit\" \/>\n\t<meta name=\"twitter:data1\" content=\"3\u00a0Minuten\" \/>\n<script type=\"application\/ld+json\" class=\"yoast-schema-graph\">{\"@context\":\"https:\\\/\\\/schema.org\",\"@graph\":[{\"@type\":\"WebPage\",\"@id\":\"https:\\\/\\\/www.iceireland.com\\\/de\\\/academic-support\\\/\",\"url\":\"https:\\\/\\\/www.iceireland.com\\\/de\\\/academic-support\\\/\",\"name\":\"Akademische Unterst\u00fctzung - Irish College of English\",\"isPartOf\":{\"@id\":\"https:\\\/\\\/www.iceireland.com\\\/de\\\/#website\"},\"datePublished\":\"2025-08-28T10:59:56+00:00\",\"dateModified\":\"2026-01-30T18:25:39+00:00\",\"breadcrumb\":{\"@id\":\"https:\\\/\\\/www.iceireland.com\\\/de\\\/academic-support\\\/#breadcrumb\"},\"inLanguage\":\"de\",\"potentialAction\":[{\"@type\":\"ReadAction\",\"target\":[\"https:\\\/\\\/www.iceireland.com\\\/de\\\/academic-support\\\/\"]}]},{\"@type\":\"BreadcrumbList\",\"@id\":\"https:\\\/\\\/www.iceireland.com\\\/de\\\/academic-support\\\/#breadcrumb\",\"itemListElement\":[{\"@type\":\"ListItem\",\"position\":1,\"name\":\"Home\",\"item\":\"https:\\\/\\\/www.iceireland.com\\\/de\\\/\"},{\"@type\":\"ListItem\",\"position\":2,\"name\":\"Akademische Unterst\u00fctzung\"}]},{\"@type\":\"WebSite\",\"@id\":\"https:\\\/\\\/www.iceireland.com\\\/de\\\/#website\",\"url\":\"https:\\\/\\\/www.iceireland.com\\\/de\\\/\",\"name\":\"Irish College of English\",\"description\":\"English School in Dublin, Malahide\",\"publisher\":{\"@id\":\"https:\\\/\\\/www.iceireland.com\\\/de\\\/#organization\"},\"potentialAction\":[{\"@type\":\"SearchAction\",\"target\":{\"@type\":\"EntryPoint\",\"urlTemplate\":\"https:\\\/\\\/www.iceireland.com\\\/de\\\/?s={search_term_string}\"},\"query-input\":{\"@type\":\"PropertyValueSpecification\",\"valueRequired\":true,\"valueName\":\"search_term_string\"}}],\"inLanguage\":\"de\"},{\"@type\":\"Organization\",\"@id\":\"https:\\\/\\\/www.iceireland.com\\\/de\\\/#organization\",\"name\":\"Irish College of English\",\"url\":\"https:\\\/\\\/www.iceireland.com\\\/de\\\/\",\"logo\":{\"@type\":\"ImageObject\",\"inLanguage\":\"de\",\"@id\":\"https:\\\/\\\/www.iceireland.com\\\/de\\\/#\\\/schema\\\/logo\\\/image\\\/\",\"url\":\"https:\\\/\\\/www.iceireland.com\\\/wp-content\\\/uploads\\\/2022\\\/03\\\/logo.png\",\"contentUrl\":\"https:\\\/\\\/www.iceireland.com\\\/wp-content\\\/uploads\\\/2022\\\/03\\\/logo.png\",\"width\":593,\"height\":92,\"caption\":\"Irish College of English\"},\"image\":{\"@id\":\"https:\\\/\\\/www.iceireland.com\\\/de\\\/#\\\/schema\\\/logo\\\/image\\\/\"}}]}<\/script>\n<!-- \/ Yoast SEO plugin. -->","yoast_head_json":{"title":"Akademische Unterst\u00fctzung - Irish College of English","robots":{"index":"index","follow":"follow","max-snippet":"max-snippet:-1","max-image-preview":"max-image-preview:large","max-video-preview":"max-video-preview:-1"},"canonical":"https:\/\/www.iceireland.com\/de\/academic-support\/","og_locale":"de_DE","og_type":"article","og_title":"Akademische Unterst\u00fctzung - Irish College of English","og_description":"Akademische Unterst\u00fctzung Bei ICE bieten wir akademische Unterst\u00fctzung an, um Studenten beim Sprachenlernen zu helfen. Diese Dienstleistungen sind auf unterschiedliche Lernstile, Niveaus und Ziele ausgerichtet und konzentrieren sich oft sowohl auf die Sprachkenntnisse als auch auf die allgemeine akademische oder berufliche Entwicklung. Wir sind bestrebt, den Studenten bei der Erreichung ihrer Sprachlernziele zu helfen. Dazu [&hellip;]","og_url":"https:\/\/www.iceireland.com\/de\/academic-support\/","og_site_name":"Irish College of English","article_modified_time":"2026-01-30T18:25:39+00:00","twitter_misc":{"Gesch\u00e4tzte Lesezeit":"3\u00a0Minuten"},"schema":{"@context":"https:\/\/schema.org","@graph":[{"@type":"WebPage","@id":"https:\/\/www.iceireland.com\/de\/academic-support\/","url":"https:\/\/www.iceireland.com\/de\/academic-support\/","name":"Akademische Unterst\u00fctzung - Irish College of English","isPartOf":{"@id":"https:\/\/www.iceireland.com\/de\/#website"},"datePublished":"2025-08-28T10:59:56+00:00","dateModified":"2026-01-30T18:25:39+00:00","breadcrumb":{"@id":"https:\/\/www.iceireland.com\/de\/academic-support\/#breadcrumb"},"inLanguage":"de","potentialAction":[{"@type":"ReadAction","target":["https:\/\/www.iceireland.com\/de\/academic-support\/"]}]},{"@type":"BreadcrumbList","@id":"https:\/\/www.iceireland.com\/de\/academic-support\/#breadcrumb","itemListElement":[{"@type":"ListItem","position":1,"name":"Home","item":"https:\/\/www.iceireland.com\/de\/"},{"@type":"ListItem","position":2,"name":"Akademische Unterst\u00fctzung"}]},{"@type":"WebSite","@id":"https:\/\/www.iceireland.com\/de\/#website","url":"https:\/\/www.iceireland.com\/de\/","name":"Irish College of English","description":"English School in Dublin, Malahide","publisher":{"@id":"https:\/\/www.iceireland.com\/de\/#organization"},"potentialAction":[{"@type":"SearchAction","target":{"@type":"EntryPoint","urlTemplate":"https:\/\/www.iceireland.com\/de\/?s={search_term_string}"},"query-input":{"@type":"PropertyValueSpecification","valueRequired":true,"valueName":"search_term_string"}}],"inLanguage":"de"},{"@type":"Organization","@id":"https:\/\/www.iceireland.com\/de\/#organization","name":"Irish College of English","url":"https:\/\/www.iceireland.com\/de\/","logo":{"@type":"ImageObject","inLanguage":"de","@id":"https:\/\/www.iceireland.com\/de\/#\/schema\/logo\/image\/","url":"https:\/\/www.iceireland.com\/wp-content\/uploads\/2022\/03\/logo.png","contentUrl":"https:\/\/www.iceireland.com\/wp-content\/uploads\/2022\/03\/logo.png","width":593,"height":92,"caption":"Irish College of English"},"image":{"@id":"https:\/\/www.iceireland.com\/de\/#\/schema\/logo\/image\/"}}]}},"_links":{"self":[{"href":"https:\/\/www.iceireland.com\/de\/wp-json\/wp\/v2\/pages\/33048","targetHints":{"allow":["GET"]}}],"collection":[{"href":"https:\/\/www.iceireland.com\/de\/wp-json\/wp\/v2\/pages"}],"about":[{"href":"https:\/\/www.iceireland.com\/de\/wp-json\/wp\/v2\/types\/page"}],"author":[{"embeddable":true,"href":"https:\/\/www.iceireland.com\/de\/wp-json\/wp\/v2\/users\/3"}],"replies":[{"embeddable":true,"href":"https:\/\/www.iceireland.com\/de\/wp-json\/wp\/v2\/comments?post=33048"}],"version-history":[{"count":1,"href":"https:\/\/www.iceireland.com\/de\/wp-json\/wp\/v2\/pages\/33048\/revisions"}],"predecessor-version":[{"id":33049,"href":"https:\/\/www.iceireland.com\/de\/wp-json\/wp\/v2\/pages\/33048\/revisions\/33049"}],"wp:attachment":[{"href":"https:\/\/www.iceireland.com\/de\/wp-json\/wp\/v2\/media?parent=33048"}],"curies":[{"name":"wp","href":"https:\/\/api.w.org\/{rel}","templated":true}]}}