{"id":33074,"date":"2025-08-28T09:23:09","date_gmt":"2025-08-28T09:23:09","guid":{"rendered":"https:\/\/www.iceireland.com\/visa-immigration-support\/"},"modified":"2026-03-14T11:33:50","modified_gmt":"2026-03-14T11:33:50","slug":"visa-immigration-support","status":"publish","type":"page","link":"https:\/\/www.iceireland.com\/de\/visa-immigration-support\/","title":{"rendered":"Unterst\u00fctzung bei Visa &amp; Einwanderung"},"content":{"rendered":"\t\t<div data-elementor-type=\"wp-page\" data-elementor-id=\"33074\" class=\"elementor elementor-33074 elementor-31322\" data-elementor-post-type=\"page\">\n\t\t\t\t\t\t<section class=\"elementor-section elementor-top-section elementor-element elementor-element-ded4c0a elementor-section-boxed elementor-section-height-default elementor-section-height-default\" data-id=\"ded4c0a\" data-element_type=\"section\" data-e-type=\"section\">\n\t\t\t\t\t\t<div class=\"elementor-container elementor-column-gap-default\">\n\t\t\t\t\t<div class=\"elementor-column elementor-col-100 elementor-top-column elementor-element elementor-element-07c7a5c\" data-id=\"07c7a5c\" data-element_type=\"column\" data-e-type=\"column\">\n\t\t\t<div class=\"elementor-widget-wrap elementor-element-populated\">\n\t\t\t\t\t\t<div class=\"elementor-element elementor-element-4254848 elementor-widget elementor-widget-text-editor\" data-id=\"4254848\" data-element_type=\"widget\" data-e-type=\"widget\" data-widget_type=\"text-editor.default\">\n\t\t\t\t<div class=\"elementor-widget-container\">\n\t\t\t\t\t\t\t\t\t<h2><span style=\"color: #808080;\">Unterst\u00fctzung bei Visa &amp; Einwanderung<\/span><\/h2><p data-start=\"386\" data-end=\"759\"> <\/p><p data-start=\"386\" data-end=\"759\"><span style=\"color: #808080;\"><strong>M\u00fcssen Sie ein Visum beantragen?<\/strong><\/span><\/p><ul><li data-start=\"386\" data-end=\"759\">Wenn Sie aus einem EU\/EAA-Land kommen, ben\u00f6tigen Sie kein Visum, um in Irland zu studieren.<\/li><li>Studenten, die nicht aus der EU oder dem EWR kommen, m\u00fcssen eine Aufnahmebest\u00e4tigung vorweisen k\u00f6nnen und die Geb\u00fchren f\u00fcr das Studium in Irland bezahlt haben.<\/li><li>Je nach Ihrer Staatsangeh\u00f6rigkeit ben\u00f6tigen Sie m\u00f6glicherweise auch ein Visum. <span style=\"color: #808080;\">Auf der <span style=\"text-decoration: underline;\"><a style=\"color: #808080; text-decoration: underline;\" href=\"https:\/\/www.irishimmigration.ie\/\" target=\"_blank\" rel=\"noopener\">Website der irischen Einwanderungsbeh\u00f6rde<\/a><\/span> erfahren Sie, was Sie je nach Ihrer Nationalit\u00e4t f\u00fcr die Einreise nach Irland ben\u00f6tigen.<\/span><\/li><li data-start=\"386\" data-end=\"759\">Alle Nicht-EU\/EAA-Studenten, die l\u00e4nger als 90 Tage bleiben, m\u00fcssen sich bei der irischen Einwanderungsbeh\u00f6rde (ISD) anmelden.<\/li><\/ul><div id=\"Requirements\"><div class=\"wrapper wrapper--large content--padding\"><div class=\"rich-text\"><div class=\"rich-text rich-text__narrow\"><div class=\"rich_text__summary\"><p data-block-key=\"8i3qr\"> <\/p><\/div><\/div><\/div><\/div><\/div><div tabindex=\"0\"><span style=\"color: #808080;\"><strong>Wenn Sie f\u00fcr Ihr Studium in Irland ein Visum ben\u00f6tigen<\/strong><\/span><\/div><div tabindex=\"0\"> <\/div><div tabindex=\"0\"><span style=\"color: #808080;\">Sie f\u00fcllen ein Buchungsformular aus und schicken uns eine Kopie Ihres Reisepasses. Wir stellen Ihnen eine Rechnung \u00fcber die Kursgeb\u00fchren aus. Die Geb\u00fchren m\u00fcssen \u00fcber Transfermate bezahlt werden und werden bis zur Entscheidung \u00fcber Ihr Visum auf einem Treuhandkonto verwahrt. Sobald Ihre Kursgeb\u00fchr best\u00e4tigt ist, k\u00f6nnen wir Ihnen die Zusage erteilen und Sie k\u00f6nnen Ihr Visum beantragen.  <\/span><\/div><div tabindex=\"0\"> <\/div><div tabindex=\"0\">Die Beantragung eines Visums dauert in der Regel 6 bis 8 Wochen. Wir empfehlen, den Antrag 3 Monate vor Kursbeginn zu stellen, um Verz\u00f6gerungen zu vermeiden.<\/div><div tabindex=\"0\"> <\/div><div id=\"Application\"><div class=\"wrapper wrapper--large content--padding\"><div class=\"rich-text\"><div class=\"rich-text rich-text__narrow\"><p class=\"story__heading heading--2\"><span style=\"color: #808080;\"><b>Einreichen Ihres Visumantrags<\/b><\/span><\/p><div class=\"rich_text__summary\"> <\/div><div class=\"rich_text__summary\"><p>F\u00fcr die Beantragung eines Visums:<\/p><ol><li>F\u00fcllen Sie das Online-Bewerbungsformular aus <a href=\"http:\/\/www.visas.inis.gov.ie\/AVATS\/OnlineHome.aspx\">www.visas.inis.gov.ie\/AVATS\/OnlineHome.aspx<\/a><\/li><li>Besorgen Sie die entsprechenden Unterlagen, ein Passfoto und die Geb\u00fchr.<\/li><li>Das Online-Bewerbungssystem fordert die Studenten automatisch auf, Unterlagen an die Botschaft zu schicken.<\/li><\/ol><p>Weitere Informationen zur Beantragung eines Visums finden Sie auf den folgenden Webseiten: <a href=\"https:\/\/www.dfa.ie\/travel\/visas\/visas-for-ireland\/\">https:\/\/www.dfa.ie\/travel\/visas\/visas-for-ireland\/<\/a> &amp; <a href=\"http:\/\/www.inis.gov.ie\/en\/INIS\/Pages\/Study\">http:\/\/www.inis.gov.ie\/en\/INIS\/Pages\/Study<\/a><\/p><p data-block-key=\"9or89\"> <\/p><p data-block-key=\"9or89\"><span style=\"color: #808080;\"><strong>Verfolgung Ihrer Bewerbung<\/strong><\/span><\/p><p data-block-key=\"1md8t\"><span style=\"color: #808080;\">Verfolgen Sie Ihren Antrag, indem Sie sich an die Botschaft oder das Konsulat wenden, bei dem er eingereicht wurde, und die Referenznummer Ihres Antrags angeben.<\/span><\/p><p data-block-key=\"7eoon\"><span style=\"color: #808080;\">Wenn Sie Ihren Antrag nach Dublin geschickt haben, sollten Sie <a style=\"color: #808080;\" href=\"https:\/\/www.irishimmigration.ie\/contact-immigration-service-delivery\/\">sich direkt an Immigration Service Delivery wenden<\/a>.<\/span><\/p><p data-block-key=\"98tpr\"> <\/p><p data-block-key=\"98tpr\"><span style=\"color: #808080;\"><b>Benachrichtigung<\/b><\/span><\/p><p data-block-key=\"ffqqi\"><span style=\"color: #808080;\">Wenn Sie einen Antrag bei einer Botschaft oder einem Konsulat gestellt haben, wird man Sie kontaktieren, sobald eine Entscheidung getroffen wurde.<\/span><\/p><p data-block-key=\"3pd3g\"><span style=\"color: #808080;\">Wenn Sie Ihren Antrag direkt bei INIS in Dublin gestellt haben oder wenn Ihr Antrag zur Entscheidung an INIS weitergeleitet wurde, k\u00f6nnen Sie die Immigraion Service Delivery&#8217;s <a style=\"color: #808080;\" href=\"https:\/\/www.irishimmigration.ie\/visa-decisions\/\"><b>W\u00f6chentliche Liste der Visa-Entscheidungen<\/b><\/a> unter Verwendung Ihrer Referenznummer einsehen.<\/span><\/p><\/div><p data-block-key=\"3pd3g\"><strong>Wenn Ihr Visumantrag abgelehnt wird<\/strong><\/p><p>Es kann sein, dass Studenten kein Visum erhalten und im Falle eines erfolglosen Visumantrags wird eine Verwaltungsgeb\u00fchr von 200 \u20ac einbehalten.<\/p><p>Eine R\u00fcckerstattung erfolgt nur bei Erhalt eines Ablehnungsschreibens der Botschaft.<\/p><div class=\"rich_text__summary\"><p data-block-key=\"3pd3g\"> <\/p><p data-block-key=\"3pd3g\"><strong>Einwanderungsregistrierung in Irland<\/strong><\/p><p data-block-key=\"3pd3g\">Wenn Sie ein <strong data-start=\"2145\" data-end=\"2192\">Nicht-EU-Student<\/strong> sind <strong data-start=\"2145\" data-end=\"2192\">, der l\u00e4nger als 90 Tage studiert<\/strong>, m\u00fcssen Sie sich nach Ihrer Ankunft in Irland bei der Einwanderungsbeh\u00f6rde anmelden.<\/p><p class=\"cvGsUA direction-ltr align-start para-style-body\"><span class=\"a_GcMg font-feature-liga-off font-feature-clig-off font-feature-calt-off text-decoration-none text-strikethrough-none\">Sie buchen einen Termin auf der Website der irischen Einwanderungsbeh\u00f6rde <\/span><span class=\"a_GcMg font-feature-liga-off font-feature-clig-off font-feature-calt-off text-decoration-none text-strikethrough-none\">https:\/\/portal.irishimmigration.ie\/en\/ <\/span> <\/p><p>Die folgenden Dokumente ben\u00f6tigen Sie bei Ihrem Anmeldetermin;<\/p><ul><li>Zulassungsbescheid zur Best\u00e4tigung Ihres Kurses<\/li><li>Nachweis der vollst\u00e4ndigen Bezahlung Ihres Kurses<\/li><li>G\u00fcltiger Reisepass<\/li><li>Private Krankenversicherung<\/li><li>Nachweis einer Adresse in Irland<\/li><li>Nachweis der finanziellen Unterst\u00fctzung, Kontoauszug auf Ihren Namen mit einem Guthaben von mindestens 6.665 \u20ac<\/li><li>Einschreibegeb\u00fchr, 300 \u20ac, bezahlt per Bank-\/Kreditkarte<\/li><\/ul><div> <\/div><div>Sie erhalten innerhalb weniger Wochen eine <strong data-start=\"2019\" data-end=\"2056\">irische Aufenthaltsgenehmigung (IRP)<\/strong> per Post. Auf der Karte sind Ihr <strong data-start=\"2107\" data-end=\"2157\">Einwanderungsstempel (z.B. Stempel 2 f\u00fcr Studenten)<\/strong> und das Ablaufdatum angegeben.   <\/div><div> <\/div><div>Studenten k\u00f6nnen ihr Visum zwei Mal verl\u00e4ngern, wenn sie;<\/div><\/div><ul><li>  Melden Sie sich f\u00fcr einen anderen von ILEP registrierten Kurs an.<\/li><li>Ihre Kursgeb\u00fchren vollst\u00e4ndig bezahlen.<\/li><li>Halten Sie eine Anwesenheitsquote von mindestens 85% ein.<\/li><li>am Ende ihres Kurses eine anerkannte Pr\u00fcfung ablegen (ILETS).<\/li><li>Schlie\u00dfen Sie eine private Krankenversicherung ab.  <\/li><li>Sie haben einen g\u00fcltigen Reisepass.  <\/li><\/ul><div class=\"rich_text__summary\"><div> <\/div><p data-block-key=\"3pd3g\"><strong>Visumspflichten f\u00fcr Studenten<\/strong><\/p><p data-block-key=\"3pd3g\">Visumstudenten, die einen bei ILEP registrierten Kurs besuchen, m\u00fcssen:<\/p><ul><li data-block-key=\"3pd3g\">Behalten Sie eine Anwesenheitsquote von mindestens 85% bei.<\/li><li data-block-key=\"3pd3g\">Legen Sie am Ende Ihres Kurses eine anerkannte Pr\u00fcfung ab. Der IELTS ist im Akademischen Jahresprogramm enthalten.<\/li><li data-block-key=\"3pd3g\">Sie m\u00fcssen eine g\u00fcltige Krankenversicherung f\u00fcr die Dauer des Kurses abschlie\u00dfen.<\/li><li data-block-key=\"3pd3g\">Stellen Sie sicher, dass Ihr Reisepass noch mehr als 8 Monate g\u00fcltig ist.<\/li><\/ul><p> <\/p><p><strong>Arbeit und Feiertage<\/strong><\/p><p>Studenten des Akademischen Jahres m\u00fcssen 25 Kurswochen absolvieren. Die verbleibenden 8 Wochen sind eine Ferienzeit. <\/p><p>Es gibt einen obligatorischen 3-w\u00f6chigen Urlaub f\u00fcr die Weihnachtsferien, der Rest des Urlaubs wird nach Abschluss der 25 Kurswochen genommen. Jeder Urlaub, den ein Student au\u00dferhalb dieser Zeitr\u00e4ume nehmen m\u00f6chte, muss in der ersten Kurswoche gebucht werden.<\/p><p>Studenten des Akademischen Jahres haben das Recht, 20 Stunden pro Woche w\u00e4hrend des Kurses und 40 Stunden pro Woche w\u00e4hrend der Ferien, die von Juni bis September und<sup>vom 15.<\/sup> Dezember bis<sup>15.<\/sup> Januar stattfinden, zu arbeiten.<\/p><\/div><\/div><\/div><\/div><\/div><p data-start=\"3634\" data-end=\"3727\"> <\/p>\t\t\t\t\t\t\t\t<\/div>\n\t\t\t\t<\/div>\n\t\t\t\t\t<\/div>\n\t\t<\/div>\n\t\t\t\t\t<\/div>\n\t\t<\/section>\n\t\t\t\t<section class=\"elementor-section elementor-top-section elementor-element elementor-element-d3fae5e elementor-section-boxed elementor-section-height-default elementor-section-height-default\" data-id=\"d3fae5e\" data-element_type=\"section\" data-e-type=\"section\">\n\t\t\t\t\t\t<div class=\"elementor-container elementor-column-gap-default\">\n\t\t\t\t\t<div class=\"elementor-column elementor-col-100 elementor-top-column elementor-element elementor-element-b10bd47\" data-id=\"b10bd47\" data-element_type=\"column\" data-e-type=\"column\">\n\t\t\t<div class=\"elementor-widget-wrap elementor-element-populated\">\n\t\t\t\t\t\t<div class=\"elementor-element elementor-element-6d2bda8 elementor-widget elementor-widget-spacer\" data-id=\"6d2bda8\" data-element_type=\"widget\" data-e-type=\"widget\" data-widget_type=\"spacer.default\">\n\t\t\t\t<div class=\"elementor-widget-container\">\n\t\t\t\t\t\t\t<div class=\"elementor-spacer\">\n\t\t\t<div class=\"elementor-spacer-inner\"><\/div>\n\t\t<\/div>\n\t\t\t\t\t\t<\/div>\n\t\t\t\t<\/div>\n\t\t\t\t\t<\/div>\n\t\t<\/div>\n\t\t\t\t\t<\/div>\n\t\t<\/section>\n\t\t\t\t<\/div>\n\t\t","protected":false},"excerpt":{"rendered":"<p>Unterst\u00fctzung bei Visa &amp; Einwanderung M\u00fcssen Sie ein Visum beantragen? Wenn Sie aus einem EU\/EAA-Land kommen, ben\u00f6tigen Sie kein Visum, um in Irland zu studieren. Studenten, die nicht aus der EU oder dem EWR kommen, m\u00fcssen eine Aufnahmebest\u00e4tigung vorweisen k\u00f6nnen und die Geb\u00fchren f\u00fcr das Studium in Irland bezahlt haben. Je nach Ihrer Staatsangeh\u00f6rigkeit ben\u00f6tigen [&hellip;]<\/p>\n","protected":false},"author":3,"featured_media":0,"parent":0,"menu_order":0,"comment_status":"closed","ping_status":"closed","template":"elementor_header_footer","meta":{"content-type":"","footnotes":""},"class_list":["post-33074","page","type-page","status-publish","hentry"],"yoast_head":"<!-- This site is optimized with the Yoast SEO plugin v27.3 - https:\/\/yoast.com\/product\/yoast-seo-wordpress\/ -->\n<title>Unterst\u00fctzung bei Visa &amp; Einwanderung - Irish College of English<\/title>\n<meta name=\"robots\" content=\"index, follow, max-snippet:-1, max-image-preview:large, max-video-preview:-1\" \/>\n<link rel=\"canonical\" href=\"https:\/\/www.iceireland.com\/de\/visa-immigration-support\/\" \/>\n<meta property=\"og:locale\" content=\"de_DE\" \/>\n<meta property=\"og:type\" content=\"article\" \/>\n<meta property=\"og:title\" content=\"Unterst\u00fctzung bei Visa &amp; Einwanderung - Irish College of English\" \/>\n<meta property=\"og:description\" content=\"Unterst\u00fctzung bei Visa &amp; Einwanderung M\u00fcssen Sie ein Visum beantragen? Wenn Sie aus einem EU\/EAA-Land kommen, ben\u00f6tigen Sie kein Visum, um in Irland zu studieren. Studenten, die nicht aus der EU oder dem EWR kommen, m\u00fcssen eine Aufnahmebest\u00e4tigung vorweisen k\u00f6nnen und die Geb\u00fchren f\u00fcr das Studium in Irland bezahlt haben. Je nach Ihrer Staatsangeh\u00f6rigkeit ben\u00f6tigen [&hellip;]\" \/>\n<meta property=\"og:url\" content=\"https:\/\/www.iceireland.com\/de\/visa-immigration-support\/\" \/>\n<meta property=\"og:site_name\" content=\"Irish College of English\" \/>\n<meta property=\"article:modified_time\" content=\"2026-03-14T11:33:50+00:00\" \/>\n<meta name=\"twitter:label1\" content=\"Gesch\u00e4tzte Lesezeit\" \/>\n\t<meta name=\"twitter:data1\" content=\"4\u00a0Minuten\" \/>\n<script type=\"application\/ld+json\" class=\"yoast-schema-graph\">{\"@context\":\"https:\\\/\\\/schema.org\",\"@graph\":[{\"@type\":\"WebPage\",\"@id\":\"https:\\\/\\\/www.iceireland.com\\\/de\\\/visa-immigration-support\\\/\",\"url\":\"https:\\\/\\\/www.iceireland.com\\\/de\\\/visa-immigration-support\\\/\",\"name\":\"Unterst\u00fctzung bei Visa &amp; Einwanderung - Irish College of English\",\"isPartOf\":{\"@id\":\"https:\\\/\\\/www.iceireland.com\\\/de\\\/#website\"},\"datePublished\":\"2025-08-28T09:23:09+00:00\",\"dateModified\":\"2026-03-14T11:33:50+00:00\",\"breadcrumb\":{\"@id\":\"https:\\\/\\\/www.iceireland.com\\\/de\\\/visa-immigration-support\\\/#breadcrumb\"},\"inLanguage\":\"de\",\"potentialAction\":[{\"@type\":\"ReadAction\",\"target\":[\"https:\\\/\\\/www.iceireland.com\\\/de\\\/visa-immigration-support\\\/\"]}]},{\"@type\":\"BreadcrumbList\",\"@id\":\"https:\\\/\\\/www.iceireland.com\\\/de\\\/visa-immigration-support\\\/#breadcrumb\",\"itemListElement\":[{\"@type\":\"ListItem\",\"position\":1,\"name\":\"Home\",\"item\":\"https:\\\/\\\/www.iceireland.com\\\/de\\\/\"},{\"@type\":\"ListItem\",\"position\":2,\"name\":\"Unterst\u00fctzung bei Visa &amp; Einwanderung\"}]},{\"@type\":\"WebSite\",\"@id\":\"https:\\\/\\\/www.iceireland.com\\\/de\\\/#website\",\"url\":\"https:\\\/\\\/www.iceireland.com\\\/de\\\/\",\"name\":\"Irish College of English\",\"description\":\"English School in Dublin, Malahide\",\"publisher\":{\"@id\":\"https:\\\/\\\/www.iceireland.com\\\/de\\\/#organization\"},\"potentialAction\":[{\"@type\":\"SearchAction\",\"target\":{\"@type\":\"EntryPoint\",\"urlTemplate\":\"https:\\\/\\\/www.iceireland.com\\\/de\\\/?s={search_term_string}\"},\"query-input\":{\"@type\":\"PropertyValueSpecification\",\"valueRequired\":true,\"valueName\":\"search_term_string\"}}],\"inLanguage\":\"de\"},{\"@type\":\"Organization\",\"@id\":\"https:\\\/\\\/www.iceireland.com\\\/de\\\/#organization\",\"name\":\"Irish College of English\",\"url\":\"https:\\\/\\\/www.iceireland.com\\\/de\\\/\",\"logo\":{\"@type\":\"ImageObject\",\"inLanguage\":\"de\",\"@id\":\"https:\\\/\\\/www.iceireland.com\\\/de\\\/#\\\/schema\\\/logo\\\/image\\\/\",\"url\":\"https:\\\/\\\/www.iceireland.com\\\/wp-content\\\/uploads\\\/2022\\\/03\\\/logo.png\",\"contentUrl\":\"https:\\\/\\\/www.iceireland.com\\\/wp-content\\\/uploads\\\/2022\\\/03\\\/logo.png\",\"width\":593,\"height\":92,\"caption\":\"Irish College of English\"},\"image\":{\"@id\":\"https:\\\/\\\/www.iceireland.com\\\/de\\\/#\\\/schema\\\/logo\\\/image\\\/\"}}]}<\/script>\n<!-- \/ Yoast SEO plugin. -->","yoast_head_json":{"title":"Unterst\u00fctzung bei Visa &amp; Einwanderung - Irish College of English","robots":{"index":"index","follow":"follow","max-snippet":"max-snippet:-1","max-image-preview":"max-image-preview:large","max-video-preview":"max-video-preview:-1"},"canonical":"https:\/\/www.iceireland.com\/de\/visa-immigration-support\/","og_locale":"de_DE","og_type":"article","og_title":"Unterst\u00fctzung bei Visa &amp; Einwanderung - Irish College of English","og_description":"Unterst\u00fctzung bei Visa &amp; Einwanderung M\u00fcssen Sie ein Visum beantragen? Wenn Sie aus einem EU\/EAA-Land kommen, ben\u00f6tigen Sie kein Visum, um in Irland zu studieren. Studenten, die nicht aus der EU oder dem EWR kommen, m\u00fcssen eine Aufnahmebest\u00e4tigung vorweisen k\u00f6nnen und die Geb\u00fchren f\u00fcr das Studium in Irland bezahlt haben. Je nach Ihrer Staatsangeh\u00f6rigkeit ben\u00f6tigen [&hellip;]","og_url":"https:\/\/www.iceireland.com\/de\/visa-immigration-support\/","og_site_name":"Irish College of English","article_modified_time":"2026-03-14T11:33:50+00:00","twitter_misc":{"Gesch\u00e4tzte Lesezeit":"4\u00a0Minuten"},"schema":{"@context":"https:\/\/schema.org","@graph":[{"@type":"WebPage","@id":"https:\/\/www.iceireland.com\/de\/visa-immigration-support\/","url":"https:\/\/www.iceireland.com\/de\/visa-immigration-support\/","name":"Unterst\u00fctzung bei Visa &amp; Einwanderung - Irish College of English","isPartOf":{"@id":"https:\/\/www.iceireland.com\/de\/#website"},"datePublished":"2025-08-28T09:23:09+00:00","dateModified":"2026-03-14T11:33:50+00:00","breadcrumb":{"@id":"https:\/\/www.iceireland.com\/de\/visa-immigration-support\/#breadcrumb"},"inLanguage":"de","potentialAction":[{"@type":"ReadAction","target":["https:\/\/www.iceireland.com\/de\/visa-immigration-support\/"]}]},{"@type":"BreadcrumbList","@id":"https:\/\/www.iceireland.com\/de\/visa-immigration-support\/#breadcrumb","itemListElement":[{"@type":"ListItem","position":1,"name":"Home","item":"https:\/\/www.iceireland.com\/de\/"},{"@type":"ListItem","position":2,"name":"Unterst\u00fctzung bei Visa &amp; Einwanderung"}]},{"@type":"WebSite","@id":"https:\/\/www.iceireland.com\/de\/#website","url":"https:\/\/www.iceireland.com\/de\/","name":"Irish College of English","description":"English School in Dublin, Malahide","publisher":{"@id":"https:\/\/www.iceireland.com\/de\/#organization"},"potentialAction":[{"@type":"SearchAction","target":{"@type":"EntryPoint","urlTemplate":"https:\/\/www.iceireland.com\/de\/?s={search_term_string}"},"query-input":{"@type":"PropertyValueSpecification","valueRequired":true,"valueName":"search_term_string"}}],"inLanguage":"de"},{"@type":"Organization","@id":"https:\/\/www.iceireland.com\/de\/#organization","name":"Irish College of English","url":"https:\/\/www.iceireland.com\/de\/","logo":{"@type":"ImageObject","inLanguage":"de","@id":"https:\/\/www.iceireland.com\/de\/#\/schema\/logo\/image\/","url":"https:\/\/www.iceireland.com\/wp-content\/uploads\/2022\/03\/logo.png","contentUrl":"https:\/\/www.iceireland.com\/wp-content\/uploads\/2022\/03\/logo.png","width":593,"height":92,"caption":"Irish College of English"},"image":{"@id":"https:\/\/www.iceireland.com\/de\/#\/schema\/logo\/image\/"}}]}},"_links":{"self":[{"href":"https:\/\/www.iceireland.com\/de\/wp-json\/wp\/v2\/pages\/33074","targetHints":{"allow":["GET"]}}],"collection":[{"href":"https:\/\/www.iceireland.com\/de\/wp-json\/wp\/v2\/pages"}],"about":[{"href":"https:\/\/www.iceireland.com\/de\/wp-json\/wp\/v2\/types\/page"}],"author":[{"embeddable":true,"href":"https:\/\/www.iceireland.com\/de\/wp-json\/wp\/v2\/users\/3"}],"replies":[{"embeddable":true,"href":"https:\/\/www.iceireland.com\/de\/wp-json\/wp\/v2\/comments?post=33074"}],"version-history":[{"count":2,"href":"https:\/\/www.iceireland.com\/de\/wp-json\/wp\/v2\/pages\/33074\/revisions"}],"predecessor-version":[{"id":35750,"href":"https:\/\/www.iceireland.com\/de\/wp-json\/wp\/v2\/pages\/33074\/revisions\/35750"}],"wp:attachment":[{"href":"https:\/\/www.iceireland.com\/de\/wp-json\/wp\/v2\/media?parent=33074"}],"curies":[{"name":"wp","href":"https:\/\/api.w.org\/{rel}","templated":true}]}}