{"id":33083,"date":"2025-08-28T09:16:10","date_gmt":"2025-08-28T09:16:10","guid":{"rendered":"https:\/\/www.iceireland.com\/accommodation-support\/"},"modified":"2026-03-13T15:53:30","modified_gmt":"2026-03-13T15:53:30","slug":"accommodation-support","status":"publish","type":"page","link":"https:\/\/www.iceireland.com\/de\/accommodation-support\/","title":{"rendered":"Unterst\u00fctzung f\u00fcr die Unterkunft"},"content":{"rendered":"\t\t<div data-elementor-type=\"wp-page\" data-elementor-id=\"33083\" class=\"elementor elementor-33083 elementor-31311\" data-elementor-post-type=\"page\">\n\t\t\t\t\t\t<section class=\"elementor-section elementor-top-section elementor-element elementor-element-325c2a3 elementor-section-boxed elementor-section-height-default elementor-section-height-default\" data-id=\"325c2a3\" data-element_type=\"section\" data-e-type=\"section\">\n\t\t\t\t\t\t<div class=\"elementor-container elementor-column-gap-default\">\n\t\t\t\t\t<div class=\"elementor-column elementor-col-100 elementor-top-column elementor-element elementor-element-8737b22\" data-id=\"8737b22\" data-element_type=\"column\" data-e-type=\"column\">\n\t\t\t<div class=\"elementor-widget-wrap elementor-element-populated\">\n\t\t\t\t\t\t<div class=\"elementor-element elementor-element-cc64c5f elementor-widget elementor-widget-text-editor\" data-id=\"cc64c5f\" data-element_type=\"widget\" data-e-type=\"widget\" data-widget_type=\"text-editor.default\">\n\t\t\t\t<div class=\"elementor-widget-container\">\n\t\t\t\t\t\t\t\t\t<h4>Unterst\u00fctzung f\u00fcr die Unterkunft<\/h4><p>Wir bieten Hilfe und Informationen bei der Suche nach einer geeigneten Unterkunft und bieten regelm\u00e4\u00dfige Kontrollbesuche und Unterst\u00fctzung f\u00fcr Studenten, die unseren Unterkunftsservice in Anspruch nehmen.<\/p><p>F\u00fcr erwachsene Studenten gibt es die M\u00f6glichkeit der Unterbringung in einer Gastfamilie.<\/p><p>F\u00fcr j\u00fcngere Sch\u00fcler bieten wir Heimaufenthalte oder Wohnheimunterk\u00fcnfte an (Glenstal Abbey und Clongowes Wood College Sommercamps).<\/p><p>Wir haben Systeme eingerichtet, um die Qualit\u00e4t unserer Unterk\u00fcnfte zu gew\u00e4hrleisten und arbeiten mit lokalen Familien und einigen der besten Internatsschulen Irlands zusammen, um unseren Sch\u00fclern ein unvergessliches Erlebnis zu bieten.<\/p><p>Alle Gastgeber und Mitarbeiter, die in unseren Unterk\u00fcnften arbeiten, sind von der Garda \u00fcberpr\u00fcft (polizeilich kontrolliert).<\/p>\t\t\t\t\t\t\t\t<\/div>\n\t\t\t\t<\/div>\n\t\t\t\t\t<\/div>\n\t\t<\/div>\n\t\t\t\t\t<\/div>\n\t\t<\/section>\n\t\t\t\t<section class=\"elementor-section elementor-top-section elementor-element elementor-element-0e09569 elementor-section-boxed elementor-section-height-default elementor-section-height-default\" data-id=\"0e09569\" data-element_type=\"section\" data-e-type=\"section\">\n\t\t\t\t\t\t<div class=\"elementor-container elementor-column-gap-default\">\n\t\t\t\t\t<div class=\"elementor-column elementor-col-100 elementor-top-column elementor-element elementor-element-3473db6\" data-id=\"3473db6\" data-element_type=\"column\" data-e-type=\"column\">\n\t\t\t<div class=\"elementor-widget-wrap elementor-element-populated\">\n\t\t\t\t\t\t<div class=\"elementor-element elementor-element-6fd73ef elementor-widget elementor-widget-spacer\" data-id=\"6fd73ef\" data-element_type=\"widget\" data-e-type=\"widget\" data-widget_type=\"spacer.default\">\n\t\t\t\t<div class=\"elementor-widget-container\">\n\t\t\t\t\t\t\t<div class=\"elementor-spacer\">\n\t\t\t<div class=\"elementor-spacer-inner\"><\/div>\n\t\t<\/div>\n\t\t\t\t\t\t<\/div>\n\t\t\t\t<\/div>\n\t\t\t\t\t<\/div>\n\t\t<\/div>\n\t\t\t\t\t<\/div>\n\t\t<\/section>\n\t\t\t\t<section class=\"elementor-section elementor-top-section elementor-element elementor-element-7b090a1 elementor-section-boxed elementor-section-height-default elementor-section-height-default\" data-id=\"7b090a1\" data-element_type=\"section\" data-e-type=\"section\">\n\t\t\t\t\t\t<div class=\"elementor-container elementor-column-gap-default\">\n\t\t\t\t\t<div class=\"elementor-column elementor-col-100 elementor-top-column elementor-element elementor-element-da26d4a\" data-id=\"da26d4a\" data-element_type=\"column\" data-e-type=\"column\">\n\t\t\t<div class=\"elementor-widget-wrap elementor-element-populated\">\n\t\t\t\t\t\t<div class=\"elementor-element elementor-element-c3d61da elementor-widget elementor-widget-text-editor\" data-id=\"c3d61da\" data-element_type=\"widget\" data-e-type=\"widget\" data-widget_type=\"text-editor.default\">\n\t\t\t\t<div class=\"elementor-widget-container\">\n\t\t\t\t\t\t\t\t\t<div id=\"page-view\" class=\"full-width\"> <\/div><h2>Andere Unterkunftsm\u00f6glichkeiten:<\/h2><p> <\/p><h4 class=\"full-width\"><strong>Hotel Unterkunft<\/strong><\/h4><p>Das Grand Hotel ist ein wundersch\u00f6nes 4-Sterne-Hotel im Zentrum von Malahide und nur ein paar Gehminuten von unserer Schule entfernt.<\/p><p><strong><a href=\"http:\/\/www.thegrand.ie\" target=\"_blank\" rel=\"noopener noreferrer\">www.thegrand.ie<\/a><\/strong><\/p><h4> <\/h4><h4><strong>Airbnb<\/strong><\/h4><p>Suchen Sie in Gegenden wie Malahide, Swords, Portmarnock, um zu sehen, was angeboten wird.<\/p><p><strong><a href=\"http:\/\/www.airbnb.ie\" target=\"_blank\" rel=\"noopener noreferrer\">www.airbnb.ie<\/a><\/strong><\/p><h4> <\/h4><h4><strong>Ein Zimmer oder ein Apartment mieten<\/strong><\/h4><p>Suchen Sie in Gegenden wie Malahide, Swords, Portmarnock, um zu sehen, was angeboten wird.<\/p><p><strong><a href=\"http:\/\/www.daft.ie\" target=\"_blank\" rel=\"noopener noreferrer\">www.daft.ie<\/a><\/strong><\/p>\t\t\t\t\t\t\t\t<\/div>\n\t\t\t\t<\/div>\n\t\t\t\t\t<\/div>\n\t\t<\/div>\n\t\t\t\t\t<\/div>\n\t\t<\/section>\n\t\t\t\t<\/div>\n\t\t","protected":false},"excerpt":{"rendered":"<p>Unterst\u00fctzung f\u00fcr die Unterkunft Wir bieten Hilfe und Informationen bei der Suche nach einer geeigneten Unterkunft und bieten regelm\u00e4\u00dfige Kontrollbesuche und Unterst\u00fctzung f\u00fcr Studenten, die unseren Unterkunftsservice in Anspruch nehmen. F\u00fcr erwachsene Studenten gibt es die M\u00f6glichkeit der Unterbringung in einer Gastfamilie. F\u00fcr j\u00fcngere Sch\u00fcler bieten wir Heimaufenthalte oder Wohnheimunterk\u00fcnfte an (Glenstal Abbey und Clongowes [&hellip;]<\/p>\n","protected":false},"author":3,"featured_media":0,"parent":0,"menu_order":0,"comment_status":"closed","ping_status":"closed","template":"","meta":{"content-type":"","footnotes":""},"class_list":["post-33083","page","type-page","status-publish","hentry"],"yoast_head":"<!-- This site is optimized with the Yoast SEO plugin v27.3 - https:\/\/yoast.com\/product\/yoast-seo-wordpress\/ -->\n<title>Unterst\u00fctzung f\u00fcr die Unterkunft - Irish College of English<\/title>\n<meta name=\"robots\" content=\"index, follow, max-snippet:-1, max-image-preview:large, max-video-preview:-1\" \/>\n<link rel=\"canonical\" href=\"https:\/\/www.iceireland.com\/de\/accommodation-support\/\" \/>\n<meta property=\"og:locale\" content=\"de_DE\" \/>\n<meta property=\"og:type\" content=\"article\" \/>\n<meta property=\"og:title\" content=\"Unterst\u00fctzung f\u00fcr die Unterkunft - Irish College of English\" \/>\n<meta property=\"og:description\" content=\"Unterst\u00fctzung f\u00fcr die Unterkunft Wir bieten Hilfe und Informationen bei der Suche nach einer geeigneten Unterkunft und bieten regelm\u00e4\u00dfige Kontrollbesuche und Unterst\u00fctzung f\u00fcr Studenten, die unseren Unterkunftsservice in Anspruch nehmen. F\u00fcr erwachsene Studenten gibt es die M\u00f6glichkeit der Unterbringung in einer Gastfamilie. F\u00fcr j\u00fcngere Sch\u00fcler bieten wir Heimaufenthalte oder Wohnheimunterk\u00fcnfte an (Glenstal Abbey und Clongowes [&hellip;]\" \/>\n<meta property=\"og:url\" content=\"https:\/\/www.iceireland.com\/de\/accommodation-support\/\" \/>\n<meta property=\"og:site_name\" content=\"Irish College of English\" \/>\n<meta property=\"article:modified_time\" content=\"2026-03-13T15:53:30+00:00\" \/>\n<meta name=\"twitter:label1\" content=\"Gesch\u00e4tzte Lesezeit\" \/>\n\t<meta name=\"twitter:data1\" content=\"1\u00a0Minute\" \/>\n<script type=\"application\/ld+json\" class=\"yoast-schema-graph\">{\"@context\":\"https:\\\/\\\/schema.org\",\"@graph\":[{\"@type\":\"WebPage\",\"@id\":\"https:\\\/\\\/www.iceireland.com\\\/de\\\/accommodation-support\\\/\",\"url\":\"https:\\\/\\\/www.iceireland.com\\\/de\\\/accommodation-support\\\/\",\"name\":\"Unterst\u00fctzung f\u00fcr die Unterkunft - Irish College of English\",\"isPartOf\":{\"@id\":\"https:\\\/\\\/www.iceireland.com\\\/de\\\/#website\"},\"datePublished\":\"2025-08-28T09:16:10+00:00\",\"dateModified\":\"2026-03-13T15:53:30+00:00\",\"breadcrumb\":{\"@id\":\"https:\\\/\\\/www.iceireland.com\\\/de\\\/accommodation-support\\\/#breadcrumb\"},\"inLanguage\":\"de\",\"potentialAction\":[{\"@type\":\"ReadAction\",\"target\":[\"https:\\\/\\\/www.iceireland.com\\\/de\\\/accommodation-support\\\/\"]}]},{\"@type\":\"BreadcrumbList\",\"@id\":\"https:\\\/\\\/www.iceireland.com\\\/de\\\/accommodation-support\\\/#breadcrumb\",\"itemListElement\":[{\"@type\":\"ListItem\",\"position\":1,\"name\":\"Home\",\"item\":\"https:\\\/\\\/www.iceireland.com\\\/de\\\/\"},{\"@type\":\"ListItem\",\"position\":2,\"name\":\"Unterst\u00fctzung f\u00fcr die Unterkunft\"}]},{\"@type\":\"WebSite\",\"@id\":\"https:\\\/\\\/www.iceireland.com\\\/de\\\/#website\",\"url\":\"https:\\\/\\\/www.iceireland.com\\\/de\\\/\",\"name\":\"Irish College of English\",\"description\":\"English School in Dublin, Malahide\",\"publisher\":{\"@id\":\"https:\\\/\\\/www.iceireland.com\\\/de\\\/#organization\"},\"potentialAction\":[{\"@type\":\"SearchAction\",\"target\":{\"@type\":\"EntryPoint\",\"urlTemplate\":\"https:\\\/\\\/www.iceireland.com\\\/de\\\/?s={search_term_string}\"},\"query-input\":{\"@type\":\"PropertyValueSpecification\",\"valueRequired\":true,\"valueName\":\"search_term_string\"}}],\"inLanguage\":\"de\"},{\"@type\":\"Organization\",\"@id\":\"https:\\\/\\\/www.iceireland.com\\\/de\\\/#organization\",\"name\":\"Irish College of English\",\"url\":\"https:\\\/\\\/www.iceireland.com\\\/de\\\/\",\"logo\":{\"@type\":\"ImageObject\",\"inLanguage\":\"de\",\"@id\":\"https:\\\/\\\/www.iceireland.com\\\/de\\\/#\\\/schema\\\/logo\\\/image\\\/\",\"url\":\"https:\\\/\\\/www.iceireland.com\\\/wp-content\\\/uploads\\\/2022\\\/03\\\/logo.png\",\"contentUrl\":\"https:\\\/\\\/www.iceireland.com\\\/wp-content\\\/uploads\\\/2022\\\/03\\\/logo.png\",\"width\":593,\"height\":92,\"caption\":\"Irish College of English\"},\"image\":{\"@id\":\"https:\\\/\\\/www.iceireland.com\\\/de\\\/#\\\/schema\\\/logo\\\/image\\\/\"}}]}<\/script>\n<!-- \/ Yoast SEO plugin. -->","yoast_head_json":{"title":"Unterst\u00fctzung f\u00fcr die Unterkunft - Irish College of English","robots":{"index":"index","follow":"follow","max-snippet":"max-snippet:-1","max-image-preview":"max-image-preview:large","max-video-preview":"max-video-preview:-1"},"canonical":"https:\/\/www.iceireland.com\/de\/accommodation-support\/","og_locale":"de_DE","og_type":"article","og_title":"Unterst\u00fctzung f\u00fcr die Unterkunft - Irish College of English","og_description":"Unterst\u00fctzung f\u00fcr die Unterkunft Wir bieten Hilfe und Informationen bei der Suche nach einer geeigneten Unterkunft und bieten regelm\u00e4\u00dfige Kontrollbesuche und Unterst\u00fctzung f\u00fcr Studenten, die unseren Unterkunftsservice in Anspruch nehmen. F\u00fcr erwachsene Studenten gibt es die M\u00f6glichkeit der Unterbringung in einer Gastfamilie. F\u00fcr j\u00fcngere Sch\u00fcler bieten wir Heimaufenthalte oder Wohnheimunterk\u00fcnfte an (Glenstal Abbey und Clongowes [&hellip;]","og_url":"https:\/\/www.iceireland.com\/de\/accommodation-support\/","og_site_name":"Irish College of English","article_modified_time":"2026-03-13T15:53:30+00:00","twitter_misc":{"Gesch\u00e4tzte Lesezeit":"1\u00a0Minute"},"schema":{"@context":"https:\/\/schema.org","@graph":[{"@type":"WebPage","@id":"https:\/\/www.iceireland.com\/de\/accommodation-support\/","url":"https:\/\/www.iceireland.com\/de\/accommodation-support\/","name":"Unterst\u00fctzung f\u00fcr die Unterkunft - Irish College of English","isPartOf":{"@id":"https:\/\/www.iceireland.com\/de\/#website"},"datePublished":"2025-08-28T09:16:10+00:00","dateModified":"2026-03-13T15:53:30+00:00","breadcrumb":{"@id":"https:\/\/www.iceireland.com\/de\/accommodation-support\/#breadcrumb"},"inLanguage":"de","potentialAction":[{"@type":"ReadAction","target":["https:\/\/www.iceireland.com\/de\/accommodation-support\/"]}]},{"@type":"BreadcrumbList","@id":"https:\/\/www.iceireland.com\/de\/accommodation-support\/#breadcrumb","itemListElement":[{"@type":"ListItem","position":1,"name":"Home","item":"https:\/\/www.iceireland.com\/de\/"},{"@type":"ListItem","position":2,"name":"Unterst\u00fctzung f\u00fcr die Unterkunft"}]},{"@type":"WebSite","@id":"https:\/\/www.iceireland.com\/de\/#website","url":"https:\/\/www.iceireland.com\/de\/","name":"Irish College of English","description":"English School in Dublin, Malahide","publisher":{"@id":"https:\/\/www.iceireland.com\/de\/#organization"},"potentialAction":[{"@type":"SearchAction","target":{"@type":"EntryPoint","urlTemplate":"https:\/\/www.iceireland.com\/de\/?s={search_term_string}"},"query-input":{"@type":"PropertyValueSpecification","valueRequired":true,"valueName":"search_term_string"}}],"inLanguage":"de"},{"@type":"Organization","@id":"https:\/\/www.iceireland.com\/de\/#organization","name":"Irish College of English","url":"https:\/\/www.iceireland.com\/de\/","logo":{"@type":"ImageObject","inLanguage":"de","@id":"https:\/\/www.iceireland.com\/de\/#\/schema\/logo\/image\/","url":"https:\/\/www.iceireland.com\/wp-content\/uploads\/2022\/03\/logo.png","contentUrl":"https:\/\/www.iceireland.com\/wp-content\/uploads\/2022\/03\/logo.png","width":593,"height":92,"caption":"Irish College of English"},"image":{"@id":"https:\/\/www.iceireland.com\/de\/#\/schema\/logo\/image\/"}}]}},"_links":{"self":[{"href":"https:\/\/www.iceireland.com\/de\/wp-json\/wp\/v2\/pages\/33083","targetHints":{"allow":["GET"]}}],"collection":[{"href":"https:\/\/www.iceireland.com\/de\/wp-json\/wp\/v2\/pages"}],"about":[{"href":"https:\/\/www.iceireland.com\/de\/wp-json\/wp\/v2\/types\/page"}],"author":[{"embeddable":true,"href":"https:\/\/www.iceireland.com\/de\/wp-json\/wp\/v2\/users\/3"}],"replies":[{"embeddable":true,"href":"https:\/\/www.iceireland.com\/de\/wp-json\/wp\/v2\/comments?post=33083"}],"version-history":[{"count":2,"href":"https:\/\/www.iceireland.com\/de\/wp-json\/wp\/v2\/pages\/33083\/revisions"}],"predecessor-version":[{"id":35710,"href":"https:\/\/www.iceireland.com\/de\/wp-json\/wp\/v2\/pages\/33083\/revisions\/35710"}],"wp:attachment":[{"href":"https:\/\/www.iceireland.com\/de\/wp-json\/wp\/v2\/media?parent=33083"}],"curies":[{"name":"wp","href":"https:\/\/api.w.org\/{rel}","templated":true}]}}