{"id":33091,"date":"2025-08-27T17:58:07","date_gmt":"2025-08-27T17:58:07","guid":{"rendered":"https:\/\/www.iceireland.com\/health-and-wellbeing\/"},"modified":"2026-01-30T18:25:52","modified_gmt":"2026-01-30T18:25:52","slug":"health-and-wellbeing","status":"publish","type":"page","link":"https:\/\/www.iceireland.com\/de\/health-and-wellbeing\/","title":{"rendered":"Gesundheit und Wohlbefinden"},"content":{"rendered":"\t\t<div data-elementor-type=\"wp-page\" data-elementor-id=\"33091\" class=\"elementor elementor-33091 elementor-31272\" data-elementor-post-type=\"page\">\n\t\t\t\t\t\t<section class=\"elementor-section elementor-top-section elementor-element elementor-element-637dd89 elementor-section-boxed elementor-section-height-default elementor-section-height-default\" data-id=\"637dd89\" data-element_type=\"section\" data-e-type=\"section\">\n\t\t\t\t\t\t<div class=\"elementor-container elementor-column-gap-default\">\n\t\t\t\t\t<div class=\"elementor-column elementor-col-100 elementor-top-column elementor-element elementor-element-2b0fe48\" data-id=\"2b0fe48\" data-element_type=\"column\" data-e-type=\"column\">\n\t\t\t<div class=\"elementor-widget-wrap elementor-element-populated\">\n\t\t\t\t\t\t<div class=\"elementor-element elementor-element-d4a904b elementor-widget elementor-widget-spacer\" data-id=\"d4a904b\" data-element_type=\"widget\" data-e-type=\"widget\" data-widget_type=\"spacer.default\">\n\t\t\t\t<div class=\"elementor-widget-container\">\n\t\t\t\t\t\t\t<div class=\"elementor-spacer\">\n\t\t\t<div class=\"elementor-spacer-inner\"><\/div>\n\t\t<\/div>\n\t\t\t\t\t\t<\/div>\n\t\t\t\t<\/div>\n\t\t\t\t\t<\/div>\n\t\t<\/div>\n\t\t\t\t\t<\/div>\n\t\t<\/section>\n\t\t\t\t<section class=\"elementor-section elementor-top-section elementor-element elementor-element-9817a5e elementor-section-boxed elementor-section-height-default elementor-section-height-default\" data-id=\"9817a5e\" data-element_type=\"section\" data-e-type=\"section\">\n\t\t\t\t\t\t<div class=\"elementor-container elementor-column-gap-default\">\n\t\t\t\t\t<div class=\"elementor-column elementor-col-100 elementor-top-column elementor-element elementor-element-fe0d37a\" data-id=\"fe0d37a\" data-element_type=\"column\" data-e-type=\"column\">\n\t\t\t<div class=\"elementor-widget-wrap elementor-element-populated\">\n\t\t\t\t\t\t<div class=\"elementor-element elementor-element-20e19ca elementor-widget elementor-widget-text-editor\" data-id=\"20e19ca\" data-element_type=\"widget\" data-e-type=\"widget\" data-widget_type=\"text-editor.default\">\n\t\t\t\t<div class=\"elementor-widget-container\">\n\t\t\t\t\t\t\t\t\t<h3><span style=\"color: #808080;\"><strong>Gesundheit und Wohlbefinden  <\/strong><\/span><\/h3><p><strong> <\/strong><\/p><p><strong>Wohlbefinden der Studenten<\/strong><\/p><p>Unsere Student Welfare Policy stellt sicher, dass wir einen Student Welfare Officer benannt haben, der Studenten in Not- und H\u00e4rtef\u00e4llen hilft. Bei Bedarf \u00fcberweisen wir an spezialisierte Einrichtungen f\u00fcr psychische Gesundheit. <\/p><p>Wir beraten Sie bei der Inanspruchnahme von Gesundheitsdiensten in Irland und unterst\u00fctzen Sie bei der Beantragung von Krankenversicherungsleistungen.<\/p><p><strong> <\/strong><\/p><p><strong>St<\/strong><strong>udentenf\u00fcrsorge<\/strong><\/p><p>Wir unterst\u00fctzen unsere Studenten bei der Eingew\u00f6hnung in unsere Programme und Camps. Wir haben eine vielf\u00e4ltige Mischung aus verschiedenen Sch\u00fclertypen und Aufenthaltsdauern. Die meisten unserer Studenten sind Junior-Studenten mit kurzem Aufenthalt. Wir sind uns bewusst, dass wir aufgrund der kurzen Dauer unserer Kurse nicht in der Lage sind, Studenten mit anhaltenden Bed\u00fcrfnissen zu unterst\u00fctzen und dass diese am besten durch die Unterst\u00fctzung von Freunden und Familie bew\u00e4ltigt werden k\u00f6nnen. Unser Team hat sich verpflichtet, ebenfalls zur Verf\u00fcgung zu stehen und jede Unterst\u00fctzung anzubieten, die vern\u00fcnftigerweise machbar ist. Unser Student Welfare Officer kann Ihnen bei praktischen Fragen helfen.     <\/p><p>Manchmal k\u00f6nnen Probleme auftauchen, die einen speziellen Beitrag, Unterst\u00fctzung oder Wissen erfordern, um sie zu l\u00f6sen. Ein Teil dieser Unterst\u00fctzung kann innerhalb der Organisation geleistet werden. Allerdings kann die L\u00f6sung bestimmter Bed\u00fcrfnisse die internen Ressourcen und Kapazit\u00e4ten \u00fcbersteigen. Wenn dies der Fall ist, wird die Schule den Sch\u00fclern mitteilen, wo ihre Bed\u00fcrfnisse am besten erf\u00fcllt werden k\u00f6nnen. Unter bestimmten Umst\u00e4nden werden wir den Sch\u00fclern bzw. ihren Eltern raten, nach Hause zur\u00fcckzukehren, wo sie die ben\u00f6tigte Unterst\u00fctzung erhalten k\u00f6nnen. Dies ist vor allem dann notwendig, wenn j\u00fcngere Sch\u00fcler mit sozialen Problemen konfrontiert sind, die nichts mit unseren Programmen zu tun haben.    <\/p><p><strong> <\/strong><\/p><p><strong>Politik der Gleichstellung, Vielfalt und Eingliederung<\/strong><\/p><p>Wir sind fest entschlossen, ein integratives und gleichberechtigtes Lern- und Arbeitsumfeld zu f\u00f6rdern, in dem Vielfalt zelebriert wird und alle Menschen respektiert, gesch\u00e4tzt und gest\u00e4rkt werden. Unser Engagement f\u00fcr Gleichberechtigung, Vielfalt und Inklusion (EDI) durchdringt jeden Aspekt unserer Aktivit\u00e4ten, von der Einbindung der Studenten \u00fcber die Einstellung von Mitarbeitern bis hin zur Lehrplanentwicklung und dem Engagement in der Gemeinschaft. Wir bei ICE sind davon \u00fcberzeugt, dass die Einbeziehung von Vielfalt die Bildungserfahrung bereichert, das kulturelle Verst\u00e4ndnis f\u00f6rdert und ein Gef\u00fchl der Zugeh\u00f6rigkeit f\u00fcr alle Beteiligten kultiviert.  <\/p><p> <\/p><p><strong>Gesundheit und Sicherheit<\/strong><strong> <\/strong><\/p><p>Wir verpflichten uns, die Sicherheit, die Gesundheit und das Wohlergehen aller Mitarbeiter, Sch\u00fcler, Auftragnehmer, Besucher und aller anderen Personen an der Schule, die von der Arbeit und den schulischen Aktivit\u00e4ten betroffen sein k\u00f6nnten, so weit wie m\u00f6glich zu gew\u00e4hrleisten.<strong> <\/strong><\/p><p><strong> <\/strong><\/p><p><strong>Absicherung<\/strong><strong> <\/strong><\/p><p>ICE ist der Sorgfaltspflicht verpflichtet, das Wohlergehen von Kindern zu sichern, zu sch\u00fctzen und zu f\u00f6rdern. Wir setzen uns daf\u00fcr ein, dass die Praxis des Schutzes der Kinder die gesetzlichen Pflichten und die staatlichen Richtlinien widerspiegelt und mit den besten Praktiken und QQI-Anforderungen \u00fcbereinstimmt.<\/p><p> <\/p><p><strong>Unterst\u00fctzung und Dienstleistungen f\u00fcr Studenten<\/strong><\/p><p>Am Irish College of English (ICE) sind wir bestrebt, unseren internationalen Studenten umfassende Unterst\u00fctzung und Dienstleistungen zu bieten, um ihr Wohlbefinden, ihren akademischen Erfolg und eine insgesamt positive Erfahrung zu gew\u00e4hrleisten. Diese Richtlinie beschreibt unser Engagement f\u00fcr transparente Zulassungsprozesse, Orientierung, akademische Unterst\u00fctzung, Dienstleistungen f\u00fcr das Wohlbefinden der Studenten, Unterst\u00fctzung bei der Unterbringung, Initiativen zur kulturellen Integration, effektive Kommunikationskan\u00e4le, die Einhaltung rechtlicher Verpflichtungen und Strategien zur kontinuierlichen Verbesserung. <\/p><p> <\/p><p><strong>Richtlinien f\u00fcr Allergien, medizinische Bedingungen und zus\u00e4tzliche Bed\u00fcrfnisse<\/strong><\/p><p>Wir sind bestrebt, ein integratives und einladendes Umfeld f\u00fcr alle Sch\u00fcler zu schaffen. Wir bem\u00fchen uns, den unterschiedlichsten Bed\u00fcrfnissen gerecht zu werden. Aufgrund der kurzen Dauer unserer Programme (in der Regel 1-4 Wochen) sind wir jedoch nicht in der Lage, eine spezielle medizinische Versorgung oder Betreuung f\u00fcr Sch\u00fcler mit Allergien, chronischen oder anderen Krankheiten oder zus\u00e4tzlichen Bed\u00fcrfnissen zu gew\u00e4hrleisten. Wir werden zwar angemessene Schritte unternehmen, um relevante Informationen an die Gastfamilien und das Personal weiterzugeben, aber die Verantwortung f\u00fcr den Umgang mit Krankheiten und zus\u00e4tzlichen Bed\u00fcrfnissen liegt letztlich bei den Sch\u00fclern und ihren Eltern\/Erziehungsberechtigten\/Gruppenorganisatoren.  <\/p><p> <\/p><p><strong>Beaufsichtigung<\/strong><\/p><p>Unsere Camps ermutigen die Sch\u00fcler, aktiv in die englische Sprache einzutauchen, mit Iren und anderen Teenagern zu interagieren und bei Aktivit\u00e4ten und kulturellen Besuchen Spa\u00df zu haben.<\/p><p>Die Beaufsichtigung ist eine der Aufgaben, um die Sicherheit unserer Sch\u00fcler zu gew\u00e4hrleisten. Unsere Philosophie der Beaufsichtigung ist eine, die Erkundung und Interaktion zul\u00e4sst. Sch\u00fcler, die an unseren Camps teilnehmen, sollten f\u00fcr ihr Alter ausreichend reif, unabh\u00e4ngig, selbst\u00e4ndig und verantwortungsbewusst sein. Wir haben Richtlinien und Verfahren eingef\u00fchrt, um eine angenehme und sichere Lageratmosph\u00e4re zu schaffen, aber das Leben birgt auch Risiken und wir bitten alle Sch\u00fcler, die gleichen Vorsichtsma\u00dfnahmen und die gleiche Vorsicht walten zu lassen, wie sie es in ihrem Heimatland tun w\u00fcrden.   <\/p><p>Unser Betreuungsmodell ist unterst\u00fctzend und interaktiv. Wir werden die Sch\u00fcler nicht \u00fcberm\u00e4\u00dfig oder aufdringlich beaufsichtigen, um ihnen den vollen Nutzen einer Camp-Erfahrung zu erm\u00f6glichen. Daher k\u00f6nnen die Sch\u00fcler w\u00e4hrend des Camps Risiken ausgesetzt sein, Fehler machen oder sich verletzen.  <\/p><p>Auf allen unseren Camps haben die Sch\u00fcler freie, unbeaufsichtigte Zeit. W\u00e4hrend dieser Zeit haben die Sch\u00fcler Zugang zu unseren Mitarbeitern oder zu unserer Notrufnummer, unter der ein Mitarbeiter 24 Stunden am Tag erreichbar ist. <\/p><p> <\/p><p><strong>Kinderschutz<\/strong><\/p><p>Alle unsere Mitarbeiter, die direkt mit Jugendlichen arbeiten, haben einen Kinderschutzkurs absolviert. Die Schulung vor Ort wird Sie an die Verantwortung f\u00fcr den Schutz der Sch\u00fcler und des Personals erinnern. <\/p><p> <\/p><p><strong>Unterkunftsrichtlinien<\/strong><\/p><p>Die Studenten erhalten die folgenden Richtlinien f\u00fcr die Unterbringung:<\/p><p>Heimaufenthalt &#8211; Heimaufenthalt Charter<\/p><p>Wohnheim &#8211; Internat im Wohnheimf\u00fchrer im Studentenhandbuch<\/p><p>Mitarbeiter, die unsere Wohnheime betreiben, k\u00f6nnen diese Richtlinien in unserem Personalhandbuch einsehen.<\/p><p> <\/p><p><strong>Verhaltenskodexe<\/strong><\/p><p>Unsere Verhaltensregeln werden den Eltern\/Erziehungsberechtigten\/Gruppenleitern und den Sch\u00fclern vor der Ankunft mit unserem Buchungsformular und dem Sch\u00fclerhandbuch mitgeteilt. Es ist wichtig, klare und einfache Regeln aufzustellen <\/p>\t\t\t\t\t\t\t\t<\/div>\n\t\t\t\t<\/div>\n\t\t\t\t\t<\/div>\n\t\t<\/div>\n\t\t\t\t\t<\/div>\n\t\t<\/section>\n\t\t\t\t<section class=\"elementor-section elementor-top-section elementor-element elementor-element-78eee0e elementor-section-boxed elementor-section-height-default elementor-section-height-default\" data-id=\"78eee0e\" data-element_type=\"section\" data-e-type=\"section\">\n\t\t\t\t\t\t<div class=\"elementor-container elementor-column-gap-default\">\n\t\t\t\t\t<div class=\"elementor-column elementor-col-100 elementor-top-column elementor-element elementor-element-1cdbbea\" data-id=\"1cdbbea\" data-element_type=\"column\" data-e-type=\"column\">\n\t\t\t<div class=\"elementor-widget-wrap elementor-element-populated\">\n\t\t\t\t\t\t<div class=\"elementor-element elementor-element-ba89721 elementor-widget elementor-widget-spacer\" data-id=\"ba89721\" data-element_type=\"widget\" data-e-type=\"widget\" data-widget_type=\"spacer.default\">\n\t\t\t\t<div class=\"elementor-widget-container\">\n\t\t\t\t\t\t\t<div class=\"elementor-spacer\">\n\t\t\t<div class=\"elementor-spacer-inner\"><\/div>\n\t\t<\/div>\n\t\t\t\t\t\t<\/div>\n\t\t\t\t<\/div>\n\t\t\t\t\t<\/div>\n\t\t<\/div>\n\t\t\t\t\t<\/div>\n\t\t<\/section>\n\t\t\t\t<section class=\"elementor-section elementor-top-section elementor-element elementor-element-d39cfef elementor-section-boxed elementor-section-height-default elementor-section-height-default\" data-id=\"d39cfef\" data-element_type=\"section\" data-e-type=\"section\">\n\t\t\t\t\t\t<div class=\"elementor-container elementor-column-gap-default\">\n\t\t\t\t\t<div class=\"elementor-column elementor-col-100 elementor-top-column elementor-element elementor-element-3ebc0a2\" data-id=\"3ebc0a2\" data-element_type=\"column\" data-e-type=\"column\">\n\t\t\t<div class=\"elementor-widget-wrap elementor-element-populated\">\n\t\t\t\t\t\t<div class=\"elementor-element elementor-element-c4f2735 elementor-widget elementor-widget-image\" data-id=\"c4f2735\" data-element_type=\"widget\" data-e-type=\"widget\" data-widget_type=\"image.default\">\n\t\t\t\t<div class=\"elementor-widget-container\">\n\t\t\t\t\t\t\t\t\t\t\t\t\t\t\t<img fetchpriority=\"high\" decoding=\"async\" width=\"1448\" height=\"2048\" src=\"https:\/\/www.iceireland.com\/wp-content\/uploads\/2025\/11\/Student-Support-ICE-1448x2048.png\" class=\"attachment-2048x2048 size-2048x2048 wp-image-31636\" alt=\"\" srcset=\"https:\/\/www.iceireland.com\/wp-content\/uploads\/2025\/11\/Student-Support-ICE-1448x2048.png 1448w, https:\/\/www.iceireland.com\/wp-content\/uploads\/2025\/11\/Student-Support-ICE-212x300.png 212w, https:\/\/www.iceireland.com\/wp-content\/uploads\/2025\/11\/Student-Support-ICE-724x1024.png 724w, https:\/\/www.iceireland.com\/wp-content\/uploads\/2025\/11\/Student-Support-ICE-768x1086.png 768w, https:\/\/www.iceireland.com\/wp-content\/uploads\/2025\/11\/Student-Support-ICE-1086x1536.png 1086w, https:\/\/www.iceireland.com\/wp-content\/uploads\/2025\/11\/Student-Support-ICE.png 1655w\" sizes=\"(max-width: 1448px) 100vw, 1448px\" \/>\t\t\t\t\t\t\t\t\t\t\t\t\t\t\t<\/div>\n\t\t\t\t<\/div>\n\t\t\t\t\t<\/div>\n\t\t<\/div>\n\t\t\t\t\t<\/div>\n\t\t<\/section>\n\t\t\t\t<section class=\"elementor-section elementor-top-section elementor-element elementor-element-52aebab elementor-section-boxed elementor-section-height-default elementor-section-height-default\" data-id=\"52aebab\" data-element_type=\"section\" data-e-type=\"section\">\n\t\t\t\t\t\t<div class=\"elementor-container elementor-column-gap-default\">\n\t\t\t\t\t<div class=\"elementor-column elementor-col-100 elementor-top-column elementor-element elementor-element-1c80ec8\" data-id=\"1c80ec8\" data-element_type=\"column\" data-e-type=\"column\">\n\t\t\t<div class=\"elementor-widget-wrap elementor-element-populated\">\n\t\t\t\t\t\t<div class=\"elementor-element elementor-element-54893ad elementor-widget elementor-widget-spacer\" data-id=\"54893ad\" data-element_type=\"widget\" data-e-type=\"widget\" data-widget_type=\"spacer.default\">\n\t\t\t\t<div class=\"elementor-widget-container\">\n\t\t\t\t\t\t\t<div class=\"elementor-spacer\">\n\t\t\t<div class=\"elementor-spacer-inner\"><\/div>\n\t\t<\/div>\n\t\t\t\t\t\t<\/div>\n\t\t\t\t<\/div>\n\t\t\t\t\t<\/div>\n\t\t<\/div>\n\t\t\t\t\t<\/div>\n\t\t<\/section>\n\t\t\t\t<\/div>\n\t\t","protected":false},"excerpt":{"rendered":"<p>Gesundheit und Wohlbefinden Wohlbefinden der Studenten Unsere Student Welfare Policy stellt sicher, dass wir einen Student Welfare Officer benannt haben, der Studenten in Not- und H\u00e4rtef\u00e4llen hilft. Bei Bedarf \u00fcberweisen wir an spezialisierte Einrichtungen f\u00fcr psychische Gesundheit. Wir beraten Sie bei der Inanspruchnahme von Gesundheitsdiensten in Irland und unterst\u00fctzen Sie bei der Beantragung von Krankenversicherungsleistungen. [&hellip;]<\/p>\n","protected":false},"author":3,"featured_media":0,"parent":0,"menu_order":0,"comment_status":"closed","ping_status":"closed","template":"","meta":{"content-type":"","footnotes":""},"class_list":["post-33091","page","type-page","status-publish","hentry"],"yoast_head":"<!-- This site is optimized with the Yoast SEO plugin v27.3 - https:\/\/yoast.com\/product\/yoast-seo-wordpress\/ -->\n<title>Gesundheit und Wohlbefinden - Irish College of English<\/title>\n<meta name=\"robots\" content=\"index, follow, max-snippet:-1, max-image-preview:large, max-video-preview:-1\" \/>\n<link rel=\"canonical\" href=\"https:\/\/www.iceireland.com\/de\/health-and-wellbeing\/\" \/>\n<meta property=\"og:locale\" content=\"de_DE\" \/>\n<meta property=\"og:type\" content=\"article\" \/>\n<meta property=\"og:title\" content=\"Gesundheit und Wohlbefinden - Irish College of English\" \/>\n<meta property=\"og:description\" content=\"Gesundheit und Wohlbefinden Wohlbefinden der Studenten Unsere Student Welfare Policy stellt sicher, dass wir einen Student Welfare Officer benannt haben, der Studenten in Not- und H\u00e4rtef\u00e4llen hilft. Bei Bedarf \u00fcberweisen wir an spezialisierte Einrichtungen f\u00fcr psychische Gesundheit. Wir beraten Sie bei der Inanspruchnahme von Gesundheitsdiensten in Irland und unterst\u00fctzen Sie bei der Beantragung von Krankenversicherungsleistungen. [&hellip;]\" \/>\n<meta property=\"og:url\" content=\"https:\/\/www.iceireland.com\/de\/health-and-wellbeing\/\" \/>\n<meta property=\"og:site_name\" content=\"Irish College of English\" \/>\n<meta property=\"article:modified_time\" content=\"2026-01-30T18:25:52+00:00\" \/>\n<meta property=\"og:image\" content=\"https:\/\/www.iceireland.com\/wp-content\/uploads\/2025\/11\/Student-Support-ICE.png\" \/>\n\t<meta property=\"og:image:width\" content=\"1655\" \/>\n\t<meta property=\"og:image:height\" content=\"2340\" \/>\n\t<meta property=\"og:image:type\" content=\"image\/png\" \/>\n<meta name=\"twitter:label1\" content=\"Gesch\u00e4tzte Lesezeit\" \/>\n\t<meta name=\"twitter:data1\" content=\"5\u00a0Minuten\" \/>\n<script type=\"application\/ld+json\" class=\"yoast-schema-graph\">{\"@context\":\"https:\\\/\\\/schema.org\",\"@graph\":[{\"@type\":\"WebPage\",\"@id\":\"https:\\\/\\\/www.iceireland.com\\\/de\\\/health-and-wellbeing\\\/\",\"url\":\"https:\\\/\\\/www.iceireland.com\\\/de\\\/health-and-wellbeing\\\/\",\"name\":\"Gesundheit und Wohlbefinden - Irish College of English\",\"isPartOf\":{\"@id\":\"https:\\\/\\\/www.iceireland.com\\\/de\\\/#website\"},\"primaryImageOfPage\":{\"@id\":\"https:\\\/\\\/www.iceireland.com\\\/de\\\/health-and-wellbeing\\\/#primaryimage\"},\"image\":{\"@id\":\"https:\\\/\\\/www.iceireland.com\\\/de\\\/health-and-wellbeing\\\/#primaryimage\"},\"thumbnailUrl\":\"https:\\\/\\\/www.iceireland.com\\\/wp-content\\\/uploads\\\/2025\\\/11\\\/Student-Support-ICE-1448x2048.png\",\"datePublished\":\"2025-08-27T17:58:07+00:00\",\"dateModified\":\"2026-01-30T18:25:52+00:00\",\"breadcrumb\":{\"@id\":\"https:\\\/\\\/www.iceireland.com\\\/de\\\/health-and-wellbeing\\\/#breadcrumb\"},\"inLanguage\":\"de\",\"potentialAction\":[{\"@type\":\"ReadAction\",\"target\":[\"https:\\\/\\\/www.iceireland.com\\\/de\\\/health-and-wellbeing\\\/\"]}]},{\"@type\":\"ImageObject\",\"inLanguage\":\"de\",\"@id\":\"https:\\\/\\\/www.iceireland.com\\\/de\\\/health-and-wellbeing\\\/#primaryimage\",\"url\":\"https:\\\/\\\/www.iceireland.com\\\/wp-content\\\/uploads\\\/2025\\\/11\\\/Student-Support-ICE-1448x2048.png\",\"contentUrl\":\"https:\\\/\\\/www.iceireland.com\\\/wp-content\\\/uploads\\\/2025\\\/11\\\/Student-Support-ICE-1448x2048.png\"},{\"@type\":\"BreadcrumbList\",\"@id\":\"https:\\\/\\\/www.iceireland.com\\\/de\\\/health-and-wellbeing\\\/#breadcrumb\",\"itemListElement\":[{\"@type\":\"ListItem\",\"position\":1,\"name\":\"Home\",\"item\":\"https:\\\/\\\/www.iceireland.com\\\/de\\\/\"},{\"@type\":\"ListItem\",\"position\":2,\"name\":\"Gesundheit und Wohlbefinden\"}]},{\"@type\":\"WebSite\",\"@id\":\"https:\\\/\\\/www.iceireland.com\\\/de\\\/#website\",\"url\":\"https:\\\/\\\/www.iceireland.com\\\/de\\\/\",\"name\":\"Irish College of English\",\"description\":\"English School in Dublin, Malahide\",\"publisher\":{\"@id\":\"https:\\\/\\\/www.iceireland.com\\\/de\\\/#organization\"},\"potentialAction\":[{\"@type\":\"SearchAction\",\"target\":{\"@type\":\"EntryPoint\",\"urlTemplate\":\"https:\\\/\\\/www.iceireland.com\\\/de\\\/?s={search_term_string}\"},\"query-input\":{\"@type\":\"PropertyValueSpecification\",\"valueRequired\":true,\"valueName\":\"search_term_string\"}}],\"inLanguage\":\"de\"},{\"@type\":\"Organization\",\"@id\":\"https:\\\/\\\/www.iceireland.com\\\/de\\\/#organization\",\"name\":\"Irish College of English\",\"url\":\"https:\\\/\\\/www.iceireland.com\\\/de\\\/\",\"logo\":{\"@type\":\"ImageObject\",\"inLanguage\":\"de\",\"@id\":\"https:\\\/\\\/www.iceireland.com\\\/de\\\/#\\\/schema\\\/logo\\\/image\\\/\",\"url\":\"https:\\\/\\\/www.iceireland.com\\\/wp-content\\\/uploads\\\/2022\\\/03\\\/logo.png\",\"contentUrl\":\"https:\\\/\\\/www.iceireland.com\\\/wp-content\\\/uploads\\\/2022\\\/03\\\/logo.png\",\"width\":593,\"height\":92,\"caption\":\"Irish College of English\"},\"image\":{\"@id\":\"https:\\\/\\\/www.iceireland.com\\\/de\\\/#\\\/schema\\\/logo\\\/image\\\/\"}}]}<\/script>\n<!-- \/ Yoast SEO plugin. -->","yoast_head_json":{"title":"Gesundheit und Wohlbefinden - Irish College of English","robots":{"index":"index","follow":"follow","max-snippet":"max-snippet:-1","max-image-preview":"max-image-preview:large","max-video-preview":"max-video-preview:-1"},"canonical":"https:\/\/www.iceireland.com\/de\/health-and-wellbeing\/","og_locale":"de_DE","og_type":"article","og_title":"Gesundheit und Wohlbefinden - Irish College of English","og_description":"Gesundheit und Wohlbefinden Wohlbefinden der Studenten Unsere Student Welfare Policy stellt sicher, dass wir einen Student Welfare Officer benannt haben, der Studenten in Not- und H\u00e4rtef\u00e4llen hilft. Bei Bedarf \u00fcberweisen wir an spezialisierte Einrichtungen f\u00fcr psychische Gesundheit. Wir beraten Sie bei der Inanspruchnahme von Gesundheitsdiensten in Irland und unterst\u00fctzen Sie bei der Beantragung von Krankenversicherungsleistungen. [&hellip;]","og_url":"https:\/\/www.iceireland.com\/de\/health-and-wellbeing\/","og_site_name":"Irish College of English","article_modified_time":"2026-01-30T18:25:52+00:00","og_image":[{"width":1655,"height":2340,"url":"https:\/\/www.iceireland.com\/wp-content\/uploads\/2025\/11\/Student-Support-ICE.png","type":"image\/png"}],"twitter_misc":{"Gesch\u00e4tzte Lesezeit":"5\u00a0Minuten"},"schema":{"@context":"https:\/\/schema.org","@graph":[{"@type":"WebPage","@id":"https:\/\/www.iceireland.com\/de\/health-and-wellbeing\/","url":"https:\/\/www.iceireland.com\/de\/health-and-wellbeing\/","name":"Gesundheit und Wohlbefinden - Irish College of English","isPartOf":{"@id":"https:\/\/www.iceireland.com\/de\/#website"},"primaryImageOfPage":{"@id":"https:\/\/www.iceireland.com\/de\/health-and-wellbeing\/#primaryimage"},"image":{"@id":"https:\/\/www.iceireland.com\/de\/health-and-wellbeing\/#primaryimage"},"thumbnailUrl":"https:\/\/www.iceireland.com\/wp-content\/uploads\/2025\/11\/Student-Support-ICE-1448x2048.png","datePublished":"2025-08-27T17:58:07+00:00","dateModified":"2026-01-30T18:25:52+00:00","breadcrumb":{"@id":"https:\/\/www.iceireland.com\/de\/health-and-wellbeing\/#breadcrumb"},"inLanguage":"de","potentialAction":[{"@type":"ReadAction","target":["https:\/\/www.iceireland.com\/de\/health-and-wellbeing\/"]}]},{"@type":"ImageObject","inLanguage":"de","@id":"https:\/\/www.iceireland.com\/de\/health-and-wellbeing\/#primaryimage","url":"https:\/\/www.iceireland.com\/wp-content\/uploads\/2025\/11\/Student-Support-ICE-1448x2048.png","contentUrl":"https:\/\/www.iceireland.com\/wp-content\/uploads\/2025\/11\/Student-Support-ICE-1448x2048.png"},{"@type":"BreadcrumbList","@id":"https:\/\/www.iceireland.com\/de\/health-and-wellbeing\/#breadcrumb","itemListElement":[{"@type":"ListItem","position":1,"name":"Home","item":"https:\/\/www.iceireland.com\/de\/"},{"@type":"ListItem","position":2,"name":"Gesundheit und Wohlbefinden"}]},{"@type":"WebSite","@id":"https:\/\/www.iceireland.com\/de\/#website","url":"https:\/\/www.iceireland.com\/de\/","name":"Irish College of English","description":"English School in Dublin, Malahide","publisher":{"@id":"https:\/\/www.iceireland.com\/de\/#organization"},"potentialAction":[{"@type":"SearchAction","target":{"@type":"EntryPoint","urlTemplate":"https:\/\/www.iceireland.com\/de\/?s={search_term_string}"},"query-input":{"@type":"PropertyValueSpecification","valueRequired":true,"valueName":"search_term_string"}}],"inLanguage":"de"},{"@type":"Organization","@id":"https:\/\/www.iceireland.com\/de\/#organization","name":"Irish College of English","url":"https:\/\/www.iceireland.com\/de\/","logo":{"@type":"ImageObject","inLanguage":"de","@id":"https:\/\/www.iceireland.com\/de\/#\/schema\/logo\/image\/","url":"https:\/\/www.iceireland.com\/wp-content\/uploads\/2022\/03\/logo.png","contentUrl":"https:\/\/www.iceireland.com\/wp-content\/uploads\/2022\/03\/logo.png","width":593,"height":92,"caption":"Irish College of English"},"image":{"@id":"https:\/\/www.iceireland.com\/de\/#\/schema\/logo\/image\/"}}]}},"_links":{"self":[{"href":"https:\/\/www.iceireland.com\/de\/wp-json\/wp\/v2\/pages\/33091","targetHints":{"allow":["GET"]}}],"collection":[{"href":"https:\/\/www.iceireland.com\/de\/wp-json\/wp\/v2\/pages"}],"about":[{"href":"https:\/\/www.iceireland.com\/de\/wp-json\/wp\/v2\/types\/page"}],"author":[{"embeddable":true,"href":"https:\/\/www.iceireland.com\/de\/wp-json\/wp\/v2\/users\/3"}],"replies":[{"embeddable":true,"href":"https:\/\/www.iceireland.com\/de\/wp-json\/wp\/v2\/comments?post=33091"}],"version-history":[{"count":1,"href":"https:\/\/www.iceireland.com\/de\/wp-json\/wp\/v2\/pages\/33091\/revisions"}],"predecessor-version":[{"id":33092,"href":"https:\/\/www.iceireland.com\/de\/wp-json\/wp\/v2\/pages\/33091\/revisions\/33092"}],"wp:attachment":[{"href":"https:\/\/www.iceireland.com\/de\/wp-json\/wp\/v2\/media?parent=33091"}],"curies":[{"name":"wp","href":"https:\/\/api.w.org\/{rel}","templated":true}]}}