{"id":33143,"date":"2024-10-24T09:37:38","date_gmt":"2024-10-24T09:37:38","guid":{"rendered":"https:\/\/www.iceireland.com\/academic-management-and-alignment-with-the-common-european-framework-of-reference-for-languages-cefr\/"},"modified":"2026-03-13T15:53:33","modified_gmt":"2026-03-13T15:53:33","slug":"academic-management-and-alignment-with-the-common-european-framework-of-reference-for-languages-cefr","status":"publish","type":"page","link":"https:\/\/www.iceireland.com\/de\/academic-management-and-alignment-with-the-common-european-framework-of-reference-for-languages-cefr\/","title":{"rendered":"Akademisches Management und Angleichung an den Gemeinsamen Europ\u00e4ischen Referenzrahmen f\u00fcr Sprachen (CEFR)"},"content":{"rendered":"\t\t<div data-elementor-type=\"wp-page\" data-elementor-id=\"33143\" class=\"elementor elementor-33143 elementor-28168\" data-elementor-post-type=\"page\">\n\t\t\t\t\t\t<section class=\"elementor-section elementor-top-section elementor-element elementor-element-d4125d9 elementor-section-boxed elementor-section-height-default elementor-section-height-default\" data-id=\"d4125d9\" data-element_type=\"section\" data-e-type=\"section\">\n\t\t\t\t\t\t<div class=\"elementor-container elementor-column-gap-default\">\n\t\t\t\t\t<div class=\"elementor-column elementor-col-100 elementor-top-column elementor-element elementor-element-5323e80\" data-id=\"5323e80\" data-element_type=\"column\" data-e-type=\"column\">\n\t\t\t<div class=\"elementor-widget-wrap elementor-element-populated\">\n\t\t\t\t\t\t<div class=\"elementor-element elementor-element-ea69dc5 elementor-widget elementor-widget-text-editor\" data-id=\"ea69dc5\" data-element_type=\"widget\" data-e-type=\"widget\" data-widget_type=\"text-editor.default\">\n\t\t\t\t<div class=\"elementor-widget-container\">\n\t\t\t\t\t\t\t\t\t<h3><strong>Gemeinsamer europ\u00e4ischer Referenzrahmen f\u00fcr Sprachen (CEFR)<\/strong><\/h3><p><strong> <\/strong><\/p><p><strong>ICE richtet seine Kurse und Bewertungen am Gemeinsamen Europ\u00e4ischen Referenzrahmen f\u00fcr Sprachen (CEFR) aus, um hohe Bildungsstandards und Konsistenz zu gew\u00e4hrleisten. Dieses Engagement unterst\u00fctzt den Erfolg der Studenten und erf\u00fcllt die Akkreditierungskriterien des QQI. <\/strong><\/p><p>Am Irish College of English (ICE) sind unsere akademischen Managementsysteme so konzipiert, dass sie die h\u00f6chsten Bildungsstandards aufrechterhalten und die \u00dcbereinstimmung mit dem Gemeinsamen Europ\u00e4ischen Referenzrahmen f\u00fcr Sprachen (CEFR) in allen Aspekten unserer Programme gew\u00e4hrleisten. Im Mittelpunkt unseres Ansatzes steht ein strukturierter Rahmen, der die Entwicklung von Lehrpl\u00e4nen, Lehrmethoden, Beurteilungspraktiken und Mechanismen zur Unterst\u00fctzung der Lernenden umfasst. Weitere Informationen finden Sie in unserem QA-Handbuch.  <\/p><p><strong> <\/strong><\/p><p> <\/p>\t\t\t\t\t\t\t\t<\/div>\n\t\t\t\t<\/div>\n\t\t\t\t\t<\/div>\n\t\t<\/div>\n\t\t\t\t\t<\/div>\n\t\t<\/section>\n\t\t\t\t<section class=\"elementor-section elementor-top-section elementor-element elementor-element-9466ba0 elementor-section-boxed elementor-section-height-default elementor-section-height-default\" data-id=\"9466ba0\" data-element_type=\"section\" data-e-type=\"section\">\n\t\t\t\t\t\t<div class=\"elementor-container elementor-column-gap-default\">\n\t\t\t\t\t<div class=\"elementor-column elementor-col-100 elementor-top-column elementor-element elementor-element-e07671a\" data-id=\"e07671a\" data-element_type=\"column\" data-e-type=\"column\">\n\t\t\t<div class=\"elementor-widget-wrap elementor-element-populated\">\n\t\t\t\t\t\t<div class=\"elementor-element elementor-element-f5372b9 elementor-widget elementor-widget-image\" data-id=\"f5372b9\" data-element_type=\"widget\" data-e-type=\"widget\" data-widget_type=\"image.default\">\n\t\t\t\t<div class=\"elementor-widget-container\">\n\t\t\t\t\t\t\t\t\t\t\t\t\t\t\t<img fetchpriority=\"high\" decoding=\"async\" width=\"673\" height=\"1024\" src=\"https:\/\/www.iceireland.com\/wp-content\/uploads\/2026\/03\/CEFR-Journey-673x1024.jpg\" class=\"attachment-large size-large wp-image-35659\" alt=\"CEFR\" srcset=\"https:\/\/www.iceireland.com\/wp-content\/uploads\/2026\/03\/CEFR-Journey-673x1024.jpg 673w, https:\/\/www.iceireland.com\/wp-content\/uploads\/2026\/03\/CEFR-Journey-197x300.jpg 197w, https:\/\/www.iceireland.com\/wp-content\/uploads\/2026\/03\/CEFR-Journey-768x1168.jpg 768w, https:\/\/www.iceireland.com\/wp-content\/uploads\/2026\/03\/CEFR-Journey.jpg 800w\" sizes=\"(max-width: 673px) 100vw, 673px\" \/>\t\t\t\t\t\t\t\t\t\t\t\t\t\t\t<\/div>\n\t\t\t\t<\/div>\n\t\t\t\t\t<\/div>\n\t\t<\/div>\n\t\t\t\t\t<\/div>\n\t\t<\/section>\n\t\t\t\t<section class=\"elementor-section elementor-top-section elementor-element elementor-element-1cd95d8 elementor-section-boxed elementor-section-height-default elementor-section-height-default\" data-id=\"1cd95d8\" data-element_type=\"section\" data-e-type=\"section\">\n\t\t\t\t\t\t<div class=\"elementor-container elementor-column-gap-default\">\n\t\t\t\t\t<div class=\"elementor-column elementor-col-100 elementor-top-column elementor-element elementor-element-8bfee5b\" data-id=\"8bfee5b\" data-element_type=\"column\" data-e-type=\"column\">\n\t\t\t<div class=\"elementor-widget-wrap elementor-element-populated\">\n\t\t\t\t\t\t<div class=\"elementor-element elementor-element-1b6b42d elementor-widget elementor-widget-text-editor\" data-id=\"1b6b42d\" data-element_type=\"widget\" data-e-type=\"widget\" data-widget_type=\"text-editor.default\">\n\t\t\t\t<div class=\"elementor-widget-container\">\n\t\t\t\t\t\t\t\t\t<p><strong>\u00dcber den CEFR<\/strong><\/p><p>Der GERS wurde entwickelt, um eine gemeinsame Grundlage f\u00fcr die explizite Beschreibung von Zielen, Inhalten und Methoden im Zweit-\/Fremdsprachenunterricht zu schaffen.<\/p><p>Der CEFR<\/p><p>verfolgt einen handlungsorientierten Ansatz und beschreibt die Ergebnisse des Sprachenlernens in Form von Sprachgebrauch;<\/p><p>hat drei Hauptdimensionen: sprachliche Aktivit\u00e4ten, die Bereiche, in denen sie stattfinden, und die Kompetenzen, auf die wir zur\u00fcckgreifen, wenn wir sie aus\u00fcben;<\/p><p>unterteilt die sprachlichen Aktivit\u00e4ten in vier Arten: Rezeption (H\u00f6ren und Lesen), Produktion (gesprochen und geschrieben), Interaktion (gesprochen und geschrieben) und Vermittlung (\u00dcbersetzen und Dolmetschen);<\/p><p>bietet eine taxonomische Beschreibung von vier Bereichen des Sprachgebrauchs &#8211; \u00f6ffentlich, pers\u00f6nlich, schulisch, beruflich &#8211; f\u00fcr die jeweils Orte, Institutionen, Personen, Objekte, Ereignisse, Vorg\u00e4nge und Texte angegeben werden.<\/p><p>F\u00fcr Rezeption, Produktion, Interaktion und einige Kompetenzen definiert der GERS sechs gemeinsame Referenzniveaus (A1, A2, B1, B2, C1, C2), wobei &#8222;Kann-Beschreibungen&#8220; verwendet werden, um die F\u00e4higkeiten des Lernenden\/Nutzers auf jedem Niveau zu definieren.<\/p><p>Die gemeinsamen Referenzniveaus bieten eine Grundlage f\u00fcr den Vergleich von Lehrpl\u00e4nen, Lehrb\u00fcchern, Kursen und Pr\u00fcfungen f\u00fcr Zweit-\/Fremdsprachen. Zusammen mit dem \u00fcbrigen Beschreibungsapparat des GERS k\u00f6nnen sie auch zur Unterst\u00fctzung bei der Gestaltung von Lehrpl\u00e4nen, Lehrprogrammen, Lernmaterialien und Beurteilungsinstrumenten verwendet werden. <\/p><p>Die Selbsteinsch\u00e4tzung, die ein zentrales Merkmal des ELP ist, stellt die wesentliche Verbindung zwischen dem ELP und dem GERS her. Die Selbsteinsch\u00e4tzung erfolgt anhand von Checklisten mit &#8222;Ich kann&#8220;-Deskriptoren, die nach Sprachaktivit\u00e4t und gemeinsamem Referenzniveau (Sprachbiografie) geordnet sind und mit Bezug auf das Selbsteinsch\u00e4tzungsraster des GERS (Sprachenpass) zusammengefasst werden. <\/p><p>Das Irish College of English bietet die Niveaustufen A2 bis C1 an, wobei die Lernergebnisse in spezifischen &#8218;Can do&#8216;-Deskriptoren sowohl f\u00fcr unsere Junior- als auch f\u00fcr unsere Erwachsenenprogramme definiert sind.<\/p>\t\t\t\t\t\t\t\t<\/div>\n\t\t\t\t<\/div>\n\t\t\t\t\t<\/div>\n\t\t<\/div>\n\t\t\t\t\t<\/div>\n\t\t<\/section>\n\t\t\t\t<section class=\"elementor-section elementor-top-section elementor-element elementor-element-e131066 elementor-section-boxed elementor-section-height-default elementor-section-height-default\" data-id=\"e131066\" data-element_type=\"section\" data-e-type=\"section\">\n\t\t\t\t\t\t<div class=\"elementor-container elementor-column-gap-default\">\n\t\t\t\t\t<div class=\"elementor-column elementor-col-100 elementor-top-column elementor-element elementor-element-dc21c32\" data-id=\"dc21c32\" data-element_type=\"column\" data-e-type=\"column\">\n\t\t\t<div class=\"elementor-widget-wrap elementor-element-populated\">\n\t\t\t\t\t\t<div class=\"elementor-element elementor-element-c073d7a elementor-widget elementor-widget-spacer\" data-id=\"c073d7a\" data-element_type=\"widget\" data-e-type=\"widget\" data-widget_type=\"spacer.default\">\n\t\t\t\t<div class=\"elementor-widget-container\">\n\t\t\t\t\t\t\t<div class=\"elementor-spacer\">\n\t\t\t<div class=\"elementor-spacer-inner\"><\/div>\n\t\t<\/div>\n\t\t\t\t\t\t<\/div>\n\t\t\t\t<\/div>\n\t\t\t\t\t<\/div>\n\t\t<\/div>\n\t\t\t\t\t<\/div>\n\t\t<\/section>\n\t\t\t\t<\/div>\n\t\t","protected":false},"excerpt":{"rendered":"<p>Gemeinsamer europ\u00e4ischer Referenzrahmen f\u00fcr Sprachen (CEFR) ICE richtet seine Kurse und Bewertungen am Gemeinsamen Europ\u00e4ischen Referenzrahmen f\u00fcr Sprachen (CEFR) aus, um hohe Bildungsstandards und Konsistenz zu gew\u00e4hrleisten. Dieses Engagement unterst\u00fctzt den Erfolg der Studenten und erf\u00fcllt die Akkreditierungskriterien des QQI. Am Irish College of English (ICE) sind unsere akademischen Managementsysteme so konzipiert, dass sie die [&hellip;]<\/p>\n","protected":false},"author":3,"featured_media":0,"parent":0,"menu_order":0,"comment_status":"closed","ping_status":"closed","template":"","meta":{"content-type":"","footnotes":""},"class_list":["post-33143","page","type-page","status-publish","hentry"],"yoast_head":"<!-- This site is optimized with the Yoast SEO plugin v27.3 - https:\/\/yoast.com\/product\/yoast-seo-wordpress\/ -->\n<title>Akademisches Management und Angleichung an den Gemeinsamen Europ\u00e4ischen Referenzrahmen f\u00fcr Sprachen (CEFR) - Irish College of English<\/title>\n<meta name=\"robots\" content=\"index, follow, max-snippet:-1, max-image-preview:large, max-video-preview:-1\" \/>\n<link rel=\"canonical\" href=\"https:\/\/www.iceireland.com\/de\/academic-management-and-alignment-with-the-common-european-framework-of-reference-for-languages-cefr\/\" \/>\n<meta property=\"og:locale\" content=\"de_DE\" \/>\n<meta property=\"og:type\" content=\"article\" \/>\n<meta property=\"og:title\" content=\"Akademisches Management und Angleichung an den Gemeinsamen Europ\u00e4ischen Referenzrahmen f\u00fcr Sprachen (CEFR) - Irish College of English\" \/>\n<meta property=\"og:description\" content=\"Gemeinsamer europ\u00e4ischer Referenzrahmen f\u00fcr Sprachen (CEFR) ICE richtet seine Kurse und Bewertungen am Gemeinsamen Europ\u00e4ischen Referenzrahmen f\u00fcr Sprachen (CEFR) aus, um hohe Bildungsstandards und Konsistenz zu gew\u00e4hrleisten. Dieses Engagement unterst\u00fctzt den Erfolg der Studenten und erf\u00fcllt die Akkreditierungskriterien des QQI. Am Irish College of English (ICE) sind unsere akademischen Managementsysteme so konzipiert, dass sie die [&hellip;]\" \/>\n<meta property=\"og:url\" content=\"https:\/\/www.iceireland.com\/de\/academic-management-and-alignment-with-the-common-european-framework-of-reference-for-languages-cefr\/\" \/>\n<meta property=\"og:site_name\" content=\"Irish College of English\" \/>\n<meta property=\"article:modified_time\" content=\"2026-03-13T15:53:33+00:00\" \/>\n<meta property=\"og:image\" content=\"https:\/\/www.iceireland.com\/wp-content\/uploads\/2026\/03\/CEFR-Journey.jpg\" \/>\n\t<meta property=\"og:image:width\" content=\"800\" \/>\n\t<meta property=\"og:image:height\" content=\"1217\" \/>\n\t<meta property=\"og:image:type\" content=\"image\/jpeg\" \/>\n<meta name=\"twitter:label1\" content=\"Gesch\u00e4tzte Lesezeit\" \/>\n\t<meta name=\"twitter:data1\" content=\"2\u00a0Minuten\" \/>\n<script type=\"application\/ld+json\" class=\"yoast-schema-graph\">{\"@context\":\"https:\\\/\\\/schema.org\",\"@graph\":[{\"@type\":\"WebPage\",\"@id\":\"https:\\\/\\\/www.iceireland.com\\\/de\\\/academic-management-and-alignment-with-the-common-european-framework-of-reference-for-languages-cefr\\\/\",\"url\":\"https:\\\/\\\/www.iceireland.com\\\/de\\\/academic-management-and-alignment-with-the-common-european-framework-of-reference-for-languages-cefr\\\/\",\"name\":\"Akademisches Management und Angleichung an den Gemeinsamen Europ\u00e4ischen Referenzrahmen f\u00fcr Sprachen (CEFR) - Irish College of English\",\"isPartOf\":{\"@id\":\"https:\\\/\\\/www.iceireland.com\\\/de\\\/#website\"},\"primaryImageOfPage\":{\"@id\":\"https:\\\/\\\/www.iceireland.com\\\/de\\\/academic-management-and-alignment-with-the-common-european-framework-of-reference-for-languages-cefr\\\/#primaryimage\"},\"image\":{\"@id\":\"https:\\\/\\\/www.iceireland.com\\\/de\\\/academic-management-and-alignment-with-the-common-european-framework-of-reference-for-languages-cefr\\\/#primaryimage\"},\"thumbnailUrl\":\"https:\\\/\\\/www.iceireland.com\\\/wp-content\\\/uploads\\\/2026\\\/03\\\/CEFR-Journey-673x1024.jpg\",\"datePublished\":\"2024-10-24T09:37:38+00:00\",\"dateModified\":\"2026-03-13T15:53:33+00:00\",\"breadcrumb\":{\"@id\":\"https:\\\/\\\/www.iceireland.com\\\/de\\\/academic-management-and-alignment-with-the-common-european-framework-of-reference-for-languages-cefr\\\/#breadcrumb\"},\"inLanguage\":\"de\",\"potentialAction\":[{\"@type\":\"ReadAction\",\"target\":[\"https:\\\/\\\/www.iceireland.com\\\/de\\\/academic-management-and-alignment-with-the-common-european-framework-of-reference-for-languages-cefr\\\/\"]}]},{\"@type\":\"ImageObject\",\"inLanguage\":\"de\",\"@id\":\"https:\\\/\\\/www.iceireland.com\\\/de\\\/academic-management-and-alignment-with-the-common-european-framework-of-reference-for-languages-cefr\\\/#primaryimage\",\"url\":\"https:\\\/\\\/www.iceireland.com\\\/wp-content\\\/uploads\\\/2026\\\/03\\\/CEFR-Journey-673x1024.jpg\",\"contentUrl\":\"https:\\\/\\\/www.iceireland.com\\\/wp-content\\\/uploads\\\/2026\\\/03\\\/CEFR-Journey-673x1024.jpg\"},{\"@type\":\"BreadcrumbList\",\"@id\":\"https:\\\/\\\/www.iceireland.com\\\/de\\\/academic-management-and-alignment-with-the-common-european-framework-of-reference-for-languages-cefr\\\/#breadcrumb\",\"itemListElement\":[{\"@type\":\"ListItem\",\"position\":1,\"name\":\"Home\",\"item\":\"https:\\\/\\\/www.iceireland.com\\\/de\\\/\"},{\"@type\":\"ListItem\",\"position\":2,\"name\":\"Akademisches Management und Angleichung an den Gemeinsamen Europ\u00e4ischen Referenzrahmen f\u00fcr Sprachen (CEFR)\"}]},{\"@type\":\"WebSite\",\"@id\":\"https:\\\/\\\/www.iceireland.com\\\/de\\\/#website\",\"url\":\"https:\\\/\\\/www.iceireland.com\\\/de\\\/\",\"name\":\"Irish College of English\",\"description\":\"English School in Dublin, Malahide\",\"publisher\":{\"@id\":\"https:\\\/\\\/www.iceireland.com\\\/de\\\/#organization\"},\"potentialAction\":[{\"@type\":\"SearchAction\",\"target\":{\"@type\":\"EntryPoint\",\"urlTemplate\":\"https:\\\/\\\/www.iceireland.com\\\/de\\\/?s={search_term_string}\"},\"query-input\":{\"@type\":\"PropertyValueSpecification\",\"valueRequired\":true,\"valueName\":\"search_term_string\"}}],\"inLanguage\":\"de\"},{\"@type\":\"Organization\",\"@id\":\"https:\\\/\\\/www.iceireland.com\\\/de\\\/#organization\",\"name\":\"Irish College of English\",\"url\":\"https:\\\/\\\/www.iceireland.com\\\/de\\\/\",\"logo\":{\"@type\":\"ImageObject\",\"inLanguage\":\"de\",\"@id\":\"https:\\\/\\\/www.iceireland.com\\\/de\\\/#\\\/schema\\\/logo\\\/image\\\/\",\"url\":\"https:\\\/\\\/www.iceireland.com\\\/wp-content\\\/uploads\\\/2022\\\/03\\\/logo.png\",\"contentUrl\":\"https:\\\/\\\/www.iceireland.com\\\/wp-content\\\/uploads\\\/2022\\\/03\\\/logo.png\",\"width\":593,\"height\":92,\"caption\":\"Irish College of English\"},\"image\":{\"@id\":\"https:\\\/\\\/www.iceireland.com\\\/de\\\/#\\\/schema\\\/logo\\\/image\\\/\"}}]}<\/script>\n<!-- \/ Yoast SEO plugin. -->","yoast_head_json":{"title":"Akademisches Management und Angleichung an den Gemeinsamen Europ\u00e4ischen Referenzrahmen f\u00fcr Sprachen (CEFR) - Irish College of English","robots":{"index":"index","follow":"follow","max-snippet":"max-snippet:-1","max-image-preview":"max-image-preview:large","max-video-preview":"max-video-preview:-1"},"canonical":"https:\/\/www.iceireland.com\/de\/academic-management-and-alignment-with-the-common-european-framework-of-reference-for-languages-cefr\/","og_locale":"de_DE","og_type":"article","og_title":"Akademisches Management und Angleichung an den Gemeinsamen Europ\u00e4ischen Referenzrahmen f\u00fcr Sprachen (CEFR) - Irish College of English","og_description":"Gemeinsamer europ\u00e4ischer Referenzrahmen f\u00fcr Sprachen (CEFR) ICE richtet seine Kurse und Bewertungen am Gemeinsamen Europ\u00e4ischen Referenzrahmen f\u00fcr Sprachen (CEFR) aus, um hohe Bildungsstandards und Konsistenz zu gew\u00e4hrleisten. Dieses Engagement unterst\u00fctzt den Erfolg der Studenten und erf\u00fcllt die Akkreditierungskriterien des QQI. Am Irish College of English (ICE) sind unsere akademischen Managementsysteme so konzipiert, dass sie die [&hellip;]","og_url":"https:\/\/www.iceireland.com\/de\/academic-management-and-alignment-with-the-common-european-framework-of-reference-for-languages-cefr\/","og_site_name":"Irish College of English","article_modified_time":"2026-03-13T15:53:33+00:00","og_image":[{"width":800,"height":1217,"url":"https:\/\/www.iceireland.com\/wp-content\/uploads\/2026\/03\/CEFR-Journey.jpg","type":"image\/jpeg"}],"twitter_misc":{"Gesch\u00e4tzte Lesezeit":"2\u00a0Minuten"},"schema":{"@context":"https:\/\/schema.org","@graph":[{"@type":"WebPage","@id":"https:\/\/www.iceireland.com\/de\/academic-management-and-alignment-with-the-common-european-framework-of-reference-for-languages-cefr\/","url":"https:\/\/www.iceireland.com\/de\/academic-management-and-alignment-with-the-common-european-framework-of-reference-for-languages-cefr\/","name":"Akademisches Management und Angleichung an den Gemeinsamen Europ\u00e4ischen Referenzrahmen f\u00fcr Sprachen (CEFR) - Irish College of English","isPartOf":{"@id":"https:\/\/www.iceireland.com\/de\/#website"},"primaryImageOfPage":{"@id":"https:\/\/www.iceireland.com\/de\/academic-management-and-alignment-with-the-common-european-framework-of-reference-for-languages-cefr\/#primaryimage"},"image":{"@id":"https:\/\/www.iceireland.com\/de\/academic-management-and-alignment-with-the-common-european-framework-of-reference-for-languages-cefr\/#primaryimage"},"thumbnailUrl":"https:\/\/www.iceireland.com\/wp-content\/uploads\/2026\/03\/CEFR-Journey-673x1024.jpg","datePublished":"2024-10-24T09:37:38+00:00","dateModified":"2026-03-13T15:53:33+00:00","breadcrumb":{"@id":"https:\/\/www.iceireland.com\/de\/academic-management-and-alignment-with-the-common-european-framework-of-reference-for-languages-cefr\/#breadcrumb"},"inLanguage":"de","potentialAction":[{"@type":"ReadAction","target":["https:\/\/www.iceireland.com\/de\/academic-management-and-alignment-with-the-common-european-framework-of-reference-for-languages-cefr\/"]}]},{"@type":"ImageObject","inLanguage":"de","@id":"https:\/\/www.iceireland.com\/de\/academic-management-and-alignment-with-the-common-european-framework-of-reference-for-languages-cefr\/#primaryimage","url":"https:\/\/www.iceireland.com\/wp-content\/uploads\/2026\/03\/CEFR-Journey-673x1024.jpg","contentUrl":"https:\/\/www.iceireland.com\/wp-content\/uploads\/2026\/03\/CEFR-Journey-673x1024.jpg"},{"@type":"BreadcrumbList","@id":"https:\/\/www.iceireland.com\/de\/academic-management-and-alignment-with-the-common-european-framework-of-reference-for-languages-cefr\/#breadcrumb","itemListElement":[{"@type":"ListItem","position":1,"name":"Home","item":"https:\/\/www.iceireland.com\/de\/"},{"@type":"ListItem","position":2,"name":"Akademisches Management und Angleichung an den Gemeinsamen Europ\u00e4ischen Referenzrahmen f\u00fcr Sprachen (CEFR)"}]},{"@type":"WebSite","@id":"https:\/\/www.iceireland.com\/de\/#website","url":"https:\/\/www.iceireland.com\/de\/","name":"Irish College of English","description":"English School in Dublin, Malahide","publisher":{"@id":"https:\/\/www.iceireland.com\/de\/#organization"},"potentialAction":[{"@type":"SearchAction","target":{"@type":"EntryPoint","urlTemplate":"https:\/\/www.iceireland.com\/de\/?s={search_term_string}"},"query-input":{"@type":"PropertyValueSpecification","valueRequired":true,"valueName":"search_term_string"}}],"inLanguage":"de"},{"@type":"Organization","@id":"https:\/\/www.iceireland.com\/de\/#organization","name":"Irish College of English","url":"https:\/\/www.iceireland.com\/de\/","logo":{"@type":"ImageObject","inLanguage":"de","@id":"https:\/\/www.iceireland.com\/de\/#\/schema\/logo\/image\/","url":"https:\/\/www.iceireland.com\/wp-content\/uploads\/2022\/03\/logo.png","contentUrl":"https:\/\/www.iceireland.com\/wp-content\/uploads\/2022\/03\/logo.png","width":593,"height":92,"caption":"Irish College of English"},"image":{"@id":"https:\/\/www.iceireland.com\/de\/#\/schema\/logo\/image\/"}}]}},"_links":{"self":[{"href":"https:\/\/www.iceireland.com\/de\/wp-json\/wp\/v2\/pages\/33143","targetHints":{"allow":["GET"]}}],"collection":[{"href":"https:\/\/www.iceireland.com\/de\/wp-json\/wp\/v2\/pages"}],"about":[{"href":"https:\/\/www.iceireland.com\/de\/wp-json\/wp\/v2\/types\/page"}],"author":[{"embeddable":true,"href":"https:\/\/www.iceireland.com\/de\/wp-json\/wp\/v2\/users\/3"}],"replies":[{"embeddable":true,"href":"https:\/\/www.iceireland.com\/de\/wp-json\/wp\/v2\/comments?post=33143"}],"version-history":[{"count":2,"href":"https:\/\/www.iceireland.com\/de\/wp-json\/wp\/v2\/pages\/33143\/revisions"}],"predecessor-version":[{"id":35714,"href":"https:\/\/www.iceireland.com\/de\/wp-json\/wp\/v2\/pages\/33143\/revisions\/35714"}],"wp:attachment":[{"href":"https:\/\/www.iceireland.com\/de\/wp-json\/wp\/v2\/media?parent=33143"}],"curies":[{"name":"wp","href":"https:\/\/api.w.org\/{rel}","templated":true}]}}