{"id":33179,"date":"2024-08-14T08:50:50","date_gmt":"2024-08-14T08:50:50","guid":{"rendered":"https:\/\/www.iceireland.com\/course-purpose-intended-learning-outcome-junior-students\/"},"modified":"2026-01-30T18:26:35","modified_gmt":"2026-01-30T18:26:35","slug":"course-purpose-intended-learning-outcome-junior-students","status":"publish","type":"page","link":"https:\/\/www.iceireland.com\/de\/course-purpose-intended-learning-outcome-junior-students\/","title":{"rendered":"Kursziel &amp; angestrebte Lernergebnisse &#8211; Junior-Studenten"},"content":{"rendered":"\t\t<div data-elementor-type=\"wp-page\" data-elementor-id=\"33179\" class=\"elementor elementor-33179 elementor-27291\" data-elementor-post-type=\"page\">\n\t\t\t\t\t\t<section class=\"elementor-section elementor-top-section elementor-element elementor-element-4a5cdd0 elementor-section-boxed elementor-section-height-default elementor-section-height-default\" data-id=\"4a5cdd0\" data-element_type=\"section\" data-e-type=\"section\">\n\t\t\t\t\t\t<div class=\"elementor-container elementor-column-gap-default\">\n\t\t\t\t\t<div class=\"elementor-column elementor-col-100 elementor-top-column elementor-element elementor-element-6d05157\" data-id=\"6d05157\" data-element_type=\"column\" data-e-type=\"column\">\n\t\t\t<div class=\"elementor-widget-wrap elementor-element-populated\">\n\t\t\t\t\t\t<div class=\"elementor-element elementor-element-6115213 elementor-widget elementor-widget-text-editor\" data-id=\"6115213\" data-element_type=\"widget\" data-e-type=\"widget\" data-widget_type=\"text-editor.default\">\n\t\t\t\t<div class=\"elementor-widget-container\">\n\t\t\t\t\t\t\t\t\t<h2>Kursziel und angestrebte Lernergebnisse &#8211; Junior Summer Camps<\/h2><p>Zweck<\/p><p>Das Ziel unserer Junior-Programme ist es, jungen Lernenden eine ansprechende und unterst\u00fctzende Umgebung zu bieten, um ihre Englischkenntnisse zu verbessern. Durch die Anwendung eines strukturierten Lehrplans, der auf der CEFR-Skala basiert, sollen die Sch\u00fcler messbare Fortschritte in ihren Sprachkenntnissen erzielen. Diese Programme sind nicht nur darauf ausgerichtet, die akademischen F\u00e4higkeiten der Sch\u00fcler zu verbessern, sondern auch ihr Selbstvertrauen und ihre Begeisterung f\u00fcr die Verwendung der englischen Sprache in allt\u00e4glichen Situationen zu st\u00e4rken. Durch interaktive Aktivit\u00e4ten wie Gruppendiskussionen, Rollenspiele und Projekte sowie ein interkulturelles Element, das die Sch\u00fcler mit verschiedenen Kulturen und Perspektiven vertraut macht, versucht das Camp, eine ganzheitliche Lernerfahrung zu schaffen. F\u00fcr diejenigen, die bei Gastfamilien untergebracht sind, bietet der Aufenthalt au\u00dferdem authentische Gelegenheiten, Englisch zu \u00fcben und sich kulturell auszutauschen, was ihr Verst\u00e4ndnis und ihre Wertsch\u00e4tzung f\u00fcr die Sprache und ihren kulturellen Kontext weiter bereichert.    <\/p><p>Jedes Programm besteht aus einem abwechslungsreichen Aktivit\u00e4tsprogramm, bei dem unsere erfahrenen Betreuer die Sch\u00fcler zu interessanten Orten f\u00fchren und ihnen so die M\u00f6glichkeit geben, Erfahrungen zu sammeln und die Kultur zu sch\u00e4tzen. Neben dem Besuch kultureller St\u00e4tten umfasst das Camp auch Sport, Freizeitaktivit\u00e4ten und interaktive Aktivit\u00e4ten, die Teamarbeit, Kreativit\u00e4t und Engagement f\u00f6rdern. <\/p><p>Einige Programme bieten zus\u00e4tzliche Studienstunden, einen Schwerpunkt auf bestimmte Sportarten wie Reiten oder Segeln und erm\u00f6glichen so eine ma\u00dfgeschneiderte Erfahrung mit besonderem Ziel.<\/p><p> <\/p><p>Angestrebte Lernergebnisse<\/p><p>Die angestrebten Lernergebnisse f\u00fcr unsere Junior-Programme sind die Verbesserung der Englischkenntnisse der Sch\u00fcler, indem sie ihre F\u00e4higkeiten entlang der Skala des Gemeinsamen Europ\u00e4ischen Referenzrahmens f\u00fcr Sprachen (GER) verbessern. Durch einen dynamischen und intensiven Lehrplan werden die Sch\u00fcler ihre Lese-, Schreib-, Sprech- und H\u00f6rf\u00e4higkeiten entwickeln, um ihre Sprachkompetenz auf das aktuelle GERS-Niveau oder das n\u00e4chste GERS-Niveau zu bringen, je nach Einstiegsniveau und Dauer der Teilnahme am Programm. Der Kurs konzentriert sich auf die praktische Kommunikation, die Erweiterung des Wortschatzes und die grammatikalische Korrektheit. So wird sichergestellt, dass die Sch\u00fcler Selbstvertrauen gewinnen und sich in realen Kontexten fl\u00fcssig ausdr\u00fccken k\u00f6nnen, w\u00e4hrend gleichzeitig die Liebe zur englischen Sprache gef\u00f6rdert wird.  <\/p>\t\t\t\t\t\t\t\t<\/div>\n\t\t\t\t<\/div>\n\t\t\t\t\t<\/div>\n\t\t<\/div>\n\t\t\t\t\t<\/div>\n\t\t<\/section>\n\t\t\t\t<section class=\"elementor-section elementor-top-section elementor-element elementor-element-5afb7b7 elementor-section-boxed elementor-section-height-default elementor-section-height-default\" data-id=\"5afb7b7\" data-element_type=\"section\" data-e-type=\"section\">\n\t\t\t\t\t\t<div class=\"elementor-container elementor-column-gap-default\">\n\t\t\t\t\t<div class=\"elementor-column elementor-col-100 elementor-top-column elementor-element elementor-element-1810e58\" data-id=\"1810e58\" data-element_type=\"column\" data-e-type=\"column\">\n\t\t\t<div class=\"elementor-widget-wrap elementor-element-populated\">\n\t\t\t\t\t\t<div class=\"elementor-element elementor-element-4d2a221 elementor-widget elementor-widget-spacer\" data-id=\"4d2a221\" data-element_type=\"widget\" data-e-type=\"widget\" data-widget_type=\"spacer.default\">\n\t\t\t\t<div class=\"elementor-widget-container\">\n\t\t\t\t\t\t\t<div class=\"elementor-spacer\">\n\t\t\t<div class=\"elementor-spacer-inner\"><\/div>\n\t\t<\/div>\n\t\t\t\t\t\t<\/div>\n\t\t\t\t<\/div>\n\t\t\t\t\t<\/div>\n\t\t<\/div>\n\t\t\t\t\t<\/div>\n\t\t<\/section>\n\t\t\t\t<\/div>\n\t\t","protected":false},"excerpt":{"rendered":"<p>Kursziel und angestrebte Lernergebnisse &#8211; Junior Summer Camps Zweck Das Ziel unserer Junior-Programme ist es, jungen Lernenden eine ansprechende und unterst\u00fctzende Umgebung zu bieten, um ihre Englischkenntnisse zu verbessern. Durch die Anwendung eines strukturierten Lehrplans, der auf der CEFR-Skala basiert, sollen die Sch\u00fcler messbare Fortschritte in ihren Sprachkenntnissen erzielen. Diese Programme sind nicht nur darauf [&hellip;]<\/p>\n","protected":false},"author":3,"featured_media":0,"parent":0,"menu_order":0,"comment_status":"closed","ping_status":"closed","template":"","meta":{"content-type":"","footnotes":""},"class_list":["post-33179","page","type-page","status-publish","hentry"],"yoast_head":"<!-- This site is optimized with the Yoast SEO plugin v27.3 - https:\/\/yoast.com\/product\/yoast-seo-wordpress\/ -->\n<title>Kursziel &amp; angestrebte Lernergebnisse - Junior-Studenten - Irish College of English<\/title>\n<meta name=\"robots\" content=\"index, follow, max-snippet:-1, max-image-preview:large, max-video-preview:-1\" \/>\n<link rel=\"canonical\" href=\"https:\/\/www.iceireland.com\/de\/course-purpose-intended-learning-outcome-junior-students\/\" \/>\n<meta property=\"og:locale\" content=\"de_DE\" \/>\n<meta property=\"og:type\" content=\"article\" \/>\n<meta property=\"og:title\" content=\"Kursziel &amp; angestrebte Lernergebnisse - Junior-Studenten - Irish College of English\" \/>\n<meta property=\"og:description\" content=\"Kursziel und angestrebte Lernergebnisse &#8211; Junior Summer Camps Zweck Das Ziel unserer Junior-Programme ist es, jungen Lernenden eine ansprechende und unterst\u00fctzende Umgebung zu bieten, um ihre Englischkenntnisse zu verbessern. Durch die Anwendung eines strukturierten Lehrplans, der auf der CEFR-Skala basiert, sollen die Sch\u00fcler messbare Fortschritte in ihren Sprachkenntnissen erzielen. Diese Programme sind nicht nur darauf [&hellip;]\" \/>\n<meta property=\"og:url\" content=\"https:\/\/www.iceireland.com\/de\/course-purpose-intended-learning-outcome-junior-students\/\" \/>\n<meta property=\"og:site_name\" content=\"Irish College of English\" \/>\n<meta property=\"article:modified_time\" content=\"2026-01-30T18:26:35+00:00\" \/>\n<meta name=\"twitter:label1\" content=\"Gesch\u00e4tzte Lesezeit\" \/>\n\t<meta name=\"twitter:data1\" content=\"2\u00a0Minuten\" \/>\n<script type=\"application\/ld+json\" class=\"yoast-schema-graph\">{\"@context\":\"https:\\\/\\\/schema.org\",\"@graph\":[{\"@type\":\"WebPage\",\"@id\":\"https:\\\/\\\/www.iceireland.com\\\/de\\\/course-purpose-intended-learning-outcome-junior-students\\\/\",\"url\":\"https:\\\/\\\/www.iceireland.com\\\/de\\\/course-purpose-intended-learning-outcome-junior-students\\\/\",\"name\":\"Kursziel &amp; angestrebte Lernergebnisse - Junior-Studenten - Irish College of English\",\"isPartOf\":{\"@id\":\"https:\\\/\\\/www.iceireland.com\\\/de\\\/#website\"},\"datePublished\":\"2024-08-14T08:50:50+00:00\",\"dateModified\":\"2026-01-30T18:26:35+00:00\",\"breadcrumb\":{\"@id\":\"https:\\\/\\\/www.iceireland.com\\\/de\\\/course-purpose-intended-learning-outcome-junior-students\\\/#breadcrumb\"},\"inLanguage\":\"de\",\"potentialAction\":[{\"@type\":\"ReadAction\",\"target\":[\"https:\\\/\\\/www.iceireland.com\\\/de\\\/course-purpose-intended-learning-outcome-junior-students\\\/\"]}]},{\"@type\":\"BreadcrumbList\",\"@id\":\"https:\\\/\\\/www.iceireland.com\\\/de\\\/course-purpose-intended-learning-outcome-junior-students\\\/#breadcrumb\",\"itemListElement\":[{\"@type\":\"ListItem\",\"position\":1,\"name\":\"Home\",\"item\":\"https:\\\/\\\/www.iceireland.com\\\/de\\\/\"},{\"@type\":\"ListItem\",\"position\":2,\"name\":\"Kursziel &amp; angestrebte Lernergebnisse &#8211; Junior-Studenten\"}]},{\"@type\":\"WebSite\",\"@id\":\"https:\\\/\\\/www.iceireland.com\\\/de\\\/#website\",\"url\":\"https:\\\/\\\/www.iceireland.com\\\/de\\\/\",\"name\":\"Irish College of English\",\"description\":\"English School in Dublin, Malahide\",\"publisher\":{\"@id\":\"https:\\\/\\\/www.iceireland.com\\\/de\\\/#organization\"},\"potentialAction\":[{\"@type\":\"SearchAction\",\"target\":{\"@type\":\"EntryPoint\",\"urlTemplate\":\"https:\\\/\\\/www.iceireland.com\\\/de\\\/?s={search_term_string}\"},\"query-input\":{\"@type\":\"PropertyValueSpecification\",\"valueRequired\":true,\"valueName\":\"search_term_string\"}}],\"inLanguage\":\"de\"},{\"@type\":\"Organization\",\"@id\":\"https:\\\/\\\/www.iceireland.com\\\/de\\\/#organization\",\"name\":\"Irish College of English\",\"url\":\"https:\\\/\\\/www.iceireland.com\\\/de\\\/\",\"logo\":{\"@type\":\"ImageObject\",\"inLanguage\":\"de\",\"@id\":\"https:\\\/\\\/www.iceireland.com\\\/de\\\/#\\\/schema\\\/logo\\\/image\\\/\",\"url\":\"https:\\\/\\\/www.iceireland.com\\\/wp-content\\\/uploads\\\/2022\\\/03\\\/logo.png\",\"contentUrl\":\"https:\\\/\\\/www.iceireland.com\\\/wp-content\\\/uploads\\\/2022\\\/03\\\/logo.png\",\"width\":593,\"height\":92,\"caption\":\"Irish College of English\"},\"image\":{\"@id\":\"https:\\\/\\\/www.iceireland.com\\\/de\\\/#\\\/schema\\\/logo\\\/image\\\/\"}}]}<\/script>\n<!-- \/ Yoast SEO plugin. -->","yoast_head_json":{"title":"Kursziel &amp; angestrebte Lernergebnisse - Junior-Studenten - Irish College of English","robots":{"index":"index","follow":"follow","max-snippet":"max-snippet:-1","max-image-preview":"max-image-preview:large","max-video-preview":"max-video-preview:-1"},"canonical":"https:\/\/www.iceireland.com\/de\/course-purpose-intended-learning-outcome-junior-students\/","og_locale":"de_DE","og_type":"article","og_title":"Kursziel &amp; angestrebte Lernergebnisse - Junior-Studenten - Irish College of English","og_description":"Kursziel und angestrebte Lernergebnisse &#8211; Junior Summer Camps Zweck Das Ziel unserer Junior-Programme ist es, jungen Lernenden eine ansprechende und unterst\u00fctzende Umgebung zu bieten, um ihre Englischkenntnisse zu verbessern. Durch die Anwendung eines strukturierten Lehrplans, der auf der CEFR-Skala basiert, sollen die Sch\u00fcler messbare Fortschritte in ihren Sprachkenntnissen erzielen. Diese Programme sind nicht nur darauf [&hellip;]","og_url":"https:\/\/www.iceireland.com\/de\/course-purpose-intended-learning-outcome-junior-students\/","og_site_name":"Irish College of English","article_modified_time":"2026-01-30T18:26:35+00:00","twitter_misc":{"Gesch\u00e4tzte Lesezeit":"2\u00a0Minuten"},"schema":{"@context":"https:\/\/schema.org","@graph":[{"@type":"WebPage","@id":"https:\/\/www.iceireland.com\/de\/course-purpose-intended-learning-outcome-junior-students\/","url":"https:\/\/www.iceireland.com\/de\/course-purpose-intended-learning-outcome-junior-students\/","name":"Kursziel &amp; angestrebte Lernergebnisse - Junior-Studenten - Irish College of English","isPartOf":{"@id":"https:\/\/www.iceireland.com\/de\/#website"},"datePublished":"2024-08-14T08:50:50+00:00","dateModified":"2026-01-30T18:26:35+00:00","breadcrumb":{"@id":"https:\/\/www.iceireland.com\/de\/course-purpose-intended-learning-outcome-junior-students\/#breadcrumb"},"inLanguage":"de","potentialAction":[{"@type":"ReadAction","target":["https:\/\/www.iceireland.com\/de\/course-purpose-intended-learning-outcome-junior-students\/"]}]},{"@type":"BreadcrumbList","@id":"https:\/\/www.iceireland.com\/de\/course-purpose-intended-learning-outcome-junior-students\/#breadcrumb","itemListElement":[{"@type":"ListItem","position":1,"name":"Home","item":"https:\/\/www.iceireland.com\/de\/"},{"@type":"ListItem","position":2,"name":"Kursziel &amp; angestrebte Lernergebnisse &#8211; Junior-Studenten"}]},{"@type":"WebSite","@id":"https:\/\/www.iceireland.com\/de\/#website","url":"https:\/\/www.iceireland.com\/de\/","name":"Irish College of English","description":"English School in Dublin, Malahide","publisher":{"@id":"https:\/\/www.iceireland.com\/de\/#organization"},"potentialAction":[{"@type":"SearchAction","target":{"@type":"EntryPoint","urlTemplate":"https:\/\/www.iceireland.com\/de\/?s={search_term_string}"},"query-input":{"@type":"PropertyValueSpecification","valueRequired":true,"valueName":"search_term_string"}}],"inLanguage":"de"},{"@type":"Organization","@id":"https:\/\/www.iceireland.com\/de\/#organization","name":"Irish College of English","url":"https:\/\/www.iceireland.com\/de\/","logo":{"@type":"ImageObject","inLanguage":"de","@id":"https:\/\/www.iceireland.com\/de\/#\/schema\/logo\/image\/","url":"https:\/\/www.iceireland.com\/wp-content\/uploads\/2022\/03\/logo.png","contentUrl":"https:\/\/www.iceireland.com\/wp-content\/uploads\/2022\/03\/logo.png","width":593,"height":92,"caption":"Irish College of English"},"image":{"@id":"https:\/\/www.iceireland.com\/de\/#\/schema\/logo\/image\/"}}]}},"_links":{"self":[{"href":"https:\/\/www.iceireland.com\/de\/wp-json\/wp\/v2\/pages\/33179","targetHints":{"allow":["GET"]}}],"collection":[{"href":"https:\/\/www.iceireland.com\/de\/wp-json\/wp\/v2\/pages"}],"about":[{"href":"https:\/\/www.iceireland.com\/de\/wp-json\/wp\/v2\/types\/page"}],"author":[{"embeddable":true,"href":"https:\/\/www.iceireland.com\/de\/wp-json\/wp\/v2\/users\/3"}],"replies":[{"embeddable":true,"href":"https:\/\/www.iceireland.com\/de\/wp-json\/wp\/v2\/comments?post=33179"}],"version-history":[{"count":1,"href":"https:\/\/www.iceireland.com\/de\/wp-json\/wp\/v2\/pages\/33179\/revisions"}],"predecessor-version":[{"id":33181,"href":"https:\/\/www.iceireland.com\/de\/wp-json\/wp\/v2\/pages\/33179\/revisions\/33181"}],"wp:attachment":[{"href":"https:\/\/www.iceireland.com\/de\/wp-json\/wp\/v2\/media?parent=33179"}],"curies":[{"name":"wp","href":"https:\/\/api.w.org\/{rel}","templated":true}]}}