{"id":33215,"date":"2024-08-13T14:18:49","date_gmt":"2024-08-13T14:18:49","guid":{"rendered":"https:\/\/www.iceireland.com\/course-purpose-intended-learning-outcomes-adult-courses\/"},"modified":"2026-01-30T18:26:48","modified_gmt":"2026-01-30T18:26:48","slug":"course-purpose-intended-learning-outcomes-adult-courses","status":"publish","type":"page","link":"https:\/\/www.iceireland.com\/de\/course-purpose-intended-learning-outcomes-adult-courses\/","title":{"rendered":"Kurszweck &amp; beabsichtigte Lernergebnisse &#8211; Kurse f\u00fcr Erwachsene"},"content":{"rendered":"\t\t<div data-elementor-type=\"wp-page\" data-elementor-id=\"33215\" class=\"elementor elementor-33215 elementor-27245\" data-elementor-post-type=\"page\">\n\t\t\t\t\t\t<section class=\"elementor-section elementor-top-section elementor-element elementor-element-edee056 elementor-section-boxed elementor-section-height-default elementor-section-height-default\" data-id=\"edee056\" data-element_type=\"section\" data-e-type=\"section\">\n\t\t\t\t\t\t<div class=\"elementor-container elementor-column-gap-default\">\n\t\t\t\t\t<div class=\"elementor-column elementor-col-100 elementor-top-column elementor-element elementor-element-7b200fb\" data-id=\"7b200fb\" data-element_type=\"column\" data-e-type=\"column\">\n\t\t\t<div class=\"elementor-widget-wrap elementor-element-populated\">\n\t\t\t\t\t\t<div class=\"elementor-element elementor-element-05f6122 elementor-widget elementor-widget-text-editor\" data-id=\"05f6122\" data-element_type=\"widget\" data-e-type=\"widget\" data-widget_type=\"text-editor.default\">\n\t\t\t\t<div class=\"elementor-widget-container\">\n\t\t\t\t\t\t\t\t\t<h2>Kurszweck &amp; beabsichtigte Lernergebnisse &#8211; Kurse f\u00fcr Erwachsene<\/h2><p> <\/p><p>Zweck<\/p><p>Das Ziel unserer Erwachsenenkurse ist es, erwachsenen Lernenden ein umfassendes und flexibles Umfeld zu bieten, um ihre Englischkenntnisse zu verbessern. Der Kurs folgt einem strukturierten Lehrplan, der auf der GERS-Skala basiert, und soll den Teilnehmern helfen, messbare Fortschritte in ihren Sprachkenntnissen zu erzielen und dabei auf verschiedene pers\u00f6nliche und berufliche Ziele einzugehen. Unser prim\u00e4res Ziel ist es, die F\u00e4higkeit unserer Kursteilnehmer zu verbessern, effektiv auf Englisch zu kommunizieren. Wir konzentrieren uns aber auch darauf, die Lernenden mit Sprachkenntnissen auszustatten, die sie f\u00fcr den Arbeitsplatz, Universit\u00e4tsprogramme und die soziale Integration ben\u00f6tigen. Erwachsene k\u00f6nnen ihr Programm so anpassen, dass sie zus\u00e4tzlichen Einzelunterricht erhalten und so die Intensit\u00e4t ihres Programms erh\u00f6hen k\u00f6nnen. Erwachsene k\u00f6nnen auch an unseren Freizeit- und Aktivit\u00e4tsprogrammen f\u00fcr Erwachsene teilnehmen und so ein interkulturelles und sehenswertes Element zu ihrer Erfahrung hinzuf\u00fcgen. Au\u00dferdem bietet das Programm die M\u00f6glichkeit, bei einheimischen Gastgebern zu wohnen, was authentische Gelegenheiten bietet, Englisch zu \u00fcben und in die Kultur einzutauchen, was das allgemeine Verst\u00e4ndnis und die Wertsch\u00e4tzung der Sprache in realen Kontexten verbessert.     <\/p><p> <\/p><p>Angestrebte Lernergebnisse<\/p><p>Die angestrebten Lernergebnisse unseres Englischkurses f\u00fcr Erwachsene sollen sicherstellen, dass die Lernenden eine umfassende und praktische Beherrschung der Sprache erreichen, die eine effektive Kommunikation in einer Vielzahl von Kontexten erm\u00f6glicht. Am Ende des Kurses sollten die Lernenden in der Lage sein, verbesserte Kenntnisse in den Bereichen H\u00f6ren, Sprechen, Lesen und Schreiben nachzuweisen, die auf ihr jeweiliges GER-Niveau zugeschnitten sind. Sie werden in der Lage sein, allt\u00e4gliche Gespr\u00e4che zu verstehen und sich an ihnen zu beteiligen, ihre Gedanken und Ideen klar auszudr\u00fccken und schriftliche Texte unterschiedlicher Komplexit\u00e4t zu verstehen. Dar\u00fcber hinaus werden die Lernenden die F\u00e4higkeit entwickeln, zusammenh\u00e4ngende und strukturierte Texte zu schreiben, einschlie\u00dflich E-Mails, Berichte und Aufs\u00e4tze, die ihrem Niveau entsprechen.   <\/p><p>\u00dcber die sprachlichen F\u00e4higkeiten hinaus zielt der Kurs darauf ab, die kulturelle Kompetenz der Lernenden zu verbessern und ihre F\u00e4higkeit zu st\u00e4rken, sich in sozialen und beruflichen Umfeldern in englischsprachigen Umgebungen zurechtzufinden. Die Lernenden erhalten Einblicke in kulturelle Normen, idiomatische Ausdr\u00fccke und den kontextspezifischen Sprachgebrauch, was sie in die Lage versetzt, effektiver und selbstbewusster zu interagieren. Der Kurs zielt auch darauf ab, die Besch\u00e4ftigungsf\u00e4higkeit der Lernenden zu verbessern, indem er ihnen Vokabular und Kommunikationsf\u00e4higkeiten vermittelt und ihnen so bessere Karrierechancen er\u00f6ffnet. Insgesamt zielt der Kurs darauf ab, die Lernenden zu bef\u00e4higen, ihre pers\u00f6nlichen, beruflichen und akademischen Ziele durch eine solide Grundlage an Englischkenntnissen und kulturellem Verst\u00e4ndnis zu erreichen.   <\/p>\t\t\t\t\t\t\t\t<\/div>\n\t\t\t\t<\/div>\n\t\t\t\t\t<\/div>\n\t\t<\/div>\n\t\t\t\t\t<\/div>\n\t\t<\/section>\n\t\t\t\t<\/div>\n\t\t","protected":false},"excerpt":{"rendered":"<p>Kurszweck &amp; beabsichtigte Lernergebnisse &#8211; Kurse f\u00fcr Erwachsene Zweck Das Ziel unserer Erwachsenenkurse ist es, erwachsenen Lernenden ein umfassendes und flexibles Umfeld zu bieten, um ihre Englischkenntnisse zu verbessern. Der Kurs folgt einem strukturierten Lehrplan, der auf der GERS-Skala basiert, und soll den Teilnehmern helfen, messbare Fortschritte in ihren Sprachkenntnissen zu erzielen und dabei auf [&hellip;]<\/p>\n","protected":false},"author":3,"featured_media":0,"parent":0,"menu_order":0,"comment_status":"closed","ping_status":"closed","template":"","meta":{"content-type":"","footnotes":""},"class_list":["post-33215","page","type-page","status-publish","hentry"],"yoast_head":"<!-- This site is optimized with the Yoast SEO plugin v27.3 - https:\/\/yoast.com\/product\/yoast-seo-wordpress\/ -->\n<title>Kurszweck &amp; beabsichtigte Lernergebnisse - Kurse f\u00fcr Erwachsene - Irish College of English<\/title>\n<meta name=\"robots\" content=\"index, follow, max-snippet:-1, max-image-preview:large, max-video-preview:-1\" \/>\n<link rel=\"canonical\" href=\"https:\/\/www.iceireland.com\/de\/course-purpose-intended-learning-outcomes-adult-courses\/\" \/>\n<meta property=\"og:locale\" content=\"de_DE\" \/>\n<meta property=\"og:type\" content=\"article\" \/>\n<meta property=\"og:title\" content=\"Kurszweck &amp; beabsichtigte Lernergebnisse - Kurse f\u00fcr Erwachsene - Irish College of English\" \/>\n<meta property=\"og:description\" content=\"Kurszweck &amp; beabsichtigte Lernergebnisse &#8211; Kurse f\u00fcr Erwachsene Zweck Das Ziel unserer Erwachsenenkurse ist es, erwachsenen Lernenden ein umfassendes und flexibles Umfeld zu bieten, um ihre Englischkenntnisse zu verbessern. Der Kurs folgt einem strukturierten Lehrplan, der auf der GERS-Skala basiert, und soll den Teilnehmern helfen, messbare Fortschritte in ihren Sprachkenntnissen zu erzielen und dabei auf [&hellip;]\" \/>\n<meta property=\"og:url\" content=\"https:\/\/www.iceireland.com\/de\/course-purpose-intended-learning-outcomes-adult-courses\/\" \/>\n<meta property=\"og:site_name\" content=\"Irish College of English\" \/>\n<meta property=\"article:modified_time\" content=\"2026-01-30T18:26:48+00:00\" \/>\n<meta name=\"twitter:label1\" content=\"Gesch\u00e4tzte Lesezeit\" \/>\n\t<meta name=\"twitter:data1\" content=\"2\u00a0Minuten\" \/>\n<script type=\"application\/ld+json\" class=\"yoast-schema-graph\">{\"@context\":\"https:\\\/\\\/schema.org\",\"@graph\":[{\"@type\":\"WebPage\",\"@id\":\"https:\\\/\\\/www.iceireland.com\\\/de\\\/course-purpose-intended-learning-outcomes-adult-courses\\\/\",\"url\":\"https:\\\/\\\/www.iceireland.com\\\/de\\\/course-purpose-intended-learning-outcomes-adult-courses\\\/\",\"name\":\"Kurszweck &amp; beabsichtigte Lernergebnisse - Kurse f\u00fcr Erwachsene - Irish College of English\",\"isPartOf\":{\"@id\":\"https:\\\/\\\/www.iceireland.com\\\/de\\\/#website\"},\"datePublished\":\"2024-08-13T14:18:49+00:00\",\"dateModified\":\"2026-01-30T18:26:48+00:00\",\"breadcrumb\":{\"@id\":\"https:\\\/\\\/www.iceireland.com\\\/de\\\/course-purpose-intended-learning-outcomes-adult-courses\\\/#breadcrumb\"},\"inLanguage\":\"de\",\"potentialAction\":[{\"@type\":\"ReadAction\",\"target\":[\"https:\\\/\\\/www.iceireland.com\\\/de\\\/course-purpose-intended-learning-outcomes-adult-courses\\\/\"]}]},{\"@type\":\"BreadcrumbList\",\"@id\":\"https:\\\/\\\/www.iceireland.com\\\/de\\\/course-purpose-intended-learning-outcomes-adult-courses\\\/#breadcrumb\",\"itemListElement\":[{\"@type\":\"ListItem\",\"position\":1,\"name\":\"Home\",\"item\":\"https:\\\/\\\/www.iceireland.com\\\/de\\\/\"},{\"@type\":\"ListItem\",\"position\":2,\"name\":\"Kurszweck &amp; beabsichtigte Lernergebnisse &#8211; Kurse f\u00fcr Erwachsene\"}]},{\"@type\":\"WebSite\",\"@id\":\"https:\\\/\\\/www.iceireland.com\\\/de\\\/#website\",\"url\":\"https:\\\/\\\/www.iceireland.com\\\/de\\\/\",\"name\":\"Irish College of English\",\"description\":\"English School in Dublin, Malahide\",\"publisher\":{\"@id\":\"https:\\\/\\\/www.iceireland.com\\\/de\\\/#organization\"},\"potentialAction\":[{\"@type\":\"SearchAction\",\"target\":{\"@type\":\"EntryPoint\",\"urlTemplate\":\"https:\\\/\\\/www.iceireland.com\\\/de\\\/?s={search_term_string}\"},\"query-input\":{\"@type\":\"PropertyValueSpecification\",\"valueRequired\":true,\"valueName\":\"search_term_string\"}}],\"inLanguage\":\"de\"},{\"@type\":\"Organization\",\"@id\":\"https:\\\/\\\/www.iceireland.com\\\/de\\\/#organization\",\"name\":\"Irish College of English\",\"url\":\"https:\\\/\\\/www.iceireland.com\\\/de\\\/\",\"logo\":{\"@type\":\"ImageObject\",\"inLanguage\":\"de\",\"@id\":\"https:\\\/\\\/www.iceireland.com\\\/de\\\/#\\\/schema\\\/logo\\\/image\\\/\",\"url\":\"https:\\\/\\\/www.iceireland.com\\\/wp-content\\\/uploads\\\/2022\\\/03\\\/logo.png\",\"contentUrl\":\"https:\\\/\\\/www.iceireland.com\\\/wp-content\\\/uploads\\\/2022\\\/03\\\/logo.png\",\"width\":593,\"height\":92,\"caption\":\"Irish College of English\"},\"image\":{\"@id\":\"https:\\\/\\\/www.iceireland.com\\\/de\\\/#\\\/schema\\\/logo\\\/image\\\/\"}}]}<\/script>\n<!-- \/ Yoast SEO plugin. -->","yoast_head_json":{"title":"Kurszweck &amp; beabsichtigte Lernergebnisse - Kurse f\u00fcr Erwachsene - Irish College of English","robots":{"index":"index","follow":"follow","max-snippet":"max-snippet:-1","max-image-preview":"max-image-preview:large","max-video-preview":"max-video-preview:-1"},"canonical":"https:\/\/www.iceireland.com\/de\/course-purpose-intended-learning-outcomes-adult-courses\/","og_locale":"de_DE","og_type":"article","og_title":"Kurszweck &amp; beabsichtigte Lernergebnisse - Kurse f\u00fcr Erwachsene - Irish College of English","og_description":"Kurszweck &amp; beabsichtigte Lernergebnisse &#8211; Kurse f\u00fcr Erwachsene Zweck Das Ziel unserer Erwachsenenkurse ist es, erwachsenen Lernenden ein umfassendes und flexibles Umfeld zu bieten, um ihre Englischkenntnisse zu verbessern. Der Kurs folgt einem strukturierten Lehrplan, der auf der GERS-Skala basiert, und soll den Teilnehmern helfen, messbare Fortschritte in ihren Sprachkenntnissen zu erzielen und dabei auf [&hellip;]","og_url":"https:\/\/www.iceireland.com\/de\/course-purpose-intended-learning-outcomes-adult-courses\/","og_site_name":"Irish College of English","article_modified_time":"2026-01-30T18:26:48+00:00","twitter_misc":{"Gesch\u00e4tzte Lesezeit":"2\u00a0Minuten"},"schema":{"@context":"https:\/\/schema.org","@graph":[{"@type":"WebPage","@id":"https:\/\/www.iceireland.com\/de\/course-purpose-intended-learning-outcomes-adult-courses\/","url":"https:\/\/www.iceireland.com\/de\/course-purpose-intended-learning-outcomes-adult-courses\/","name":"Kurszweck &amp; beabsichtigte Lernergebnisse - Kurse f\u00fcr Erwachsene - Irish College of English","isPartOf":{"@id":"https:\/\/www.iceireland.com\/de\/#website"},"datePublished":"2024-08-13T14:18:49+00:00","dateModified":"2026-01-30T18:26:48+00:00","breadcrumb":{"@id":"https:\/\/www.iceireland.com\/de\/course-purpose-intended-learning-outcomes-adult-courses\/#breadcrumb"},"inLanguage":"de","potentialAction":[{"@type":"ReadAction","target":["https:\/\/www.iceireland.com\/de\/course-purpose-intended-learning-outcomes-adult-courses\/"]}]},{"@type":"BreadcrumbList","@id":"https:\/\/www.iceireland.com\/de\/course-purpose-intended-learning-outcomes-adult-courses\/#breadcrumb","itemListElement":[{"@type":"ListItem","position":1,"name":"Home","item":"https:\/\/www.iceireland.com\/de\/"},{"@type":"ListItem","position":2,"name":"Kurszweck &amp; beabsichtigte Lernergebnisse &#8211; Kurse f\u00fcr Erwachsene"}]},{"@type":"WebSite","@id":"https:\/\/www.iceireland.com\/de\/#website","url":"https:\/\/www.iceireland.com\/de\/","name":"Irish College of English","description":"English School in Dublin, Malahide","publisher":{"@id":"https:\/\/www.iceireland.com\/de\/#organization"},"potentialAction":[{"@type":"SearchAction","target":{"@type":"EntryPoint","urlTemplate":"https:\/\/www.iceireland.com\/de\/?s={search_term_string}"},"query-input":{"@type":"PropertyValueSpecification","valueRequired":true,"valueName":"search_term_string"}}],"inLanguage":"de"},{"@type":"Organization","@id":"https:\/\/www.iceireland.com\/de\/#organization","name":"Irish College of English","url":"https:\/\/www.iceireland.com\/de\/","logo":{"@type":"ImageObject","inLanguage":"de","@id":"https:\/\/www.iceireland.com\/de\/#\/schema\/logo\/image\/","url":"https:\/\/www.iceireland.com\/wp-content\/uploads\/2022\/03\/logo.png","contentUrl":"https:\/\/www.iceireland.com\/wp-content\/uploads\/2022\/03\/logo.png","width":593,"height":92,"caption":"Irish College of English"},"image":{"@id":"https:\/\/www.iceireland.com\/de\/#\/schema\/logo\/image\/"}}]}},"_links":{"self":[{"href":"https:\/\/www.iceireland.com\/de\/wp-json\/wp\/v2\/pages\/33215","targetHints":{"allow":["GET"]}}],"collection":[{"href":"https:\/\/www.iceireland.com\/de\/wp-json\/wp\/v2\/pages"}],"about":[{"href":"https:\/\/www.iceireland.com\/de\/wp-json\/wp\/v2\/types\/page"}],"author":[{"embeddable":true,"href":"https:\/\/www.iceireland.com\/de\/wp-json\/wp\/v2\/users\/3"}],"replies":[{"embeddable":true,"href":"https:\/\/www.iceireland.com\/de\/wp-json\/wp\/v2\/comments?post=33215"}],"version-history":[{"count":1,"href":"https:\/\/www.iceireland.com\/de\/wp-json\/wp\/v2\/pages\/33215\/revisions"}],"predecessor-version":[{"id":33217,"href":"https:\/\/www.iceireland.com\/de\/wp-json\/wp\/v2\/pages\/33215\/revisions\/33217"}],"wp:attachment":[{"href":"https:\/\/www.iceireland.com\/de\/wp-json\/wp\/v2\/media?parent=33215"}],"curies":[{"name":"wp","href":"https:\/\/api.w.org\/{rel}","templated":true}]}}