{"id":33224,"date":"2024-08-13T13:47:09","date_gmt":"2024-08-13T13:47:09","guid":{"rendered":"https:\/\/www.iceireland.com\/access-transfer-and-progression-junior-summer-camps\/"},"modified":"2026-01-30T18:26:57","modified_gmt":"2026-01-30T18:26:57","slug":"access-transfer-and-progression-junior-summer-camps","status":"publish","type":"page","link":"https:\/\/www.iceireland.com\/de\/access-transfer-and-progression-junior-summer-camps\/","title":{"rendered":"Zugang, Transfer und Progression &#8211; Junior-Sommercamps"},"content":{"rendered":"\t\t<div data-elementor-type=\"wp-page\" data-elementor-id=\"33224\" class=\"elementor elementor-33224 elementor-27217\" data-elementor-post-type=\"page\">\n\t\t\t\t\t\t<section class=\"elementor-section elementor-top-section elementor-element elementor-element-d8d883d elementor-section-boxed elementor-section-height-default elementor-section-height-default\" data-id=\"d8d883d\" data-element_type=\"section\" data-e-type=\"section\">\n\t\t\t\t\t\t<div class=\"elementor-container elementor-column-gap-default\">\n\t\t\t\t\t<div class=\"elementor-column elementor-col-100 elementor-top-column elementor-element elementor-element-730a47c3\" data-id=\"730a47c3\" data-element_type=\"column\" data-e-type=\"column\">\n\t\t\t<div class=\"elementor-widget-wrap elementor-element-populated\">\n\t\t\t\t\t\t<div class=\"elementor-element elementor-element-2f5bb608 elementor-widget elementor-widget-text-editor\" data-id=\"2f5bb608\" data-element_type=\"widget\" data-e-type=\"widget\" data-widget_type=\"text-editor.default\">\n\t\t\t\t<div class=\"elementor-widget-container\">\n\t\t\t\t\t\t\t\t\t<h2><strong>Zugang, Transfer und Progression &#8211; Junior-Sommercamps<\/strong><\/h2><p> <\/p><p><strong>Zugang<\/strong><\/p><p>Kriterien f\u00fcr die Zulassung:<\/p><p>Unser Aufnahmeverfahren ist so gestaltet, dass es alle einbezieht und transparent ist. Wir halten uns an klare Kriterien sowohl f\u00fcr junge als auch f\u00fcr erwachsene Lernende und gew\u00e4hrleisten Chancengleichheit f\u00fcr alle Bewerber. Informationen \u00fcber unsere Programme und Aufnahmeverfahren werden klar kommuniziert und potenziellen Lernenden leicht zug\u00e4nglich gemacht, um Transparenz und Zug\u00e4nglichkeit zu gew\u00e4hrleisten. <\/p><ul><li>Informationen zu unseren Kursen erhalten Sie auf unserer Website und von unserem Einschreibungsteam.<\/li><li>Sch\u00fcler\/Eltern\/Erziehungsberechtigte oder Gruppenorganisatoren k\u00f6nnen sich online \u00fcber unser Buchungssystem oder das Gruppenanfrageformular anmelden.<\/li><li>Wir freuen uns auch \u00fcber direkte Anfragen und Kontaktaufnahme per E-Mail oder Telefon oder pers\u00f6nlich in unserer Schule in Malahide<\/li><li>Wir bieten umfassende Informationen vor der Buchung, einschlie\u00dflich Brosch\u00fcren, Buchungsformularen und zus\u00e4tzlichen Informationen.<\/li><\/ul><p>Unterst\u00fctzung f\u00fcr unterschiedliche Lernende:<\/p><p>Wir verpflichten uns, den Lernenden angemessene Anpassungen und Unterst\u00fctzungsleistungen zu bieten und werden von Fall zu Fall pr\u00fcfen, welche zus\u00e4tzlichen Bed\u00fcrfnisse wir im Rahmen unserer Programme unterst\u00fctzen k\u00f6nnen. Unsere Richtlinien zu medizinischen Bedingungen und zus\u00e4tzlichen Bed\u00fcrfnissen sind auf unserer Website im QA-Handbuch f\u00fcr alle Beteiligten einsehbar.   <\/p><p> <\/p><p><strong>\u00dcbertragen Sie<\/strong><\/p><p>Interne \u00dcbertragung:<\/p><p>Lernende k\u00f6nnen interne Transfers zwischen Kursen oder Niveaus beantragen, abh\u00e4ngig von der Verf\u00fcgbarkeit und den nachgewiesenen F\u00e4higkeiten des Lernenden.<\/p><p>Externe \u00dcbertragung:<\/p><p>Anfragen von Lernenden, die von anderen Sprachschulen oder Institutionen zu uns kommen, werden von Fall zu Fall unter Ber\u00fccksichtigung der bisherigen Sprachkenntnisse und der behandelten Kursinhalte gepr\u00fcft.<\/p><p>Transferverfahren:<\/p><p>Lernende, die in ein anderes Programm oder eine andere Stufe wechseln m\u00f6chten, k\u00f6nnen dies ihrem Lehrer oder der Zulassungsstelle mitteilen. Der Academic Manager wird den Wechsel mit dem Lehrer besprechen, um die akademische Eignung des Sch\u00fclers f\u00fcr einen solchen Wechsel zu pr\u00fcfen und eine Entscheidung zu treffen, die er dem Sch\u00fcler zusammen mit einer Begr\u00fcndung mitteilen wird. <\/p><p> <\/p><p><strong>Progression<\/strong><\/p><p>Akademische Progression:<\/p><p>Wir unterst\u00fctzen den akademischen Fortschritt der Lernenden auf der Grundlage des erfolgreichen Abschlusses von Kurszielen, die auf den CEFR abgestimmt sind.<\/p><p>Progressionsverfahren:<\/p><ul><li>Regelm\u00e4\u00dfige Beurteilungen und R\u00fcckmeldungen werden die Fortschritte der Lernenden in \u00dcbereinstimmung mit dem CEFR verfolgen. Wenn ein Lehrer der Meinung ist, dass ein Sch\u00fcler bereit ist, die n\u00e4chste Stufe zu erreichen, wird ihm dies mitgeteilt und ein Plan erstellt.<\/li><li>An den Schwarzen Brettern der Studenten und in einigen Handb\u00fcchern h\u00e4ngen Plakate mit Informationen zur Progression.<\/li><li>Nach Abschluss des Kurses erhalten die Lernenden ein Zertifikat und einen individuellen Bericht, in dem ihre Fortschritte in Bezug auf die Deskriptoren des CEFR (&#8222;can do&#8220;) aufgef\u00fchrt sind.<\/li><\/ul><p>Zweck und angestrebte Lernergebnisse der Kursprogramme werden f\u00fcr jedes Kursprogramm dargelegt.<\/p>\t\t\t\t\t\t\t\t<\/div>\n\t\t\t\t<\/div>\n\t\t\t\t\t<\/div>\n\t\t<\/div>\n\t\t\t\t\t<\/div>\n\t\t<\/section>\n\t\t\t\t<section class=\"elementor-section elementor-top-section elementor-element elementor-element-dab80f1 elementor-section-boxed elementor-section-height-default elementor-section-height-default\" data-id=\"dab80f1\" data-element_type=\"section\" data-e-type=\"section\">\n\t\t\t\t\t\t<div class=\"elementor-container elementor-column-gap-default\">\n\t\t\t\t\t<div class=\"elementor-column elementor-col-100 elementor-top-column elementor-element elementor-element-c8a277c\" data-id=\"c8a277c\" data-element_type=\"column\" data-e-type=\"column\">\n\t\t\t<div class=\"elementor-widget-wrap elementor-element-populated\">\n\t\t\t\t\t\t<div class=\"elementor-element elementor-element-95eb85f elementor-widget elementor-widget-spacer\" data-id=\"95eb85f\" data-element_type=\"widget\" data-e-type=\"widget\" data-widget_type=\"spacer.default\">\n\t\t\t\t<div class=\"elementor-widget-container\">\n\t\t\t\t\t\t\t<div class=\"elementor-spacer\">\n\t\t\t<div class=\"elementor-spacer-inner\"><\/div>\n\t\t<\/div>\n\t\t\t\t\t\t<\/div>\n\t\t\t\t<\/div>\n\t\t\t\t\t<\/div>\n\t\t<\/div>\n\t\t\t\t\t<\/div>\n\t\t<\/section>\n\t\t\t\t<section class=\"elementor-section elementor-top-section elementor-element elementor-element-939fb60 elementor-section-boxed elementor-section-height-default elementor-section-height-default\" data-id=\"939fb60\" data-element_type=\"section\" data-e-type=\"section\">\n\t\t\t\t\t\t<div class=\"elementor-container elementor-column-gap-default\">\n\t\t\t\t\t<div class=\"elementor-column elementor-col-100 elementor-top-column elementor-element elementor-element-c27d8a5\" data-id=\"c27d8a5\" data-element_type=\"column\" data-e-type=\"column\">\n\t\t\t<div class=\"elementor-widget-wrap elementor-element-populated\">\n\t\t\t\t\t\t<div class=\"elementor-element elementor-element-7b56d74 elementor-widget elementor-widget-image\" data-id=\"7b56d74\" data-element_type=\"widget\" data-e-type=\"widget\" data-widget_type=\"image.default\">\n\t\t\t\t<div class=\"elementor-widget-container\">\n\t\t\t\t\t\t\t\t\t\t\t\t\t\t\t<img fetchpriority=\"high\" decoding=\"async\" width=\"800\" height=\"566\" src=\"https:\/\/www.iceireland.com\/wp-content\/uploads\/2025\/08\/Junior-Student-Pathway-at-ICE-1024x724.png\" class=\"attachment-large size-large wp-image-31219\" alt=\"\" srcset=\"https:\/\/www.iceireland.com\/wp-content\/uploads\/2025\/08\/Junior-Student-Pathway-at-ICE-1024x724.png 1024w, https:\/\/www.iceireland.com\/wp-content\/uploads\/2025\/08\/Junior-Student-Pathway-at-ICE-300x212.png 300w, https:\/\/www.iceireland.com\/wp-content\/uploads\/2025\/08\/Junior-Student-Pathway-at-ICE-768x543.png 768w, https:\/\/www.iceireland.com\/wp-content\/uploads\/2025\/08\/Junior-Student-Pathway-at-ICE-1536x1086.png 1536w, https:\/\/www.iceireland.com\/wp-content\/uploads\/2025\/08\/Junior-Student-Pathway-at-ICE-2048x1448.png 2048w\" sizes=\"(max-width: 800px) 100vw, 800px\" \/>\t\t\t\t\t\t\t\t\t\t\t\t\t\t\t<\/div>\n\t\t\t\t<\/div>\n\t\t\t\t\t<\/div>\n\t\t<\/div>\n\t\t\t\t\t<\/div>\n\t\t<\/section>\n\t\t\t\t<section class=\"elementor-section elementor-top-section elementor-element elementor-element-2036c0f elementor-section-boxed elementor-section-height-default elementor-section-height-default\" data-id=\"2036c0f\" data-element_type=\"section\" data-e-type=\"section\">\n\t\t\t\t\t\t<div class=\"elementor-container elementor-column-gap-default\">\n\t\t\t\t\t<div class=\"elementor-column elementor-col-100 elementor-top-column elementor-element elementor-element-454c7f6\" data-id=\"454c7f6\" data-element_type=\"column\" data-e-type=\"column\">\n\t\t\t<div class=\"elementor-widget-wrap elementor-element-populated\">\n\t\t\t\t\t\t<div class=\"elementor-element elementor-element-7a97684 elementor-widget elementor-widget-spacer\" data-id=\"7a97684\" data-element_type=\"widget\" data-e-type=\"widget\" data-widget_type=\"spacer.default\">\n\t\t\t\t<div class=\"elementor-widget-container\">\n\t\t\t\t\t\t\t<div class=\"elementor-spacer\">\n\t\t\t<div class=\"elementor-spacer-inner\"><\/div>\n\t\t<\/div>\n\t\t\t\t\t\t<\/div>\n\t\t\t\t<\/div>\n\t\t\t\t\t<\/div>\n\t\t<\/div>\n\t\t\t\t\t<\/div>\n\t\t<\/section>\n\t\t\t\t<\/div>\n\t\t","protected":false},"excerpt":{"rendered":"<p>Zugang, Transfer und Progression &#8211; Junior-Sommercamps Zugang Kriterien f\u00fcr die Zulassung: Unser Aufnahmeverfahren ist so gestaltet, dass es alle einbezieht und transparent ist. Wir halten uns an klare Kriterien sowohl f\u00fcr junge als auch f\u00fcr erwachsene Lernende und gew\u00e4hrleisten Chancengleichheit f\u00fcr alle Bewerber. Informationen \u00fcber unsere Programme und Aufnahmeverfahren werden klar kommuniziert und potenziellen Lernenden [&hellip;]<\/p>\n","protected":false},"author":3,"featured_media":0,"parent":0,"menu_order":0,"comment_status":"closed","ping_status":"closed","template":"","meta":{"content-type":"","footnotes":""},"class_list":["post-33224","page","type-page","status-publish","hentry"],"yoast_head":"<!-- This site is optimized with the Yoast SEO plugin v27.3 - https:\/\/yoast.com\/product\/yoast-seo-wordpress\/ -->\n<title>Zugang, Transfer und Progression - Junior-Sommercamps - Irish College of English<\/title>\n<meta name=\"robots\" content=\"index, follow, max-snippet:-1, max-image-preview:large, max-video-preview:-1\" \/>\n<link rel=\"canonical\" href=\"https:\/\/www.iceireland.com\/de\/access-transfer-and-progression-junior-summer-camps\/\" \/>\n<meta property=\"og:locale\" content=\"de_DE\" \/>\n<meta property=\"og:type\" content=\"article\" \/>\n<meta property=\"og:title\" content=\"Zugang, Transfer und Progression - Junior-Sommercamps - Irish College of English\" \/>\n<meta property=\"og:description\" content=\"Zugang, Transfer und Progression &#8211; Junior-Sommercamps Zugang Kriterien f\u00fcr die Zulassung: Unser Aufnahmeverfahren ist so gestaltet, dass es alle einbezieht und transparent ist. Wir halten uns an klare Kriterien sowohl f\u00fcr junge als auch f\u00fcr erwachsene Lernende und gew\u00e4hrleisten Chancengleichheit f\u00fcr alle Bewerber. Informationen \u00fcber unsere Programme und Aufnahmeverfahren werden klar kommuniziert und potenziellen Lernenden [&hellip;]\" \/>\n<meta property=\"og:url\" content=\"https:\/\/www.iceireland.com\/de\/access-transfer-and-progression-junior-summer-camps\/\" \/>\n<meta property=\"og:site_name\" content=\"Irish College of English\" \/>\n<meta property=\"article:modified_time\" content=\"2026-01-30T18:26:57+00:00\" \/>\n<meta property=\"og:image\" content=\"https:\/\/www.iceireland.com\/wp-content\/uploads\/2025\/08\/Junior-Student-Pathway-at-ICE-scaled.png\" \/>\n\t<meta property=\"og:image:width\" content=\"2560\" \/>\n\t<meta property=\"og:image:height\" content=\"1810\" \/>\n\t<meta property=\"og:image:type\" content=\"image\/png\" \/>\n<meta name=\"twitter:label1\" content=\"Gesch\u00e4tzte Lesezeit\" \/>\n\t<meta name=\"twitter:data1\" content=\"2\u00a0Minuten\" \/>\n<script type=\"application\/ld+json\" class=\"yoast-schema-graph\">{\"@context\":\"https:\\\/\\\/schema.org\",\"@graph\":[{\"@type\":\"WebPage\",\"@id\":\"https:\\\/\\\/www.iceireland.com\\\/de\\\/access-transfer-and-progression-junior-summer-camps\\\/\",\"url\":\"https:\\\/\\\/www.iceireland.com\\\/de\\\/access-transfer-and-progression-junior-summer-camps\\\/\",\"name\":\"Zugang, Transfer und Progression - Junior-Sommercamps - Irish College of English\",\"isPartOf\":{\"@id\":\"https:\\\/\\\/www.iceireland.com\\\/de\\\/#website\"},\"primaryImageOfPage\":{\"@id\":\"https:\\\/\\\/www.iceireland.com\\\/de\\\/access-transfer-and-progression-junior-summer-camps\\\/#primaryimage\"},\"image\":{\"@id\":\"https:\\\/\\\/www.iceireland.com\\\/de\\\/access-transfer-and-progression-junior-summer-camps\\\/#primaryimage\"},\"thumbnailUrl\":\"https:\\\/\\\/www.iceireland.com\\\/wp-content\\\/uploads\\\/2025\\\/08\\\/Junior-Student-Pathway-at-ICE-1024x724.png\",\"datePublished\":\"2024-08-13T13:47:09+00:00\",\"dateModified\":\"2026-01-30T18:26:57+00:00\",\"breadcrumb\":{\"@id\":\"https:\\\/\\\/www.iceireland.com\\\/de\\\/access-transfer-and-progression-junior-summer-camps\\\/#breadcrumb\"},\"inLanguage\":\"de\",\"potentialAction\":[{\"@type\":\"ReadAction\",\"target\":[\"https:\\\/\\\/www.iceireland.com\\\/de\\\/access-transfer-and-progression-junior-summer-camps\\\/\"]}]},{\"@type\":\"ImageObject\",\"inLanguage\":\"de\",\"@id\":\"https:\\\/\\\/www.iceireland.com\\\/de\\\/access-transfer-and-progression-junior-summer-camps\\\/#primaryimage\",\"url\":\"https:\\\/\\\/www.iceireland.com\\\/wp-content\\\/uploads\\\/2025\\\/08\\\/Junior-Student-Pathway-at-ICE-1024x724.png\",\"contentUrl\":\"https:\\\/\\\/www.iceireland.com\\\/wp-content\\\/uploads\\\/2025\\\/08\\\/Junior-Student-Pathway-at-ICE-1024x724.png\"},{\"@type\":\"BreadcrumbList\",\"@id\":\"https:\\\/\\\/www.iceireland.com\\\/de\\\/access-transfer-and-progression-junior-summer-camps\\\/#breadcrumb\",\"itemListElement\":[{\"@type\":\"ListItem\",\"position\":1,\"name\":\"Home\",\"item\":\"https:\\\/\\\/www.iceireland.com\\\/de\\\/\"},{\"@type\":\"ListItem\",\"position\":2,\"name\":\"Zugang, Transfer und Progression &#8211; Junior-Sommercamps\"}]},{\"@type\":\"WebSite\",\"@id\":\"https:\\\/\\\/www.iceireland.com\\\/de\\\/#website\",\"url\":\"https:\\\/\\\/www.iceireland.com\\\/de\\\/\",\"name\":\"Irish College of English\",\"description\":\"English School in Dublin, Malahide\",\"publisher\":{\"@id\":\"https:\\\/\\\/www.iceireland.com\\\/de\\\/#organization\"},\"potentialAction\":[{\"@type\":\"SearchAction\",\"target\":{\"@type\":\"EntryPoint\",\"urlTemplate\":\"https:\\\/\\\/www.iceireland.com\\\/de\\\/?s={search_term_string}\"},\"query-input\":{\"@type\":\"PropertyValueSpecification\",\"valueRequired\":true,\"valueName\":\"search_term_string\"}}],\"inLanguage\":\"de\"},{\"@type\":\"Organization\",\"@id\":\"https:\\\/\\\/www.iceireland.com\\\/de\\\/#organization\",\"name\":\"Irish College of English\",\"url\":\"https:\\\/\\\/www.iceireland.com\\\/de\\\/\",\"logo\":{\"@type\":\"ImageObject\",\"inLanguage\":\"de\",\"@id\":\"https:\\\/\\\/www.iceireland.com\\\/de\\\/#\\\/schema\\\/logo\\\/image\\\/\",\"url\":\"https:\\\/\\\/www.iceireland.com\\\/wp-content\\\/uploads\\\/2022\\\/03\\\/logo.png\",\"contentUrl\":\"https:\\\/\\\/www.iceireland.com\\\/wp-content\\\/uploads\\\/2022\\\/03\\\/logo.png\",\"width\":593,\"height\":92,\"caption\":\"Irish College of English\"},\"image\":{\"@id\":\"https:\\\/\\\/www.iceireland.com\\\/de\\\/#\\\/schema\\\/logo\\\/image\\\/\"}}]}<\/script>\n<!-- \/ Yoast SEO plugin. -->","yoast_head_json":{"title":"Zugang, Transfer und Progression - Junior-Sommercamps - Irish College of English","robots":{"index":"index","follow":"follow","max-snippet":"max-snippet:-1","max-image-preview":"max-image-preview:large","max-video-preview":"max-video-preview:-1"},"canonical":"https:\/\/www.iceireland.com\/de\/access-transfer-and-progression-junior-summer-camps\/","og_locale":"de_DE","og_type":"article","og_title":"Zugang, Transfer und Progression - Junior-Sommercamps - Irish College of English","og_description":"Zugang, Transfer und Progression &#8211; Junior-Sommercamps Zugang Kriterien f\u00fcr die Zulassung: Unser Aufnahmeverfahren ist so gestaltet, dass es alle einbezieht und transparent ist. Wir halten uns an klare Kriterien sowohl f\u00fcr junge als auch f\u00fcr erwachsene Lernende und gew\u00e4hrleisten Chancengleichheit f\u00fcr alle Bewerber. Informationen \u00fcber unsere Programme und Aufnahmeverfahren werden klar kommuniziert und potenziellen Lernenden [&hellip;]","og_url":"https:\/\/www.iceireland.com\/de\/access-transfer-and-progression-junior-summer-camps\/","og_site_name":"Irish College of English","article_modified_time":"2026-01-30T18:26:57+00:00","og_image":[{"width":2560,"height":1810,"url":"https:\/\/www.iceireland.com\/wp-content\/uploads\/2025\/08\/Junior-Student-Pathway-at-ICE-scaled.png","type":"image\/png"}],"twitter_misc":{"Gesch\u00e4tzte Lesezeit":"2\u00a0Minuten"},"schema":{"@context":"https:\/\/schema.org","@graph":[{"@type":"WebPage","@id":"https:\/\/www.iceireland.com\/de\/access-transfer-and-progression-junior-summer-camps\/","url":"https:\/\/www.iceireland.com\/de\/access-transfer-and-progression-junior-summer-camps\/","name":"Zugang, Transfer und Progression - Junior-Sommercamps - Irish College of English","isPartOf":{"@id":"https:\/\/www.iceireland.com\/de\/#website"},"primaryImageOfPage":{"@id":"https:\/\/www.iceireland.com\/de\/access-transfer-and-progression-junior-summer-camps\/#primaryimage"},"image":{"@id":"https:\/\/www.iceireland.com\/de\/access-transfer-and-progression-junior-summer-camps\/#primaryimage"},"thumbnailUrl":"https:\/\/www.iceireland.com\/wp-content\/uploads\/2025\/08\/Junior-Student-Pathway-at-ICE-1024x724.png","datePublished":"2024-08-13T13:47:09+00:00","dateModified":"2026-01-30T18:26:57+00:00","breadcrumb":{"@id":"https:\/\/www.iceireland.com\/de\/access-transfer-and-progression-junior-summer-camps\/#breadcrumb"},"inLanguage":"de","potentialAction":[{"@type":"ReadAction","target":["https:\/\/www.iceireland.com\/de\/access-transfer-and-progression-junior-summer-camps\/"]}]},{"@type":"ImageObject","inLanguage":"de","@id":"https:\/\/www.iceireland.com\/de\/access-transfer-and-progression-junior-summer-camps\/#primaryimage","url":"https:\/\/www.iceireland.com\/wp-content\/uploads\/2025\/08\/Junior-Student-Pathway-at-ICE-1024x724.png","contentUrl":"https:\/\/www.iceireland.com\/wp-content\/uploads\/2025\/08\/Junior-Student-Pathway-at-ICE-1024x724.png"},{"@type":"BreadcrumbList","@id":"https:\/\/www.iceireland.com\/de\/access-transfer-and-progression-junior-summer-camps\/#breadcrumb","itemListElement":[{"@type":"ListItem","position":1,"name":"Home","item":"https:\/\/www.iceireland.com\/de\/"},{"@type":"ListItem","position":2,"name":"Zugang, Transfer und Progression &#8211; Junior-Sommercamps"}]},{"@type":"WebSite","@id":"https:\/\/www.iceireland.com\/de\/#website","url":"https:\/\/www.iceireland.com\/de\/","name":"Irish College of English","description":"English School in Dublin, Malahide","publisher":{"@id":"https:\/\/www.iceireland.com\/de\/#organization"},"potentialAction":[{"@type":"SearchAction","target":{"@type":"EntryPoint","urlTemplate":"https:\/\/www.iceireland.com\/de\/?s={search_term_string}"},"query-input":{"@type":"PropertyValueSpecification","valueRequired":true,"valueName":"search_term_string"}}],"inLanguage":"de"},{"@type":"Organization","@id":"https:\/\/www.iceireland.com\/de\/#organization","name":"Irish College of English","url":"https:\/\/www.iceireland.com\/de\/","logo":{"@type":"ImageObject","inLanguage":"de","@id":"https:\/\/www.iceireland.com\/de\/#\/schema\/logo\/image\/","url":"https:\/\/www.iceireland.com\/wp-content\/uploads\/2022\/03\/logo.png","contentUrl":"https:\/\/www.iceireland.com\/wp-content\/uploads\/2022\/03\/logo.png","width":593,"height":92,"caption":"Irish College of English"},"image":{"@id":"https:\/\/www.iceireland.com\/de\/#\/schema\/logo\/image\/"}}]}},"_links":{"self":[{"href":"https:\/\/www.iceireland.com\/de\/wp-json\/wp\/v2\/pages\/33224","targetHints":{"allow":["GET"]}}],"collection":[{"href":"https:\/\/www.iceireland.com\/de\/wp-json\/wp\/v2\/pages"}],"about":[{"href":"https:\/\/www.iceireland.com\/de\/wp-json\/wp\/v2\/types\/page"}],"author":[{"embeddable":true,"href":"https:\/\/www.iceireland.com\/de\/wp-json\/wp\/v2\/users\/3"}],"replies":[{"embeddable":true,"href":"https:\/\/www.iceireland.com\/de\/wp-json\/wp\/v2\/comments?post=33224"}],"version-history":[{"count":1,"href":"https:\/\/www.iceireland.com\/de\/wp-json\/wp\/v2\/pages\/33224\/revisions"}],"predecessor-version":[{"id":33226,"href":"https:\/\/www.iceireland.com\/de\/wp-json\/wp\/v2\/pages\/33224\/revisions\/33226"}],"wp:attachment":[{"href":"https:\/\/www.iceireland.com\/de\/wp-json\/wp\/v2\/media?parent=33224"}],"curies":[{"name":"wp","href":"https:\/\/api.w.org\/{rel}","templated":true}]}}