{"id":33266,"date":"2024-04-30T10:45:33","date_gmt":"2024-04-30T10:45:33","guid":{"rendered":"https:\/\/www.iceireland.com\/ayp-attendance-consequence-and-expulsion\/"},"modified":"2026-01-30T18:27:13","modified_gmt":"2026-01-30T18:27:13","slug":"ayp-attendance-consequence-and-expulsion","status":"publish","type":"page","link":"https:\/\/www.iceireland.com\/de\/ayp-attendance-consequence-and-expulsion\/","title":{"rendered":"AYP Anwesenheit, Konsequenz und Ausschluss"},"content":{"rendered":"\t\t<div data-elementor-type=\"wp-page\" data-elementor-id=\"33266\" class=\"elementor elementor-33266 elementor-26681\" data-elementor-post-type=\"page\">\n\t\t\t\t\t\t<section class=\"elementor-section elementor-top-section elementor-element elementor-element-38e15fa elementor-section-boxed elementor-section-height-default elementor-section-height-default\" data-id=\"38e15fa\" data-element_type=\"section\" data-e-type=\"section\">\n\t\t\t\t\t\t<div class=\"elementor-container elementor-column-gap-default\">\n\t\t\t\t\t<div class=\"elementor-column elementor-col-100 elementor-top-column elementor-element elementor-element-7619e07\" data-id=\"7619e07\" data-element_type=\"column\" data-e-type=\"column\">\n\t\t\t<div class=\"elementor-widget-wrap elementor-element-populated\">\n\t\t\t\t\t\t<div class=\"elementor-element elementor-element-a855156 elementor-widget elementor-widget-spacer\" data-id=\"a855156\" data-element_type=\"widget\" data-e-type=\"widget\" data-widget_type=\"spacer.default\">\n\t\t\t\t<div class=\"elementor-widget-container\">\n\t\t\t\t\t\t\t<div class=\"elementor-spacer\">\n\t\t\t<div class=\"elementor-spacer-inner\"><\/div>\n\t\t<\/div>\n\t\t\t\t\t\t<\/div>\n\t\t\t\t<\/div>\n\t\t\t\t\t<\/div>\n\t\t<\/div>\n\t\t\t\t\t<\/div>\n\t\t<\/section>\n\t\t\t\t<section class=\"elementor-section elementor-top-section elementor-element elementor-element-e146597 elementor-section-boxed elementor-section-height-default elementor-section-height-default\" data-id=\"e146597\" data-element_type=\"section\" data-e-type=\"section\">\n\t\t\t\t\t\t<div class=\"elementor-container elementor-column-gap-default\">\n\t\t\t\t\t<div class=\"elementor-column elementor-col-100 elementor-top-column elementor-element elementor-element-5e0f0d3\" data-id=\"5e0f0d3\" data-element_type=\"column\" data-e-type=\"column\">\n\t\t\t<div class=\"elementor-widget-wrap elementor-element-populated\">\n\t\t\t\t\t\t<div class=\"elementor-element elementor-element-51fc137 elementor-widget elementor-widget-text-editor\" data-id=\"51fc137\" data-element_type=\"widget\" data-e-type=\"widget\" data-widget_type=\"text-editor.default\">\n\t\t\t\t<div class=\"elementor-widget-container\">\n\t\t\t\t\t\t\t\t\t<h4><strong>AYP Anwesenheit, Konsequenz und Ausschluss<\/strong><\/h4><p>Am Irish College of English sind wir bestrebt, ein respektvolles, unterst\u00fctzendes und integratives Umfeld zu schaffen. Alle Sch\u00fcler m\u00fcssen sich an unseren <strong>Verhaltenskodex f\u00fcr Sch\u00fcler<\/strong> halten, der ein respektvolles Verhalten in allen Bereichen des Schul- und Lagerlebens f\u00f6rdert, einschlie\u00dflich der Klassenzimmer, der Aktivit\u00e4ten innerhalb und au\u00dferhalb des Gel\u00e4ndes, der Unterk\u00fcnfte und w\u00e4hrend der Ausfl\u00fcge. Dieser Kodex, den Sie hier im Studentenhandbuch finden, f\u00f6rdert die Sicherheit, das Wohlbefinden und die positive Erfahrung aller Studenten, Mitarbeiter, Gastgeber und der lokalen Gemeinschaft.  <strong> <\/strong><\/p><p><strong>Schl\u00fcsselcodes:<\/strong><\/p><p>Von den Studenten wird erwartet, dass sie:<\/p><ul><li>Behandeln Sie Gleichaltrige, Mitarbeiter und Gastfamilien mit Respekt.<\/li><li>Befolgen Sie die Anweisungen von Lehrern, Aktivit\u00e4tsleitern und Unterkunftsanbietern.<\/li><li>Halten Sie sich jederzeit an die Sicherheitsrichtlinien und die Richtlinien des College.<\/li><li>Respektieren Sie das Eigentum anderer und die Umwelt.<\/li><\/ul><p>Wir bem\u00fchen uns, die Sch\u00fcler durch klare Kommunikation und positive Best\u00e4rkung bei der Einhaltung dieser Standards zu unterst\u00fctzen. Inakzeptables Verhalten wird jedoch umgehend und in angemessener Weise geahndet. <\/p><p>Unsere Disziplinar- und Ausschlusspolitik stellt sicher, dass alle Mitglieder unserer Gemeinschaft fair behandelt werden und dass unangemessenes Verhalten umgehend und effektiv geahndet wird. Regelm\u00e4\u00dfige \u00dcberpr\u00fcfungen dieser Politik garantieren, dass sie mit unserer Verpflichtung zur Aufrechterhaltung eines positiven Lernumfelds \u00fcbereinstimmt. Am Irish College of English glauben wir an die F\u00f6rderung einer Kultur des Respekts, der Verantwortung und der Rechenschaftspflicht, und diese Richtlinie spiegelt unser Engagement f\u00fcr die Einhaltung dieser Grunds\u00e4tze wider.  <\/p><h4> <\/h4><h4>Verfahren zum Umgang mit inakzeptablem Verhalten<\/h4><p><strong>Erste Intervention:<\/strong><\/p><p>Kleinere Vorf\u00e4lle werden durch m\u00fcndliche oder schriftliche Verwarnungen mit klaren Anweisungen f\u00fcr ein korrigierendes Verhalten geahndet.<\/p><p>Bei j\u00fcngeren Sch\u00fclern k\u00f6nnen die Eltern\/Erziehungsberechtigten zu diesem Zeitpunkt informiert werden.<\/p><p><strong>Eskalation:<\/strong><\/p><p>Wiederholte oder schwerwiegende Verst\u00f6\u00dfe gegen den Kodex f\u00fchren zu einer formellen \u00dcberpr\u00fcfung durch das Senior Management Team der Schule oder Mitglieder des Teams, soweit verf\u00fcgbar.<\/p><p>Die Konsequenzen k\u00f6nnen eine Verwarnung, Einschr\u00e4nkungen von Aktivit\u00e4ten, \u00c4nderungen der Unterkunft oder eine vor\u00fcbergehende Suspendierung sein und werden dem Sch\u00fcler zusammen mit der Begr\u00fcndung des Teams umgehend mitgeteilt.<\/p><p>Wenn das Verhalten anh\u00e4lt, folgt der Ausschluss.<\/p><p><strong>Sofortiger Ausschluss:<\/strong><\/p><p>Schweres Fehlverhalten, wie z.B. Gef\u00e4hrdung anderer, Diebstahl, Mobbing oder Drogen-\/Alkoholmissbrauch, kann zum sofortigen Ausschluss f\u00fchren.<\/p><p>Fortgesetzte Verst\u00f6\u00dfe gegen ein als inakzeptabel erachtetes Verhalten nach einer ersten Verwarnung durch einen Mitarbeiter\/Gruppenleiter.<\/p><p>Jugendliche Sch\u00fcler m\u00fcssen umgehend von ihren Eltern\/Erziehungsberechtigten oder einem von ihnen benannten Vertreter abgeholt werden, oder es muss ein Heimflug organisiert werden.<\/p><p>Erwachsene Studenten sind verpflichtet, ihre Unterkunft zu r\u00e4umen und sofort eine andere L\u00f6sung zu finden.<\/p><p>Bei schwerwiegenden Verhaltensverst\u00f6\u00dfen, insbesondere bei illegalen Aktivit\u00e4ten, werden gegebenenfalls externe Beh\u00f6rden eingeschaltet.<\/p><p><strong> <\/strong><\/p><h4><strong>Abwesenheit und Schulverweis f\u00fcr Sch\u00fcler in AYP-Programmen  <\/strong><\/h4><p class=\"cvGsUA direction-ltr align-start para-style-body\"><span class=\"a_GcMg font-feature-liga-off font-feature-clig-off font-feature-calt-off text-decoration-none text-strikethrough-none\">Stundenplan und Anwesenheit:<\/span><\/p><ul><li><span class=\"a_GcMg font-feature-liga-off font-feature-clig-off font-feature-calt-off text-decoration-none text-strikethrough-none\">Der Unterricht findet von Montag bis Freitag von 9.15 Uhr bis 12.30 Uhr statt.<\/span><\/li><li><span class=\"a_GcMg font-feature-liga-off font-feature-clig-off font-feature-calt-off text-decoration-none text-strikethrough-none\">Die Anwesenheit wird t\u00e4glich im Unterricht kontrolliert.<\/span><\/li><li><span class=\"a_GcMg font-feature-liga-off font-feature-clig-off font-feature-calt-off text-decoration-none text-strikethrough-none\">Die Teilnehmer m\u00fcssen p\u00fcnktlich erscheinen und die gesamte Unterrichtsstunde besuchen, um als anwesend markiert zu werden.<\/span><\/li><\/ul><p class=\"cvGsUA direction-ltr align-start para-style-body\"><span class=\"a_GcMg font-feature-liga-off font-feature-clig-off font-feature-calt-off text-decoration-none text-strikethrough-none\">Mindestanwesenheitspflicht:<\/span><\/p><ul><li><span class=\"a_GcMg font-feature-liga-off font-feature-clig-off font-feature-calt-off text-decoration-none text-strikethrough-none\">Es besteht eine obligatorische Mindestanwesenheitspflicht von 85%.<\/span><\/li><\/ul><div> <\/div><p class=\"cvGsUA direction-ltr align-start para-style-body\"><span class=\"a_GcMg font-feature-liga-off font-feature-clig-off font-feature-calt-off text-decoration-none text-strikethrough-none\">Meldung an die Einwanderungsbeh\u00f6rde:<\/span><\/p><ul><li><span class=\"a_GcMg font-feature-liga-off font-feature-clig-off font-feature-calt-off text-decoration-none text-strikethrough-none\">Ein w\u00f6chentlicher Anwesenheitsbericht wird an die Einwanderungsbeh\u00f6rde geschickt.<\/span><\/li><li><span class=\"a_GcMg font-feature-liga-off font-feature-clig-off font-feature-calt-off text-decoration-none text-strikethrough-none\">Wenn ein Sch\u00fcler in den ersten sechs Wochen 25% oder mehr unentschuldigte Fehlzeiten hat, wird diese Information an INIS\/GNIB weitergeleitet.<\/span><\/li><li><span class=\"a_GcMg font-feature-liga-off font-feature-clig-off font-feature-calt-off text-decoration-none text-strikethrough-none\">Wenn ein Kursteilnehmer nicht in der Lage ist, die Anwesenheitsquote von mindestens 85% vor Ende des Programms zu erreichen, wird er dar\u00fcber informiert, dass er die Anwesenheitsanforderungen nicht erf\u00fcllt.<\/span><\/li><li><span class=\"a_GcMg font-feature-liga-off font-feature-clig-off font-feature-calt-off text-decoration-none text-strikethrough-none\">Diese Tatsache wird der Einwanderungsbeh\u00f6rde mitgeteilt.<\/span><\/li><\/ul><div> <\/div><p class=\"cvGsUA direction-ltr align-start para-style-body\"><span class=\"a_GcMg font-feature-liga-off font-feature-clig-off font-feature-calt-off text-decoration-none text-strikethrough-none\">Kein Mechanismus zum Nachholen unbest\u00e4tigter Abwesenheiten:<\/span><\/p><ul><li><span class=\"a_GcMg font-feature-liga-off font-feature-clig-off font-feature-calt-off text-decoration-none text-strikethrough-none\">Es gibt keine M\u00f6glichkeit f\u00fcr Studenten, unentschuldigte Abwesenheiten durch zus\u00e4tzlichen Unterricht nachzuholen, weder w\u00e4hrend noch nach Beendigung des Programms.<\/span><\/li><\/ul><p class=\"cvGsUA direction-ltr align-start para-style-body\"><span class=\"a_GcMg font-feature-liga-off font-feature-clig-off font-feature-calt-off text-decoration-none text-strikethrough-none\"> <\/span><\/p><p class=\"cvGsUA direction-ltr align-start para-style-body\"><span class=\"a_GcMg font-feature-liga-off font-feature-clig-off font-feature-calt-off text-decoration-none text-strikethrough-none\">Endg\u00fcltige Teilnahmebest\u00e4tigung:<\/span><\/p><ul><li><span class=\"a_GcMg font-feature-liga-off font-feature-clig-off font-feature-calt-off text-decoration-none text-strikethrough-none\">Am Ende des Kurses wird ein Brief ausgestellt, der die endg\u00fcltige Anwesenheit best\u00e4tigt.<\/span><\/li><\/ul><div> <\/div><p class=\"cvGsUA direction-ltr align-start para-style-body\"><span class=\"a_GcMg font-feature-liga-off font-feature-clig-off font-feature-calt-off text-decoration-none text-strikethrough-none\">Fernbleiben und Ausschluss vom Unterricht<\/span><\/p><p class=\"cvGsUA direction-ltr align-start para-style-body\"><span class=\"a_GcMg font-feature-liga-off font-feature-clig-off font-feature-calt-off text-decoration-none text-strikethrough-none\">Anwesenheitswarnsystem:<\/span><\/p><ul><li><span class=\"a_GcMg font-feature-liga-off font-feature-clig-off font-feature-calt-off text-decoration-none text-strikethrough-none\">Die Anwesenheit wird w\u00f6chentlich kontrolliert, und Sch\u00fcler, die weniger als 75% anwesend sind, erhalten eine Warn-E-Mail.<\/span><\/li><li><span class=\"a_GcMg font-feature-liga-off font-feature-clig-off font-feature-calt-off text-decoration-none text-strikethrough-none\">Wenn sich die Anwesenheit eines Sch\u00fclers nach der ersten Verwarnung nicht verbessert, wird eine zweite Verwarnung ausgesprochen und ein Treffen mit der Schulverwaltung anberaumt.<\/span><\/li><li><span class=\"a_GcMg font-feature-liga-off font-feature-clig-off font-feature-calt-off text-decoration-none text-strikethrough-none\">Die fortgesetzte Nichterf\u00fcllung der Anwesenheitspflicht f\u00fchrt zu einer letzten Verwarnung, und der Student kann an INIS\/GNIB gemeldet und aus dem ILEP-Programm entfernt werden.<\/span><\/li><li><span class=\"a_GcMg font-feature-liga-off font-feature-clig-off font-feature-calt-off text-decoration-none text-strikethrough-none\">Diese Entscheidung liegt im Ermessen des Operations Managers, Ian McElhinney.<\/span><\/li><\/ul><p class=\"cvGsUA direction-ltr align-start para-style-body\"><span class=\"a_GcMg font-feature-liga-off font-feature-clig-off font-feature-calt-off text-decoration-none text-strikethrough-none\"> <\/span><\/p><p class=\"cvGsUA direction-ltr align-start para-style-body\"><span class=\"a_GcMg font-feature-liga-off font-feature-clig-off font-feature-calt-off text-decoration-none text-strikethrough-none\">Konsequenzen f\u00fcr den Ausschluss:<\/span><\/p><ul><li><span class=\"a_GcMg font-feature-liga-off font-feature-clig-off font-feature-calt-off text-decoration-none text-strikethrough-none\">Wird die Anwesenheit nicht auf ein akzeptables Niveau gebracht, f\u00fchrt dies zum Ausschluss aus dem ILEP-Programm.<\/span><\/li><li><span class=\"a_GcMg font-feature-liga-off font-feature-clig-off font-feature-calt-off text-decoration-none text-strikethrough-none\">Die Folgen sind kein Zertifikat, keine R\u00fcckerstattung und eine Meldung an INIS (Irish Naturalisation and Immigration Service).<\/span><\/li><\/ul><p class=\"cvGsUA direction-ltr align-start para-style-body\"><span class=\"a_GcMg font-feature-liga-off font-feature-clig-off font-feature-calt-off text-decoration-none text-strikethrough-none\">Entschuldigte Abwesenheiten<\/span><\/p><ul><li><span class=\"a_GcMg font-feature-liga-off font-feature-clig-off font-feature-calt-off text-decoration-none text-strikethrough-none\">Definition von entschuldigten Abwesenheiten:<\/span><ul><li><span class=\"a_GcMg font-feature-liga-off font-feature-clig-off font-feature-calt-off text-decoration-none text-strikethrough-none\">Abwesenheiten k\u00f6nnen entschuldigt werden im Falle von:<\/span><ul><li><span class=\"a_GcMg font-feature-liga-off font-feature-clig-off font-feature-calt-off text-decoration-none text-strikethrough-none\">Krankheit, Schwere Krankheit, Trauerfall eines Familienmitglieds<\/span><\/li><\/ul><\/li><\/ul><\/li><\/ul><p class=\"cvGsUA direction-ltr align-start para-style-body\"><span class=\"a_GcMg font-feature-liga-off font-feature-clig-off font-feature-calt-off text-decoration-none text-strikethrough-none\"> <\/span><\/p><p class=\"cvGsUA direction-ltr align-start para-style-body\"><span class=\"a_GcMg font-feature-liga-off font-feature-clig-off font-feature-calt-off text-decoration-none text-strikethrough-none\">Benachrichtigung und unterst\u00fctzende Dokumentation<\/span><\/p><ul><li class=\"cvGsUA direction-ltr align-start para-style-body\"><span class=\"a_GcMg font-feature-liga-off font-feature-clig-off font-feature-calt-off text-decoration-none text-strikethrough-none\">Studenten m\u00fcssen das College per E-Mail \u00fcber entschuldigte Abwesenheiten informieren.<\/span><\/li><li class=\"cvGsUA direction-ltr align-start para-style-body\"><span class=\"a_GcMg font-feature-liga-off font-feature-clig-off font-feature-calt-off text-decoration-none text-strikethrough-none\">Entsprechende Unterlagen werden angefordert und gepr\u00fcft.<\/span><\/li><\/ul><p class=\"cvGsUA direction-ltr align-start para-style-body\"><span class=\"a_GcMg font-feature-liga-off font-feature-clig-off font-feature-calt-off text-decoration-none text-strikethrough-none\">Akzeptable Belege:<\/span><\/p><ul><li><span class=\"a_GcMg font-feature-liga-off font-feature-clig-off font-feature-calt-off text-decoration-none text-strikethrough-none\">Krankheit: \u00c4rztliches Attest<\/span><\/li><li><span class=\"a_GcMg font-feature-liga-off font-feature-clig-off font-feature-calt-off text-decoration-none text-strikethrough-none\">Schwere Erkrankung eines Familienmitglieds: \u00c4rztliches Attest<\/span><\/li><li><span class=\"a_GcMg font-feature-liga-off font-feature-clig-off font-feature-calt-off text-decoration-none text-strikethrough-none\">Trauerfall: Beweise f\u00fcr einen Trauerfall.<\/span><\/li><\/ul><p><strong> <\/strong><\/p><h4><strong>Berufungsprozess<\/strong><\/h4><p>Sch\u00fcler und, bei j\u00fcngeren Sch\u00fclern, deren Eltern\/Erziehungsberechtigte, k\u00f6nnen gegen eine Entscheidung nach einem Ausschluss Berufung einlegen. Das Einspruchsverfahren umfasst: <\/p><p>Einreichung einer schriftlichen Beschwerde beim Direktor des Colleges innerhalb von 5 Werktagen nach dem Ausschluss.<\/p><p>Der Verwaltungsrat wird die Beschwerde unter Ber\u00fccksichtigung aller relevanten Informationen beurteilen.<\/p><p>Eine Entscheidung wird innerhalb von 7 Werktagen nach Einreichung der Beschwerde mitgeteilt.<\/p><p>Die Entscheidung des Verwaltungsrats ist endg\u00fcltig.<\/p>\t\t\t\t\t\t\t\t<\/div>\n\t\t\t\t<\/div>\n\t\t\t\t\t<\/div>\n\t\t<\/div>\n\t\t\t\t\t<\/div>\n\t\t<\/section>\n\t\t\t\t<section class=\"elementor-section elementor-top-section elementor-element elementor-element-52ed7a0 elementor-section-boxed elementor-section-height-default elementor-section-height-default\" data-id=\"52ed7a0\" data-element_type=\"section\" data-e-type=\"section\">\n\t\t\t\t\t\t<div class=\"elementor-container elementor-column-gap-default\">\n\t\t\t\t\t<div class=\"elementor-column elementor-col-100 elementor-top-column elementor-element elementor-element-99a519b\" data-id=\"99a519b\" data-element_type=\"column\" data-e-type=\"column\">\n\t\t\t<div class=\"elementor-widget-wrap elementor-element-populated\">\n\t\t\t\t\t\t<div class=\"elementor-element elementor-element-81a94e8 elementor-widget elementor-widget-spacer\" data-id=\"81a94e8\" data-element_type=\"widget\" data-e-type=\"widget\" data-widget_type=\"spacer.default\">\n\t\t\t\t<div class=\"elementor-widget-container\">\n\t\t\t\t\t\t\t<div class=\"elementor-spacer\">\n\t\t\t<div class=\"elementor-spacer-inner\"><\/div>\n\t\t<\/div>\n\t\t\t\t\t\t<\/div>\n\t\t\t\t<\/div>\n\t\t\t\t\t<\/div>\n\t\t<\/div>\n\t\t\t\t\t<\/div>\n\t\t<\/section>\n\t\t\t\t<\/div>\n\t\t","protected":false},"excerpt":{"rendered":"<p>AYP Anwesenheit, Konsequenz und Ausschluss Am Irish College of English sind wir bestrebt, ein respektvolles, unterst\u00fctzendes und integratives Umfeld zu schaffen. Alle Sch\u00fcler m\u00fcssen sich an unseren Verhaltenskodex f\u00fcr Sch\u00fcler halten, der ein respektvolles Verhalten in allen Bereichen des Schul- und Lagerlebens f\u00f6rdert, einschlie\u00dflich der Klassenzimmer, der Aktivit\u00e4ten innerhalb und au\u00dferhalb des Gel\u00e4ndes, der Unterk\u00fcnfte [&hellip;]<\/p>\n","protected":false},"author":3,"featured_media":0,"parent":0,"menu_order":0,"comment_status":"closed","ping_status":"closed","template":"","meta":{"content-type":"","footnotes":""},"class_list":["post-33266","page","type-page","status-publish","hentry"],"yoast_head":"<!-- This site is optimized with the Yoast SEO plugin v27.3 - https:\/\/yoast.com\/product\/yoast-seo-wordpress\/ -->\n<title>AYP Anwesenheit, Konsequenz und Ausschluss - Irish College of English<\/title>\n<meta name=\"robots\" content=\"index, follow, max-snippet:-1, max-image-preview:large, max-video-preview:-1\" \/>\n<link rel=\"canonical\" href=\"https:\/\/www.iceireland.com\/de\/ayp-attendance-consequence-and-expulsion\/\" \/>\n<meta property=\"og:locale\" content=\"de_DE\" \/>\n<meta property=\"og:type\" content=\"article\" \/>\n<meta property=\"og:title\" content=\"AYP Anwesenheit, Konsequenz und Ausschluss - Irish College of English\" \/>\n<meta property=\"og:description\" content=\"AYP Anwesenheit, Konsequenz und Ausschluss Am Irish College of English sind wir bestrebt, ein respektvolles, unterst\u00fctzendes und integratives Umfeld zu schaffen. Alle Sch\u00fcler m\u00fcssen sich an unseren Verhaltenskodex f\u00fcr Sch\u00fcler halten, der ein respektvolles Verhalten in allen Bereichen des Schul- und Lagerlebens f\u00f6rdert, einschlie\u00dflich der Klassenzimmer, der Aktivit\u00e4ten innerhalb und au\u00dferhalb des Gel\u00e4ndes, der Unterk\u00fcnfte [&hellip;]\" \/>\n<meta property=\"og:url\" content=\"https:\/\/www.iceireland.com\/de\/ayp-attendance-consequence-and-expulsion\/\" \/>\n<meta property=\"og:site_name\" content=\"Irish College of English\" \/>\n<meta property=\"article:modified_time\" content=\"2026-01-30T18:27:13+00:00\" \/>\n<meta name=\"twitter:label1\" content=\"Gesch\u00e4tzte Lesezeit\" \/>\n\t<meta name=\"twitter:data1\" content=\"4\u00a0Minuten\" \/>\n<script type=\"application\/ld+json\" class=\"yoast-schema-graph\">{\"@context\":\"https:\\\/\\\/schema.org\",\"@graph\":[{\"@type\":\"WebPage\",\"@id\":\"https:\\\/\\\/www.iceireland.com\\\/de\\\/ayp-attendance-consequence-and-expulsion\\\/\",\"url\":\"https:\\\/\\\/www.iceireland.com\\\/de\\\/ayp-attendance-consequence-and-expulsion\\\/\",\"name\":\"AYP Anwesenheit, Konsequenz und Ausschluss - Irish College of English\",\"isPartOf\":{\"@id\":\"https:\\\/\\\/www.iceireland.com\\\/de\\\/#website\"},\"datePublished\":\"2024-04-30T10:45:33+00:00\",\"dateModified\":\"2026-01-30T18:27:13+00:00\",\"breadcrumb\":{\"@id\":\"https:\\\/\\\/www.iceireland.com\\\/de\\\/ayp-attendance-consequence-and-expulsion\\\/#breadcrumb\"},\"inLanguage\":\"de\",\"potentialAction\":[{\"@type\":\"ReadAction\",\"target\":[\"https:\\\/\\\/www.iceireland.com\\\/de\\\/ayp-attendance-consequence-and-expulsion\\\/\"]}]},{\"@type\":\"BreadcrumbList\",\"@id\":\"https:\\\/\\\/www.iceireland.com\\\/de\\\/ayp-attendance-consequence-and-expulsion\\\/#breadcrumb\",\"itemListElement\":[{\"@type\":\"ListItem\",\"position\":1,\"name\":\"Home\",\"item\":\"https:\\\/\\\/www.iceireland.com\\\/de\\\/\"},{\"@type\":\"ListItem\",\"position\":2,\"name\":\"AYP Anwesenheit, Konsequenz und Ausschluss\"}]},{\"@type\":\"WebSite\",\"@id\":\"https:\\\/\\\/www.iceireland.com\\\/de\\\/#website\",\"url\":\"https:\\\/\\\/www.iceireland.com\\\/de\\\/\",\"name\":\"Irish College of English\",\"description\":\"English School in Dublin, Malahide\",\"publisher\":{\"@id\":\"https:\\\/\\\/www.iceireland.com\\\/de\\\/#organization\"},\"potentialAction\":[{\"@type\":\"SearchAction\",\"target\":{\"@type\":\"EntryPoint\",\"urlTemplate\":\"https:\\\/\\\/www.iceireland.com\\\/de\\\/?s={search_term_string}\"},\"query-input\":{\"@type\":\"PropertyValueSpecification\",\"valueRequired\":true,\"valueName\":\"search_term_string\"}}],\"inLanguage\":\"de\"},{\"@type\":\"Organization\",\"@id\":\"https:\\\/\\\/www.iceireland.com\\\/de\\\/#organization\",\"name\":\"Irish College of English\",\"url\":\"https:\\\/\\\/www.iceireland.com\\\/de\\\/\",\"logo\":{\"@type\":\"ImageObject\",\"inLanguage\":\"de\",\"@id\":\"https:\\\/\\\/www.iceireland.com\\\/de\\\/#\\\/schema\\\/logo\\\/image\\\/\",\"url\":\"https:\\\/\\\/www.iceireland.com\\\/wp-content\\\/uploads\\\/2022\\\/03\\\/logo.png\",\"contentUrl\":\"https:\\\/\\\/www.iceireland.com\\\/wp-content\\\/uploads\\\/2022\\\/03\\\/logo.png\",\"width\":593,\"height\":92,\"caption\":\"Irish College of English\"},\"image\":{\"@id\":\"https:\\\/\\\/www.iceireland.com\\\/de\\\/#\\\/schema\\\/logo\\\/image\\\/\"}}]}<\/script>\n<!-- \/ Yoast SEO plugin. -->","yoast_head_json":{"title":"AYP Anwesenheit, Konsequenz und Ausschluss - Irish College of English","robots":{"index":"index","follow":"follow","max-snippet":"max-snippet:-1","max-image-preview":"max-image-preview:large","max-video-preview":"max-video-preview:-1"},"canonical":"https:\/\/www.iceireland.com\/de\/ayp-attendance-consequence-and-expulsion\/","og_locale":"de_DE","og_type":"article","og_title":"AYP Anwesenheit, Konsequenz und Ausschluss - Irish College of English","og_description":"AYP Anwesenheit, Konsequenz und Ausschluss Am Irish College of English sind wir bestrebt, ein respektvolles, unterst\u00fctzendes und integratives Umfeld zu schaffen. Alle Sch\u00fcler m\u00fcssen sich an unseren Verhaltenskodex f\u00fcr Sch\u00fcler halten, der ein respektvolles Verhalten in allen Bereichen des Schul- und Lagerlebens f\u00f6rdert, einschlie\u00dflich der Klassenzimmer, der Aktivit\u00e4ten innerhalb und au\u00dferhalb des Gel\u00e4ndes, der Unterk\u00fcnfte [&hellip;]","og_url":"https:\/\/www.iceireland.com\/de\/ayp-attendance-consequence-and-expulsion\/","og_site_name":"Irish College of English","article_modified_time":"2026-01-30T18:27:13+00:00","twitter_misc":{"Gesch\u00e4tzte Lesezeit":"4\u00a0Minuten"},"schema":{"@context":"https:\/\/schema.org","@graph":[{"@type":"WebPage","@id":"https:\/\/www.iceireland.com\/de\/ayp-attendance-consequence-and-expulsion\/","url":"https:\/\/www.iceireland.com\/de\/ayp-attendance-consequence-and-expulsion\/","name":"AYP Anwesenheit, Konsequenz und Ausschluss - Irish College of English","isPartOf":{"@id":"https:\/\/www.iceireland.com\/de\/#website"},"datePublished":"2024-04-30T10:45:33+00:00","dateModified":"2026-01-30T18:27:13+00:00","breadcrumb":{"@id":"https:\/\/www.iceireland.com\/de\/ayp-attendance-consequence-and-expulsion\/#breadcrumb"},"inLanguage":"de","potentialAction":[{"@type":"ReadAction","target":["https:\/\/www.iceireland.com\/de\/ayp-attendance-consequence-and-expulsion\/"]}]},{"@type":"BreadcrumbList","@id":"https:\/\/www.iceireland.com\/de\/ayp-attendance-consequence-and-expulsion\/#breadcrumb","itemListElement":[{"@type":"ListItem","position":1,"name":"Home","item":"https:\/\/www.iceireland.com\/de\/"},{"@type":"ListItem","position":2,"name":"AYP Anwesenheit, Konsequenz und Ausschluss"}]},{"@type":"WebSite","@id":"https:\/\/www.iceireland.com\/de\/#website","url":"https:\/\/www.iceireland.com\/de\/","name":"Irish College of English","description":"English School in Dublin, Malahide","publisher":{"@id":"https:\/\/www.iceireland.com\/de\/#organization"},"potentialAction":[{"@type":"SearchAction","target":{"@type":"EntryPoint","urlTemplate":"https:\/\/www.iceireland.com\/de\/?s={search_term_string}"},"query-input":{"@type":"PropertyValueSpecification","valueRequired":true,"valueName":"search_term_string"}}],"inLanguage":"de"},{"@type":"Organization","@id":"https:\/\/www.iceireland.com\/de\/#organization","name":"Irish College of English","url":"https:\/\/www.iceireland.com\/de\/","logo":{"@type":"ImageObject","inLanguage":"de","@id":"https:\/\/www.iceireland.com\/de\/#\/schema\/logo\/image\/","url":"https:\/\/www.iceireland.com\/wp-content\/uploads\/2022\/03\/logo.png","contentUrl":"https:\/\/www.iceireland.com\/wp-content\/uploads\/2022\/03\/logo.png","width":593,"height":92,"caption":"Irish College of English"},"image":{"@id":"https:\/\/www.iceireland.com\/de\/#\/schema\/logo\/image\/"}}]}},"_links":{"self":[{"href":"https:\/\/www.iceireland.com\/de\/wp-json\/wp\/v2\/pages\/33266","targetHints":{"allow":["GET"]}}],"collection":[{"href":"https:\/\/www.iceireland.com\/de\/wp-json\/wp\/v2\/pages"}],"about":[{"href":"https:\/\/www.iceireland.com\/de\/wp-json\/wp\/v2\/types\/page"}],"author":[{"embeddable":true,"href":"https:\/\/www.iceireland.com\/de\/wp-json\/wp\/v2\/users\/3"}],"replies":[{"embeddable":true,"href":"https:\/\/www.iceireland.com\/de\/wp-json\/wp\/v2\/comments?post=33266"}],"version-history":[{"count":1,"href":"https:\/\/www.iceireland.com\/de\/wp-json\/wp\/v2\/pages\/33266\/revisions"}],"predecessor-version":[{"id":33267,"href":"https:\/\/www.iceireland.com\/de\/wp-json\/wp\/v2\/pages\/33266\/revisions\/33267"}],"wp:attachment":[{"href":"https:\/\/www.iceireland.com\/de\/wp-json\/wp\/v2\/media?parent=33266"}],"curies":[{"name":"wp","href":"https:\/\/api.w.org\/{rel}","templated":true}]}}