{"id":33277,"date":"2024-04-30T09:25:48","date_gmt":"2024-04-30T09:25:48","guid":{"rendered":"https:\/\/www.iceireland.com\/ayp-students-information\/"},"modified":"2026-01-30T18:27:13","modified_gmt":"2026-01-30T18:27:13","slug":"ayp-students-information","status":"publish","type":"page","link":"https:\/\/www.iceireland.com\/de\/ayp-students-information\/","title":{"rendered":"Informationen f\u00fcr AYP-Studenten"},"content":{"rendered":"\t\t<div data-elementor-type=\"wp-page\" data-elementor-id=\"33277\" class=\"elementor elementor-33277 elementor-26655\" data-elementor-post-type=\"page\">\n\t\t\t\t\t\t<section class=\"elementor-section elementor-top-section elementor-element elementor-element-243d41d elementor-section-boxed elementor-section-height-default elementor-section-height-default\" data-id=\"243d41d\" data-element_type=\"section\" data-e-type=\"section\">\n\t\t\t\t\t\t<div class=\"elementor-container elementor-column-gap-default\">\n\t\t\t\t\t<div class=\"elementor-column elementor-col-100 elementor-top-column elementor-element elementor-element-676ff18\" data-id=\"676ff18\" data-element_type=\"column\" data-e-type=\"column\">\n\t\t\t<div class=\"elementor-widget-wrap elementor-element-populated\">\n\t\t\t\t\t\t<div class=\"elementor-element elementor-element-bbd609a elementor-widget elementor-widget-heading\" data-id=\"bbd609a\" data-element_type=\"widget\" data-e-type=\"widget\" data-widget_type=\"heading.default\">\n\t\t\t\t<div class=\"elementor-widget-container\">\n\t\t\t\t\t<h2 class=\"elementor-heading-title elementor-size-default\">AYP Studenten Informationen<\/h2>\t\t\t\t<\/div>\n\t\t\t\t<\/div>\n\t\t\t\t\t<\/div>\n\t\t<\/div>\n\t\t\t\t\t<\/div>\n\t\t<\/section>\n\t\t\t\t<section class=\"elementor-section elementor-top-section elementor-element elementor-element-063f3d2 elementor-section-boxed elementor-section-height-default elementor-section-height-default\" data-id=\"063f3d2\" data-element_type=\"section\" data-e-type=\"section\">\n\t\t\t\t\t\t<div class=\"elementor-container elementor-column-gap-default\">\n\t\t\t\t\t<div class=\"elementor-column elementor-col-100 elementor-top-column elementor-element elementor-element-13de86c\" data-id=\"13de86c\" data-element_type=\"column\" data-e-type=\"column\">\n\t\t\t<div class=\"elementor-widget-wrap elementor-element-populated\">\n\t\t\t\t\t\t<div class=\"elementor-element elementor-element-d1f6baf elementor-widget elementor-widget-text-editor\" data-id=\"d1f6baf\" data-element_type=\"widget\" data-e-type=\"widget\" data-widget_type=\"text-editor.default\">\n\t\t\t\t<div class=\"elementor-widget-container\">\n\t\t\t\t\t\t\t\t\t<p>Das Akademische Jahresprogramm ist ein 35-w\u00f6chiger Kurs (25 Kurswochen) f\u00fcr Nicht-EWR-Studenten. Dieser Kurs ist in der Interim List of Eligible Programmes (ILEP) aufgef\u00fchrt und eignet sich f\u00fcr Nicht-EWR-Studenten, die arbeiten und studieren m\u00f6chten. Die Studenten legen am Ende ihres Kurses eine anerkannte Pr\u00fcfung ab (IELTS). <\/p><p> <\/p><p><strong>Arbeit &amp; Feiertage<\/strong><\/p><p>Akademisches Jahr Studenten d\u00fcrfen w\u00e4hrend ihres Kurses bis zu 20 Stunden pro Woche arbeiten und bis zu 40 Stunden pro Woche w\u00e4hrend der Ferien, die von Juni bis September und vom 15. Dezember bis zum 15. Januar liegen.  <\/p><p>Die Studenten m\u00fcssen 25 Kurswochen in einem Zeitraum von 8 Monaten absolvieren. Die verbleibenden 10 Wochen sind ein Urlaubszeitraum. F\u00fcr die Weihnachtsferien sind 3 Wochen Urlaub vorgeschrieben, der Rest des Urlaubs wird nach Abschluss der 25 Kurswochen genommen. Jeder Urlaub, den ein Sch\u00fcler au\u00dferhalb dieser Zeitr\u00e4ume nehmen m\u00f6chte, muss in der ersten Kurswoche gebucht werden.     <\/p><p> <\/p><p><strong><em>Kurs Details<\/em><\/strong><em> <\/em><\/p><p><strong><em>Akademisches Jahresprogramm: Allgemeines Englisch + IELTS<\/em><\/strong><em> <\/em><\/p><ul><li><em>25 Wochen Unterricht<\/em><\/li><li><em>15 Stunden pro Woche<\/em><\/li><li><em>Max. 15 Studenten pro Klasse<\/em><\/li><li><em>Mindestalter: 18<\/em><\/li><\/ul><p><em> <\/em><\/p><p><strong>Bitte beachten Sie<\/strong>: Ab dem 30. Juni 2025 werden die Betr\u00e4ge f\u00fcr den Nachweis finanzieller Unterst\u00fctzung f\u00fcr nicht visumspflichtige Staatsangeh\u00f6rige wie unten beschrieben erh\u00f6ht, um sie an die Betr\u00e4ge f\u00fcr visumspflichtige Staatsangeh\u00f6rige anzugleichen.<\/p><ul><li>833 \u20ac pro Monat oder 6.665 \u20ac (insgesamt) f\u00fcr Kurse, die zu einem Aufenthalt von 8 Monaten oder weniger f\u00fchren.<\/li><\/ul><p><strong><em>Levels<\/em><\/strong><\/p><p><em> <\/em><\/p><table><tbody><tr><td width=\"208\"><p><strong><em>Eingangsebene<\/em><\/strong><\/p><p><strong><em> <\/em><\/strong><\/p><\/td><td width=\"208\"><p><strong><em>Erwartetes Exit Level<\/em><\/strong><\/p><p><strong><em> <\/em><\/strong><\/p><\/td><td width=\"208\"><p><strong><em>Pr\u00fcfungsoptionen<\/em><\/strong><\/p><p><strong><em> <\/em><\/strong><\/p><\/td><\/tr><tr><td width=\"208\"><p><em>Vor-Mittelstufe (A2)  <\/em><\/p><p><em> <\/em><\/p><\/td><td width=\"208\"><p><em>Mittelstufe (B1)<\/em><\/p><\/td><td width=\"208\"><p><em>Cambridge PET<\/em><\/p><\/td><\/tr><tr><td width=\"208\"><p><em>Mittelstufe (B1)<\/em><\/p><p><em> <\/em><\/p><\/td><td width=\"208\"><p><em>Obere Mittelstufe (B2)<\/em><\/p><\/td><td width=\"208\"><p><em>IELTS  <\/em><\/p><\/td><\/tr><tr><td width=\"208\"><p><em>Obere Mittelstufe (B2)<\/em><\/p><p><em> <\/em><\/p><\/td><td width=\"208\"><p><em>Fortgeschrittene (C1)<\/em><\/p><\/td><td width=\"208\"><p><em>IELTS<\/em><\/p><\/td><\/tr><tr><td width=\"208\"><p><em>Fortgeschrittene (C1)<\/em><\/p><p><em> <\/em><\/p><\/td><td width=\"208\"><p><em>Fortgeschrittene (C1)<\/em><\/p><\/td><td width=\"208\"><p><em>IELTS<\/em><\/p><\/td><\/tr><\/tbody><\/table><p><em>Machen Sie unseren <\/em><a href=\"https:\/\/iceireland.typeform.com\/to\/J4KRFk\">Online-Test<\/a> <em>und wir werden Ihr Niveau best\u00e4tigen.<\/em><\/p><p> <\/p><p><strong><em>Stundenplan der Klasse: <\/em><\/strong>Montag bis Freitag: 9.15 Uhr bis 12.30 Uhr<\/p><p><strong>Weihnachtspause 2025<\/strong>: 15. Dezember bis 2. Januar<\/p><p><strong>Feiertage 2025<\/strong>: Feb 3, M\u00e4rz 17, Apr 21, Mai 5, Jun 2, Aug 4, Oct 27<\/p><p> <\/p><p><strong><em>Kursgeb\u00fchren<\/em><\/strong><em> <\/em><\/p><p><em>Kursgeb\u00fchr: \u20ac3710<\/em><em> <\/em><\/p><p><em>Die Geb\u00fchren umfassen:<\/em><em> <\/em><\/p><ul><li>25 Wochen Unterricht<\/li><li>Anmeldung<\/li><li>Kursbuch<\/li><li>Medizinische Versicherung<\/li><li>Schutz der Lernenden<\/li><li>IELTS<\/li><\/ul><p><em> <\/em><\/p><p><em> <\/em><\/p><p><strong><em>Pr\u00fcfungen<\/em><em> <\/em><\/strong><\/p><p>Die Studenten legen am Ende des Kurses die IELTS-Pr\u00fcfung ab.<\/p><p> <\/p><p><strong><em>Anwesenheit<\/em><\/strong><em> <\/em><\/p><p>Die Studenten m\u00fcssen eine Anwesenheitsquote von 85% einhalten.<em> <\/em><\/p><p><em> <\/em><\/p><p><strong><em>Arbeit und Feiertage<\/em><\/strong><em> <\/em><\/p><p>Studenten des Akademischen Jahres m\u00fcssen 25 Kurswochen in einem Zeitraum von 8 Monaten absolvieren. Die verbleibenden 10 Wochen sind eine Ferienzeit. <\/p><p>Es gibt einen obligatorischen 3-w\u00f6chigen Urlaub f\u00fcr die Weihnachtsferien, der Rest des Urlaubs wird nach Abschluss der 25 Kurswochen genommen. Jeder Urlaub, den ein Student au\u00dferhalb dieser Zeitr\u00e4ume nehmen m\u00f6chte, muss in der ersten Kurswoche gebucht werden.<\/p><p>Studenten des Akademischen Jahres haben das Recht, 20 Stunden pro Woche w\u00e4hrend des Kurses und 40 Stunden pro Woche w\u00e4hrend der Ferien, die von Juni bis September und<sup>vom 15.<\/sup> Dezember bis<sup>15.<\/sup> Januar stattfinden, zu arbeiten.<\/p><p><em> <\/em><\/p><p><strong><em>Unterkunft<\/em><\/strong><em> <\/em><\/p><p>Wir k\u00f6nnen eine Unterkunft bei einer Gastfamilie in Malahide oder einer der umliegenden St\u00e4dte in der N\u00e4he von Malahide vermitteln, die 10 bis 30 Minuten mit dem Bus\/Zug von der Schule entfernt liegt. Die Kosten betragen \u20ac 280 pro Woche, alle Mahlzeiten sind inbegriffen. Die Unterbringung in einer Gastfamilie h\u00e4ngt von der Verf\u00fcgbarkeit ab, die maximale Buchungsdauer betr\u00e4gt 4 Wochen.  <\/p><p><em>  Dieser Kurs  <\/em><\/p>\t\t\t\t\t\t\t\t<\/div>\n\t\t\t\t<\/div>\n\t\t\t\t\t<\/div>\n\t\t<\/div>\n\t\t\t\t\t<\/div>\n\t\t<\/section>\n\t\t\t\t<section class=\"elementor-section elementor-top-section elementor-element elementor-element-2c19fd8 elementor-section-boxed elementor-section-height-default elementor-section-height-default\" data-id=\"2c19fd8\" data-element_type=\"section\" data-e-type=\"section\">\n\t\t\t\t\t\t<div class=\"elementor-container elementor-column-gap-default\">\n\t\t\t\t\t<div class=\"elementor-column elementor-col-100 elementor-top-column elementor-element elementor-element-8322d7f\" data-id=\"8322d7f\" data-element_type=\"column\" data-e-type=\"column\">\n\t\t\t<div class=\"elementor-widget-wrap elementor-element-populated\">\n\t\t\t\t\t\t<div class=\"elementor-element elementor-element-7a47391 elementor-widget elementor-widget-text-editor\" data-id=\"7a47391\" data-element_type=\"widget\" data-e-type=\"widget\" data-widget_type=\"text-editor.default\">\n\t\t\t\t<div class=\"elementor-widget-container\">\n\t\t\t\t\t\t\t\t\t<div class=\"fusion-text fusion-text-5\"><p><strong>ILEP<\/strong><\/p><p>Die Interim List of Eligible Programmes (ILEP) ist eine vom irischen Ministerium f\u00fcr Justiz und Einwanderung zusammengestellte Liste anerkannter Hochschulstudieng\u00e4nge.<\/p><p>Bildungsanbieter, die nicht im ILEP vertreten sind, k\u00f6nnen keine Kurse f\u00fcr Nicht-EWR-Studenten anbieten.  <span style=\"color: var( --e-global-color-text ); font-family: var( --e-global-typography-text-font-family ), Sans-serif; font-weight: var( --e-global-typography-text-font-weight );\">Nicht-EWR-B\u00fcrger, die l\u00e4nger als 90 Tage studieren m\u00f6chten, m\u00fcssen sich f\u00fcr einen Kurs anmelden, der im ILEP aufgef\u00fchrt ist. Bei dem Kurs muss es sich um ein Vollzeit-Tagesprogramm handeln und nicht um ein Teilzeit- oder Fernstudienprogramm. <\/span><\/p><p>Alle Bildungsanbieter, einschlie\u00dflich Universit\u00e4ten, Colleges und Englisch-Sprachschulen, m\u00fcssen bestimmte Standards und Anforderungen erf\u00fcllen, damit ihre Kurse in das ILEP aufgenommen werden k\u00f6nnen.<\/p><p>Zum Beispiel m\u00fcssen Bildungsanbieter \u00fcber angemessene Richtlinien verf\u00fcgen f\u00fcr:<\/p><ul><li>R\u00fcckerstattung von Studiengeb\u00fchren und anderen Zahlungen, falls Ihr Studentenvisum abgelehnt wird<\/li><li>\u00dcberwachung der Anwesenheit im Unterricht und der P\u00fcnktlichkeit<\/li><li>Umgang mit Absentismus und Ausschluss<\/li><li>Krankheitsurlaub f\u00fcr Studenten<\/li><li>Ferien und Pausen f\u00fcr Studenten<\/li><li>Anmeldung von Studenten zu Pr\u00fcfungen am Ende des Programms<\/li><li>Bewertungen und Pr\u00fcfungen f\u00fcr Studenten<\/li><\/ul><p>Dar\u00fcber hinaus m\u00fcssen alle Bildungsanbieter ihren Studenten einen Schutz f\u00fcr Lernende bieten, der auch als Protection for Enrolled Learners bekannt ist. Das bedeutet, dass es Ma\u00dfnahmen gibt, die es Ihnen erm\u00f6glichen, entweder Ihr Studium an einem anderen Ort fortzusetzen oder eine Erstattung Ihrer Kosten und Geb\u00fchren zu erhalten, wenn Ihr Kurs vorzeitig endet. <\/p><p>Aus dem Annahmeschreiben des von Ihnen gew\u00e4hlten Bildungsanbieters muss eindeutig hervorgehen, dass Sie durch eine Vereinbarung zum Schutz von Lernenden gesch\u00fctzt sind. Wenn der Schutz der Lernenden \u00fcber eine Versicherung erfolgt, muss Ihr Bildungsanbieter Ihnen eine Bescheinigung \u00fcber den Schutz der Lernenden aush\u00e4ndigen, aus der hervorgeht, dass Sie versichert sind. <\/p><p>Wenn Sie an einem Englischkurs des ILEP teilnehmen, k\u00f6nnen Sie eine einmalige Einwanderungserlaubnis von bis zu acht Monaten erhalten.  <span style=\"color: var( --e-global-color-text ); font-family: var( --e-global-typography-text-font-family ), Sans-serif; font-weight: var( --e-global-typography-text-font-weight );\">Sie k\u00f6nnen bis zu drei Englischkurse mit einer Dauer von jeweils acht Monaten belegen, so dass Sie insgesamt eine Einwanderungsgenehmigung f\u00fcr 24 Monate erhalten.<\/span><\/p><p>Beachten Sie, dass Sie f\u00fcr jeden Kurs, den Sie belegen, die Anwesenheitspflicht erf\u00fcllen und eine Pr\u00fcfung am Ende des Programms ablegen m\u00fcssen, um Ihre Studienerlaubnis jedes Mal zu erneuern.<\/p><p>Wenn Sie nach Ablauf Ihrer Einwanderungserlaubnis weiter studieren m\u00f6chten, m\u00fcssen Sie sich f\u00fcr ein Hochschulprogramm einschreiben, das im ILEP aufgef\u00fchrt ist.<\/p><p data-wahfont=\"19\">Die <strong><a role=\"link\" href=\"https:\/\/www.irishimmigration.ie\/coming-to-study-in-ireland\/what-are-my-study-options\/a-third-level-course-or-a-language-course\/\" data-wahfont=\"19\">Vorl\u00e4ufige Liste der f\u00f6rderf\u00e4higen Studieng\u00e4nge (ILEP)<\/a><\/strong> enth\u00e4lt die aktuelle Liste der zugelassenen Studieng\u00e4nge.<\/p><p data-wahfont=\"19\">Sobald Sie sich f\u00fcr einen genehmigten Studiengang eingeschrieben haben, k\u00f6nnen Sie eine Einwanderungsgenehmigung f\u00fcr Ihr Studium in Irland beantragen.  <span style=\"color: var( --e-global-color-text ); font-family: var( --e-global-typography-text-font-family ), Sans-serif; font-weight: var( --e-global-typography-text-font-weight );\">Wenn Sie sich f\u00fcr ein im ILEP aufgef\u00fchrtes Englisch-Sprachprogramm anmelden, k\u00f6nnen Sie eine Stamp 2-Einwanderungserlaubnis von bis zu acht Monaten beantragen. Sie m\u00fcssen: <\/span><\/p><ul><li data-wahfont=\"19\">sich f\u00fcr ein Programm anmelden, das mindestens 25 Wochen dauert<\/li><li data-wahfont=\"19\">mindestens 15 Stunden pro Woche am Unterricht teilnehmen<\/li><li data-wahfont=\"19\">mindestens 85% Ihrer Kurse besuchen<\/li><li data-wahfont=\"19\">eine Pr\u00fcfung am Ende des Programms ablegen.<\/li><\/ul><p> <\/p><p data-wahfont=\"19\"><span style=\"color: var( --e-global-color-text ); font-family: var( --e-global-typography-text-font-family ), Sans-serif; font-weight: var( --e-global-typography-text-font-weight );\">Internationale Studenten k\u00f6nnen in Irland arbeiten, ohne ein separates Arbeitsvisum beantragen zu m\u00fcssen. Allerdings gibt es Einschr\u00e4nkungen hinsichtlich der Anzahl der Stunden, die Sie arbeiten d\u00fcrfen. <\/span><\/p><\/div><p>W\u00e4hrend der Semesterzeit k\u00f6nnen Sie bis zu 20 Stunden pro Woche arbeiten. W\u00e4hrend der Ferien (Juni, Juli, August und September sowie zwischen dem 15. Dezember und dem 15. Januar) k\u00f6nnen Sie jedoch bis zu 40 Stunden pro Woche arbeiten. <\/p><p data-wahfont=\"19\"> <\/p>\t\t\t\t\t\t\t\t<\/div>\n\t\t\t\t<\/div>\n\t\t\t\t\t<\/div>\n\t\t<\/div>\n\t\t\t\t\t<\/div>\n\t\t<\/section>\n\t\t\t\t<\/div>\n\t\t","protected":false},"excerpt":{"rendered":"<p>AYP Studenten Informationen Das Akademische Jahresprogramm ist ein 35-w\u00f6chiger Kurs (25 Kurswochen) f\u00fcr Nicht-EWR-Studenten. Dieser Kurs ist in der Interim List of Eligible Programmes (ILEP) aufgef\u00fchrt und eignet sich f\u00fcr Nicht-EWR-Studenten, die arbeiten und studieren m\u00f6chten. Die Studenten legen am Ende ihres Kurses eine anerkannte Pr\u00fcfung ab (IELTS). Arbeit &amp; Feiertage Akademisches Jahr Studenten d\u00fcrfen [&hellip;]<\/p>\n","protected":false},"author":3,"featured_media":0,"parent":0,"menu_order":0,"comment_status":"closed","ping_status":"closed","template":"","meta":{"content-type":"","footnotes":""},"class_list":["post-33277","page","type-page","status-publish","hentry"],"yoast_head":"<!-- This site is optimized with the Yoast SEO plugin v27.3 - https:\/\/yoast.com\/product\/yoast-seo-wordpress\/ -->\n<title>Informationen f\u00fcr AYP-Studenten - Irish College of English<\/title>\n<meta name=\"robots\" content=\"index, follow, max-snippet:-1, max-image-preview:large, max-video-preview:-1\" \/>\n<link rel=\"canonical\" href=\"https:\/\/www.iceireland.com\/de\/ayp-students-information\/\" \/>\n<meta property=\"og:locale\" content=\"de_DE\" \/>\n<meta property=\"og:type\" content=\"article\" \/>\n<meta property=\"og:title\" content=\"Informationen f\u00fcr AYP-Studenten - Irish College of English\" \/>\n<meta property=\"og:description\" content=\"AYP Studenten Informationen Das Akademische Jahresprogramm ist ein 35-w\u00f6chiger Kurs (25 Kurswochen) f\u00fcr Nicht-EWR-Studenten. Dieser Kurs ist in der Interim List of Eligible Programmes (ILEP) aufgef\u00fchrt und eignet sich f\u00fcr Nicht-EWR-Studenten, die arbeiten und studieren m\u00f6chten. Die Studenten legen am Ende ihres Kurses eine anerkannte Pr\u00fcfung ab (IELTS). Arbeit &amp; Feiertage Akademisches Jahr Studenten d\u00fcrfen [&hellip;]\" \/>\n<meta property=\"og:url\" content=\"https:\/\/www.iceireland.com\/de\/ayp-students-information\/\" \/>\n<meta property=\"og:site_name\" content=\"Irish College of English\" \/>\n<meta property=\"article:modified_time\" content=\"2026-01-30T18:27:13+00:00\" \/>\n<meta name=\"twitter:label1\" content=\"Gesch\u00e4tzte Lesezeit\" \/>\n\t<meta name=\"twitter:data1\" content=\"5\u00a0Minuten\" \/>\n<script type=\"application\/ld+json\" class=\"yoast-schema-graph\">{\"@context\":\"https:\\\/\\\/schema.org\",\"@graph\":[{\"@type\":\"WebPage\",\"@id\":\"https:\\\/\\\/www.iceireland.com\\\/de\\\/ayp-students-information\\\/\",\"url\":\"https:\\\/\\\/www.iceireland.com\\\/de\\\/ayp-students-information\\\/\",\"name\":\"Informationen f\u00fcr AYP-Studenten - Irish College of English\",\"isPartOf\":{\"@id\":\"https:\\\/\\\/www.iceireland.com\\\/de\\\/#website\"},\"datePublished\":\"2024-04-30T09:25:48+00:00\",\"dateModified\":\"2026-01-30T18:27:13+00:00\",\"breadcrumb\":{\"@id\":\"https:\\\/\\\/www.iceireland.com\\\/de\\\/ayp-students-information\\\/#breadcrumb\"},\"inLanguage\":\"de\",\"potentialAction\":[{\"@type\":\"ReadAction\",\"target\":[\"https:\\\/\\\/www.iceireland.com\\\/de\\\/ayp-students-information\\\/\"]}]},{\"@type\":\"BreadcrumbList\",\"@id\":\"https:\\\/\\\/www.iceireland.com\\\/de\\\/ayp-students-information\\\/#breadcrumb\",\"itemListElement\":[{\"@type\":\"ListItem\",\"position\":1,\"name\":\"Home\",\"item\":\"https:\\\/\\\/www.iceireland.com\\\/de\\\/\"},{\"@type\":\"ListItem\",\"position\":2,\"name\":\"Informationen f\u00fcr AYP-Studenten\"}]},{\"@type\":\"WebSite\",\"@id\":\"https:\\\/\\\/www.iceireland.com\\\/de\\\/#website\",\"url\":\"https:\\\/\\\/www.iceireland.com\\\/de\\\/\",\"name\":\"Irish College of English\",\"description\":\"English School in Dublin, Malahide\",\"publisher\":{\"@id\":\"https:\\\/\\\/www.iceireland.com\\\/de\\\/#organization\"},\"potentialAction\":[{\"@type\":\"SearchAction\",\"target\":{\"@type\":\"EntryPoint\",\"urlTemplate\":\"https:\\\/\\\/www.iceireland.com\\\/de\\\/?s={search_term_string}\"},\"query-input\":{\"@type\":\"PropertyValueSpecification\",\"valueRequired\":true,\"valueName\":\"search_term_string\"}}],\"inLanguage\":\"de\"},{\"@type\":\"Organization\",\"@id\":\"https:\\\/\\\/www.iceireland.com\\\/de\\\/#organization\",\"name\":\"Irish College of English\",\"url\":\"https:\\\/\\\/www.iceireland.com\\\/de\\\/\",\"logo\":{\"@type\":\"ImageObject\",\"inLanguage\":\"de\",\"@id\":\"https:\\\/\\\/www.iceireland.com\\\/de\\\/#\\\/schema\\\/logo\\\/image\\\/\",\"url\":\"https:\\\/\\\/www.iceireland.com\\\/wp-content\\\/uploads\\\/2022\\\/03\\\/logo.png\",\"contentUrl\":\"https:\\\/\\\/www.iceireland.com\\\/wp-content\\\/uploads\\\/2022\\\/03\\\/logo.png\",\"width\":593,\"height\":92,\"caption\":\"Irish College of English\"},\"image\":{\"@id\":\"https:\\\/\\\/www.iceireland.com\\\/de\\\/#\\\/schema\\\/logo\\\/image\\\/\"}}]}<\/script>\n<!-- \/ Yoast SEO plugin. -->","yoast_head_json":{"title":"Informationen f\u00fcr AYP-Studenten - Irish College of English","robots":{"index":"index","follow":"follow","max-snippet":"max-snippet:-1","max-image-preview":"max-image-preview:large","max-video-preview":"max-video-preview:-1"},"canonical":"https:\/\/www.iceireland.com\/de\/ayp-students-information\/","og_locale":"de_DE","og_type":"article","og_title":"Informationen f\u00fcr AYP-Studenten - Irish College of English","og_description":"AYP Studenten Informationen Das Akademische Jahresprogramm ist ein 35-w\u00f6chiger Kurs (25 Kurswochen) f\u00fcr Nicht-EWR-Studenten. Dieser Kurs ist in der Interim List of Eligible Programmes (ILEP) aufgef\u00fchrt und eignet sich f\u00fcr Nicht-EWR-Studenten, die arbeiten und studieren m\u00f6chten. Die Studenten legen am Ende ihres Kurses eine anerkannte Pr\u00fcfung ab (IELTS). Arbeit &amp; Feiertage Akademisches Jahr Studenten d\u00fcrfen [&hellip;]","og_url":"https:\/\/www.iceireland.com\/de\/ayp-students-information\/","og_site_name":"Irish College of English","article_modified_time":"2026-01-30T18:27:13+00:00","twitter_misc":{"Gesch\u00e4tzte Lesezeit":"5\u00a0Minuten"},"schema":{"@context":"https:\/\/schema.org","@graph":[{"@type":"WebPage","@id":"https:\/\/www.iceireland.com\/de\/ayp-students-information\/","url":"https:\/\/www.iceireland.com\/de\/ayp-students-information\/","name":"Informationen f\u00fcr AYP-Studenten - Irish College of English","isPartOf":{"@id":"https:\/\/www.iceireland.com\/de\/#website"},"datePublished":"2024-04-30T09:25:48+00:00","dateModified":"2026-01-30T18:27:13+00:00","breadcrumb":{"@id":"https:\/\/www.iceireland.com\/de\/ayp-students-information\/#breadcrumb"},"inLanguage":"de","potentialAction":[{"@type":"ReadAction","target":["https:\/\/www.iceireland.com\/de\/ayp-students-information\/"]}]},{"@type":"BreadcrumbList","@id":"https:\/\/www.iceireland.com\/de\/ayp-students-information\/#breadcrumb","itemListElement":[{"@type":"ListItem","position":1,"name":"Home","item":"https:\/\/www.iceireland.com\/de\/"},{"@type":"ListItem","position":2,"name":"Informationen f\u00fcr AYP-Studenten"}]},{"@type":"WebSite","@id":"https:\/\/www.iceireland.com\/de\/#website","url":"https:\/\/www.iceireland.com\/de\/","name":"Irish College of English","description":"English School in Dublin, Malahide","publisher":{"@id":"https:\/\/www.iceireland.com\/de\/#organization"},"potentialAction":[{"@type":"SearchAction","target":{"@type":"EntryPoint","urlTemplate":"https:\/\/www.iceireland.com\/de\/?s={search_term_string}"},"query-input":{"@type":"PropertyValueSpecification","valueRequired":true,"valueName":"search_term_string"}}],"inLanguage":"de"},{"@type":"Organization","@id":"https:\/\/www.iceireland.com\/de\/#organization","name":"Irish College of English","url":"https:\/\/www.iceireland.com\/de\/","logo":{"@type":"ImageObject","inLanguage":"de","@id":"https:\/\/www.iceireland.com\/de\/#\/schema\/logo\/image\/","url":"https:\/\/www.iceireland.com\/wp-content\/uploads\/2022\/03\/logo.png","contentUrl":"https:\/\/www.iceireland.com\/wp-content\/uploads\/2022\/03\/logo.png","width":593,"height":92,"caption":"Irish College of English"},"image":{"@id":"https:\/\/www.iceireland.com\/de\/#\/schema\/logo\/image\/"}}]}},"_links":{"self":[{"href":"https:\/\/www.iceireland.com\/de\/wp-json\/wp\/v2\/pages\/33277","targetHints":{"allow":["GET"]}}],"collection":[{"href":"https:\/\/www.iceireland.com\/de\/wp-json\/wp\/v2\/pages"}],"about":[{"href":"https:\/\/www.iceireland.com\/de\/wp-json\/wp\/v2\/types\/page"}],"author":[{"embeddable":true,"href":"https:\/\/www.iceireland.com\/de\/wp-json\/wp\/v2\/users\/3"}],"replies":[{"embeddable":true,"href":"https:\/\/www.iceireland.com\/de\/wp-json\/wp\/v2\/comments?post=33277"}],"version-history":[{"count":1,"href":"https:\/\/www.iceireland.com\/de\/wp-json\/wp\/v2\/pages\/33277\/revisions"}],"predecessor-version":[{"id":33278,"href":"https:\/\/www.iceireland.com\/de\/wp-json\/wp\/v2\/pages\/33277\/revisions\/33278"}],"wp:attachment":[{"href":"https:\/\/www.iceireland.com\/de\/wp-json\/wp\/v2\/media?parent=33277"}],"curies":[{"name":"wp","href":"https:\/\/api.w.org\/{rel}","templated":true}]}}