{"id":33323,"date":"2024-04-30T08:28:30","date_gmt":"2024-04-30T08:28:30","guid":{"rendered":"https:\/\/www.iceireland.com\/adult-student-events-activity-programme\/"},"modified":"2026-01-30T18:27:29","modified_gmt":"2026-01-30T18:27:29","slug":"adult-student-events-activity-programme","status":"publish","type":"page","link":"https:\/\/www.iceireland.com\/de\/adult-student-events-activity-programme\/","title":{"rendered":"Programm f\u00fcr Veranstaltungen und Aktivit\u00e4ten f\u00fcr erwachsene Studenten"},"content":{"rendered":"\t\t<div data-elementor-type=\"wp-page\" data-elementor-id=\"33323\" class=\"elementor elementor-33323 elementor-26633\" data-elementor-post-type=\"page\">\n\t\t\t\t\t\t<section class=\"elementor-section elementor-top-section elementor-element elementor-element-621842e elementor-section-boxed elementor-section-height-default elementor-section-height-default\" data-id=\"621842e\" data-element_type=\"section\" data-e-type=\"section\">\n\t\t\t\t\t\t<div class=\"elementor-container elementor-column-gap-default\">\n\t\t\t\t\t<div class=\"elementor-column elementor-col-100 elementor-top-column elementor-element elementor-element-9248c5c\" data-id=\"9248c5c\" data-element_type=\"column\" data-e-type=\"column\">\n\t\t\t<div class=\"elementor-widget-wrap elementor-element-populated\">\n\t\t\t\t\t\t<div class=\"elementor-element elementor-element-833c559 elementor-widget elementor-widget-heading\" data-id=\"833c559\" data-element_type=\"widget\" data-e-type=\"widget\" data-widget_type=\"heading.default\">\n\t\t\t\t<div class=\"elementor-widget-container\">\n\t\t\t\t\t<h2 class=\"elementor-heading-title elementor-size-default\">Programm f\u00fcr Veranstaltungen und Aktivit\u00e4ten f\u00fcr erwachsene Studenten<\/h2>\t\t\t\t<\/div>\n\t\t\t\t<\/div>\n\t\t\t\t\t<\/div>\n\t\t<\/div>\n\t\t\t\t\t<\/div>\n\t\t<\/section>\n\t\t\t\t<section class=\"elementor-section elementor-top-section elementor-element elementor-element-cc16b05 elementor-section-boxed elementor-section-height-default elementor-section-height-default\" data-id=\"cc16b05\" data-element_type=\"section\" data-e-type=\"section\">\n\t\t\t\t\t\t<div class=\"elementor-container elementor-column-gap-default\">\n\t\t\t\t\t<div class=\"elementor-column elementor-col-100 elementor-top-column elementor-element elementor-element-af502e2\" data-id=\"af502e2\" data-element_type=\"column\" data-e-type=\"column\">\n\t\t\t<div class=\"elementor-widget-wrap elementor-element-populated\">\n\t\t\t\t\t\t<div class=\"elementor-element elementor-element-6cab296 elementor-widget elementor-widget-text-editor\" data-id=\"6cab296\" data-element_type=\"widget\" data-e-type=\"widget\" data-widget_type=\"text-editor.default\">\n\t\t\t\t<div class=\"elementor-widget-container\">\n\t\t\t\t\t\t\t\t\t<p>Unser Programm f\u00fcr Veranstaltungen und Aktivit\u00e4ten f\u00fcr erwachsene Studenten ist eine zus\u00e4tzliche Unterst\u00fctzung, die ICE erwachsenen Studenten anbietet, um ihre Zeit an unserer Schule zu bereichern und ihnen zu helfen, sich mit ihren Mitstudenten, Lehrern und der weiteren Gemeinschaft zu integrieren.<\/p><p>Zu den Verwaltungsverfahren f\u00fcr die Aktivit\u00e4ten geh\u00f6ren die Formulierung von Risikobewertungen, die Umsetzung von Aufsichts- und Quotenregelungen, die Verwaltung von Aktivit\u00e4ten und Aufgaben im Zusammenhang mit akademischen Programmen und die Sicherstellung der Anwesenheit.<\/p><p> <\/p><h4 style=\"text-align: center;\"><strong>W\u00f6chentliches Aktivit\u00e4tsprogramm<\/strong><\/h4><p>Jede Woche finden Sie am Schwarzen Brett eine Liste der Aktivit\u00e4ten und Kosten. Wir stellen einen kostenlosen Betreuer zur Verf\u00fcgung, der die Sch\u00fcler begleitet. F\u00fcr Transport und Eintrittsgelder m\u00fcssen die Sch\u00fcler gegebenenfalls selbst aufkommen. <\/p><p>Es gibt einen Anmeldebogen, auf dem die Sch\u00fcler ihr Interesse an der Teilnahme an einer Aktivit\u00e4t bekunden k\u00f6nnen.<\/p>\t\t\t\t\t\t\t\t<\/div>\n\t\t\t\t<\/div>\n\t\t\t\t<div class=\"elementor-element elementor-element-da527fb elementor-widget elementor-widget-image\" data-id=\"da527fb\" data-element_type=\"widget\" data-e-type=\"widget\" data-widget_type=\"image.default\">\n\t\t\t\t<div class=\"elementor-widget-container\">\n\t\t\t\t\t\t\t\t\t\t\t\t\t\t\t<img fetchpriority=\"high\" decoding=\"async\" width=\"800\" height=\"534\" src=\"https:\/\/www.iceireland.com\/wp-content\/uploads\/2024\/10\/30th-Oct-10th-Nov-2-1024x683.png\" class=\"attachment-large size-large wp-image-28135\" alt=\"\" srcset=\"https:\/\/www.iceireland.com\/wp-content\/uploads\/2024\/10\/30th-Oct-10th-Nov-2-1024x683.png 1024w, https:\/\/www.iceireland.com\/wp-content\/uploads\/2024\/10\/30th-Oct-10th-Nov-2-300x200.png 300w, https:\/\/www.iceireland.com\/wp-content\/uploads\/2024\/10\/30th-Oct-10th-Nov-2-768x512.png 768w, https:\/\/www.iceireland.com\/wp-content\/uploads\/2024\/10\/30th-Oct-10th-Nov-2-1536x1024.png 1536w, https:\/\/www.iceireland.com\/wp-content\/uploads\/2024\/10\/30th-Oct-10th-Nov-2-2048x1365.png 2048w\" sizes=\"(max-width: 800px) 100vw, 800px\" \/>\t\t\t\t\t\t\t\t\t\t\t\t\t\t\t<\/div>\n\t\t\t\t<\/div>\n\t\t\t\t\t<\/div>\n\t\t<\/div>\n\t\t\t\t\t<\/div>\n\t\t<\/section>\n\t\t\t\t<section class=\"elementor-section elementor-top-section elementor-element elementor-element-7fdc1ab elementor-section-boxed elementor-section-height-default elementor-section-height-default\" data-id=\"7fdc1ab\" data-element_type=\"section\" data-e-type=\"section\">\n\t\t\t\t\t\t<div class=\"elementor-container elementor-column-gap-default\">\n\t\t\t\t\t<div class=\"elementor-column elementor-col-100 elementor-top-column elementor-element elementor-element-754cf18\" data-id=\"754cf18\" data-element_type=\"column\" data-e-type=\"column\">\n\t\t\t<div class=\"elementor-widget-wrap elementor-element-populated\">\n\t\t\t\t\t\t<div class=\"elementor-element elementor-element-ba17b63 elementor-widget elementor-widget-text-editor\" data-id=\"ba17b63\" data-element_type=\"widget\" data-e-type=\"widget\" data-widget_type=\"text-editor.default\">\n\t\t\t\t<div class=\"elementor-widget-container\">\n\t\t\t\t\t\t\t\t\t<h4 style=\"text-align: center;\"><span style=\"color: #339966;\"><strong>Interkulturelles und kulturelles Bewusstsein im ICE<\/strong><\/span><\/h4><p class=\"cvGsUA direction-ltr align-start para-style-body\"><span class=\"OYPEnA font-feature-liga-off font-feature-clig-off font-feature-calt-off text-decoration-none text-strikethrough-none\">Am Irish College of English glauben wir, dass Englischlernen \u00fcber das Klassenzimmer hinausgeht. Es geht auch darum, andere Kulturen zu verstehen, mit anderen in Kontakt zu treten und Erfahrungen zu teilen. Unsere Module zur irischen Kultur sollen Ihnen die reiche Geschichte, die Traditionen und die Lebensweise in Irland n\u00e4her bringen &#8211; von der irischen Folklore und Musik bis hin zum Feiern von Feiertagen wie dem St. Patrick&#8217;s Day und Halloween, die beide starke Wurzeln in der irischen Kultur haben.  <\/span><\/p><p class=\"cvGsUA direction-ltr align-start para-style-body\"><span class=\"OYPEnA font-feature-liga-off font-feature-clig-off font-feature-calt-off text-decoration-none text-strikethrough-none\">Um die soziale Interaktion zu f\u00f6rdern und den Studenten zu helfen, sich gegenseitig kennenzulernen, bieten wir in den Pausen kostenlosen Kaffee, Tee und Kekse an. Dies schafft einen einladenden Raum, in dem Sie sich entspannen, mit Klassenkameraden plaudern und Kulturen austauschen k\u00f6nnen. <\/span><\/p><p class=\"cvGsUA direction-ltr align-start para-style-body\"><span class=\"OYPEnA font-feature-liga-off font-feature-clig-off font-feature-calt-off text-decoration-none text-strikethrough-none\">Au\u00dferdem veranstalten wir das ganze Jahr \u00fcber eine Vielzahl von interkulturellen Events, wie z.B. den Weltern\u00e4hrungstag, an dem die Studenten eingeladen sind, ein Gericht aus ihrem Heimatland mitzubringen, und den Internationalen Frauentag, an dem die Beitr\u00e4ge von Frauen aus allen Kulturen gefeiert werden. Wir feiern neben den irischen auch globale Feiertage wie Weihnachten, Ostern und den Weltumwelttag, um eine Gemeinschaft zu f\u00f6rdern, die Vielfalt und gegenseitigen Respekt sch\u00e4tzt. <\/span><\/p><p class=\"cvGsUA direction-ltr align-start para-style-body\"><span class=\"OYPEnA font-feature-liga-off font-feature-clig-off font-feature-calt-off text-decoration-none text-strikethrough-none\">Bei ICE ist das Erlernen der englischen Sprache eine Reise, die durch die Kulturen und Freundschaften bereichert wird, die Sie auf Ihrem Weg treffen werden.<\/span><\/p><p> <\/p><p class=\"cvGsUA direction-ltr align-start para-style-body\" style=\"text-align: center;\"><strong><span class=\"OYPEnA font-feature-liga-off font-feature-clig-off font-feature-calt-off text-decoration-none text-strikethrough-none\">Vollst\u00e4ndiges Eintauchen in die Kultur mit irischen Gastgebern<\/span><\/strong><\/p><p class=\"cvGsUA direction-ltr align-start para-style-body\"><span class=\"OYPEnA font-feature-liga-off font-feature-clig-off font-feature-calt-off text-decoration-none text-strikethrough-none\">Einige Studenten haben auch die einmalige Gelegenheit, bei sorgf\u00e4ltig ausgew\u00e4hlten irischen Gastfamilien zu wohnen und so voll in die lokale Kultur einzutauchen. Das Leben bei irischen Gastgebern erm\u00f6glicht es den Studenten, den irischen Alltag hautnah mitzuerleben, ihre Sprachkenntnisse in einer realen Umgebung zu \u00fcben und ein tieferes Verst\u00e4ndnis f\u00fcr die lokalen Br\u00e4uche und Traditionen zu erlangen. <\/span><\/p><p> <\/p><p class=\"cvGsUA direction-ltr align-start para-style-body\" style=\"text-align: center;\"><strong><span class=\"OYPEnA font-feature-liga-off font-feature-clig-off font-feature-calt-off text-decoration-none text-strikethrough-none\">Kulturelles Bewusstsein durch Arbeit und soziale Integration in Irland<\/span><\/strong><\/p><p class=\"cvGsUA direction-ltr align-start para-style-body\"><span class=\"OYPEnA font-feature-liga-off font-feature-clig-off font-feature-calt-off text-decoration-none text-strikethrough-none\">F\u00fcr Erwachsene, die in Irland studieren, spielt die M\u00f6glichkeit, in lokalen sozialen Gruppen zu arbeiten und sich zu engagieren, eine wichtige Rolle bei der F\u00f6rderung des kulturellen Bewusstseins. Diese Erfahrungen bieten den Studenten einen praktischen, realen Einblick in die irische Gesellschaft und erm\u00f6glichen es ihnen, tiefere Verbindungen aufzubauen und ein differenzierteres Verst\u00e4ndnis der lokalen Kultur zu entwickeln. <\/span><\/p><h4 style=\"text-align: center;\"><span style=\"color: #339966;\"><strong>Lokale Ereignisse<\/strong><\/span><\/h4><p>Auf unserer Ressourcenseite finden Sie Links zu n\u00fctzlichen Seiten, die Ihnen helfen, sich \u00fcber interessante Ereignisse in unserer Region und in Dublin zu informieren: www.iceireland.com\/events<\/p>\t\t\t\t\t\t\t\t<\/div>\n\t\t\t\t<\/div>\n\t\t\t\t\t<\/div>\n\t\t<\/div>\n\t\t\t\t\t<\/div>\n\t\t<\/section>\n\t\t\t\t<section class=\"elementor-section elementor-top-section elementor-element elementor-element-80cf46b elementor-section-boxed elementor-section-height-default elementor-section-height-default\" data-id=\"80cf46b\" data-element_type=\"section\" data-e-type=\"section\">\n\t\t\t\t\t\t<div class=\"elementor-container elementor-column-gap-default\">\n\t\t\t\t\t<div class=\"elementor-column elementor-col-100 elementor-top-column elementor-element elementor-element-25370cf\" data-id=\"25370cf\" data-element_type=\"column\" data-e-type=\"column\">\n\t\t\t<div class=\"elementor-widget-wrap elementor-element-populated\">\n\t\t\t\t\t\t<div class=\"elementor-element elementor-element-6cfad06 elementor-widget elementor-widget-spacer\" data-id=\"6cfad06\" data-element_type=\"widget\" data-e-type=\"widget\" data-widget_type=\"spacer.default\">\n\t\t\t\t<div class=\"elementor-widget-container\">\n\t\t\t\t\t\t\t<div class=\"elementor-spacer\">\n\t\t\t<div class=\"elementor-spacer-inner\"><\/div>\n\t\t<\/div>\n\t\t\t\t\t\t<\/div>\n\t\t\t\t<\/div>\n\t\t\t\t\t<\/div>\n\t\t<\/div>\n\t\t\t\t\t<\/div>\n\t\t<\/section>\n\t\t\t\t<section class=\"elementor-section elementor-top-section elementor-element elementor-element-475a9f4 elementor-section-boxed elementor-section-height-default elementor-section-height-default\" data-id=\"475a9f4\" data-element_type=\"section\" data-e-type=\"section\">\n\t\t\t\t\t\t<div class=\"elementor-container elementor-column-gap-default\">\n\t\t\t\t\t<div class=\"elementor-column elementor-col-100 elementor-top-column elementor-element elementor-element-f08c36c\" data-id=\"f08c36c\" data-element_type=\"column\" data-e-type=\"column\">\n\t\t\t<div class=\"elementor-widget-wrap elementor-element-populated\">\n\t\t\t\t\t\t<div class=\"elementor-element elementor-element-af1be0d elementor-widget elementor-widget-image\" data-id=\"af1be0d\" data-element_type=\"widget\" data-e-type=\"widget\" data-widget_type=\"image.default\">\n\t\t\t\t<div class=\"elementor-widget-container\">\n\t\t\t\t\t\t\t\t\t\t\t\t\t\t\t<img decoding=\"async\" width=\"724\" height=\"1024\" src=\"https:\/\/www.iceireland.com\/wp-content\/uploads\/2024\/09\/Events-1-724x1024.png\" class=\"attachment-large size-large wp-image-27988\" alt=\"\" srcset=\"https:\/\/www.iceireland.com\/wp-content\/uploads\/2024\/09\/Events-1-724x1024.png 724w, https:\/\/www.iceireland.com\/wp-content\/uploads\/2024\/09\/Events-1-212x300.png 212w, https:\/\/www.iceireland.com\/wp-content\/uploads\/2024\/09\/Events-1-768x1086.png 768w, https:\/\/www.iceireland.com\/wp-content\/uploads\/2024\/09\/Events-1-1086x1536.png 1086w, https:\/\/www.iceireland.com\/wp-content\/uploads\/2024\/09\/Events-1-1448x2048.png 1448w, https:\/\/www.iceireland.com\/wp-content\/uploads\/2024\/09\/Events-1.png 1587w\" sizes=\"(max-width: 724px) 100vw, 724px\" \/>\t\t\t\t\t\t\t\t\t\t\t\t\t\t\t<\/div>\n\t\t\t\t<\/div>\n\t\t\t\t\t<\/div>\n\t\t<\/div>\n\t\t\t\t\t<\/div>\n\t\t<\/section>\n\t\t\t\t<\/div>\n\t\t","protected":false},"excerpt":{"rendered":"<p>Programm f\u00fcr Veranstaltungen und Aktivit\u00e4ten f\u00fcr erwachsene Studenten Unser Programm f\u00fcr Veranstaltungen und Aktivit\u00e4ten f\u00fcr erwachsene Studenten ist eine zus\u00e4tzliche Unterst\u00fctzung, die ICE erwachsenen Studenten anbietet, um ihre Zeit an unserer Schule zu bereichern und ihnen zu helfen, sich mit ihren Mitstudenten, Lehrern und der weiteren Gemeinschaft zu integrieren. Zu den Verwaltungsverfahren f\u00fcr die Aktivit\u00e4ten [&hellip;]<\/p>\n","protected":false},"author":3,"featured_media":0,"parent":0,"menu_order":0,"comment_status":"closed","ping_status":"closed","template":"","meta":{"content-type":"","footnotes":""},"class_list":["post-33323","page","type-page","status-publish","hentry"],"yoast_head":"<!-- This site is optimized with the Yoast SEO plugin v27.3 - https:\/\/yoast.com\/product\/yoast-seo-wordpress\/ -->\n<title>Programm f\u00fcr Veranstaltungen und Aktivit\u00e4ten f\u00fcr erwachsene Studenten - Irish College of English<\/title>\n<meta name=\"robots\" content=\"index, follow, max-snippet:-1, max-image-preview:large, max-video-preview:-1\" \/>\n<link rel=\"canonical\" href=\"https:\/\/www.iceireland.com\/de\/adult-student-events-activity-programme\/\" \/>\n<meta property=\"og:locale\" content=\"de_DE\" \/>\n<meta property=\"og:type\" content=\"article\" \/>\n<meta property=\"og:title\" content=\"Programm f\u00fcr Veranstaltungen und Aktivit\u00e4ten f\u00fcr erwachsene Studenten - Irish College of English\" \/>\n<meta property=\"og:description\" content=\"Programm f\u00fcr Veranstaltungen und Aktivit\u00e4ten f\u00fcr erwachsene Studenten Unser Programm f\u00fcr Veranstaltungen und Aktivit\u00e4ten f\u00fcr erwachsene Studenten ist eine zus\u00e4tzliche Unterst\u00fctzung, die ICE erwachsenen Studenten anbietet, um ihre Zeit an unserer Schule zu bereichern und ihnen zu helfen, sich mit ihren Mitstudenten, Lehrern und der weiteren Gemeinschaft zu integrieren. Zu den Verwaltungsverfahren f\u00fcr die Aktivit\u00e4ten [&hellip;]\" \/>\n<meta property=\"og:url\" content=\"https:\/\/www.iceireland.com\/de\/adult-student-events-activity-programme\/\" \/>\n<meta property=\"og:site_name\" content=\"Irish College of English\" \/>\n<meta property=\"article:modified_time\" content=\"2026-01-30T18:27:29+00:00\" \/>\n<meta property=\"og:image\" content=\"https:\/\/www.iceireland.com\/wp-content\/uploads\/2024\/10\/30th-Oct-10th-Nov-2-1024x683.png\" \/>\n\t<meta property=\"og:image:width\" content=\"1024\" \/>\n\t<meta property=\"og:image:height\" content=\"683\" \/>\n\t<meta property=\"og:image:type\" content=\"image\/png\" \/>\n<meta name=\"twitter:label1\" content=\"Gesch\u00e4tzte Lesezeit\" \/>\n\t<meta name=\"twitter:data1\" content=\"3\u00a0Minuten\" \/>\n<script type=\"application\/ld+json\" class=\"yoast-schema-graph\">{\"@context\":\"https:\\\/\\\/schema.org\",\"@graph\":[{\"@type\":\"WebPage\",\"@id\":\"https:\\\/\\\/www.iceireland.com\\\/de\\\/adult-student-events-activity-programme\\\/\",\"url\":\"https:\\\/\\\/www.iceireland.com\\\/de\\\/adult-student-events-activity-programme\\\/\",\"name\":\"Programm f\u00fcr Veranstaltungen und Aktivit\u00e4ten f\u00fcr erwachsene Studenten - Irish College of English\",\"isPartOf\":{\"@id\":\"https:\\\/\\\/www.iceireland.com\\\/de\\\/#website\"},\"primaryImageOfPage\":{\"@id\":\"https:\\\/\\\/www.iceireland.com\\\/de\\\/adult-student-events-activity-programme\\\/#primaryimage\"},\"image\":{\"@id\":\"https:\\\/\\\/www.iceireland.com\\\/de\\\/adult-student-events-activity-programme\\\/#primaryimage\"},\"thumbnailUrl\":\"https:\\\/\\\/www.iceireland.com\\\/wp-content\\\/uploads\\\/2024\\\/10\\\/30th-Oct-10th-Nov-2-1024x683.png\",\"datePublished\":\"2024-04-30T08:28:30+00:00\",\"dateModified\":\"2026-01-30T18:27:29+00:00\",\"breadcrumb\":{\"@id\":\"https:\\\/\\\/www.iceireland.com\\\/de\\\/adult-student-events-activity-programme\\\/#breadcrumb\"},\"inLanguage\":\"de\",\"potentialAction\":[{\"@type\":\"ReadAction\",\"target\":[\"https:\\\/\\\/www.iceireland.com\\\/de\\\/adult-student-events-activity-programme\\\/\"]}]},{\"@type\":\"ImageObject\",\"inLanguage\":\"de\",\"@id\":\"https:\\\/\\\/www.iceireland.com\\\/de\\\/adult-student-events-activity-programme\\\/#primaryimage\",\"url\":\"https:\\\/\\\/www.iceireland.com\\\/wp-content\\\/uploads\\\/2024\\\/10\\\/30th-Oct-10th-Nov-2-1024x683.png\",\"contentUrl\":\"https:\\\/\\\/www.iceireland.com\\\/wp-content\\\/uploads\\\/2024\\\/10\\\/30th-Oct-10th-Nov-2-1024x683.png\"},{\"@type\":\"BreadcrumbList\",\"@id\":\"https:\\\/\\\/www.iceireland.com\\\/de\\\/adult-student-events-activity-programme\\\/#breadcrumb\",\"itemListElement\":[{\"@type\":\"ListItem\",\"position\":1,\"name\":\"Home\",\"item\":\"https:\\\/\\\/www.iceireland.com\\\/de\\\/\"},{\"@type\":\"ListItem\",\"position\":2,\"name\":\"Programm f\u00fcr Veranstaltungen und Aktivit\u00e4ten f\u00fcr erwachsene Studenten\"}]},{\"@type\":\"WebSite\",\"@id\":\"https:\\\/\\\/www.iceireland.com\\\/de\\\/#website\",\"url\":\"https:\\\/\\\/www.iceireland.com\\\/de\\\/\",\"name\":\"Irish College of English\",\"description\":\"English School in Dublin, Malahide\",\"publisher\":{\"@id\":\"https:\\\/\\\/www.iceireland.com\\\/de\\\/#organization\"},\"potentialAction\":[{\"@type\":\"SearchAction\",\"target\":{\"@type\":\"EntryPoint\",\"urlTemplate\":\"https:\\\/\\\/www.iceireland.com\\\/de\\\/?s={search_term_string}\"},\"query-input\":{\"@type\":\"PropertyValueSpecification\",\"valueRequired\":true,\"valueName\":\"search_term_string\"}}],\"inLanguage\":\"de\"},{\"@type\":\"Organization\",\"@id\":\"https:\\\/\\\/www.iceireland.com\\\/de\\\/#organization\",\"name\":\"Irish College of English\",\"url\":\"https:\\\/\\\/www.iceireland.com\\\/de\\\/\",\"logo\":{\"@type\":\"ImageObject\",\"inLanguage\":\"de\",\"@id\":\"https:\\\/\\\/www.iceireland.com\\\/de\\\/#\\\/schema\\\/logo\\\/image\\\/\",\"url\":\"https:\\\/\\\/www.iceireland.com\\\/wp-content\\\/uploads\\\/2022\\\/03\\\/logo.png\",\"contentUrl\":\"https:\\\/\\\/www.iceireland.com\\\/wp-content\\\/uploads\\\/2022\\\/03\\\/logo.png\",\"width\":593,\"height\":92,\"caption\":\"Irish College of English\"},\"image\":{\"@id\":\"https:\\\/\\\/www.iceireland.com\\\/de\\\/#\\\/schema\\\/logo\\\/image\\\/\"}}]}<\/script>\n<!-- \/ Yoast SEO plugin. -->","yoast_head_json":{"title":"Programm f\u00fcr Veranstaltungen und Aktivit\u00e4ten f\u00fcr erwachsene Studenten - Irish College of English","robots":{"index":"index","follow":"follow","max-snippet":"max-snippet:-1","max-image-preview":"max-image-preview:large","max-video-preview":"max-video-preview:-1"},"canonical":"https:\/\/www.iceireland.com\/de\/adult-student-events-activity-programme\/","og_locale":"de_DE","og_type":"article","og_title":"Programm f\u00fcr Veranstaltungen und Aktivit\u00e4ten f\u00fcr erwachsene Studenten - Irish College of English","og_description":"Programm f\u00fcr Veranstaltungen und Aktivit\u00e4ten f\u00fcr erwachsene Studenten Unser Programm f\u00fcr Veranstaltungen und Aktivit\u00e4ten f\u00fcr erwachsene Studenten ist eine zus\u00e4tzliche Unterst\u00fctzung, die ICE erwachsenen Studenten anbietet, um ihre Zeit an unserer Schule zu bereichern und ihnen zu helfen, sich mit ihren Mitstudenten, Lehrern und der weiteren Gemeinschaft zu integrieren. Zu den Verwaltungsverfahren f\u00fcr die Aktivit\u00e4ten [&hellip;]","og_url":"https:\/\/www.iceireland.com\/de\/adult-student-events-activity-programme\/","og_site_name":"Irish College of English","article_modified_time":"2026-01-30T18:27:29+00:00","og_image":[{"width":1024,"height":683,"url":"https:\/\/www.iceireland.com\/wp-content\/uploads\/2024\/10\/30th-Oct-10th-Nov-2-1024x683.png","type":"image\/png"}],"twitter_misc":{"Gesch\u00e4tzte Lesezeit":"3\u00a0Minuten"},"schema":{"@context":"https:\/\/schema.org","@graph":[{"@type":"WebPage","@id":"https:\/\/www.iceireland.com\/de\/adult-student-events-activity-programme\/","url":"https:\/\/www.iceireland.com\/de\/adult-student-events-activity-programme\/","name":"Programm f\u00fcr Veranstaltungen und Aktivit\u00e4ten f\u00fcr erwachsene Studenten - Irish College of English","isPartOf":{"@id":"https:\/\/www.iceireland.com\/de\/#website"},"primaryImageOfPage":{"@id":"https:\/\/www.iceireland.com\/de\/adult-student-events-activity-programme\/#primaryimage"},"image":{"@id":"https:\/\/www.iceireland.com\/de\/adult-student-events-activity-programme\/#primaryimage"},"thumbnailUrl":"https:\/\/www.iceireland.com\/wp-content\/uploads\/2024\/10\/30th-Oct-10th-Nov-2-1024x683.png","datePublished":"2024-04-30T08:28:30+00:00","dateModified":"2026-01-30T18:27:29+00:00","breadcrumb":{"@id":"https:\/\/www.iceireland.com\/de\/adult-student-events-activity-programme\/#breadcrumb"},"inLanguage":"de","potentialAction":[{"@type":"ReadAction","target":["https:\/\/www.iceireland.com\/de\/adult-student-events-activity-programme\/"]}]},{"@type":"ImageObject","inLanguage":"de","@id":"https:\/\/www.iceireland.com\/de\/adult-student-events-activity-programme\/#primaryimage","url":"https:\/\/www.iceireland.com\/wp-content\/uploads\/2024\/10\/30th-Oct-10th-Nov-2-1024x683.png","contentUrl":"https:\/\/www.iceireland.com\/wp-content\/uploads\/2024\/10\/30th-Oct-10th-Nov-2-1024x683.png"},{"@type":"BreadcrumbList","@id":"https:\/\/www.iceireland.com\/de\/adult-student-events-activity-programme\/#breadcrumb","itemListElement":[{"@type":"ListItem","position":1,"name":"Home","item":"https:\/\/www.iceireland.com\/de\/"},{"@type":"ListItem","position":2,"name":"Programm f\u00fcr Veranstaltungen und Aktivit\u00e4ten f\u00fcr erwachsene Studenten"}]},{"@type":"WebSite","@id":"https:\/\/www.iceireland.com\/de\/#website","url":"https:\/\/www.iceireland.com\/de\/","name":"Irish College of English","description":"English School in Dublin, Malahide","publisher":{"@id":"https:\/\/www.iceireland.com\/de\/#organization"},"potentialAction":[{"@type":"SearchAction","target":{"@type":"EntryPoint","urlTemplate":"https:\/\/www.iceireland.com\/de\/?s={search_term_string}"},"query-input":{"@type":"PropertyValueSpecification","valueRequired":true,"valueName":"search_term_string"}}],"inLanguage":"de"},{"@type":"Organization","@id":"https:\/\/www.iceireland.com\/de\/#organization","name":"Irish College of English","url":"https:\/\/www.iceireland.com\/de\/","logo":{"@type":"ImageObject","inLanguage":"de","@id":"https:\/\/www.iceireland.com\/de\/#\/schema\/logo\/image\/","url":"https:\/\/www.iceireland.com\/wp-content\/uploads\/2022\/03\/logo.png","contentUrl":"https:\/\/www.iceireland.com\/wp-content\/uploads\/2022\/03\/logo.png","width":593,"height":92,"caption":"Irish College of English"},"image":{"@id":"https:\/\/www.iceireland.com\/de\/#\/schema\/logo\/image\/"}}]}},"_links":{"self":[{"href":"https:\/\/www.iceireland.com\/de\/wp-json\/wp\/v2\/pages\/33323","targetHints":{"allow":["GET"]}}],"collection":[{"href":"https:\/\/www.iceireland.com\/de\/wp-json\/wp\/v2\/pages"}],"about":[{"href":"https:\/\/www.iceireland.com\/de\/wp-json\/wp\/v2\/types\/page"}],"author":[{"embeddable":true,"href":"https:\/\/www.iceireland.com\/de\/wp-json\/wp\/v2\/users\/3"}],"replies":[{"embeddable":true,"href":"https:\/\/www.iceireland.com\/de\/wp-json\/wp\/v2\/comments?post=33323"}],"version-history":[{"count":1,"href":"https:\/\/www.iceireland.com\/de\/wp-json\/wp\/v2\/pages\/33323\/revisions"}],"predecessor-version":[{"id":33328,"href":"https:\/\/www.iceireland.com\/de\/wp-json\/wp\/v2\/pages\/33323\/revisions\/33328"}],"wp:attachment":[{"href":"https:\/\/www.iceireland.com\/de\/wp-json\/wp\/v2\/media?parent=33323"}],"curies":[{"name":"wp","href":"https:\/\/api.w.org\/{rel}","templated":true}]}}