{"id":33330,"date":"2024-04-30T08:18:37","date_gmt":"2024-04-30T08:18:37","guid":{"rendered":"https:\/\/www.iceireland.com\/complaints-and-grievance\/"},"modified":"2026-03-18T11:09:49","modified_gmt":"2026-03-18T11:09:49","slug":"complaints-and-grievance","status":"publish","type":"page","link":"https:\/\/www.iceireland.com\/de\/complaints-and-grievance\/","title":{"rendered":"Beschwerden und Reklamationen"},"content":{"rendered":"\t\t<div data-elementor-type=\"wp-page\" data-elementor-id=\"33330\" class=\"elementor elementor-33330 elementor-26617\" data-elementor-post-type=\"page\">\n\t\t\t\t\t\t<section class=\"elementor-section elementor-top-section elementor-element elementor-element-5bc4263 elementor-section-boxed elementor-section-height-default elementor-section-height-default\" data-id=\"5bc4263\" data-element_type=\"section\" data-e-type=\"section\">\n\t\t\t\t\t\t<div class=\"elementor-container elementor-column-gap-default\">\n\t\t\t\t\t<div class=\"elementor-column elementor-col-100 elementor-top-column elementor-element elementor-element-ee4dc28\" data-id=\"ee4dc28\" data-element_type=\"column\" data-e-type=\"column\">\n\t\t\t<div class=\"elementor-widget-wrap elementor-element-populated\">\n\t\t\t\t\t\t<div class=\"elementor-element elementor-element-f10ba63 elementor-widget elementor-widget-text-editor\" data-id=\"f10ba63\" data-element_type=\"widget\" data-e-type=\"widget\" data-widget_type=\"text-editor.default\">\n\t\t\t\t<div class=\"elementor-widget-container\">\n\t\t\t\t\t\t\t\t\t<h4>Beschwerden und Reklamationen<\/h4>\n<p>Das Irish College of English ist bestrebt, eine positive und sichere Lernumgebung f\u00fcr alle Beteiligten zu schaffen. Unsere Beschwerde- und Klagepolitik umrei\u00dft unser Engagement f\u00fcr die L\u00f6sung von Problemen, die Behandlung von Beschwerden und Klagen auf faire, transparente und zeitnahe Weise. Wir sind bestrebt, hohe Verhaltensstandards aufrechtzuerhalten und sicherzustellen, dass sich alle Beteiligten w\u00e4hrend des gesamten L\u00f6sungsprozesses angeh\u00f6rt, respektiert und unterst\u00fctzt f\u00fchlen.  <\/p>\n<p>Beschwerden von Lernenden:<\/p>\n<ul>\n<li>Verfahren zur L\u00f6sung von Beschwerden: Das ICE hat Verfahren eingerichtet, um Beschwerden von Lernenden schnell, fair und transparent zu bearbeiten.<\/li>\n<li>Meldemechanismus: Die Studenten werden ermutigt, alle Bedenken oder Beschwerden den zust\u00e4ndigen Mitarbeitern zu melden, die die Angelegenheit untersuchen und entsprechende Ma\u00dfnahmen ergreifen werden.<\/li>\n<li>L\u00f6sung und Weiterverfolgung: Beschwerden werden durch offene Kommunikation, Vermittlung und Probleml\u00f6sung gel\u00f6st, wobei Folgema\u00dfnahmen ergriffen werden, um eine Wiederholung zu verhindern und die Zufriedenheit der Studenten zu gew\u00e4hrleisten.<\/li>\n<\/ul>\n<p>Detaillierte Struktur:<\/p>\n<p><strong>Beschwerdeverfahren:<\/strong><\/p>\n<ol>\n<li><strong>Meldung von Problemen, Beschwerden oder Klagen:<\/strong><\/li>\n<\/ol>\n<ul>\n<li>Studenten und andere Interessengruppen werden aktiv dazu ermutigt, uns Feedback zu geben und Probleme im Zusammenhang mit ihrem akademischen Programm, ihrer Unterkunft, ihren Aktivit\u00e4ten, ihrem Wohlergehen, ihrer Sicherheit oder anderen Anliegen an ICE zu melden. Unser Team arbeitet daran, Probleme zur Zufriedenheit der Beteiligten zu l\u00f6sen und durch unseren Qualit\u00e4tssicherungsprozess Ma\u00dfnahmen zu ergreifen, um das Auftreten \u00e4hnlicher Probleme in Zukunft zu verhindern. <\/li>\n<li>Fragen\/Beschwerden\/Klagen k\u00f6nnen per E-Mail, \u00fcber ein spezielles Online-Feedback-Formular oder&nbsp;<a href=\"https:\/\/iceireland.typeform.com\/to\/RQ5Zqzht\" target=\"_blank\">Beschwerdeformular<\/a> oder pers\u00f6nlich. QR-Codes f\u00fcr Feedback und Beschwerden befinden sich an den Schwarzen Brettern. Au\u00dferdem befinden sich Feedback-Links auf den monatlichen Fortschrittsberichten f\u00fcr Studenten und auf den Umschl\u00e4gen mit den Abschlusszertifikaten des Kurses. Eingaben k\u00f6nnen unter Angabe des Namens des Betroffenen, anonym und vertraulich erfolgen. Wenn ein Interessent wissen m\u00f6chte, wie er eine Beschwerde einreichen kann, erh\u00e4lt er die Kontaktdaten des Student Welfare Office oder des Area Lead. Der QA Stakeholder Experience\/Feedback Monitor wird das Feedback \u00fcberpr\u00fcfen und an die zust\u00e4ndigen Teams weiterleiten.     <\/li>\n<\/ul>\n<ol start=\"2\">\n<li><strong>  Untersuchung und L\u00f6sung:<\/strong><\/li>\n<\/ol>\n<ul>\n<li>&nbsp;Wir verf\u00fcgen \u00fcber ein Verfahren zur Identifizierung von Beschwerden. Ein zust\u00e4ndiges Mitglied des Senior Management Teams wird \u00fcber die Beschwerde informiert. Es wird dann eine Untersuchung einleiten. Dazu geh\u00f6rt das Sammeln relevanter Informationen und die R\u00fccksprache mit den zust\u00e4ndigen Mitarbeitern\/Betroffenen.  <\/li>\n<li>Beschwerden werden innerhalb von drei Werktagen nach Eingang best\u00e4tigt, und es werden alle Anstrengungen unternommen, um sie innerhalb von 10 Werktagen zu l\u00f6sen. Die Beschwerdef\u00fchrer werden schriftlich \u00fcber die L\u00f6sung informiert und erhalten die M\u00f6glichkeit, ungel\u00f6ste Probleme mit einem Direktor des Unternehmens zu besprechen oder sich gegebenenfalls an eine externe Stelle zu wenden. <\/li>\n<li>Es werden alle Anstrengungen unternommen, um Beschwerden umgehend und zufriedenstellend zu l\u00f6sen, wobei die Belange und das Wohlergehen der Betroffenen angemessen ber\u00fccksichtigt werden.<\/li>\n<li>Beschwerden und deren L\u00f6sungen werden regelm\u00e4\u00dfig vom Senior Management Team \u00fcberpr\u00fcft, um Trends zu erkennen, die Dienstleistungen zu verbessern und die Erfahrungen der Stakeholder insgesamt zu verbessern.<\/li>\n<\/ul>\t\t\t\t\t\t\t\t<\/div>\n\t\t\t\t<\/div>\n\t\t\t\t<div class=\"elementor-element elementor-element-551362d elementor-widget elementor-widget-spacer\" data-id=\"551362d\" data-element_type=\"widget\" data-e-type=\"widget\" data-widget_type=\"spacer.default\">\n\t\t\t\t<div class=\"elementor-widget-container\">\n\t\t\t\t\t\t\t<div class=\"elementor-spacer\">\n\t\t\t<div class=\"elementor-spacer-inner\"><\/div>\n\t\t<\/div>\n\t\t\t\t\t\t<\/div>\n\t\t\t\t<\/div>\n\t\t\t\t\t<\/div>\n\t\t<\/div>\n\t\t\t\t\t<\/div>\n\t\t<\/section>\n\t\t\t\t<\/div>\n\t\t","protected":false},"excerpt":{"rendered":"<p>Beschwerden und Reklamationen Das Irish College of English ist bestrebt, eine positive und sichere Lernumgebung f\u00fcr alle Beteiligten zu schaffen. Unsere Beschwerde- und Klagepolitik umrei\u00dft unser Engagement f\u00fcr die L\u00f6sung von Problemen, die Behandlung von Beschwerden und Klagen auf faire, transparente und zeitnahe Weise. Wir sind bestrebt, hohe Verhaltensstandards aufrechtzuerhalten und sicherzustellen, dass sich alle [&hellip;]<\/p>\n","protected":false},"author":3,"featured_media":0,"parent":0,"menu_order":0,"comment_status":"closed","ping_status":"closed","template":"","meta":{"content-type":"","footnotes":""},"class_list":["post-33330","page","type-page","status-publish","hentry"],"yoast_head":"<!-- This site is optimized with the Yoast SEO plugin v27.3 - https:\/\/yoast.com\/product\/yoast-seo-wordpress\/ -->\n<title>Beschwerden und Reklamationen - Irish College of English<\/title>\n<meta name=\"robots\" content=\"index, follow, max-snippet:-1, max-image-preview:large, max-video-preview:-1\" \/>\n<link rel=\"canonical\" href=\"https:\/\/www.iceireland.com\/de\/complaints-and-grievance\/\" \/>\n<meta property=\"og:locale\" content=\"de_DE\" \/>\n<meta property=\"og:type\" content=\"article\" \/>\n<meta property=\"og:title\" content=\"Beschwerden und Reklamationen - Irish College of English\" \/>\n<meta property=\"og:description\" content=\"Beschwerden und Reklamationen Das Irish College of English ist bestrebt, eine positive und sichere Lernumgebung f\u00fcr alle Beteiligten zu schaffen. Unsere Beschwerde- und Klagepolitik umrei\u00dft unser Engagement f\u00fcr die L\u00f6sung von Problemen, die Behandlung von Beschwerden und Klagen auf faire, transparente und zeitnahe Weise. Wir sind bestrebt, hohe Verhaltensstandards aufrechtzuerhalten und sicherzustellen, dass sich alle [&hellip;]\" \/>\n<meta property=\"og:url\" content=\"https:\/\/www.iceireland.com\/de\/complaints-and-grievance\/\" \/>\n<meta property=\"og:site_name\" content=\"Irish College of English\" \/>\n<meta property=\"article:modified_time\" content=\"2026-03-18T11:09:49+00:00\" \/>\n<meta name=\"twitter:label1\" content=\"Gesch\u00e4tzte Lesezeit\" \/>\n\t<meta name=\"twitter:data1\" content=\"3\u00a0Minuten\" \/>\n<script type=\"application\/ld+json\" class=\"yoast-schema-graph\">{\"@context\":\"https:\\\/\\\/schema.org\",\"@graph\":[{\"@type\":\"WebPage\",\"@id\":\"https:\\\/\\\/www.iceireland.com\\\/de\\\/complaints-and-grievance\\\/\",\"url\":\"https:\\\/\\\/www.iceireland.com\\\/de\\\/complaints-and-grievance\\\/\",\"name\":\"Beschwerden und Reklamationen - Irish College of English\",\"isPartOf\":{\"@id\":\"https:\\\/\\\/www.iceireland.com\\\/de\\\/#website\"},\"datePublished\":\"2024-04-30T08:18:37+00:00\",\"dateModified\":\"2026-03-18T11:09:49+00:00\",\"breadcrumb\":{\"@id\":\"https:\\\/\\\/www.iceireland.com\\\/de\\\/complaints-and-grievance\\\/#breadcrumb\"},\"inLanguage\":\"de\",\"potentialAction\":[{\"@type\":\"ReadAction\",\"target\":[\"https:\\\/\\\/www.iceireland.com\\\/de\\\/complaints-and-grievance\\\/\"]}]},{\"@type\":\"BreadcrumbList\",\"@id\":\"https:\\\/\\\/www.iceireland.com\\\/de\\\/complaints-and-grievance\\\/#breadcrumb\",\"itemListElement\":[{\"@type\":\"ListItem\",\"position\":1,\"name\":\"Home\",\"item\":\"https:\\\/\\\/www.iceireland.com\\\/de\\\/\"},{\"@type\":\"ListItem\",\"position\":2,\"name\":\"Beschwerden und Reklamationen\"}]},{\"@type\":\"WebSite\",\"@id\":\"https:\\\/\\\/www.iceireland.com\\\/de\\\/#website\",\"url\":\"https:\\\/\\\/www.iceireland.com\\\/de\\\/\",\"name\":\"Irish College of English\",\"description\":\"English School in Dublin, Malahide\",\"publisher\":{\"@id\":\"https:\\\/\\\/www.iceireland.com\\\/de\\\/#organization\"},\"potentialAction\":[{\"@type\":\"SearchAction\",\"target\":{\"@type\":\"EntryPoint\",\"urlTemplate\":\"https:\\\/\\\/www.iceireland.com\\\/de\\\/?s={search_term_string}\"},\"query-input\":{\"@type\":\"PropertyValueSpecification\",\"valueRequired\":true,\"valueName\":\"search_term_string\"}}],\"inLanguage\":\"de\"},{\"@type\":\"Organization\",\"@id\":\"https:\\\/\\\/www.iceireland.com\\\/de\\\/#organization\",\"name\":\"Irish College of English\",\"url\":\"https:\\\/\\\/www.iceireland.com\\\/de\\\/\",\"logo\":{\"@type\":\"ImageObject\",\"inLanguage\":\"de\",\"@id\":\"https:\\\/\\\/www.iceireland.com\\\/de\\\/#\\\/schema\\\/logo\\\/image\\\/\",\"url\":\"https:\\\/\\\/www.iceireland.com\\\/wp-content\\\/uploads\\\/2022\\\/03\\\/logo.png\",\"contentUrl\":\"https:\\\/\\\/www.iceireland.com\\\/wp-content\\\/uploads\\\/2022\\\/03\\\/logo.png\",\"width\":593,\"height\":92,\"caption\":\"Irish College of English\"},\"image\":{\"@id\":\"https:\\\/\\\/www.iceireland.com\\\/de\\\/#\\\/schema\\\/logo\\\/image\\\/\"}}]}<\/script>\n<!-- \/ Yoast SEO plugin. -->","yoast_head_json":{"title":"Beschwerden und Reklamationen - Irish College of English","robots":{"index":"index","follow":"follow","max-snippet":"max-snippet:-1","max-image-preview":"max-image-preview:large","max-video-preview":"max-video-preview:-1"},"canonical":"https:\/\/www.iceireland.com\/de\/complaints-and-grievance\/","og_locale":"de_DE","og_type":"article","og_title":"Beschwerden und Reklamationen - Irish College of English","og_description":"Beschwerden und Reklamationen Das Irish College of English ist bestrebt, eine positive und sichere Lernumgebung f\u00fcr alle Beteiligten zu schaffen. Unsere Beschwerde- und Klagepolitik umrei\u00dft unser Engagement f\u00fcr die L\u00f6sung von Problemen, die Behandlung von Beschwerden und Klagen auf faire, transparente und zeitnahe Weise. Wir sind bestrebt, hohe Verhaltensstandards aufrechtzuerhalten und sicherzustellen, dass sich alle [&hellip;]","og_url":"https:\/\/www.iceireland.com\/de\/complaints-and-grievance\/","og_site_name":"Irish College of English","article_modified_time":"2026-03-18T11:09:49+00:00","twitter_misc":{"Gesch\u00e4tzte Lesezeit":"3\u00a0Minuten"},"schema":{"@context":"https:\/\/schema.org","@graph":[{"@type":"WebPage","@id":"https:\/\/www.iceireland.com\/de\/complaints-and-grievance\/","url":"https:\/\/www.iceireland.com\/de\/complaints-and-grievance\/","name":"Beschwerden und Reklamationen - Irish College of English","isPartOf":{"@id":"https:\/\/www.iceireland.com\/de\/#website"},"datePublished":"2024-04-30T08:18:37+00:00","dateModified":"2026-03-18T11:09:49+00:00","breadcrumb":{"@id":"https:\/\/www.iceireland.com\/de\/complaints-and-grievance\/#breadcrumb"},"inLanguage":"de","potentialAction":[{"@type":"ReadAction","target":["https:\/\/www.iceireland.com\/de\/complaints-and-grievance\/"]}]},{"@type":"BreadcrumbList","@id":"https:\/\/www.iceireland.com\/de\/complaints-and-grievance\/#breadcrumb","itemListElement":[{"@type":"ListItem","position":1,"name":"Home","item":"https:\/\/www.iceireland.com\/de\/"},{"@type":"ListItem","position":2,"name":"Beschwerden und Reklamationen"}]},{"@type":"WebSite","@id":"https:\/\/www.iceireland.com\/de\/#website","url":"https:\/\/www.iceireland.com\/de\/","name":"Irish College of English","description":"English School in Dublin, Malahide","publisher":{"@id":"https:\/\/www.iceireland.com\/de\/#organization"},"potentialAction":[{"@type":"SearchAction","target":{"@type":"EntryPoint","urlTemplate":"https:\/\/www.iceireland.com\/de\/?s={search_term_string}"},"query-input":{"@type":"PropertyValueSpecification","valueRequired":true,"valueName":"search_term_string"}}],"inLanguage":"de"},{"@type":"Organization","@id":"https:\/\/www.iceireland.com\/de\/#organization","name":"Irish College of English","url":"https:\/\/www.iceireland.com\/de\/","logo":{"@type":"ImageObject","inLanguage":"de","@id":"https:\/\/www.iceireland.com\/de\/#\/schema\/logo\/image\/","url":"https:\/\/www.iceireland.com\/wp-content\/uploads\/2022\/03\/logo.png","contentUrl":"https:\/\/www.iceireland.com\/wp-content\/uploads\/2022\/03\/logo.png","width":593,"height":92,"caption":"Irish College of English"},"image":{"@id":"https:\/\/www.iceireland.com\/de\/#\/schema\/logo\/image\/"}}]}},"_links":{"self":[{"href":"https:\/\/www.iceireland.com\/de\/wp-json\/wp\/v2\/pages\/33330","targetHints":{"allow":["GET"]}}],"collection":[{"href":"https:\/\/www.iceireland.com\/de\/wp-json\/wp\/v2\/pages"}],"about":[{"href":"https:\/\/www.iceireland.com\/de\/wp-json\/wp\/v2\/types\/page"}],"author":[{"embeddable":true,"href":"https:\/\/www.iceireland.com\/de\/wp-json\/wp\/v2\/users\/3"}],"replies":[{"embeddable":true,"href":"https:\/\/www.iceireland.com\/de\/wp-json\/wp\/v2\/comments?post=33330"}],"version-history":[{"count":2,"href":"https:\/\/www.iceireland.com\/de\/wp-json\/wp\/v2\/pages\/33330\/revisions"}],"predecessor-version":[{"id":35793,"href":"https:\/\/www.iceireland.com\/de\/wp-json\/wp\/v2\/pages\/33330\/revisions\/35793"}],"wp:attachment":[{"href":"https:\/\/www.iceireland.com\/de\/wp-json\/wp\/v2\/media?parent=33330"}],"curies":[{"name":"wp","href":"https:\/\/api.w.org\/{rel}","templated":true}]}}