{"id":33456,"date":"2024-04-29T15:19:22","date_gmt":"2024-04-29T15:19:22","guid":{"rendered":"https:\/\/www.iceireland.com\/student-welfare-officers\/"},"modified":"2026-01-30T18:28:20","modified_gmt":"2026-01-30T18:28:20","slug":"student-welfare-officers","status":"publish","type":"page","link":"https:\/\/www.iceireland.com\/de\/student-welfare-officers\/","title":{"rendered":"Studentische Wohlfahrtsbeauftragte"},"content":{"rendered":"\t\t<div data-elementor-type=\"wp-page\" data-elementor-id=\"33456\" class=\"elementor elementor-33456 elementor-26570\" data-elementor-post-type=\"page\">\n\t\t\t\t\t\t<section class=\"elementor-section elementor-top-section elementor-element elementor-element-763889f elementor-section-boxed elementor-section-height-default elementor-section-height-default\" data-id=\"763889f\" data-element_type=\"section\" data-e-type=\"section\">\n\t\t\t\t\t\t<div class=\"elementor-container elementor-column-gap-default\">\n\t\t\t\t\t<div class=\"elementor-column elementor-col-100 elementor-top-column elementor-element elementor-element-6be54b6\" data-id=\"6be54b6\" data-element_type=\"column\" data-e-type=\"column\">\n\t\t\t<div class=\"elementor-widget-wrap elementor-element-populated\">\n\t\t\t\t\t\t<div class=\"elementor-element elementor-element-cc41595 elementor-widget elementor-widget-heading\" data-id=\"cc41595\" data-element_type=\"widget\" data-e-type=\"widget\" data-widget_type=\"heading.default\">\n\t\t\t\t<div class=\"elementor-widget-container\">\n\t\t\t\t\t<h2 class=\"elementor-heading-title elementor-size-default\">Student Welfare Officers - Wir sind f\u00fcr Sie da!<\/h2>\t\t\t\t<\/div>\n\t\t\t\t<\/div>\n\t\t\t\t\t<\/div>\n\t\t<\/div>\n\t\t\t\t\t<\/div>\n\t\t<\/section>\n\t\t\t\t<section class=\"elementor-section elementor-top-section elementor-element elementor-element-7f70896 elementor-section-boxed elementor-section-height-default elementor-section-height-default\" data-id=\"7f70896\" data-element_type=\"section\" data-e-type=\"section\">\n\t\t\t\t\t\t<div class=\"elementor-container elementor-column-gap-default\">\n\t\t\t\t\t<div class=\"elementor-column elementor-col-100 elementor-top-column elementor-element elementor-element-2de0e58\" data-id=\"2de0e58\" data-element_type=\"column\" data-e-type=\"column\">\n\t\t\t<div class=\"elementor-widget-wrap elementor-element-populated\">\n\t\t\t\t\t\t<div class=\"elementor-element elementor-element-4aba74e elementor-widget elementor-widget-text-editor\" data-id=\"4aba74e\" data-element_type=\"widget\" data-e-type=\"widget\" data-widget_type=\"text-editor.default\">\n\t\t\t\t<div class=\"elementor-widget-container\">\n\t\t\t\t\t\t\t\t\t<p>Am Irish College of English haben wir Student Welfare Officers, die f\u00fcr Sie da sind.<\/p><p>Am Irish College of English hat das Wohlergehen der Studenten oberste Priorit\u00e4t. Wir wissen, dass ein Auslandsstudium sowohl aufregend als auch herausfordernd sein kann. Aus diesem Grund haben wir engagierte Student Welfare Officers, die Ihnen bei jedem Schritt zur Seite stehen. <\/p><p>Unser Team, zu dem sowohl erwachsene als auch jugendliche Betreuer geh\u00f6ren, ist daf\u00fcr da, dass Ihre Zeit bei uns nicht nur akademisch erf\u00fcllend, sondern auch pers\u00f6nlich bereichernd ist. Ganz gleich, ob Sie Heimweh haben, akademische Schwierigkeiten haben oder einfach jemanden zum Reden brauchen, unsere T\u00fcren &#8211; und Herzen &#8211; sind immer offen. <\/p><p>Zus\u00e4tzlich zu unseren Standardunterst\u00fctzungsleistungen verf\u00fcgen wir \u00fcber finanzielle Mittel, um Studenten unter bestimmten Umst\u00e4nden zu unterst\u00fctzen.<\/p><p>Beauftragter f\u00fcr das Wohlergehen erwachsener Studenten &#8211; Ian Mc Elhinney &#8211; <a href=\"mailto:ianmcelhinney@iceireland.com\">ianmcelhinney@iceireland.com<\/a><\/p><p>Hauptwohlfahrtsbeauftragte f\u00fcr Jugendliche und DLP &#8211; Susan Mc Elhinney <a href=\"mailto:info@iceland.com\">info@iceland.com<\/a><\/p><p>Unsere Wohnheime verf\u00fcgen \u00fcber zus\u00e4tzliche Student Welfare Officers, die im spezifischen Handbuch f\u00fcr Studenten der Wohnheime beschrieben sind.<\/p>\t\t\t\t\t\t\t\t<\/div>\n\t\t\t\t<\/div>\n\t\t\t\t\t<\/div>\n\t\t<\/div>\n\t\t\t\t\t<\/div>\n\t\t<\/section>\n\t\t\t\t<\/div>\n\t\t","protected":false},"excerpt":{"rendered":"<p>Student Welfare Officers &#8211; Wir sind f\u00fcr Sie da! Am Irish College of English haben wir Student Welfare Officers, die f\u00fcr Sie da sind. Am Irish College of English hat das Wohlergehen der Studenten oberste Priorit\u00e4t. Wir wissen, dass ein Auslandsstudium sowohl aufregend als auch herausfordernd sein kann. Aus diesem Grund haben wir engagierte Student [&hellip;]<\/p>\n","protected":false},"author":3,"featured_media":0,"parent":0,"menu_order":0,"comment_status":"closed","ping_status":"closed","template":"","meta":{"content-type":"","footnotes":""},"class_list":["post-33456","page","type-page","status-publish","hentry"],"yoast_head":"<!-- This site is optimized with the Yoast SEO plugin v27.3 - https:\/\/yoast.com\/product\/yoast-seo-wordpress\/ -->\n<title>Studentische Wohlfahrtsbeauftragte - Irish College of English<\/title>\n<meta name=\"robots\" content=\"index, follow, max-snippet:-1, max-image-preview:large, max-video-preview:-1\" \/>\n<link rel=\"canonical\" href=\"https:\/\/www.iceireland.com\/de\/student-welfare-officers\/\" \/>\n<meta property=\"og:locale\" content=\"de_DE\" \/>\n<meta property=\"og:type\" content=\"article\" \/>\n<meta property=\"og:title\" content=\"Studentische Wohlfahrtsbeauftragte - Irish College of English\" \/>\n<meta property=\"og:description\" content=\"Student Welfare Officers &#8211; Wir sind f\u00fcr Sie da! Am Irish College of English haben wir Student Welfare Officers, die f\u00fcr Sie da sind. Am Irish College of English hat das Wohlergehen der Studenten oberste Priorit\u00e4t. Wir wissen, dass ein Auslandsstudium sowohl aufregend als auch herausfordernd sein kann. Aus diesem Grund haben wir engagierte Student [&hellip;]\" \/>\n<meta property=\"og:url\" content=\"https:\/\/www.iceireland.com\/de\/student-welfare-officers\/\" \/>\n<meta property=\"og:site_name\" content=\"Irish College of English\" \/>\n<meta property=\"article:modified_time\" content=\"2026-01-30T18:28:20+00:00\" \/>\n<meta name=\"twitter:label1\" content=\"Gesch\u00e4tzte Lesezeit\" \/>\n\t<meta name=\"twitter:data1\" content=\"1\u00a0Minute\" \/>\n<script type=\"application\/ld+json\" class=\"yoast-schema-graph\">{\"@context\":\"https:\\\/\\\/schema.org\",\"@graph\":[{\"@type\":\"WebPage\",\"@id\":\"https:\\\/\\\/www.iceireland.com\\\/de\\\/student-welfare-officers\\\/\",\"url\":\"https:\\\/\\\/www.iceireland.com\\\/de\\\/student-welfare-officers\\\/\",\"name\":\"Studentische Wohlfahrtsbeauftragte - Irish College of English\",\"isPartOf\":{\"@id\":\"https:\\\/\\\/www.iceireland.com\\\/de\\\/#website\"},\"datePublished\":\"2024-04-29T15:19:22+00:00\",\"dateModified\":\"2026-01-30T18:28:20+00:00\",\"breadcrumb\":{\"@id\":\"https:\\\/\\\/www.iceireland.com\\\/de\\\/student-welfare-officers\\\/#breadcrumb\"},\"inLanguage\":\"de\",\"potentialAction\":[{\"@type\":\"ReadAction\",\"target\":[\"https:\\\/\\\/www.iceireland.com\\\/de\\\/student-welfare-officers\\\/\"]}]},{\"@type\":\"BreadcrumbList\",\"@id\":\"https:\\\/\\\/www.iceireland.com\\\/de\\\/student-welfare-officers\\\/#breadcrumb\",\"itemListElement\":[{\"@type\":\"ListItem\",\"position\":1,\"name\":\"Home\",\"item\":\"https:\\\/\\\/www.iceireland.com\\\/de\\\/\"},{\"@type\":\"ListItem\",\"position\":2,\"name\":\"Studentische Wohlfahrtsbeauftragte\"}]},{\"@type\":\"WebSite\",\"@id\":\"https:\\\/\\\/www.iceireland.com\\\/de\\\/#website\",\"url\":\"https:\\\/\\\/www.iceireland.com\\\/de\\\/\",\"name\":\"Irish College of English\",\"description\":\"English School in Dublin, Malahide\",\"publisher\":{\"@id\":\"https:\\\/\\\/www.iceireland.com\\\/de\\\/#organization\"},\"potentialAction\":[{\"@type\":\"SearchAction\",\"target\":{\"@type\":\"EntryPoint\",\"urlTemplate\":\"https:\\\/\\\/www.iceireland.com\\\/de\\\/?s={search_term_string}\"},\"query-input\":{\"@type\":\"PropertyValueSpecification\",\"valueRequired\":true,\"valueName\":\"search_term_string\"}}],\"inLanguage\":\"de\"},{\"@type\":\"Organization\",\"@id\":\"https:\\\/\\\/www.iceireland.com\\\/de\\\/#organization\",\"name\":\"Irish College of English\",\"url\":\"https:\\\/\\\/www.iceireland.com\\\/de\\\/\",\"logo\":{\"@type\":\"ImageObject\",\"inLanguage\":\"de\",\"@id\":\"https:\\\/\\\/www.iceireland.com\\\/de\\\/#\\\/schema\\\/logo\\\/image\\\/\",\"url\":\"https:\\\/\\\/www.iceireland.com\\\/wp-content\\\/uploads\\\/2022\\\/03\\\/logo.png\",\"contentUrl\":\"https:\\\/\\\/www.iceireland.com\\\/wp-content\\\/uploads\\\/2022\\\/03\\\/logo.png\",\"width\":593,\"height\":92,\"caption\":\"Irish College of English\"},\"image\":{\"@id\":\"https:\\\/\\\/www.iceireland.com\\\/de\\\/#\\\/schema\\\/logo\\\/image\\\/\"}}]}<\/script>\n<!-- \/ Yoast SEO plugin. -->","yoast_head_json":{"title":"Studentische Wohlfahrtsbeauftragte - Irish College of English","robots":{"index":"index","follow":"follow","max-snippet":"max-snippet:-1","max-image-preview":"max-image-preview:large","max-video-preview":"max-video-preview:-1"},"canonical":"https:\/\/www.iceireland.com\/de\/student-welfare-officers\/","og_locale":"de_DE","og_type":"article","og_title":"Studentische Wohlfahrtsbeauftragte - Irish College of English","og_description":"Student Welfare Officers &#8211; Wir sind f\u00fcr Sie da! Am Irish College of English haben wir Student Welfare Officers, die f\u00fcr Sie da sind. Am Irish College of English hat das Wohlergehen der Studenten oberste Priorit\u00e4t. Wir wissen, dass ein Auslandsstudium sowohl aufregend als auch herausfordernd sein kann. Aus diesem Grund haben wir engagierte Student [&hellip;]","og_url":"https:\/\/www.iceireland.com\/de\/student-welfare-officers\/","og_site_name":"Irish College of English","article_modified_time":"2026-01-30T18:28:20+00:00","twitter_misc":{"Gesch\u00e4tzte Lesezeit":"1\u00a0Minute"},"schema":{"@context":"https:\/\/schema.org","@graph":[{"@type":"WebPage","@id":"https:\/\/www.iceireland.com\/de\/student-welfare-officers\/","url":"https:\/\/www.iceireland.com\/de\/student-welfare-officers\/","name":"Studentische Wohlfahrtsbeauftragte - Irish College of English","isPartOf":{"@id":"https:\/\/www.iceireland.com\/de\/#website"},"datePublished":"2024-04-29T15:19:22+00:00","dateModified":"2026-01-30T18:28:20+00:00","breadcrumb":{"@id":"https:\/\/www.iceireland.com\/de\/student-welfare-officers\/#breadcrumb"},"inLanguage":"de","potentialAction":[{"@type":"ReadAction","target":["https:\/\/www.iceireland.com\/de\/student-welfare-officers\/"]}]},{"@type":"BreadcrumbList","@id":"https:\/\/www.iceireland.com\/de\/student-welfare-officers\/#breadcrumb","itemListElement":[{"@type":"ListItem","position":1,"name":"Home","item":"https:\/\/www.iceireland.com\/de\/"},{"@type":"ListItem","position":2,"name":"Studentische Wohlfahrtsbeauftragte"}]},{"@type":"WebSite","@id":"https:\/\/www.iceireland.com\/de\/#website","url":"https:\/\/www.iceireland.com\/de\/","name":"Irish College of English","description":"English School in Dublin, Malahide","publisher":{"@id":"https:\/\/www.iceireland.com\/de\/#organization"},"potentialAction":[{"@type":"SearchAction","target":{"@type":"EntryPoint","urlTemplate":"https:\/\/www.iceireland.com\/de\/?s={search_term_string}"},"query-input":{"@type":"PropertyValueSpecification","valueRequired":true,"valueName":"search_term_string"}}],"inLanguage":"de"},{"@type":"Organization","@id":"https:\/\/www.iceireland.com\/de\/#organization","name":"Irish College of English","url":"https:\/\/www.iceireland.com\/de\/","logo":{"@type":"ImageObject","inLanguage":"de","@id":"https:\/\/www.iceireland.com\/de\/#\/schema\/logo\/image\/","url":"https:\/\/www.iceireland.com\/wp-content\/uploads\/2022\/03\/logo.png","contentUrl":"https:\/\/www.iceireland.com\/wp-content\/uploads\/2022\/03\/logo.png","width":593,"height":92,"caption":"Irish College of English"},"image":{"@id":"https:\/\/www.iceireland.com\/de\/#\/schema\/logo\/image\/"}}]}},"_links":{"self":[{"href":"https:\/\/www.iceireland.com\/de\/wp-json\/wp\/v2\/pages\/33456","targetHints":{"allow":["GET"]}}],"collection":[{"href":"https:\/\/www.iceireland.com\/de\/wp-json\/wp\/v2\/pages"}],"about":[{"href":"https:\/\/www.iceireland.com\/de\/wp-json\/wp\/v2\/types\/page"}],"author":[{"embeddable":true,"href":"https:\/\/www.iceireland.com\/de\/wp-json\/wp\/v2\/users\/3"}],"replies":[{"embeddable":true,"href":"https:\/\/www.iceireland.com\/de\/wp-json\/wp\/v2\/comments?post=33456"}],"version-history":[{"count":1,"href":"https:\/\/www.iceireland.com\/de\/wp-json\/wp\/v2\/pages\/33456\/revisions"}],"predecessor-version":[{"id":33459,"href":"https:\/\/www.iceireland.com\/de\/wp-json\/wp\/v2\/pages\/33456\/revisions\/33459"}],"wp:attachment":[{"href":"https:\/\/www.iceireland.com\/de\/wp-json\/wp\/v2\/media?parent=33456"}],"curies":[{"name":"wp","href":"https:\/\/api.w.org\/{rel}","templated":true}]}}