{"id":33512,"date":"2023-12-13T15:53:32","date_gmt":"2023-12-13T15:53:32","guid":{"rendered":"https:\/\/www.iceireland.com\/useful-information-and-supports\/join-our-governance-committee\/"},"modified":"2026-01-30T18:28:51","modified_gmt":"2026-01-30T18:28:51","slug":"join-our-governance-committee","status":"publish","type":"page","link":"https:\/\/www.iceireland.com\/de\/useful-information-and-supports\/join-our-governance-committee\/","title":{"rendered":"Werden Sie Mitglied unseres Governance-Komitees"},"content":{"rendered":"\t\t<div data-elementor-type=\"wp-page\" data-elementor-id=\"33512\" class=\"elementor elementor-33512 elementor-25939\" data-elementor-post-type=\"page\">\n\t\t\t\t\t\t<section class=\"elementor-section elementor-top-section elementor-element elementor-element-27a9624 elementor-section-boxed elementor-section-height-default elementor-section-height-default\" data-id=\"27a9624\" data-element_type=\"section\" data-e-type=\"section\">\n\t\t\t\t\t\t<div class=\"elementor-container elementor-column-gap-default\">\n\t\t\t\t\t<div class=\"elementor-column elementor-col-100 elementor-top-column elementor-element elementor-element-02c8789\" data-id=\"02c8789\" data-element_type=\"column\" data-e-type=\"column\">\n\t\t\t<div class=\"elementor-widget-wrap elementor-element-populated\">\n\t\t\t\t\t\t<div class=\"elementor-element elementor-element-90a231f elementor-widget elementor-widget-heading\" data-id=\"90a231f\" data-element_type=\"widget\" data-e-type=\"widget\" data-widget_type=\"heading.default\">\n\t\t\t\t<div class=\"elementor-widget-container\">\n\t\t\t\t\t<h2 class=\"elementor-heading-title elementor-size-default\">Werden Sie Mitglied unseres Academic Governance Committee<\/h2>\t\t\t\t<\/div>\n\t\t\t\t<\/div>\n\t\t\t\t\t<\/div>\n\t\t<\/div>\n\t\t\t\t\t<\/div>\n\t\t<\/section>\n\t\t\t\t<section class=\"elementor-section elementor-top-section elementor-element elementor-element-fb073b1 elementor-section-boxed elementor-section-height-default elementor-section-height-default\" data-id=\"fb073b1\" data-element_type=\"section\" data-e-type=\"section\">\n\t\t\t\t\t\t<div class=\"elementor-container elementor-column-gap-default\">\n\t\t\t\t\t<div class=\"elementor-column elementor-col-100 elementor-top-column elementor-element elementor-element-1ad22e0\" data-id=\"1ad22e0\" data-element_type=\"column\" data-e-type=\"column\">\n\t\t\t<div class=\"elementor-widget-wrap elementor-element-populated\">\n\t\t\t\t\t\t<div class=\"elementor-element elementor-element-2480859 elementor-widget elementor-widget-text-editor\" data-id=\"2480859\" data-element_type=\"widget\" data-e-type=\"widget\" data-widget_type=\"text-editor.default\">\n\t\t\t\t<div class=\"elementor-widget-container\">\n\t\t\t\t\t\t\t\t\t<p>Das Academic Governance Committee am Irish College of English tritt zweimal im Jahr zusammen, um die akademischen Standards und Richtlinien unserer Institution zu \u00fcberwachen und zu verbessern. Dieses Komitee, das sich aus Lehrkr\u00e4ften, akademischen Mitarbeitern, Verwaltungsangestellten und einem Studentenvertreter zusammensetzt, spielt eine entscheidende Rolle bei der Gestaltung der Bildungserfahrung f\u00fcr unsere Studenten. <\/p><p>Die Mitarbeit im Academic Governance Committee bietet Studenten eine einzigartige Gelegenheit:<\/p><p>F\u00fcrsprecher f\u00fcr ihre Kommilitonen: Als Studentenvertreter haben Sie die M\u00f6glichkeit, die Bedenken, Vorschl\u00e4ge und Perspektiven Ihrer Kommilitonen, einschlie\u00dflich der j\u00fcngeren Studenten, zu \u00e4u\u00dfern und sicherzustellen, dass ihre Stimmen auf den h\u00f6chsten Entscheidungsebenen geh\u00f6rt werden.<\/p><p>Zu akademischer Exzellenz beitragen: Durch die aktive Teilnahme an Diskussionen und Entscheidungen \u00fcber die Entwicklung von Lehrpl\u00e4nen, Bewertungsmethoden und akademischen Richtlinien k\u00f6nnen die Studenten dazu beitragen, die Qualit\u00e4t der vom College angebotenen Ausbildung zu erhalten und zu verbessern.<\/p><p>Erwerben Sie F\u00fchrungs- und Governance-F\u00e4higkeiten: Durch die Mitarbeit im Academic Governance Committee sammeln Sie wertvolle Erfahrungen in den Bereichen F\u00fchrung, Teamarbeit und Governance. Diese F\u00e4higkeiten sind in hohem Ma\u00dfe \u00fcbertragbar und k\u00f6nnen in verschiedenen pers\u00f6nlichen und beruflichen Situationen eingesetzt werden.<\/p><p>Gestalten Sie die Zukunft der ICE: Die Studenten haben die M\u00f6glichkeit, die Richtung und die zuk\u00fcnftigen Initiativen der Schule zu beeinflussen und eine Rolle bei der Gestaltung einer Umgebung zu spielen, die das Lernen, die Innovation und den Erfolg der Studenten f\u00f6rdert.<\/p><p>Die Mitgliedschaft im Academic Governance Committee gibt den Studenten die M\u00f6glichkeit, einen bedeutenden Einfluss auf ihren Bildungsweg zu nehmen und zur akademischen Exzellenz des Irish College of English beizutragen.<\/p>\t\t\t\t\t\t\t\t<\/div>\n\t\t\t\t<\/div>\n\t\t\t\t\t<\/div>\n\t\t<\/div>\n\t\t\t\t\t<\/div>\n\t\t<\/section>\n\t\t\t\t<\/div>\n\t\t","protected":false},"excerpt":{"rendered":"<p>Werden Sie Mitglied unseres Academic Governance Committee Das Academic Governance Committee am Irish College of English tritt zweimal im Jahr zusammen, um die akademischen Standards und Richtlinien unserer Institution zu \u00fcberwachen und zu verbessern. Dieses Komitee, das sich aus Lehrkr\u00e4ften, akademischen Mitarbeitern, Verwaltungsangestellten und einem Studentenvertreter zusammensetzt, spielt eine entscheidende Rolle bei der Gestaltung der [&hellip;]<\/p>\n","protected":false},"author":3,"featured_media":0,"parent":32483,"menu_order":0,"comment_status":"closed","ping_status":"closed","template":"","meta":{"content-type":"","footnotes":""},"class_list":["post-33512","page","type-page","status-publish","hentry"],"yoast_head":"<!-- This site is optimized with the Yoast SEO plugin v27.3 - https:\/\/yoast.com\/product\/yoast-seo-wordpress\/ -->\n<title>Werden Sie Mitglied unseres Governance-Komitees - Irish College of English<\/title>\n<meta name=\"robots\" content=\"noindex, follow\" \/>\n<meta property=\"og:locale\" content=\"de_DE\" \/>\n<meta property=\"og:type\" content=\"article\" \/>\n<meta property=\"og:title\" content=\"Werden Sie Mitglied unseres Governance-Komitees - Irish College of English\" \/>\n<meta property=\"og:description\" content=\"Werden Sie Mitglied unseres Academic Governance Committee Das Academic Governance Committee am Irish College of English tritt zweimal im Jahr zusammen, um die akademischen Standards und Richtlinien unserer Institution zu \u00fcberwachen und zu verbessern. Dieses Komitee, das sich aus Lehrkr\u00e4ften, akademischen Mitarbeitern, Verwaltungsangestellten und einem Studentenvertreter zusammensetzt, spielt eine entscheidende Rolle bei der Gestaltung der [&hellip;]\" \/>\n<meta property=\"og:url\" content=\"https:\/\/www.iceireland.com\/de\/useful-information-and-supports\/join-our-governance-committee\/\" \/>\n<meta property=\"og:site_name\" content=\"Irish College of English\" \/>\n<meta property=\"article:modified_time\" content=\"2026-01-30T18:28:51+00:00\" \/>\n<meta name=\"twitter:label1\" content=\"Gesch\u00e4tzte Lesezeit\" \/>\n\t<meta name=\"twitter:data1\" content=\"1\u00a0Minute\" \/>\n<script type=\"application\/ld+json\" class=\"yoast-schema-graph\">{\"@context\":\"https:\\\/\\\/schema.org\",\"@graph\":[{\"@type\":\"WebPage\",\"@id\":\"https:\\\/\\\/www.iceireland.com\\\/de\\\/useful-information-and-supports\\\/join-our-governance-committee\\\/\",\"url\":\"https:\\\/\\\/www.iceireland.com\\\/de\\\/useful-information-and-supports\\\/join-our-governance-committee\\\/\",\"name\":\"Werden Sie Mitglied unseres Governance-Komitees - Irish College of English\",\"isPartOf\":{\"@id\":\"https:\\\/\\\/www.iceireland.com\\\/de\\\/#website\"},\"datePublished\":\"2023-12-13T15:53:32+00:00\",\"dateModified\":\"2026-01-30T18:28:51+00:00\",\"breadcrumb\":{\"@id\":\"https:\\\/\\\/www.iceireland.com\\\/de\\\/useful-information-and-supports\\\/join-our-governance-committee\\\/#breadcrumb\"},\"inLanguage\":\"de\",\"potentialAction\":[{\"@type\":\"ReadAction\",\"target\":[\"https:\\\/\\\/www.iceireland.com\\\/de\\\/useful-information-and-supports\\\/join-our-governance-committee\\\/\"]}]},{\"@type\":\"BreadcrumbList\",\"@id\":\"https:\\\/\\\/www.iceireland.com\\\/de\\\/useful-information-and-supports\\\/join-our-governance-committee\\\/#breadcrumb\",\"itemListElement\":[{\"@type\":\"ListItem\",\"position\":1,\"name\":\"Home\",\"item\":\"https:\\\/\\\/www.iceireland.com\\\/de\\\/\"},{\"@type\":\"ListItem\",\"position\":2,\"name\":\"N\u00fctzliche Informationen und Hilfen\",\"item\":\"https:\\\/\\\/www.iceireland.com\\\/de\\\/useful-information-and-supports\\\/\"},{\"@type\":\"ListItem\",\"position\":3,\"name\":\"Werden Sie Mitglied unseres Governance-Komitees\"}]},{\"@type\":\"WebSite\",\"@id\":\"https:\\\/\\\/www.iceireland.com\\\/de\\\/#website\",\"url\":\"https:\\\/\\\/www.iceireland.com\\\/de\\\/\",\"name\":\"Irish College of English\",\"description\":\"English School in Dublin, Malahide\",\"publisher\":{\"@id\":\"https:\\\/\\\/www.iceireland.com\\\/de\\\/#organization\"},\"potentialAction\":[{\"@type\":\"SearchAction\",\"target\":{\"@type\":\"EntryPoint\",\"urlTemplate\":\"https:\\\/\\\/www.iceireland.com\\\/de\\\/?s={search_term_string}\"},\"query-input\":{\"@type\":\"PropertyValueSpecification\",\"valueRequired\":true,\"valueName\":\"search_term_string\"}}],\"inLanguage\":\"de\"},{\"@type\":\"Organization\",\"@id\":\"https:\\\/\\\/www.iceireland.com\\\/de\\\/#organization\",\"name\":\"Irish College of English\",\"url\":\"https:\\\/\\\/www.iceireland.com\\\/de\\\/\",\"logo\":{\"@type\":\"ImageObject\",\"inLanguage\":\"de\",\"@id\":\"https:\\\/\\\/www.iceireland.com\\\/de\\\/#\\\/schema\\\/logo\\\/image\\\/\",\"url\":\"https:\\\/\\\/www.iceireland.com\\\/wp-content\\\/uploads\\\/2022\\\/03\\\/logo.png\",\"contentUrl\":\"https:\\\/\\\/www.iceireland.com\\\/wp-content\\\/uploads\\\/2022\\\/03\\\/logo.png\",\"width\":593,\"height\":92,\"caption\":\"Irish College of English\"},\"image\":{\"@id\":\"https:\\\/\\\/www.iceireland.com\\\/de\\\/#\\\/schema\\\/logo\\\/image\\\/\"}}]}<\/script>\n<!-- \/ Yoast SEO plugin. -->","yoast_head_json":{"title":"Werden Sie Mitglied unseres Governance-Komitees - Irish College of English","robots":{"index":"noindex","follow":"follow"},"og_locale":"de_DE","og_type":"article","og_title":"Werden Sie Mitglied unseres Governance-Komitees - Irish College of English","og_description":"Werden Sie Mitglied unseres Academic Governance Committee Das Academic Governance Committee am Irish College of English tritt zweimal im Jahr zusammen, um die akademischen Standards und Richtlinien unserer Institution zu \u00fcberwachen und zu verbessern. Dieses Komitee, das sich aus Lehrkr\u00e4ften, akademischen Mitarbeitern, Verwaltungsangestellten und einem Studentenvertreter zusammensetzt, spielt eine entscheidende Rolle bei der Gestaltung der [&hellip;]","og_url":"https:\/\/www.iceireland.com\/de\/useful-information-and-supports\/join-our-governance-committee\/","og_site_name":"Irish College of English","article_modified_time":"2026-01-30T18:28:51+00:00","twitter_misc":{"Gesch\u00e4tzte Lesezeit":"1\u00a0Minute"},"schema":{"@context":"https:\/\/schema.org","@graph":[{"@type":"WebPage","@id":"https:\/\/www.iceireland.com\/de\/useful-information-and-supports\/join-our-governance-committee\/","url":"https:\/\/www.iceireland.com\/de\/useful-information-and-supports\/join-our-governance-committee\/","name":"Werden Sie Mitglied unseres Governance-Komitees - Irish College of English","isPartOf":{"@id":"https:\/\/www.iceireland.com\/de\/#website"},"datePublished":"2023-12-13T15:53:32+00:00","dateModified":"2026-01-30T18:28:51+00:00","breadcrumb":{"@id":"https:\/\/www.iceireland.com\/de\/useful-information-and-supports\/join-our-governance-committee\/#breadcrumb"},"inLanguage":"de","potentialAction":[{"@type":"ReadAction","target":["https:\/\/www.iceireland.com\/de\/useful-information-and-supports\/join-our-governance-committee\/"]}]},{"@type":"BreadcrumbList","@id":"https:\/\/www.iceireland.com\/de\/useful-information-and-supports\/join-our-governance-committee\/#breadcrumb","itemListElement":[{"@type":"ListItem","position":1,"name":"Home","item":"https:\/\/www.iceireland.com\/de\/"},{"@type":"ListItem","position":2,"name":"N\u00fctzliche Informationen und Hilfen","item":"https:\/\/www.iceireland.com\/de\/useful-information-and-supports\/"},{"@type":"ListItem","position":3,"name":"Werden Sie Mitglied unseres Governance-Komitees"}]},{"@type":"WebSite","@id":"https:\/\/www.iceireland.com\/de\/#website","url":"https:\/\/www.iceireland.com\/de\/","name":"Irish College of English","description":"English School in Dublin, Malahide","publisher":{"@id":"https:\/\/www.iceireland.com\/de\/#organization"},"potentialAction":[{"@type":"SearchAction","target":{"@type":"EntryPoint","urlTemplate":"https:\/\/www.iceireland.com\/de\/?s={search_term_string}"},"query-input":{"@type":"PropertyValueSpecification","valueRequired":true,"valueName":"search_term_string"}}],"inLanguage":"de"},{"@type":"Organization","@id":"https:\/\/www.iceireland.com\/de\/#organization","name":"Irish College of English","url":"https:\/\/www.iceireland.com\/de\/","logo":{"@type":"ImageObject","inLanguage":"de","@id":"https:\/\/www.iceireland.com\/de\/#\/schema\/logo\/image\/","url":"https:\/\/www.iceireland.com\/wp-content\/uploads\/2022\/03\/logo.png","contentUrl":"https:\/\/www.iceireland.com\/wp-content\/uploads\/2022\/03\/logo.png","width":593,"height":92,"caption":"Irish College of English"},"image":{"@id":"https:\/\/www.iceireland.com\/de\/#\/schema\/logo\/image\/"}}]}},"_links":{"self":[{"href":"https:\/\/www.iceireland.com\/de\/wp-json\/wp\/v2\/pages\/33512","targetHints":{"allow":["GET"]}}],"collection":[{"href":"https:\/\/www.iceireland.com\/de\/wp-json\/wp\/v2\/pages"}],"about":[{"href":"https:\/\/www.iceireland.com\/de\/wp-json\/wp\/v2\/types\/page"}],"author":[{"embeddable":true,"href":"https:\/\/www.iceireland.com\/de\/wp-json\/wp\/v2\/users\/3"}],"replies":[{"embeddable":true,"href":"https:\/\/www.iceireland.com\/de\/wp-json\/wp\/v2\/comments?post=33512"}],"version-history":[{"count":1,"href":"https:\/\/www.iceireland.com\/de\/wp-json\/wp\/v2\/pages\/33512\/revisions"}],"predecessor-version":[{"id":33514,"href":"https:\/\/www.iceireland.com\/de\/wp-json\/wp\/v2\/pages\/33512\/revisions\/33514"}],"up":[{"embeddable":true,"href":"https:\/\/www.iceireland.com\/de\/wp-json\/wp\/v2\/pages\/32483"}],"wp:attachment":[{"href":"https:\/\/www.iceireland.com\/de\/wp-json\/wp\/v2\/media?parent=33512"}],"curies":[{"name":"wp","href":"https:\/\/api.w.org\/{rel}","templated":true}]}}