{"id":19387,"date":"2023-08-11T14:52:34","date_gmt":"2023-08-11T14:52:34","guid":{"rendered":"https:\/\/www.iceireland.com\/?page_id=19387"},"modified":"2026-03-05T15:29:03","modified_gmt":"2026-03-05T15:29:03","slug":"tasas-del-curso","status":"publish","type":"page","link":"https:\/\/www.iceireland.com\/es\/tasas-del-curso\/","title":{"rendered":"Tasas de los cursos"},"content":{"rendered":"\t\t<div data-elementor-type=\"wp-page\" data-elementor-id=\"19387\" class=\"elementor elementor-19387 elementor-19385\" data-elementor-post-type=\"page\">\n\t\t\t\t\t\t<section class=\"elementor-section elementor-top-section elementor-element elementor-element-e0a1e83 elementor-section-boxed elementor-section-height-default elementor-section-height-default\" data-id=\"e0a1e83\" data-element_type=\"section\" data-e-type=\"section\">\n\t\t\t\t\t\t<div class=\"elementor-container elementor-column-gap-default\">\n\t\t\t\t\t<div class=\"elementor-column elementor-col-100 elementor-top-column elementor-element elementor-element-4aef049\" data-id=\"4aef049\" data-element_type=\"column\" data-e-type=\"column\">\n\t\t\t<div class=\"elementor-widget-wrap elementor-element-populated\">\n\t\t\t\t\t\t<div class=\"elementor-element elementor-element-6bfcd46 elementor-widget elementor-widget-image\" data-id=\"6bfcd46\" data-element_type=\"widget\" data-e-type=\"widget\" data-widget_type=\"image.default\">\n\t\t\t\t<div class=\"elementor-widget-container\">\n\t\t\t\t\t\t\t\t\t\t\t\t\t\t\t<img fetchpriority=\"high\" decoding=\"async\" width=\"721\" height=\"1024\" src=\"https:\/\/www.iceireland.com\/wp-content\/uploads\/2026\/03\/Courses-and-Fees-2026-1-721x1024.png\" class=\"attachment-large size-large wp-image-35416\" alt=\"\" srcset=\"https:\/\/www.iceireland.com\/wp-content\/uploads\/2026\/03\/Courses-and-Fees-2026-1-721x1024.png 721w, https:\/\/www.iceireland.com\/wp-content\/uploads\/2026\/03\/Courses-and-Fees-2026-1-211x300.png 211w, https:\/\/www.iceireland.com\/wp-content\/uploads\/2026\/03\/Courses-and-Fees-2026-1-768x1090.png 768w, https:\/\/www.iceireland.com\/wp-content\/uploads\/2026\/03\/Courses-and-Fees-2026-1-1082x1536.png 1082w, https:\/\/www.iceireland.com\/wp-content\/uploads\/2026\/03\/Courses-and-Fees-2026-1.png 1210w\" sizes=\"(max-width: 721px) 100vw, 721px\" \/>\t\t\t\t\t\t\t\t\t\t\t\t\t\t\t<\/div>\n\t\t\t\t<\/div>\n\t\t\t\t\t<\/div>\n\t\t<\/div>\n\t\t\t\t\t<\/div>\n\t\t<\/section>\n\t\t\t\t<section class=\"elementor-section elementor-top-section elementor-element elementor-element-76790e0 elementor-section-boxed elementor-section-height-default elementor-section-height-default\" data-id=\"76790e0\" data-element_type=\"section\" data-e-type=\"section\">\n\t\t\t\t\t\t<div class=\"elementor-container elementor-column-gap-default\">\n\t\t\t\t\t<div class=\"elementor-column elementor-col-100 elementor-top-column elementor-element elementor-element-cbe2d4b\" data-id=\"cbe2d4b\" data-element_type=\"column\" data-e-type=\"column\">\n\t\t\t<div class=\"elementor-widget-wrap elementor-element-populated\">\n\t\t\t\t\t\t<div class=\"elementor-element elementor-element-4769cb3 elementor-widget elementor-widget-spacer\" data-id=\"4769cb3\" data-element_type=\"widget\" data-e-type=\"widget\" data-widget_type=\"spacer.default\">\n\t\t\t\t<div class=\"elementor-widget-container\">\n\t\t\t\t\t\t\t<div class=\"elementor-spacer\">\n\t\t\t<div class=\"elementor-spacer-inner\"><\/div>\n\t\t<\/div>\n\t\t\t\t\t\t<\/div>\n\t\t\t\t<\/div>\n\t\t\t\t\t<\/div>\n\t\t<\/div>\n\t\t\t\t\t<\/div>\n\t\t<\/section>\n\t\t\t\t<section class=\"elementor-section elementor-top-section elementor-element elementor-element-cbc5b5e elementor-section-boxed elementor-section-height-default elementor-section-height-default\" data-id=\"cbc5b5e\" data-element_type=\"section\" data-e-type=\"section\">\n\t\t\t\t\t\t<div class=\"elementor-container elementor-column-gap-default\">\n\t\t\t\t\t<div class=\"elementor-column elementor-col-100 elementor-top-column elementor-element elementor-element-2a1b805\" data-id=\"2a1b805\" data-element_type=\"column\" data-e-type=\"column\">\n\t\t\t<div class=\"elementor-widget-wrap elementor-element-populated\">\n\t\t\t\t\t\t<div class=\"elementor-element elementor-element-b9b4300 elementor-widget elementor-widget-image\" data-id=\"b9b4300\" data-element_type=\"widget\" data-e-type=\"widget\" data-widget_type=\"image.default\">\n\t\t\t\t<div class=\"elementor-widget-container\">\n\t\t\t\t\t\t\t\t\t\t\t\t\t\t\t<img decoding=\"async\" width=\"1414\" height=\"2000\" src=\"https:\/\/www.iceireland.com\/wp-content\/uploads\/2025\/08\/ICE-Courses-and-Fees-2026-3.png\" class=\"attachment-2048x2048 size-2048x2048 wp-image-31160\" alt=\"\" srcset=\"https:\/\/www.iceireland.com\/wp-content\/uploads\/2025\/08\/ICE-Courses-and-Fees-2026-3.png 1414w, https:\/\/www.iceireland.com\/wp-content\/uploads\/2025\/08\/ICE-Courses-and-Fees-2026-3-212x300.png 212w, https:\/\/www.iceireland.com\/wp-content\/uploads\/2025\/08\/ICE-Courses-and-Fees-2026-3-724x1024.png 724w, https:\/\/www.iceireland.com\/wp-content\/uploads\/2025\/08\/ICE-Courses-and-Fees-2026-3-768x1086.png 768w, https:\/\/www.iceireland.com\/wp-content\/uploads\/2025\/08\/ICE-Courses-and-Fees-2026-3-1086x1536.png 1086w\" sizes=\"(max-width: 1414px) 100vw, 1414px\" \/>\t\t\t\t\t\t\t\t\t\t\t\t\t\t\t<\/div>\n\t\t\t\t<\/div>\n\t\t\t\t\t<\/div>\n\t\t<\/div>\n\t\t\t\t\t<\/div>\n\t\t<\/section>\n\t\t\t\t<section class=\"elementor-section elementor-top-section elementor-element elementor-element-73de154 elementor-section-boxed elementor-section-height-default elementor-section-height-default\" data-id=\"73de154\" data-element_type=\"section\" data-e-type=\"section\">\n\t\t\t\t\t\t<div class=\"elementor-container elementor-column-gap-default\">\n\t\t\t\t\t<div class=\"elementor-column elementor-col-100 elementor-top-column elementor-element elementor-element-4c627a7\" data-id=\"4c627a7\" data-element_type=\"column\" data-e-type=\"column\">\n\t\t\t<div class=\"elementor-widget-wrap elementor-element-populated\">\n\t\t\t\t\t\t<div class=\"elementor-element elementor-element-3278018 elementor-widget elementor-widget-text-editor\" data-id=\"3278018\" data-element_type=\"widget\" data-e-type=\"widget\" data-widget_type=\"text-editor.default\">\n\t\t\t\t<div class=\"elementor-widget-container\">\n\t\t\t\t\t\t\t\t\t<h3 style=\"text-align: center;\">Informaci\u00f3n adicional<\/h3>\t\t\t\t\t\t\t\t<\/div>\n\t\t\t\t<\/div>\n\t\t\t\t\t<\/div>\n\t\t<\/div>\n\t\t\t\t\t<\/div>\n\t\t<\/section>\n\t\t\t\t<section class=\"elementor-section elementor-top-section elementor-element elementor-element-518b157 elementor-section-boxed elementor-section-height-default elementor-section-height-default\" data-id=\"518b157\" data-element_type=\"section\" data-e-type=\"section\">\n\t\t\t\t\t\t<div class=\"elementor-container elementor-column-gap-default\">\n\t\t\t\t\t<div class=\"elementor-column elementor-col-100 elementor-top-column elementor-element elementor-element-221a74f\" data-id=\"221a74f\" data-element_type=\"column\" data-e-type=\"column\">\n\t\t\t<div class=\"elementor-widget-wrap elementor-element-populated\">\n\t\t\t\t\t\t<div class=\"elementor-element elementor-element-af4113b elementor-widget elementor-widget-text-editor\" data-id=\"af4113b\" data-element_type=\"widget\" data-e-type=\"widget\" data-widget_type=\"text-editor.default\">\n\t\t\t\t<div class=\"elementor-widget-container\">\n\t\t\t\t\t\t\t\t\t<p style=\"text-align: center;\"><span style=\"text-decoration: underline; color: #000000;\"><a style=\"color: #000000; text-decoration: underline;\" href=\"https:\/\/www.iceireland.com\/es\/fees-subsistence-enrolment-refunds\/\">Tasas, dietas, inscripci\u00f3n y reembolsos<\/a><\/span><\/p><p style=\"text-align: center;\"><span style=\"color: #000000;\"><a style=\"color: #000000;\" href=\"http:\/\/www.iceireland.com\/access-transfer-and-progression-junior-summer-camps\">Acceso, Transferencia y Progresi\u00f3n &#8211; Campamentos de Verano Junior<\/a><\/span><\/p><p style=\"text-align: center;\"><span style=\"color: #000000;\"><a style=\"font-family: var( --e-global-typography-text-font-family ), Sans-serif; font-weight: var( --e-global-typography-text-font-weight ); background-color: white; color: #000000;\" href=\"http:\/\/www.iceireland.com\/access-transfer-and-progression-adult-courses\">Acceso, Transferencia y Progresi\u00f3n &#8211; Cursos para Adultos<\/a><\/span><\/p><p style=\"text-align: center;\"><span style=\"color: #000000;\"><a style=\"font-family: var( --e-global-typography-text-font-family ), Sans-serif; font-weight: var( --e-global-typography-text-font-weight ); background-color: white; color: #000000;\" href=\"http:\/\/www.iceireland.com\/student-support-and-engagement\">Apoyo y participaci\u00f3n de los estudiantes<\/a><\/span><\/p><p style=\"text-align: center;\"><span style=\"color: #000000;\"><a style=\"font-family: var( --e-global-typography-text-font-family ), Sans-serif; font-weight: var( --e-global-typography-text-font-weight ); background-color: white; color: #000000;\" href=\"https:\/\/www.iceireland.com\/es\/course-purpose-intended-learning-outcome-junior-students\/\">Prop\u00f3sito del curso y resultados previstos del aprendizaje &#8211; Campamentos de verano junior<\/a><\/span><\/p><p style=\"text-align: center;\"><span style=\"color: #000000;\"><a style=\"font-family: var( --e-global-typography-text-font-family ), Sans-serif; font-weight: var( --e-global-typography-text-font-weight ); background-color: white; color: #000000;\" href=\"http:\/\/www.iceireland.com\/course-purpose-intended-learning-outcomes-adult-courses\/\">Prop\u00f3sito del curso y resultados previstos del aprendizaje &#8211; Cursos para adultos<\/a><\/span><\/p><p style=\"text-align: center;\"><span style=\"color: #000000;\"><a style=\"font-family: var( --e-global-typography-text-font-family ), Sans-serif; font-weight: var( --e-global-typography-text-font-weight ); background-color: white; color: #000000;\" href=\"https:\/\/www.iceireland.com\/es\/academic-management-and-alignment-with-the-common-european-framework-of-reference-for-languages-cefr\/\">Marco Com\u00fan Europeo de Referencia para las Lenguas (MCER)<\/a><\/span><\/p>\t\t\t\t\t\t\t\t<\/div>\n\t\t\t\t<\/div>\n\t\t\t\t\t<\/div>\n\t\t<\/div>\n\t\t\t\t\t<\/div>\n\t\t<\/section>\n\t\t\t\t<\/div>\n\t\t","protected":false},"excerpt":{"rendered":"<p>Informaci\u00f3n adicional Tasas, dietas, inscripci\u00f3n y reembolsos Acceso, Transferencia y Progresi\u00f3n &#8211; Campamentos de Verano Junior Acceso, Transferencia y Progresi\u00f3n &#8211; Cursos para Adultos Apoyo y participaci\u00f3n de los estudiantes Prop\u00f3sito del curso y resultados previstos del aprendizaje &#8211; Campamentos de verano junior Prop\u00f3sito del curso y resultados previstos del aprendizaje &#8211; Cursos para adultos [&hellip;]<\/p>\n","protected":false},"author":3,"featured_media":0,"parent":0,"menu_order":0,"comment_status":"closed","ping_status":"closed","template":"","meta":{"content-type":"","footnotes":""},"class_list":["post-19387","page","type-page","status-publish","hentry"],"yoast_head":"<!-- This site is optimized with the Yoast SEO plugin v27.3 - https:\/\/yoast.com\/product\/yoast-seo-wordpress\/ -->\n<title>Cursos de Ingl\u00e9s al Mejor Precio en Dubl\u00edn - Precios y Ofertas 2023<\/title>\n<meta name=\"description\" content=\"\u00bfEst\u00e1s buscando los mejores Cursos de Ingl\u00e9s en Irlanda? Estudia ingl\u00e9s en el extranjero por una tarifa razonable en el Irish College of English. Visita nuestra p\u00e1gina para ver la informaci\u00f3n.\" \/>\n<meta name=\"robots\" content=\"index, follow, max-snippet:-1, max-image-preview:large, max-video-preview:-1\" \/>\n<link rel=\"canonical\" href=\"https:\/\/www.iceireland.com\/es\/tasas-del-curso\/\" \/>\n<meta property=\"og:locale\" content=\"es_ES\" \/>\n<meta property=\"og:type\" content=\"article\" \/>\n<meta property=\"og:title\" content=\"Cursos de Ingl\u00e9s al Mejor Precio en Dubl\u00edn - Precios y Ofertas 2023\" \/>\n<meta property=\"og:description\" content=\"\u00bfEst\u00e1s buscando los mejores Cursos de Ingl\u00e9s en Irlanda? Estudia ingl\u00e9s en el extranjero por una tarifa razonable en el Irish College of English. Visita nuestra p\u00e1gina para ver la informaci\u00f3n.\" \/>\n<meta property=\"og:url\" content=\"https:\/\/www.iceireland.com\/es\/tasas-del-curso\/\" \/>\n<meta property=\"og:site_name\" content=\"Irish College of English\" \/>\n<meta property=\"article:modified_time\" content=\"2026-03-05T15:29:03+00:00\" \/>\n<meta property=\"og:image\" content=\"https:\/\/www.iceireland.com\/wp-content\/uploads\/2026\/03\/Courses-and-Fees-2026-1.png\" \/>\n\t<meta property=\"og:image:width\" content=\"1210\" \/>\n\t<meta property=\"og:image:height\" content=\"1718\" \/>\n\t<meta property=\"og:image:type\" content=\"image\/png\" \/>\n<meta name=\"twitter:label1\" content=\"Tiempo de lectura\" \/>\n\t<meta name=\"twitter:data1\" content=\"3 minutos\" \/>\n<script type=\"application\/ld+json\" class=\"yoast-schema-graph\">{\"@context\":\"https:\\\/\\\/schema.org\",\"@graph\":[{\"@type\":\"WebPage\",\"@id\":\"https:\\\/\\\/www.iceireland.com\\\/es\\\/tasas-del-curso\\\/\",\"url\":\"https:\\\/\\\/www.iceireland.com\\\/es\\\/tasas-del-curso\\\/\",\"name\":\"Cursos de Ingl\u00e9s al Mejor Precio en Dubl\u00edn - Precios y Ofertas 2023\",\"isPartOf\":{\"@id\":\"https:\\\/\\\/www.iceireland.com\\\/es\\\/#website\"},\"primaryImageOfPage\":{\"@id\":\"https:\\\/\\\/www.iceireland.com\\\/es\\\/tasas-del-curso\\\/#primaryimage\"},\"image\":{\"@id\":\"https:\\\/\\\/www.iceireland.com\\\/es\\\/tasas-del-curso\\\/#primaryimage\"},\"thumbnailUrl\":\"https:\\\/\\\/www.iceireland.com\\\/wp-content\\\/uploads\\\/2026\\\/03\\\/Courses-and-Fees-2026-1-721x1024.png\",\"datePublished\":\"2023-08-11T14:52:34+00:00\",\"dateModified\":\"2026-03-05T15:29:03+00:00\",\"description\":\"\u00bfEst\u00e1s buscando los mejores Cursos de Ingl\u00e9s en Irlanda? Estudia ingl\u00e9s en el extranjero por una tarifa razonable en el Irish College of English. Visita nuestra p\u00e1gina para ver la informaci\u00f3n.\",\"breadcrumb\":{\"@id\":\"https:\\\/\\\/www.iceireland.com\\\/es\\\/tasas-del-curso\\\/#breadcrumb\"},\"inLanguage\":\"es\",\"potentialAction\":[{\"@type\":\"ReadAction\",\"target\":[\"https:\\\/\\\/www.iceireland.com\\\/es\\\/tasas-del-curso\\\/\"]}]},{\"@type\":\"ImageObject\",\"inLanguage\":\"es\",\"@id\":\"https:\\\/\\\/www.iceireland.com\\\/es\\\/tasas-del-curso\\\/#primaryimage\",\"url\":\"https:\\\/\\\/www.iceireland.com\\\/wp-content\\\/uploads\\\/2026\\\/03\\\/Courses-and-Fees-2026-1-721x1024.png\",\"contentUrl\":\"https:\\\/\\\/www.iceireland.com\\\/wp-content\\\/uploads\\\/2026\\\/03\\\/Courses-and-Fees-2026-1-721x1024.png\"},{\"@type\":\"BreadcrumbList\",\"@id\":\"https:\\\/\\\/www.iceireland.com\\\/es\\\/tasas-del-curso\\\/#breadcrumb\",\"itemListElement\":[{\"@type\":\"ListItem\",\"position\":1,\"name\":\"Home\",\"item\":\"https:\\\/\\\/www.iceireland.com\\\/es\\\/\"},{\"@type\":\"ListItem\",\"position\":2,\"name\":\"Tasas de los cursos\"}]},{\"@type\":\"WebSite\",\"@id\":\"https:\\\/\\\/www.iceireland.com\\\/es\\\/#website\",\"url\":\"https:\\\/\\\/www.iceireland.com\\\/es\\\/\",\"name\":\"Irish College of English\",\"description\":\"English School in Dublin, Malahide\",\"publisher\":{\"@id\":\"https:\\\/\\\/www.iceireland.com\\\/es\\\/#organization\"},\"potentialAction\":[{\"@type\":\"SearchAction\",\"target\":{\"@type\":\"EntryPoint\",\"urlTemplate\":\"https:\\\/\\\/www.iceireland.com\\\/es\\\/?s={search_term_string}\"},\"query-input\":{\"@type\":\"PropertyValueSpecification\",\"valueRequired\":true,\"valueName\":\"search_term_string\"}}],\"inLanguage\":\"es\"},{\"@type\":\"Organization\",\"@id\":\"https:\\\/\\\/www.iceireland.com\\\/es\\\/#organization\",\"name\":\"Irish College of English\",\"url\":\"https:\\\/\\\/www.iceireland.com\\\/es\\\/\",\"logo\":{\"@type\":\"ImageObject\",\"inLanguage\":\"es\",\"@id\":\"https:\\\/\\\/www.iceireland.com\\\/es\\\/#\\\/schema\\\/logo\\\/image\\\/\",\"url\":\"https:\\\/\\\/www.iceireland.com\\\/wp-content\\\/uploads\\\/2022\\\/03\\\/logo.png\",\"contentUrl\":\"https:\\\/\\\/www.iceireland.com\\\/wp-content\\\/uploads\\\/2022\\\/03\\\/logo.png\",\"width\":593,\"height\":92,\"caption\":\"Irish College of English\"},\"image\":{\"@id\":\"https:\\\/\\\/www.iceireland.com\\\/es\\\/#\\\/schema\\\/logo\\\/image\\\/\"}}]}<\/script>\n<!-- \/ Yoast SEO plugin. -->","yoast_head_json":{"title":"Cursos de Ingl\u00e9s al Mejor Precio en Dubl\u00edn - Precios y Ofertas 2023","description":"\u00bfEst\u00e1s buscando los mejores Cursos de Ingl\u00e9s en Irlanda? Estudia ingl\u00e9s en el extranjero por una tarifa razonable en el Irish College of English. Visita nuestra p\u00e1gina para ver la informaci\u00f3n.","robots":{"index":"index","follow":"follow","max-snippet":"max-snippet:-1","max-image-preview":"max-image-preview:large","max-video-preview":"max-video-preview:-1"},"canonical":"https:\/\/www.iceireland.com\/es\/tasas-del-curso\/","og_locale":"es_ES","og_type":"article","og_title":"Cursos de Ingl\u00e9s al Mejor Precio en Dubl\u00edn - Precios y Ofertas 2023","og_description":"\u00bfEst\u00e1s buscando los mejores Cursos de Ingl\u00e9s en Irlanda? Estudia ingl\u00e9s en el extranjero por una tarifa razonable en el Irish College of English. Visita nuestra p\u00e1gina para ver la informaci\u00f3n.","og_url":"https:\/\/www.iceireland.com\/es\/tasas-del-curso\/","og_site_name":"Irish College of English","article_modified_time":"2026-03-05T15:29:03+00:00","og_image":[{"width":1210,"height":1718,"url":"https:\/\/www.iceireland.com\/wp-content\/uploads\/2026\/03\/Courses-and-Fees-2026-1.png","type":"image\/png"}],"twitter_misc":{"Tiempo de lectura":"3 minutos"},"schema":{"@context":"https:\/\/schema.org","@graph":[{"@type":"WebPage","@id":"https:\/\/www.iceireland.com\/es\/tasas-del-curso\/","url":"https:\/\/www.iceireland.com\/es\/tasas-del-curso\/","name":"Cursos de Ingl\u00e9s al Mejor Precio en Dubl\u00edn - Precios y Ofertas 2023","isPartOf":{"@id":"https:\/\/www.iceireland.com\/es\/#website"},"primaryImageOfPage":{"@id":"https:\/\/www.iceireland.com\/es\/tasas-del-curso\/#primaryimage"},"image":{"@id":"https:\/\/www.iceireland.com\/es\/tasas-del-curso\/#primaryimage"},"thumbnailUrl":"https:\/\/www.iceireland.com\/wp-content\/uploads\/2026\/03\/Courses-and-Fees-2026-1-721x1024.png","datePublished":"2023-08-11T14:52:34+00:00","dateModified":"2026-03-05T15:29:03+00:00","description":"\u00bfEst\u00e1s buscando los mejores Cursos de Ingl\u00e9s en Irlanda? Estudia ingl\u00e9s en el extranjero por una tarifa razonable en el Irish College of English. Visita nuestra p\u00e1gina para ver la informaci\u00f3n.","breadcrumb":{"@id":"https:\/\/www.iceireland.com\/es\/tasas-del-curso\/#breadcrumb"},"inLanguage":"es","potentialAction":[{"@type":"ReadAction","target":["https:\/\/www.iceireland.com\/es\/tasas-del-curso\/"]}]},{"@type":"ImageObject","inLanguage":"es","@id":"https:\/\/www.iceireland.com\/es\/tasas-del-curso\/#primaryimage","url":"https:\/\/www.iceireland.com\/wp-content\/uploads\/2026\/03\/Courses-and-Fees-2026-1-721x1024.png","contentUrl":"https:\/\/www.iceireland.com\/wp-content\/uploads\/2026\/03\/Courses-and-Fees-2026-1-721x1024.png"},{"@type":"BreadcrumbList","@id":"https:\/\/www.iceireland.com\/es\/tasas-del-curso\/#breadcrumb","itemListElement":[{"@type":"ListItem","position":1,"name":"Home","item":"https:\/\/www.iceireland.com\/es\/"},{"@type":"ListItem","position":2,"name":"Tasas de los cursos"}]},{"@type":"WebSite","@id":"https:\/\/www.iceireland.com\/es\/#website","url":"https:\/\/www.iceireland.com\/es\/","name":"Irish College of English","description":"English School in Dublin, Malahide","publisher":{"@id":"https:\/\/www.iceireland.com\/es\/#organization"},"potentialAction":[{"@type":"SearchAction","target":{"@type":"EntryPoint","urlTemplate":"https:\/\/www.iceireland.com\/es\/?s={search_term_string}"},"query-input":{"@type":"PropertyValueSpecification","valueRequired":true,"valueName":"search_term_string"}}],"inLanguage":"es"},{"@type":"Organization","@id":"https:\/\/www.iceireland.com\/es\/#organization","name":"Irish College of English","url":"https:\/\/www.iceireland.com\/es\/","logo":{"@type":"ImageObject","inLanguage":"es","@id":"https:\/\/www.iceireland.com\/es\/#\/schema\/logo\/image\/","url":"https:\/\/www.iceireland.com\/wp-content\/uploads\/2022\/03\/logo.png","contentUrl":"https:\/\/www.iceireland.com\/wp-content\/uploads\/2022\/03\/logo.png","width":593,"height":92,"caption":"Irish College of English"},"image":{"@id":"https:\/\/www.iceireland.com\/es\/#\/schema\/logo\/image\/"}}]}},"_links":{"self":[{"href":"https:\/\/www.iceireland.com\/es\/wp-json\/wp\/v2\/pages\/19387","targetHints":{"allow":["GET"]}}],"collection":[{"href":"https:\/\/www.iceireland.com\/es\/wp-json\/wp\/v2\/pages"}],"about":[{"href":"https:\/\/www.iceireland.com\/es\/wp-json\/wp\/v2\/types\/page"}],"author":[{"embeddable":true,"href":"https:\/\/www.iceireland.com\/es\/wp-json\/wp\/v2\/users\/3"}],"replies":[{"embeddable":true,"href":"https:\/\/www.iceireland.com\/es\/wp-json\/wp\/v2\/comments?post=19387"}],"version-history":[{"count":14,"href":"https:\/\/www.iceireland.com\/es\/wp-json\/wp\/v2\/pages\/19387\/revisions"}],"predecessor-version":[{"id":35452,"href":"https:\/\/www.iceireland.com\/es\/wp-json\/wp\/v2\/pages\/19387\/revisions\/35452"}],"wp:attachment":[{"href":"https:\/\/www.iceireland.com\/es\/wp-json\/wp\/v2\/media?parent=19387"}],"curies":[{"name":"wp","href":"https:\/\/api.w.org\/{rel}","templated":true}]}}