{"id":31891,"date":"2014-10-20T08:40:07","date_gmt":"2014-10-20T08:40:07","guid":{"rendered":"https:\/\/www.iceireland.com\/study-english-in-ireland\/"},"modified":"2014-10-20T08:40:07","modified_gmt":"2014-10-20T08:40:07","slug":"study-english-in-ireland","status":"publish","type":"page","link":"https:\/\/www.iceireland.com\/es\/study-english-in-ireland\/","title":{"rendered":"Estudia ingl\u00e9s en Irlanda"},"content":{"rendered":"<h2>Estudia ingl\u00e9s en Irlanda<\/h2>\n<p>Nuestra sucursal de Malahide est\u00e1 a s\u00f3lo 20 minutos del <strong>centro de Dubl\u00edn<\/strong> y a 10 minutos del aeropuerto de Dubl\u00edn. El Irish College of English es muy c\u00f3modo y accesible tanto para aprender ingl\u00e9s como para disfrutar del tiempo en Dubl\u00edn. Dubl\u00edn es una de <strong>las capitales m\u00e1s amistosas del mundo<\/strong> y un lugar estupendo para vivir.  <\/p>\n<p><strong>Altos niveles educativos en ingl\u00e9s<\/strong><\/p>\n<p>Irlanda es un lugar estupendo para estudiar ingl\u00e9s y tiene fama de ser un pa\u00eds acogedor y amistoso. Irlanda es conocida por su <strong>alto nivel de formaci\u00f3n en lengua inglesa<\/strong> y por la calidad de su educaci\u00f3n. El Irish College of English es uno de los principales proveedores de ense\u00f1anza, con dos sedes en Dubl\u00edn reconocidas por el Ministerio de Educaci\u00f3n y miembro del MEI.  <\/p>\n<p><strong>El acento irland\u00e9s<\/strong><\/p>\n<p>El acento irland\u00e9s, especialmente el acento de Dubl\u00edn, es <strong>claro y f\u00e1cil de entender<\/strong>. Esto hace que tus estudios de ingl\u00e9s sean m\u00e1s f\u00e1ciles y agradables cuando utilices el idioma con la gente del lugar a diario, durante cualquier estancia ling\u00fc\u00edstica en Dubl\u00edn. <\/p>\n<p><strong>Paisajes refrescantes<\/strong><\/p>\n<p>La refrescante belleza del paisaje naturalmente verde es otra raz\u00f3n para elegir estudiar ingl\u00e9s en Irlanda. La naturaleza virgen de Irlanda, sus largas playas de arena, su espectacular costa, sus lagos, sus colinas y sus pintorescos pueblos la convierten en un destino ineludible. Adem\u00e1s, Irlanda ha experimentado un r\u00e1pido crecimiento en los \u00faltimos 20 a\u00f1os y ofrece instalaciones y servicios de primera categor\u00eda. A pesar de este cambio, no ha perdido su identidad especial, su cultura ni su sentido de los valores tradicionales.   <\/p>\n<p><strong>C\u00e1lida acogida<\/strong><\/p>\n<p>Estudia ingl\u00e9s en Irlanda y vive una experiencia inigualable: Irlanda tiene un aire de pueblo y sus gentes son amables y serviciales con los estudiantes de lenguas extranjeras y los juniors. Dubl\u00edn es una de las capitales m\u00e1s excitantes de Europa. Es alegre y vibrante y tiene una poblaci\u00f3n joven. Esto hace que el ambiente social sea muy animado. Dubl\u00edn es conocida por su riqueza cultural y musical. En cada esquina hay un animado pub o club donde disfrutar de una pinta de Guinness y escuchar m\u00fasica tradicional.     <\/p>\n<p>La ciudad alberga el famoso Trinity College, los Museos Nacionales, la Galer\u00eda Nacional y Temple Bar para divertirse. Los amantes de las compras disfrutar\u00e1n mucho de la experiencia comercial en Dubl\u00edn. El mar, la monta\u00f1a y el campo est\u00e1n a una hora en coche del centro de la ciudad y se puede llegar a ellos en transporte p\u00fablico. Los teatros de Dubl\u00edn son famosos en todo el mundo y la Sala Nacional de Conciertos satisface todos los gustos musicales. Se pueden practicar deportes como golf, tenis y equitaci\u00f3n, f\u00e1cilmente accesibles y cerca de la ciudad. Y sin olvidar, nuestra bienvenida, aunque Dubl\u00edn es una capital, a diferencia de otras se siente peque\u00f1a y segura, es f\u00e1cil moverse y muy r\u00e1pidamente te sentir\u00e1s como en casa.     <\/p>\n<p>&nbsp;<\/p>\n<p><a href=\"http:\/\/bit.ly\/30uWaD3\"><img fetchpriority=\"high\" decoding=\"async\" class=\"alignleft wp-image-5111\" style=\"margin-right: 25px;\" src=\"https:\/\/www.iceireland.com\/wp-content\/uploads\/2019\/09\/3-2-182x300.jpg\" alt=\"\" width=\"212\" height=\"350\" srcset=\"https:\/\/www.iceireland.com\/wp-content\/uploads\/2019\/09\/3-2-182x300.jpg 182w, https:\/\/www.iceireland.com\/wp-content\/uploads\/2019\/09\/3-2.jpg 424w\" sizes=\"(max-width: 212px) 100vw, 212px\" \/><\/a> <a href=\"http:\/\/bit.ly\/2kwaCet\"><img decoding=\"async\" class=\"alignleft wp-image-5110\" style=\"margin-right: 25px;\" src=\"https:\/\/www.iceireland.com\/wp-content\/uploads\/2019\/09\/junior-summer-camp-in-dublin-150x150.jpg\" alt=\"\" width=\"212\" height=\"350\"><\/a> <a href=\"http:\/\/bit.ly\/2P6BBvt\"><img decoding=\"async\" class=\"alignleft wp-image-5109\" style=\"margin-right: 25px;\" src=\"https:\/\/www.iceireland.com\/wp-content\/uploads\/2019\/09\/1-1-182x300.jpg\" alt=\"\" width=\"212\" height=\"350\" srcset=\"https:\/\/www.iceireland.com\/wp-content\/uploads\/2019\/09\/1-1-182x300.jpg 182w, https:\/\/www.iceireland.com\/wp-content\/uploads\/2019\/09\/1-1.jpg 424w\" sizes=\"(max-width: 212px) 100vw, 212px\" \/><\/a> <a href=\"https:\/\/www.iceireland.com\/wp-content\/uploads\/2019\/08\/English-Courses-and-Fees-2021.pdf\"><img loading=\"lazy\" decoding=\"async\" class=\"alignleft wp-image-5112\" style=\"margin-right: 25px;\" src=\"https:\/\/www.iceireland.com\/wp-content\/uploads\/2019\/09\/english-courses-dublin-182x300.jpg\" alt=\"\" width=\"212\" height=\"350\" srcset=\"https:\/\/www.iceireland.com\/wp-content\/uploads\/2019\/09\/english-courses-dublin-182x300.jpg 182w, https:\/\/www.iceireland.com\/wp-content\/uploads\/2019\/09\/english-courses-dublin.jpg 424w\" sizes=\"(max-width: 212px) 100vw, 212px\" \/><\/a> <a href=\"mailto:info@iceireland.com\"><img loading=\"lazy\" decoding=\"async\" class=\"alignleft wp-image-4832\" src=\"https:\/\/www.iceireland.com\/wp-content\/uploads\/2019\/08\/BOOK-NOW-e1567611851930.jpg\" alt=\"\" width=\"212\" height=\"300\"><\/a><\/p>\n<p>&nbsp;<\/p>\n<p>&nbsp;<\/p>\n<p>&nbsp;<\/p>\n<p>&nbsp;<\/p>\n<p>&nbsp;<\/p>\n","protected":false},"excerpt":{"rendered":"<p>Estudia ingl\u00e9s en Irlanda Nuestra sucursal de Malahide est\u00e1 a s\u00f3lo 20 minutos del centro de Dubl\u00edn y a 10 minutos del aeropuerto de Dubl\u00edn. El Irish College of English es muy c\u00f3modo y accesible tanto para aprender ingl\u00e9s como para disfrutar del tiempo en Dubl\u00edn. Dubl\u00edn es una de las capitales m\u00e1s amistosas del [&hellip;]<\/p>\n","protected":false},"author":1,"featured_media":0,"parent":0,"menu_order":0,"comment_status":"open","ping_status":"closed","template":"","meta":{"content-type":"","footnotes":""},"class_list":["post-31891","page","type-page","status-publish","hentry"],"yoast_head":"<!-- This site is optimized with the Yoast SEO plugin v27.3 - https:\/\/yoast.com\/product\/yoast-seo-wordpress\/ -->\n<title>Estudia ingl\u00e9s en Irlanda en el Irish College of English - Malahide, Dubl\u00edn<\/title>\n<meta name=\"description\" content=\"Un pa\u00eds acogedor y amistoso, conocido por su alto nivel en la ense\u00f1anza del ingl\u00e9s. Sum\u00e9rgete por completo en el ingl\u00e9s, elige Irlanda, el\u00edgenos a nosotros .\" \/>\n<meta name=\"robots\" content=\"index, follow, max-snippet:-1, max-image-preview:large, max-video-preview:-1\" \/>\n<link rel=\"canonical\" href=\"https:\/\/www.iceireland.com\/es\/study-english-in-ireland\/\" \/>\n<meta property=\"og:locale\" content=\"es_ES\" \/>\n<meta property=\"og:type\" content=\"article\" \/>\n<meta property=\"og:title\" content=\"Estudia ingl\u00e9s en Irlanda en el Irish College of English - Malahide, Dubl\u00edn\" \/>\n<meta property=\"og:description\" content=\"Un pa\u00eds acogedor y amistoso, conocido por su alto nivel en la ense\u00f1anza del ingl\u00e9s. Sum\u00e9rgete por completo en el ingl\u00e9s, elige Irlanda, el\u00edgenos a nosotros .\" \/>\n<meta property=\"og:url\" content=\"https:\/\/www.iceireland.com\/es\/study-english-in-ireland\/\" \/>\n<meta property=\"og:site_name\" content=\"Irish College of English\" \/>\n<meta property=\"og:image\" content=\"https:\/\/www.iceireland.com\/wp-content\/uploads\/2019\/09\/3-2.jpg\" \/>\n\t<meta property=\"og:image:width\" content=\"424\" \/>\n\t<meta property=\"og:image:height\" content=\"700\" \/>\n\t<meta property=\"og:image:type\" content=\"image\/jpeg\" \/>\n<meta name=\"twitter:label1\" content=\"Tiempo de lectura\" \/>\n\t<meta name=\"twitter:data1\" content=\"3 minutos\" \/>\n<script type=\"application\/ld+json\" class=\"yoast-schema-graph\">{\"@context\":\"https:\\\/\\\/schema.org\",\"@graph\":[{\"@type\":\"WebPage\",\"@id\":\"https:\\\/\\\/www.iceireland.com\\\/es\\\/study-english-in-ireland\\\/\",\"url\":\"https:\\\/\\\/www.iceireland.com\\\/es\\\/study-english-in-ireland\\\/\",\"name\":\"Estudia ingl\u00e9s en Irlanda en el Irish College of English - Malahide, Dubl\u00edn\",\"isPartOf\":{\"@id\":\"https:\\\/\\\/www.iceireland.com\\\/es\\\/#website\"},\"primaryImageOfPage\":{\"@id\":\"https:\\\/\\\/www.iceireland.com\\\/es\\\/study-english-in-ireland\\\/#primaryimage\"},\"image\":{\"@id\":\"https:\\\/\\\/www.iceireland.com\\\/es\\\/study-english-in-ireland\\\/#primaryimage\"},\"thumbnailUrl\":\"https:\\\/\\\/www.iceireland.com\\\/wp-content\\\/uploads\\\/2019\\\/09\\\/3-2-182x300.jpg\",\"datePublished\":\"2014-10-20T08:40:07+00:00\",\"description\":\"Un pa\u00eds acogedor y amistoso, conocido por su alto nivel en la ense\u00f1anza del ingl\u00e9s. Sum\u00e9rgete por completo en el ingl\u00e9s, elige Irlanda, el\u00edgenos a nosotros .\",\"breadcrumb\":{\"@id\":\"https:\\\/\\\/www.iceireland.com\\\/es\\\/study-english-in-ireland\\\/#breadcrumb\"},\"inLanguage\":\"es\",\"potentialAction\":[{\"@type\":\"ReadAction\",\"target\":[\"https:\\\/\\\/www.iceireland.com\\\/es\\\/study-english-in-ireland\\\/\"]}]},{\"@type\":\"ImageObject\",\"inLanguage\":\"es\",\"@id\":\"https:\\\/\\\/www.iceireland.com\\\/es\\\/study-english-in-ireland\\\/#primaryimage\",\"url\":\"https:\\\/\\\/www.iceireland.com\\\/wp-content\\\/uploads\\\/2019\\\/09\\\/3-2-182x300.jpg\",\"contentUrl\":\"https:\\\/\\\/www.iceireland.com\\\/wp-content\\\/uploads\\\/2019\\\/09\\\/3-2-182x300.jpg\"},{\"@type\":\"BreadcrumbList\",\"@id\":\"https:\\\/\\\/www.iceireland.com\\\/es\\\/study-english-in-ireland\\\/#breadcrumb\",\"itemListElement\":[{\"@type\":\"ListItem\",\"position\":1,\"name\":\"Home\",\"item\":\"https:\\\/\\\/www.iceireland.com\\\/es\\\/\"},{\"@type\":\"ListItem\",\"position\":2,\"name\":\"Estudia ingl\u00e9s en Irlanda\"}]},{\"@type\":\"WebSite\",\"@id\":\"https:\\\/\\\/www.iceireland.com\\\/es\\\/#website\",\"url\":\"https:\\\/\\\/www.iceireland.com\\\/es\\\/\",\"name\":\"Irish College of English\",\"description\":\"English School in Dublin, Malahide\",\"publisher\":{\"@id\":\"https:\\\/\\\/www.iceireland.com\\\/es\\\/#organization\"},\"potentialAction\":[{\"@type\":\"SearchAction\",\"target\":{\"@type\":\"EntryPoint\",\"urlTemplate\":\"https:\\\/\\\/www.iceireland.com\\\/es\\\/?s={search_term_string}\"},\"query-input\":{\"@type\":\"PropertyValueSpecification\",\"valueRequired\":true,\"valueName\":\"search_term_string\"}}],\"inLanguage\":\"es\"},{\"@type\":\"Organization\",\"@id\":\"https:\\\/\\\/www.iceireland.com\\\/es\\\/#organization\",\"name\":\"Irish College of English\",\"url\":\"https:\\\/\\\/www.iceireland.com\\\/es\\\/\",\"logo\":{\"@type\":\"ImageObject\",\"inLanguage\":\"es\",\"@id\":\"https:\\\/\\\/www.iceireland.com\\\/es\\\/#\\\/schema\\\/logo\\\/image\\\/\",\"url\":\"https:\\\/\\\/www.iceireland.com\\\/wp-content\\\/uploads\\\/2022\\\/03\\\/logo.png\",\"contentUrl\":\"https:\\\/\\\/www.iceireland.com\\\/wp-content\\\/uploads\\\/2022\\\/03\\\/logo.png\",\"width\":593,\"height\":92,\"caption\":\"Irish College of English\"},\"image\":{\"@id\":\"https:\\\/\\\/www.iceireland.com\\\/es\\\/#\\\/schema\\\/logo\\\/image\\\/\"}}]}<\/script>\n<!-- \/ Yoast SEO plugin. -->","yoast_head_json":{"title":"Estudia ingl\u00e9s en Irlanda en el Irish College of English - Malahide, Dubl\u00edn","description":"Un pa\u00eds acogedor y amistoso, conocido por su alto nivel en la ense\u00f1anza del ingl\u00e9s. Sum\u00e9rgete por completo en el ingl\u00e9s, elige Irlanda, el\u00edgenos a nosotros .","robots":{"index":"index","follow":"follow","max-snippet":"max-snippet:-1","max-image-preview":"max-image-preview:large","max-video-preview":"max-video-preview:-1"},"canonical":"https:\/\/www.iceireland.com\/es\/study-english-in-ireland\/","og_locale":"es_ES","og_type":"article","og_title":"Estudia ingl\u00e9s en Irlanda en el Irish College of English - Malahide, Dubl\u00edn","og_description":"Un pa\u00eds acogedor y amistoso, conocido por su alto nivel en la ense\u00f1anza del ingl\u00e9s. Sum\u00e9rgete por completo en el ingl\u00e9s, elige Irlanda, el\u00edgenos a nosotros .","og_url":"https:\/\/www.iceireland.com\/es\/study-english-in-ireland\/","og_site_name":"Irish College of English","og_image":[{"width":424,"height":700,"url":"https:\/\/www.iceireland.com\/wp-content\/uploads\/2019\/09\/3-2.jpg","type":"image\/jpeg"}],"twitter_misc":{"Tiempo de lectura":"3 minutos"},"schema":{"@context":"https:\/\/schema.org","@graph":[{"@type":"WebPage","@id":"https:\/\/www.iceireland.com\/es\/study-english-in-ireland\/","url":"https:\/\/www.iceireland.com\/es\/study-english-in-ireland\/","name":"Estudia ingl\u00e9s en Irlanda en el Irish College of English - Malahide, Dubl\u00edn","isPartOf":{"@id":"https:\/\/www.iceireland.com\/es\/#website"},"primaryImageOfPage":{"@id":"https:\/\/www.iceireland.com\/es\/study-english-in-ireland\/#primaryimage"},"image":{"@id":"https:\/\/www.iceireland.com\/es\/study-english-in-ireland\/#primaryimage"},"thumbnailUrl":"https:\/\/www.iceireland.com\/wp-content\/uploads\/2019\/09\/3-2-182x300.jpg","datePublished":"2014-10-20T08:40:07+00:00","description":"Un pa\u00eds acogedor y amistoso, conocido por su alto nivel en la ense\u00f1anza del ingl\u00e9s. Sum\u00e9rgete por completo en el ingl\u00e9s, elige Irlanda, el\u00edgenos a nosotros .","breadcrumb":{"@id":"https:\/\/www.iceireland.com\/es\/study-english-in-ireland\/#breadcrumb"},"inLanguage":"es","potentialAction":[{"@type":"ReadAction","target":["https:\/\/www.iceireland.com\/es\/study-english-in-ireland\/"]}]},{"@type":"ImageObject","inLanguage":"es","@id":"https:\/\/www.iceireland.com\/es\/study-english-in-ireland\/#primaryimage","url":"https:\/\/www.iceireland.com\/wp-content\/uploads\/2019\/09\/3-2-182x300.jpg","contentUrl":"https:\/\/www.iceireland.com\/wp-content\/uploads\/2019\/09\/3-2-182x300.jpg"},{"@type":"BreadcrumbList","@id":"https:\/\/www.iceireland.com\/es\/study-english-in-ireland\/#breadcrumb","itemListElement":[{"@type":"ListItem","position":1,"name":"Home","item":"https:\/\/www.iceireland.com\/es\/"},{"@type":"ListItem","position":2,"name":"Estudia ingl\u00e9s en Irlanda"}]},{"@type":"WebSite","@id":"https:\/\/www.iceireland.com\/es\/#website","url":"https:\/\/www.iceireland.com\/es\/","name":"Irish College of English","description":"English School in Dublin, Malahide","publisher":{"@id":"https:\/\/www.iceireland.com\/es\/#organization"},"potentialAction":[{"@type":"SearchAction","target":{"@type":"EntryPoint","urlTemplate":"https:\/\/www.iceireland.com\/es\/?s={search_term_string}"},"query-input":{"@type":"PropertyValueSpecification","valueRequired":true,"valueName":"search_term_string"}}],"inLanguage":"es"},{"@type":"Organization","@id":"https:\/\/www.iceireland.com\/es\/#organization","name":"Irish College of English","url":"https:\/\/www.iceireland.com\/es\/","logo":{"@type":"ImageObject","inLanguage":"es","@id":"https:\/\/www.iceireland.com\/es\/#\/schema\/logo\/image\/","url":"https:\/\/www.iceireland.com\/wp-content\/uploads\/2022\/03\/logo.png","contentUrl":"https:\/\/www.iceireland.com\/wp-content\/uploads\/2022\/03\/logo.png","width":593,"height":92,"caption":"Irish College of English"},"image":{"@id":"https:\/\/www.iceireland.com\/es\/#\/schema\/logo\/image\/"}}]}},"_links":{"self":[{"href":"https:\/\/www.iceireland.com\/es\/wp-json\/wp\/v2\/pages\/31891","targetHints":{"allow":["GET"]}}],"collection":[{"href":"https:\/\/www.iceireland.com\/es\/wp-json\/wp\/v2\/pages"}],"about":[{"href":"https:\/\/www.iceireland.com\/es\/wp-json\/wp\/v2\/types\/page"}],"author":[{"embeddable":true,"href":"https:\/\/www.iceireland.com\/es\/wp-json\/wp\/v2\/users\/1"}],"replies":[{"embeddable":true,"href":"https:\/\/www.iceireland.com\/es\/wp-json\/wp\/v2\/comments?post=31891"}],"version-history":[{"count":0,"href":"https:\/\/www.iceireland.com\/es\/wp-json\/wp\/v2\/pages\/31891\/revisions"}],"wp:attachment":[{"href":"https:\/\/www.iceireland.com\/es\/wp-json\/wp\/v2\/media?parent=31891"}],"curies":[{"name":"wp","href":"https:\/\/api.w.org\/{rel}","templated":true}]}}