{"id":31896,"date":"2014-10-20T08:44:14","date_gmt":"2014-10-20T08:44:14","guid":{"rendered":"https:\/\/www.iceireland.com\/homestay-ireland\/"},"modified":"2014-10-20T08:44:14","modified_gmt":"2014-10-20T08:44:14","slug":"homestay-ireland","status":"publish","type":"page","link":"https:\/\/www.iceireland.com\/es\/homestay-ireland\/","title":{"rendered":"Estancia en Familia Irlanda y Alojamiento Residencial"},"content":{"rendered":"<h2>Alojamiento en familia<\/h2>\n<blockquote>\n<h4><span style=\"color: #808080;\">Casas de familia acogedoras, amables y de calidad, todas ellas a poca distancia a <strong>pie o en autob\u00fas<\/strong> de nuestra escuela.<br \/>\n<\/span><\/h4>\n<h4><span style=\"color: #808080;\">Garantizamos s\u00f3lo una nacionalidad en cada estancia en familia , La mayor\u00eda de las estancias en familia acogen a 2-3 estudiantes<br \/>\n<\/span><\/h4>\n<h4><span style=\"color: #808080;\">Alojamiento para estudiantes adultos y j\u00f3venes en familias de acogida durante todo el a\u00f1o<br \/>\n<\/span><\/h4>\n<h4><span style=\"color: #808080;\">Coordinador de familias de acogida durante todo el a\u00f1o que garantice la calidad y el estatuto de la familia de acogida<\/span><\/h4>\n<\/blockquote>\n<p>&nbsp;<\/p>\n<p><strong>Estancias en Casa de Calidad con el Colegio Irland\u00e9s de Ingl\u00e9s<\/strong>. Familias de acogida irlandesas amables y acogedoras con habitaciones confortables a poca distancia de nuestras escuelas de ingl\u00e9s. <\/p>\n<p>El <strong>alojamiento en familia <\/strong>se organiza para los estudiantes que deseen vivir con una familia irlandesa para una<strong> estancia verdaderamente ling\u00fc\u00edstica en Irlanda<\/strong>. Los irlandeses tienen una tradici\u00f3n de hospitalidad y calidez. Esta tradici\u00f3n es conocida en todo el mundo y ha sido un factor importante para atraer a miles de estudiantes a estudiar ingl\u00e9s en Irlanda.  <\/p>\n<p>El <strong>alojamiento de calidad<\/strong> es un punto clave en el Irish College of English. Nuestras ubicaciones son excelentes<span style=\"color: #000000;\"> y Malahide es una<\/span> de las zonas m\u00e1s prestigiosas de Dubl\u00edn para vivir, lo que nos convierte en una opci\u00f3n ideal para el Alojamiento en Familia. S\u00f3lo utilizamos alojamientos con familias de acogida a poca distancia de nuestras escuelas, y como trabajamos todo el a\u00f1o, <strong>establecemos s\u00f3lidas relaciones con la comunidad<\/strong> y con todas nuestras familias de acogida.  <\/p>\n<p>Tenemos un miembro del personal a tiempo completo dedicado a visitar y garantizar la calidad de nuestras estancias en familias. <strong>El bienestar de los estudiantes es nuestra principal preocupaci\u00f3n<\/strong> y elegimos a nuestras familias con sumo cuidado para garantizar el m\u00e1ximo confort. Adem\u00e1s, contamos con una Carta de Estancias en Familia que establece claramente las normas y nuestras pol\u00edticas relativas a todas las estancias en familia. Los estudiantes pueden ser alojados con otros estudiantes internacionales, desarrollando as\u00ed nuevas amistades con j\u00f3venes de todo el mundo. Podemos garantizar a los estudiantes una excelente estancia con una familia de acogida y las opiniones de nuestros estudiantes as\u00ed lo atestiguan.   <\/p>\n<p>Se ofrece <strong>pensi\u00f3n completa <\/strong>con <strong>desayuno, comida para llevar y cena<\/strong>, haciendo hincapi\u00e9 en una dieta nutritiva. Los estudiantes se convierten en miembros de la familia durante su estancia y se integran en la vida familiar normal, socializando y comiendo con la familia. <\/p>\n<p>&nbsp;<\/p>\n<h3><span style=\"color: #808080;\"><strong><span style=\"color: #000000;\">Un hogar lejos de casa<\/span><\/strong><\/span><\/h3>\n<h4><strong>Un d\u00eda t\u00edpico con una familia de acogida de un Estudiante<\/strong><\/h4>\n<ul>\n<li><strong><span style=\"color: #808080;\">Los estudiantes son despertados por su madre de acogida, se duchan y desayunan.<\/span><\/strong><\/li>\n<li><strong><span style=\"color: #808080;\">Los alumnos reciben un almuerzo para llevar para todo el d\u00eda.<\/span><\/strong><\/li>\n<li><strong><span style=\"color: #808080;\">Los alumnos van andando a la escuela y vuelven a casa sobre las 6 de la tarde, despu\u00e9s de su programa de clases y actividades.<\/span><\/strong><\/li>\n<li><strong><span style=\"color: #808080;\">Al volver a casa, los estudiantes cenan con su familia de acogida y charlan sobre lo ocurrido ese d\u00eda.<\/span><\/strong><\/li>\n<li><strong><span style=\"color: #808080;\">Los estudiantes pueden pasar la tarde relaj\u00e1ndose y charlando con la familia o reunirse con amigos en la localidad.<\/span><\/strong><\/li>\n<li><strong><span style=\"color: #808080;\">Los juniors tienen un estricto toque de queda a las 21.30 h, que es cuando todos los alumnos deben estar en casa.<br \/>\n<\/span><\/strong><\/li>\n<li><strong><span style=\"color: #808080;\">Los j\u00f3venes y las familias tienen acceso las 24 horas a un n\u00famero de tel\u00e9fono de emergencia y siempre hay un miembro de nuestro equipo de guardia para ayudar.<\/span><\/strong><\/li>\n<\/ul>\n<p>&nbsp;<\/p>\n<p><a href=\"http:\/\/bit.ly\/30uWaD3\"><img fetchpriority=\"high\" decoding=\"async\" class=\"alignleft wp-image-5111\" style=\"margin-right: 25px;\" src=\"https:\/\/www.iceireland.com\/wp-content\/uploads\/2019\/09\/3-2-182x300.jpg\" alt=\"\" width=\"212\" height=\"350\" srcset=\"https:\/\/www.iceireland.com\/wp-content\/uploads\/2019\/09\/3-2-182x300.jpg 182w, https:\/\/www.iceireland.com\/wp-content\/uploads\/2019\/09\/3-2.jpg 424w\" sizes=\"(max-width: 212px) 100vw, 212px\" \/><\/a> <a href=\"http:\/\/bit.ly\/2kwaCet\"><img decoding=\"async\" class=\"alignleft wp-image-5110\" style=\"margin-right: 25px;\" src=\"https:\/\/www.iceireland.com\/wp-content\/uploads\/2019\/09\/junior-summer-camp-in-dublin-150x150.jpg\" alt=\"\" width=\"212\" height=\"350\"><\/a> <a href=\"http:\/\/bit.ly\/2P6BBvt\"><img decoding=\"async\" class=\"alignleft wp-image-5109\" style=\"margin-right: 25px;\" src=\"https:\/\/www.iceireland.com\/wp-content\/uploads\/2019\/09\/1-1-182x300.jpg\" alt=\"\" width=\"212\" height=\"350\" srcset=\"https:\/\/www.iceireland.com\/wp-content\/uploads\/2019\/09\/1-1-182x300.jpg 182w, https:\/\/www.iceireland.com\/wp-content\/uploads\/2019\/09\/1-1.jpg 424w\" sizes=\"(max-width: 212px) 100vw, 212px\" \/><\/a> <a href=\"https:\/\/www.iceireland.com\/wp-content\/uploads\/2019\/08\/English-Courses-and-Fees-2021.pdf\"><img loading=\"lazy\" decoding=\"async\" class=\"alignleft wp-image-5112\" style=\"margin-right: 25px;\" src=\"https:\/\/www.iceireland.com\/wp-content\/uploads\/2019\/09\/english-courses-dublin-182x300.jpg\" alt=\"\" width=\"212\" height=\"350\" srcset=\"https:\/\/www.iceireland.com\/wp-content\/uploads\/2019\/09\/english-courses-dublin-182x300.jpg 182w, https:\/\/www.iceireland.com\/wp-content\/uploads\/2019\/09\/english-courses-dublin.jpg 424w\" sizes=\"(max-width: 212px) 100vw, 212px\" \/><\/a> <a href=\"mailto:info@iceireland.com\"><img loading=\"lazy\" decoding=\"async\" class=\"alignleft wp-image-4832\" src=\"https:\/\/www.iceireland.com\/wp-content\/uploads\/2019\/08\/BOOK-NOW-e1567611851930.jpg\" alt=\"\" width=\"212\" height=\"300\"><\/a><\/p>\n<p>&nbsp;<\/p>\n<p>&nbsp;<\/p>\n<p>&nbsp;<\/p>\n<p>&nbsp;<\/p>\n<p>&nbsp;<\/p>\n","protected":false},"excerpt":{"rendered":"<p>Alojamiento en familia Casas de familia acogedoras, amables y de calidad, todas ellas a poca distancia a pie o en autob\u00fas de nuestra escuela. Garantizamos s\u00f3lo una nacionalidad en cada estancia en familia , La mayor\u00eda de las estancias en familia acogen a 2-3 estudiantes Alojamiento para estudiantes adultos y j\u00f3venes en familias de acogida [&hellip;]<\/p>\n","protected":false},"author":1,"featured_media":0,"parent":0,"menu_order":0,"comment_status":"open","ping_status":"closed","template":"","meta":{"content-type":"","footnotes":""},"class_list":["post-31896","page","type-page","status-publish","hentry"],"yoast_head":"<!-- This site is optimized with the Yoast SEO plugin v27.3 - https:\/\/yoast.com\/product\/yoast-seo-wordpress\/ -->\n<title>Casa de familia en Irlanda - Cursos de ingl\u00e9s con alojamiento<\/title>\n<meta name=\"description\" content=\"Haz un curso de ingl\u00e9s en el Irish College of English y disfruta de un alojamiento en familia irlandesa acogedor y agradable, todo ello a poca distancia a pie o en autob\u00fas.\" \/>\n<meta name=\"robots\" content=\"index, follow, max-snippet:-1, max-image-preview:large, max-video-preview:-1\" \/>\n<link rel=\"canonical\" href=\"https:\/\/www.iceireland.com\/es\/homestay-ireland\/\" \/>\n<meta property=\"og:locale\" content=\"es_ES\" \/>\n<meta property=\"og:type\" content=\"article\" \/>\n<meta property=\"og:title\" content=\"Casa de familia en Irlanda - Cursos de ingl\u00e9s con alojamiento\" \/>\n<meta property=\"og:description\" content=\"Haz un curso de ingl\u00e9s en el Irish College of English y disfruta de un alojamiento en familia irlandesa acogedor y agradable, todo ello a poca distancia a pie o en autob\u00fas.\" \/>\n<meta property=\"og:url\" content=\"https:\/\/www.iceireland.com\/es\/homestay-ireland\/\" \/>\n<meta property=\"og:site_name\" content=\"Irish College of English\" \/>\n<meta property=\"og:image\" content=\"https:\/\/www.iceireland.com\/wp-content\/uploads\/2019\/09\/3-2.jpg\" \/>\n\t<meta property=\"og:image:width\" content=\"424\" \/>\n\t<meta property=\"og:image:height\" content=\"700\" \/>\n\t<meta property=\"og:image:type\" content=\"image\/jpeg\" \/>\n<meta name=\"twitter:label1\" content=\"Tiempo de lectura\" \/>\n\t<meta name=\"twitter:data1\" content=\"3 minutos\" \/>\n<script type=\"application\/ld+json\" class=\"yoast-schema-graph\">{\"@context\":\"https:\\\/\\\/schema.org\",\"@graph\":[{\"@type\":\"WebPage\",\"@id\":\"https:\\\/\\\/www.iceireland.com\\\/es\\\/homestay-ireland\\\/\",\"url\":\"https:\\\/\\\/www.iceireland.com\\\/es\\\/homestay-ireland\\\/\",\"name\":\"Casa de familia en Irlanda - Cursos de ingl\u00e9s con alojamiento\",\"isPartOf\":{\"@id\":\"https:\\\/\\\/www.iceireland.com\\\/es\\\/#website\"},\"primaryImageOfPage\":{\"@id\":\"https:\\\/\\\/www.iceireland.com\\\/es\\\/homestay-ireland\\\/#primaryimage\"},\"image\":{\"@id\":\"https:\\\/\\\/www.iceireland.com\\\/es\\\/homestay-ireland\\\/#primaryimage\"},\"thumbnailUrl\":\"https:\\\/\\\/www.iceireland.com\\\/wp-content\\\/uploads\\\/2019\\\/09\\\/3-2-182x300.jpg\",\"datePublished\":\"2014-10-20T08:44:14+00:00\",\"description\":\"Haz un curso de ingl\u00e9s en el Irish College of English y disfruta de un alojamiento en familia irlandesa acogedor y agradable, todo ello a poca distancia a pie o en autob\u00fas.\",\"breadcrumb\":{\"@id\":\"https:\\\/\\\/www.iceireland.com\\\/es\\\/homestay-ireland\\\/#breadcrumb\"},\"inLanguage\":\"es\",\"potentialAction\":[{\"@type\":\"ReadAction\",\"target\":[\"https:\\\/\\\/www.iceireland.com\\\/es\\\/homestay-ireland\\\/\"]}]},{\"@type\":\"ImageObject\",\"inLanguage\":\"es\",\"@id\":\"https:\\\/\\\/www.iceireland.com\\\/es\\\/homestay-ireland\\\/#primaryimage\",\"url\":\"https:\\\/\\\/www.iceireland.com\\\/wp-content\\\/uploads\\\/2019\\\/09\\\/3-2-182x300.jpg\",\"contentUrl\":\"https:\\\/\\\/www.iceireland.com\\\/wp-content\\\/uploads\\\/2019\\\/09\\\/3-2-182x300.jpg\"},{\"@type\":\"BreadcrumbList\",\"@id\":\"https:\\\/\\\/www.iceireland.com\\\/es\\\/homestay-ireland\\\/#breadcrumb\",\"itemListElement\":[{\"@type\":\"ListItem\",\"position\":1,\"name\":\"Home\",\"item\":\"https:\\\/\\\/www.iceireland.com\\\/es\\\/\"},{\"@type\":\"ListItem\",\"position\":2,\"name\":\"Estancia en Familia Irlanda y Alojamiento Residencial\"}]},{\"@type\":\"WebSite\",\"@id\":\"https:\\\/\\\/www.iceireland.com\\\/es\\\/#website\",\"url\":\"https:\\\/\\\/www.iceireland.com\\\/es\\\/\",\"name\":\"Irish College of English\",\"description\":\"English School in Dublin, Malahide\",\"publisher\":{\"@id\":\"https:\\\/\\\/www.iceireland.com\\\/es\\\/#organization\"},\"potentialAction\":[{\"@type\":\"SearchAction\",\"target\":{\"@type\":\"EntryPoint\",\"urlTemplate\":\"https:\\\/\\\/www.iceireland.com\\\/es\\\/?s={search_term_string}\"},\"query-input\":{\"@type\":\"PropertyValueSpecification\",\"valueRequired\":true,\"valueName\":\"search_term_string\"}}],\"inLanguage\":\"es\"},{\"@type\":\"Organization\",\"@id\":\"https:\\\/\\\/www.iceireland.com\\\/es\\\/#organization\",\"name\":\"Irish College of English\",\"url\":\"https:\\\/\\\/www.iceireland.com\\\/es\\\/\",\"logo\":{\"@type\":\"ImageObject\",\"inLanguage\":\"es\",\"@id\":\"https:\\\/\\\/www.iceireland.com\\\/es\\\/#\\\/schema\\\/logo\\\/image\\\/\",\"url\":\"https:\\\/\\\/www.iceireland.com\\\/wp-content\\\/uploads\\\/2022\\\/03\\\/logo.png\",\"contentUrl\":\"https:\\\/\\\/www.iceireland.com\\\/wp-content\\\/uploads\\\/2022\\\/03\\\/logo.png\",\"width\":593,\"height\":92,\"caption\":\"Irish College of English\"},\"image\":{\"@id\":\"https:\\\/\\\/www.iceireland.com\\\/es\\\/#\\\/schema\\\/logo\\\/image\\\/\"}}]}<\/script>\n<!-- \/ Yoast SEO plugin. -->","yoast_head_json":{"title":"Casa de familia en Irlanda - Cursos de ingl\u00e9s con alojamiento","description":"Haz un curso de ingl\u00e9s en el Irish College of English y disfruta de un alojamiento en familia irlandesa acogedor y agradable, todo ello a poca distancia a pie o en autob\u00fas.","robots":{"index":"index","follow":"follow","max-snippet":"max-snippet:-1","max-image-preview":"max-image-preview:large","max-video-preview":"max-video-preview:-1"},"canonical":"https:\/\/www.iceireland.com\/es\/homestay-ireland\/","og_locale":"es_ES","og_type":"article","og_title":"Casa de familia en Irlanda - Cursos de ingl\u00e9s con alojamiento","og_description":"Haz un curso de ingl\u00e9s en el Irish College of English y disfruta de un alojamiento en familia irlandesa acogedor y agradable, todo ello a poca distancia a pie o en autob\u00fas.","og_url":"https:\/\/www.iceireland.com\/es\/homestay-ireland\/","og_site_name":"Irish College of English","og_image":[{"width":424,"height":700,"url":"https:\/\/www.iceireland.com\/wp-content\/uploads\/2019\/09\/3-2.jpg","type":"image\/jpeg"}],"twitter_misc":{"Tiempo de lectura":"3 minutos"},"schema":{"@context":"https:\/\/schema.org","@graph":[{"@type":"WebPage","@id":"https:\/\/www.iceireland.com\/es\/homestay-ireland\/","url":"https:\/\/www.iceireland.com\/es\/homestay-ireland\/","name":"Casa de familia en Irlanda - Cursos de ingl\u00e9s con alojamiento","isPartOf":{"@id":"https:\/\/www.iceireland.com\/es\/#website"},"primaryImageOfPage":{"@id":"https:\/\/www.iceireland.com\/es\/homestay-ireland\/#primaryimage"},"image":{"@id":"https:\/\/www.iceireland.com\/es\/homestay-ireland\/#primaryimage"},"thumbnailUrl":"https:\/\/www.iceireland.com\/wp-content\/uploads\/2019\/09\/3-2-182x300.jpg","datePublished":"2014-10-20T08:44:14+00:00","description":"Haz un curso de ingl\u00e9s en el Irish College of English y disfruta de un alojamiento en familia irlandesa acogedor y agradable, todo ello a poca distancia a pie o en autob\u00fas.","breadcrumb":{"@id":"https:\/\/www.iceireland.com\/es\/homestay-ireland\/#breadcrumb"},"inLanguage":"es","potentialAction":[{"@type":"ReadAction","target":["https:\/\/www.iceireland.com\/es\/homestay-ireland\/"]}]},{"@type":"ImageObject","inLanguage":"es","@id":"https:\/\/www.iceireland.com\/es\/homestay-ireland\/#primaryimage","url":"https:\/\/www.iceireland.com\/wp-content\/uploads\/2019\/09\/3-2-182x300.jpg","contentUrl":"https:\/\/www.iceireland.com\/wp-content\/uploads\/2019\/09\/3-2-182x300.jpg"},{"@type":"BreadcrumbList","@id":"https:\/\/www.iceireland.com\/es\/homestay-ireland\/#breadcrumb","itemListElement":[{"@type":"ListItem","position":1,"name":"Home","item":"https:\/\/www.iceireland.com\/es\/"},{"@type":"ListItem","position":2,"name":"Estancia en Familia Irlanda y Alojamiento Residencial"}]},{"@type":"WebSite","@id":"https:\/\/www.iceireland.com\/es\/#website","url":"https:\/\/www.iceireland.com\/es\/","name":"Irish College of English","description":"English School in Dublin, Malahide","publisher":{"@id":"https:\/\/www.iceireland.com\/es\/#organization"},"potentialAction":[{"@type":"SearchAction","target":{"@type":"EntryPoint","urlTemplate":"https:\/\/www.iceireland.com\/es\/?s={search_term_string}"},"query-input":{"@type":"PropertyValueSpecification","valueRequired":true,"valueName":"search_term_string"}}],"inLanguage":"es"},{"@type":"Organization","@id":"https:\/\/www.iceireland.com\/es\/#organization","name":"Irish College of English","url":"https:\/\/www.iceireland.com\/es\/","logo":{"@type":"ImageObject","inLanguage":"es","@id":"https:\/\/www.iceireland.com\/es\/#\/schema\/logo\/image\/","url":"https:\/\/www.iceireland.com\/wp-content\/uploads\/2022\/03\/logo.png","contentUrl":"https:\/\/www.iceireland.com\/wp-content\/uploads\/2022\/03\/logo.png","width":593,"height":92,"caption":"Irish College of English"},"image":{"@id":"https:\/\/www.iceireland.com\/es\/#\/schema\/logo\/image\/"}}]}},"_links":{"self":[{"href":"https:\/\/www.iceireland.com\/es\/wp-json\/wp\/v2\/pages\/31896","targetHints":{"allow":["GET"]}}],"collection":[{"href":"https:\/\/www.iceireland.com\/es\/wp-json\/wp\/v2\/pages"}],"about":[{"href":"https:\/\/www.iceireland.com\/es\/wp-json\/wp\/v2\/types\/page"}],"author":[{"embeddable":true,"href":"https:\/\/www.iceireland.com\/es\/wp-json\/wp\/v2\/users\/1"}],"replies":[{"embeddable":true,"href":"https:\/\/www.iceireland.com\/es\/wp-json\/wp\/v2\/comments?post=31896"}],"version-history":[{"count":0,"href":"https:\/\/www.iceireland.com\/es\/wp-json\/wp\/v2\/pages\/31896\/revisions"}],"wp:attachment":[{"href":"https:\/\/www.iceireland.com\/es\/wp-json\/wp\/v2\/media?parent=31896"}],"curies":[{"name":"wp","href":"https:\/\/api.w.org\/{rel}","templated":true}]}}