{"id":31930,"date":"2014-10-20T13:40:15","date_gmt":"2014-10-20T13:40:15","guid":{"rendered":"https:\/\/www.iceireland.com\/useful-info\/cultural-and-social-programmes\/"},"modified":"2014-10-20T13:40:15","modified_gmt":"2014-10-20T13:40:15","slug":"cultural-and-social-programmes","status":"publish","type":"page","link":"https:\/\/www.iceireland.com\/es\/useful-info\/cultural-and-social-programmes\/","title":{"rendered":"Actividades y Eventos para Adultos, Programas Culturales y Sociales"},"content":{"rendered":"<h3>Programas Culturales y Sociales<\/h3>\n<p>En el Irish College of English promovemos que los estudiantes tengan una vida social activa, que se mezclen con estudiantes de todas las nacionalidades y con irlandeses y que tengan la oportunidad de conocer algunos de los lugares culturales, hist\u00f3ricos y de belleza natural m\u00e1s famosos de Irlanda.<\/p>\n<p>En la escuela organizamos clases de conversaci\u00f3n gratuitas, visitas a la ciudad un d\u00eda a la semana, salidas a bares o fiestas en la escuela.<\/p>\n<p>Las visitas\/viajes que organizamos regularmente y en los que pueden participar los estudiantes son gratuitos, o los estudiantes s\u00f3lo pagan la entrada. Entre ellas se incluyen la orientaci\u00f3n por el centro de Dubl\u00edn, visitas a atracciones tur\u00edsticas como el Trinity College, la Guinness Storehouse, viajes en autocar los s\u00e1bados fuera de Dubl\u00edn, etc. <\/p>\n<p>Tambi\u00e9n tenemos un tabl\u00f3n de anuncios con eventos interesantes que se celebran en todo el pa\u00eds, ideas para viajes de fin de semana, etc.<\/p>\n<p>Nuestro personal est\u00e1 siempre dispuesto a ayudar a los estudiantes a organizar visitas, etc. S\u00edguenos en las redes sociales para estar al d\u00eda de las noticias y actividades sociales. <\/p>\n<h3>Programa social para adultos<\/h3>\n<p>En el Irish College of English, los estudiantes disfrutan de una animada vida social. Con tres pubs a dos minutos a pie de la escuela, \u00a1no es dif\u00edcil! El centro de Dubl\u00edn est\u00e1 a s\u00f3lo 20 minutos en tren, por lo que es f\u00e1cil disfrutar de grandes noches en la gran ciudad.  <\/p>\n<p>La escuela goza de un ambiente agradable y siempre es f\u00e1cil hacer nuevos amigos. Aunque no tenemos un programa social organizado, la escuela tiene un tabl\u00f3n de anuncios de viajes y actividades sociales con eventos e ideas. <\/p>\n<p>Durante los meses de verano, ofrecemos excursiones semanales los s\u00e1bados a estudiantes adultos. Los viajes incluyen Kilkenny, Glendalough y Belfast. <\/p>\n","protected":false},"excerpt":{"rendered":"<p>Programas Culturales y Sociales En el Irish College of English promovemos que los estudiantes tengan una vida social activa, que se mezclen con estudiantes de todas las nacionalidades y con irlandeses y que tengan la oportunidad de conocer algunos de los lugares culturales, hist\u00f3ricos y de belleza natural m\u00e1s famosos de Irlanda. En la escuela [&hellip;]<\/p>\n","protected":false},"author":1,"featured_media":0,"parent":31917,"menu_order":0,"comment_status":"open","ping_status":"open","template":"","meta":{"content-type":"","footnotes":""},"class_list":["post-31930","page","type-page","status-publish","hentry"],"yoast_head":"<!-- This site is optimized with the Yoast SEO plugin v27.3 - https:\/\/yoast.com\/product\/yoast-seo-wordpress\/ -->\n<title>Actividades y Eventos para Adultos, Programas Culturales y Sociales - Irish College of English<\/title>\n<meta name=\"description\" content=\"En el Irish College of English promovemos que los estudiantes tengan una vida social activa, que se mezclen con estudiantes de todas las nacionalidades y con irlandeses y que tengan la oportunidad de conocer parte de Irlanda.\" \/>\n<meta name=\"robots\" content=\"index, follow, max-snippet:-1, max-image-preview:large, max-video-preview:-1\" \/>\n<link rel=\"canonical\" href=\"https:\/\/www.iceireland.com\/es\/useful-info\/cultural-and-social-programmes\/\" \/>\n<meta property=\"og:locale\" content=\"es_ES\" \/>\n<meta property=\"og:type\" content=\"article\" \/>\n<meta property=\"og:title\" content=\"Actividades y Eventos para Adultos, Programas Culturales y Sociales - Irish College of English\" \/>\n<meta property=\"og:description\" content=\"En el Irish College of English promovemos que los estudiantes tengan una vida social activa, que se mezclen con estudiantes de todas las nacionalidades y con irlandeses y que tengan la oportunidad de conocer parte de Irlanda.\" \/>\n<meta property=\"og:url\" content=\"https:\/\/www.iceireland.com\/es\/useful-info\/cultural-and-social-programmes\/\" \/>\n<meta property=\"og:site_name\" content=\"Irish College of English\" \/>\n<meta name=\"twitter:label1\" content=\"Tiempo de lectura\" \/>\n\t<meta name=\"twitter:data1\" content=\"2 minutos\" \/>\n<script type=\"application\/ld+json\" class=\"yoast-schema-graph\">{\"@context\":\"https:\\\/\\\/schema.org\",\"@graph\":[{\"@type\":\"WebPage\",\"@id\":\"https:\\\/\\\/www.iceireland.com\\\/es\\\/useful-info\\\/cultural-and-social-programmes\\\/\",\"url\":\"https:\\\/\\\/www.iceireland.com\\\/es\\\/useful-info\\\/cultural-and-social-programmes\\\/\",\"name\":\"Actividades y Eventos para Adultos, Programas Culturales y Sociales - Irish College of English\",\"isPartOf\":{\"@id\":\"https:\\\/\\\/www.iceireland.com\\\/es\\\/#website\"},\"datePublished\":\"2014-10-20T13:40:15+00:00\",\"description\":\"En el Irish College of English promovemos que los estudiantes tengan una vida social activa, que se mezclen con estudiantes de todas las nacionalidades y con irlandeses y que tengan la oportunidad de conocer parte de Irlanda.\",\"breadcrumb\":{\"@id\":\"https:\\\/\\\/www.iceireland.com\\\/es\\\/useful-info\\\/cultural-and-social-programmes\\\/#breadcrumb\"},\"inLanguage\":\"es\",\"potentialAction\":[{\"@type\":\"ReadAction\",\"target\":[\"https:\\\/\\\/www.iceireland.com\\\/es\\\/useful-info\\\/cultural-and-social-programmes\\\/\"]}]},{\"@type\":\"BreadcrumbList\",\"@id\":\"https:\\\/\\\/www.iceireland.com\\\/es\\\/useful-info\\\/cultural-and-social-programmes\\\/#breadcrumb\",\"itemListElement\":[{\"@type\":\"ListItem\",\"position\":1,\"name\":\"Home\",\"item\":\"https:\\\/\\\/www.iceireland.com\\\/es\\\/\"},{\"@type\":\"ListItem\",\"position\":2,\"name\":\"Informaci\u00f3n \u00fatil\",\"item\":\"https:\\\/\\\/www.iceireland.com\\\/es\\\/useful-info\\\/\"},{\"@type\":\"ListItem\",\"position\":3,\"name\":\"Actividades y Eventos para Adultos, Programas Culturales y Sociales\"}]},{\"@type\":\"WebSite\",\"@id\":\"https:\\\/\\\/www.iceireland.com\\\/es\\\/#website\",\"url\":\"https:\\\/\\\/www.iceireland.com\\\/es\\\/\",\"name\":\"Irish College of English\",\"description\":\"English School in Dublin, Malahide\",\"publisher\":{\"@id\":\"https:\\\/\\\/www.iceireland.com\\\/es\\\/#organization\"},\"potentialAction\":[{\"@type\":\"SearchAction\",\"target\":{\"@type\":\"EntryPoint\",\"urlTemplate\":\"https:\\\/\\\/www.iceireland.com\\\/es\\\/?s={search_term_string}\"},\"query-input\":{\"@type\":\"PropertyValueSpecification\",\"valueRequired\":true,\"valueName\":\"search_term_string\"}}],\"inLanguage\":\"es\"},{\"@type\":\"Organization\",\"@id\":\"https:\\\/\\\/www.iceireland.com\\\/es\\\/#organization\",\"name\":\"Irish College of English\",\"url\":\"https:\\\/\\\/www.iceireland.com\\\/es\\\/\",\"logo\":{\"@type\":\"ImageObject\",\"inLanguage\":\"es\",\"@id\":\"https:\\\/\\\/www.iceireland.com\\\/es\\\/#\\\/schema\\\/logo\\\/image\\\/\",\"url\":\"https:\\\/\\\/www.iceireland.com\\\/wp-content\\\/uploads\\\/2022\\\/03\\\/logo.png\",\"contentUrl\":\"https:\\\/\\\/www.iceireland.com\\\/wp-content\\\/uploads\\\/2022\\\/03\\\/logo.png\",\"width\":593,\"height\":92,\"caption\":\"Irish College of English\"},\"image\":{\"@id\":\"https:\\\/\\\/www.iceireland.com\\\/es\\\/#\\\/schema\\\/logo\\\/image\\\/\"}}]}<\/script>\n<!-- \/ Yoast SEO plugin. -->","yoast_head_json":{"title":"Actividades y Eventos para Adultos, Programas Culturales y Sociales - Irish College of English","description":"En el Irish College of English promovemos que los estudiantes tengan una vida social activa, que se mezclen con estudiantes de todas las nacionalidades y con irlandeses y que tengan la oportunidad de conocer parte de Irlanda.","robots":{"index":"index","follow":"follow","max-snippet":"max-snippet:-1","max-image-preview":"max-image-preview:large","max-video-preview":"max-video-preview:-1"},"canonical":"https:\/\/www.iceireland.com\/es\/useful-info\/cultural-and-social-programmes\/","og_locale":"es_ES","og_type":"article","og_title":"Actividades y Eventos para Adultos, Programas Culturales y Sociales - Irish College of English","og_description":"En el Irish College of English promovemos que los estudiantes tengan una vida social activa, que se mezclen con estudiantes de todas las nacionalidades y con irlandeses y que tengan la oportunidad de conocer parte de Irlanda.","og_url":"https:\/\/www.iceireland.com\/es\/useful-info\/cultural-and-social-programmes\/","og_site_name":"Irish College of English","twitter_misc":{"Tiempo de lectura":"2 minutos"},"schema":{"@context":"https:\/\/schema.org","@graph":[{"@type":"WebPage","@id":"https:\/\/www.iceireland.com\/es\/useful-info\/cultural-and-social-programmes\/","url":"https:\/\/www.iceireland.com\/es\/useful-info\/cultural-and-social-programmes\/","name":"Actividades y Eventos para Adultos, Programas Culturales y Sociales - Irish College of English","isPartOf":{"@id":"https:\/\/www.iceireland.com\/es\/#website"},"datePublished":"2014-10-20T13:40:15+00:00","description":"En el Irish College of English promovemos que los estudiantes tengan una vida social activa, que se mezclen con estudiantes de todas las nacionalidades y con irlandeses y que tengan la oportunidad de conocer parte de Irlanda.","breadcrumb":{"@id":"https:\/\/www.iceireland.com\/es\/useful-info\/cultural-and-social-programmes\/#breadcrumb"},"inLanguage":"es","potentialAction":[{"@type":"ReadAction","target":["https:\/\/www.iceireland.com\/es\/useful-info\/cultural-and-social-programmes\/"]}]},{"@type":"BreadcrumbList","@id":"https:\/\/www.iceireland.com\/es\/useful-info\/cultural-and-social-programmes\/#breadcrumb","itemListElement":[{"@type":"ListItem","position":1,"name":"Home","item":"https:\/\/www.iceireland.com\/es\/"},{"@type":"ListItem","position":2,"name":"Informaci\u00f3n \u00fatil","item":"https:\/\/www.iceireland.com\/es\/useful-info\/"},{"@type":"ListItem","position":3,"name":"Actividades y Eventos para Adultos, Programas Culturales y Sociales"}]},{"@type":"WebSite","@id":"https:\/\/www.iceireland.com\/es\/#website","url":"https:\/\/www.iceireland.com\/es\/","name":"Irish College of English","description":"English School in Dublin, Malahide","publisher":{"@id":"https:\/\/www.iceireland.com\/es\/#organization"},"potentialAction":[{"@type":"SearchAction","target":{"@type":"EntryPoint","urlTemplate":"https:\/\/www.iceireland.com\/es\/?s={search_term_string}"},"query-input":{"@type":"PropertyValueSpecification","valueRequired":true,"valueName":"search_term_string"}}],"inLanguage":"es"},{"@type":"Organization","@id":"https:\/\/www.iceireland.com\/es\/#organization","name":"Irish College of English","url":"https:\/\/www.iceireland.com\/es\/","logo":{"@type":"ImageObject","inLanguage":"es","@id":"https:\/\/www.iceireland.com\/es\/#\/schema\/logo\/image\/","url":"https:\/\/www.iceireland.com\/wp-content\/uploads\/2022\/03\/logo.png","contentUrl":"https:\/\/www.iceireland.com\/wp-content\/uploads\/2022\/03\/logo.png","width":593,"height":92,"caption":"Irish College of English"},"image":{"@id":"https:\/\/www.iceireland.com\/es\/#\/schema\/logo\/image\/"}}]}},"_links":{"self":[{"href":"https:\/\/www.iceireland.com\/es\/wp-json\/wp\/v2\/pages\/31930","targetHints":{"allow":["GET"]}}],"collection":[{"href":"https:\/\/www.iceireland.com\/es\/wp-json\/wp\/v2\/pages"}],"about":[{"href":"https:\/\/www.iceireland.com\/es\/wp-json\/wp\/v2\/types\/page"}],"author":[{"embeddable":true,"href":"https:\/\/www.iceireland.com\/es\/wp-json\/wp\/v2\/users\/1"}],"replies":[{"embeddable":true,"href":"https:\/\/www.iceireland.com\/es\/wp-json\/wp\/v2\/comments?post=31930"}],"version-history":[{"count":0,"href":"https:\/\/www.iceireland.com\/es\/wp-json\/wp\/v2\/pages\/31930\/revisions"}],"up":[{"embeddable":true,"href":"https:\/\/www.iceireland.com\/es\/wp-json\/wp\/v2\/pages\/31917"}],"wp:attachment":[{"href":"https:\/\/www.iceireland.com\/es\/wp-json\/wp\/v2\/media?parent=31930"}],"curies":[{"name":"wp","href":"https:\/\/api.w.org\/{rel}","templated":true}]}}