{"id":32061,"date":"2020-02-11T15:56:52","date_gmt":"2020-02-11T15:56:52","guid":{"rendered":"https:\/\/www.iceireland.com\/terms-and-conditions\/"},"modified":"2026-01-30T16:24:53","modified_gmt":"2026-01-30T16:24:53","slug":"terms-and-conditions","status":"publish","type":"page","link":"https:\/\/www.iceireland.com\/es\/terms-and-conditions\/","title":{"rendered":"T\u00e9rminos y Condiciones"},"content":{"rendered":"\t\t<div data-elementor-type=\"wp-page\" data-elementor-id=\"32061\" class=\"elementor elementor-32061 elementor-6985\" data-elementor-post-type=\"page\">\n\t\t\t\t\t\t<section class=\"elementor-section elementor-top-section elementor-element elementor-element-3c0a1b6 elementor-section-boxed elementor-section-height-default elementor-section-height-default\" data-id=\"3c0a1b6\" data-element_type=\"section\" data-e-type=\"section\">\n\t\t\t\t\t\t<div class=\"elementor-container elementor-column-gap-default\">\n\t\t\t\t\t<div class=\"elementor-column elementor-col-100 elementor-top-column elementor-element elementor-element-3cd70ad\" data-id=\"3cd70ad\" data-element_type=\"column\" data-e-type=\"column\">\n\t\t\t<div class=\"elementor-widget-wrap elementor-element-populated\">\n\t\t\t\t\t\t<div class=\"elementor-element elementor-element-8110a42 elementor-widget elementor-widget-text-editor\" data-id=\"8110a42\" data-element_type=\"widget\" data-e-type=\"widget\" data-widget_type=\"text-editor.default\">\n\t\t\t\t<div class=\"elementor-widget-container\">\n\t\t\t\t\t\t\t\t\t<h1>Condiciones generales<\/h1>\t\t\t\t\t\t\t\t<\/div>\n\t\t\t\t<\/div>\n\t\t\t\t\t<\/div>\n\t\t<\/div>\n\t\t\t\t\t<\/div>\n\t\t<\/section>\n\t\t\t\t<section class=\"elementor-section elementor-top-section elementor-element elementor-element-73497784 elementor-section-boxed elementor-section-height-default elementor-section-height-default\" data-id=\"73497784\" data-element_type=\"section\" data-e-type=\"section\">\n\t\t\t\t\t\t<div class=\"elementor-container elementor-column-gap-default\">\n\t\t\t\t\t<div class=\"elementor-column elementor-col-100 elementor-top-column elementor-element elementor-element-66b1651e\" data-id=\"66b1651e\" data-element_type=\"column\" data-e-type=\"column\">\n\t\t\t<div class=\"elementor-widget-wrap elementor-element-populated\">\n\t\t\t\t\t\t<div class=\"elementor-element elementor-element-24b70953 elementor-widget elementor-widget-text-editor\" data-id=\"24b70953\" data-element_type=\"widget\" data-e-type=\"widget\" data-widget_type=\"text-editor.default\">\n\t\t\t\t<div class=\"elementor-widget-container\">\n\t\t\t\t\t\t\t\t\t<ol><li>Pol\u00edtica de cancelaciones y reembolsos: Nuestra \u00abGarant\u00eda de reserva con confianza\u00bb est\u00e1 dise\u00f1ada para ofrecer flexibilidad y, al mismo tiempo, garantizar que podamos prestar el mejor servicio a todos los estudiantes. Recomendamos encarecidamente que los estudiantes\/padres\/tutores\/organizadores de grupos contraten un seguro de viaje para protegerse contra cambios inesperados en sus planes de viaje. <\/li><\/ol><p> <\/p><ul><li>Anulaci\u00f3n 7 d\u00edas o m\u00e1s antes de la llegada &#8211; Reembolso \u00edntegro<\/li><li>Anulaci\u00f3n de 3 a 6 d\u00edas antes de la llegada &#8211; devoluci\u00f3n del 50% del importe total de la reserva<\/li><li>Cancelaci\u00f3n 1 &#8211; 2 d\u00edas antes de la llegada &#8211; Sin reembolso<\/li><\/ul><p>         <\/p><p>  Notas importantes:<\/p><p>  Todas las cancelaciones deben hacerse por escrito a <a href=\"mailto:info@iceireland.com\">info@iceireland.com<\/a> y ser reconocidas por el Colegio.<\/p><ul><li>Los reembolsos se procesar\u00e1n en un plazo de 7 a 10 d\u00edas laborables a partir de la confirmaci\u00f3n de la cancelaci\u00f3n.<\/li><li>No se reembolsar\u00e1n las faltas de asistencia ni las salidas anticipadas de los cursos.<\/li><li>La \u00abllegada\u00bb a efectos de nuestra pol\u00edtica de devoluciones es a las 10 de la ma\u00f1ana del d\u00eda de llegada, independientemente de la hora de llegada real.<\/li><\/ul><p> <\/p><ol start=\"2\"><li>Admisiones: Nuestro proceso de admisi\u00f3n est\u00e1 dise\u00f1ado para ser integrador y transparente, y se adhiere a criterios claros tanto para los alumnos principiantes como para los adultos, garantizando la igualdad de oportunidades para todos los solicitantes. La informaci\u00f3n sobre nuestros programas y procedimientos de admisi\u00f3n se comunica con claridad y se pone a disposici\u00f3n de los futuros alumnos, garantizando la transparencia y la accesibilidad. <\/li><\/ol><ul><li>La informaci\u00f3n sobre nuestros cursos est\u00e1 disponible en nuestro sitio web y tambi\u00e9n a trav\u00e9s de nuestro equipo de inscripciones.<\/li><li>Los estudiantes\/padres\/tutores u organizadores de grupos pueden solicitarlo en l\u00ednea a trav\u00e9s de nuestro sistema de reservas o del formulario de solicitud de grupos<\/li><li>Tambi\u00e9n aceptamos consultas directas y contacto por correo electr\u00f3nico o tel\u00e9fono o en persona en nuestra escuela de Malahide<\/li><li>Proporcionamos amplia informaci\u00f3n previa a la reserva, incluidos folletos, formularios de reserva e informaci\u00f3n adicional.<\/li><li>Apoyo a alumnos diversos: Nos comprometemos a proporcionar adaptaciones razonables y servicios de apoyo a los alumnos y evaluaremos caso por caso qu\u00e9 necesidades adicionales podemos apoyar dentro de nuestros programas. Nuestra Pol\u00edtica sobre Alergias, Afecciones M\u00e9dicas y Necesidades Adicionales puede consultarse en nuestro sitio web, en el Manual de Garant\u00eda de Calidad, por todas las partes interesadas. <\/li><\/ul><p> <\/p><ol start=\"3\"><li>Traslados: El n\u00famero de vuelo, la fecha y la hora de llegada deben comunicarse al Irish College of English lo antes posible para que podamos organizar tu recogida en el aeropuerto. Si los vuelos se retrasan o cancelan, el Colegio debe ser informado inmediatamente para que podamos reprogramar los traslados. Si no podemos reprogramar los traslados por falta de aviso, los estudiantes deber\u00e1n organizar y pagar su propio transporte hasta su alojamiento o residencia. <\/li><\/ol><p> <\/p><ol start=\"4\"><li>Necesidad de traslados o alojamiento adicionales. Si un estudiante no puede embarcar en un vuelo por cualquier motivo, estaremos encantados de ayudarle y facilitarle alojamiento y traslados siempre que sea posible. Los estudiantes o los padres\/organizadores como tutores pueden decidir si desean hacer uso de estos servicios, los honorarios ser\u00e1n nuestros costes directos.  <\/li><\/ol><p> <\/p><ol start=\"5\"><li>Aconsejamos a todos los clientes que contraten un seguro personal y m\u00e9dico completo antes de su llegada, ya que el ICE no acepta ninguna responsabilidad en caso de enfermedad, robo, accidente, da\u00f1os o p\u00e9rdida de efectos personales. Todos los clientes de pa\u00edses de la UE deben traer la Tarjeta Sanitaria Europea. Los estudiantes extracomunitarios deben contratar un seguro m\u00e9dico privado. Los estudiantes\/padres son responsables de todos los gastos m\u00e9dicos y relacionados en los que incurran durante su estancia. Las exenciones de responsabilidad para grupos\/individuos deben firmarse antes de la llegada.<\/li><\/ol><p> <\/p><ol start=\"6\"><li>No nos hacemos responsables de los gastos ocasionados por retrasos\/cancelaciones de vuelos, es decir, alojamiento, etc.<\/li><\/ol><p> <\/p><ol start=\"7\"><li>El ICE se reserva el derecho de expulsar a los alumnos que no respeten nuestras pol\u00edticas escolares o que participen en actividades que el ICE considere inaceptables. En esta situaci\u00f3n, los agentes\/padres son responsables de organizar el alojamiento\/reprogramar el vuelo de vuelta a casa, etc. No se efectuar\u00e1n reembolsos.<\/li><\/ol><p> <\/p><ol start=\"8\"><li>S\u00f3lo se confirmar\u00e1 la inscripci\u00f3n de cada estudiante cuando se reciban los formularios de inscripci\u00f3n cumplimentados y el pago \u00edntegro de las tasas.<\/li><\/ol><p> <\/p><ol start=\"9\"><li>Cuando un estudiante cause da\u00f1os o robos a la propiedad del anfitri\u00f3n o de la escuela\/residencia o a cualquier otra propiedad, dicho estudiante (si es menor de edad, sus padres) ser\u00e1 responsable del coste de dichos da\u00f1os y el pago deber\u00e1 ser inmediato.<\/li><\/ol><p> <\/p><ol start=\"10\"><li>El ICE se reserva el derecho de anular los acuerdos si no se cumplen las condiciones de reserva.<\/li><\/ol><p> <\/p><ol start=\"11\"><li>El ICE se reserva el derecho a cancelar programas cuando el n\u00famero de participantes sea insuficiente o cuando, por cualquier motivo, el programa no pueda llevarse a cabo. Cuando se cancele un programa, trasladaremos las reservas de los estudiantes a un programa alternativo para las mismas fechas.  Si un estudiante desea cancelar una reserva en estas circunstancias, se aplicar\u00e1 nuestra pol\u00edtica normal de reembolso. En caso de que no se disponga de un programa alternativo, el ICE emitir\u00e1 un reembolso\/cr\u00e9dito del curso; no se abonar\u00e1 ninguna otra compensaci\u00f3n.<\/li><\/ol><p> <\/p><ol start=\"12\"><li>Se debe informar al ICE de cualquier problema de salud, necesidad adicional o requisito diet\u00e9tico espec\u00edfico antes de la reserva, y la confirmaci\u00f3n de la reserva se ajustar\u00e1 a nuestra Pol\u00edtica sobre alergias, afecciones m\u00e9dicas y necesidades adicionales.<\/li><\/ol><p> <\/p><ol start=\"13\"><li>Si, por cualquier motivo que el ICE considere aceptable, un estudiante ya no puede ser alojado en un alojamiento en familia o en nuestras residencias, es responsabilidad del agente\/padres encontrar un alojamiento adecuado para el estudiante. El ICE reembolsar\u00e1 a los agentes\/padres los gastos de alojamiento no utilizados. Ejemplos de estas situaciones pueden ser: un comportamiento inaceptable del alumno, un problema m\u00e9dico al que la familia no pueda adaptarse, una enfermedad contagiosa, etc.<\/li><\/ol><p> <\/p><ol start=\"14\"><li>No hay reembolso para los estudiantes que cambien de un curso a otros de menos horas\/valor\/programa, etc. No se reembolsar\u00e1n los d\u00edas perdidos durante el curso, los d\u00edas de llegada tard\u00eda, los d\u00edas de salida anticipada ni los d\u00edas festivos.<\/li><\/ol><p> <\/p><ol start=\"15\"><li>Estudiantes que necesitan visado &#8211; El ICE emitir\u00e1 una carta de aceptaci\u00f3n una vez recibida la informaci\u00f3n completa de la reserva y las tasas del programa. En caso de que un estudiante no obtenga el visado, le devolveremos todas las tasas abonadas, excepto 200 euros que nos quedaremos en concepto de gastos de administraci\u00f3n. En estas circunstancias, es responsabilidad del estudiante\/padre\/tutor enviar al ICE una declaraci\u00f3n del consultor\/embajada pertinente de que no se expidi\u00f3 el visado, antes de que pueda efectuarse ning\u00fan reembolso. Una vez que los estudiantes hayan utilizado nuestra carta de aceptaci\u00f3n para entrar en Irlanda, deber\u00e1n asistir a las clases y todas las tasas no ser\u00e1n reembolsables.   <\/li><\/ol><p> <\/p><ol start=\"16\"><li>Todos los alumnos menores de 18 a\u00f1os que realicen un curso online deben estar supervisados por un adulto en todo momento para garantizar su seguridad online.<\/li><\/ol><p> <\/p><ol start=\"17\"><li>En caso de fuerza mayor, es posible que no podamos cumplir las condiciones anteriores, pero haremos todo lo posible por reanudar nuestras operaciones y condiciones normales. Los cursos pueden aplazarse, en cuyo caso se aplicar\u00e1 un cr\u00e9dito o reembolso completo y el curso podr\u00e1 volver a organizarse para una fecha posterior.  No se aplicar\u00e1 ninguna otra compensaci\u00f3n.<\/li><\/ol>\t\t\t\t\t\t\t\t<\/div>\n\t\t\t\t<\/div>\n\t\t\t\t\t<\/div>\n\t\t<\/div>\n\t\t\t\t\t<\/div>\n\t\t<\/section>\n\t\t\t\t<section class=\"elementor-section elementor-top-section elementor-element elementor-element-a14887b elementor-section-boxed elementor-section-height-default elementor-section-height-default\" data-id=\"a14887b\" data-element_type=\"section\" data-e-type=\"section\">\n\t\t\t\t\t\t<div class=\"elementor-container elementor-column-gap-default\">\n\t\t\t\t\t<div class=\"elementor-column elementor-col-100 elementor-top-column elementor-element elementor-element-fe4e607\" data-id=\"fe4e607\" data-element_type=\"column\" data-e-type=\"column\">\n\t\t\t<div class=\"elementor-widget-wrap elementor-element-populated\">\n\t\t\t\t\t\t<div class=\"elementor-element elementor-element-72e3c6c elementor-widget elementor-widget-spacer\" data-id=\"72e3c6c\" data-element_type=\"widget\" data-e-type=\"widget\" data-widget_type=\"spacer.default\">\n\t\t\t\t<div class=\"elementor-widget-container\">\n\t\t\t\t\t\t\t<div class=\"elementor-spacer\">\n\t\t\t<div class=\"elementor-spacer-inner\"><\/div>\n\t\t<\/div>\n\t\t\t\t\t\t<\/div>\n\t\t\t\t<\/div>\n\t\t\t\t\t<\/div>\n\t\t<\/div>\n\t\t\t\t\t<\/div>\n\t\t<\/section>\n\t\t\t\t<\/div>\n\t\t","protected":false},"excerpt":{"rendered":"<p>Condiciones generales Pol\u00edtica de cancelaciones y reembolsos: Nuestra \u00abGarant\u00eda de reserva con confianza\u00bb est\u00e1 dise\u00f1ada para ofrecer flexibilidad y, al mismo tiempo, garantizar que podamos prestar el mejor servicio a todos los estudiantes. Recomendamos encarecidamente que los estudiantes\/padres\/tutores\/organizadores de grupos contraten un seguro de viaje para protegerse contra cambios inesperados en sus planes de viaje. [&hellip;]<\/p>\n","protected":false},"author":3,"featured_media":0,"parent":0,"menu_order":0,"comment_status":"closed","ping_status":"closed","template":"","meta":{"content-type":"","footnotes":""},"class_list":["post-32061","page","type-page","status-publish","hentry"],"yoast_head":"<!-- This site is optimized with the Yoast SEO plugin v27.3 - https:\/\/yoast.com\/product\/yoast-seo-wordpress\/ -->\n<title>T\u00e9rminos y Condiciones - Irish College of English<\/title>\n<meta name=\"robots\" content=\"index, follow, max-snippet:-1, max-image-preview:large, max-video-preview:-1\" \/>\n<link rel=\"canonical\" href=\"https:\/\/www.iceireland.com\/es\/terms-and-conditions\/\" \/>\n<meta property=\"og:locale\" content=\"es_ES\" \/>\n<meta property=\"og:type\" content=\"article\" \/>\n<meta property=\"og:title\" content=\"T\u00e9rminos y Condiciones - Irish College of English\" \/>\n<meta property=\"og:description\" content=\"Condiciones generales Pol\u00edtica de cancelaciones y reembolsos: Nuestra \u00abGarant\u00eda de reserva con confianza\u00bb est\u00e1 dise\u00f1ada para ofrecer flexibilidad y, al mismo tiempo, garantizar que podamos prestar el mejor servicio a todos los estudiantes. Recomendamos encarecidamente que los estudiantes\/padres\/tutores\/organizadores de grupos contraten un seguro de viaje para protegerse contra cambios inesperados en sus planes de viaje. [&hellip;]\" \/>\n<meta property=\"og:url\" content=\"https:\/\/www.iceireland.com\/es\/terms-and-conditions\/\" \/>\n<meta property=\"og:site_name\" content=\"Irish College of English\" \/>\n<meta property=\"article:modified_time\" content=\"2026-01-30T16:24:53+00:00\" \/>\n<meta name=\"twitter:label1\" content=\"Tiempo de lectura\" \/>\n\t<meta name=\"twitter:data1\" content=\"6 minutos\" \/>\n<script type=\"application\/ld+json\" class=\"yoast-schema-graph\">{\"@context\":\"https:\\\/\\\/schema.org\",\"@graph\":[{\"@type\":\"WebPage\",\"@id\":\"https:\\\/\\\/www.iceireland.com\\\/es\\\/terms-and-conditions\\\/\",\"url\":\"https:\\\/\\\/www.iceireland.com\\\/es\\\/terms-and-conditions\\\/\",\"name\":\"T\u00e9rminos y Condiciones - Irish College of English\",\"isPartOf\":{\"@id\":\"https:\\\/\\\/www.iceireland.com\\\/es\\\/#website\"},\"datePublished\":\"2020-02-11T15:56:52+00:00\",\"dateModified\":\"2026-01-30T16:24:53+00:00\",\"breadcrumb\":{\"@id\":\"https:\\\/\\\/www.iceireland.com\\\/es\\\/terms-and-conditions\\\/#breadcrumb\"},\"inLanguage\":\"es\",\"potentialAction\":[{\"@type\":\"ReadAction\",\"target\":[\"https:\\\/\\\/www.iceireland.com\\\/es\\\/terms-and-conditions\\\/\"]}]},{\"@type\":\"BreadcrumbList\",\"@id\":\"https:\\\/\\\/www.iceireland.com\\\/es\\\/terms-and-conditions\\\/#breadcrumb\",\"itemListElement\":[{\"@type\":\"ListItem\",\"position\":1,\"name\":\"Home\",\"item\":\"https:\\\/\\\/www.iceireland.com\\\/es\\\/\"},{\"@type\":\"ListItem\",\"position\":2,\"name\":\"T\u00e9rminos y Condiciones\"}]},{\"@type\":\"WebSite\",\"@id\":\"https:\\\/\\\/www.iceireland.com\\\/es\\\/#website\",\"url\":\"https:\\\/\\\/www.iceireland.com\\\/es\\\/\",\"name\":\"Irish College of English\",\"description\":\"English School in Dublin, Malahide\",\"publisher\":{\"@id\":\"https:\\\/\\\/www.iceireland.com\\\/es\\\/#organization\"},\"potentialAction\":[{\"@type\":\"SearchAction\",\"target\":{\"@type\":\"EntryPoint\",\"urlTemplate\":\"https:\\\/\\\/www.iceireland.com\\\/es\\\/?s={search_term_string}\"},\"query-input\":{\"@type\":\"PropertyValueSpecification\",\"valueRequired\":true,\"valueName\":\"search_term_string\"}}],\"inLanguage\":\"es\"},{\"@type\":\"Organization\",\"@id\":\"https:\\\/\\\/www.iceireland.com\\\/es\\\/#organization\",\"name\":\"Irish College of English\",\"url\":\"https:\\\/\\\/www.iceireland.com\\\/es\\\/\",\"logo\":{\"@type\":\"ImageObject\",\"inLanguage\":\"es\",\"@id\":\"https:\\\/\\\/www.iceireland.com\\\/es\\\/#\\\/schema\\\/logo\\\/image\\\/\",\"url\":\"https:\\\/\\\/www.iceireland.com\\\/wp-content\\\/uploads\\\/2022\\\/03\\\/logo.png\",\"contentUrl\":\"https:\\\/\\\/www.iceireland.com\\\/wp-content\\\/uploads\\\/2022\\\/03\\\/logo.png\",\"width\":593,\"height\":92,\"caption\":\"Irish College of English\"},\"image\":{\"@id\":\"https:\\\/\\\/www.iceireland.com\\\/es\\\/#\\\/schema\\\/logo\\\/image\\\/\"}}]}<\/script>\n<!-- \/ Yoast SEO plugin. -->","yoast_head_json":{"title":"T\u00e9rminos y Condiciones - Irish College of English","robots":{"index":"index","follow":"follow","max-snippet":"max-snippet:-1","max-image-preview":"max-image-preview:large","max-video-preview":"max-video-preview:-1"},"canonical":"https:\/\/www.iceireland.com\/es\/terms-and-conditions\/","og_locale":"es_ES","og_type":"article","og_title":"T\u00e9rminos y Condiciones - Irish College of English","og_description":"Condiciones generales Pol\u00edtica de cancelaciones y reembolsos: Nuestra \u00abGarant\u00eda de reserva con confianza\u00bb est\u00e1 dise\u00f1ada para ofrecer flexibilidad y, al mismo tiempo, garantizar que podamos prestar el mejor servicio a todos los estudiantes. Recomendamos encarecidamente que los estudiantes\/padres\/tutores\/organizadores de grupos contraten un seguro de viaje para protegerse contra cambios inesperados en sus planes de viaje. [&hellip;]","og_url":"https:\/\/www.iceireland.com\/es\/terms-and-conditions\/","og_site_name":"Irish College of English","article_modified_time":"2026-01-30T16:24:53+00:00","twitter_misc":{"Tiempo de lectura":"6 minutos"},"schema":{"@context":"https:\/\/schema.org","@graph":[{"@type":"WebPage","@id":"https:\/\/www.iceireland.com\/es\/terms-and-conditions\/","url":"https:\/\/www.iceireland.com\/es\/terms-and-conditions\/","name":"T\u00e9rminos y Condiciones - Irish College of English","isPartOf":{"@id":"https:\/\/www.iceireland.com\/es\/#website"},"datePublished":"2020-02-11T15:56:52+00:00","dateModified":"2026-01-30T16:24:53+00:00","breadcrumb":{"@id":"https:\/\/www.iceireland.com\/es\/terms-and-conditions\/#breadcrumb"},"inLanguage":"es","potentialAction":[{"@type":"ReadAction","target":["https:\/\/www.iceireland.com\/es\/terms-and-conditions\/"]}]},{"@type":"BreadcrumbList","@id":"https:\/\/www.iceireland.com\/es\/terms-and-conditions\/#breadcrumb","itemListElement":[{"@type":"ListItem","position":1,"name":"Home","item":"https:\/\/www.iceireland.com\/es\/"},{"@type":"ListItem","position":2,"name":"T\u00e9rminos y Condiciones"}]},{"@type":"WebSite","@id":"https:\/\/www.iceireland.com\/es\/#website","url":"https:\/\/www.iceireland.com\/es\/","name":"Irish College of English","description":"English School in Dublin, Malahide","publisher":{"@id":"https:\/\/www.iceireland.com\/es\/#organization"},"potentialAction":[{"@type":"SearchAction","target":{"@type":"EntryPoint","urlTemplate":"https:\/\/www.iceireland.com\/es\/?s={search_term_string}"},"query-input":{"@type":"PropertyValueSpecification","valueRequired":true,"valueName":"search_term_string"}}],"inLanguage":"es"},{"@type":"Organization","@id":"https:\/\/www.iceireland.com\/es\/#organization","name":"Irish College of English","url":"https:\/\/www.iceireland.com\/es\/","logo":{"@type":"ImageObject","inLanguage":"es","@id":"https:\/\/www.iceireland.com\/es\/#\/schema\/logo\/image\/","url":"https:\/\/www.iceireland.com\/wp-content\/uploads\/2022\/03\/logo.png","contentUrl":"https:\/\/www.iceireland.com\/wp-content\/uploads\/2022\/03\/logo.png","width":593,"height":92,"caption":"Irish College of English"},"image":{"@id":"https:\/\/www.iceireland.com\/es\/#\/schema\/logo\/image\/"}}]}},"_links":{"self":[{"href":"https:\/\/www.iceireland.com\/es\/wp-json\/wp\/v2\/pages\/32061","targetHints":{"allow":["GET"]}}],"collection":[{"href":"https:\/\/www.iceireland.com\/es\/wp-json\/wp\/v2\/pages"}],"about":[{"href":"https:\/\/www.iceireland.com\/es\/wp-json\/wp\/v2\/types\/page"}],"author":[{"embeddable":true,"href":"https:\/\/www.iceireland.com\/es\/wp-json\/wp\/v2\/users\/3"}],"replies":[{"embeddable":true,"href":"https:\/\/www.iceireland.com\/es\/wp-json\/wp\/v2\/comments?post=32061"}],"version-history":[{"count":1,"href":"https:\/\/www.iceireland.com\/es\/wp-json\/wp\/v2\/pages\/32061\/revisions"}],"predecessor-version":[{"id":32062,"href":"https:\/\/www.iceireland.com\/es\/wp-json\/wp\/v2\/pages\/32061\/revisions\/32062"}],"wp:attachment":[{"href":"https:\/\/www.iceireland.com\/es\/wp-json\/wp\/v2\/media?parent=32061"}],"curies":[{"name":"wp","href":"https:\/\/api.w.org\/{rel}","templated":true}]}}