{"id":32101,"date":"2020-02-27T10:40:47","date_gmt":"2020-02-27T10:40:47","guid":{"rendered":"https:\/\/www.iceireland.com\/coronavirus-and-irish-college-of-english-programmes\/"},"modified":"2026-01-30T16:26:08","modified_gmt":"2026-01-30T16:26:08","slug":"coronavirus-and-irish-college-of-english-programmes","status":"publish","type":"page","link":"https:\/\/www.iceireland.com\/es\/coronavirus-and-irish-college-of-english-programmes\/","title":{"rendered":"Coronavirus y programas del Irish College of English"},"content":{"rendered":"\t\t<div data-elementor-type=\"wp-page\" data-elementor-id=\"32101\" class=\"elementor elementor-32101 elementor-7011\" data-elementor-post-type=\"page\">\n\t\t\t\t\t\t<section class=\"elementor-section elementor-top-section elementor-element elementor-element-745564da elementor-section-boxed elementor-section-height-default elementor-section-height-default\" data-id=\"745564da\" data-element_type=\"section\" data-e-type=\"section\">\n\t\t\t\t\t\t<div class=\"elementor-container elementor-column-gap-default\">\n\t\t\t\t\t<div class=\"elementor-column elementor-col-100 elementor-top-column elementor-element elementor-element-346afb08\" data-id=\"346afb08\" data-element_type=\"column\" data-e-type=\"column\">\n\t\t\t<div class=\"elementor-widget-wrap elementor-element-populated\">\n\t\t\t\t\t\t<div class=\"elementor-element elementor-element-67097e24 elementor-widget elementor-widget-text-editor\" data-id=\"67097e24\" data-element_type=\"widget\" data-e-type=\"widget\" data-widget_type=\"text-editor.default\">\n\t\t\t\t<div class=\"elementor-widget-container\">\n\t\t\t\t\t\t\t\t\t<p><strong>Con fecha 7 de marzo de 2022<\/strong><\/p><p><strong>Programas Covid-19 e Irish College of English<\/strong><\/p><p style=\"background-image: initial; background-position: initial; background-size: initial; background-repeat: initial; background-attachment: initial; background-origin: initial; background-clip: initial;\"><b><span style=\"font-size: 12pt; font-family: Roboto;\">Grandes noticias<\/span><\/b><\/p><p style=\"margin-bottom: 14.4pt; background-image: initial; background-position: initial; background-size: initial; background-repeat: initial; background-attachment: initial; background-origin: initial; background-clip: initial;\"><b><i><span style=\"font-size: 12.0pt; color: #404040; letter-spacing: .15pt;\">Se han eliminado todas las restricciones COVID-19 para viajar a Irlanda. Ya no necesitas rellenar un formulario de localizaci\u00f3n de pasajeros. Tampoco necesitas ya una prueba de vacunaci\u00f3n o recuperaci\u00f3n, ni una prueba de COVID-19.  <\/span><\/i><\/b><\/p><p style=\"margin-bottom: 14.4pt; background-image: initial; background-position: initial; background-size: initial; background-repeat: initial; background-attachment: initial; background-origin: initial; background-clip: initial;\"><span style=\"color: #404040; font-size: 12pt; letter-spacing: 0.15pt;\">En Irlanda no existen restricciones relativas al uso de m\u00e1scaras o al distanciamiento social.<\/span><\/p><p style=\"margin-bottom: 14.4pt; background-image: initial; background-position: initial; background-size: initial; background-repeat: initial; background-attachment: initial; background-origin: initial; background-clip: initial;\"><span style=\"font-size: 12.0pt; color: #404040; letter-spacing: .15pt;\">Las \u00fanicas restricciones que quedan son en torno a la  <\/span><span style=\"font-size: 12.0pt; color: black;\">la necesidad de autoaislarse si tienes s\u00edntomas y algunas orientaciones limitadas sobre el contacto \u00edntimo. El gobierno tiene previsto eliminar gradualmente estas restricciones restantes. <\/span><\/p><p style=\"margin-bottom: 14.4pt; background-image: initial; background-position: initial; background-size: initial; background-repeat: initial; background-attachment: initial; background-origin: initial; background-clip: initial;\"><span style=\"font-size: 12.0pt; color: black;\">Irlanda ha tenido mucho \u00e9xito con su programa de vacunaci\u00f3n, la aceptaci\u00f3n de nuestro programa de vacunaci\u00f3n primaria es superior al 95 % y la aceptaci\u00f3n del programa de vacunaci\u00f3n de refuerzo es actualmente del 70 %. Por tanto, la gran mayor\u00eda de nuestro personal y familias de acogida est\u00e1n totalmente vacunados.   <\/span><\/p><p>Irlanda est\u00e1 entrando en una nueva fase con la relajaci\u00f3n de la mayor\u00eda de las restricciones relativas al Covid-19. La vida ha vuelto a la normalidad y la gente ya no tiene que llevar m\u00e1scaras ni distanciarse socialmente. Las \u00fanicas restricciones que quedan son las relativas a los Viajes Internacionales y al Autoaislamiento. Esperamos que con el tiempo tambi\u00e9n se levanten estas restricciones restantes.   <\/p><p>En el Irish College of English, la salud y la seguridad de todo nuestro personal, estudiantes, familias de acogida y las comunidades en las que operamos es nuestra prioridad. Nos mantenemos al d\u00eda de todas las recomendaciones gubernamentales en relaci\u00f3n con Covid-19 y seguiremos las mejores pr\u00e1cticas a este respecto para garantizar el bienestar de todo nuestro personal y clientes ahora y en el futuro. <\/p><p>En todos nuestros programas hemos mejorado los protocolos de seguridad y limpieza para garantizar que seguimos todas las directrices relativas a Covid-19. Todas nuestras aulas est\u00e1n equipadas con monitores de CO2. Hay puestos de desinfecci\u00f3n de manos en toda la escuela. Seguiremos actualizando nuestras pol\u00edticas y garantizando una experiencia educativa segura y agradable para todos.   <\/p><p>Irlanda tambi\u00e9n ha tenido mucho \u00e9xito con su programa de vacunaci\u00f3n, la aceptaci\u00f3n de nuestro programa de vacunaci\u00f3n primaria es superior al 95 % y la aceptaci\u00f3n del programa de vacunas de refuerzo es actualmente del 65 %. Por tanto, la gran mayor\u00eda de nuestro personal y familias de acogida est\u00e1n totalmente vacunados. La actual oleada de Omicron ya ha pasado su punto \u00e1lgido.  <\/p><div><p><a href=\"#\">\u00bfEst\u00e1 la escuela abierta actualmente para clases presenciales?<\/a><\/p><\/div><div><div><p>S\u00ed, todas nuestras clases y programas para adultos y j\u00f3venes funcionan con normalidad.<\/p><\/div><\/div><div><p><a href=\"#\">\u00bfC\u00f3mo garantizar\u00e1 el Irish College of English la seguridad de los alumnos y del personal del centro?<\/a><\/p><div><p>Siguiendo estrictamente las directrices del Gobierno irland\u00e9s y manteni\u00e9ndonos al d\u00eda de los \u00faltimos consejos del Health Service Executive (HSE), hemos puesto en marcha medidas que har\u00e1n posible un regreso seguro a la escuela. Una medida clave son los monitores de CO2 en cada aula para garantizar una ventilaci\u00f3n adecuada en todo momento. Se han puesto en marcha planes de limpieza para permitir una mejor protecci\u00f3n contra el COVID-19, incluida una limpieza diaria a fondo con desinfecci\u00f3n de las superficies potencialmente contaminadas regularmente a lo largo del d\u00eda.  <\/p><\/div><\/div><div><p><a href=\"#\">\u00bfC\u00f3mo me pongo en contacto con la escuela si tengo alguna duda?<\/a><\/p><div><p>Puedes llamar o enviar un correo electr\u00f3nico a la oficina al 01 8453744 o info@iceireland.com.<\/p><\/div><\/div><div><p><a href=\"#\">\u00bfQu\u00e9 debo hacer si desarrollo s\u00edntomas de COVID-19?<\/a><\/p><div><p>Si un estudiante desarrolla s\u00edntomas de COVID-19: nueva tos continua, fiebre alta o p\u00e9rdida\/cambio en el sentido del gusto o del olfato (anosmia), fatiga, mientras est\u00e1 en Irlanda o durante el viaje, debe llamar a su proveedor de atenci\u00f3n sanitaria y\/o compa\u00f1\u00eda de seguros para comentar qu\u00e9 hacer y seguir los consejos de salud p\u00fablica en Irlanda en ese momento.<\/p><p>Actualmente se aplica lo siguiente:<\/p><ol><li>Autoa\u00edslate (qu\u00e9date en casa y evita el contacto con otras personas)<\/li><li>Hazte una prueba de ant\u00edgenos autoadministrada, si tienes menos de 39 a\u00f1os no es necesaria una prueba PCR. La escuela proporcionar\u00e1 gratuitamente pruebas de ant\u00edgenos a cualquier alumno con s\u00edntomas o que sea un contacto cercano. <\/li><\/ol><p>Resultado positivo<\/p><p>El estudiante necesita autoaislarse durante 7 d\u00edas en una habitaci\u00f3n individual.<\/p><p>Resultado negativo<\/p><p>El alumno tiene que autoaislarse en una habitaci\u00f3n individual hasta que no haya tenido s\u00edntomas durante 48 horas.<\/p><\/div><\/div><div><div><p><a href=\"#\">\u00bfCu\u00e1les son las normas para viajar a Irlanda?<\/a><\/p><\/div><\/div><div><div><p><span style=\"font-size: 12pt; font-family: Roboto;\">Para obtener informaci\u00f3n actualizada sobre c\u00f3mo viajar a Irlanda, consulta:<\/span> <u><\/u><\/p><p><u><span style=\"font-size: 12pt; font-family: Roboto; color: #0563c1; background-image: initial; background-position: initial; background-size: initial; background-repeat: initial; background-attachment: initial; background-origin: initial; background-clip: initial;\"><a style=\"color: #1155cc;\" href=\"https:\/\/urldefense.proofpoint.com\/v2\/url?u=https-3A__www.citizensinformation.ie_en_travel-5Fand-5Frecreation_travel-5Fto-5Fireland_travel-5Fto-5Fireland-5Fduring-5Fcovid.html-23l41d7d&amp;d=DwMFaQ&amp;c=euGZstcaTDllvimEN8b7jXrwqOf-v5A_CdpgnVfiiMM&amp;r=6sF5MjZTTADw7lYvl303WIaH3-wpCL1IW38EiTxvrEI&amp;m=p9OyM7sZ5u0ffIW7UqJVoFDalkDTlJvYoIiyAjolaMU&amp;s=6srtfScuvZoXuxhn7PEbFjN-8wz32DKwysxId8cbKg8&amp;e=\" target=\"_blank\" rel=\"noopener\" data-saferedirecturl=\"https:\/\/www.google.com\/url?q=https:\/\/urldefense.proofpoint.com\/v2\/url?u%3Dhttps-3A__www.citizensinformation.ie_en_travel-5Fand-5Frecreation_travel-5Fto-5Fireland_travel-5Fto-5Fireland-5Fduring-5Fcovid.html-23l41d7d%26d%3DDwMFaQ%26c%3DeuGZstcaTDllvimEN8b7jXrwqOf-v5A_CdpgnVfiiMM%26r%3D6sF5MjZTTADw7lYvl303WIaH3-wpCL1IW38EiTxvrEI%26m%3Dp9OyM7sZ5u0ffIW7UqJVoFDalkDTlJvYoIiyAjolaMU%26s%3D6srtfScuvZoXuxhn7PEbFjN-8wz32DKwysxId8cbKg8%26e%3D&amp;source=gmail&amp;ust=1631951870289000&amp;usg=AFQjCNG-qMUtp6MUmoQ2CVJBiDWXOWGl9A\">https:\/\/www.<wbr><\/wbr>citizensinformation.ie\/en\/<wbr><\/wbr>travel_and_recreation\/travel_<wbr><\/wbr>to_ireland\/travel_to_ireland_<wbr><\/wbr>during_covid.html#l41d7d<\/a><\/span><\/u><\/p><p><span style=\"font-size: 12pt; font-family: Roboto;\">Para facilitar los viajes, aconsejamos a todos los estudiantes que se hayan vacunado con una vacuna aprobada por la EMA. Adem\u00e1s, en Irlanda, si te has vacunado completamente con un refuerzo, no necesitas autoaislarte si eres un contacto cercano y no muestras ning\u00fan s\u00edntoma.   <\/span><\/p><p>Si entras en Irlanda utilizando una prueba PCR y necesitas otra prueba 72 horas antes de la salida, podemos ayudarte a organizarla, ponte en contacto con nosotros para obtener m\u00e1s informaci\u00f3n.<\/p><\/div><\/div><div><p><a href=\"#\">\u00bfD\u00f3nde puedo obtener asesoramiento sobre COVID-19 como estudiante internacional?  <\/a><\/p><div><p>El Consejo Irland\u00e9s de Estudiantes Internacionales (ICOS) ha reunido informaci\u00f3n sobre cuestiones de salud, viajes, educaci\u00f3n y bienestar que los estudiantes internacionales deben tener en cuenta. Si tienes alguna consulta de viaje relacionada con el COVID-19, puedes llamar al Centro de Asesoramiento del Ministerio de Asuntos Exteriores al 01 613 1733. <\/p><\/div><\/div><div><p><a href=\"#\">\u00bfCu\u00e1les son las opciones de alojamiento?<\/a><\/p><div><p>Ofrecemos una amplia gama de opciones residenciales y de familias de acogida.<\/p><\/div><\/div><div><p><a href=\"#\">\u00bfQu\u00e9 ocurre si tengo Covid-19 durante el curso?<\/a><\/p><div><p>En esta situaci\u00f3n, el HSE te pedir\u00e1 que te a\u00edsles. Todos los estudiantes deben tener un seguro adecuado o fondos personales para cubrir cualquier gasto adicional que puedan tener, incluido alojamiento, gastos de manutenci\u00f3n, cambio de vuelos, etc. <\/p><\/div><\/div><div><p><a href=\"#\">\u00bfCu\u00e1l es la pol\u00edtica de cancelaci\u00f3n si reservo un curso ahora y luego no puedo asistir?<\/a><\/p><div><p>Nuestra \u00abGarant\u00eda de reserva con confianza\u00bb permite a los particulares y grupos que viajen a Irlanda anular el curso sin cargo alguno hasta 7 d\u00edas antes de la llegada. Si tienes que cancelar dentro de los 7 d\u00edas anteriores a la llegada, te ofreceremos un aplazamiento gratuito que ser\u00e1 v\u00e1lido hasta finales de 2023. No se reembolsar\u00e1n las estancias canceladas dentro de los 7 d\u00edas anteriores a la llegada.  <\/p><\/div><\/div>\t\t\t\t\t\t\t\t<\/div>\n\t\t\t\t<\/div>\n\t\t\t\t\t<\/div>\n\t\t<\/div>\n\t\t\t\t\t<\/div>\n\t\t<\/section>\n\t\t\t\t<\/div>\n\t\t","protected":false},"excerpt":{"rendered":"<p>Con fecha 7 de marzo de 2022 Programas Covid-19 e Irish College of English Grandes noticias Se han eliminado todas las restricciones COVID-19 para viajar a Irlanda. Ya no necesitas rellenar un formulario de localizaci\u00f3n de pasajeros. Tampoco necesitas ya una prueba de vacunaci\u00f3n o recuperaci\u00f3n, ni una prueba de COVID-19. En Irlanda no existen [&hellip;]<\/p>\n","protected":false},"author":3,"featured_media":0,"parent":0,"menu_order":0,"comment_status":"closed","ping_status":"closed","template":"","meta":{"content-type":"","footnotes":""},"class_list":["post-32101","page","type-page","status-publish","hentry"],"yoast_head":"<!-- This site is optimized with the Yoast SEO plugin v27.3 - https:\/\/yoast.com\/product\/yoast-seo-wordpress\/ -->\n<title>Coronavirus y programas del Irish College of English - Irish College of English<\/title>\n<meta name=\"robots\" content=\"index, follow, max-snippet:-1, max-image-preview:large, max-video-preview:-1\" \/>\n<link rel=\"canonical\" href=\"https:\/\/www.iceireland.com\/es\/coronavirus-and-irish-college-of-english-programmes\/\" \/>\n<meta property=\"og:locale\" content=\"es_ES\" \/>\n<meta property=\"og:type\" content=\"article\" \/>\n<meta property=\"og:title\" content=\"Coronavirus y programas del Irish College of English - Irish College of English\" \/>\n<meta property=\"og:description\" content=\"Con fecha 7 de marzo de 2022 Programas Covid-19 e Irish College of English Grandes noticias Se han eliminado todas las restricciones COVID-19 para viajar a Irlanda. Ya no necesitas rellenar un formulario de localizaci\u00f3n de pasajeros. Tampoco necesitas ya una prueba de vacunaci\u00f3n o recuperaci\u00f3n, ni una prueba de COVID-19. En Irlanda no existen [&hellip;]\" \/>\n<meta property=\"og:url\" content=\"https:\/\/www.iceireland.com\/es\/coronavirus-and-irish-college-of-english-programmes\/\" \/>\n<meta property=\"og:site_name\" content=\"Irish College of English\" \/>\n<meta property=\"article:modified_time\" content=\"2026-01-30T16:26:08+00:00\" \/>\n<meta name=\"twitter:label1\" content=\"Tiempo de lectura\" \/>\n\t<meta name=\"twitter:data1\" content=\"5 minutos\" \/>\n<script type=\"application\/ld+json\" class=\"yoast-schema-graph\">{\"@context\":\"https:\\\/\\\/schema.org\",\"@graph\":[{\"@type\":\"WebPage\",\"@id\":\"https:\\\/\\\/www.iceireland.com\\\/es\\\/coronavirus-and-irish-college-of-english-programmes\\\/\",\"url\":\"https:\\\/\\\/www.iceireland.com\\\/es\\\/coronavirus-and-irish-college-of-english-programmes\\\/\",\"name\":\"Coronavirus y programas del Irish College of English - Irish College of English\",\"isPartOf\":{\"@id\":\"https:\\\/\\\/www.iceireland.com\\\/es\\\/#website\"},\"datePublished\":\"2020-02-27T10:40:47+00:00\",\"dateModified\":\"2026-01-30T16:26:08+00:00\",\"breadcrumb\":{\"@id\":\"https:\\\/\\\/www.iceireland.com\\\/es\\\/coronavirus-and-irish-college-of-english-programmes\\\/#breadcrumb\"},\"inLanguage\":\"es\",\"potentialAction\":[{\"@type\":\"ReadAction\",\"target\":[\"https:\\\/\\\/www.iceireland.com\\\/es\\\/coronavirus-and-irish-college-of-english-programmes\\\/\"]}]},{\"@type\":\"BreadcrumbList\",\"@id\":\"https:\\\/\\\/www.iceireland.com\\\/es\\\/coronavirus-and-irish-college-of-english-programmes\\\/#breadcrumb\",\"itemListElement\":[{\"@type\":\"ListItem\",\"position\":1,\"name\":\"Home\",\"item\":\"https:\\\/\\\/www.iceireland.com\\\/es\\\/\"},{\"@type\":\"ListItem\",\"position\":2,\"name\":\"Coronavirus y programas del Irish College of English\"}]},{\"@type\":\"WebSite\",\"@id\":\"https:\\\/\\\/www.iceireland.com\\\/es\\\/#website\",\"url\":\"https:\\\/\\\/www.iceireland.com\\\/es\\\/\",\"name\":\"Irish College of English\",\"description\":\"English School in Dublin, Malahide\",\"publisher\":{\"@id\":\"https:\\\/\\\/www.iceireland.com\\\/es\\\/#organization\"},\"potentialAction\":[{\"@type\":\"SearchAction\",\"target\":{\"@type\":\"EntryPoint\",\"urlTemplate\":\"https:\\\/\\\/www.iceireland.com\\\/es\\\/?s={search_term_string}\"},\"query-input\":{\"@type\":\"PropertyValueSpecification\",\"valueRequired\":true,\"valueName\":\"search_term_string\"}}],\"inLanguage\":\"es\"},{\"@type\":\"Organization\",\"@id\":\"https:\\\/\\\/www.iceireland.com\\\/es\\\/#organization\",\"name\":\"Irish College of English\",\"url\":\"https:\\\/\\\/www.iceireland.com\\\/es\\\/\",\"logo\":{\"@type\":\"ImageObject\",\"inLanguage\":\"es\",\"@id\":\"https:\\\/\\\/www.iceireland.com\\\/es\\\/#\\\/schema\\\/logo\\\/image\\\/\",\"url\":\"https:\\\/\\\/www.iceireland.com\\\/wp-content\\\/uploads\\\/2022\\\/03\\\/logo.png\",\"contentUrl\":\"https:\\\/\\\/www.iceireland.com\\\/wp-content\\\/uploads\\\/2022\\\/03\\\/logo.png\",\"width\":593,\"height\":92,\"caption\":\"Irish College of English\"},\"image\":{\"@id\":\"https:\\\/\\\/www.iceireland.com\\\/es\\\/#\\\/schema\\\/logo\\\/image\\\/\"}}]}<\/script>\n<!-- \/ Yoast SEO plugin. -->","yoast_head_json":{"title":"Coronavirus y programas del Irish College of English - Irish College of English","robots":{"index":"index","follow":"follow","max-snippet":"max-snippet:-1","max-image-preview":"max-image-preview:large","max-video-preview":"max-video-preview:-1"},"canonical":"https:\/\/www.iceireland.com\/es\/coronavirus-and-irish-college-of-english-programmes\/","og_locale":"es_ES","og_type":"article","og_title":"Coronavirus y programas del Irish College of English - Irish College of English","og_description":"Con fecha 7 de marzo de 2022 Programas Covid-19 e Irish College of English Grandes noticias Se han eliminado todas las restricciones COVID-19 para viajar a Irlanda. Ya no necesitas rellenar un formulario de localizaci\u00f3n de pasajeros. Tampoco necesitas ya una prueba de vacunaci\u00f3n o recuperaci\u00f3n, ni una prueba de COVID-19. En Irlanda no existen [&hellip;]","og_url":"https:\/\/www.iceireland.com\/es\/coronavirus-and-irish-college-of-english-programmes\/","og_site_name":"Irish College of English","article_modified_time":"2026-01-30T16:26:08+00:00","twitter_misc":{"Tiempo de lectura":"5 minutos"},"schema":{"@context":"https:\/\/schema.org","@graph":[{"@type":"WebPage","@id":"https:\/\/www.iceireland.com\/es\/coronavirus-and-irish-college-of-english-programmes\/","url":"https:\/\/www.iceireland.com\/es\/coronavirus-and-irish-college-of-english-programmes\/","name":"Coronavirus y programas del Irish College of English - Irish College of English","isPartOf":{"@id":"https:\/\/www.iceireland.com\/es\/#website"},"datePublished":"2020-02-27T10:40:47+00:00","dateModified":"2026-01-30T16:26:08+00:00","breadcrumb":{"@id":"https:\/\/www.iceireland.com\/es\/coronavirus-and-irish-college-of-english-programmes\/#breadcrumb"},"inLanguage":"es","potentialAction":[{"@type":"ReadAction","target":["https:\/\/www.iceireland.com\/es\/coronavirus-and-irish-college-of-english-programmes\/"]}]},{"@type":"BreadcrumbList","@id":"https:\/\/www.iceireland.com\/es\/coronavirus-and-irish-college-of-english-programmes\/#breadcrumb","itemListElement":[{"@type":"ListItem","position":1,"name":"Home","item":"https:\/\/www.iceireland.com\/es\/"},{"@type":"ListItem","position":2,"name":"Coronavirus y programas del Irish College of English"}]},{"@type":"WebSite","@id":"https:\/\/www.iceireland.com\/es\/#website","url":"https:\/\/www.iceireland.com\/es\/","name":"Irish College of English","description":"English School in Dublin, Malahide","publisher":{"@id":"https:\/\/www.iceireland.com\/es\/#organization"},"potentialAction":[{"@type":"SearchAction","target":{"@type":"EntryPoint","urlTemplate":"https:\/\/www.iceireland.com\/es\/?s={search_term_string}"},"query-input":{"@type":"PropertyValueSpecification","valueRequired":true,"valueName":"search_term_string"}}],"inLanguage":"es"},{"@type":"Organization","@id":"https:\/\/www.iceireland.com\/es\/#organization","name":"Irish College of English","url":"https:\/\/www.iceireland.com\/es\/","logo":{"@type":"ImageObject","inLanguage":"es","@id":"https:\/\/www.iceireland.com\/es\/#\/schema\/logo\/image\/","url":"https:\/\/www.iceireland.com\/wp-content\/uploads\/2022\/03\/logo.png","contentUrl":"https:\/\/www.iceireland.com\/wp-content\/uploads\/2022\/03\/logo.png","width":593,"height":92,"caption":"Irish College of English"},"image":{"@id":"https:\/\/www.iceireland.com\/es\/#\/schema\/logo\/image\/"}}]}},"_links":{"self":[{"href":"https:\/\/www.iceireland.com\/es\/wp-json\/wp\/v2\/pages\/32101","targetHints":{"allow":["GET"]}}],"collection":[{"href":"https:\/\/www.iceireland.com\/es\/wp-json\/wp\/v2\/pages"}],"about":[{"href":"https:\/\/www.iceireland.com\/es\/wp-json\/wp\/v2\/types\/page"}],"author":[{"embeddable":true,"href":"https:\/\/www.iceireland.com\/es\/wp-json\/wp\/v2\/users\/3"}],"replies":[{"embeddable":true,"href":"https:\/\/www.iceireland.com\/es\/wp-json\/wp\/v2\/comments?post=32101"}],"version-history":[{"count":1,"href":"https:\/\/www.iceireland.com\/es\/wp-json\/wp\/v2\/pages\/32101\/revisions"}],"predecessor-version":[{"id":32103,"href":"https:\/\/www.iceireland.com\/es\/wp-json\/wp\/v2\/pages\/32101\/revisions\/32103"}],"wp:attachment":[{"href":"https:\/\/www.iceireland.com\/es\/wp-json\/wp\/v2\/media?parent=32101"}],"curies":[{"name":"wp","href":"https:\/\/api.w.org\/{rel}","templated":true}]}}