{"id":32127,"date":"2014-10-20T09:11:13","date_gmt":"2014-10-20T09:11:13","guid":{"rendered":"https:\/\/www.iceireland.com\/learn-english-ireland-host-family\/"},"modified":"2026-01-30T16:27:09","modified_gmt":"2026-01-30T16:27:09","slug":"learn-english-ireland-host-family","status":"publish","type":"page","link":"https:\/\/www.iceireland.com\/es\/learn-english-ireland-host-family\/","title":{"rendered":"Aprender ingl\u00e9s Irlanda Familia de acogida"},"content":{"rendered":"<h2><strong>Alojamiento en familia  <\/strong><\/h2>\n<p><strong style=\"color: #339966; line-height: 1.5;\"> <\/strong><\/p>\n<blockquote>\n<h4 style=\"text-align: justify;\"><span style=\"color: #808080;\">Familias acogedoras y de calidad, todas ellas a poca distancia a pie o en autob\u00fas de nuestra escuela.<\/span><\/h4>\n<h4 style=\"text-align: justify;\"><span style=\"color: #808080;\">La mayor\u00eda de las familias acogen a dos o tres estudiantes<\/span><\/h4>\n<h4 style=\"text-align: justify;\"><span style=\"color: #808080;\">El Coordinador de Familias de Acogida durante todo el a\u00f1o garantiza la calidad y la Carta de Familias de Acogida est\u00e1 en vigor<\/span><\/h4>\n<\/blockquote>\n<h3 style=\"text-align: justify;\"><\/h3>\n<p style=\"text-align: justify;\"><strong>Familias de Acogida de Calidad con el Irish College of English &#8211;<\/strong> Aprende ingl\u00e9s en nuestra Escuela de Ingl\u00e9s de Calidad y al\u00f3jate con<strong>Familias<\/strong> <strong>de Acogida Irlandesas Amistosas y Acogedoras <\/strong> con Habitaciones C\u00f3modas a poca distancia a pie o a un trayecto muy corto en autob\u00fas de nuestras Escuelas de Ingl\u00e9s.  <strong><br \/>\n<\/strong><\/p>\n<p style=\"text-align: justify;\">Organizamos estancias para estudiantes que deseen vivir con una familia irlandesa para una estancia verdaderamente ling\u00fc\u00edstica en Irlanda. Los irlandeses tienen una tradici\u00f3n de hospitalidad y calidez. Esta tradici\u00f3n es conocida en todo el mundo y ha sido un factor importante para atraer a miles de estudiantes a estudiar ingl\u00e9s en Irlanda. El alojamiento de calidad es un punto clave en el Irish College of English. Nuestras ubicaciones son excelentes y Malahide es una de las zonas m\u00e1s prestigiosas de Dubl\u00edn para vivir. S\u00f3lo utilizamos alojamientos de familias de acogida situados a poca distancia a pie o a un trayecto muy corto en autob\u00fas de nuestras Escuelas, y como trabajamos todo el a\u00f1o, establecemos s\u00f3lidas relaciones con la comunidad y con todas nuestras familias de acogida. Tenemos un miembro del personal a tiempo completo dedicado a visitar y garantizar la calidad de nuestras estancias en casa.      <\/p>\n<p style=\"text-align: justify;\"><strong>El bienestar de los estudiantes es nuestra principal preocupaci\u00f3n<\/strong> y elegimos a nuestras familias con sumo cuidado para garantizar el m\u00e1ximo confort. Adem\u00e1s, contamos con una Carta de Estancia en Familia que establece claramente las normas y nuestras pol\u00edticas relativas a todos los Programas de Familia de Acogida de Learn English Ireland. Los estudiantes pueden ser colocados con otros estudiantes internacionales, desarrollando as\u00ed nuevas amistades con j\u00f3venes de todo el mundo. Podemos garantizar a los estudiantes una excelente estancia en familia de acogida y las opiniones de nuestros estudiantes as\u00ed lo atestiguan. Se ofrece pensi\u00f3n completa con desayuno, comida para llevar y cena, haciendo hincapi\u00e9 en una dieta nutritiva. Los estudiantes se convierten en miembros de la familia durante su estancia y se integran en la vida familiar normal. Podemos garantizar a los estudiantes una excelente estancia en una familia de acogida y los comentarios de nuestros estudiantes as\u00ed lo atestiguan.      <\/p>\n<p>La mayor\u00eda de las familias acogen de 1 a 3 estudiantes en cualquier momento. Si tienes peticiones especiales   <a href=\"https:\/\/www.iceireland.com\/wp-content\/uploads\/2014\/10\/Homestay-for-Teenagers-on-Junior-English-Summer-Camps-Ireland.jpg\"><img fetchpriority=\"high\" decoding=\"async\" class=\"alignright wp-image-1827\" title=\"Alojamiento en familia para adolescentes en campamentos de verano de ingl\u00e9s junior en Irlanda\" src=\"https:\/\/www.iceireland.com\/wp-content\/uploads\/2014\/10\/Homestay-for-Teenagers-on-Junior-English-Summer-Camps-Ireland.jpg\" alt=\"Alojamiento en familia para adolescentes en campamentos de verano de ingl\u00e9s junior en Irlanda\" width=\"533\" height=\"445\" srcset=\"https:\/\/www.iceireland.com\/wp-content\/uploads\/2014\/10\/Homestay-for-Teenagers-on-Junior-English-Summer-Camps-Ireland.jpg 572w, https:\/\/www.iceireland.com\/wp-content\/uploads\/2014\/10\/Homestay-for-Teenagers-on-Junior-English-Summer-Camps-Ireland-300x250.jpg 300w\" sizes=\"(max-width: 533px) 100vw, 533px\" \/><\/a>En cuanto al alojamiento en familias de acogida, estaremos encantados de intentar cumplir estos requisitos siempre que sea posible. Todas las familias de acogida se encuentran a poca distancia a pie o a un corto trayecto en autob\u00fas de nuestra escuela y han sido verificadas por nuestro personal. <\/p>\n<h3><\/h3>\n<h3>Un d\u00eda t\u00edpico con una familia de acogida &#8216;Un hogar lejos del hogar&#8217;<\/h3>\n<ul>\n<li><strong><span style=\"color: #808080;\">Los estudiantes son despertados por su madre de acogida, se duchan y desayunan<\/span><\/strong><\/li>\n<li><strong><span style=\"color: #808080;\">Los alumnos reciben un almuerzo para llevar durante el d\u00eda<\/span><\/strong><\/li>\n<li><strong><span style=\"color: #808080;\">Los alumnos van andando a la escuela o hacen un trayecto muy corto en autob\u00fas y <\/span><\/strong><strong><span style=\"color: #808080;\">regresan a casa sobre las 18.00 h despu\u00e9s de su programa de clases y actividades<\/span><\/strong><\/li>\n<li><strong><span style=\"color: #808080;\">Al volver a casa, los estudiantes cenan con su familia de acogida y charlan sobre lo ocurrido ese d\u00eda<\/span><\/strong><\/li>\n<li><strong><span style=\"color: #808080;\">Los estudiantes pueden pasar la tarde <\/span><\/strong><strong><span style=\"color: #808080;\">relaj\u00e1ndose y charlando con la familia o reuni\u00e9ndose con amigos en la localidad<\/span><\/strong><\/li>\n<li><strong><span style=\"color: #808080;\">Se aplica un estricto toque de queda a las 21.30 horas, cuando todos los alumnos deben estar en casa<\/span><\/strong><\/li>\n<li><strong><span style=\"color: #808080;\">Los alumnos y las familias tienen acceso las 24 horas a un n\u00famero de tel\u00e9fono de emergencia y un miembro de nuestro equipo est\u00e1 siempre de guardia para ayudar<\/span><\/strong><\/li>\n<\/ul>\n<h2><\/h2>\n","protected":false},"excerpt":{"rendered":"<p>Alojamiento en familia Familias acogedoras y de calidad, todas ellas a poca distancia a pie o en autob\u00fas de nuestra escuela. La mayor\u00eda de las familias acogen a dos o tres estudiantes El Coordinador de Familias de Acogida durante todo el a\u00f1o garantiza la calidad y la Carta de Familias de Acogida est\u00e1 en vigor [&hellip;]<\/p>\n","protected":false},"author":1,"featured_media":0,"parent":0,"menu_order":0,"comment_status":"open","ping_status":"open","template":"","meta":{"content-type":"","footnotes":""},"class_list":["post-32127","page","type-page","status-publish","hentry"],"yoast_head":"<!-- This site is optimized with the Yoast SEO plugin v27.3 - https:\/\/yoast.com\/product\/yoast-seo-wordpress\/ -->\n<title>Aprende ingl\u00e9s en Irlanda Familia de acogida a poca distancia a pie\/Viaje en autob\u00fas muy corto<\/title>\n<meta name=\"description\" content=\"Reserva un Campamento de Verano de Ingl\u00e9s Junior con el Irish College of English y aseg\u00farate un alojamiento de calidad con una familia de acogida a poca distancia a pie o a un trayecto muy corto en autob\u00fas de nuestra escuela.\" \/>\n<meta name=\"robots\" content=\"index, follow, max-snippet:-1, max-image-preview:large, max-video-preview:-1\" \/>\n<link rel=\"canonical\" href=\"https:\/\/www.iceireland.com\/es\/learn-english-ireland-host-family\/\" \/>\n<meta property=\"og:locale\" content=\"es_ES\" \/>\n<meta property=\"og:type\" content=\"article\" \/>\n<meta property=\"og:title\" content=\"Aprende ingl\u00e9s en Irlanda Familia de acogida a poca distancia a pie\/Viaje en autob\u00fas muy corto\" \/>\n<meta property=\"og:description\" content=\"Reserva un Campamento de Verano de Ingl\u00e9s Junior con el Irish College of English y aseg\u00farate un alojamiento de calidad con una familia de acogida a poca distancia a pie o a un trayecto muy corto en autob\u00fas de nuestra escuela.\" \/>\n<meta property=\"og:url\" content=\"https:\/\/www.iceireland.com\/es\/learn-english-ireland-host-family\/\" \/>\n<meta property=\"og:site_name\" content=\"Irish College of English\" \/>\n<meta property=\"article:modified_time\" content=\"2026-01-30T16:27:09+00:00\" \/>\n<meta property=\"og:image\" content=\"https:\/\/www.iceireland.com\/wp-content\/uploads\/2014\/10\/Homestay-for-Teenagers-on-Junior-English-Summer-Camps-Ireland.jpg\" \/>\n\t<meta property=\"og:image:width\" content=\"572\" \/>\n\t<meta property=\"og:image:height\" content=\"477\" \/>\n\t<meta property=\"og:image:type\" content=\"image\/jpeg\" \/>\n<meta name=\"twitter:label1\" content=\"Tiempo de lectura\" \/>\n\t<meta name=\"twitter:data1\" content=\"3 minutos\" \/>\n<script type=\"application\/ld+json\" class=\"yoast-schema-graph\">{\"@context\":\"https:\\\/\\\/schema.org\",\"@graph\":[{\"@type\":\"WebPage\",\"@id\":\"https:\\\/\\\/www.iceireland.com\\\/es\\\/learn-english-ireland-host-family\\\/\",\"url\":\"https:\\\/\\\/www.iceireland.com\\\/es\\\/learn-english-ireland-host-family\\\/\",\"name\":\"Aprende ingl\u00e9s en Irlanda Familia de acogida a poca distancia a pie\\\/Viaje en autob\u00fas muy corto\",\"isPartOf\":{\"@id\":\"https:\\\/\\\/www.iceireland.com\\\/es\\\/#website\"},\"primaryImageOfPage\":{\"@id\":\"https:\\\/\\\/www.iceireland.com\\\/es\\\/learn-english-ireland-host-family\\\/#primaryimage\"},\"image\":{\"@id\":\"https:\\\/\\\/www.iceireland.com\\\/es\\\/learn-english-ireland-host-family\\\/#primaryimage\"},\"thumbnailUrl\":\"https:\\\/\\\/www.iceireland.com\\\/wp-content\\\/uploads\\\/2014\\\/10\\\/Homestay-for-Teenagers-on-Junior-English-Summer-Camps-Ireland.jpg\",\"datePublished\":\"2014-10-20T09:11:13+00:00\",\"dateModified\":\"2026-01-30T16:27:09+00:00\",\"description\":\"Reserva un Campamento de Verano de Ingl\u00e9s Junior con el Irish College of English y aseg\u00farate un alojamiento de calidad con una familia de acogida a poca distancia a pie o a un trayecto muy corto en autob\u00fas de nuestra escuela.\",\"breadcrumb\":{\"@id\":\"https:\\\/\\\/www.iceireland.com\\\/es\\\/learn-english-ireland-host-family\\\/#breadcrumb\"},\"inLanguage\":\"es\",\"potentialAction\":[{\"@type\":\"ReadAction\",\"target\":[\"https:\\\/\\\/www.iceireland.com\\\/es\\\/learn-english-ireland-host-family\\\/\"]}]},{\"@type\":\"ImageObject\",\"inLanguage\":\"es\",\"@id\":\"https:\\\/\\\/www.iceireland.com\\\/es\\\/learn-english-ireland-host-family\\\/#primaryimage\",\"url\":\"https:\\\/\\\/www.iceireland.com\\\/wp-content\\\/uploads\\\/2014\\\/10\\\/Homestay-for-Teenagers-on-Junior-English-Summer-Camps-Ireland.jpg\",\"contentUrl\":\"https:\\\/\\\/www.iceireland.com\\\/wp-content\\\/uploads\\\/2014\\\/10\\\/Homestay-for-Teenagers-on-Junior-English-Summer-Camps-Ireland.jpg\"},{\"@type\":\"BreadcrumbList\",\"@id\":\"https:\\\/\\\/www.iceireland.com\\\/es\\\/learn-english-ireland-host-family\\\/#breadcrumb\",\"itemListElement\":[{\"@type\":\"ListItem\",\"position\":1,\"name\":\"Home\",\"item\":\"https:\\\/\\\/www.iceireland.com\\\/es\\\/\"},{\"@type\":\"ListItem\",\"position\":2,\"name\":\"Aprender ingl\u00e9s Irlanda Familia de acogida\"}]},{\"@type\":\"WebSite\",\"@id\":\"https:\\\/\\\/www.iceireland.com\\\/es\\\/#website\",\"url\":\"https:\\\/\\\/www.iceireland.com\\\/es\\\/\",\"name\":\"Irish College of English\",\"description\":\"English School in Dublin, Malahide\",\"publisher\":{\"@id\":\"https:\\\/\\\/www.iceireland.com\\\/es\\\/#organization\"},\"potentialAction\":[{\"@type\":\"SearchAction\",\"target\":{\"@type\":\"EntryPoint\",\"urlTemplate\":\"https:\\\/\\\/www.iceireland.com\\\/es\\\/?s={search_term_string}\"},\"query-input\":{\"@type\":\"PropertyValueSpecification\",\"valueRequired\":true,\"valueName\":\"search_term_string\"}}],\"inLanguage\":\"es\"},{\"@type\":\"Organization\",\"@id\":\"https:\\\/\\\/www.iceireland.com\\\/es\\\/#organization\",\"name\":\"Irish College of English\",\"url\":\"https:\\\/\\\/www.iceireland.com\\\/es\\\/\",\"logo\":{\"@type\":\"ImageObject\",\"inLanguage\":\"es\",\"@id\":\"https:\\\/\\\/www.iceireland.com\\\/es\\\/#\\\/schema\\\/logo\\\/image\\\/\",\"url\":\"https:\\\/\\\/www.iceireland.com\\\/wp-content\\\/uploads\\\/2022\\\/03\\\/logo.png\",\"contentUrl\":\"https:\\\/\\\/www.iceireland.com\\\/wp-content\\\/uploads\\\/2022\\\/03\\\/logo.png\",\"width\":593,\"height\":92,\"caption\":\"Irish College of English\"},\"image\":{\"@id\":\"https:\\\/\\\/www.iceireland.com\\\/es\\\/#\\\/schema\\\/logo\\\/image\\\/\"}}]}<\/script>\n<!-- \/ Yoast SEO plugin. -->","yoast_head_json":{"title":"Aprende ingl\u00e9s en Irlanda Familia de acogida a poca distancia a pie\/Viaje en autob\u00fas muy corto","description":"Reserva un Campamento de Verano de Ingl\u00e9s Junior con el Irish College of English y aseg\u00farate un alojamiento de calidad con una familia de acogida a poca distancia a pie o a un trayecto muy corto en autob\u00fas de nuestra escuela.","robots":{"index":"index","follow":"follow","max-snippet":"max-snippet:-1","max-image-preview":"max-image-preview:large","max-video-preview":"max-video-preview:-1"},"canonical":"https:\/\/www.iceireland.com\/es\/learn-english-ireland-host-family\/","og_locale":"es_ES","og_type":"article","og_title":"Aprende ingl\u00e9s en Irlanda Familia de acogida a poca distancia a pie\/Viaje en autob\u00fas muy corto","og_description":"Reserva un Campamento de Verano de Ingl\u00e9s Junior con el Irish College of English y aseg\u00farate un alojamiento de calidad con una familia de acogida a poca distancia a pie o a un trayecto muy corto en autob\u00fas de nuestra escuela.","og_url":"https:\/\/www.iceireland.com\/es\/learn-english-ireland-host-family\/","og_site_name":"Irish College of English","article_modified_time":"2026-01-30T16:27:09+00:00","og_image":[{"width":572,"height":477,"url":"https:\/\/www.iceireland.com\/wp-content\/uploads\/2014\/10\/Homestay-for-Teenagers-on-Junior-English-Summer-Camps-Ireland.jpg","type":"image\/jpeg"}],"twitter_misc":{"Tiempo de lectura":"3 minutos"},"schema":{"@context":"https:\/\/schema.org","@graph":[{"@type":"WebPage","@id":"https:\/\/www.iceireland.com\/es\/learn-english-ireland-host-family\/","url":"https:\/\/www.iceireland.com\/es\/learn-english-ireland-host-family\/","name":"Aprende ingl\u00e9s en Irlanda Familia de acogida a poca distancia a pie\/Viaje en autob\u00fas muy corto","isPartOf":{"@id":"https:\/\/www.iceireland.com\/es\/#website"},"primaryImageOfPage":{"@id":"https:\/\/www.iceireland.com\/es\/learn-english-ireland-host-family\/#primaryimage"},"image":{"@id":"https:\/\/www.iceireland.com\/es\/learn-english-ireland-host-family\/#primaryimage"},"thumbnailUrl":"https:\/\/www.iceireland.com\/wp-content\/uploads\/2014\/10\/Homestay-for-Teenagers-on-Junior-English-Summer-Camps-Ireland.jpg","datePublished":"2014-10-20T09:11:13+00:00","dateModified":"2026-01-30T16:27:09+00:00","description":"Reserva un Campamento de Verano de Ingl\u00e9s Junior con el Irish College of English y aseg\u00farate un alojamiento de calidad con una familia de acogida a poca distancia a pie o a un trayecto muy corto en autob\u00fas de nuestra escuela.","breadcrumb":{"@id":"https:\/\/www.iceireland.com\/es\/learn-english-ireland-host-family\/#breadcrumb"},"inLanguage":"es","potentialAction":[{"@type":"ReadAction","target":["https:\/\/www.iceireland.com\/es\/learn-english-ireland-host-family\/"]}]},{"@type":"ImageObject","inLanguage":"es","@id":"https:\/\/www.iceireland.com\/es\/learn-english-ireland-host-family\/#primaryimage","url":"https:\/\/www.iceireland.com\/wp-content\/uploads\/2014\/10\/Homestay-for-Teenagers-on-Junior-English-Summer-Camps-Ireland.jpg","contentUrl":"https:\/\/www.iceireland.com\/wp-content\/uploads\/2014\/10\/Homestay-for-Teenagers-on-Junior-English-Summer-Camps-Ireland.jpg"},{"@type":"BreadcrumbList","@id":"https:\/\/www.iceireland.com\/es\/learn-english-ireland-host-family\/#breadcrumb","itemListElement":[{"@type":"ListItem","position":1,"name":"Home","item":"https:\/\/www.iceireland.com\/es\/"},{"@type":"ListItem","position":2,"name":"Aprender ingl\u00e9s Irlanda Familia de acogida"}]},{"@type":"WebSite","@id":"https:\/\/www.iceireland.com\/es\/#website","url":"https:\/\/www.iceireland.com\/es\/","name":"Irish College of English","description":"English School in Dublin, Malahide","publisher":{"@id":"https:\/\/www.iceireland.com\/es\/#organization"},"potentialAction":[{"@type":"SearchAction","target":{"@type":"EntryPoint","urlTemplate":"https:\/\/www.iceireland.com\/es\/?s={search_term_string}"},"query-input":{"@type":"PropertyValueSpecification","valueRequired":true,"valueName":"search_term_string"}}],"inLanguage":"es"},{"@type":"Organization","@id":"https:\/\/www.iceireland.com\/es\/#organization","name":"Irish College of English","url":"https:\/\/www.iceireland.com\/es\/","logo":{"@type":"ImageObject","inLanguage":"es","@id":"https:\/\/www.iceireland.com\/es\/#\/schema\/logo\/image\/","url":"https:\/\/www.iceireland.com\/wp-content\/uploads\/2022\/03\/logo.png","contentUrl":"https:\/\/www.iceireland.com\/wp-content\/uploads\/2022\/03\/logo.png","width":593,"height":92,"caption":"Irish College of English"},"image":{"@id":"https:\/\/www.iceireland.com\/es\/#\/schema\/logo\/image\/"}}]}},"_links":{"self":[{"href":"https:\/\/www.iceireland.com\/es\/wp-json\/wp\/v2\/pages\/32127","targetHints":{"allow":["GET"]}}],"collection":[{"href":"https:\/\/www.iceireland.com\/es\/wp-json\/wp\/v2\/pages"}],"about":[{"href":"https:\/\/www.iceireland.com\/es\/wp-json\/wp\/v2\/types\/page"}],"author":[{"embeddable":true,"href":"https:\/\/www.iceireland.com\/es\/wp-json\/wp\/v2\/users\/1"}],"replies":[{"embeddable":true,"href":"https:\/\/www.iceireland.com\/es\/wp-json\/wp\/v2\/comments?post=32127"}],"version-history":[{"count":1,"href":"https:\/\/www.iceireland.com\/es\/wp-json\/wp\/v2\/pages\/32127\/revisions"}],"predecessor-version":[{"id":32130,"href":"https:\/\/www.iceireland.com\/es\/wp-json\/wp\/v2\/pages\/32127\/revisions\/32130"}],"wp:attachment":[{"href":"https:\/\/www.iceireland.com\/es\/wp-json\/wp\/v2\/media?parent=32127"}],"curies":[{"name":"wp","href":"https:\/\/api.w.org\/{rel}","templated":true}]}}