{"id":32183,"date":"2014-10-20T13:45:06","date_gmt":"2014-10-20T13:45:06","guid":{"rendered":"https:\/\/www.iceireland.com\/useful-info\/english-language-school-in-dublin-ireland\/"},"modified":"2014-10-20T13:45:06","modified_gmt":"2014-10-20T13:45:06","slug":"english-language-school-in-dublin-ireland","status":"publish","type":"page","link":"https:\/\/www.iceireland.com\/es\/useful-info\/english-language-school-in-dublin-ireland\/","title":{"rendered":"Escuela de ingl\u00e9s en Dubl\u00edn Irlanda"},"content":{"rendered":"<h3>Centro de Estudios Ingleses para la Excelencia<\/h3>\n<p>Establecido por primera vez en 1992 como escuela de ingl\u00e9s en Dubl\u00edn (Irlanda), el Irish College of English es un proveedor de educaci\u00f3n de calidad y est\u00e1 reconocido por el Ministerio de Educaci\u00f3n como centro de ense\u00f1anza de ingl\u00e9s como lengua extranjera durante todo el a\u00f1o. Nuestros programas de estudios est\u00e1n cuidadosamente dise\u00f1ados para satisfacer las necesidades de nuestros alumnos y cada estudiante es calificado a su llegada y colocado en una clase adecuada. Al finalizar el curso, los alumnos reciben un informe individual de salida y un certificado de aprovechamiento.  <\/p>\n<h3>Nivel Elemental a Nivel Avanzado<\/h3>\n<p>Las clases abarcan desde el nivel elemental hasta el avanzado, y todos los estudiantes son examinados a su llegada y asignados a la clase que mejor se adapte a su nivel de ingl\u00e9s. Todos los cursos de nuestra escuela de idiomas se centran en la comunicaci\u00f3n a trav\u00e9s del ingl\u00e9s hablado y escrito. Nuestros profesores, altamente cualificados, fijan a los alumnos objetivos de aprendizaje claros y utilizan las mejores t\u00e9cnicas para proporcionarles pr\u00e1ctica oral, escrita, auditiva, lectora y gramatical de la lengua inglesa.  <\/p>\n<h3>Factores de las escuelas de ingl\u00e9s del ICE que ayudan a nuestros alumnos a destacar:<\/h3>\n<ul>\n<li>Los alumnos participan en actividades comunicativas para desarrollar su capacidad de hablar, escuchar, leer y escribir en ingl\u00e9s. Se hace hincapi\u00e9 en el uso de textos y materiales aut\u00e9nticos para fomentar la conciencia cultural de los alumnos durante su curso en el Irish College of English. <\/li>\n<li>La evaluaci\u00f3n continua y el movimiento a trav\u00e9s de los niveles de la clase garantizan que los alumnos aprendan siempre al ritmo m\u00e1s adecuado a sus necesidades.<\/li>\n<li>Nuestros dedicados profesores ofrecen un excelente apoyo y supervisi\u00f3n a los estudiantes y est\u00e1n siempre disponibles para ayudarles y proporcionarles materiales adicionales.<\/li>\n<li>Si lo solicitas, podemos ofrecer clases individuales adaptadas a las necesidades espec\u00edficas de los alumnos.<\/li>\n<li>Los estudiantes tienen a su disposici\u00f3n la biblioteca y acceso gratuito a Internet de alta velocidad y al correo electr\u00f3nico para desarrollar su base de conocimientos de ingl\u00e9s.<\/li>\n<\/ul>\n<h3>Profesores profesionales de ingl\u00e9s<\/h3>\n<p>Todo nuestro personal docente est\u00e1 cualificado profesionalmente, con un t\u00edtulo de primaria y una titulaci\u00f3n TEFL (Teaching English as a Foreign Language) reconocida, y son profesores nativos de ingl\u00e9s con experiencia. Los excelentes comentarios de nuestros alumnos dan fe de la calidad de nuestra ense\u00f1anza y del esfuerzo que hacen nuestros profesores para garantizar que todos los alumnos est\u00e9n motivados y progresen adecuadamente en clase. Nuestra \u00e9tica docente es que las clases no s\u00f3lo sean educativas, sino tambi\u00e9n divertidas y entretenidas, fomentando as\u00ed el aprendizaje en un ambiente relajado.  <\/p>\n<h3>Escuela de Ingl\u00e9s Dubl\u00edn Moderno<\/h3>\n<p>Los estudiantes que aprenden ingl\u00e9s en el Irish College of English pueden disfrutar de las excelentes instalaciones de las modernas escuelas de idiomas y de los centros de estudios de ingl\u00e9s (CES) de alta calidad. Los centros de idiomas son luminosos y espaciosos y se han reformado recientemente. Nuestras aulas tienen capacidad para un m\u00e1ximo de 15 alumnos y todos los estudiantes disponen de pupitres individuales. Disponemos de una gran sala de estudiantes, que utilizamos regularmente para actividades de grupo cuando las clases se juntan. Tambi\u00e9n est\u00e1 disponible como zona de estudio para los alumnos. Las escuelas disponen de una zona com\u00fan para estudiantes con c\u00f3modos sillones y acceso gratuito a Internet de alta velocidad. Es un buen lugar para conocer a otros estudiantes y relajarse entre clase y clase.      <\/p>\n<p>Tambi\u00e9n disponemos de una biblioteca en la que los alumnos tienen acceso a una gran variedad de libros de ingl\u00e9s, incluidos libros de aprendizaje graduado, best sellers y libros de inter\u00e9s irland\u00e9s. Nuestros profesores tambi\u00e9n tienen acceso a la \u00faltima tecnolog\u00eda en ayudas audiovisuales para la ense\u00f1anza de idiomas en el aula. <\/p>\n","protected":false},"excerpt":{"rendered":"<p>Centro de Estudios Ingleses para la Excelencia Establecido por primera vez en 1992 como escuela de ingl\u00e9s en Dubl\u00edn (Irlanda), el Irish College of English es un proveedor de educaci\u00f3n de calidad y est\u00e1 reconocido por el Ministerio de Educaci\u00f3n como centro de ense\u00f1anza de ingl\u00e9s como lengua extranjera durante todo el a\u00f1o. Nuestros programas [&hellip;]<\/p>\n","protected":false},"author":1,"featured_media":0,"parent":31917,"menu_order":0,"comment_status":"open","ping_status":"open","template":"","meta":{"content-type":"","footnotes":""},"class_list":["post-32183","page","type-page","status-publish","hentry"],"yoast_head":"<!-- This site is optimized with the Yoast SEO plugin v27.3 - https:\/\/yoast.com\/product\/yoast-seo-wordpress\/ -->\n<title>Escuela de ingl\u00e9s en Dubl\u00edn Irlanda<\/title>\n<meta name=\"description\" content=\"Creado en 1992 como Escuela de Ingl\u00e9s en Dubl\u00edn, Irlanda, el Irish College of English es un proveedor de educaci\u00f3n de calidad y est\u00e1 reconocido por el Ministerio de Educaci\u00f3n.\" \/>\n<meta name=\"robots\" content=\"index, follow, max-snippet:-1, max-image-preview:large, max-video-preview:-1\" \/>\n<link rel=\"canonical\" href=\"https:\/\/www.iceireland.com\/es\/useful-info\/english-language-school-in-dublin-ireland\/\" \/>\n<meta property=\"og:locale\" content=\"es_ES\" \/>\n<meta property=\"og:type\" content=\"article\" \/>\n<meta property=\"og:title\" content=\"Escuela de ingl\u00e9s en Dubl\u00edn Irlanda\" \/>\n<meta property=\"og:description\" content=\"Creado en 1992 como Escuela de Ingl\u00e9s en Dubl\u00edn, Irlanda, el Irish College of English es un proveedor de educaci\u00f3n de calidad y est\u00e1 reconocido por el Ministerio de Educaci\u00f3n.\" \/>\n<meta property=\"og:url\" content=\"https:\/\/www.iceireland.com\/es\/useful-info\/english-language-school-in-dublin-ireland\/\" \/>\n<meta property=\"og:site_name\" content=\"Irish College of English\" \/>\n<meta name=\"twitter:label1\" content=\"Tiempo de lectura\" \/>\n\t<meta name=\"twitter:data1\" content=\"3 minutos\" \/>\n<script type=\"application\/ld+json\" class=\"yoast-schema-graph\">{\"@context\":\"https:\\\/\\\/schema.org\",\"@graph\":[{\"@type\":\"WebPage\",\"@id\":\"https:\\\/\\\/www.iceireland.com\\\/es\\\/useful-info\\\/english-language-school-in-dublin-ireland\\\/\",\"url\":\"https:\\\/\\\/www.iceireland.com\\\/es\\\/useful-info\\\/english-language-school-in-dublin-ireland\\\/\",\"name\":\"Escuela de ingl\u00e9s en Dubl\u00edn Irlanda\",\"isPartOf\":{\"@id\":\"https:\\\/\\\/www.iceireland.com\\\/es\\\/#website\"},\"datePublished\":\"2014-10-20T13:45:06+00:00\",\"description\":\"Creado en 1992 como Escuela de Ingl\u00e9s en Dubl\u00edn, Irlanda, el Irish College of English es un proveedor de educaci\u00f3n de calidad y est\u00e1 reconocido por el Ministerio de Educaci\u00f3n.\",\"breadcrumb\":{\"@id\":\"https:\\\/\\\/www.iceireland.com\\\/es\\\/useful-info\\\/english-language-school-in-dublin-ireland\\\/#breadcrumb\"},\"inLanguage\":\"es\",\"potentialAction\":[{\"@type\":\"ReadAction\",\"target\":[\"https:\\\/\\\/www.iceireland.com\\\/es\\\/useful-info\\\/english-language-school-in-dublin-ireland\\\/\"]}]},{\"@type\":\"BreadcrumbList\",\"@id\":\"https:\\\/\\\/www.iceireland.com\\\/es\\\/useful-info\\\/english-language-school-in-dublin-ireland\\\/#breadcrumb\",\"itemListElement\":[{\"@type\":\"ListItem\",\"position\":1,\"name\":\"Home\",\"item\":\"https:\\\/\\\/www.iceireland.com\\\/es\\\/\"},{\"@type\":\"ListItem\",\"position\":2,\"name\":\"Informaci\u00f3n \u00fatil\",\"item\":\"https:\\\/\\\/www.iceireland.com\\\/es\\\/useful-info\\\/\"},{\"@type\":\"ListItem\",\"position\":3,\"name\":\"Escuela de ingl\u00e9s en Dubl\u00edn Irlanda\"}]},{\"@type\":\"WebSite\",\"@id\":\"https:\\\/\\\/www.iceireland.com\\\/es\\\/#website\",\"url\":\"https:\\\/\\\/www.iceireland.com\\\/es\\\/\",\"name\":\"Irish College of English\",\"description\":\"English School in Dublin, Malahide\",\"publisher\":{\"@id\":\"https:\\\/\\\/www.iceireland.com\\\/es\\\/#organization\"},\"potentialAction\":[{\"@type\":\"SearchAction\",\"target\":{\"@type\":\"EntryPoint\",\"urlTemplate\":\"https:\\\/\\\/www.iceireland.com\\\/es\\\/?s={search_term_string}\"},\"query-input\":{\"@type\":\"PropertyValueSpecification\",\"valueRequired\":true,\"valueName\":\"search_term_string\"}}],\"inLanguage\":\"es\"},{\"@type\":\"Organization\",\"@id\":\"https:\\\/\\\/www.iceireland.com\\\/es\\\/#organization\",\"name\":\"Irish College of English\",\"url\":\"https:\\\/\\\/www.iceireland.com\\\/es\\\/\",\"logo\":{\"@type\":\"ImageObject\",\"inLanguage\":\"es\",\"@id\":\"https:\\\/\\\/www.iceireland.com\\\/es\\\/#\\\/schema\\\/logo\\\/image\\\/\",\"url\":\"https:\\\/\\\/www.iceireland.com\\\/wp-content\\\/uploads\\\/2022\\\/03\\\/logo.png\",\"contentUrl\":\"https:\\\/\\\/www.iceireland.com\\\/wp-content\\\/uploads\\\/2022\\\/03\\\/logo.png\",\"width\":593,\"height\":92,\"caption\":\"Irish College of English\"},\"image\":{\"@id\":\"https:\\\/\\\/www.iceireland.com\\\/es\\\/#\\\/schema\\\/logo\\\/image\\\/\"}}]}<\/script>\n<!-- \/ Yoast SEO plugin. -->","yoast_head_json":{"title":"Escuela de ingl\u00e9s en Dubl\u00edn Irlanda","description":"Creado en 1992 como Escuela de Ingl\u00e9s en Dubl\u00edn, Irlanda, el Irish College of English es un proveedor de educaci\u00f3n de calidad y est\u00e1 reconocido por el Ministerio de Educaci\u00f3n.","robots":{"index":"index","follow":"follow","max-snippet":"max-snippet:-1","max-image-preview":"max-image-preview:large","max-video-preview":"max-video-preview:-1"},"canonical":"https:\/\/www.iceireland.com\/es\/useful-info\/english-language-school-in-dublin-ireland\/","og_locale":"es_ES","og_type":"article","og_title":"Escuela de ingl\u00e9s en Dubl\u00edn Irlanda","og_description":"Creado en 1992 como Escuela de Ingl\u00e9s en Dubl\u00edn, Irlanda, el Irish College of English es un proveedor de educaci\u00f3n de calidad y est\u00e1 reconocido por el Ministerio de Educaci\u00f3n.","og_url":"https:\/\/www.iceireland.com\/es\/useful-info\/english-language-school-in-dublin-ireland\/","og_site_name":"Irish College of English","twitter_misc":{"Tiempo de lectura":"3 minutos"},"schema":{"@context":"https:\/\/schema.org","@graph":[{"@type":"WebPage","@id":"https:\/\/www.iceireland.com\/es\/useful-info\/english-language-school-in-dublin-ireland\/","url":"https:\/\/www.iceireland.com\/es\/useful-info\/english-language-school-in-dublin-ireland\/","name":"Escuela de ingl\u00e9s en Dubl\u00edn Irlanda","isPartOf":{"@id":"https:\/\/www.iceireland.com\/es\/#website"},"datePublished":"2014-10-20T13:45:06+00:00","description":"Creado en 1992 como Escuela de Ingl\u00e9s en Dubl\u00edn, Irlanda, el Irish College of English es un proveedor de educaci\u00f3n de calidad y est\u00e1 reconocido por el Ministerio de Educaci\u00f3n.","breadcrumb":{"@id":"https:\/\/www.iceireland.com\/es\/useful-info\/english-language-school-in-dublin-ireland\/#breadcrumb"},"inLanguage":"es","potentialAction":[{"@type":"ReadAction","target":["https:\/\/www.iceireland.com\/es\/useful-info\/english-language-school-in-dublin-ireland\/"]}]},{"@type":"BreadcrumbList","@id":"https:\/\/www.iceireland.com\/es\/useful-info\/english-language-school-in-dublin-ireland\/#breadcrumb","itemListElement":[{"@type":"ListItem","position":1,"name":"Home","item":"https:\/\/www.iceireland.com\/es\/"},{"@type":"ListItem","position":2,"name":"Informaci\u00f3n \u00fatil","item":"https:\/\/www.iceireland.com\/es\/useful-info\/"},{"@type":"ListItem","position":3,"name":"Escuela de ingl\u00e9s en Dubl\u00edn Irlanda"}]},{"@type":"WebSite","@id":"https:\/\/www.iceireland.com\/es\/#website","url":"https:\/\/www.iceireland.com\/es\/","name":"Irish College of English","description":"English School in Dublin, Malahide","publisher":{"@id":"https:\/\/www.iceireland.com\/es\/#organization"},"potentialAction":[{"@type":"SearchAction","target":{"@type":"EntryPoint","urlTemplate":"https:\/\/www.iceireland.com\/es\/?s={search_term_string}"},"query-input":{"@type":"PropertyValueSpecification","valueRequired":true,"valueName":"search_term_string"}}],"inLanguage":"es"},{"@type":"Organization","@id":"https:\/\/www.iceireland.com\/es\/#organization","name":"Irish College of English","url":"https:\/\/www.iceireland.com\/es\/","logo":{"@type":"ImageObject","inLanguage":"es","@id":"https:\/\/www.iceireland.com\/es\/#\/schema\/logo\/image\/","url":"https:\/\/www.iceireland.com\/wp-content\/uploads\/2022\/03\/logo.png","contentUrl":"https:\/\/www.iceireland.com\/wp-content\/uploads\/2022\/03\/logo.png","width":593,"height":92,"caption":"Irish College of English"},"image":{"@id":"https:\/\/www.iceireland.com\/es\/#\/schema\/logo\/image\/"}}]}},"_links":{"self":[{"href":"https:\/\/www.iceireland.com\/es\/wp-json\/wp\/v2\/pages\/32183","targetHints":{"allow":["GET"]}}],"collection":[{"href":"https:\/\/www.iceireland.com\/es\/wp-json\/wp\/v2\/pages"}],"about":[{"href":"https:\/\/www.iceireland.com\/es\/wp-json\/wp\/v2\/types\/page"}],"author":[{"embeddable":true,"href":"https:\/\/www.iceireland.com\/es\/wp-json\/wp\/v2\/users\/1"}],"replies":[{"embeddable":true,"href":"https:\/\/www.iceireland.com\/es\/wp-json\/wp\/v2\/comments?post=32183"}],"version-history":[{"count":0,"href":"https:\/\/www.iceireland.com\/es\/wp-json\/wp\/v2\/pages\/32183\/revisions"}],"up":[{"embeddable":true,"href":"https:\/\/www.iceireland.com\/es\/wp-json\/wp\/v2\/pages\/31917"}],"wp:attachment":[{"href":"https:\/\/www.iceireland.com\/es\/wp-json\/wp\/v2\/media?parent=32183"}],"curies":[{"name":"wp","href":"https:\/\/api.w.org\/{rel}","templated":true}]}}