{"id":32258,"date":"2015-01-14T12:14:36","date_gmt":"2015-01-14T12:14:36","guid":{"rendered":"https:\/\/www.iceireland.com\/blog\/"},"modified":"2026-01-30T16:32:45","modified_gmt":"2026-01-30T16:32:45","slug":"blog","status":"publish","type":"page","link":"https:\/\/www.iceireland.com\/es\/blog\/","title":{"rendered":"Blog"},"content":{"rendered":"","protected":false},"excerpt":{"rendered":"","protected":false},"author":3,"featured_media":0,"parent":0,"menu_order":0,"comment_status":"open","ping_status":"open","template":"","meta":{"content-type":"","footnotes":""},"class_list":["post-32258","page","type-page","status-publish","hentry"],"yoast_head":"<!-- This site is optimized with the Yoast SEO plugin v27.3 - https:\/\/yoast.com\/product\/yoast-seo-wordpress\/ -->\n<title>Blog - ICE Spain - Consejos de ingl\u00e9s<\/title>\n<meta name=\"description\" content=\"Visita nuestro sitio web para obtener m\u00e1s informaci\u00f3n sobre Ice Ireland. Nuestro blog contiene art\u00edculos como consejos y sugerencias sobre ingl\u00e9s, informaci\u00f3n sobre Irlanda e incluso \u00a1consejos de cocina!\" \/>\n<meta name=\"robots\" content=\"index, follow, max-snippet:-1, max-image-preview:large, max-video-preview:-1\" \/>\n<link rel=\"canonical\" href=\"https:\/\/www.iceireland.com\/es\/blog\/\" \/>\n<meta property=\"og:locale\" content=\"es_ES\" \/>\n<meta property=\"og:type\" content=\"article\" \/>\n<meta property=\"og:title\" content=\"Blog - ICE Spain - Consejos de ingl\u00e9s\" \/>\n<meta property=\"og:description\" content=\"Visita nuestro sitio web para obtener m\u00e1s informaci\u00f3n sobre Ice Ireland. Nuestro blog contiene art\u00edculos como consejos y sugerencias sobre ingl\u00e9s, informaci\u00f3n sobre Irlanda e incluso \u00a1consejos de cocina!\" \/>\n<meta property=\"og:url\" content=\"https:\/\/www.iceireland.com\/es\/blog\/\" \/>\n<meta property=\"og:site_name\" content=\"Irish College of English\" \/>\n<meta property=\"article:modified_time\" content=\"2026-01-30T16:32:45+00:00\" \/>\n<script type=\"application\/ld+json\" class=\"yoast-schema-graph\">{\"@context\":\"https:\\\/\\\/schema.org\",\"@graph\":[{\"@type\":\"WebPage\",\"@id\":\"https:\\\/\\\/www.iceireland.com\\\/es\\\/blog\\\/\",\"url\":\"https:\\\/\\\/www.iceireland.com\\\/es\\\/blog\\\/\",\"name\":\"Blog - ICE Spain - Consejos de ingl\u00e9s\",\"isPartOf\":{\"@id\":\"https:\\\/\\\/www.iceireland.com\\\/es\\\/#website\"},\"datePublished\":\"2015-01-14T12:14:36+00:00\",\"dateModified\":\"2026-01-30T16:32:45+00:00\",\"description\":\"Visita nuestro sitio web para obtener m\u00e1s informaci\u00f3n sobre Ice Ireland. Nuestro blog contiene art\u00edculos como consejos y sugerencias sobre ingl\u00e9s, informaci\u00f3n sobre Irlanda e incluso \u00a1consejos de cocina!\",\"breadcrumb\":{\"@id\":\"https:\\\/\\\/www.iceireland.com\\\/es\\\/blog\\\/#breadcrumb\"},\"inLanguage\":\"es\",\"potentialAction\":[{\"@type\":\"ReadAction\",\"target\":[\"https:\\\/\\\/www.iceireland.com\\\/es\\\/blog\\\/\"]}]},{\"@type\":\"BreadcrumbList\",\"@id\":\"https:\\\/\\\/www.iceireland.com\\\/es\\\/blog\\\/#breadcrumb\",\"itemListElement\":[{\"@type\":\"ListItem\",\"position\":1,\"name\":\"Home\",\"item\":\"https:\\\/\\\/www.iceireland.com\\\/es\\\/\"},{\"@type\":\"ListItem\",\"position\":2,\"name\":\"Blog\"}]},{\"@type\":\"WebSite\",\"@id\":\"https:\\\/\\\/www.iceireland.com\\\/es\\\/#website\",\"url\":\"https:\\\/\\\/www.iceireland.com\\\/es\\\/\",\"name\":\"Irish College of English\",\"description\":\"English School in Dublin, Malahide\",\"publisher\":{\"@id\":\"https:\\\/\\\/www.iceireland.com\\\/es\\\/#organization\"},\"potentialAction\":[{\"@type\":\"SearchAction\",\"target\":{\"@type\":\"EntryPoint\",\"urlTemplate\":\"https:\\\/\\\/www.iceireland.com\\\/es\\\/?s={search_term_string}\"},\"query-input\":{\"@type\":\"PropertyValueSpecification\",\"valueRequired\":true,\"valueName\":\"search_term_string\"}}],\"inLanguage\":\"es\"},{\"@type\":\"Organization\",\"@id\":\"https:\\\/\\\/www.iceireland.com\\\/es\\\/#organization\",\"name\":\"Irish College of English\",\"url\":\"https:\\\/\\\/www.iceireland.com\\\/es\\\/\",\"logo\":{\"@type\":\"ImageObject\",\"inLanguage\":\"es\",\"@id\":\"https:\\\/\\\/www.iceireland.com\\\/es\\\/#\\\/schema\\\/logo\\\/image\\\/\",\"url\":\"https:\\\/\\\/www.iceireland.com\\\/wp-content\\\/uploads\\\/2022\\\/03\\\/logo.png\",\"contentUrl\":\"https:\\\/\\\/www.iceireland.com\\\/wp-content\\\/uploads\\\/2022\\\/03\\\/logo.png\",\"width\":593,\"height\":92,\"caption\":\"Irish College of English\"},\"image\":{\"@id\":\"https:\\\/\\\/www.iceireland.com\\\/es\\\/#\\\/schema\\\/logo\\\/image\\\/\"}}]}<\/script>\n<!-- \/ Yoast SEO plugin. -->","yoast_head_json":{"title":"Blog - ICE Spain - Consejos de ingl\u00e9s","description":"Visita nuestro sitio web para obtener m\u00e1s informaci\u00f3n sobre Ice Ireland. Nuestro blog contiene art\u00edculos como consejos y sugerencias sobre ingl\u00e9s, informaci\u00f3n sobre Irlanda e incluso \u00a1consejos de cocina!","robots":{"index":"index","follow":"follow","max-snippet":"max-snippet:-1","max-image-preview":"max-image-preview:large","max-video-preview":"max-video-preview:-1"},"canonical":"https:\/\/www.iceireland.com\/es\/blog\/","og_locale":"es_ES","og_type":"article","og_title":"Blog - ICE Spain - Consejos de ingl\u00e9s","og_description":"Visita nuestro sitio web para obtener m\u00e1s informaci\u00f3n sobre Ice Ireland. Nuestro blog contiene art\u00edculos como consejos y sugerencias sobre ingl\u00e9s, informaci\u00f3n sobre Irlanda e incluso \u00a1consejos de cocina!","og_url":"https:\/\/www.iceireland.com\/es\/blog\/","og_site_name":"Irish College of English","article_modified_time":"2026-01-30T16:32:45+00:00","schema":{"@context":"https:\/\/schema.org","@graph":[{"@type":"WebPage","@id":"https:\/\/www.iceireland.com\/es\/blog\/","url":"https:\/\/www.iceireland.com\/es\/blog\/","name":"Blog - ICE Spain - Consejos de ingl\u00e9s","isPartOf":{"@id":"https:\/\/www.iceireland.com\/es\/#website"},"datePublished":"2015-01-14T12:14:36+00:00","dateModified":"2026-01-30T16:32:45+00:00","description":"Visita nuestro sitio web para obtener m\u00e1s informaci\u00f3n sobre Ice Ireland. Nuestro blog contiene art\u00edculos como consejos y sugerencias sobre ingl\u00e9s, informaci\u00f3n sobre Irlanda e incluso \u00a1consejos de cocina!","breadcrumb":{"@id":"https:\/\/www.iceireland.com\/es\/blog\/#breadcrumb"},"inLanguage":"es","potentialAction":[{"@type":"ReadAction","target":["https:\/\/www.iceireland.com\/es\/blog\/"]}]},{"@type":"BreadcrumbList","@id":"https:\/\/www.iceireland.com\/es\/blog\/#breadcrumb","itemListElement":[{"@type":"ListItem","position":1,"name":"Home","item":"https:\/\/www.iceireland.com\/es\/"},{"@type":"ListItem","position":2,"name":"Blog"}]},{"@type":"WebSite","@id":"https:\/\/www.iceireland.com\/es\/#website","url":"https:\/\/www.iceireland.com\/es\/","name":"Irish College of English","description":"English School in Dublin, Malahide","publisher":{"@id":"https:\/\/www.iceireland.com\/es\/#organization"},"potentialAction":[{"@type":"SearchAction","target":{"@type":"EntryPoint","urlTemplate":"https:\/\/www.iceireland.com\/es\/?s={search_term_string}"},"query-input":{"@type":"PropertyValueSpecification","valueRequired":true,"valueName":"search_term_string"}}],"inLanguage":"es"},{"@type":"Organization","@id":"https:\/\/www.iceireland.com\/es\/#organization","name":"Irish College of English","url":"https:\/\/www.iceireland.com\/es\/","logo":{"@type":"ImageObject","inLanguage":"es","@id":"https:\/\/www.iceireland.com\/es\/#\/schema\/logo\/image\/","url":"https:\/\/www.iceireland.com\/wp-content\/uploads\/2022\/03\/logo.png","contentUrl":"https:\/\/www.iceireland.com\/wp-content\/uploads\/2022\/03\/logo.png","width":593,"height":92,"caption":"Irish College of English"},"image":{"@id":"https:\/\/www.iceireland.com\/es\/#\/schema\/logo\/image\/"}}]}},"_links":{"self":[{"href":"https:\/\/www.iceireland.com\/es\/wp-json\/wp\/v2\/pages\/32258","targetHints":{"allow":["GET"]}}],"collection":[{"href":"https:\/\/www.iceireland.com\/es\/wp-json\/wp\/v2\/pages"}],"about":[{"href":"https:\/\/www.iceireland.com\/es\/wp-json\/wp\/v2\/types\/page"}],"author":[{"embeddable":true,"href":"https:\/\/www.iceireland.com\/es\/wp-json\/wp\/v2\/users\/3"}],"replies":[{"embeddable":true,"href":"https:\/\/www.iceireland.com\/es\/wp-json\/wp\/v2\/comments?post=32258"}],"version-history":[{"count":1,"href":"https:\/\/www.iceireland.com\/es\/wp-json\/wp\/v2\/pages\/32258\/revisions"}],"predecessor-version":[{"id":32271,"href":"https:\/\/www.iceireland.com\/es\/wp-json\/wp\/v2\/pages\/32258\/revisions\/32271"}],"wp:attachment":[{"href":"https:\/\/www.iceireland.com\/es\/wp-json\/wp\/v2\/media?parent=32258"}],"curies":[{"name":"wp","href":"https:\/\/api.w.org\/{rel}","templated":true}]}}