{"id":32405,"date":"2020-04-08T12:23:59","date_gmt":"2020-04-08T12:23:59","guid":{"rendered":"https:\/\/www.iceireland.com\/individual-one-to-one-coaching\/"},"modified":"2026-01-30T16:49:32","modified_gmt":"2026-01-30T16:49:32","slug":"individual-one-to-one-coaching","status":"publish","type":"page","link":"https:\/\/www.iceireland.com\/es\/individual-one-to-one-coaching\/","title":{"rendered":"Clases particulares de ingl\u00e9s"},"content":{"rendered":"\t\t<div data-elementor-type=\"wp-page\" data-elementor-id=\"32405\" class=\"elementor elementor-32405 elementor-7107\" data-elementor-post-type=\"page\">\n\t\t\t\t\t\t<section class=\"elementor-section elementor-top-section elementor-element elementor-element-350c672f elementor-section-boxed elementor-section-height-default elementor-section-height-default\" data-id=\"350c672f\" data-element_type=\"section\" data-e-type=\"section\">\n\t\t\t\t\t\t<div class=\"elementor-container elementor-column-gap-default\">\n\t\t\t\t\t<div class=\"elementor-column elementor-col-100 elementor-top-column elementor-element elementor-element-53de478d\" data-id=\"53de478d\" data-element_type=\"column\" data-e-type=\"column\">\n\t\t\t<div class=\"elementor-widget-wrap elementor-element-populated\">\n\t\t\t\t\t\t<div class=\"elementor-element elementor-element-4d62f41d elementor-widget elementor-widget-heading\" data-id=\"4d62f41d\" data-element_type=\"widget\" data-e-type=\"widget\" data-widget_type=\"heading.default\">\n\t\t\t\t<div class=\"elementor-widget-container\">\n\t\t\t\t\t<h4 class=\"elementor-heading-title elementor-size-default\">Clases particulares de ingl\u00e9s\n\n\n<\/h4>\t\t\t\t<\/div>\n\t\t\t\t<\/div>\n\t\t\t\t<div class=\"elementor-element elementor-element-6288cd48 elementor-widget elementor-widget-text-editor\" data-id=\"6288cd48\" data-element_type=\"widget\" data-e-type=\"widget\" data-widget_type=\"text-editor.default\">\n\t\t\t\t<div class=\"elementor-widget-container\">\n\t\t\t\t\t\t\t\t\t<p>Ofrecemos Coaching Personal online para particulares de todo el mundo. Este sistema es ideal si no te encuentras en Dubl\u00edn o si prefieres recibir clases individuales desde tu escritorio, en casa o mientras trabajas fuera de la oficina. Todos nuestros profesores tienen mucha experiencia y son licenciados y poseen un t\u00edtulo reconocido de ELT. Han sido formados por nosotros en coaching ling\u00fc\u00edstico personal y son capaces de impartir clases individuales atractivas y centradas.   <\/p>\t\t\t\t\t\t\t\t<\/div>\n\t\t\t\t<\/div>\n\t\t\t\t\t<\/div>\n\t\t<\/div>\n\t\t\t\t\t<\/div>\n\t\t<\/section>\n\t\t\t\t<section class=\"elementor-section elementor-top-section elementor-element elementor-element-1399b06 elementor-section-boxed elementor-section-height-default elementor-section-height-default\" data-id=\"1399b06\" data-element_type=\"section\" data-e-type=\"section\">\n\t\t\t\t\t\t<div class=\"elementor-container elementor-column-gap-default\">\n\t\t\t\t\t<div class=\"elementor-column elementor-col-25 elementor-top-column elementor-element elementor-element-324666e\" data-id=\"324666e\" data-element_type=\"column\" data-e-type=\"column\">\n\t\t\t<div class=\"elementor-widget-wrap\">\n\t\t\t\t\t\t\t<\/div>\n\t\t<\/div>\n\t\t\t\t<div class=\"elementor-column elementor-col-25 elementor-top-column elementor-element elementor-element-96059d4\" data-id=\"96059d4\" data-element_type=\"column\" data-e-type=\"column\">\n\t\t\t<div class=\"elementor-widget-wrap elementor-element-populated\">\n\t\t\t\t\t\t<div class=\"elementor-element elementor-element-4aa285a elementor-widget elementor-widget-image\" data-id=\"4aa285a\" data-element_type=\"widget\" data-e-type=\"widget\" data-widget_type=\"image.default\">\n\t\t\t\t<div class=\"elementor-widget-container\">\n\t\t\t\t\t\t\t\t\t\t\t\t\t\t\t<img decoding=\"async\" src=\"https:\/\/www.iceireland.com\/wp-content\/uploads\/elementor\/thumbs\/home-courses-img-2-1-onrfxyz65ylmqxexqqsp1ee92fnksyw1yrng9rqpdm.jpg\" title=\"online english courses\" alt=\"online english courses\" loading=\"lazy\" \/>\t\t\t\t\t\t\t\t\t\t\t\t\t\t\t<\/div>\n\t\t\t\t<\/div>\n\t\t\t\t<div class=\"elementor-element elementor-element-64e77895 elementor-widget elementor-widget-heading\" data-id=\"64e77895\" data-element_type=\"widget\" data-e-type=\"widget\" data-widget_type=\"heading.default\">\n\t\t\t\t<div class=\"elementor-widget-container\">\n\t\t\t\t\t<h2 class=\"elementor-heading-title elementor-size-default\">Coaching individual\n<\/h2>\t\t\t\t<\/div>\n\t\t\t\t<\/div>\n\t\t\t\t<div class=\"elementor-element elementor-element-5d69290c elementor-widget elementor-widget-text-editor\" data-id=\"5d69290c\" data-element_type=\"widget\" data-e-type=\"widget\" data-widget_type=\"text-editor.default\">\n\t\t\t\t<div class=\"elementor-widget-container\">\n\t\t\t\t\t\t\t\t\t<ul><li>Horario flexible<\/li><li>Uno a uno<\/li><li>Profesor nativo titulado<\/li><li>An\u00e1lisis de las necesidades individuales<\/li><li>Prueba de nivel individual<\/li><li>Plan a medida<\/li><li>Correcci\u00f3n de tareas<\/li><li>Revisi\u00f3n de los resultados<\/li><li>Certificado de Aprovechamiento<\/li><li>Apoyo continuo<\/li><\/ul>\t\t\t\t\t\t\t\t<\/div>\n\t\t\t\t<\/div>\n\t\t\t\t<div class=\"elementor-element elementor-element-5fd5097f elementor-align-center elementor-widget elementor-widget-button\" data-id=\"5fd5097f\" data-element_type=\"widget\" data-e-type=\"widget\" data-widget_type=\"button.default\">\n\t\t\t\t<div class=\"elementor-widget-container\">\n\t\t\t\t\t\t\t\t\t<div class=\"elementor-button-wrapper\">\n\t\t\t\t\t<a class=\"elementor-button elementor-button-link elementor-size-sm\" href=\"https:\/\/beyondfluent.com\/business\/courses\/individual-one-to-one-coaching\/individual-online-training\/\">\n\t\t\t\t\t\t<span class=\"elementor-button-content-wrapper\">\n\t\t\t\t\t\t\t\t\t<span class=\"elementor-button-text\">M\u00e1s informaci\u00f3n<\/span>\n\t\t\t\t\t<\/span>\n\t\t\t\t\t<\/a>\n\t\t\t\t<\/div>\n\t\t\t\t\t\t\t\t<\/div>\n\t\t\t\t<\/div>\n\t\t\t\t\t<\/div>\n\t\t<\/div>\n\t\t\t\t<div class=\"elementor-column elementor-col-25 elementor-top-column elementor-element elementor-element-0d63c9c\" data-id=\"0d63c9c\" data-element_type=\"column\" data-e-type=\"column\" data-settings=\"{&quot;background_background&quot;:&quot;gradient&quot;}\">\n\t\t\t<div class=\"elementor-widget-wrap elementor-element-populated\">\n\t\t\t\t\t\t<div class=\"elementor-element elementor-element-6d32183 elementor-widget elementor-widget-heading\" data-id=\"6d32183\" data-element_type=\"widget\" data-e-type=\"widget\" data-widget_type=\"heading.default\">\n\t\t\t\t<div class=\"elementor-widget-container\">\n\t\t\t\t\t<h2 class=\"elementor-heading-title elementor-size-default\">Prueba gratis tu primera clase\n\n<\/h2>\t\t\t\t<\/div>\n\t\t\t\t<\/div>\n\t\t\t\t\t<\/div>\n\t\t<\/div>\n\t\t\t\t<div class=\"elementor-column elementor-col-25 elementor-top-column elementor-element elementor-element-9ed69f8\" data-id=\"9ed69f8\" data-element_type=\"column\" data-e-type=\"column\">\n\t\t\t<div class=\"elementor-widget-wrap\">\n\t\t\t\t\t\t\t<\/div>\n\t\t<\/div>\n\t\t\t\t\t<\/div>\n\t\t<\/section>\n\t\t\t\t<section class=\"elementor-section elementor-top-section elementor-element elementor-element-3244b297 elementor-section-boxed elementor-section-height-default elementor-section-height-default\" data-id=\"3244b297\" data-element_type=\"section\" data-e-type=\"section\">\n\t\t\t\t\t\t<div class=\"elementor-container elementor-column-gap-default\">\n\t\t\t\t\t\t<\/div>\n\t\t<\/section>\n\t\t\t\t<section class=\"elementor-section elementor-top-section elementor-element elementor-element-e71fce8 elementor-section-boxed elementor-section-height-default elementor-section-height-default\" data-id=\"e71fce8\" data-element_type=\"section\" data-e-type=\"section\">\n\t\t\t\t\t\t<div class=\"elementor-container elementor-column-gap-default\">\n\t\t\t\t\t<div class=\"elementor-column elementor-col-100 elementor-top-column elementor-element elementor-element-a352f04\" data-id=\"a352f04\" data-element_type=\"column\" data-e-type=\"column\">\n\t\t\t<div class=\"elementor-widget-wrap elementor-element-populated\">\n\t\t\t\t\t\t<div class=\"elementor-element elementor-element-ab9d69d elementor-widget elementor-widget-html\" data-id=\"ab9d69d\" data-element_type=\"widget\" data-e-type=\"widget\" data-widget_type=\"html.default\">\n\t\t\t\t<div class=\"elementor-widget-container\">\n\t\t\t\t\t<a href=\"https:\/\/www.iceireland.com\/es\/english-test\/\" target=\"_blank\" rel=\"noopener noreferrer\"><img decoding=\"async\" class=\"aligncenter wp-image-7256 size-full\" src=\"https:\/\/www.iceireland.com\/wp-content\/uploads\/2020\/04\/Screenshot-2020-04-27-at-09.55.03.png\" alt=\"Realiza nuestro test de nivel\" width=\"353\" height=\"81\" srcset=\"https:\/\/www.iceireland.com\/wp-content\/uploads\/2020\/04\/Screenshot-2020-04-27-at-09.55.03.png 353w, https:\/\/www.iceireland.com\/wp-content\/uploads\/2020\/04\/Screenshot-2020-04-27-at-09.55.03-300x69.png 300w\" sizes=\"(max-width: 353px) 100vw, 353px\" \/><\/a>\t\t\t\t<\/div>\n\t\t\t\t<\/div>\n\t\t\t\t\t<\/div>\n\t\t<\/div>\n\t\t\t\t\t<\/div>\n\t\t<\/section>\n\t\t\t\t<\/div>\n\t\t","protected":false},"excerpt":{"rendered":"<p>Clases particulares de ingl\u00e9s Ofrecemos Coaching Personal online para particulares de todo el mundo. Este sistema es ideal si no te encuentras en Dubl\u00edn o si prefieres recibir clases individuales desde tu escritorio, en casa o mientras trabajas fuera de la oficina. Todos nuestros profesores tienen mucha experiencia y son licenciados y poseen un t\u00edtulo [&hellip;]<\/p>\n","protected":false},"author":3,"featured_media":0,"parent":0,"menu_order":0,"comment_status":"closed","ping_status":"closed","template":"elementor_header_footer","meta":{"content-type":"","footnotes":""},"class_list":["post-32405","page","type-page","status-publish","hentry"],"yoast_head":"<!-- This site is optimized with the Yoast SEO plugin v27.3 - https:\/\/yoast.com\/product\/yoast-seo-wordpress\/ -->\n<title>Clases particulares de ingl\u00e9s - Irish College of English<\/title>\n<meta name=\"robots\" content=\"index, follow, max-snippet:-1, max-image-preview:large, max-video-preview:-1\" \/>\n<link rel=\"canonical\" href=\"https:\/\/www.iceireland.com\/es\/individual-one-to-one-coaching\/\" \/>\n<meta property=\"og:locale\" content=\"es_ES\" \/>\n<meta property=\"og:type\" content=\"article\" \/>\n<meta property=\"og:title\" content=\"Clases particulares de ingl\u00e9s - Irish College of English\" \/>\n<meta property=\"og:description\" content=\"Clases particulares de ingl\u00e9s Ofrecemos Coaching Personal online para particulares de todo el mundo. Este sistema es ideal si no te encuentras en Dubl\u00edn o si prefieres recibir clases individuales desde tu escritorio, en casa o mientras trabajas fuera de la oficina. Todos nuestros profesores tienen mucha experiencia y son licenciados y poseen un t\u00edtulo [&hellip;]\" \/>\n<meta property=\"og:url\" content=\"https:\/\/www.iceireland.com\/es\/individual-one-to-one-coaching\/\" \/>\n<meta property=\"og:site_name\" content=\"Irish College of English\" \/>\n<meta property=\"article:modified_time\" content=\"2026-01-30T16:49:32+00:00\" \/>\n<meta property=\"og:image\" content=\"https:\/\/www.iceireland.com\/wp-content\/uploads\/elementor\/thumbs\/home-courses-img-2-1-onrfxyz65ylmqxexqqsp1ee92fnksyw1yrng9rqpdm.jpg\" \/>\n<meta name=\"twitter:label1\" content=\"Tiempo de lectura\" \/>\n\t<meta name=\"twitter:data1\" content=\"1 minuto\" \/>\n<script type=\"application\/ld+json\" class=\"yoast-schema-graph\">{\"@context\":\"https:\\\/\\\/schema.org\",\"@graph\":[{\"@type\":\"WebPage\",\"@id\":\"https:\\\/\\\/www.iceireland.com\\\/es\\\/individual-one-to-one-coaching\\\/\",\"url\":\"https:\\\/\\\/www.iceireland.com\\\/es\\\/individual-one-to-one-coaching\\\/\",\"name\":\"Clases particulares de ingl\u00e9s - Irish College of English\",\"isPartOf\":{\"@id\":\"https:\\\/\\\/www.iceireland.com\\\/es\\\/#website\"},\"primaryImageOfPage\":{\"@id\":\"https:\\\/\\\/www.iceireland.com\\\/es\\\/individual-one-to-one-coaching\\\/#primaryimage\"},\"image\":{\"@id\":\"https:\\\/\\\/www.iceireland.com\\\/es\\\/individual-one-to-one-coaching\\\/#primaryimage\"},\"thumbnailUrl\":\"https:\\\/\\\/www.iceireland.com\\\/wp-content\\\/uploads\\\/elementor\\\/thumbs\\\/home-courses-img-2-1-onrfxyz65ylmqxexqqsp1ee92fnksyw1yrng9rqpdm.jpg\",\"datePublished\":\"2020-04-08T12:23:59+00:00\",\"dateModified\":\"2026-01-30T16:49:32+00:00\",\"breadcrumb\":{\"@id\":\"https:\\\/\\\/www.iceireland.com\\\/es\\\/individual-one-to-one-coaching\\\/#breadcrumb\"},\"inLanguage\":\"es\",\"potentialAction\":[{\"@type\":\"ReadAction\",\"target\":[\"https:\\\/\\\/www.iceireland.com\\\/es\\\/individual-one-to-one-coaching\\\/\"]}]},{\"@type\":\"ImageObject\",\"inLanguage\":\"es\",\"@id\":\"https:\\\/\\\/www.iceireland.com\\\/es\\\/individual-one-to-one-coaching\\\/#primaryimage\",\"url\":\"https:\\\/\\\/www.iceireland.com\\\/wp-content\\\/uploads\\\/elementor\\\/thumbs\\\/home-courses-img-2-1-onrfxyz65ylmqxexqqsp1ee92fnksyw1yrng9rqpdm.jpg\",\"contentUrl\":\"https:\\\/\\\/www.iceireland.com\\\/wp-content\\\/uploads\\\/elementor\\\/thumbs\\\/home-courses-img-2-1-onrfxyz65ylmqxexqqsp1ee92fnksyw1yrng9rqpdm.jpg\"},{\"@type\":\"BreadcrumbList\",\"@id\":\"https:\\\/\\\/www.iceireland.com\\\/es\\\/individual-one-to-one-coaching\\\/#breadcrumb\",\"itemListElement\":[{\"@type\":\"ListItem\",\"position\":1,\"name\":\"Home\",\"item\":\"https:\\\/\\\/www.iceireland.com\\\/es\\\/\"},{\"@type\":\"ListItem\",\"position\":2,\"name\":\"Clases particulares de ingl\u00e9s\"}]},{\"@type\":\"WebSite\",\"@id\":\"https:\\\/\\\/www.iceireland.com\\\/es\\\/#website\",\"url\":\"https:\\\/\\\/www.iceireland.com\\\/es\\\/\",\"name\":\"Irish College of English\",\"description\":\"English School in Dublin, Malahide\",\"publisher\":{\"@id\":\"https:\\\/\\\/www.iceireland.com\\\/es\\\/#organization\"},\"potentialAction\":[{\"@type\":\"SearchAction\",\"target\":{\"@type\":\"EntryPoint\",\"urlTemplate\":\"https:\\\/\\\/www.iceireland.com\\\/es\\\/?s={search_term_string}\"},\"query-input\":{\"@type\":\"PropertyValueSpecification\",\"valueRequired\":true,\"valueName\":\"search_term_string\"}}],\"inLanguage\":\"es\"},{\"@type\":\"Organization\",\"@id\":\"https:\\\/\\\/www.iceireland.com\\\/es\\\/#organization\",\"name\":\"Irish College of English\",\"url\":\"https:\\\/\\\/www.iceireland.com\\\/es\\\/\",\"logo\":{\"@type\":\"ImageObject\",\"inLanguage\":\"es\",\"@id\":\"https:\\\/\\\/www.iceireland.com\\\/es\\\/#\\\/schema\\\/logo\\\/image\\\/\",\"url\":\"https:\\\/\\\/www.iceireland.com\\\/wp-content\\\/uploads\\\/2022\\\/03\\\/logo.png\",\"contentUrl\":\"https:\\\/\\\/www.iceireland.com\\\/wp-content\\\/uploads\\\/2022\\\/03\\\/logo.png\",\"width\":593,\"height\":92,\"caption\":\"Irish College of English\"},\"image\":{\"@id\":\"https:\\\/\\\/www.iceireland.com\\\/es\\\/#\\\/schema\\\/logo\\\/image\\\/\"}}]}<\/script>\n<!-- \/ Yoast SEO plugin. -->","yoast_head_json":{"title":"Clases particulares de ingl\u00e9s - Irish College of English","robots":{"index":"index","follow":"follow","max-snippet":"max-snippet:-1","max-image-preview":"max-image-preview:large","max-video-preview":"max-video-preview:-1"},"canonical":"https:\/\/www.iceireland.com\/es\/individual-one-to-one-coaching\/","og_locale":"es_ES","og_type":"article","og_title":"Clases particulares de ingl\u00e9s - Irish College of English","og_description":"Clases particulares de ingl\u00e9s Ofrecemos Coaching Personal online para particulares de todo el mundo. Este sistema es ideal si no te encuentras en Dubl\u00edn o si prefieres recibir clases individuales desde tu escritorio, en casa o mientras trabajas fuera de la oficina. Todos nuestros profesores tienen mucha experiencia y son licenciados y poseen un t\u00edtulo [&hellip;]","og_url":"https:\/\/www.iceireland.com\/es\/individual-one-to-one-coaching\/","og_site_name":"Irish College of English","article_modified_time":"2026-01-30T16:49:32+00:00","og_image":[{"url":"https:\/\/www.iceireland.com\/wp-content\/uploads\/elementor\/thumbs\/home-courses-img-2-1-onrfxyz65ylmqxexqqsp1ee92fnksyw1yrng9rqpdm.jpg","type":"","width":"","height":""}],"twitter_misc":{"Tiempo de lectura":"1 minuto"},"schema":{"@context":"https:\/\/schema.org","@graph":[{"@type":"WebPage","@id":"https:\/\/www.iceireland.com\/es\/individual-one-to-one-coaching\/","url":"https:\/\/www.iceireland.com\/es\/individual-one-to-one-coaching\/","name":"Clases particulares de ingl\u00e9s - Irish College of English","isPartOf":{"@id":"https:\/\/www.iceireland.com\/es\/#website"},"primaryImageOfPage":{"@id":"https:\/\/www.iceireland.com\/es\/individual-one-to-one-coaching\/#primaryimage"},"image":{"@id":"https:\/\/www.iceireland.com\/es\/individual-one-to-one-coaching\/#primaryimage"},"thumbnailUrl":"https:\/\/www.iceireland.com\/wp-content\/uploads\/elementor\/thumbs\/home-courses-img-2-1-onrfxyz65ylmqxexqqsp1ee92fnksyw1yrng9rqpdm.jpg","datePublished":"2020-04-08T12:23:59+00:00","dateModified":"2026-01-30T16:49:32+00:00","breadcrumb":{"@id":"https:\/\/www.iceireland.com\/es\/individual-one-to-one-coaching\/#breadcrumb"},"inLanguage":"es","potentialAction":[{"@type":"ReadAction","target":["https:\/\/www.iceireland.com\/es\/individual-one-to-one-coaching\/"]}]},{"@type":"ImageObject","inLanguage":"es","@id":"https:\/\/www.iceireland.com\/es\/individual-one-to-one-coaching\/#primaryimage","url":"https:\/\/www.iceireland.com\/wp-content\/uploads\/elementor\/thumbs\/home-courses-img-2-1-onrfxyz65ylmqxexqqsp1ee92fnksyw1yrng9rqpdm.jpg","contentUrl":"https:\/\/www.iceireland.com\/wp-content\/uploads\/elementor\/thumbs\/home-courses-img-2-1-onrfxyz65ylmqxexqqsp1ee92fnksyw1yrng9rqpdm.jpg"},{"@type":"BreadcrumbList","@id":"https:\/\/www.iceireland.com\/es\/individual-one-to-one-coaching\/#breadcrumb","itemListElement":[{"@type":"ListItem","position":1,"name":"Home","item":"https:\/\/www.iceireland.com\/es\/"},{"@type":"ListItem","position":2,"name":"Clases particulares de ingl\u00e9s"}]},{"@type":"WebSite","@id":"https:\/\/www.iceireland.com\/es\/#website","url":"https:\/\/www.iceireland.com\/es\/","name":"Irish College of English","description":"English School in Dublin, Malahide","publisher":{"@id":"https:\/\/www.iceireland.com\/es\/#organization"},"potentialAction":[{"@type":"SearchAction","target":{"@type":"EntryPoint","urlTemplate":"https:\/\/www.iceireland.com\/es\/?s={search_term_string}"},"query-input":{"@type":"PropertyValueSpecification","valueRequired":true,"valueName":"search_term_string"}}],"inLanguage":"es"},{"@type":"Organization","@id":"https:\/\/www.iceireland.com\/es\/#organization","name":"Irish College of English","url":"https:\/\/www.iceireland.com\/es\/","logo":{"@type":"ImageObject","inLanguage":"es","@id":"https:\/\/www.iceireland.com\/es\/#\/schema\/logo\/image\/","url":"https:\/\/www.iceireland.com\/wp-content\/uploads\/2022\/03\/logo.png","contentUrl":"https:\/\/www.iceireland.com\/wp-content\/uploads\/2022\/03\/logo.png","width":593,"height":92,"caption":"Irish College of English"},"image":{"@id":"https:\/\/www.iceireland.com\/es\/#\/schema\/logo\/image\/"}}]}},"_links":{"self":[{"href":"https:\/\/www.iceireland.com\/es\/wp-json\/wp\/v2\/pages\/32405","targetHints":{"allow":["GET"]}}],"collection":[{"href":"https:\/\/www.iceireland.com\/es\/wp-json\/wp\/v2\/pages"}],"about":[{"href":"https:\/\/www.iceireland.com\/es\/wp-json\/wp\/v2\/types\/page"}],"author":[{"embeddable":true,"href":"https:\/\/www.iceireland.com\/es\/wp-json\/wp\/v2\/users\/3"}],"replies":[{"embeddable":true,"href":"https:\/\/www.iceireland.com\/es\/wp-json\/wp\/v2\/comments?post=32405"}],"version-history":[{"count":1,"href":"https:\/\/www.iceireland.com\/es\/wp-json\/wp\/v2\/pages\/32405\/revisions"}],"predecessor-version":[{"id":32406,"href":"https:\/\/www.iceireland.com\/es\/wp-json\/wp\/v2\/pages\/32405\/revisions\/32406"}],"wp:attachment":[{"href":"https:\/\/www.iceireland.com\/es\/wp-json\/wp\/v2\/media?parent=32405"}],"curies":[{"name":"wp","href":"https:\/\/api.w.org\/{rel}","templated":true}]}}