{"id":32430,"date":"2023-11-29T15:33:01","date_gmt":"2023-11-29T15:33:01","guid":{"rendered":"https:\/\/www.iceireland.com\/induction-orientation\/"},"modified":"2026-01-30T16:50:27","modified_gmt":"2026-01-30T16:50:27","slug":"induction-orientation","status":"publish","type":"page","link":"https:\/\/www.iceireland.com\/es\/useful-information-and-supports\/induction-orientation\/","title":{"rendered":"Inducci\u00f3n y Orientaci\u00f3n"},"content":{"rendered":"\t\t<div data-elementor-type=\"wp-page\" data-elementor-id=\"32430\" class=\"elementor elementor-32430 elementor-25711\" data-elementor-post-type=\"page\">\n\t\t\t\t\t\t<section class=\"elementor-section elementor-top-section elementor-element elementor-element-e585a1e elementor-section-boxed elementor-section-height-default elementor-section-height-default\" data-id=\"e585a1e\" data-element_type=\"section\" data-e-type=\"section\">\n\t\t\t\t\t\t<div class=\"elementor-container elementor-column-gap-default\">\n\t\t\t\t\t<div class=\"elementor-column elementor-col-100 elementor-top-column elementor-element elementor-element-655e19e\" data-id=\"655e19e\" data-element_type=\"column\" data-e-type=\"column\">\n\t\t\t<div class=\"elementor-widget-wrap elementor-element-populated\">\n\t\t\t\t\t\t<div class=\"elementor-element elementor-element-3c0f89b elementor-widget elementor-widget-text-editor\" data-id=\"3c0f89b\" data-element_type=\"widget\" data-e-type=\"widget\" data-widget_type=\"text-editor.default\">\n\t\t\t\t<div class=\"elementor-widget-container\">\n\t\t\t\t\t\t\t\t\t<h4>Inducci\u00f3n y Orientaci\u00f3n<\/h4><p>En el ICE, nuestro objetivo es garantizar que todos los alumnos reciban la informaci\u00f3n, los recursos y el apoyo que necesitan para integrarse con \u00e9xito en la comunidad escolar, comprender las expectativas y sentirse seguros al iniciar su viaje de aprendizaje de idiomas.<\/p><ul><li>Apoyamos a los estudiantes antes de su llegada con toda la informaci\u00f3n que necesitan para estar preparados e informados sobre su estancia en el ICE, incluidos los detalles del programa, el alojamiento y los detalles del traslado si es necesario.<\/li><li>Los alumnos de pre-llegada realizar\u00e1n la prueba de pre-llegada correspondiente.<\/li><li>Se invitar\u00e1 a los estudiantes adultos a participar en una reuni\u00f3n previa a su llegada. En esta reuni\u00f3n se discutir\u00e1n los objetivos y expectativas de aprendizaje, una evaluaci\u00f3n oral, la revisi\u00f3n de los resultados de la evaluaci\u00f3n de nivel, una visi\u00f3n general de la estructura del curso y apoyo. <\/li><li>Todos los alumnos recibir\u00e1n un ejemplar de nuestro Manual del Alumno y un enlace a nuestro Manual de Garant\u00eda de Calidad y a la Carta de Estancia en Casa (cuando proceda). Estos documentos proporcionan a los estudiantes y a sus padres\/tutores una comprensi\u00f3n clara de nuestra escuela, programas y ayudas. <\/li><li>A su llegada, cada estudiante tendr\u00e1 una orientaci\u00f3n espec\u00edfica para su curso, como se indica en su manual espec\u00edfico o en la informaci\u00f3n previa a la llegada.<\/li><li>La acogida es un proceso continuo y siempre estamos disponibles para ayudar a los estudiantes a lo largo de sus cursos con cualquier pregunta acad\u00e9mica o no acad\u00e9mica u otras cuestiones.<\/li><li>Nuestros Directores Acad\u00e9micos, Personal Acad\u00e9mico, Equipo de Recepci\u00f3n, Responsables de Alojamiento, Responsables de Bienestar y dem\u00e1s personal est\u00e1n aqu\u00ed para apoyarte y ayudarte.<\/li><li>Si necesitas m\u00e1s informaci\u00f3n, consulta nuestro Manual de GC &#8211; Pol\u00edtica de acogida de estudiantes o ponte en contacto con nosotros en <a href=\"mailto:info@iceireland.com\">info@iceireland.com<\/a>.  <\/li><\/ul>\t\t\t\t\t\t\t\t<\/div>\n\t\t\t\t<\/div>\n\t\t\t\t\t<\/div>\n\t\t<\/div>\n\t\t\t\t\t<\/div>\n\t\t<\/section>\n\t\t\t\t<section class=\"elementor-section elementor-top-section elementor-element elementor-element-609f049 elementor-section-boxed elementor-section-height-default elementor-section-height-default\" data-id=\"609f049\" data-element_type=\"section\" data-e-type=\"section\">\n\t\t\t\t\t\t<div class=\"elementor-container elementor-column-gap-default\">\n\t\t\t\t\t<div class=\"elementor-column elementor-col-100 elementor-top-column elementor-element elementor-element-04dd031\" data-id=\"04dd031\" data-element_type=\"column\" data-e-type=\"column\">\n\t\t\t<div class=\"elementor-widget-wrap elementor-element-populated\">\n\t\t\t\t\t\t<div class=\"elementor-element elementor-element-bf3c1c1 elementor-widget elementor-widget-spacer\" data-id=\"bf3c1c1\" data-element_type=\"widget\" data-e-type=\"widget\" data-widget_type=\"spacer.default\">\n\t\t\t\t<div class=\"elementor-widget-container\">\n\t\t\t\t\t\t\t<div class=\"elementor-spacer\">\n\t\t\t<div class=\"elementor-spacer-inner\"><\/div>\n\t\t<\/div>\n\t\t\t\t\t\t<\/div>\n\t\t\t\t<\/div>\n\t\t\t\t\t<\/div>\n\t\t<\/div>\n\t\t\t\t\t<\/div>\n\t\t<\/section>\n\t\t\t\t<\/div>\n\t\t","protected":false},"excerpt":{"rendered":"<p>Inducci\u00f3n y Orientaci\u00f3n En el ICE, nuestro objetivo es garantizar que todos los alumnos reciban la informaci\u00f3n, los recursos y el apoyo que necesitan para integrarse con \u00e9xito en la comunidad escolar, comprender las expectativas y sentirse seguros al iniciar su viaje de aprendizaje de idiomas. Apoyamos a los estudiantes antes de su llegada con [&hellip;]<\/p>\n","protected":false},"author":3,"featured_media":0,"parent":32476,"menu_order":0,"comment_status":"closed","ping_status":"closed","template":"","meta":{"content-type":"","footnotes":""},"class_list":["post-32430","page","type-page","status-publish","hentry"],"yoast_head":"<!-- This site is optimized with the Yoast SEO plugin v27.3 - https:\/\/yoast.com\/product\/yoast-seo-wordpress\/ -->\n<title>Inducci\u00f3n y Orientaci\u00f3n - Irish College of English<\/title>\n<meta name=\"robots\" content=\"noindex, follow\" \/>\n<meta property=\"og:locale\" content=\"es_ES\" \/>\n<meta property=\"og:type\" content=\"article\" \/>\n<meta property=\"og:title\" content=\"Inducci\u00f3n y Orientaci\u00f3n - Irish College of English\" \/>\n<meta property=\"og:description\" content=\"Inducci\u00f3n y Orientaci\u00f3n En el ICE, nuestro objetivo es garantizar que todos los alumnos reciban la informaci\u00f3n, los recursos y el apoyo que necesitan para integrarse con \u00e9xito en la comunidad escolar, comprender las expectativas y sentirse seguros al iniciar su viaje de aprendizaje de idiomas. Apoyamos a los estudiantes antes de su llegada con [&hellip;]\" \/>\n<meta property=\"og:url\" content=\"https:\/\/www.iceireland.com\/es\/useful-information-and-supports\/induction-orientation\/\" \/>\n<meta property=\"og:site_name\" content=\"Irish College of English\" \/>\n<meta property=\"article:modified_time\" content=\"2026-01-30T16:50:27+00:00\" \/>\n<meta name=\"twitter:label1\" content=\"Tiempo de lectura\" \/>\n\t<meta name=\"twitter:data1\" content=\"2 minutos\" \/>\n<script type=\"application\/ld+json\" class=\"yoast-schema-graph\">{\"@context\":\"https:\\\/\\\/schema.org\",\"@graph\":[{\"@type\":\"WebPage\",\"@id\":\"https:\\\/\\\/www.iceireland.com\\\/es\\\/useful-information-and-supports\\\/induction-orientation\\\/\",\"url\":\"https:\\\/\\\/www.iceireland.com\\\/es\\\/useful-information-and-supports\\\/induction-orientation\\\/\",\"name\":\"Inducci\u00f3n y Orientaci\u00f3n - Irish College of English\",\"isPartOf\":{\"@id\":\"https:\\\/\\\/www.iceireland.com\\\/es\\\/#website\"},\"datePublished\":\"2023-11-29T15:33:01+00:00\",\"dateModified\":\"2026-01-30T16:50:27+00:00\",\"breadcrumb\":{\"@id\":\"https:\\\/\\\/www.iceireland.com\\\/es\\\/useful-information-and-supports\\\/induction-orientation\\\/#breadcrumb\"},\"inLanguage\":\"es\",\"potentialAction\":[{\"@type\":\"ReadAction\",\"target\":[\"https:\\\/\\\/www.iceireland.com\\\/es\\\/useful-information-and-supports\\\/induction-orientation\\\/\"]}]},{\"@type\":\"BreadcrumbList\",\"@id\":\"https:\\\/\\\/www.iceireland.com\\\/es\\\/useful-information-and-supports\\\/induction-orientation\\\/#breadcrumb\",\"itemListElement\":[{\"@type\":\"ListItem\",\"position\":1,\"name\":\"Home\",\"item\":\"https:\\\/\\\/www.iceireland.com\\\/es\\\/\"},{\"@type\":\"ListItem\",\"position\":2,\"name\":\"Informaci\u00f3n \u00fatil y ayudas\",\"item\":\"https:\\\/\\\/www.iceireland.com\\\/es\\\/useful-information-and-supports\\\/\"},{\"@type\":\"ListItem\",\"position\":3,\"name\":\"Inducci\u00f3n y Orientaci\u00f3n\"}]},{\"@type\":\"WebSite\",\"@id\":\"https:\\\/\\\/www.iceireland.com\\\/es\\\/#website\",\"url\":\"https:\\\/\\\/www.iceireland.com\\\/es\\\/\",\"name\":\"Irish College of English\",\"description\":\"English School in Dublin, Malahide\",\"publisher\":{\"@id\":\"https:\\\/\\\/www.iceireland.com\\\/es\\\/#organization\"},\"potentialAction\":[{\"@type\":\"SearchAction\",\"target\":{\"@type\":\"EntryPoint\",\"urlTemplate\":\"https:\\\/\\\/www.iceireland.com\\\/es\\\/?s={search_term_string}\"},\"query-input\":{\"@type\":\"PropertyValueSpecification\",\"valueRequired\":true,\"valueName\":\"search_term_string\"}}],\"inLanguage\":\"es\"},{\"@type\":\"Organization\",\"@id\":\"https:\\\/\\\/www.iceireland.com\\\/es\\\/#organization\",\"name\":\"Irish College of English\",\"url\":\"https:\\\/\\\/www.iceireland.com\\\/es\\\/\",\"logo\":{\"@type\":\"ImageObject\",\"inLanguage\":\"es\",\"@id\":\"https:\\\/\\\/www.iceireland.com\\\/es\\\/#\\\/schema\\\/logo\\\/image\\\/\",\"url\":\"https:\\\/\\\/www.iceireland.com\\\/wp-content\\\/uploads\\\/2022\\\/03\\\/logo.png\",\"contentUrl\":\"https:\\\/\\\/www.iceireland.com\\\/wp-content\\\/uploads\\\/2022\\\/03\\\/logo.png\",\"width\":593,\"height\":92,\"caption\":\"Irish College of English\"},\"image\":{\"@id\":\"https:\\\/\\\/www.iceireland.com\\\/es\\\/#\\\/schema\\\/logo\\\/image\\\/\"}}]}<\/script>\n<!-- \/ Yoast SEO plugin. -->","yoast_head_json":{"title":"Inducci\u00f3n y Orientaci\u00f3n - Irish College of English","robots":{"index":"noindex","follow":"follow"},"og_locale":"es_ES","og_type":"article","og_title":"Inducci\u00f3n y Orientaci\u00f3n - Irish College of English","og_description":"Inducci\u00f3n y Orientaci\u00f3n En el ICE, nuestro objetivo es garantizar que todos los alumnos reciban la informaci\u00f3n, los recursos y el apoyo que necesitan para integrarse con \u00e9xito en la comunidad escolar, comprender las expectativas y sentirse seguros al iniciar su viaje de aprendizaje de idiomas. Apoyamos a los estudiantes antes de su llegada con [&hellip;]","og_url":"https:\/\/www.iceireland.com\/es\/useful-information-and-supports\/induction-orientation\/","og_site_name":"Irish College of English","article_modified_time":"2026-01-30T16:50:27+00:00","twitter_misc":{"Tiempo de lectura":"2 minutos"},"schema":{"@context":"https:\/\/schema.org","@graph":[{"@type":"WebPage","@id":"https:\/\/www.iceireland.com\/es\/useful-information-and-supports\/induction-orientation\/","url":"https:\/\/www.iceireland.com\/es\/useful-information-and-supports\/induction-orientation\/","name":"Inducci\u00f3n y Orientaci\u00f3n - Irish College of English","isPartOf":{"@id":"https:\/\/www.iceireland.com\/es\/#website"},"datePublished":"2023-11-29T15:33:01+00:00","dateModified":"2026-01-30T16:50:27+00:00","breadcrumb":{"@id":"https:\/\/www.iceireland.com\/es\/useful-information-and-supports\/induction-orientation\/#breadcrumb"},"inLanguage":"es","potentialAction":[{"@type":"ReadAction","target":["https:\/\/www.iceireland.com\/es\/useful-information-and-supports\/induction-orientation\/"]}]},{"@type":"BreadcrumbList","@id":"https:\/\/www.iceireland.com\/es\/useful-information-and-supports\/induction-orientation\/#breadcrumb","itemListElement":[{"@type":"ListItem","position":1,"name":"Home","item":"https:\/\/www.iceireland.com\/es\/"},{"@type":"ListItem","position":2,"name":"Informaci\u00f3n \u00fatil y ayudas","item":"https:\/\/www.iceireland.com\/es\/useful-information-and-supports\/"},{"@type":"ListItem","position":3,"name":"Inducci\u00f3n y Orientaci\u00f3n"}]},{"@type":"WebSite","@id":"https:\/\/www.iceireland.com\/es\/#website","url":"https:\/\/www.iceireland.com\/es\/","name":"Irish College of English","description":"English School in Dublin, Malahide","publisher":{"@id":"https:\/\/www.iceireland.com\/es\/#organization"},"potentialAction":[{"@type":"SearchAction","target":{"@type":"EntryPoint","urlTemplate":"https:\/\/www.iceireland.com\/es\/?s={search_term_string}"},"query-input":{"@type":"PropertyValueSpecification","valueRequired":true,"valueName":"search_term_string"}}],"inLanguage":"es"},{"@type":"Organization","@id":"https:\/\/www.iceireland.com\/es\/#organization","name":"Irish College of English","url":"https:\/\/www.iceireland.com\/es\/","logo":{"@type":"ImageObject","inLanguage":"es","@id":"https:\/\/www.iceireland.com\/es\/#\/schema\/logo\/image\/","url":"https:\/\/www.iceireland.com\/wp-content\/uploads\/2022\/03\/logo.png","contentUrl":"https:\/\/www.iceireland.com\/wp-content\/uploads\/2022\/03\/logo.png","width":593,"height":92,"caption":"Irish College of English"},"image":{"@id":"https:\/\/www.iceireland.com\/es\/#\/schema\/logo\/image\/"}}]}},"_links":{"self":[{"href":"https:\/\/www.iceireland.com\/es\/wp-json\/wp\/v2\/pages\/32430","targetHints":{"allow":["GET"]}}],"collection":[{"href":"https:\/\/www.iceireland.com\/es\/wp-json\/wp\/v2\/pages"}],"about":[{"href":"https:\/\/www.iceireland.com\/es\/wp-json\/wp\/v2\/types\/page"}],"author":[{"embeddable":true,"href":"https:\/\/www.iceireland.com\/es\/wp-json\/wp\/v2\/users\/3"}],"replies":[{"embeddable":true,"href":"https:\/\/www.iceireland.com\/es\/wp-json\/wp\/v2\/comments?post=32430"}],"version-history":[{"count":1,"href":"https:\/\/www.iceireland.com\/es\/wp-json\/wp\/v2\/pages\/32430\/revisions"}],"predecessor-version":[{"id":32431,"href":"https:\/\/www.iceireland.com\/es\/wp-json\/wp\/v2\/pages\/32430\/revisions\/32431"}],"up":[{"embeddable":true,"href":"https:\/\/www.iceireland.com\/es\/wp-json\/wp\/v2\/pages\/32476"}],"wp:attachment":[{"href":"https:\/\/www.iceireland.com\/es\/wp-json\/wp\/v2\/media?parent=32430"}],"curies":[{"name":"wp","href":"https:\/\/api.w.org\/{rel}","templated":true}]}}