{"id":32435,"date":"2023-11-29T15:32:14","date_gmt":"2023-11-29T15:32:14","guid":{"rendered":"https:\/\/www.iceireland.com\/assessment\/"},"modified":"2026-01-30T16:50:27","modified_gmt":"2026-01-30T16:50:27","slug":"assessment","status":"publish","type":"page","link":"https:\/\/www.iceireland.com\/es\/useful-information-and-supports\/assessment\/","title":{"rendered":"Evaluaci\u00f3n"},"content":{"rendered":"\t\t<div data-elementor-type=\"wp-page\" data-elementor-id=\"32435\" class=\"elementor elementor-32435 elementor-25709\" data-elementor-post-type=\"page\">\n\t\t\t\t\t\t<section class=\"elementor-section elementor-top-section elementor-element elementor-element-0b49e11 elementor-section-boxed elementor-section-height-default elementor-section-height-default\" data-id=\"0b49e11\" data-element_type=\"section\" data-e-type=\"section\">\n\t\t\t\t\t\t<div class=\"elementor-container elementor-column-gap-default\">\n\t\t\t\t\t<div class=\"elementor-column elementor-col-100 elementor-top-column elementor-element elementor-element-9d18d67\" data-id=\"9d18d67\" data-element_type=\"column\" data-e-type=\"column\">\n\t\t\t<div class=\"elementor-widget-wrap elementor-element-populated\">\n\t\t\t\t\t\t<div class=\"elementor-element elementor-element-03ed506 elementor-widget elementor-widget-text-editor\" data-id=\"03ed506\" data-element_type=\"widget\" data-e-type=\"widget\" data-widget_type=\"text-editor.default\">\n\t\t\t\t<div class=\"elementor-widget-container\">\n\t\t\t\t\t\t\t\t\t<p class=\"MsoNormal\"><b><span lang=\"EN-GB\">Desarrollo de la evaluaci\u00f3n<o:p><\/o:p><\/span><\/b><\/p><p class=\"MsoNormal\" style=\"text-align:justify\"><span lang=\"EN-GB\">Las evaluaciones son\nuna parte esencial de tu viaje de aprendizaje, dise\u00f1adas para apoyar tu progreso\ny aumentar tu confianza en el uso del ingl\u00e9s. Nos centramos en todas las destrezas clave del MCER &#8211;\nescuchar, leer, escribir y hablar &#8211; proporcionando un enfoque equilibrado del aprendizaje de idiomas\n. Esto garantiza que los estudiantes desarrollen un dominio completo, a la vez que\nidentifican las \u00e1reas de mejora.  <o:p><\/o:p><\/span><\/p><p class=\"MsoNormal\" style=\"text-align:justify\"><span lang=\"EN-GB\">Nuestro m\u00e9todo de evaluaci\u00f3n\nes de bajo riesgo, lo que significa que nos centramos en tu aprendizaje y crecimiento en lugar de\npresionarte. Al hacer hincapi\u00e9 en la participaci\u00f3n y la retroalimentaci\u00f3n, creamos un entorno\nmotivador en el que te sientes capacitado para tomar las riendas de tu\naprendizaje. <o:p><\/o:p><\/span><\/p><p class=\"MsoNormal\" style=\"text-align:justify\"><span lang=\"EN-GB\">Los estudiantes son\nevaluados inicialmente antes de su llegada para determinar su nivel de competencia a trav\u00e9s de una evaluaci\u00f3n en l\u00ednea\nque est\u00e1 alineada con el MCER.<o:p><\/o:p><\/span><\/p><p class=\"MsoNormal\" style=\"text-align:justify\"><span lang=\"EN-GB\">Nuestros alumnos son\ny luego evaluados mediante nuestros sistemas de evaluaci\u00f3n formativa y sumativa, que garantizan\nvalidez, fiabilidad e imparcialidad en la evaluaci\u00f3n del rendimiento de los alumnos en todas las destrezas ling\u00fc\u00edsticas\n.<o:p><\/o:p><\/span><\/p><p class=\"MsoNormal\" style=\"line-height:107%\"><b><span lang=\"EN-GB\">Evaluaci\u00f3n formativa\n<o:p><\/o:p><\/span><\/b><\/p><p class=\"MsoNormal\" style=\"text-align:justify;line-height:107%\"><span lang=\"EN-GB\">La evaluaci\u00f3n formativa es un proceso continuo que ayuda a medir\nel progreso de los alumnos y a proporcionarles comentarios constructivos a lo largo de su estancia. Incluye\nobservaciones en clase, actividades interactivas, cuestionarios y proyectos semanales\n. Otros ejemplos de evaluaci\u00f3n formativa ser\u00edan la participaci\u00f3n de los alumnos\nen las actividades y su capacidad para superar los obst\u00e1culos ling\u00fc\u00edsticos. Se registran\ny se utilizan como base para los comentarios sobre la evaluaci\u00f3n en nuestro informe de salida\nde los alumnos.   <o:p><\/o:p><\/span><\/p><p class=\"MsoNormal\"><b><span lang=\"EN-GB\">Evaluaci\u00f3n sumativa<o:p><\/o:p><\/span><\/b><\/p><p>\n\n\n\n\n\n\n\n\n\n\n\n\n\n\n\n<\/p><p class=\"MsoNormal\" style=\"text-align:justify;line-height:107%\"><span lang=\"EN-GB\">Las evaluaciones sumativas se realizan al final de cada semana para\nmedir el aprendizaje de los alumnos bas\u00e1ndose en la unidad del libro de texto que han\nestudiado. Estas pruebas est\u00e1n normalizadas para garantizar la coherencia y la equidad, y\nfiguran en el programa de estudios de los alumnos para ayudarles a prepararse eficazmente. <o:p><\/o:p><\/span><\/p>\t\t\t\t\t\t\t\t<\/div>\n\t\t\t\t<\/div>\n\t\t\t\t\t<\/div>\n\t\t<\/div>\n\t\t\t\t\t<\/div>\n\t\t<\/section>\n\t\t\t\t<\/div>\n\t\t","protected":false},"excerpt":{"rendered":"<p>Desarrollo de la evaluaci\u00f3n Las evaluaciones son una parte esencial de tu viaje de aprendizaje, dise\u00f1adas para apoyar tu progreso y aumentar tu confianza en el uso del ingl\u00e9s. Nos centramos en todas las destrezas clave del MCER &#8211; escuchar, leer, escribir y hablar &#8211; proporcionando un enfoque equilibrado del aprendizaje de idiomas . Esto [&hellip;]<\/p>\n","protected":false},"author":3,"featured_media":0,"parent":32476,"menu_order":0,"comment_status":"closed","ping_status":"closed","template":"","meta":{"content-type":"","footnotes":""},"class_list":["post-32435","page","type-page","status-publish","hentry"],"yoast_head":"<!-- This site is optimized with the Yoast SEO plugin v27.3 - https:\/\/yoast.com\/product\/yoast-seo-wordpress\/ -->\n<title>Evaluaci\u00f3n - Irish College of English<\/title>\n<meta name=\"robots\" content=\"noindex, follow\" \/>\n<meta property=\"og:locale\" content=\"es_ES\" \/>\n<meta property=\"og:type\" content=\"article\" \/>\n<meta property=\"og:title\" content=\"Evaluaci\u00f3n - Irish College of English\" \/>\n<meta property=\"og:description\" content=\"Desarrollo de la evaluaci\u00f3n Las evaluaciones son una parte esencial de tu viaje de aprendizaje, dise\u00f1adas para apoyar tu progreso y aumentar tu confianza en el uso del ingl\u00e9s. Nos centramos en todas las destrezas clave del MCER &#8211; escuchar, leer, escribir y hablar &#8211; proporcionando un enfoque equilibrado del aprendizaje de idiomas . Esto [&hellip;]\" \/>\n<meta property=\"og:url\" content=\"https:\/\/www.iceireland.com\/es\/useful-information-and-supports\/assessment\/\" \/>\n<meta property=\"og:site_name\" content=\"Irish College of English\" \/>\n<meta property=\"article:modified_time\" content=\"2026-01-30T16:50:27+00:00\" \/>\n<meta name=\"twitter:label1\" content=\"Tiempo de lectura\" \/>\n\t<meta name=\"twitter:data1\" content=\"2 minutos\" \/>\n<script type=\"application\/ld+json\" class=\"yoast-schema-graph\">{\"@context\":\"https:\\\/\\\/schema.org\",\"@graph\":[{\"@type\":\"WebPage\",\"@id\":\"https:\\\/\\\/www.iceireland.com\\\/es\\\/useful-information-and-supports\\\/assessment\\\/\",\"url\":\"https:\\\/\\\/www.iceireland.com\\\/es\\\/useful-information-and-supports\\\/assessment\\\/\",\"name\":\"Evaluaci\u00f3n - Irish College of English\",\"isPartOf\":{\"@id\":\"https:\\\/\\\/www.iceireland.com\\\/es\\\/#website\"},\"datePublished\":\"2023-11-29T15:32:14+00:00\",\"dateModified\":\"2026-01-30T16:50:27+00:00\",\"breadcrumb\":{\"@id\":\"https:\\\/\\\/www.iceireland.com\\\/es\\\/useful-information-and-supports\\\/assessment\\\/#breadcrumb\"},\"inLanguage\":\"es\",\"potentialAction\":[{\"@type\":\"ReadAction\",\"target\":[\"https:\\\/\\\/www.iceireland.com\\\/es\\\/useful-information-and-supports\\\/assessment\\\/\"]}]},{\"@type\":\"BreadcrumbList\",\"@id\":\"https:\\\/\\\/www.iceireland.com\\\/es\\\/useful-information-and-supports\\\/assessment\\\/#breadcrumb\",\"itemListElement\":[{\"@type\":\"ListItem\",\"position\":1,\"name\":\"Home\",\"item\":\"https:\\\/\\\/www.iceireland.com\\\/es\\\/\"},{\"@type\":\"ListItem\",\"position\":2,\"name\":\"Informaci\u00f3n \u00fatil y ayudas\",\"item\":\"https:\\\/\\\/www.iceireland.com\\\/es\\\/useful-information-and-supports\\\/\"},{\"@type\":\"ListItem\",\"position\":3,\"name\":\"Evaluaci\u00f3n\"}]},{\"@type\":\"WebSite\",\"@id\":\"https:\\\/\\\/www.iceireland.com\\\/es\\\/#website\",\"url\":\"https:\\\/\\\/www.iceireland.com\\\/es\\\/\",\"name\":\"Irish College of English\",\"description\":\"English School in Dublin, Malahide\",\"publisher\":{\"@id\":\"https:\\\/\\\/www.iceireland.com\\\/es\\\/#organization\"},\"potentialAction\":[{\"@type\":\"SearchAction\",\"target\":{\"@type\":\"EntryPoint\",\"urlTemplate\":\"https:\\\/\\\/www.iceireland.com\\\/es\\\/?s={search_term_string}\"},\"query-input\":{\"@type\":\"PropertyValueSpecification\",\"valueRequired\":true,\"valueName\":\"search_term_string\"}}],\"inLanguage\":\"es\"},{\"@type\":\"Organization\",\"@id\":\"https:\\\/\\\/www.iceireland.com\\\/es\\\/#organization\",\"name\":\"Irish College of English\",\"url\":\"https:\\\/\\\/www.iceireland.com\\\/es\\\/\",\"logo\":{\"@type\":\"ImageObject\",\"inLanguage\":\"es\",\"@id\":\"https:\\\/\\\/www.iceireland.com\\\/es\\\/#\\\/schema\\\/logo\\\/image\\\/\",\"url\":\"https:\\\/\\\/www.iceireland.com\\\/wp-content\\\/uploads\\\/2022\\\/03\\\/logo.png\",\"contentUrl\":\"https:\\\/\\\/www.iceireland.com\\\/wp-content\\\/uploads\\\/2022\\\/03\\\/logo.png\",\"width\":593,\"height\":92,\"caption\":\"Irish College of English\"},\"image\":{\"@id\":\"https:\\\/\\\/www.iceireland.com\\\/es\\\/#\\\/schema\\\/logo\\\/image\\\/\"}}]}<\/script>\n<!-- \/ Yoast SEO plugin. -->","yoast_head_json":{"title":"Evaluaci\u00f3n - Irish College of English","robots":{"index":"noindex","follow":"follow"},"og_locale":"es_ES","og_type":"article","og_title":"Evaluaci\u00f3n - Irish College of English","og_description":"Desarrollo de la evaluaci\u00f3n Las evaluaciones son una parte esencial de tu viaje de aprendizaje, dise\u00f1adas para apoyar tu progreso y aumentar tu confianza en el uso del ingl\u00e9s. Nos centramos en todas las destrezas clave del MCER &#8211; escuchar, leer, escribir y hablar &#8211; proporcionando un enfoque equilibrado del aprendizaje de idiomas . Esto [&hellip;]","og_url":"https:\/\/www.iceireland.com\/es\/useful-information-and-supports\/assessment\/","og_site_name":"Irish College of English","article_modified_time":"2026-01-30T16:50:27+00:00","twitter_misc":{"Tiempo de lectura":"2 minutos"},"schema":{"@context":"https:\/\/schema.org","@graph":[{"@type":"WebPage","@id":"https:\/\/www.iceireland.com\/es\/useful-information-and-supports\/assessment\/","url":"https:\/\/www.iceireland.com\/es\/useful-information-and-supports\/assessment\/","name":"Evaluaci\u00f3n - Irish College of English","isPartOf":{"@id":"https:\/\/www.iceireland.com\/es\/#website"},"datePublished":"2023-11-29T15:32:14+00:00","dateModified":"2026-01-30T16:50:27+00:00","breadcrumb":{"@id":"https:\/\/www.iceireland.com\/es\/useful-information-and-supports\/assessment\/#breadcrumb"},"inLanguage":"es","potentialAction":[{"@type":"ReadAction","target":["https:\/\/www.iceireland.com\/es\/useful-information-and-supports\/assessment\/"]}]},{"@type":"BreadcrumbList","@id":"https:\/\/www.iceireland.com\/es\/useful-information-and-supports\/assessment\/#breadcrumb","itemListElement":[{"@type":"ListItem","position":1,"name":"Home","item":"https:\/\/www.iceireland.com\/es\/"},{"@type":"ListItem","position":2,"name":"Informaci\u00f3n \u00fatil y ayudas","item":"https:\/\/www.iceireland.com\/es\/useful-information-and-supports\/"},{"@type":"ListItem","position":3,"name":"Evaluaci\u00f3n"}]},{"@type":"WebSite","@id":"https:\/\/www.iceireland.com\/es\/#website","url":"https:\/\/www.iceireland.com\/es\/","name":"Irish College of English","description":"English School in Dublin, Malahide","publisher":{"@id":"https:\/\/www.iceireland.com\/es\/#organization"},"potentialAction":[{"@type":"SearchAction","target":{"@type":"EntryPoint","urlTemplate":"https:\/\/www.iceireland.com\/es\/?s={search_term_string}"},"query-input":{"@type":"PropertyValueSpecification","valueRequired":true,"valueName":"search_term_string"}}],"inLanguage":"es"},{"@type":"Organization","@id":"https:\/\/www.iceireland.com\/es\/#organization","name":"Irish College of English","url":"https:\/\/www.iceireland.com\/es\/","logo":{"@type":"ImageObject","inLanguage":"es","@id":"https:\/\/www.iceireland.com\/es\/#\/schema\/logo\/image\/","url":"https:\/\/www.iceireland.com\/wp-content\/uploads\/2022\/03\/logo.png","contentUrl":"https:\/\/www.iceireland.com\/wp-content\/uploads\/2022\/03\/logo.png","width":593,"height":92,"caption":"Irish College of English"},"image":{"@id":"https:\/\/www.iceireland.com\/es\/#\/schema\/logo\/image\/"}}]}},"_links":{"self":[{"href":"https:\/\/www.iceireland.com\/es\/wp-json\/wp\/v2\/pages\/32435","targetHints":{"allow":["GET"]}}],"collection":[{"href":"https:\/\/www.iceireland.com\/es\/wp-json\/wp\/v2\/pages"}],"about":[{"href":"https:\/\/www.iceireland.com\/es\/wp-json\/wp\/v2\/types\/page"}],"author":[{"embeddable":true,"href":"https:\/\/www.iceireland.com\/es\/wp-json\/wp\/v2\/users\/3"}],"replies":[{"embeddable":true,"href":"https:\/\/www.iceireland.com\/es\/wp-json\/wp\/v2\/comments?post=32435"}],"version-history":[{"count":1,"href":"https:\/\/www.iceireland.com\/es\/wp-json\/wp\/v2\/pages\/32435\/revisions"}],"predecessor-version":[{"id":32437,"href":"https:\/\/www.iceireland.com\/es\/wp-json\/wp\/v2\/pages\/32435\/revisions\/32437"}],"up":[{"embeddable":true,"href":"https:\/\/www.iceireland.com\/es\/wp-json\/wp\/v2\/pages\/32476"}],"wp:attachment":[{"href":"https:\/\/www.iceireland.com\/es\/wp-json\/wp\/v2\/media?parent=32435"}],"curies":[{"name":"wp","href":"https:\/\/api.w.org\/{rel}","templated":true}]}}