{"id":32508,"date":"2023-11-28T14:29:02","date_gmt":"2023-11-28T14:29:02","guid":{"rendered":"https:\/\/www.iceireland.com\/useful-information-and-supports\/learner-protection\/"},"modified":"2026-01-30T16:50:53","modified_gmt":"2026-01-30T16:50:53","slug":"learner-protection","status":"publish","type":"page","link":"https:\/\/www.iceireland.com\/es\/useful-information-and-supports\/learner-protection\/","title":{"rendered":"Protecci\u00f3n del alumno"},"content":{"rendered":"\t\t<div data-elementor-type=\"wp-page\" data-elementor-id=\"32508\" class=\"elementor elementor-32508 elementor-25634\" data-elementor-post-type=\"page\">\n\t\t\t\t\t\t<section class=\"elementor-section elementor-top-section elementor-element elementor-element-f28b19c elementor-section-boxed elementor-section-height-default elementor-section-height-default\" data-id=\"f28b19c\" data-element_type=\"section\" data-e-type=\"section\">\n\t\t\t\t\t\t<div class=\"elementor-container elementor-column-gap-default\">\n\t\t\t\t\t<div class=\"elementor-column elementor-col-100 elementor-top-column elementor-element elementor-element-f788b3d\" data-id=\"f788b3d\" data-element_type=\"column\" data-e-type=\"column\">\n\t\t\t<div class=\"elementor-widget-wrap elementor-element-populated\">\n\t\t\t\t\t\t<div class=\"elementor-element elementor-element-86ec0a2 elementor-widget elementor-widget-heading\" data-id=\"86ec0a2\" data-element_type=\"widget\" data-e-type=\"widget\" data-widget_type=\"heading.default\">\n\t\t\t\t<div class=\"elementor-widget-container\">\n\t\t\t\t\t<h2 class=\"elementor-heading-title elementor-size-default\">Protecci\u00f3n del alumno<\/h2>\t\t\t\t<\/div>\n\t\t\t\t<\/div>\n\t\t\t\t\t<\/div>\n\t\t<\/div>\n\t\t\t\t\t<\/div>\n\t\t<\/section>\n\t\t\t\t<section class=\"elementor-section elementor-top-section elementor-element elementor-element-04766b2 elementor-section-boxed elementor-section-height-default elementor-section-height-default\" data-id=\"04766b2\" data-element_type=\"section\" data-e-type=\"section\">\n\t\t\t\t\t\t<div class=\"elementor-container elementor-column-gap-default\">\n\t\t\t\t\t<div class=\"elementor-column elementor-col-100 elementor-top-column elementor-element elementor-element-731c06c\" data-id=\"731c06c\" data-element_type=\"column\" data-e-type=\"column\">\n\t\t\t<div class=\"elementor-widget-wrap elementor-element-populated\">\n\t\t\t\t\t\t<div class=\"elementor-element elementor-element-a4037cf elementor-widget elementor-widget-text-editor\" data-id=\"a4037cf\" data-element_type=\"widget\" data-e-type=\"widget\" data-widget_type=\"text-editor.default\">\n\t\t\t\t<div class=\"elementor-widget-container\">\n\t\t\t\t\t\t\t\t\t<p>En el Irish College of English, damos prioridad al bienestar y la seguridad de nuestros alumnos.<\/p><p>Como parte de nuestro compromiso de ofrecer un entorno de aprendizaje seguro y de apoyo, proporcionamos un seguro de protecci\u00f3n del alumno a todos los alumnos de ILEP a trav\u00e9s del Programa de Protecci\u00f3n del Alumno Matriculado de Arachas y protecci\u00f3n del alumno de MEI a todos los alumnos.<\/p><p><strong>Programa de Protecci\u00f3n de Alumnos Matriculados Arachas<\/strong><\/p><p>Esta cobertura de seguro, proporcionada por Aviva Insurance Ireland DAC, est\u00e1 regulada por el Banco Central de Irlanda, lo que garantiza los m\u00e1s altos niveles de protecci\u00f3n para nuestros estudiantes. En virtud de esta p\u00f3liza colectiva, los estudiantes est\u00e1n protegidos en caso de que un programa cese prematuramente. <\/p><p>En cumplimiento del apartado 5A14 de las Disposiciones aplicables a los programas de lengua inglesa, nos aseguramos de que nuestras disposiciones de protecci\u00f3n de los alumnos cumplan las normas necesarias establecidas por las autoridades reguladoras. Estos acuerdos cubren a los estudiantes desde el momento de la inscripci\u00f3n y el pago de las tasas hasta la finalizaci\u00f3n del programa y los ex\u00e1menes de fin de programa. <\/p><p><strong>Protecci\u00f3n del alumno<\/strong><\/p><p>Como miembros de la EEI, estamos cubiertos por el plan de protecci\u00f3n de estudiantes de la EEI a trav\u00e9s de Study &amp; Protect y, en caso de cierre de una escuela, los estudiantes podr\u00e1n completar sus estudios en otra escuela de la EEI sin coste adicional. Esto ser\u00e1 facilitado por la oficina de la IEE y la colocaci\u00f3n en otra escuela de idiomas de la IEE se coordinar\u00e1 de forma r\u00e1pida y sin estr\u00e9s. <\/p><p>Nuestros acuerdos de protecci\u00f3n del alumno est\u00e1n estructurados para garantizar una cobertura completa para cada alumno, con una comunicaci\u00f3n clara de los detalles de la p\u00f3liza y los procedimientos de reclamaci\u00f3n proporcionados por el proveedor de seguros. Adem\u00e1s, nos adherimos a acuerdos de fianza acad\u00e9mica para garantizar la continuidad de la educaci\u00f3n en caso de interrupci\u00f3n del programa, con directrices estrictas para mantener la transparencia y la responsabilidad.   <\/p><p>Entendemos la importancia de la transparencia y la responsabilidad para salvaguardar los intereses de nuestros alumnos, y seguimos dedicados a mantener los m\u00e1s altos niveles de protecci\u00f3n de los alumnos. Cualquier cambio propuesto en nuestras medidas de protecci\u00f3n de los alumnos est\u00e1 sujeto a la aprobaci\u00f3n de las autoridades competentes, lo que garantiza la seguridad y el bienestar continuos de nuestra comunidad estudiantil. <\/p><p>En el Irish College of English, nos comprometemos a proporcionar no s\u00f3lo una educaci\u00f3n de calidad, sino tambi\u00e9n tranquilidad a nuestros alumnos y a sus familias mediante s\u00f3lidas medidas de protecci\u00f3n de los alumnos.<\/p>\t\t\t\t\t\t\t\t<\/div>\n\t\t\t\t<\/div>\n\t\t\t\t\t<\/div>\n\t\t<\/div>\n\t\t\t\t\t<\/div>\n\t\t<\/section>\n\t\t\t\t<\/div>\n\t\t","protected":false},"excerpt":{"rendered":"<p>Protecci\u00f3n del alumno En el Irish College of English, damos prioridad al bienestar y la seguridad de nuestros alumnos. Como parte de nuestro compromiso de ofrecer un entorno de aprendizaje seguro y de apoyo, proporcionamos un seguro de protecci\u00f3n del alumno a todos los alumnos de ILEP a trav\u00e9s del Programa de Protecci\u00f3n del Alumno [&hellip;]<\/p>\n","protected":false},"author":3,"featured_media":0,"parent":32476,"menu_order":0,"comment_status":"closed","ping_status":"closed","template":"","meta":{"content-type":"","footnotes":""},"class_list":["post-32508","page","type-page","status-publish","hentry"],"yoast_head":"<!-- This site is optimized with the Yoast SEO plugin v27.3 - https:\/\/yoast.com\/product\/yoast-seo-wordpress\/ -->\n<title>Protecci\u00f3n del alumno - Irish College of English<\/title>\n<meta name=\"robots\" content=\"noindex, follow\" \/>\n<meta property=\"og:locale\" content=\"es_ES\" \/>\n<meta property=\"og:type\" content=\"article\" \/>\n<meta property=\"og:title\" content=\"Protecci\u00f3n del alumno - Irish College of English\" \/>\n<meta property=\"og:description\" content=\"Protecci\u00f3n del alumno En el Irish College of English, damos prioridad al bienestar y la seguridad de nuestros alumnos. Como parte de nuestro compromiso de ofrecer un entorno de aprendizaje seguro y de apoyo, proporcionamos un seguro de protecci\u00f3n del alumno a todos los alumnos de ILEP a trav\u00e9s del Programa de Protecci\u00f3n del Alumno [&hellip;]\" \/>\n<meta property=\"og:url\" content=\"https:\/\/www.iceireland.com\/es\/useful-information-and-supports\/learner-protection\/\" \/>\n<meta property=\"og:site_name\" content=\"Irish College of English\" \/>\n<meta property=\"article:modified_time\" content=\"2026-01-30T16:50:53+00:00\" \/>\n<meta name=\"twitter:label1\" content=\"Tiempo de lectura\" \/>\n\t<meta name=\"twitter:data1\" content=\"2 minutos\" \/>\n<script type=\"application\/ld+json\" class=\"yoast-schema-graph\">{\"@context\":\"https:\\\/\\\/schema.org\",\"@graph\":[{\"@type\":\"WebPage\",\"@id\":\"https:\\\/\\\/www.iceireland.com\\\/es\\\/useful-information-and-supports\\\/learner-protection\\\/\",\"url\":\"https:\\\/\\\/www.iceireland.com\\\/es\\\/useful-information-and-supports\\\/learner-protection\\\/\",\"name\":\"Protecci\u00f3n del alumno - Irish College of English\",\"isPartOf\":{\"@id\":\"https:\\\/\\\/www.iceireland.com\\\/es\\\/#website\"},\"datePublished\":\"2023-11-28T14:29:02+00:00\",\"dateModified\":\"2026-01-30T16:50:53+00:00\",\"breadcrumb\":{\"@id\":\"https:\\\/\\\/www.iceireland.com\\\/es\\\/useful-information-and-supports\\\/learner-protection\\\/#breadcrumb\"},\"inLanguage\":\"es\",\"potentialAction\":[{\"@type\":\"ReadAction\",\"target\":[\"https:\\\/\\\/www.iceireland.com\\\/es\\\/useful-information-and-supports\\\/learner-protection\\\/\"]}]},{\"@type\":\"BreadcrumbList\",\"@id\":\"https:\\\/\\\/www.iceireland.com\\\/es\\\/useful-information-and-supports\\\/learner-protection\\\/#breadcrumb\",\"itemListElement\":[{\"@type\":\"ListItem\",\"position\":1,\"name\":\"Home\",\"item\":\"https:\\\/\\\/www.iceireland.com\\\/es\\\/\"},{\"@type\":\"ListItem\",\"position\":2,\"name\":\"Informaci\u00f3n \u00fatil y ayudas\",\"item\":\"https:\\\/\\\/www.iceireland.com\\\/es\\\/useful-information-and-supports\\\/\"},{\"@type\":\"ListItem\",\"position\":3,\"name\":\"Protecci\u00f3n del alumno\"}]},{\"@type\":\"WebSite\",\"@id\":\"https:\\\/\\\/www.iceireland.com\\\/es\\\/#website\",\"url\":\"https:\\\/\\\/www.iceireland.com\\\/es\\\/\",\"name\":\"Irish College of English\",\"description\":\"English School in Dublin, Malahide\",\"publisher\":{\"@id\":\"https:\\\/\\\/www.iceireland.com\\\/es\\\/#organization\"},\"potentialAction\":[{\"@type\":\"SearchAction\",\"target\":{\"@type\":\"EntryPoint\",\"urlTemplate\":\"https:\\\/\\\/www.iceireland.com\\\/es\\\/?s={search_term_string}\"},\"query-input\":{\"@type\":\"PropertyValueSpecification\",\"valueRequired\":true,\"valueName\":\"search_term_string\"}}],\"inLanguage\":\"es\"},{\"@type\":\"Organization\",\"@id\":\"https:\\\/\\\/www.iceireland.com\\\/es\\\/#organization\",\"name\":\"Irish College of English\",\"url\":\"https:\\\/\\\/www.iceireland.com\\\/es\\\/\",\"logo\":{\"@type\":\"ImageObject\",\"inLanguage\":\"es\",\"@id\":\"https:\\\/\\\/www.iceireland.com\\\/es\\\/#\\\/schema\\\/logo\\\/image\\\/\",\"url\":\"https:\\\/\\\/www.iceireland.com\\\/wp-content\\\/uploads\\\/2022\\\/03\\\/logo.png\",\"contentUrl\":\"https:\\\/\\\/www.iceireland.com\\\/wp-content\\\/uploads\\\/2022\\\/03\\\/logo.png\",\"width\":593,\"height\":92,\"caption\":\"Irish College of English\"},\"image\":{\"@id\":\"https:\\\/\\\/www.iceireland.com\\\/es\\\/#\\\/schema\\\/logo\\\/image\\\/\"}}]}<\/script>\n<!-- \/ Yoast SEO plugin. -->","yoast_head_json":{"title":"Protecci\u00f3n del alumno - Irish College of English","robots":{"index":"noindex","follow":"follow"},"og_locale":"es_ES","og_type":"article","og_title":"Protecci\u00f3n del alumno - Irish College of English","og_description":"Protecci\u00f3n del alumno En el Irish College of English, damos prioridad al bienestar y la seguridad de nuestros alumnos. Como parte de nuestro compromiso de ofrecer un entorno de aprendizaje seguro y de apoyo, proporcionamos un seguro de protecci\u00f3n del alumno a todos los alumnos de ILEP a trav\u00e9s del Programa de Protecci\u00f3n del Alumno [&hellip;]","og_url":"https:\/\/www.iceireland.com\/es\/useful-information-and-supports\/learner-protection\/","og_site_name":"Irish College of English","article_modified_time":"2026-01-30T16:50:53+00:00","twitter_misc":{"Tiempo de lectura":"2 minutos"},"schema":{"@context":"https:\/\/schema.org","@graph":[{"@type":"WebPage","@id":"https:\/\/www.iceireland.com\/es\/useful-information-and-supports\/learner-protection\/","url":"https:\/\/www.iceireland.com\/es\/useful-information-and-supports\/learner-protection\/","name":"Protecci\u00f3n del alumno - Irish College of English","isPartOf":{"@id":"https:\/\/www.iceireland.com\/es\/#website"},"datePublished":"2023-11-28T14:29:02+00:00","dateModified":"2026-01-30T16:50:53+00:00","breadcrumb":{"@id":"https:\/\/www.iceireland.com\/es\/useful-information-and-supports\/learner-protection\/#breadcrumb"},"inLanguage":"es","potentialAction":[{"@type":"ReadAction","target":["https:\/\/www.iceireland.com\/es\/useful-information-and-supports\/learner-protection\/"]}]},{"@type":"BreadcrumbList","@id":"https:\/\/www.iceireland.com\/es\/useful-information-and-supports\/learner-protection\/#breadcrumb","itemListElement":[{"@type":"ListItem","position":1,"name":"Home","item":"https:\/\/www.iceireland.com\/es\/"},{"@type":"ListItem","position":2,"name":"Informaci\u00f3n \u00fatil y ayudas","item":"https:\/\/www.iceireland.com\/es\/useful-information-and-supports\/"},{"@type":"ListItem","position":3,"name":"Protecci\u00f3n del alumno"}]},{"@type":"WebSite","@id":"https:\/\/www.iceireland.com\/es\/#website","url":"https:\/\/www.iceireland.com\/es\/","name":"Irish College of English","description":"English School in Dublin, Malahide","publisher":{"@id":"https:\/\/www.iceireland.com\/es\/#organization"},"potentialAction":[{"@type":"SearchAction","target":{"@type":"EntryPoint","urlTemplate":"https:\/\/www.iceireland.com\/es\/?s={search_term_string}"},"query-input":{"@type":"PropertyValueSpecification","valueRequired":true,"valueName":"search_term_string"}}],"inLanguage":"es"},{"@type":"Organization","@id":"https:\/\/www.iceireland.com\/es\/#organization","name":"Irish College of English","url":"https:\/\/www.iceireland.com\/es\/","logo":{"@type":"ImageObject","inLanguage":"es","@id":"https:\/\/www.iceireland.com\/es\/#\/schema\/logo\/image\/","url":"https:\/\/www.iceireland.com\/wp-content\/uploads\/2022\/03\/logo.png","contentUrl":"https:\/\/www.iceireland.com\/wp-content\/uploads\/2022\/03\/logo.png","width":593,"height":92,"caption":"Irish College of English"},"image":{"@id":"https:\/\/www.iceireland.com\/es\/#\/schema\/logo\/image\/"}}]}},"_links":{"self":[{"href":"https:\/\/www.iceireland.com\/es\/wp-json\/wp\/v2\/pages\/32508","targetHints":{"allow":["GET"]}}],"collection":[{"href":"https:\/\/www.iceireland.com\/es\/wp-json\/wp\/v2\/pages"}],"about":[{"href":"https:\/\/www.iceireland.com\/es\/wp-json\/wp\/v2\/types\/page"}],"author":[{"embeddable":true,"href":"https:\/\/www.iceireland.com\/es\/wp-json\/wp\/v2\/users\/3"}],"replies":[{"embeddable":true,"href":"https:\/\/www.iceireland.com\/es\/wp-json\/wp\/v2\/comments?post=32508"}],"version-history":[{"count":1,"href":"https:\/\/www.iceireland.com\/es\/wp-json\/wp\/v2\/pages\/32508\/revisions"}],"predecessor-version":[{"id":32509,"href":"https:\/\/www.iceireland.com\/es\/wp-json\/wp\/v2\/pages\/32508\/revisions\/32509"}],"up":[{"embeddable":true,"href":"https:\/\/www.iceireland.com\/es\/wp-json\/wp\/v2\/pages\/32476"}],"wp:attachment":[{"href":"https:\/\/www.iceireland.com\/es\/wp-json\/wp\/v2\/media?parent=32508"}],"curies":[{"name":"wp","href":"https:\/\/api.w.org\/{rel}","templated":true}]}}