{"id":32836,"date":"2022-10-28T14:01:32","date_gmt":"2022-10-28T14:01:32","guid":{"rendered":"https:\/\/www.iceireland.com\/our-green-commitment\/"},"modified":"2026-01-30T18:23:11","modified_gmt":"2026-01-30T18:23:11","slug":"our-green-commitment","status":"publish","type":"page","link":"https:\/\/www.iceireland.com\/es\/our-green-commitment\/","title":{"rendered":"Nuestro compromiso ecol\u00f3gico permanente"},"content":{"rendered":"\t\t<div data-elementor-type=\"wp-page\" data-elementor-id=\"32836\" class=\"elementor elementor-32836 elementor-9973\" data-elementor-post-type=\"page\">\n\t\t\t\t\t\t<section class=\"elementor-section elementor-top-section elementor-element elementor-element-74b2366 elementor-section-boxed elementor-section-height-default elementor-section-height-default\" data-id=\"74b2366\" data-element_type=\"section\" data-e-type=\"section\">\n\t\t\t\t\t\t<div class=\"elementor-container elementor-column-gap-default\">\n\t\t\t\t\t<div class=\"elementor-column elementor-col-25 elementor-top-column elementor-element elementor-element-35f6c69\" data-id=\"35f6c69\" data-element_type=\"column\" data-e-type=\"column\">\n\t\t\t<div class=\"elementor-widget-wrap\">\n\t\t\t\t\t\t\t<\/div>\n\t\t<\/div>\n\t\t\t\t<div class=\"elementor-column elementor-col-50 elementor-top-column elementor-element elementor-element-8f16ea1\" data-id=\"8f16ea1\" data-element_type=\"column\" data-e-type=\"column\">\n\t\t\t<div class=\"elementor-widget-wrap elementor-element-populated\">\n\t\t\t\t\t\t<div class=\"elementor-element elementor-element-7c1d7eb elementor-widget elementor-widget-image-box\" data-id=\"7c1d7eb\" data-element_type=\"widget\" data-e-type=\"widget\" data-widget_type=\"image-box.default\">\n\t\t\t\t<div class=\"elementor-widget-container\">\n\t\t\t\t\t<div class=\"elementor-image-box-wrapper\"><div class=\"elementor-image-box-content\"><h3 class=\"elementor-image-box-title\"><strong><em>Nuestro compromiso ecol\u00f3gico permanente<\/em><\/strong><\/h3><p class=\"elementor-image-box-description\"><p><strong><em><br><\/em><\/strong><\/p><p><strong><br>Sin pl\u00e1sticos de un solo uso<br><\/strong><\/p><p>Los alumnos reciben una <strong>botella de agua reutilizable<\/strong> y tenemos <strong>estaciones de recarga de botellas de agua<\/strong> en nuestras escuelas<\/p><p>Los estudiantes reciben un <strong>bol\u00edgrafo compostable del Irish College of English<\/strong><\/p><p>Los estudiantes reciben un <strong>paquete de cart\u00f3n para estudiantes.<\/strong><\/p><p><strong><br>Eficiencia Energ\u00e9tica<\/strong><\/p><p>Se instalan bombillas de bajo consumo<\/p><p>Calefacci\u00f3n energ\u00e9ticamente eficiente<\/p><p><strong><br>Flores\/plantas<\/strong><\/p><p>Plantamos <strong>flores<\/strong>en el exterior de la escuela para estimular a las abejas y otros insectos.<\/p><p><strong><br>Reciclaje<br><\/strong><\/p><p>Se fomenta el reciclaje y la limitaci\u00f3n del uso de papel.<\/p><p>Se utilizan productos de limpieza ecol\u00f3gicos.<\/p><p><strong><br>Apto para veganos y vegetarianos<\/strong><\/p>Somos aptos para veganos y vegetarianos.<\/p><\/div><\/div>\t\t\t\t<\/div>\n\t\t\t\t<\/div>\n\t\t\t\t\t<\/div>\n\t\t<\/div>\n\t\t\t\t<div class=\"elementor-column elementor-col-25 elementor-top-column elementor-element elementor-element-92d61cc\" data-id=\"92d61cc\" data-element_type=\"column\" data-e-type=\"column\">\n\t\t\t<div class=\"elementor-widget-wrap\">\n\t\t\t\t\t\t\t<\/div>\n\t\t<\/div>\n\t\t\t\t\t<\/div>\n\t\t<\/section>\n\t\t\t\t<\/div>\n\t\t","protected":false},"excerpt":{"rendered":"<p>Nuestro compromiso ecol\u00f3gico permanente Sin pl\u00e1sticos de un solo uso Los alumnos reciben una botella de agua reutilizable y tenemos estaciones de recarga de botellas de agua en nuestras escuelas Los estudiantes reciben un bol\u00edgrafo compostable del Irish College of English Los estudiantes reciben un paquete de cart\u00f3n para estudiantes. Eficiencia Energ\u00e9tica Se instalan bombillas [&hellip;]<\/p>\n","protected":false},"author":3,"featured_media":0,"parent":0,"menu_order":0,"comment_status":"closed","ping_status":"closed","template":"","meta":{"content-type":"","footnotes":""},"class_list":["post-32836","page","type-page","status-publish","hentry"],"yoast_head":"<!-- This site is optimized with the Yoast SEO plugin v27.3 - https:\/\/yoast.com\/product\/yoast-seo-wordpress\/ -->\n<title>Nuestro compromiso ecol\u00f3gico permanente - Irish College of English<\/title>\n<meta name=\"robots\" content=\"index, follow, max-snippet:-1, max-image-preview:large, max-video-preview:-1\" \/>\n<link rel=\"canonical\" href=\"https:\/\/www.iceireland.com\/es\/our-green-commitment\/\" \/>\n<meta property=\"og:locale\" content=\"es_ES\" \/>\n<meta property=\"og:type\" content=\"article\" \/>\n<meta property=\"og:title\" content=\"Nuestro compromiso ecol\u00f3gico permanente - Irish College of English\" \/>\n<meta property=\"og:description\" content=\"Nuestro compromiso ecol\u00f3gico permanente Sin pl\u00e1sticos de un solo uso Los alumnos reciben una botella de agua reutilizable y tenemos estaciones de recarga de botellas de agua en nuestras escuelas Los estudiantes reciben un bol\u00edgrafo compostable del Irish College of English Los estudiantes reciben un paquete de cart\u00f3n para estudiantes. Eficiencia Energ\u00e9tica Se instalan bombillas [&hellip;]\" \/>\n<meta property=\"og:url\" content=\"https:\/\/www.iceireland.com\/es\/our-green-commitment\/\" \/>\n<meta property=\"og:site_name\" content=\"Irish College of English\" \/>\n<meta property=\"article:modified_time\" content=\"2026-01-30T18:23:11+00:00\" \/>\n<meta name=\"twitter:label1\" content=\"Tiempo de lectura\" \/>\n\t<meta name=\"twitter:data1\" content=\"1 minuto\" \/>\n<script type=\"application\/ld+json\" class=\"yoast-schema-graph\">{\"@context\":\"https:\\\/\\\/schema.org\",\"@graph\":[{\"@type\":\"WebPage\",\"@id\":\"https:\\\/\\\/www.iceireland.com\\\/es\\\/our-green-commitment\\\/\",\"url\":\"https:\\\/\\\/www.iceireland.com\\\/es\\\/our-green-commitment\\\/\",\"name\":\"Nuestro compromiso ecol\u00f3gico permanente - Irish College of English\",\"isPartOf\":{\"@id\":\"https:\\\/\\\/www.iceireland.com\\\/es\\\/#website\"},\"datePublished\":\"2022-10-28T14:01:32+00:00\",\"dateModified\":\"2026-01-30T18:23:11+00:00\",\"breadcrumb\":{\"@id\":\"https:\\\/\\\/www.iceireland.com\\\/es\\\/our-green-commitment\\\/#breadcrumb\"},\"inLanguage\":\"es\",\"potentialAction\":[{\"@type\":\"ReadAction\",\"target\":[\"https:\\\/\\\/www.iceireland.com\\\/es\\\/our-green-commitment\\\/\"]}]},{\"@type\":\"BreadcrumbList\",\"@id\":\"https:\\\/\\\/www.iceireland.com\\\/es\\\/our-green-commitment\\\/#breadcrumb\",\"itemListElement\":[{\"@type\":\"ListItem\",\"position\":1,\"name\":\"Home\",\"item\":\"https:\\\/\\\/www.iceireland.com\\\/es\\\/\"},{\"@type\":\"ListItem\",\"position\":2,\"name\":\"Nuestro compromiso ecol\u00f3gico permanente\"}]},{\"@type\":\"WebSite\",\"@id\":\"https:\\\/\\\/www.iceireland.com\\\/es\\\/#website\",\"url\":\"https:\\\/\\\/www.iceireland.com\\\/es\\\/\",\"name\":\"Irish College of English\",\"description\":\"English School in Dublin, Malahide\",\"publisher\":{\"@id\":\"https:\\\/\\\/www.iceireland.com\\\/es\\\/#organization\"},\"potentialAction\":[{\"@type\":\"SearchAction\",\"target\":{\"@type\":\"EntryPoint\",\"urlTemplate\":\"https:\\\/\\\/www.iceireland.com\\\/es\\\/?s={search_term_string}\"},\"query-input\":{\"@type\":\"PropertyValueSpecification\",\"valueRequired\":true,\"valueName\":\"search_term_string\"}}],\"inLanguage\":\"es\"},{\"@type\":\"Organization\",\"@id\":\"https:\\\/\\\/www.iceireland.com\\\/es\\\/#organization\",\"name\":\"Irish College of English\",\"url\":\"https:\\\/\\\/www.iceireland.com\\\/es\\\/\",\"logo\":{\"@type\":\"ImageObject\",\"inLanguage\":\"es\",\"@id\":\"https:\\\/\\\/www.iceireland.com\\\/es\\\/#\\\/schema\\\/logo\\\/image\\\/\",\"url\":\"https:\\\/\\\/www.iceireland.com\\\/wp-content\\\/uploads\\\/2022\\\/03\\\/logo.png\",\"contentUrl\":\"https:\\\/\\\/www.iceireland.com\\\/wp-content\\\/uploads\\\/2022\\\/03\\\/logo.png\",\"width\":593,\"height\":92,\"caption\":\"Irish College of English\"},\"image\":{\"@id\":\"https:\\\/\\\/www.iceireland.com\\\/es\\\/#\\\/schema\\\/logo\\\/image\\\/\"}}]}<\/script>\n<!-- \/ Yoast SEO plugin. -->","yoast_head_json":{"title":"Nuestro compromiso ecol\u00f3gico permanente - Irish College of English","robots":{"index":"index","follow":"follow","max-snippet":"max-snippet:-1","max-image-preview":"max-image-preview:large","max-video-preview":"max-video-preview:-1"},"canonical":"https:\/\/www.iceireland.com\/es\/our-green-commitment\/","og_locale":"es_ES","og_type":"article","og_title":"Nuestro compromiso ecol\u00f3gico permanente - Irish College of English","og_description":"Nuestro compromiso ecol\u00f3gico permanente Sin pl\u00e1sticos de un solo uso Los alumnos reciben una botella de agua reutilizable y tenemos estaciones de recarga de botellas de agua en nuestras escuelas Los estudiantes reciben un bol\u00edgrafo compostable del Irish College of English Los estudiantes reciben un paquete de cart\u00f3n para estudiantes. Eficiencia Energ\u00e9tica Se instalan bombillas [&hellip;]","og_url":"https:\/\/www.iceireland.com\/es\/our-green-commitment\/","og_site_name":"Irish College of English","article_modified_time":"2026-01-30T18:23:11+00:00","twitter_misc":{"Tiempo de lectura":"1 minuto"},"schema":{"@context":"https:\/\/schema.org","@graph":[{"@type":"WebPage","@id":"https:\/\/www.iceireland.com\/es\/our-green-commitment\/","url":"https:\/\/www.iceireland.com\/es\/our-green-commitment\/","name":"Nuestro compromiso ecol\u00f3gico permanente - Irish College of English","isPartOf":{"@id":"https:\/\/www.iceireland.com\/es\/#website"},"datePublished":"2022-10-28T14:01:32+00:00","dateModified":"2026-01-30T18:23:11+00:00","breadcrumb":{"@id":"https:\/\/www.iceireland.com\/es\/our-green-commitment\/#breadcrumb"},"inLanguage":"es","potentialAction":[{"@type":"ReadAction","target":["https:\/\/www.iceireland.com\/es\/our-green-commitment\/"]}]},{"@type":"BreadcrumbList","@id":"https:\/\/www.iceireland.com\/es\/our-green-commitment\/#breadcrumb","itemListElement":[{"@type":"ListItem","position":1,"name":"Home","item":"https:\/\/www.iceireland.com\/es\/"},{"@type":"ListItem","position":2,"name":"Nuestro compromiso ecol\u00f3gico permanente"}]},{"@type":"WebSite","@id":"https:\/\/www.iceireland.com\/es\/#website","url":"https:\/\/www.iceireland.com\/es\/","name":"Irish College of English","description":"English School in Dublin, Malahide","publisher":{"@id":"https:\/\/www.iceireland.com\/es\/#organization"},"potentialAction":[{"@type":"SearchAction","target":{"@type":"EntryPoint","urlTemplate":"https:\/\/www.iceireland.com\/es\/?s={search_term_string}"},"query-input":{"@type":"PropertyValueSpecification","valueRequired":true,"valueName":"search_term_string"}}],"inLanguage":"es"},{"@type":"Organization","@id":"https:\/\/www.iceireland.com\/es\/#organization","name":"Irish College of English","url":"https:\/\/www.iceireland.com\/es\/","logo":{"@type":"ImageObject","inLanguage":"es","@id":"https:\/\/www.iceireland.com\/es\/#\/schema\/logo\/image\/","url":"https:\/\/www.iceireland.com\/wp-content\/uploads\/2022\/03\/logo.png","contentUrl":"https:\/\/www.iceireland.com\/wp-content\/uploads\/2022\/03\/logo.png","width":593,"height":92,"caption":"Irish College of English"},"image":{"@id":"https:\/\/www.iceireland.com\/es\/#\/schema\/logo\/image\/"}}]}},"_links":{"self":[{"href":"https:\/\/www.iceireland.com\/es\/wp-json\/wp\/v2\/pages\/32836","targetHints":{"allow":["GET"]}}],"collection":[{"href":"https:\/\/www.iceireland.com\/es\/wp-json\/wp\/v2\/pages"}],"about":[{"href":"https:\/\/www.iceireland.com\/es\/wp-json\/wp\/v2\/types\/page"}],"author":[{"embeddable":true,"href":"https:\/\/www.iceireland.com\/es\/wp-json\/wp\/v2\/users\/3"}],"replies":[{"embeddable":true,"href":"https:\/\/www.iceireland.com\/es\/wp-json\/wp\/v2\/comments?post=32836"}],"version-history":[{"count":1,"href":"https:\/\/www.iceireland.com\/es\/wp-json\/wp\/v2\/pages\/32836\/revisions"}],"predecessor-version":[{"id":32837,"href":"https:\/\/www.iceireland.com\/es\/wp-json\/wp\/v2\/pages\/32836\/revisions\/32837"}],"wp:attachment":[{"href":"https:\/\/www.iceireland.com\/es\/wp-json\/wp\/v2\/media?parent=32836"}],"curies":[{"name":"wp","href":"https:\/\/api.w.org\/{rel}","templated":true}]}}