{"id":32876,"date":"2022-03-22T11:13:00","date_gmt":"2022-03-22T11:13:00","guid":{"rendered":"https:\/\/www.iceireland.com\/hostfamilycharter\/"},"modified":"2022-03-22T11:13:00","modified_gmt":"2022-03-22T11:13:00","slug":"hostfamilycharter","status":"publish","type":"page","link":"https:\/\/www.iceireland.com\/es\/hostfamilycharter\/","title":{"rendered":"Carta de Estancia en Casa para Estudiantes"},"content":{"rendered":"<h2><strong>Carta de Estancia en Casa para Estudiantes<\/strong><\/h2>\n<p><strong> <\/strong><\/p>\n<p><strong>Introducci\u00f3n<\/strong><\/p>\n<p>En el Colegio Irland\u00e9s de Ingl\u00e9s, creemos que la experiencia de la estancia en familia debe ser uno de los aspectos m\u00e1s destacados de tu estancia con nosotros y, con este fin, animamos a todos los estudiantes, adultos y juniors por igual, a que aprovechen al m\u00e1ximo esta fant\u00e1stica oportunidad. Puede que experimentes la cultura irlandesa por primera vez y deber\u00edas estar preparado para experimentar y aceptar rutinas, comidas y costumbres diferentes a las que est\u00e1s acostumbrado. <\/p>\n<p>&nbsp;<\/p>\n<p><strong>N\u00fameros importantes:<\/strong><\/p>\n<p>Tel\u00e9fono de la oficina 00353 1 845 3744 (para consultas generales)<\/p>\n<p>&nbsp;<\/p>\n<p>Es importante recordar que el alojamiento en familia no es lo mismo que alojarse en una casa de hu\u00e9spedes o en un hotel, sino que se trata de una estancia en un hogar acogedor y amistoso donde los estudiantes son tratados como miembros de la casa y tendr\u00e1n la oportunidad de hablar ingl\u00e9s e interactuar con un hogar irland\u00e9s. El objetivo es que los alumnos participen en la vida dom\u00e9stica en la medida de lo posible y mejoren su ingl\u00e9s utiliz\u00e1ndolo en situaciones de la vida real. A su vez, los estudiantes deben comportarse con respeto y cortes\u00eda con el anfitri\u00f3n y acatar las normas de la casa. La mayor\u00eda de las casas de acogida tienen sus propias normas que comunicar\u00e1n a los estudiantes al principio de su estancia; estas normas incluir\u00e1n informaci\u00f3n sobre el uso de la cocina, el ba\u00f1o, la lavander\u00eda, etc. Se espera que los estudiantes se adapten a la rutina normal de la casa. Tenemos una gran variedad de familias anfitrionas y diferentes din\u00e1micas dom\u00e9sticas, incluidas familias de j\u00f3venes y mayores, con y sin hijos, y tambi\u00e9n mujeres solteras de todas las edades.     <\/p>\n<p>&nbsp;<\/p>\n<p><strong>Estancias en familia de calidad:<\/strong><\/p>\n<p>Los estudiantes se alojan en casas de familia cuidadosamente seleccionadas de nuestra localidad, que han sido visitadas e investigadas por un miembro del ICE antes de acoger a los estudiantes. Tambi\u00e9n llevamos a cabo una evaluaci\u00f3n continua mediante formularios de opini\u00f3n escritos que todos los estudiantes rellenan antes de marcharse. Todos nuestros anfitriones completan el proceso oficial de investigaci\u00f3n de la Garda, que se organiza a trav\u00e9s de nuestra escuela.  <\/p>\n<p>&nbsp;<\/p>\n<p><strong>Llegada y salida:<\/strong><\/p>\n<p>Si formas parte de un grupo, un miembro de nuestro personal te recoger\u00e1 en el aeropuerto y te llevar\u00e1 a un punto de recogida donde te recoger\u00e1 tu anfitri\u00f3n. Las personas que hayan solicitado un traslado ser\u00e1n recogidas por un miembro del personal y llevadas a su casa de acogida. <\/p>\n<p>&nbsp;<\/p>\n<p><strong>Ir y volver de la escuela:<\/strong><\/p>\n<ul>\n<li>Tu anfitri\u00f3n te ayudar\u00e1 a llegar a la escuela la primera ma\u00f1ana; despu\u00e9s, los estudiantes deber\u00e1n ir y volver de la escuela por su cuenta.<\/li>\n<\/ul>\n<p><strong> <\/strong><\/p>\n<p><strong>Comidas<\/strong><\/p>\n<ul>\n<li>Las comidas las proporciona el anfitri\u00f3n de acuerdo con la rutina normal de la casa. Si tienes alg\u00fan problema diet\u00e9tico o alergia, <u>es imprescindible que nos informes antes de tu llegada<\/u> y evaluaremos si podemos satisfacer tus necesidades. Tambi\u00e9n debes ser consciente de que los horarios de las comidas y los alimentos en Irlanda pueden diferir de los de tu pa\u00eds de origen, por lo que debes aprovechar la oportunidad para aceptar las diferencias culturales. Informa a tu anfitri\u00f3n si hay alguna comida que no te guste en particular.   <\/li>\n<li>Desayuno continental (cereales, tostadas, zumo, t\u00e9\/caf\u00e9).<\/li>\n<li>Un almuerzo para llevar (bocadillos, una bebida, fruta y un tentempi\u00e9), si tienes pensi\u00f3n completa.<\/li>\n<li>La cena ser\u00e1 la cena normal de la casa (carne\/pescado\/pollo con verduras y patatas o pasta con ensalada, etc.) Es un buen momento del d\u00eda para charlar con el anfitri\u00f3n y practicar tu ingl\u00e9s. Por favor, avisa a tu anfitri\u00f3n con antelaci\u00f3n si no vas a estar en casa para la cena. <\/li>\n<\/ul>\n<p><strong> <\/strong><\/p>\n<p><strong> <\/strong><strong>Lavander\u00eda, ropa de cama y toallas<\/strong><\/p>\n<ul>\n<li>Los anfitriones proporcionar\u00e1n a los estudiantes una toalla a su llegada y su cama estar\u00e1 reci\u00e9n hecha.<\/li>\n<li>Los anfitriones har\u00e1n la colada de los estudiantes semanalmente y la mayor\u00eda de ellos les ense\u00f1an d\u00f3nde deben colocar la ropa para lavarla cada semana y les explican c\u00f3mo funciona la colada de su casa.<\/li>\n<li>Las casas de familia no proporcionan art\u00edculos de aseo, por lo que debes llevarlos contigo.<\/li>\n<\/ul>\n<p>&nbsp;<\/p>\n<p><strong>Uso de la Casa:<\/strong><\/p>\n<ul>\n<li>Los estudiantes deben tener acceso a una ducha al d\u00eda en la casa de acogida, pero deben ser respetuosos con el tiempo que pasan en el ba\u00f1o y la cantidad de agua caliente que utilizan, ya que las casas suelen estar ocupadas y los estudiantes deben ser conscientes de las necesidades de los dem\u00e1s. Tambi\u00e9n es normal limpiar el ba\u00f1o\/ducha\/lavabo despu\u00e9s de cada uso. <\/li>\n<li>Los alumnos no deben coger comida de la cocina sin permiso.<\/li>\n<li>Los alumnos no tienen permiso para preparar comida en la cocina.<\/li>\n<li>Los alumnos deben respetar el uso de las zonas comunes, como el sal\u00f3n, la sala de TV, y no deben ocupar ning\u00fan espacio que normalmente compartan otros miembros de la casa.<\/li>\n<li>Los alumnos no pueden traer amigos a casa sin un permiso espec\u00edfico.<\/li>\n<li>Queda a discreci\u00f3n del anfitri\u00f3n dar o no una llave de la casa a los estudiantes.<\/li>\n<li>Si un alumno da\u00f1a o rompe alg\u00fan objeto de la casa, los da\u00f1os deber\u00e1n ser pagados por el alumno (si es adulto) o por sus padres (si es junior). El Irish College of English no se hace responsable de dichos da\u00f1os. <\/li>\n<\/ul>\n<p>&nbsp;<\/p>\n<p><strong>Orden y educaci\u00f3n<\/strong><\/p>\n<ul>\n<li>Recuerda que vivir\u00e1s en tu casa de acogida como parte de la familia y, por tanto, deber\u00e1s mantener tu habitaci\u00f3n limpia y ordenada y ofrecerte a ayudar al anfitri\u00f3n a recoger despu\u00e9s de cenar, etc.<\/li>\n<li>En Irlanda, es costumbre decir siempre por favor y gracias, buenos d\u00edas\/tardes, etc., y los anfitriones pueden ofenderse si no utilizas estos t\u00e9rminos de cortes\u00eda.<\/li>\n<li>Los niveles de ruido deben mantenerse al m\u00ednimo, especialmente por la noche.<\/li>\n<\/ul>\n<p>&nbsp;<\/p>\n<p><strong>Fumar \/ Alcohol<\/strong><\/p>\n<ul>\n<li>Los estudiantes no pueden fumar dentro de ninguna casa de acogida.<\/li>\n<li>Los estudiantes menores de 18 a\u00f1os o los que asisten a programas escolares\/de verano no pueden consumir alcohol, ni dentro ni fuera de casa, y no deben entrar en bares. Esto es independiente de lo que est\u00e9 permitido en sus propios hogares o pa\u00edses de origen. El consumo de alcohol o drogas dar\u00e1 lugar a la expulsi\u00f3n inmediata del programa.  <\/li>\n<\/ul>\n<p>&nbsp;<\/p>\n<p><strong>Tiempo libre<\/strong><\/p>\n<ul>\n<li>Aunque la mayor\u00eda de nuestros programas en el CIE tienen una apretada agenda, los estudiantes siempre disponen de cierto tiempo libre. Los estudiantes junior tienen tiempo libre para ir y volver de su casa de acogida, recreo y tiempo libre durante las clases y actividades, por las tardes y los domingos. <\/li>\n<li>Aconsejamos a los padres de los alumnos junior antes de la salida que establezcan sus propias limitaciones en relaci\u00f3n con este tiempo libre y la seguridad, ya que este tiempo no est\u00e1 supervisado por nuestro personal. Aconsejamos a los padres que no les permitan salir de la zona durante este tiempo. Los estudiantes junior no pueden ir a la ciudad de Dubl\u00edn sin supervisi\u00f3n, ni asistir a discotecas u otros eventos de este tipo no organizados por el ICE.  <\/li>\n<li>El domingo es el d\u00eda en que pasar\u00e1s m\u00e1s tiempo con tu anfitri\u00f3n. Pedimos a los estudiantes que cooperen y reserven tiempo para estar con su anfitri\u00f3n un domingo. La mayor\u00eda de los estudiantes pasar\u00e1n parte del d\u00eda con el anfitri\u00f3n y parte del d\u00eda con amigos.  <\/li>\n<\/ul>\n<p>&nbsp;<\/p>\n<p><strong>Toque de queda:<\/strong><\/p>\n<ul>\n<li>Tenemos un estricto toque de queda a las 21:30 para todos los estudiantes que asisten a un programa juvenil, aunque tengan 18 a\u00f1os.<\/li>\n<li>Es responsabilidad del anfitri\u00f3n asegurarse de que los alumnos est\u00e9n en casa a las 21:30, si un alumno no est\u00e1 en casa, el anfitri\u00f3n informar\u00e1 a la escuela utilizando el n\u00famero de tel\u00e9fono de emergencia. Los alumnos que desobedezcan esta norma de toque de queda ser\u00e1n expulsados<strong>.<\/strong> <\/li>\n<li>Los estudiantes que asistan a un programa para adultos deben informar a su anfitri\u00f3n de cualquier llegada a casa a altas horas de la noche.<\/li>\n<\/ul>\n<p>&nbsp;<\/p>\n<p><strong>Urgencias m\u00e9dicas<\/strong><\/p>\n<ul>\n<li>Los anfitriones tratar\u00e1n las emergencias del mismo modo que lo har\u00edan con un miembro de su propia familia. Para ello puede ser necesario llamar a la polic\u00eda, a la ambulancia o al m\u00e9dico. <\/li>\n<li>Cuando los estudiantes tengan alergias u otros problemas m\u00e9dicos de los que se nos informe, haremos todo lo posible por informar a los anfitriones antes de su llegada; sin embargo, los estudiantes tambi\u00e9n deben informar a sus anfitriones de cualquier alergia o problema m\u00e9dico que consideren oportuno. El ICE o los anfitriones no pueden responsabilizarse de garantizar que se satisfagan las demandas m\u00e9dicas de los estudiantes, ya que se est\u00e1n trasladando a un hogar normal; consulta nuestra pol\u00edtica m\u00e1s abajo. <\/li>\n<li>Hay un servicio de urgencias fuera del horario laboral en la zona norte, llamado <strong>D DOC<\/strong>, que abre de lunes a viernes de 18.00 a 8.00 y 24 horas los fines de semana y festivos. Con este servicio puedes hablar con una enfermera o un m\u00e9dico o, si lo consideras necesario, concertar una cita con un m\u00e9dico de cabecera. El n\u00famero es <strong>1850 22 4477.<\/strong>  <\/li>\n<li>El Irish College of English debe ser informado de cualquier emergencia de este tipo.<\/li>\n<li><u>Los estudiantes europeos deben llevar consigo una tarjeta sanitaria europea, que cubrir\u00e1 tanto las visitas al hospital como a consultas privadas y algunas recetas.<\/u><\/li>\n<li><u>Los estudiantes de fuera de la UE deben contratar un seguro m\u00e9dico privado para la duraci\u00f3n de su estancia.<\/u><\/li>\n<li>Todos los gastos m\u00e9dicos y costes asociados deben ser cubiertos por el estudiante cuando el seguro no cubra los gastos. Los estudiantes deben disponer de fondos suficientes para cubrir las visitas necesarias a m\u00e9dicos\/dentistas, etc. <\/li>\n<\/ul>\n<p>&nbsp;<\/p>\n<p><strong>Estudiantes con alergias y enfermedades cr\u00f3nicas que asisten al Irish College of English<\/strong><\/p>\n<p><strong>Nuestra pol\u00edtica<\/strong><\/p>\n<p>En el Irish College of English nuestra pol\u00edtica es actuar como cualquier padre razonablemente prudente a la hora de hacer frente a una situaci\u00f3n de emergencia. Sin embargo, debido a la naturaleza a corto plazo de las estancias (normalmente de 1 a 4 semanas), no estamos en condiciones de formar al personal o a los anfitriones para tratar las condiciones m\u00e9dicas espec\u00edficas de los estudiantes. <\/p>\n<p>Aconsejamos a los padres o tutores de estudiantes con enfermedades graves que consideren si su hijo tiene la madurez suficiente en relaci\u00f3n con el tratamiento de su enfermedad para asistir a un curso en el extranjero. Los padres deben familiarizarse con toda la informaci\u00f3n disponible en nuestro sitio web <a href=\"http:\/\/www.iceireland.com\/\">www.iceireland.com.<\/a> Si decides que el programa no es adecuado para tu hijo, estaremos encantados de cancelar su reserva y reembolsarle el importe del curso antes de su llegada.  <\/p>\n<p>Si los padres o tutores deciden enviar a sus hijos a uno de nuestros campamentos, al hacerlo reconocen que su hijo es capaz de asistir a dicho curso. Adem\u00e1s, los padres o tutores son conscientes de que la escuela, su personal o los anfitriones no pueden responsabilizarse de la medicaci\u00f3n ni de la prevenci\u00f3n de alergias u otras afecciones. <\/p>\n<p>Los padres deben saber que la mayor\u00eda de nuestro personal y los anfitriones no tienen formaci\u00f3n m\u00e9dica. Tenemos botiquines de primeros auxilios en cada centro con un miembro del personal responsable de ello. Esto no se extiende a las actividades extraescolares. Ning\u00fan miembro del personal ni ning\u00fan anfitri\u00f3n tiene la obligaci\u00f3n legal o contractual de administrar medicamentos o supervisar a un alumno que los tome. En una situaci\u00f3n de emergencia, esperamos que todos nuestros anfitriones y el personal act\u00faen como lo har\u00eda un padre razonablemente prudente. Cuando se faciliten detalles al ICE sobre las afecciones m\u00e9dicas de los estudiantes, esta informaci\u00f3n podr\u00e1 comunicarse, en la medida de lo posible, al personal pertinente, a los anfitriones, al personal m\u00e9dico, etc., pero es responsabilidad del ni\u00f1o ser capaz de comunicar toda la informaci\u00f3n m\u00e9dica necesaria sobre su afecci\u00f3n.     <\/p>\n<p>&nbsp;<\/p>\n<p><strong>Comunicaci\u00f3n<\/strong><\/p>\n<p>Aunque es poco probable que tengas problemas durante una estancia en familia, aqu\u00ed tienes algunas recomendaciones en caso de que surja alg\u00fan problema. En primer lugar, habla de cualquier problema e intenta encontrar una soluci\u00f3n entre el estudiante y el anfitri\u00f3n. Es importante considerar cualquier problema desde ambas perspectivas para encontrar una soluci\u00f3n. Si el problema persiste o crees que no puedes hacer frente a la situaci\u00f3n, <u>d\u00ednoslo para que podamos resolverlo durante tu estancia.<\/u> En caso de que tanto el anfitri\u00f3n como el estudiante est\u00e9n descontentos con el acuerdo, el Irish College of English, siempre que sea posible y apropiado, colocar\u00e1 al estudiante en un alojamiento alternativo.   <\/p>\n<p>&nbsp;<\/p>\n<p><strong>Tenlo en cuenta:<\/strong><\/p>\n<p>En el Irish College of English, organizamos un servicio de reserva de estancias en casa para facilitar a los estudiantes que deseen estudiar en nuestra escuela. Contamos con pol\u00edticas para garantizar que los anfitriones tengan un nivel de calidad adecuado y recibimos comentarios de los estudiantes sobre cada estancia en casa; estos comentarios, junto con una inspecci\u00f3n realizada por un miembro del ICE, nos permiten recomendar anfitriones a los estudiantes. El Colegio Irland\u00e9s de Ingl\u00e9s no se hace responsable de los casos que se produzcan durante la estancia en casa, ni de los da\u00f1os o p\u00e9rdidas que se produzcan, etc.  <\/p>\n<p>&nbsp;<\/p>\n<p>&nbsp;<\/p>\n","protected":false},"excerpt":{"rendered":"<p>Carta de Estancia en Casa para Estudiantes Introducci\u00f3n En el Colegio Irland\u00e9s de Ingl\u00e9s, creemos que la experiencia de la estancia en familia debe ser uno de los aspectos m\u00e1s destacados de tu estancia con nosotros y, con este fin, animamos a todos los estudiantes, adultos y juniors por igual, a que aprovechen al m\u00e1ximo [&hellip;]<\/p>\n","protected":false},"author":3,"featured_media":0,"parent":0,"menu_order":0,"comment_status":"closed","ping_status":"closed","template":"","meta":{"content-type":"","footnotes":""},"class_list":["post-32876","page","type-page","status-publish","hentry"],"yoast_head":"<!-- This site is optimized with the Yoast SEO plugin v27.3 - https:\/\/yoast.com\/product\/yoast-seo-wordpress\/ -->\n<title>Carta de Estancia en Casa para Estudiantes - Irish College of English<\/title>\n<meta name=\"robots\" content=\"index, follow, max-snippet:-1, max-image-preview:large, max-video-preview:-1\" \/>\n<link rel=\"canonical\" href=\"https:\/\/www.iceireland.com\/es\/hostfamilycharter\/\" \/>\n<meta property=\"og:locale\" content=\"es_ES\" \/>\n<meta property=\"og:type\" content=\"article\" \/>\n<meta property=\"og:title\" content=\"Carta de Estancia en Casa para Estudiantes - Irish College of English\" \/>\n<meta property=\"og:description\" content=\"Carta de Estancia en Casa para Estudiantes Introducci\u00f3n En el Colegio Irland\u00e9s de Ingl\u00e9s, creemos que la experiencia de la estancia en familia debe ser uno de los aspectos m\u00e1s destacados de tu estancia con nosotros y, con este fin, animamos a todos los estudiantes, adultos y juniors por igual, a que aprovechen al m\u00e1ximo [&hellip;]\" \/>\n<meta property=\"og:url\" content=\"https:\/\/www.iceireland.com\/es\/hostfamilycharter\/\" \/>\n<meta property=\"og:site_name\" content=\"Irish College of English\" \/>\n<meta name=\"twitter:label1\" content=\"Tiempo de lectura\" \/>\n\t<meta name=\"twitter:data1\" content=\"12 minutos\" \/>\n<script type=\"application\/ld+json\" class=\"yoast-schema-graph\">{\"@context\":\"https:\\\/\\\/schema.org\",\"@graph\":[{\"@type\":\"WebPage\",\"@id\":\"https:\\\/\\\/www.iceireland.com\\\/es\\\/hostfamilycharter\\\/\",\"url\":\"https:\\\/\\\/www.iceireland.com\\\/es\\\/hostfamilycharter\\\/\",\"name\":\"Carta de Estancia en Casa para Estudiantes - Irish College of English\",\"isPartOf\":{\"@id\":\"https:\\\/\\\/www.iceireland.com\\\/es\\\/#website\"},\"datePublished\":\"2022-03-22T11:13:00+00:00\",\"breadcrumb\":{\"@id\":\"https:\\\/\\\/www.iceireland.com\\\/es\\\/hostfamilycharter\\\/#breadcrumb\"},\"inLanguage\":\"es\",\"potentialAction\":[{\"@type\":\"ReadAction\",\"target\":[\"https:\\\/\\\/www.iceireland.com\\\/es\\\/hostfamilycharter\\\/\"]}]},{\"@type\":\"BreadcrumbList\",\"@id\":\"https:\\\/\\\/www.iceireland.com\\\/es\\\/hostfamilycharter\\\/#breadcrumb\",\"itemListElement\":[{\"@type\":\"ListItem\",\"position\":1,\"name\":\"Home\",\"item\":\"https:\\\/\\\/www.iceireland.com\\\/es\\\/\"},{\"@type\":\"ListItem\",\"position\":2,\"name\":\"Carta de Estancia en Casa para Estudiantes\"}]},{\"@type\":\"WebSite\",\"@id\":\"https:\\\/\\\/www.iceireland.com\\\/es\\\/#website\",\"url\":\"https:\\\/\\\/www.iceireland.com\\\/es\\\/\",\"name\":\"Irish College of English\",\"description\":\"English School in Dublin, Malahide\",\"publisher\":{\"@id\":\"https:\\\/\\\/www.iceireland.com\\\/es\\\/#organization\"},\"potentialAction\":[{\"@type\":\"SearchAction\",\"target\":{\"@type\":\"EntryPoint\",\"urlTemplate\":\"https:\\\/\\\/www.iceireland.com\\\/es\\\/?s={search_term_string}\"},\"query-input\":{\"@type\":\"PropertyValueSpecification\",\"valueRequired\":true,\"valueName\":\"search_term_string\"}}],\"inLanguage\":\"es\"},{\"@type\":\"Organization\",\"@id\":\"https:\\\/\\\/www.iceireland.com\\\/es\\\/#organization\",\"name\":\"Irish College of English\",\"url\":\"https:\\\/\\\/www.iceireland.com\\\/es\\\/\",\"logo\":{\"@type\":\"ImageObject\",\"inLanguage\":\"es\",\"@id\":\"https:\\\/\\\/www.iceireland.com\\\/es\\\/#\\\/schema\\\/logo\\\/image\\\/\",\"url\":\"https:\\\/\\\/www.iceireland.com\\\/wp-content\\\/uploads\\\/2022\\\/03\\\/logo.png\",\"contentUrl\":\"https:\\\/\\\/www.iceireland.com\\\/wp-content\\\/uploads\\\/2022\\\/03\\\/logo.png\",\"width\":593,\"height\":92,\"caption\":\"Irish College of English\"},\"image\":{\"@id\":\"https:\\\/\\\/www.iceireland.com\\\/es\\\/#\\\/schema\\\/logo\\\/image\\\/\"}}]}<\/script>\n<!-- \/ Yoast SEO plugin. -->","yoast_head_json":{"title":"Carta de Estancia en Casa para Estudiantes - Irish College of English","robots":{"index":"index","follow":"follow","max-snippet":"max-snippet:-1","max-image-preview":"max-image-preview:large","max-video-preview":"max-video-preview:-1"},"canonical":"https:\/\/www.iceireland.com\/es\/hostfamilycharter\/","og_locale":"es_ES","og_type":"article","og_title":"Carta de Estancia en Casa para Estudiantes - Irish College of English","og_description":"Carta de Estancia en Casa para Estudiantes Introducci\u00f3n En el Colegio Irland\u00e9s de Ingl\u00e9s, creemos que la experiencia de la estancia en familia debe ser uno de los aspectos m\u00e1s destacados de tu estancia con nosotros y, con este fin, animamos a todos los estudiantes, adultos y juniors por igual, a que aprovechen al m\u00e1ximo [&hellip;]","og_url":"https:\/\/www.iceireland.com\/es\/hostfamilycharter\/","og_site_name":"Irish College of English","twitter_misc":{"Tiempo de lectura":"12 minutos"},"schema":{"@context":"https:\/\/schema.org","@graph":[{"@type":"WebPage","@id":"https:\/\/www.iceireland.com\/es\/hostfamilycharter\/","url":"https:\/\/www.iceireland.com\/es\/hostfamilycharter\/","name":"Carta de Estancia en Casa para Estudiantes - Irish College of English","isPartOf":{"@id":"https:\/\/www.iceireland.com\/es\/#website"},"datePublished":"2022-03-22T11:13:00+00:00","breadcrumb":{"@id":"https:\/\/www.iceireland.com\/es\/hostfamilycharter\/#breadcrumb"},"inLanguage":"es","potentialAction":[{"@type":"ReadAction","target":["https:\/\/www.iceireland.com\/es\/hostfamilycharter\/"]}]},{"@type":"BreadcrumbList","@id":"https:\/\/www.iceireland.com\/es\/hostfamilycharter\/#breadcrumb","itemListElement":[{"@type":"ListItem","position":1,"name":"Home","item":"https:\/\/www.iceireland.com\/es\/"},{"@type":"ListItem","position":2,"name":"Carta de Estancia en Casa para Estudiantes"}]},{"@type":"WebSite","@id":"https:\/\/www.iceireland.com\/es\/#website","url":"https:\/\/www.iceireland.com\/es\/","name":"Irish College of English","description":"English School in Dublin, Malahide","publisher":{"@id":"https:\/\/www.iceireland.com\/es\/#organization"},"potentialAction":[{"@type":"SearchAction","target":{"@type":"EntryPoint","urlTemplate":"https:\/\/www.iceireland.com\/es\/?s={search_term_string}"},"query-input":{"@type":"PropertyValueSpecification","valueRequired":true,"valueName":"search_term_string"}}],"inLanguage":"es"},{"@type":"Organization","@id":"https:\/\/www.iceireland.com\/es\/#organization","name":"Irish College of English","url":"https:\/\/www.iceireland.com\/es\/","logo":{"@type":"ImageObject","inLanguage":"es","@id":"https:\/\/www.iceireland.com\/es\/#\/schema\/logo\/image\/","url":"https:\/\/www.iceireland.com\/wp-content\/uploads\/2022\/03\/logo.png","contentUrl":"https:\/\/www.iceireland.com\/wp-content\/uploads\/2022\/03\/logo.png","width":593,"height":92,"caption":"Irish College of English"},"image":{"@id":"https:\/\/www.iceireland.com\/es\/#\/schema\/logo\/image\/"}}]}},"_links":{"self":[{"href":"https:\/\/www.iceireland.com\/es\/wp-json\/wp\/v2\/pages\/32876","targetHints":{"allow":["GET"]}}],"collection":[{"href":"https:\/\/www.iceireland.com\/es\/wp-json\/wp\/v2\/pages"}],"about":[{"href":"https:\/\/www.iceireland.com\/es\/wp-json\/wp\/v2\/types\/page"}],"author":[{"embeddable":true,"href":"https:\/\/www.iceireland.com\/es\/wp-json\/wp\/v2\/users\/3"}],"replies":[{"embeddable":true,"href":"https:\/\/www.iceireland.com\/es\/wp-json\/wp\/v2\/comments?post=32876"}],"version-history":[{"count":0,"href":"https:\/\/www.iceireland.com\/es\/wp-json\/wp\/v2\/pages\/32876\/revisions"}],"wp:attachment":[{"href":"https:\/\/www.iceireland.com\/es\/wp-json\/wp\/v2\/media?parent=32876"}],"curies":[{"name":"wp","href":"https:\/\/api.w.org\/{rel}","templated":true}]}}