{"id":33043,"date":"2025-08-28T10:59:56","date_gmt":"2025-08-28T10:59:56","guid":{"rendered":"https:\/\/www.iceireland.com\/academic-support\/"},"modified":"2026-01-30T18:25:39","modified_gmt":"2026-01-30T18:25:39","slug":"academic-support","status":"publish","type":"page","link":"https:\/\/www.iceireland.com\/es\/academic-support\/","title":{"rendered":"Apoyo acad\u00e9mico"},"content":{"rendered":"\t\t<div data-elementor-type=\"wp-page\" data-elementor-id=\"33043\" class=\"elementor elementor-33043 elementor-31352\" data-elementor-post-type=\"page\">\n\t\t\t\t\t\t<section class=\"elementor-section elementor-top-section elementor-element elementor-element-b55a7ad elementor-section-boxed elementor-section-height-default elementor-section-height-default\" data-id=\"b55a7ad\" data-element_type=\"section\" data-e-type=\"section\">\n\t\t\t\t\t\t<div class=\"elementor-container elementor-column-gap-default\">\n\t\t\t\t\t<div class=\"elementor-column elementor-col-100 elementor-top-column elementor-element elementor-element-2f2634f\" data-id=\"2f2634f\" data-element_type=\"column\" data-e-type=\"column\">\n\t\t\t<div class=\"elementor-widget-wrap elementor-element-populated\">\n\t\t\t\t\t\t<div class=\"elementor-element elementor-element-edea061 elementor-widget elementor-widget-text-editor\" data-id=\"edea061\" data-element_type=\"widget\" data-e-type=\"widget\" data-widget_type=\"text-editor.default\">\n\t\t\t\t<div class=\"elementor-widget-container\">\n\t\t\t\t\t\t\t\t\t<h4 style=\"font-weight: 400;\">Apoyo acad\u00e9mico<\/h4><p style=\"font-weight: 400;\">En el ICE ofrecemos apoyo acad\u00e9mico para ayudar a los estudiantes a tener \u00e9xito en su viaje de aprendizaje de idiomas. Estos servicios se adaptan a diferentes estilos, niveles y objetivos de aprendizaje, y a menudo se centran tanto en las destrezas ling\u00fc\u00edsticas como en un desarrollo acad\u00e9mico o profesional m\u00e1s amplio. <\/p><p style=\"font-weight: 400;\">Nos comprometemos a proporcionar servicios de apoyo para ayudar a los estudiantes a alcanzar sus objetivos de aprendizaje de idiomas. Esto incluye asesoramiento acad\u00e9mico, tutor\u00edas y apoyo adicional para los estudiantes que tienen necesidades adicionales. <\/p><p style=\"font-weight: 400;\">Promovemos la participaci\u00f3n activa de los estudiantes mediante actividades interactivas en clase, proyectos en grupo y oportunidades extraescolares como clases de conversaci\u00f3n y actos culturales.<\/p><p style=\"font-weight: 400;\">El ICE fomenta la comunicaci\u00f3n abierta entre alumnos y profesores, solicitando opiniones sobre la eficacia de la ense\u00f1anza, el contenido de los cursos y la experiencia general de aprendizaje para informar sobre los esfuerzos de mejora continua.<\/p><p> <\/p><p style=\"font-weight: 400;\">Los siguientes son ejemplos de c\u00f3mo el ICE apoya acad\u00e9micamente a los estudiantes adultos:<\/p><p> <\/p><p style=\"font-weight: 400;\">Desarrollo de habilidades ling\u00fc\u00edsticas<\/p><ul style=\"font-weight: 400;\"><li>Las clases semanales gratuitas de conversaci\u00f3n ofrecen sesiones regulares de pr\u00e1ctica para mejorar la fluidez al hablar con otros estudiantes y con hablantes nativos.<\/li><li>Las clases semanales de preparaci\u00f3n para el examen IELTS ofrecen a los estudiantes la oportunidad de prepararse para los ex\u00e1menes, y ofrece a otros estudiantes la posibilidad de conocer el modelo de examen.<\/li><\/ul><p> <\/p><p style=\"font-weight: 400;\">Preparaci\u00f3n de ex\u00e1menes<\/p><ul style=\"font-weight: 400;\"><li>Como apoyo al aprendizaje, se ofrecen clases individualizadas de preparaci\u00f3n para los ex\u00e1menes IELTS o Cambridge, con el fin de preparar a los estudiantes para los pr\u00f3ximos ex\u00e1menes estandarizados de competencia en ingl\u00e9s.<\/li><li>Los simulacros de examen, que forman parte de nuestras clases de examen IELTS, ofrecen a los estudiantes la oportunidad de realizar pruebas reales en condiciones de examen para ayudarles a evaluar su preparaci\u00f3n e identificar \u00e1reas de mejora. Para los estudiantes que se presentan a otros ex\u00e1menes, nuestro equipo acad\u00e9mico puede ayudarles a acceder a simulacros de examen. <\/li><\/ul><p> <\/p><p style=\"font-weight: 400;\">Apoyo individualizado al aprendizaje<\/p><ul style=\"font-weight: 400;\"><li>Los objetivos de aprendizaje de los alumnos y los ex\u00e1menes externos previstos se anotan en el registro de clase para que los profesores puedan ayudar a los alumnos en ellos.<\/li><li>Se ofrecen clases particulares que ofrecen una ense\u00f1anza personalizada centrada en las necesidades y objetivos espec\u00edficos del alumno.<\/li><li>El apoyo acad\u00e9mico est\u00e1 disponible para consultas acad\u00e9micas individuales, proporcionando orientaci\u00f3n sobre cuestiones ling\u00fc\u00edsticas u objetivos acad\u00e9micos.<\/li><li>Los alumnos reciben informes de proceso mensuales que tambi\u00e9n tienen un sistema sencillo para que los alumnos se pongan en contacto con nuestro equipo acad\u00e9mico si necesitan apoyos adicionales. Adem\u00e1s, los profesores apoyar\u00e1n a los alumnos de forma continuada y pueden se\u00f1alar al equipo acad\u00e9mico si los alumnos se beneficiar\u00edan de un apoyo adicional fuera del aula. <\/li><li>El Coordinador de Programas Acad\u00e9micos se asegurar\u00e1 de que el Responsable de Bienestar Estudiantil y los Asistentes de Bienestar Estudiantil puedan proporcionar apoyo y asesoramiento en relaci\u00f3n con los itinerarios de educaci\u00f3n superior y continua, la vida en Irlanda y ayuda pr\u00e1ctica.<\/li><\/ul><p> <\/p><p style=\"font-weight: 400;\">Adem\u00e1s, todos los alumnos se benefician de:<\/p><p> <\/p><p style=\"font-weight: 400;\">Retroalimentaci\u00f3n y evaluaci\u00f3n<\/p><ul style=\"font-weight: 400;\"><li>Evaluaci\u00f3n continua mediante evaluaciones semanales, sumativas y formativas, y actividades en el aula para seguir el progreso de los alumnos.<\/li><li>Los profesores dan retroalimentaci\u00f3n a los alumnos continuamente y, adem\u00e1s, se registran las calificaciones de las evaluaciones y se env\u00edan informes mensuales de progreso a los alumnos.<\/li><\/ul><p> <\/p><p style=\"font-weight: 400;\">Recursos de autoaprendizaje<\/p><ul style=\"font-weight: 400;\"><li>Los profesores ayudan a los alumnos a acceder a libros de texto, cuadernos de ejercicios, gu\u00edas gramaticales y otros materiales de aprendizaje que les sirvan de apoyo.<\/li><li>Nuestra peque\u00f1a biblioteca es de f\u00e1cil acceso y los libros se pueden tomar prestados en nuestro sistema de honor sin necesidad de papeleo.<\/li><li>Se presenta a los alumnos recursos en l\u00ednea como aplicaciones, sitios web y plataformas de aprendizaje interactivo, por ejemplo, English File online.<\/li><\/ul>\t\t\t\t\t\t\t\t<\/div>\n\t\t\t\t<\/div>\n\t\t\t\t\t<\/div>\n\t\t<\/div>\n\t\t\t\t\t<\/div>\n\t\t<\/section>\n\t\t\t\t<section class=\"elementor-section elementor-top-section elementor-element elementor-element-d3ca70a elementor-section-boxed elementor-section-height-default elementor-section-height-default\" data-id=\"d3ca70a\" data-element_type=\"section\" data-e-type=\"section\">\n\t\t\t\t\t\t<div class=\"elementor-container elementor-column-gap-default\">\n\t\t\t\t\t<div class=\"elementor-column elementor-col-100 elementor-top-column elementor-element elementor-element-ea712aa\" data-id=\"ea712aa\" data-element_type=\"column\" data-e-type=\"column\">\n\t\t\t<div class=\"elementor-widget-wrap elementor-element-populated\">\n\t\t\t\t\t\t<div class=\"elementor-element elementor-element-83e9269 elementor-widget elementor-widget-spacer\" data-id=\"83e9269\" data-element_type=\"widget\" data-e-type=\"widget\" data-widget_type=\"spacer.default\">\n\t\t\t\t<div class=\"elementor-widget-container\">\n\t\t\t\t\t\t\t<div class=\"elementor-spacer\">\n\t\t\t<div class=\"elementor-spacer-inner\"><\/div>\n\t\t<\/div>\n\t\t\t\t\t\t<\/div>\n\t\t\t\t<\/div>\n\t\t\t\t\t<\/div>\n\t\t<\/div>\n\t\t\t\t\t<\/div>\n\t\t<\/section>\n\t\t\t\t<\/div>\n\t\t","protected":false},"excerpt":{"rendered":"<p>Apoyo acad\u00e9mico En el ICE ofrecemos apoyo acad\u00e9mico para ayudar a los estudiantes a tener \u00e9xito en su viaje de aprendizaje de idiomas. Estos servicios se adaptan a diferentes estilos, niveles y objetivos de aprendizaje, y a menudo se centran tanto en las destrezas ling\u00fc\u00edsticas como en un desarrollo acad\u00e9mico o profesional m\u00e1s amplio. Nos [&hellip;]<\/p>\n","protected":false},"author":3,"featured_media":0,"parent":0,"menu_order":0,"comment_status":"closed","ping_status":"closed","template":"","meta":{"content-type":"","footnotes":""},"class_list":["post-33043","page","type-page","status-publish","hentry"],"yoast_head":"<!-- This site is optimized with the Yoast SEO plugin v27.3 - https:\/\/yoast.com\/product\/yoast-seo-wordpress\/ -->\n<title>Apoyo acad\u00e9mico - Irish College of English<\/title>\n<meta name=\"robots\" content=\"index, follow, max-snippet:-1, max-image-preview:large, max-video-preview:-1\" \/>\n<link rel=\"canonical\" href=\"https:\/\/www.iceireland.com\/es\/academic-support\/\" \/>\n<meta property=\"og:locale\" content=\"es_ES\" \/>\n<meta property=\"og:type\" content=\"article\" \/>\n<meta property=\"og:title\" content=\"Apoyo acad\u00e9mico - Irish College of English\" \/>\n<meta property=\"og:description\" content=\"Apoyo acad\u00e9mico En el ICE ofrecemos apoyo acad\u00e9mico para ayudar a los estudiantes a tener \u00e9xito en su viaje de aprendizaje de idiomas. Estos servicios se adaptan a diferentes estilos, niveles y objetivos de aprendizaje, y a menudo se centran tanto en las destrezas ling\u00fc\u00edsticas como en un desarrollo acad\u00e9mico o profesional m\u00e1s amplio. Nos [&hellip;]\" \/>\n<meta property=\"og:url\" content=\"https:\/\/www.iceireland.com\/es\/academic-support\/\" \/>\n<meta property=\"og:site_name\" content=\"Irish College of English\" \/>\n<meta property=\"article:modified_time\" content=\"2026-01-30T18:25:39+00:00\" \/>\n<meta name=\"twitter:label1\" content=\"Tiempo de lectura\" \/>\n\t<meta name=\"twitter:data1\" content=\"3 minutos\" \/>\n<script type=\"application\/ld+json\" class=\"yoast-schema-graph\">{\"@context\":\"https:\\\/\\\/schema.org\",\"@graph\":[{\"@type\":\"WebPage\",\"@id\":\"https:\\\/\\\/www.iceireland.com\\\/es\\\/academic-support\\\/\",\"url\":\"https:\\\/\\\/www.iceireland.com\\\/es\\\/academic-support\\\/\",\"name\":\"Apoyo acad\u00e9mico - Irish College of English\",\"isPartOf\":{\"@id\":\"https:\\\/\\\/www.iceireland.com\\\/es\\\/#website\"},\"datePublished\":\"2025-08-28T10:59:56+00:00\",\"dateModified\":\"2026-01-30T18:25:39+00:00\",\"breadcrumb\":{\"@id\":\"https:\\\/\\\/www.iceireland.com\\\/es\\\/academic-support\\\/#breadcrumb\"},\"inLanguage\":\"es\",\"potentialAction\":[{\"@type\":\"ReadAction\",\"target\":[\"https:\\\/\\\/www.iceireland.com\\\/es\\\/academic-support\\\/\"]}]},{\"@type\":\"BreadcrumbList\",\"@id\":\"https:\\\/\\\/www.iceireland.com\\\/es\\\/academic-support\\\/#breadcrumb\",\"itemListElement\":[{\"@type\":\"ListItem\",\"position\":1,\"name\":\"Home\",\"item\":\"https:\\\/\\\/www.iceireland.com\\\/es\\\/\"},{\"@type\":\"ListItem\",\"position\":2,\"name\":\"Apoyo acad\u00e9mico\"}]},{\"@type\":\"WebSite\",\"@id\":\"https:\\\/\\\/www.iceireland.com\\\/es\\\/#website\",\"url\":\"https:\\\/\\\/www.iceireland.com\\\/es\\\/\",\"name\":\"Irish College of English\",\"description\":\"English School in Dublin, Malahide\",\"publisher\":{\"@id\":\"https:\\\/\\\/www.iceireland.com\\\/es\\\/#organization\"},\"potentialAction\":[{\"@type\":\"SearchAction\",\"target\":{\"@type\":\"EntryPoint\",\"urlTemplate\":\"https:\\\/\\\/www.iceireland.com\\\/es\\\/?s={search_term_string}\"},\"query-input\":{\"@type\":\"PropertyValueSpecification\",\"valueRequired\":true,\"valueName\":\"search_term_string\"}}],\"inLanguage\":\"es\"},{\"@type\":\"Organization\",\"@id\":\"https:\\\/\\\/www.iceireland.com\\\/es\\\/#organization\",\"name\":\"Irish College of English\",\"url\":\"https:\\\/\\\/www.iceireland.com\\\/es\\\/\",\"logo\":{\"@type\":\"ImageObject\",\"inLanguage\":\"es\",\"@id\":\"https:\\\/\\\/www.iceireland.com\\\/es\\\/#\\\/schema\\\/logo\\\/image\\\/\",\"url\":\"https:\\\/\\\/www.iceireland.com\\\/wp-content\\\/uploads\\\/2022\\\/03\\\/logo.png\",\"contentUrl\":\"https:\\\/\\\/www.iceireland.com\\\/wp-content\\\/uploads\\\/2022\\\/03\\\/logo.png\",\"width\":593,\"height\":92,\"caption\":\"Irish College of English\"},\"image\":{\"@id\":\"https:\\\/\\\/www.iceireland.com\\\/es\\\/#\\\/schema\\\/logo\\\/image\\\/\"}}]}<\/script>\n<!-- \/ Yoast SEO plugin. -->","yoast_head_json":{"title":"Apoyo acad\u00e9mico - Irish College of English","robots":{"index":"index","follow":"follow","max-snippet":"max-snippet:-1","max-image-preview":"max-image-preview:large","max-video-preview":"max-video-preview:-1"},"canonical":"https:\/\/www.iceireland.com\/es\/academic-support\/","og_locale":"es_ES","og_type":"article","og_title":"Apoyo acad\u00e9mico - Irish College of English","og_description":"Apoyo acad\u00e9mico En el ICE ofrecemos apoyo acad\u00e9mico para ayudar a los estudiantes a tener \u00e9xito en su viaje de aprendizaje de idiomas. Estos servicios se adaptan a diferentes estilos, niveles y objetivos de aprendizaje, y a menudo se centran tanto en las destrezas ling\u00fc\u00edsticas como en un desarrollo acad\u00e9mico o profesional m\u00e1s amplio. Nos [&hellip;]","og_url":"https:\/\/www.iceireland.com\/es\/academic-support\/","og_site_name":"Irish College of English","article_modified_time":"2026-01-30T18:25:39+00:00","twitter_misc":{"Tiempo de lectura":"3 minutos"},"schema":{"@context":"https:\/\/schema.org","@graph":[{"@type":"WebPage","@id":"https:\/\/www.iceireland.com\/es\/academic-support\/","url":"https:\/\/www.iceireland.com\/es\/academic-support\/","name":"Apoyo acad\u00e9mico - Irish College of English","isPartOf":{"@id":"https:\/\/www.iceireland.com\/es\/#website"},"datePublished":"2025-08-28T10:59:56+00:00","dateModified":"2026-01-30T18:25:39+00:00","breadcrumb":{"@id":"https:\/\/www.iceireland.com\/es\/academic-support\/#breadcrumb"},"inLanguage":"es","potentialAction":[{"@type":"ReadAction","target":["https:\/\/www.iceireland.com\/es\/academic-support\/"]}]},{"@type":"BreadcrumbList","@id":"https:\/\/www.iceireland.com\/es\/academic-support\/#breadcrumb","itemListElement":[{"@type":"ListItem","position":1,"name":"Home","item":"https:\/\/www.iceireland.com\/es\/"},{"@type":"ListItem","position":2,"name":"Apoyo acad\u00e9mico"}]},{"@type":"WebSite","@id":"https:\/\/www.iceireland.com\/es\/#website","url":"https:\/\/www.iceireland.com\/es\/","name":"Irish College of English","description":"English School in Dublin, Malahide","publisher":{"@id":"https:\/\/www.iceireland.com\/es\/#organization"},"potentialAction":[{"@type":"SearchAction","target":{"@type":"EntryPoint","urlTemplate":"https:\/\/www.iceireland.com\/es\/?s={search_term_string}"},"query-input":{"@type":"PropertyValueSpecification","valueRequired":true,"valueName":"search_term_string"}}],"inLanguage":"es"},{"@type":"Organization","@id":"https:\/\/www.iceireland.com\/es\/#organization","name":"Irish College of English","url":"https:\/\/www.iceireland.com\/es\/","logo":{"@type":"ImageObject","inLanguage":"es","@id":"https:\/\/www.iceireland.com\/es\/#\/schema\/logo\/image\/","url":"https:\/\/www.iceireland.com\/wp-content\/uploads\/2022\/03\/logo.png","contentUrl":"https:\/\/www.iceireland.com\/wp-content\/uploads\/2022\/03\/logo.png","width":593,"height":92,"caption":"Irish College of English"},"image":{"@id":"https:\/\/www.iceireland.com\/es\/#\/schema\/logo\/image\/"}}]}},"_links":{"self":[{"href":"https:\/\/www.iceireland.com\/es\/wp-json\/wp\/v2\/pages\/33043","targetHints":{"allow":["GET"]}}],"collection":[{"href":"https:\/\/www.iceireland.com\/es\/wp-json\/wp\/v2\/pages"}],"about":[{"href":"https:\/\/www.iceireland.com\/es\/wp-json\/wp\/v2\/types\/page"}],"author":[{"embeddable":true,"href":"https:\/\/www.iceireland.com\/es\/wp-json\/wp\/v2\/users\/3"}],"replies":[{"embeddable":true,"href":"https:\/\/www.iceireland.com\/es\/wp-json\/wp\/v2\/comments?post=33043"}],"version-history":[{"count":1,"href":"https:\/\/www.iceireland.com\/es\/wp-json\/wp\/v2\/pages\/33043\/revisions"}],"predecessor-version":[{"id":33045,"href":"https:\/\/www.iceireland.com\/es\/wp-json\/wp\/v2\/pages\/33043\/revisions\/33045"}],"wp:attachment":[{"href":"https:\/\/www.iceireland.com\/es\/wp-json\/wp\/v2\/media?parent=33043"}],"curies":[{"name":"wp","href":"https:\/\/api.w.org\/{rel}","templated":true}]}}