{"id":33070,"date":"2025-08-28T09:23:09","date_gmt":"2025-08-28T09:23:09","guid":{"rendered":"https:\/\/www.iceireland.com\/visa-immigration-support\/"},"modified":"2026-03-14T11:33:43","modified_gmt":"2026-03-14T11:33:43","slug":"visa-immigration-support","status":"publish","type":"page","link":"https:\/\/www.iceireland.com\/es\/visa-immigration-support\/","title":{"rendered":"Apoyo en materia de visados e inmigraci\u00f3n"},"content":{"rendered":"\t\t<div data-elementor-type=\"wp-page\" data-elementor-id=\"33070\" class=\"elementor elementor-33070 elementor-31322\" data-elementor-post-type=\"page\">\n\t\t\t\t\t\t<section class=\"elementor-section elementor-top-section elementor-element elementor-element-ded4c0a elementor-section-boxed elementor-section-height-default elementor-section-height-default\" data-id=\"ded4c0a\" data-element_type=\"section\" data-e-type=\"section\">\n\t\t\t\t\t\t<div class=\"elementor-container elementor-column-gap-default\">\n\t\t\t\t\t<div class=\"elementor-column elementor-col-100 elementor-top-column elementor-element elementor-element-07c7a5c\" data-id=\"07c7a5c\" data-element_type=\"column\" data-e-type=\"column\">\n\t\t\t<div class=\"elementor-widget-wrap elementor-element-populated\">\n\t\t\t\t\t\t<div class=\"elementor-element elementor-element-4254848 elementor-widget elementor-widget-text-editor\" data-id=\"4254848\" data-element_type=\"widget\" data-e-type=\"widget\" data-widget_type=\"text-editor.default\">\n\t\t\t\t<div class=\"elementor-widget-container\">\n\t\t\t\t\t\t\t\t\t<h2><span style=\"color: #808080;\">Apoyo en materia de visados e inmigraci\u00f3n<\/span><\/h2><p data-start=\"386\" data-end=\"759\"> <\/p><p data-start=\"386\" data-end=\"759\"><span style=\"color: #808080;\"><strong>\u00bfNecesitas solicitar un visado?<\/strong><\/span><\/p><ul><li data-start=\"386\" data-end=\"759\">Si eres de un pa\u00eds de la UE o del EEE no necesitas visado para estudiar en Irlanda.<\/li><li>Los estudiantes de fuera de la UE\/EEE tendr\u00e1n que tener una carta de aceptaci\u00f3n y haber pagado sus tasas para estudiar en Irlanda.<\/li><li>Dependiendo de tu nacionalidad, tambi\u00e9n puedes necesitar un visado. <span style=\"color: #808080;\">Averigua lo que necesitas para entrar en Irlanda seg\u00fan tu nacionalidad en la <span style=\"text-decoration: underline;\"><a style=\"color: #808080; text-decoration: underline;\" href=\"https:\/\/www.irishimmigration.ie\/\" target=\"_blank\" rel=\"noopener\">p\u00e1gina web de Inmigraci\u00f3n irlandesa<\/a><\/span>.<\/span><\/li><li data-start=\"386\" data-end=\"759\">Todos los estudiantes de fuera de la UE\/AEE que permanezcan m\u00e1s de 90 d\u00edas deben inscribirse en el Servicio de Inmigraci\u00f3n Irland\u00e9s (ISD).<\/li><\/ul><div id=\"Requirements\"><div class=\"wrapper wrapper--large content--padding\"><div class=\"rich-text\"><div class=\"rich-text rich-text__narrow\"><div class=\"rich_text__summary\"><p data-block-key=\"8i3qr\"> <\/p><\/div><\/div><\/div><\/div><\/div><div tabindex=\"0\"><span style=\"color: #808080;\"><strong>Si necesitas un visado para estudiar en Irlanda<\/strong><\/span><\/div><div tabindex=\"0\"> <\/div><div tabindex=\"0\"><span style=\"color: #808080;\">Rellenar\u00e1s un formulario de reserva y enviar\u00e1s una copia de tu pasaporte. Emitiremos una factura con las tasas del curso, las tasas deben pagarse a trav\u00e9s de Transfermate y se mantendr\u00e1n en dep\u00f3sito a la espera de la decisi\u00f3n sobre el visado. Cuando se confirme el pago del curso, podremos emitir tu carta de aceptaci\u00f3n y podr\u00e1s solicitar el visado.  <\/span><\/div><div tabindex=\"0\"> <\/div><div tabindex=\"0\">Las solicitudes de visado suelen tardar entre 6 y 8 semanas, por lo que recomendamos solicitarlo 3 meses antes de la fecha de inicio del curso para evitar retrasos.<\/div><div tabindex=\"0\"> <\/div><div id=\"Application\"><div class=\"wrapper wrapper--large content--padding\"><div class=\"rich-text\"><div class=\"rich-text rich-text__narrow\"><p class=\"story__heading heading--2\"><span style=\"color: #808080;\"><b>Presentar tu solicitud de visado<\/b><\/span><\/p><div class=\"rich_text__summary\"> <\/div><div class=\"rich_text__summary\"><p>Para solicitar un visado:<\/p><ol><li>Rellena el formulario de solicitud en l\u00ednea <a href=\"http:\/\/www.visas.inis.gov.ie\/AVATS\/OnlineHome.aspx\">www.visas.inis.gov.ie\/AVATS\/OnlineHome.aspx<\/a><\/li><li>Re\u00fane la documentaci\u00f3n acreditativa, la fotograf\u00eda del pasaporte y la tasa.<\/li><li>El sistema de solicitud en l\u00ednea pedir\u00e1 autom\u00e1ticamente a los estudiantes que presenten la documentaci\u00f3n a la embajada.<\/li><\/ol><p>Consulta las siguientes p\u00e1ginas web para obtener informaci\u00f3n adicional sobre las solicitudes de visado: <a href=\"https:\/\/www.dfa.ie\/travel\/visas\/visas-for-ireland\/\">https:\/\/www.dfa.ie\/travel\/visas\/visas-for-ireland\/<\/a> &amp; <a href=\"http:\/\/www.inis.gov.ie\/en\/INIS\/Pages\/Study\">http:\/\/www.inis.gov.ie\/en\/INIS\/Pages\/Study<\/a><\/p><p data-block-key=\"9or89\"> <\/p><p data-block-key=\"9or89\"><span style=\"color: #808080;\"><strong>Seguimiento de tu solicitud<\/strong><\/span><\/p><p data-block-key=\"1md8t\"><span style=\"color: #808080;\">Haz un seguimiento de tu solicitud poni\u00e9ndote en contacto con la Embajada o Consulado ante el que se present\u00f3, indicando el n\u00famero de referencia de tu solicitud.<\/span><\/p><p data-block-key=\"7eoon\"><span style=\"color: #808080;\">Si enviaste tu solicitud a Dubl\u00edn, debes <a style=\"color: #808080;\" href=\"https:\/\/www.irishimmigration.ie\/contact-immigration-service-delivery\/\">ponerte en contacto directamente con el Servicio de Prestaci\u00f3n de Servicios de Inmigraci\u00f3n<\/a>.<\/span><\/p><p data-block-key=\"98tpr\"> <\/p><p data-block-key=\"98tpr\"><span style=\"color: #808080;\"><b>Notificaci\u00f3n<\/b><\/span><\/p><p data-block-key=\"ffqqi\"><span style=\"color: #808080;\">Si lo solicitaste en una Embajada o Consulado, se pondr\u00e1n en contacto contigo cuando se haya tomado una decisi\u00f3n.<\/span><\/p><p data-block-key=\"3pd3g\"><span style=\"color: #808080;\">Si has presentado tu solicitud directamente al INIS de Dubl\u00edn, o si tu solicitud ha sido remitida al INIS para que tome una decisi\u00f3n, puedes consultar la lista semanal de decisiones sobre visados del Servicio de Inmigraci\u00f3n de Dubl\u00edn. <a style=\"color: #808080;\" href=\"https:\/\/www.irishimmigration.ie\/visa-decisions\/\"><b>Lista semanal de decisiones sobre visados<\/b><\/a> utilizando tu n\u00famero de referencia.<\/span><\/p><\/div><p data-block-key=\"3pd3g\"><strong>Si rechazan tu solicitud de visado<\/strong><\/p><p>Es posible que no se conceda el visado a los estudiantes y, en caso de que la solicitud de visado no prospere, se retendr\u00e1n 200 euros en concepto de tasas administrativas.<\/p><p>Los reembolsos s\u00f3lo se efectuar\u00e1n cuando se reciba una carta de denegaci\u00f3n de visado de la embajada.<\/p><div class=\"rich_text__summary\"><p data-block-key=\"3pd3g\"> <\/p><p data-block-key=\"3pd3g\"><strong>Registro de Inmigraci\u00f3n en Irlanda<\/strong><\/p><p data-block-key=\"3pd3g\">Si eres un <strong data-start=\"2145\" data-end=\"2192\">estudiante extracomunitario que estudia m\u00e1s de 90 d\u00edas<\/strong>, te registrar\u00e1s en inmigraci\u00f3n despu\u00e9s de llegar a Irlanda.<\/p><p class=\"cvGsUA direction-ltr align-start para-style-body\"><span class=\"a_GcMg font-feature-liga-off font-feature-clig-off font-feature-calt-off text-decoration-none text-strikethrough-none\">Reservar\u00e1s una cita en la p\u00e1gina web de Inmigraci\u00f3n irlandesa <\/span><span class=\"a_GcMg font-feature-liga-off font-feature-clig-off font-feature-calt-off text-decoration-none text-strikethrough-none\">https:\/\/portal.irishimmigration.ie\/en\/ <\/span> <\/p><p>Necesitar\u00e1s los siguientes documentos en tu cita de inscripci\u00f3n;<\/p><ul><li>Carta de aceptaci\u00f3n confirmando tu curso<\/li><li>Justificante del pago \u00edntegro de tu curso<\/li><li>Pasaporte v\u00e1lido<\/li><li>Seguro m\u00e9dico privado<\/li><li>Justificante de domicilio en Irlanda<\/li><li>Prueba de apoyo financiero, extracto bancario a tu nombre con un saldo de al menos 6.665 euros<\/li><li>Cuota de inscripci\u00f3n, 300 euros pagados con tarjeta de d\u00e9bito\/cr\u00e9dito<\/li><\/ul><div> <\/div><div>En unas semanas recibir\u00e1s por correo una <strong data-start=\"2019\" data-end=\"2056\">tarjeta de Permiso de Residencia Irland\u00e9s (IRP<\/strong> ). La tarjeta muestra tu <strong data-start=\"2107\" data-end=\"2157\">sello de inmigraci\u00f3n (por ejemplo, el Sello 2 para estudiantes)<\/strong> y la fecha de caducidad.   <\/div><div> <\/div><div>Los estudiantes pueden renovar su visado dos veces si;<\/div><\/div><ul><li>  Matricularte en otro curso registrado en ILEP.<\/li><li>Pagar \u00edntegramente las tasas del curso.<\/li><li>Mantener un nivel de asistencia m\u00ednimo del 85%.<\/li><li>Realizar un examen reconocido al final del curso (ILETS).<\/li><li>Contrata un seguro m\u00e9dico privado.  <\/li><li>Tener un pasaporte v\u00e1lido.  <\/li><\/ul><div class=\"rich_text__summary\"><div> <\/div><p data-block-key=\"3pd3g\"><strong>Obligaciones de los estudiantes con visado<\/strong><\/p><p data-block-key=\"3pd3g\">Los estudiantes con visado que asistan a un curso registrado en ILEP deben:<\/p><ul><li data-block-key=\"3pd3g\">Mantener una tasa de asistencia m\u00ednima del 85%.<\/li><li data-block-key=\"3pd3g\">Presentarse a un examen reconocido al final del curso, el IELTS est\u00e1 incluido en el Programa de A\u00f1o Acad\u00e9mico.<\/li><li data-block-key=\"3pd3g\">Mantener un seguro m\u00e9dico v\u00e1lido durante todo el curso.<\/li><li data-block-key=\"3pd3g\">Aseg\u00farate de que tu pasaporte tiene una validez superior a 8 meses.<\/li><\/ul><p> <\/p><p><strong>Trabajo y vacaciones<\/strong><\/p><p>Los estudiantes del A\u00f1o Acad\u00e9mico deben completar 25 semanas de curso. Las 8 semanas restantes son de vacaciones. <\/p><p>Hay 3 semanas de vacaciones obligatorias por Navidad, el resto de las vacaciones se tomar\u00e1n al completar las 25 semanas de curso, cualquier vacaci\u00f3n que un estudiante desee tomar fuera de estos periodos debe reservarse durante la primera semana de curso.<\/p><p>Los estudiantes del A\u00f1o Acad\u00e9mico tienen derecho a trabajar 20 horas semanales durante el curso y 40 horas semanales durante las vacaciones que se tomen de junio a septiembre y del<sup>15<\/sup> de diciembre al<sup>15 de<\/sup> enero.<\/p><\/div><\/div><\/div><\/div><\/div><p data-start=\"3634\" data-end=\"3727\"> <\/p>\t\t\t\t\t\t\t\t<\/div>\n\t\t\t\t<\/div>\n\t\t\t\t\t<\/div>\n\t\t<\/div>\n\t\t\t\t\t<\/div>\n\t\t<\/section>\n\t\t\t\t<section class=\"elementor-section elementor-top-section elementor-element elementor-element-d3fae5e elementor-section-boxed elementor-section-height-default elementor-section-height-default\" data-id=\"d3fae5e\" data-element_type=\"section\" data-e-type=\"section\">\n\t\t\t\t\t\t<div class=\"elementor-container elementor-column-gap-default\">\n\t\t\t\t\t<div class=\"elementor-column elementor-col-100 elementor-top-column elementor-element elementor-element-b10bd47\" data-id=\"b10bd47\" data-element_type=\"column\" data-e-type=\"column\">\n\t\t\t<div class=\"elementor-widget-wrap elementor-element-populated\">\n\t\t\t\t\t\t<div class=\"elementor-element elementor-element-6d2bda8 elementor-widget elementor-widget-spacer\" data-id=\"6d2bda8\" data-element_type=\"widget\" data-e-type=\"widget\" data-widget_type=\"spacer.default\">\n\t\t\t\t<div class=\"elementor-widget-container\">\n\t\t\t\t\t\t\t<div class=\"elementor-spacer\">\n\t\t\t<div class=\"elementor-spacer-inner\"><\/div>\n\t\t<\/div>\n\t\t\t\t\t\t<\/div>\n\t\t\t\t<\/div>\n\t\t\t\t\t<\/div>\n\t\t<\/div>\n\t\t\t\t\t<\/div>\n\t\t<\/section>\n\t\t\t\t<\/div>\n\t\t","protected":false},"excerpt":{"rendered":"<p>Apoyo en materia de visados e inmigraci\u00f3n \u00bfNecesitas solicitar un visado? Si eres de un pa\u00eds de la UE o del EEE no necesitas visado para estudiar en Irlanda. Los estudiantes de fuera de la UE\/EEE tendr\u00e1n que tener una carta de aceptaci\u00f3n y haber pagado sus tasas para estudiar en Irlanda. Dependiendo de tu [&hellip;]<\/p>\n","protected":false},"author":3,"featured_media":0,"parent":0,"menu_order":0,"comment_status":"closed","ping_status":"closed","template":"elementor_header_footer","meta":{"content-type":"","footnotes":""},"class_list":["post-33070","page","type-page","status-publish","hentry"],"yoast_head":"<!-- This site is optimized with the Yoast SEO plugin v27.3 - https:\/\/yoast.com\/product\/yoast-seo-wordpress\/ -->\n<title>Apoyo en materia de visados e inmigraci\u00f3n - Irish College of English<\/title>\n<meta name=\"robots\" content=\"index, follow, max-snippet:-1, max-image-preview:large, max-video-preview:-1\" \/>\n<link rel=\"canonical\" href=\"https:\/\/www.iceireland.com\/es\/visa-immigration-support\/\" \/>\n<meta property=\"og:locale\" content=\"es_ES\" \/>\n<meta property=\"og:type\" content=\"article\" \/>\n<meta property=\"og:title\" content=\"Apoyo en materia de visados e inmigraci\u00f3n - Irish College of English\" \/>\n<meta property=\"og:description\" content=\"Apoyo en materia de visados e inmigraci\u00f3n \u00bfNecesitas solicitar un visado? Si eres de un pa\u00eds de la UE o del EEE no necesitas visado para estudiar en Irlanda. Los estudiantes de fuera de la UE\/EEE tendr\u00e1n que tener una carta de aceptaci\u00f3n y haber pagado sus tasas para estudiar en Irlanda. Dependiendo de tu [&hellip;]\" \/>\n<meta property=\"og:url\" content=\"https:\/\/www.iceireland.com\/es\/visa-immigration-support\/\" \/>\n<meta property=\"og:site_name\" content=\"Irish College of English\" \/>\n<meta property=\"article:modified_time\" content=\"2026-03-14T11:33:43+00:00\" \/>\n<meta name=\"twitter:label1\" content=\"Tiempo de lectura\" \/>\n\t<meta name=\"twitter:data1\" content=\"4 minutos\" \/>\n<script type=\"application\/ld+json\" class=\"yoast-schema-graph\">{\"@context\":\"https:\\\/\\\/schema.org\",\"@graph\":[{\"@type\":\"WebPage\",\"@id\":\"https:\\\/\\\/www.iceireland.com\\\/es\\\/visa-immigration-support\\\/\",\"url\":\"https:\\\/\\\/www.iceireland.com\\\/es\\\/visa-immigration-support\\\/\",\"name\":\"Apoyo en materia de visados e inmigraci\u00f3n - Irish College of English\",\"isPartOf\":{\"@id\":\"https:\\\/\\\/www.iceireland.com\\\/es\\\/#website\"},\"datePublished\":\"2025-08-28T09:23:09+00:00\",\"dateModified\":\"2026-03-14T11:33:43+00:00\",\"breadcrumb\":{\"@id\":\"https:\\\/\\\/www.iceireland.com\\\/es\\\/visa-immigration-support\\\/#breadcrumb\"},\"inLanguage\":\"es\",\"potentialAction\":[{\"@type\":\"ReadAction\",\"target\":[\"https:\\\/\\\/www.iceireland.com\\\/es\\\/visa-immigration-support\\\/\"]}]},{\"@type\":\"BreadcrumbList\",\"@id\":\"https:\\\/\\\/www.iceireland.com\\\/es\\\/visa-immigration-support\\\/#breadcrumb\",\"itemListElement\":[{\"@type\":\"ListItem\",\"position\":1,\"name\":\"Home\",\"item\":\"https:\\\/\\\/www.iceireland.com\\\/es\\\/\"},{\"@type\":\"ListItem\",\"position\":2,\"name\":\"Apoyo en materia de visados e inmigraci\u00f3n\"}]},{\"@type\":\"WebSite\",\"@id\":\"https:\\\/\\\/www.iceireland.com\\\/es\\\/#website\",\"url\":\"https:\\\/\\\/www.iceireland.com\\\/es\\\/\",\"name\":\"Irish College of English\",\"description\":\"English School in Dublin, Malahide\",\"publisher\":{\"@id\":\"https:\\\/\\\/www.iceireland.com\\\/es\\\/#organization\"},\"potentialAction\":[{\"@type\":\"SearchAction\",\"target\":{\"@type\":\"EntryPoint\",\"urlTemplate\":\"https:\\\/\\\/www.iceireland.com\\\/es\\\/?s={search_term_string}\"},\"query-input\":{\"@type\":\"PropertyValueSpecification\",\"valueRequired\":true,\"valueName\":\"search_term_string\"}}],\"inLanguage\":\"es\"},{\"@type\":\"Organization\",\"@id\":\"https:\\\/\\\/www.iceireland.com\\\/es\\\/#organization\",\"name\":\"Irish College of English\",\"url\":\"https:\\\/\\\/www.iceireland.com\\\/es\\\/\",\"logo\":{\"@type\":\"ImageObject\",\"inLanguage\":\"es\",\"@id\":\"https:\\\/\\\/www.iceireland.com\\\/es\\\/#\\\/schema\\\/logo\\\/image\\\/\",\"url\":\"https:\\\/\\\/www.iceireland.com\\\/wp-content\\\/uploads\\\/2022\\\/03\\\/logo.png\",\"contentUrl\":\"https:\\\/\\\/www.iceireland.com\\\/wp-content\\\/uploads\\\/2022\\\/03\\\/logo.png\",\"width\":593,\"height\":92,\"caption\":\"Irish College of English\"},\"image\":{\"@id\":\"https:\\\/\\\/www.iceireland.com\\\/es\\\/#\\\/schema\\\/logo\\\/image\\\/\"}}]}<\/script>\n<!-- \/ Yoast SEO plugin. -->","yoast_head_json":{"title":"Apoyo en materia de visados e inmigraci\u00f3n - Irish College of English","robots":{"index":"index","follow":"follow","max-snippet":"max-snippet:-1","max-image-preview":"max-image-preview:large","max-video-preview":"max-video-preview:-1"},"canonical":"https:\/\/www.iceireland.com\/es\/visa-immigration-support\/","og_locale":"es_ES","og_type":"article","og_title":"Apoyo en materia de visados e inmigraci\u00f3n - Irish College of English","og_description":"Apoyo en materia de visados e inmigraci\u00f3n \u00bfNecesitas solicitar un visado? Si eres de un pa\u00eds de la UE o del EEE no necesitas visado para estudiar en Irlanda. Los estudiantes de fuera de la UE\/EEE tendr\u00e1n que tener una carta de aceptaci\u00f3n y haber pagado sus tasas para estudiar en Irlanda. Dependiendo de tu [&hellip;]","og_url":"https:\/\/www.iceireland.com\/es\/visa-immigration-support\/","og_site_name":"Irish College of English","article_modified_time":"2026-03-14T11:33:43+00:00","twitter_misc":{"Tiempo de lectura":"4 minutos"},"schema":{"@context":"https:\/\/schema.org","@graph":[{"@type":"WebPage","@id":"https:\/\/www.iceireland.com\/es\/visa-immigration-support\/","url":"https:\/\/www.iceireland.com\/es\/visa-immigration-support\/","name":"Apoyo en materia de visados e inmigraci\u00f3n - Irish College of English","isPartOf":{"@id":"https:\/\/www.iceireland.com\/es\/#website"},"datePublished":"2025-08-28T09:23:09+00:00","dateModified":"2026-03-14T11:33:43+00:00","breadcrumb":{"@id":"https:\/\/www.iceireland.com\/es\/visa-immigration-support\/#breadcrumb"},"inLanguage":"es","potentialAction":[{"@type":"ReadAction","target":["https:\/\/www.iceireland.com\/es\/visa-immigration-support\/"]}]},{"@type":"BreadcrumbList","@id":"https:\/\/www.iceireland.com\/es\/visa-immigration-support\/#breadcrumb","itemListElement":[{"@type":"ListItem","position":1,"name":"Home","item":"https:\/\/www.iceireland.com\/es\/"},{"@type":"ListItem","position":2,"name":"Apoyo en materia de visados e inmigraci\u00f3n"}]},{"@type":"WebSite","@id":"https:\/\/www.iceireland.com\/es\/#website","url":"https:\/\/www.iceireland.com\/es\/","name":"Irish College of English","description":"English School in Dublin, Malahide","publisher":{"@id":"https:\/\/www.iceireland.com\/es\/#organization"},"potentialAction":[{"@type":"SearchAction","target":{"@type":"EntryPoint","urlTemplate":"https:\/\/www.iceireland.com\/es\/?s={search_term_string}"},"query-input":{"@type":"PropertyValueSpecification","valueRequired":true,"valueName":"search_term_string"}}],"inLanguage":"es"},{"@type":"Organization","@id":"https:\/\/www.iceireland.com\/es\/#organization","name":"Irish College of English","url":"https:\/\/www.iceireland.com\/es\/","logo":{"@type":"ImageObject","inLanguage":"es","@id":"https:\/\/www.iceireland.com\/es\/#\/schema\/logo\/image\/","url":"https:\/\/www.iceireland.com\/wp-content\/uploads\/2022\/03\/logo.png","contentUrl":"https:\/\/www.iceireland.com\/wp-content\/uploads\/2022\/03\/logo.png","width":593,"height":92,"caption":"Irish College of English"},"image":{"@id":"https:\/\/www.iceireland.com\/es\/#\/schema\/logo\/image\/"}}]}},"_links":{"self":[{"href":"https:\/\/www.iceireland.com\/es\/wp-json\/wp\/v2\/pages\/33070","targetHints":{"allow":["GET"]}}],"collection":[{"href":"https:\/\/www.iceireland.com\/es\/wp-json\/wp\/v2\/pages"}],"about":[{"href":"https:\/\/www.iceireland.com\/es\/wp-json\/wp\/v2\/types\/page"}],"author":[{"embeddable":true,"href":"https:\/\/www.iceireland.com\/es\/wp-json\/wp\/v2\/users\/3"}],"replies":[{"embeddable":true,"href":"https:\/\/www.iceireland.com\/es\/wp-json\/wp\/v2\/comments?post=33070"}],"version-history":[{"count":2,"href":"https:\/\/www.iceireland.com\/es\/wp-json\/wp\/v2\/pages\/33070\/revisions"}],"predecessor-version":[{"id":35740,"href":"https:\/\/www.iceireland.com\/es\/wp-json\/wp\/v2\/pages\/33070\/revisions\/35740"}],"wp:attachment":[{"href":"https:\/\/www.iceireland.com\/es\/wp-json\/wp\/v2\/media?parent=33070"}],"curies":[{"name":"wp","href":"https:\/\/api.w.org\/{rel}","templated":true}]}}