{"id":33086,"date":"2025-08-27T17:58:07","date_gmt":"2025-08-27T17:58:07","guid":{"rendered":"https:\/\/www.iceireland.com\/health-and-wellbeing\/"},"modified":"2026-01-30T18:25:52","modified_gmt":"2026-01-30T18:25:52","slug":"health-and-wellbeing","status":"publish","type":"page","link":"https:\/\/www.iceireland.com\/es\/health-and-wellbeing\/","title":{"rendered":"Salud y bienestar"},"content":{"rendered":"\t\t<div data-elementor-type=\"wp-page\" data-elementor-id=\"33086\" class=\"elementor elementor-33086 elementor-31272\" data-elementor-post-type=\"page\">\n\t\t\t\t\t\t<section class=\"elementor-section elementor-top-section elementor-element elementor-element-637dd89 elementor-section-boxed elementor-section-height-default elementor-section-height-default\" data-id=\"637dd89\" data-element_type=\"section\" data-e-type=\"section\">\n\t\t\t\t\t\t<div class=\"elementor-container elementor-column-gap-default\">\n\t\t\t\t\t<div class=\"elementor-column elementor-col-100 elementor-top-column elementor-element elementor-element-2b0fe48\" data-id=\"2b0fe48\" data-element_type=\"column\" data-e-type=\"column\">\n\t\t\t<div class=\"elementor-widget-wrap elementor-element-populated\">\n\t\t\t\t\t\t<div class=\"elementor-element elementor-element-d4a904b elementor-widget elementor-widget-spacer\" data-id=\"d4a904b\" data-element_type=\"widget\" data-e-type=\"widget\" data-widget_type=\"spacer.default\">\n\t\t\t\t<div class=\"elementor-widget-container\">\n\t\t\t\t\t\t\t<div class=\"elementor-spacer\">\n\t\t\t<div class=\"elementor-spacer-inner\"><\/div>\n\t\t<\/div>\n\t\t\t\t\t\t<\/div>\n\t\t\t\t<\/div>\n\t\t\t\t\t<\/div>\n\t\t<\/div>\n\t\t\t\t\t<\/div>\n\t\t<\/section>\n\t\t\t\t<section class=\"elementor-section elementor-top-section elementor-element elementor-element-9817a5e elementor-section-boxed elementor-section-height-default elementor-section-height-default\" data-id=\"9817a5e\" data-element_type=\"section\" data-e-type=\"section\">\n\t\t\t\t\t\t<div class=\"elementor-container elementor-column-gap-default\">\n\t\t\t\t\t<div class=\"elementor-column elementor-col-100 elementor-top-column elementor-element elementor-element-fe0d37a\" data-id=\"fe0d37a\" data-element_type=\"column\" data-e-type=\"column\">\n\t\t\t<div class=\"elementor-widget-wrap elementor-element-populated\">\n\t\t\t\t\t\t<div class=\"elementor-element elementor-element-20e19ca elementor-widget elementor-widget-text-editor\" data-id=\"20e19ca\" data-element_type=\"widget\" data-e-type=\"widget\" data-widget_type=\"text-editor.default\">\n\t\t\t\t<div class=\"elementor-widget-container\">\n\t\t\t\t\t\t\t\t\t<h3><span style=\"color: #808080;\"><strong>Salud y bienestar  <\/strong><\/span><\/h3><p><strong> <\/strong><\/p><p><strong>Bienestar de los estudiantes<\/strong><\/p><p>Nuestra Pol\u00edtica de Bienestar Estudiantil garantiza que tenemos designado un Responsable de Bienestar Estudiantil para ayudar a los estudiantes en casos de emergencia y dificultades. Proporcionar servicios de derivaci\u00f3n para la atenci\u00f3n especializada en salud mental, si es necesario. <\/p><p>Ofrecemos orientaci\u00f3n sobre el acceso a los servicios sanitarios en Irlanda y ayudamos a los estudiantes con la informaci\u00f3n sobre el seguro m\u00e9dico y las solicitudes de reembolso.<\/p><p><strong> <\/strong><\/p><p><strong>St<\/strong><strong>ienestar estudiantil<\/strong><\/p><p>Ayudamos a nuestros estudiantes a instalarse en nuestros programas y campamentos. Tenemos una mezcla diversa de tipos de estudiantes y duraci\u00f3n de las estancias. La mayor\u00eda de nuestros estudiantes son Junior de corta estancia. Reconocemos que, debido a la brevedad de nuestros cursos, puede que no estemos en condiciones de ayudar a los estudiantes con necesidades continuas y que \u00e9stas se superan mejor buscando apoyo a trav\u00e9s de amigos y familiares. Nuestro equipo se compromete a estar tambi\u00e9n disponible y a ofrecer todo el apoyo que sea razonablemente pr\u00e1ctico. Nuestro responsable de bienestar estudiantil puede ofrecer apoyo en cuestiones pr\u00e1cticas.     <\/p><p>A veces pueden surgir problemas que requieran la aportaci\u00f3n, el apoyo o los conocimientos de especialistas para resolverlos. Parte de este apoyo puede prestarse dentro de la organizaci\u00f3n. Sin embargo, la resoluci\u00f3n de ciertos tipos de necesidades puede ir m\u00e1s all\u00e1 de los recursos y la capacidad internos. En tal caso, la escuela aconsejar\u00e1 a los alumnos d\u00f3nde pueden satisfacer mejor sus necesidades. En algunas circunstancias, aconsejaremos a los alumnos y a sus padres que vuelvan a casa, donde podr\u00e1n recibir el apoyo que necesitan; esto es especialmente necesario cuando los alumnos menores experimentan problemas de bienestar no relacionados con nuestros programas.    <\/p><p><strong> <\/strong><\/p><p><strong>Pol\u00edtica de Igualdad, Diversidad e Inclusi\u00f3n<\/strong><\/p><p>Estamos firmemente comprometidos a fomentar un entorno de aprendizaje y trabajo inclusivo y equitativo en el que se celebre la diversidad y se respete, valore y capacite a todas las personas. Nuestro compromiso con la igualdad, la diversidad y la inclusi\u00f3n (IDI) impregna todos los aspectos de nuestras operaciones, desde la participaci\u00f3n de los estudiantes hasta la contrataci\u00f3n del personal, el desarrollo del plan de estudios y la participaci\u00f3n de la comunidad. En el ICE, creemos que aceptar la diversidad enriquece la experiencia educativa, mejora la comprensi\u00f3n cultural y cultiva un sentimiento de pertenencia para todos los implicados.  <\/p><p> <\/p><p><strong>Salud y seguridad<\/strong><strong> <\/strong><\/p><p>Nos comprometemos, en la medida en que sea razonablemente pr\u00e1ctico, a garantizar la seguridad, la salud y el bienestar en el trabajo de todos los miembros del personal, alumnos, contratistas, visitantes y cualquier otra persona de la escuela que pueda verse afectada por el trabajo y las actividades escolares.<strong> <\/strong><\/p><p><strong> <\/strong><\/p><p><strong>Protecci\u00f3n<\/strong><strong> <\/strong><\/p><p>El ICE est\u00e1 comprometido con nuestro deber de salvaguardar, proteger y promover el bienestar de los ni\u00f1os, y se compromete a garantizar que la pr\u00e1ctica de salvaguarda refleja las responsabilidades legales, las orientaciones gubernamentales y cumple las mejores pr\u00e1cticas y los requisitos de QQI.<\/p><p> <\/p><p><strong>Apoyo y Servicios al Estudiante<\/strong><\/p><p>En el Irish College of English (ICE), nos dedicamos a proporcionar apoyo y servicios integrales a nuestros estudiantes internacionales para garantizar su bienestar, su \u00e9xito acad\u00e9mico y una experiencia positiva en general. Esta pol\u00edtica resume nuestro compromiso de ofrecer procesos de admisi\u00f3n transparentes, orientaci\u00f3n, apoyo acad\u00e9mico, servicios de bienestar estudiantil, asistencia en materia de alojamiento, iniciativas de integraci\u00f3n cultural, canales de comunicaci\u00f3n eficaces, cumplimiento de las obligaciones legales y estrategias de mejora continua. <\/p><p> <\/p><p><strong>Pol\u00edtica sobre alergias, afecciones m\u00e9dicas y necesidades adicionales<\/strong><\/p><p>Nos comprometemos a proporcionar un entorno integrador y acogedor para todos los estudiantes. Nos esforzamos por dar cabida a una amplia gama de necesidades; sin embargo, debido a la naturaleza a corto plazo de nuestros programas (normalmente de 1 a 4 semanas), no estamos en condiciones de proporcionar atenci\u00f3n m\u00e9dica especializada o supervisi\u00f3n a estudiantes con alergias, enfermedades cr\u00f3nicas y de otro tipo, o necesidades adicionales. Aunque tomaremos medidas razonables para compartir la informaci\u00f3n pertinente con el personal de las casas de acogida y las residencias, la responsabilidad \u00faltima de gestionar las afecciones m\u00e9dicas y las necesidades adicionales recae en el estudiante y sus padres\/tutores\/organizadores de grupo.  <\/p><p> <\/p><p><strong>Supervisi\u00f3n<\/strong><\/p><p>Nuestros campamentos animan a los alumnos a sumergirse activamente en la lengua inglesa, interactuando con irlandeses y otros adolescentes y divirti\u00e9ndose mediante actividades y visitas culturales.<\/p><p>La supervisi\u00f3n es una funci\u00f3n que ayuda a mantener la seguridad de nuestros alumnos. Nuestra filosof\u00eda de supervisi\u00f3n permite la exploraci\u00f3n y la interacci\u00f3n. Los alumnos que asisten a nuestros campamentos deben ser suficientemente maduros para su edad, independientes, autosuficientes y responsables. Contamos con pol\u00edticas y procedimientos para crear un ambiente de campamento seguro y agradable, pero la vida tiene riesgos inherentes y pedimos a todos los estudiantes que tomen las mismas precauciones y tengan el mismo cuidado que tendr\u00edan en su pa\u00eds de origen.   <\/p><p>Nuestro modelo de supervisi\u00f3n es de apoyo e interactivo. No supervisaremos a los alumnos de forma excesiva o intrusiva para que puedan disfrutar plenamente de la experiencia de un campamento. Por lo tanto, los alumnos pueden estar expuestos a riesgos, cometer errores o lesionarse durante el campamento.  <\/p><p>Los alumnos dispondr\u00e1n de tiempo libre sin supervisi\u00f3n en todos nuestros campamentos. Durante este tiempo, los alumnos tendr\u00e1n acceso a los miembros del personal o a nuestro n\u00famero de tel\u00e9fono de emergencia, donde un miembro de nuestro personal est\u00e1 disponible las 24 horas del d\u00eda. <\/p><p> <\/p><p><strong>Protecci\u00f3n de menores<\/strong><\/p><p>Todo nuestro personal que trabaja directamente con menores ha realizado un curso de protecci\u00f3n infantil. La formaci\u00f3n in situ ser\u00e1 un recordatorio sobre la protecci\u00f3n de los alumnos y las responsabilidades del personal. <\/p><p> <\/p><p><strong>Normas de alojamiento<\/strong><\/p><p>Los alumnos reciben las siguientes pautas de alojamiento:<\/p><p>Estancia en casa &#8211; Carta de estancia en casa<\/p><p>Residencial &#8211; Internado en la Gu\u00eda de la Residencia del Manual del Estudiante<\/p><p>El personal que trabaja en nuestras residencias puede acceder a estas directrices en nuestro Manual del Personal.<\/p><p> <\/p><p><strong>C\u00f3digos de conducta<\/strong><\/p><p>Nuestros c\u00f3digos de conducta se comunican a los padres\/tutores\/l\u00edderes de grupo y a los alumnos antes de su llegada mediante nuestro formulario de reserva y el manual del alumno. Es fundamental establecer normas claras y sencillas <\/p>\t\t\t\t\t\t\t\t<\/div>\n\t\t\t\t<\/div>\n\t\t\t\t\t<\/div>\n\t\t<\/div>\n\t\t\t\t\t<\/div>\n\t\t<\/section>\n\t\t\t\t<section class=\"elementor-section elementor-top-section elementor-element elementor-element-78eee0e elementor-section-boxed elementor-section-height-default elementor-section-height-default\" data-id=\"78eee0e\" data-element_type=\"section\" data-e-type=\"section\">\n\t\t\t\t\t\t<div class=\"elementor-container elementor-column-gap-default\">\n\t\t\t\t\t<div class=\"elementor-column elementor-col-100 elementor-top-column elementor-element elementor-element-1cdbbea\" data-id=\"1cdbbea\" data-element_type=\"column\" data-e-type=\"column\">\n\t\t\t<div class=\"elementor-widget-wrap elementor-element-populated\">\n\t\t\t\t\t\t<div class=\"elementor-element elementor-element-ba89721 elementor-widget elementor-widget-spacer\" data-id=\"ba89721\" data-element_type=\"widget\" data-e-type=\"widget\" data-widget_type=\"spacer.default\">\n\t\t\t\t<div class=\"elementor-widget-container\">\n\t\t\t\t\t\t\t<div class=\"elementor-spacer\">\n\t\t\t<div class=\"elementor-spacer-inner\"><\/div>\n\t\t<\/div>\n\t\t\t\t\t\t<\/div>\n\t\t\t\t<\/div>\n\t\t\t\t\t<\/div>\n\t\t<\/div>\n\t\t\t\t\t<\/div>\n\t\t<\/section>\n\t\t\t\t<section class=\"elementor-section elementor-top-section elementor-element elementor-element-d39cfef elementor-section-boxed elementor-section-height-default elementor-section-height-default\" data-id=\"d39cfef\" data-element_type=\"section\" data-e-type=\"section\">\n\t\t\t\t\t\t<div class=\"elementor-container elementor-column-gap-default\">\n\t\t\t\t\t<div class=\"elementor-column elementor-col-100 elementor-top-column elementor-element elementor-element-3ebc0a2\" data-id=\"3ebc0a2\" data-element_type=\"column\" data-e-type=\"column\">\n\t\t\t<div class=\"elementor-widget-wrap elementor-element-populated\">\n\t\t\t\t\t\t<div class=\"elementor-element elementor-element-c4f2735 elementor-widget elementor-widget-image\" data-id=\"c4f2735\" data-element_type=\"widget\" data-e-type=\"widget\" data-widget_type=\"image.default\">\n\t\t\t\t<div class=\"elementor-widget-container\">\n\t\t\t\t\t\t\t\t\t\t\t\t\t\t\t<img fetchpriority=\"high\" decoding=\"async\" width=\"1448\" height=\"2048\" src=\"https:\/\/www.iceireland.com\/wp-content\/uploads\/2025\/11\/Student-Support-ICE-1448x2048.png\" class=\"attachment-2048x2048 size-2048x2048 wp-image-31640\" alt=\"\" srcset=\"https:\/\/www.iceireland.com\/wp-content\/uploads\/2025\/11\/Student-Support-ICE-1448x2048.png 1448w, https:\/\/www.iceireland.com\/wp-content\/uploads\/2025\/11\/Student-Support-ICE-212x300.png 212w, https:\/\/www.iceireland.com\/wp-content\/uploads\/2025\/11\/Student-Support-ICE-724x1024.png 724w, https:\/\/www.iceireland.com\/wp-content\/uploads\/2025\/11\/Student-Support-ICE-768x1086.png 768w, https:\/\/www.iceireland.com\/wp-content\/uploads\/2025\/11\/Student-Support-ICE-1086x1536.png 1086w, https:\/\/www.iceireland.com\/wp-content\/uploads\/2025\/11\/Student-Support-ICE.png 1655w\" sizes=\"(max-width: 1448px) 100vw, 1448px\" \/>\t\t\t\t\t\t\t\t\t\t\t\t\t\t\t<\/div>\n\t\t\t\t<\/div>\n\t\t\t\t\t<\/div>\n\t\t<\/div>\n\t\t\t\t\t<\/div>\n\t\t<\/section>\n\t\t\t\t<section class=\"elementor-section elementor-top-section elementor-element elementor-element-52aebab elementor-section-boxed elementor-section-height-default elementor-section-height-default\" data-id=\"52aebab\" data-element_type=\"section\" data-e-type=\"section\">\n\t\t\t\t\t\t<div class=\"elementor-container elementor-column-gap-default\">\n\t\t\t\t\t<div class=\"elementor-column elementor-col-100 elementor-top-column elementor-element elementor-element-1c80ec8\" data-id=\"1c80ec8\" data-element_type=\"column\" data-e-type=\"column\">\n\t\t\t<div class=\"elementor-widget-wrap elementor-element-populated\">\n\t\t\t\t\t\t<div class=\"elementor-element elementor-element-54893ad elementor-widget elementor-widget-spacer\" data-id=\"54893ad\" data-element_type=\"widget\" data-e-type=\"widget\" data-widget_type=\"spacer.default\">\n\t\t\t\t<div class=\"elementor-widget-container\">\n\t\t\t\t\t\t\t<div class=\"elementor-spacer\">\n\t\t\t<div class=\"elementor-spacer-inner\"><\/div>\n\t\t<\/div>\n\t\t\t\t\t\t<\/div>\n\t\t\t\t<\/div>\n\t\t\t\t\t<\/div>\n\t\t<\/div>\n\t\t\t\t\t<\/div>\n\t\t<\/section>\n\t\t\t\t<\/div>\n\t\t","protected":false},"excerpt":{"rendered":"<p>Salud y bienestar Bienestar de los estudiantes Nuestra Pol\u00edtica de Bienestar Estudiantil garantiza que tenemos designado un Responsable de Bienestar Estudiantil para ayudar a los estudiantes en casos de emergencia y dificultades. Proporcionar servicios de derivaci\u00f3n para la atenci\u00f3n especializada en salud mental, si es necesario. Ofrecemos orientaci\u00f3n sobre el acceso a los servicios sanitarios [&hellip;]<\/p>\n","protected":false},"author":3,"featured_media":0,"parent":0,"menu_order":0,"comment_status":"closed","ping_status":"closed","template":"","meta":{"content-type":"","footnotes":""},"class_list":["post-33086","page","type-page","status-publish","hentry"],"yoast_head":"<!-- This site is optimized with the Yoast SEO plugin v27.3 - https:\/\/yoast.com\/product\/yoast-seo-wordpress\/ -->\n<title>Salud y bienestar - Irish College of English<\/title>\n<meta name=\"robots\" content=\"index, follow, max-snippet:-1, max-image-preview:large, max-video-preview:-1\" \/>\n<link rel=\"canonical\" href=\"https:\/\/www.iceireland.com\/es\/health-and-wellbeing\/\" \/>\n<meta property=\"og:locale\" content=\"es_ES\" \/>\n<meta property=\"og:type\" content=\"article\" \/>\n<meta property=\"og:title\" content=\"Salud y bienestar - Irish College of English\" \/>\n<meta property=\"og:description\" content=\"Salud y bienestar Bienestar de los estudiantes Nuestra Pol\u00edtica de Bienestar Estudiantil garantiza que tenemos designado un Responsable de Bienestar Estudiantil para ayudar a los estudiantes en casos de emergencia y dificultades. Proporcionar servicios de derivaci\u00f3n para la atenci\u00f3n especializada en salud mental, si es necesario. Ofrecemos orientaci\u00f3n sobre el acceso a los servicios sanitarios [&hellip;]\" \/>\n<meta property=\"og:url\" content=\"https:\/\/www.iceireland.com\/es\/health-and-wellbeing\/\" \/>\n<meta property=\"og:site_name\" content=\"Irish College of English\" \/>\n<meta property=\"article:modified_time\" content=\"2026-01-30T18:25:52+00:00\" \/>\n<meta property=\"og:image\" content=\"https:\/\/www.iceireland.com\/wp-content\/uploads\/2025\/11\/Student-Support-ICE.png\" \/>\n\t<meta property=\"og:image:width\" content=\"1655\" \/>\n\t<meta property=\"og:image:height\" content=\"2340\" \/>\n\t<meta property=\"og:image:type\" content=\"image\/png\" \/>\n<meta name=\"twitter:label1\" content=\"Tiempo de lectura\" \/>\n\t<meta name=\"twitter:data1\" content=\"5 minutos\" \/>\n<script type=\"application\/ld+json\" class=\"yoast-schema-graph\">{\"@context\":\"https:\\\/\\\/schema.org\",\"@graph\":[{\"@type\":\"WebPage\",\"@id\":\"https:\\\/\\\/www.iceireland.com\\\/es\\\/health-and-wellbeing\\\/\",\"url\":\"https:\\\/\\\/www.iceireland.com\\\/es\\\/health-and-wellbeing\\\/\",\"name\":\"Salud y bienestar - Irish College of English\",\"isPartOf\":{\"@id\":\"https:\\\/\\\/www.iceireland.com\\\/es\\\/#website\"},\"primaryImageOfPage\":{\"@id\":\"https:\\\/\\\/www.iceireland.com\\\/es\\\/health-and-wellbeing\\\/#primaryimage\"},\"image\":{\"@id\":\"https:\\\/\\\/www.iceireland.com\\\/es\\\/health-and-wellbeing\\\/#primaryimage\"},\"thumbnailUrl\":\"https:\\\/\\\/www.iceireland.com\\\/wp-content\\\/uploads\\\/2025\\\/11\\\/Student-Support-ICE-1448x2048.png\",\"datePublished\":\"2025-08-27T17:58:07+00:00\",\"dateModified\":\"2026-01-30T18:25:52+00:00\",\"breadcrumb\":{\"@id\":\"https:\\\/\\\/www.iceireland.com\\\/es\\\/health-and-wellbeing\\\/#breadcrumb\"},\"inLanguage\":\"es\",\"potentialAction\":[{\"@type\":\"ReadAction\",\"target\":[\"https:\\\/\\\/www.iceireland.com\\\/es\\\/health-and-wellbeing\\\/\"]}]},{\"@type\":\"ImageObject\",\"inLanguage\":\"es\",\"@id\":\"https:\\\/\\\/www.iceireland.com\\\/es\\\/health-and-wellbeing\\\/#primaryimage\",\"url\":\"https:\\\/\\\/www.iceireland.com\\\/wp-content\\\/uploads\\\/2025\\\/11\\\/Student-Support-ICE-1448x2048.png\",\"contentUrl\":\"https:\\\/\\\/www.iceireland.com\\\/wp-content\\\/uploads\\\/2025\\\/11\\\/Student-Support-ICE-1448x2048.png\"},{\"@type\":\"BreadcrumbList\",\"@id\":\"https:\\\/\\\/www.iceireland.com\\\/es\\\/health-and-wellbeing\\\/#breadcrumb\",\"itemListElement\":[{\"@type\":\"ListItem\",\"position\":1,\"name\":\"Home\",\"item\":\"https:\\\/\\\/www.iceireland.com\\\/es\\\/\"},{\"@type\":\"ListItem\",\"position\":2,\"name\":\"Salud y bienestar\"}]},{\"@type\":\"WebSite\",\"@id\":\"https:\\\/\\\/www.iceireland.com\\\/es\\\/#website\",\"url\":\"https:\\\/\\\/www.iceireland.com\\\/es\\\/\",\"name\":\"Irish College of English\",\"description\":\"English School in Dublin, Malahide\",\"publisher\":{\"@id\":\"https:\\\/\\\/www.iceireland.com\\\/es\\\/#organization\"},\"potentialAction\":[{\"@type\":\"SearchAction\",\"target\":{\"@type\":\"EntryPoint\",\"urlTemplate\":\"https:\\\/\\\/www.iceireland.com\\\/es\\\/?s={search_term_string}\"},\"query-input\":{\"@type\":\"PropertyValueSpecification\",\"valueRequired\":true,\"valueName\":\"search_term_string\"}}],\"inLanguage\":\"es\"},{\"@type\":\"Organization\",\"@id\":\"https:\\\/\\\/www.iceireland.com\\\/es\\\/#organization\",\"name\":\"Irish College of English\",\"url\":\"https:\\\/\\\/www.iceireland.com\\\/es\\\/\",\"logo\":{\"@type\":\"ImageObject\",\"inLanguage\":\"es\",\"@id\":\"https:\\\/\\\/www.iceireland.com\\\/es\\\/#\\\/schema\\\/logo\\\/image\\\/\",\"url\":\"https:\\\/\\\/www.iceireland.com\\\/wp-content\\\/uploads\\\/2022\\\/03\\\/logo.png\",\"contentUrl\":\"https:\\\/\\\/www.iceireland.com\\\/wp-content\\\/uploads\\\/2022\\\/03\\\/logo.png\",\"width\":593,\"height\":92,\"caption\":\"Irish College of English\"},\"image\":{\"@id\":\"https:\\\/\\\/www.iceireland.com\\\/es\\\/#\\\/schema\\\/logo\\\/image\\\/\"}}]}<\/script>\n<!-- \/ Yoast SEO plugin. -->","yoast_head_json":{"title":"Salud y bienestar - Irish College of English","robots":{"index":"index","follow":"follow","max-snippet":"max-snippet:-1","max-image-preview":"max-image-preview:large","max-video-preview":"max-video-preview:-1"},"canonical":"https:\/\/www.iceireland.com\/es\/health-and-wellbeing\/","og_locale":"es_ES","og_type":"article","og_title":"Salud y bienestar - Irish College of English","og_description":"Salud y bienestar Bienestar de los estudiantes Nuestra Pol\u00edtica de Bienestar Estudiantil garantiza que tenemos designado un Responsable de Bienestar Estudiantil para ayudar a los estudiantes en casos de emergencia y dificultades. Proporcionar servicios de derivaci\u00f3n para la atenci\u00f3n especializada en salud mental, si es necesario. Ofrecemos orientaci\u00f3n sobre el acceso a los servicios sanitarios [&hellip;]","og_url":"https:\/\/www.iceireland.com\/es\/health-and-wellbeing\/","og_site_name":"Irish College of English","article_modified_time":"2026-01-30T18:25:52+00:00","og_image":[{"width":1655,"height":2340,"url":"https:\/\/www.iceireland.com\/wp-content\/uploads\/2025\/11\/Student-Support-ICE.png","type":"image\/png"}],"twitter_misc":{"Tiempo de lectura":"5 minutos"},"schema":{"@context":"https:\/\/schema.org","@graph":[{"@type":"WebPage","@id":"https:\/\/www.iceireland.com\/es\/health-and-wellbeing\/","url":"https:\/\/www.iceireland.com\/es\/health-and-wellbeing\/","name":"Salud y bienestar - Irish College of English","isPartOf":{"@id":"https:\/\/www.iceireland.com\/es\/#website"},"primaryImageOfPage":{"@id":"https:\/\/www.iceireland.com\/es\/health-and-wellbeing\/#primaryimage"},"image":{"@id":"https:\/\/www.iceireland.com\/es\/health-and-wellbeing\/#primaryimage"},"thumbnailUrl":"https:\/\/www.iceireland.com\/wp-content\/uploads\/2025\/11\/Student-Support-ICE-1448x2048.png","datePublished":"2025-08-27T17:58:07+00:00","dateModified":"2026-01-30T18:25:52+00:00","breadcrumb":{"@id":"https:\/\/www.iceireland.com\/es\/health-and-wellbeing\/#breadcrumb"},"inLanguage":"es","potentialAction":[{"@type":"ReadAction","target":["https:\/\/www.iceireland.com\/es\/health-and-wellbeing\/"]}]},{"@type":"ImageObject","inLanguage":"es","@id":"https:\/\/www.iceireland.com\/es\/health-and-wellbeing\/#primaryimage","url":"https:\/\/www.iceireland.com\/wp-content\/uploads\/2025\/11\/Student-Support-ICE-1448x2048.png","contentUrl":"https:\/\/www.iceireland.com\/wp-content\/uploads\/2025\/11\/Student-Support-ICE-1448x2048.png"},{"@type":"BreadcrumbList","@id":"https:\/\/www.iceireland.com\/es\/health-and-wellbeing\/#breadcrumb","itemListElement":[{"@type":"ListItem","position":1,"name":"Home","item":"https:\/\/www.iceireland.com\/es\/"},{"@type":"ListItem","position":2,"name":"Salud y bienestar"}]},{"@type":"WebSite","@id":"https:\/\/www.iceireland.com\/es\/#website","url":"https:\/\/www.iceireland.com\/es\/","name":"Irish College of English","description":"English School in Dublin, Malahide","publisher":{"@id":"https:\/\/www.iceireland.com\/es\/#organization"},"potentialAction":[{"@type":"SearchAction","target":{"@type":"EntryPoint","urlTemplate":"https:\/\/www.iceireland.com\/es\/?s={search_term_string}"},"query-input":{"@type":"PropertyValueSpecification","valueRequired":true,"valueName":"search_term_string"}}],"inLanguage":"es"},{"@type":"Organization","@id":"https:\/\/www.iceireland.com\/es\/#organization","name":"Irish College of English","url":"https:\/\/www.iceireland.com\/es\/","logo":{"@type":"ImageObject","inLanguage":"es","@id":"https:\/\/www.iceireland.com\/es\/#\/schema\/logo\/image\/","url":"https:\/\/www.iceireland.com\/wp-content\/uploads\/2022\/03\/logo.png","contentUrl":"https:\/\/www.iceireland.com\/wp-content\/uploads\/2022\/03\/logo.png","width":593,"height":92,"caption":"Irish College of English"},"image":{"@id":"https:\/\/www.iceireland.com\/es\/#\/schema\/logo\/image\/"}}]}},"_links":{"self":[{"href":"https:\/\/www.iceireland.com\/es\/wp-json\/wp\/v2\/pages\/33086","targetHints":{"allow":["GET"]}}],"collection":[{"href":"https:\/\/www.iceireland.com\/es\/wp-json\/wp\/v2\/pages"}],"about":[{"href":"https:\/\/www.iceireland.com\/es\/wp-json\/wp\/v2\/types\/page"}],"author":[{"embeddable":true,"href":"https:\/\/www.iceireland.com\/es\/wp-json\/wp\/v2\/users\/3"}],"replies":[{"embeddable":true,"href":"https:\/\/www.iceireland.com\/es\/wp-json\/wp\/v2\/comments?post=33086"}],"version-history":[{"count":1,"href":"https:\/\/www.iceireland.com\/es\/wp-json\/wp\/v2\/pages\/33086\/revisions"}],"predecessor-version":[{"id":33088,"href":"https:\/\/www.iceireland.com\/es\/wp-json\/wp\/v2\/pages\/33086\/revisions\/33088"}],"wp:attachment":[{"href":"https:\/\/www.iceireland.com\/es\/wp-json\/wp\/v2\/media?parent=33086"}],"curies":[{"name":"wp","href":"https:\/\/api.w.org\/{rel}","templated":true}]}}