{"id":33111,"date":"2025-07-28T10:34:51","date_gmt":"2025-07-28T10:34:51","guid":{"rendered":"https:\/\/www.iceireland.com\/student-handbooks-pre-arrival-information\/"},"modified":"2026-01-30T18:25:59","modified_gmt":"2026-01-30T18:25:59","slug":"student-handbooks-pre-arrival-information","status":"publish","type":"page","link":"https:\/\/www.iceireland.com\/es\/student-handbooks-pre-arrival-information\/","title":{"rendered":"Manuales del estudiante e informaci\u00f3n previa a la llegada"},"content":{"rendered":"\t\t<div data-elementor-type=\"wp-page\" data-elementor-id=\"33111\" class=\"elementor elementor-33111 elementor-29704\" data-elementor-post-type=\"page\">\n\t\t\t\t\t\t<section class=\"elementor-section elementor-top-section elementor-element elementor-element-6040813 elementor-section-boxed elementor-section-height-default elementor-section-height-default\" data-id=\"6040813\" data-element_type=\"section\" data-e-type=\"section\">\n\t\t\t\t\t\t<div class=\"elementor-container elementor-column-gap-default\">\n\t\t\t\t\t<div class=\"elementor-column elementor-col-100 elementor-top-column elementor-element elementor-element-4256457\" data-id=\"4256457\" data-element_type=\"column\" data-e-type=\"column\">\n\t\t\t<div class=\"elementor-widget-wrap elementor-element-populated\">\n\t\t\t\t\t\t<div class=\"elementor-element elementor-element-82382b1 elementor-widget elementor-widget-text-editor\" data-id=\"82382b1\" data-element_type=\"widget\" data-e-type=\"widget\" data-widget_type=\"text-editor.default\">\n\t\t\t\t<div class=\"elementor-widget-container\">\n\t\t\t\t\t\t\t\t\t<h2>Manual del Estudiante y Llegada Previa<\/h2><p class=\"MsoNormal\"><span lang=\"EN-GB\">Informaci\u00f3n previa a la llegada:<\/span><\/p><ul style=\"margin-top: 0cm;\" type=\"disc\"><li class=\"MsoNormal\"><span lang=\"EN-GB\">Proporciona informaci\u00f3n detallada a los futuros estudiantes a trav\u00e9s de materiales p\u00fablicos de marketing, incluidos folletos, contenido de la p\u00e1gina web y plataformas de medios sociales.<\/span><\/li><\/ul><ul style=\"margin-top: 0cm;\" type=\"disc\"><li class=\"MsoNormal\"><span lang=\"EN-GB\">Antes de la llegada, se env\u00eda a los estudiantes material importante, incluidos detalles sobre el alojamiento, contactos de emergencia, procedimientos de llegada, horarios, traslados al aeropuerto y pruebas previas a la llegada.<\/span><\/li><\/ul><ul style=\"margin-top: 0cm;\" type=\"disc\"><li class=\"MsoNormal\"><span lang=\"EN-GB\">Todos los alumnos recibir\u00e1n tambi\u00e9n un Manual del Alumno antes de su llegada.  <\/span><\/li><\/ul>\t\t\t\t\t\t\t\t<\/div>\n\t\t\t\t<\/div>\n\t\t\t\t\t<\/div>\n\t\t<\/div>\n\t\t\t\t\t<\/div>\n\t\t<\/section>\n\t\t\t\t<section class=\"elementor-section elementor-top-section elementor-element elementor-element-1e4ce2d elementor-section-boxed elementor-section-height-default elementor-section-height-default\" data-id=\"1e4ce2d\" data-element_type=\"section\" data-e-type=\"section\">\n\t\t\t\t\t\t<div class=\"elementor-container elementor-column-gap-default\">\n\t\t\t\t\t<div class=\"elementor-column elementor-col-100 elementor-top-column elementor-element elementor-element-f85982c\" data-id=\"f85982c\" data-element_type=\"column\" data-e-type=\"column\">\n\t\t\t<div class=\"elementor-widget-wrap elementor-element-populated\">\n\t\t\t\t\t\t<div class=\"elementor-element elementor-element-189f343 elementor-widget elementor-widget-spacer\" data-id=\"189f343\" data-element_type=\"widget\" data-e-type=\"widget\" data-widget_type=\"spacer.default\">\n\t\t\t\t<div class=\"elementor-widget-container\">\n\t\t\t\t\t\t\t<div class=\"elementor-spacer\">\n\t\t\t<div class=\"elementor-spacer-inner\"><\/div>\n\t\t<\/div>\n\t\t\t\t\t\t<\/div>\n\t\t\t\t<\/div>\n\t\t\t\t\t<\/div>\n\t\t<\/div>\n\t\t\t\t\t<\/div>\n\t\t<\/section>\n\t\t\t\t<\/div>\n\t\t","protected":false},"excerpt":{"rendered":"<p>Manual del Estudiante y Llegada Previa Informaci\u00f3n previa a la llegada: Proporciona informaci\u00f3n detallada a los futuros estudiantes a trav\u00e9s de materiales p\u00fablicos de marketing, incluidos folletos, contenido de la p\u00e1gina web y plataformas de medios sociales. Antes de la llegada, se env\u00eda a los estudiantes material importante, incluidos detalles sobre el alojamiento, contactos de [&hellip;]<\/p>\n","protected":false},"author":3,"featured_media":0,"parent":0,"menu_order":0,"comment_status":"closed","ping_status":"closed","template":"","meta":{"content-type":"","footnotes":""},"class_list":["post-33111","page","type-page","status-publish","hentry"],"yoast_head":"<!-- This site is optimized with the Yoast SEO plugin v27.3 - https:\/\/yoast.com\/product\/yoast-seo-wordpress\/ -->\n<title>Manuales del estudiante e informaci\u00f3n previa a la llegada - Irish College of English<\/title>\n<meta name=\"robots\" content=\"index, follow, max-snippet:-1, max-image-preview:large, max-video-preview:-1\" \/>\n<link rel=\"canonical\" href=\"https:\/\/www.iceireland.com\/es\/student-handbooks-pre-arrival-information\/\" \/>\n<meta property=\"og:locale\" content=\"es_ES\" \/>\n<meta property=\"og:type\" content=\"article\" \/>\n<meta property=\"og:title\" content=\"Manuales del estudiante e informaci\u00f3n previa a la llegada - Irish College of English\" \/>\n<meta property=\"og:description\" content=\"Manual del Estudiante y Llegada Previa Informaci\u00f3n previa a la llegada: Proporciona informaci\u00f3n detallada a los futuros estudiantes a trav\u00e9s de materiales p\u00fablicos de marketing, incluidos folletos, contenido de la p\u00e1gina web y plataformas de medios sociales. Antes de la llegada, se env\u00eda a los estudiantes material importante, incluidos detalles sobre el alojamiento, contactos de [&hellip;]\" \/>\n<meta property=\"og:url\" content=\"https:\/\/www.iceireland.com\/es\/student-handbooks-pre-arrival-information\/\" \/>\n<meta property=\"og:site_name\" content=\"Irish College of English\" \/>\n<meta property=\"article:modified_time\" content=\"2026-01-30T18:25:59+00:00\" \/>\n<script type=\"application\/ld+json\" class=\"yoast-schema-graph\">{\"@context\":\"https:\\\/\\\/schema.org\",\"@graph\":[{\"@type\":\"WebPage\",\"@id\":\"https:\\\/\\\/www.iceireland.com\\\/es\\\/student-handbooks-pre-arrival-information\\\/\",\"url\":\"https:\\\/\\\/www.iceireland.com\\\/es\\\/student-handbooks-pre-arrival-information\\\/\",\"name\":\"Manuales del estudiante e informaci\u00f3n previa a la llegada - Irish College of English\",\"isPartOf\":{\"@id\":\"https:\\\/\\\/www.iceireland.com\\\/es\\\/#website\"},\"datePublished\":\"2025-07-28T10:34:51+00:00\",\"dateModified\":\"2026-01-30T18:25:59+00:00\",\"breadcrumb\":{\"@id\":\"https:\\\/\\\/www.iceireland.com\\\/es\\\/student-handbooks-pre-arrival-information\\\/#breadcrumb\"},\"inLanguage\":\"es\",\"potentialAction\":[{\"@type\":\"ReadAction\",\"target\":[\"https:\\\/\\\/www.iceireland.com\\\/es\\\/student-handbooks-pre-arrival-information\\\/\"]}]},{\"@type\":\"BreadcrumbList\",\"@id\":\"https:\\\/\\\/www.iceireland.com\\\/es\\\/student-handbooks-pre-arrival-information\\\/#breadcrumb\",\"itemListElement\":[{\"@type\":\"ListItem\",\"position\":1,\"name\":\"Home\",\"item\":\"https:\\\/\\\/www.iceireland.com\\\/es\\\/\"},{\"@type\":\"ListItem\",\"position\":2,\"name\":\"Manuales del estudiante e informaci\u00f3n previa a la llegada\"}]},{\"@type\":\"WebSite\",\"@id\":\"https:\\\/\\\/www.iceireland.com\\\/es\\\/#website\",\"url\":\"https:\\\/\\\/www.iceireland.com\\\/es\\\/\",\"name\":\"Irish College of English\",\"description\":\"English School in Dublin, Malahide\",\"publisher\":{\"@id\":\"https:\\\/\\\/www.iceireland.com\\\/es\\\/#organization\"},\"potentialAction\":[{\"@type\":\"SearchAction\",\"target\":{\"@type\":\"EntryPoint\",\"urlTemplate\":\"https:\\\/\\\/www.iceireland.com\\\/es\\\/?s={search_term_string}\"},\"query-input\":{\"@type\":\"PropertyValueSpecification\",\"valueRequired\":true,\"valueName\":\"search_term_string\"}}],\"inLanguage\":\"es\"},{\"@type\":\"Organization\",\"@id\":\"https:\\\/\\\/www.iceireland.com\\\/es\\\/#organization\",\"name\":\"Irish College of English\",\"url\":\"https:\\\/\\\/www.iceireland.com\\\/es\\\/\",\"logo\":{\"@type\":\"ImageObject\",\"inLanguage\":\"es\",\"@id\":\"https:\\\/\\\/www.iceireland.com\\\/es\\\/#\\\/schema\\\/logo\\\/image\\\/\",\"url\":\"https:\\\/\\\/www.iceireland.com\\\/wp-content\\\/uploads\\\/2022\\\/03\\\/logo.png\",\"contentUrl\":\"https:\\\/\\\/www.iceireland.com\\\/wp-content\\\/uploads\\\/2022\\\/03\\\/logo.png\",\"width\":593,\"height\":92,\"caption\":\"Irish College of English\"},\"image\":{\"@id\":\"https:\\\/\\\/www.iceireland.com\\\/es\\\/#\\\/schema\\\/logo\\\/image\\\/\"}}]}<\/script>\n<!-- \/ Yoast SEO plugin. -->","yoast_head_json":{"title":"Manuales del estudiante e informaci\u00f3n previa a la llegada - Irish College of English","robots":{"index":"index","follow":"follow","max-snippet":"max-snippet:-1","max-image-preview":"max-image-preview:large","max-video-preview":"max-video-preview:-1"},"canonical":"https:\/\/www.iceireland.com\/es\/student-handbooks-pre-arrival-information\/","og_locale":"es_ES","og_type":"article","og_title":"Manuales del estudiante e informaci\u00f3n previa a la llegada - Irish College of English","og_description":"Manual del Estudiante y Llegada Previa Informaci\u00f3n previa a la llegada: Proporciona informaci\u00f3n detallada a los futuros estudiantes a trav\u00e9s de materiales p\u00fablicos de marketing, incluidos folletos, contenido de la p\u00e1gina web y plataformas de medios sociales. Antes de la llegada, se env\u00eda a los estudiantes material importante, incluidos detalles sobre el alojamiento, contactos de [&hellip;]","og_url":"https:\/\/www.iceireland.com\/es\/student-handbooks-pre-arrival-information\/","og_site_name":"Irish College of English","article_modified_time":"2026-01-30T18:25:59+00:00","schema":{"@context":"https:\/\/schema.org","@graph":[{"@type":"WebPage","@id":"https:\/\/www.iceireland.com\/es\/student-handbooks-pre-arrival-information\/","url":"https:\/\/www.iceireland.com\/es\/student-handbooks-pre-arrival-information\/","name":"Manuales del estudiante e informaci\u00f3n previa a la llegada - Irish College of English","isPartOf":{"@id":"https:\/\/www.iceireland.com\/es\/#website"},"datePublished":"2025-07-28T10:34:51+00:00","dateModified":"2026-01-30T18:25:59+00:00","breadcrumb":{"@id":"https:\/\/www.iceireland.com\/es\/student-handbooks-pre-arrival-information\/#breadcrumb"},"inLanguage":"es","potentialAction":[{"@type":"ReadAction","target":["https:\/\/www.iceireland.com\/es\/student-handbooks-pre-arrival-information\/"]}]},{"@type":"BreadcrumbList","@id":"https:\/\/www.iceireland.com\/es\/student-handbooks-pre-arrival-information\/#breadcrumb","itemListElement":[{"@type":"ListItem","position":1,"name":"Home","item":"https:\/\/www.iceireland.com\/es\/"},{"@type":"ListItem","position":2,"name":"Manuales del estudiante e informaci\u00f3n previa a la llegada"}]},{"@type":"WebSite","@id":"https:\/\/www.iceireland.com\/es\/#website","url":"https:\/\/www.iceireland.com\/es\/","name":"Irish College of English","description":"English School in Dublin, Malahide","publisher":{"@id":"https:\/\/www.iceireland.com\/es\/#organization"},"potentialAction":[{"@type":"SearchAction","target":{"@type":"EntryPoint","urlTemplate":"https:\/\/www.iceireland.com\/es\/?s={search_term_string}"},"query-input":{"@type":"PropertyValueSpecification","valueRequired":true,"valueName":"search_term_string"}}],"inLanguage":"es"},{"@type":"Organization","@id":"https:\/\/www.iceireland.com\/es\/#organization","name":"Irish College of English","url":"https:\/\/www.iceireland.com\/es\/","logo":{"@type":"ImageObject","inLanguage":"es","@id":"https:\/\/www.iceireland.com\/es\/#\/schema\/logo\/image\/","url":"https:\/\/www.iceireland.com\/wp-content\/uploads\/2022\/03\/logo.png","contentUrl":"https:\/\/www.iceireland.com\/wp-content\/uploads\/2022\/03\/logo.png","width":593,"height":92,"caption":"Irish College of English"},"image":{"@id":"https:\/\/www.iceireland.com\/es\/#\/schema\/logo\/image\/"}}]}},"_links":{"self":[{"href":"https:\/\/www.iceireland.com\/es\/wp-json\/wp\/v2\/pages\/33111","targetHints":{"allow":["GET"]}}],"collection":[{"href":"https:\/\/www.iceireland.com\/es\/wp-json\/wp\/v2\/pages"}],"about":[{"href":"https:\/\/www.iceireland.com\/es\/wp-json\/wp\/v2\/types\/page"}],"author":[{"embeddable":true,"href":"https:\/\/www.iceireland.com\/es\/wp-json\/wp\/v2\/users\/3"}],"replies":[{"embeddable":true,"href":"https:\/\/www.iceireland.com\/es\/wp-json\/wp\/v2\/comments?post=33111"}],"version-history":[{"count":1,"href":"https:\/\/www.iceireland.com\/es\/wp-json\/wp\/v2\/pages\/33111\/revisions"}],"predecessor-version":[{"id":33113,"href":"https:\/\/www.iceireland.com\/es\/wp-json\/wp\/v2\/pages\/33111\/revisions\/33113"}],"wp:attachment":[{"href":"https:\/\/www.iceireland.com\/es\/wp-json\/wp\/v2\/media?parent=33111"}],"curies":[{"name":"wp","href":"https:\/\/api.w.org\/{rel}","templated":true}]}}